{"id":6151,"date":"2025-01-23T12:26:09","date_gmt":"2025-01-23T17:26:09","guid":{"rendered":"https:\/\/911equipment.ca\/product\/sous-verres-retraite\/"},"modified":"2025-01-23T12:26:09","modified_gmt":"2025-01-23T17:26:09","slug":"sous-verres-retraite","status":"publish","type":"product","link":"https:\/\/911equipment.ca\/fr\/produit\/sous-verres-retraite\/","title":{"rendered":"Sous-verres retrait\u00e9"},"content":{"rendered":"<ul>\n<li>Ce sous-verre mesure 10 cm de large et 3 mm d\u2019\u00e9paisseur et peut contenir des boissons froides ou chaudes.<\/li>\n<li>Le sous-verre a une finition textur\u00e9e sur sa face.<\/li>\n<li>Le bas est noir avec un dessus blanc et une \u00e9criture noire.<\/li>\n<li>Fabriqu\u00e9 localement au Canada.<\/li>\n<li>Disponible en paquets de 4, 6 ou 8.<\/li>\n<\/ul>\n<p><strong>Remarque<\/strong> : Si vous souhaitez m\u00e9langer et assortir vos sous-verres, commandez l\u2019un des sous-verres sur le site Web et, dans la commande Remarque, indiquez les 4 sous-verres que vous voulez. Nous les m\u00e9langerons et les assortirons pour vous.<\/p>\n","protected":false},"excerpt":{"rendered":"<p><strong>Prot\u00e9gez votre surface, rehaussez votre style!<\/strong><\/p>\n<p>D\u00e9couvrez nos sous-verres \u00e9l\u00e9gants, parfaits pour ajouter une touche d\u2019\u00e9l\u00e9gance \u00e0 votre d\u00e9coration int\u00e9rieure ou en cadeau aux autres. Gardez vos surfaces immacul\u00e9es tout en d\u00e9gustant vos boissons pr\u00e9f\u00e9r\u00e9es. Explorez notre collection et trouvez les sous-verres parfaits pour votre espace d\u00e8s aujourd\u2019hui! Vive la belle vie.<\/p>\n","protected":false},"featured_media":5878,"comment_status":"closed","ping_status":"closed","template":"","meta":[],"pwb-brand":[],"product_brand":[],"product_cat":[428],"product_tag":[438],"class_list":{"0":"post-6151","1":"product","2":"type-product","3":"status-publish","4":"has-post-thumbnail","6":"product_cat-sous-verres","7":"product_tag-sous-verres","9":"first","10":"instock","11":"taxable","12":"shipping-taxable","13":"purchasable","14":"product-type-variable"},"yoast_head":"<!-- This site is optimized with the Yoast SEO plugin v27.3 - https:\/\/yoast.com\/product\/yoast-seo-wordpress\/ -->\n<title>Sous-verres retrait\u00e9 - NatPat Ltd - Canadian Police Supplies<\/title>\n<meta name=\"description\" content=\"Sous-verres \u00e9l\u00e9gants, parfaits pour ajouter une touche d&#039;\u00e9l\u00e9gance \u00e0 votre d\u00e9coration int\u00e9rieure ou comme cadeau aux autres. Gardez vos surfaces immacul\u00e9es tout en d\u00e9gustant vos boissons pr\u00e9f\u00e9r\u00e9es.\" \/>\n<meta name=\"robots\" content=\"index, follow, max-snippet:-1, max-image-preview:large, max-video-preview:-1\" \/>\n<link rel=\"canonical\" href=\"https:\/\/911equipment.ca\/fr\/produit\/sous-verres-retraite\/\" \/>\n<meta property=\"og:locale\" content=\"fr_CA\" \/>\n<meta property=\"og:type\" content=\"article\" \/>\n<meta property=\"og:title\" content=\"Sous-verres retrait\u00e9 - NatPat Ltd - Canadian Police Supplies\" \/>\n<meta property=\"og:description\" content=\"Sous-verres \u00e9l\u00e9gants, parfaits pour ajouter une touche d&#039;\u00e9l\u00e9gance \u00e0 votre d\u00e9coration int\u00e9rieure ou comme cadeau aux autres. Gardez vos surfaces immacul\u00e9es tout en d\u00e9gustant vos boissons pr\u00e9f\u00e9r\u00e9es.\" \/>\n<meta property=\"og:url\" content=\"https:\/\/911equipment.ca\/fr\/produit\/sous-verres-retraite\/\" \/>\n<meta property=\"og:site_name\" content=\"NatPat Ltd - Canadian Police Supplies\" \/>\n<meta property=\"og:image\" content=\"https:\/\/911equipment.ca\/wp-content\/uploads\/2025\/01\/Retired-2.webp\" \/>\n\t<meta property=\"og:image:width\" content=\"1000\" \/>\n\t<meta property=\"og:image:height\" content=\"750\" \/>\n\t<meta property=\"og:image:type\" content=\"image\/webp\" \/>\n<meta name=\"twitter:card\" content=\"summary_large_image\" \/>\n<script type=\"application\/ld+json\" class=\"yoast-schema-graph\">{\"@context\":\"https:\\\/\\\/schema.org\",\"@graph\":[{\"@type\":\"WebPage\",\"@id\":\"https:\\\/\\\/911equipment.ca\\\/fr\\\/produit\\\/sous-verres-retraite\\\/\",\"url\":\"https:\\\/\\\/911equipment.ca\\\/fr\\\/produit\\\/sous-verres-retraite\\\/\",\"name\":\"Sous-verres retrait\u00e9 - NatPat Ltd - Canadian Police Supplies\",\"isPartOf\":{\"@id\":\"https:\\\/\\\/911equipment.ca\\\/fr\\\/#website\"},\"primaryImageOfPage\":{\"@id\":\"https:\\\/\\\/911equipment.ca\\\/fr\\\/produit\\\/sous-verres-retraite\\\/#primaryimage\"},\"image\":{\"@id\":\"https:\\\/\\\/911equipment.ca\\\/fr\\\/produit\\\/sous-verres-retraite\\\/#primaryimage\"},\"thumbnailUrl\":\"https:\\\/\\\/i0.wp.com\\\/911equipment.ca\\\/wp-content\\\/uploads\\\/2025\\\/01\\\/Retired-2.webp?fit=1000%2C750&ssl=1\",\"datePublished\":\"2025-01-23T17:26:09+00:00\",\"description\":\"Sous-verres \u00e9l\u00e9gants, parfaits pour ajouter une touche d'\u00e9l\u00e9gance \u00e0 votre d\u00e9coration int\u00e9rieure ou comme cadeau aux autres. Gardez vos surfaces immacul\u00e9es tout en d\u00e9gustant vos boissons pr\u00e9f\u00e9r\u00e9es.\",\"breadcrumb\":{\"@id\":\"https:\\\/\\\/911equipment.ca\\\/fr\\\/produit\\\/sous-verres-retraite\\\/#breadcrumb\"},\"inLanguage\":\"fr-CA\",\"potentialAction\":[{\"@type\":\"ReadAction\",\"target\":[\"https:\\\/\\\/911equipment.ca\\\/fr\\\/produit\\\/sous-verres-retraite\\\/\"]}]},{\"@type\":\"ImageObject\",\"inLanguage\":\"fr-CA\",\"@id\":\"https:\\\/\\\/911equipment.ca\\\/fr\\\/produit\\\/sous-verres-retraite\\\/#primaryimage\",\"url\":\"https:\\\/\\\/i0.wp.com\\\/911equipment.ca\\\/wp-content\\\/uploads\\\/2025\\\/01\\\/Retired-2.webp?fit=1000%2C750&ssl=1\",\"contentUrl\":\"https:\\\/\\\/i0.wp.com\\\/911equipment.ca\\\/wp-content\\\/uploads\\\/2025\\\/01\\\/Retired-2.webp?fit=1000%2C750&ssl=1\",\"width\":1000,\"height\":750,\"caption\":\"Sous-verres retrait\u00e9\"},{\"@type\":\"BreadcrumbList\",\"@id\":\"https:\\\/\\\/911equipment.ca\\\/fr\\\/produit\\\/sous-verres-retraite\\\/#breadcrumb\",\"itemListElement\":[{\"@type\":\"ListItem\",\"position\":1,\"name\":\"Home\",\"item\":\"https:\\\/\\\/911equipment.ca\\\/fr\\\/\"},{\"@type\":\"ListItem\",\"position\":2,\"name\":\"Magasiner\",\"item\":\"https:\\\/\\\/911equipment.ca\\\/fr\\\/magasiner\\\/\"},{\"@type\":\"ListItem\",\"position\":3,\"name\":\"Sous-verres retrait\u00e9\"}]},{\"@type\":\"WebSite\",\"@id\":\"https:\\\/\\\/911equipment.ca\\\/fr\\\/#website\",\"url\":\"https:\\\/\\\/911equipment.ca\\\/fr\\\/\",\"name\":\"Canadian Police Supplies\",\"description\":\"Online retail of police, law enforcement and security supplies, gears and equipment.\",\"publisher\":{\"@id\":\"https:\\\/\\\/911equipment.ca\\\/fr\\\/#organization\"},\"potentialAction\":[{\"@type\":\"SearchAction\",\"target\":{\"@type\":\"EntryPoint\",\"urlTemplate\":\"https:\\\/\\\/911equipment.ca\\\/fr\\\/?s={search_term_string}\"},\"query-input\":{\"@type\":\"PropertyValueSpecification\",\"valueRequired\":true,\"valueName\":\"search_term_string\"}}],\"inLanguage\":\"fr-CA\"},{\"@type\":\"Organization\",\"@id\":\"https:\\\/\\\/911equipment.ca\\\/fr\\\/#organization\",\"name\":\"NatPat Lt\u00e9e\",\"url\":\"https:\\\/\\\/911equipment.ca\\\/fr\\\/\",\"logo\":{\"@type\":\"ImageObject\",\"inLanguage\":\"fr-CA\",\"@id\":\"https:\\\/\\\/911equipment.ca\\\/fr\\\/#\\\/schema\\\/logo\\\/image\\\/\",\"url\":\"https:\\\/\\\/i2.wp.com\\\/911equipment.ca\\\/wp-content\\\/uploads\\\/2020\\\/05\\\/NatPat-Logo-Oct-2010.jpg?fit=560%2C560&ssl=1\",\"contentUrl\":\"https:\\\/\\\/i2.wp.com\\\/911equipment.ca\\\/wp-content\\\/uploads\\\/2020\\\/05\\\/NatPat-Logo-Oct-2010.jpg?fit=560%2C560&ssl=1\",\"width\":560,\"height\":560,\"caption\":\"NatPat Lt\u00e9e\"},\"image\":{\"@id\":\"https:\\\/\\\/911equipment.ca\\\/fr\\\/#\\\/schema\\\/logo\\\/image\\\/\"}}]}<\/script>\n<!-- \/ Yoast SEO plugin. -->","yoast_head_json":{"title":"Sous-verres retrait\u00e9 - NatPat Ltd - Canadian Police Supplies","description":"Sous-verres \u00e9l\u00e9gants, parfaits pour ajouter une touche d'\u00e9l\u00e9gance \u00e0 votre d\u00e9coration int\u00e9rieure ou comme cadeau aux autres. Gardez vos surfaces immacul\u00e9es tout en d\u00e9gustant vos boissons pr\u00e9f\u00e9r\u00e9es.","robots":{"index":"index","follow":"follow","max-snippet":"max-snippet:-1","max-image-preview":"max-image-preview:large","max-video-preview":"max-video-preview:-1"},"canonical":"https:\/\/911equipment.ca\/fr\/produit\/sous-verres-retraite\/","og_locale":"fr_CA","og_type":"article","og_title":"Sous-verres retrait\u00e9 - NatPat Ltd - Canadian Police Supplies","og_description":"Sous-verres \u00e9l\u00e9gants, parfaits pour ajouter une touche d'\u00e9l\u00e9gance \u00e0 votre d\u00e9coration int\u00e9rieure ou comme cadeau aux autres. Gardez vos surfaces immacul\u00e9es tout en d\u00e9gustant vos boissons pr\u00e9f\u00e9r\u00e9es.","og_url":"https:\/\/911equipment.ca\/fr\/produit\/sous-verres-retraite\/","og_site_name":"NatPat Ltd - Canadian Police Supplies","og_image":[{"width":1000,"height":750,"url":"https:\/\/911equipment.ca\/wp-content\/uploads\/2025\/01\/Retired-2.webp","type":"image\/webp"}],"twitter_card":"summary_large_image","schema":{"@context":"https:\/\/schema.org","@graph":[{"@type":"WebPage","@id":"https:\/\/911equipment.ca\/fr\/produit\/sous-verres-retraite\/","url":"https:\/\/911equipment.ca\/fr\/produit\/sous-verres-retraite\/","name":"Sous-verres retrait\u00e9 - NatPat Ltd - Canadian Police Supplies","isPartOf":{"@id":"https:\/\/911equipment.ca\/fr\/#website"},"primaryImageOfPage":{"@id":"https:\/\/911equipment.ca\/fr\/produit\/sous-verres-retraite\/#primaryimage"},"image":{"@id":"https:\/\/911equipment.ca\/fr\/produit\/sous-verres-retraite\/#primaryimage"},"thumbnailUrl":"https:\/\/i0.wp.com\/911equipment.ca\/wp-content\/uploads\/2025\/01\/Retired-2.webp?fit=1000%2C750&ssl=1","datePublished":"2025-01-23T17:26:09+00:00","description":"Sous-verres \u00e9l\u00e9gants, parfaits pour ajouter une touche d'\u00e9l\u00e9gance \u00e0 votre d\u00e9coration int\u00e9rieure ou comme cadeau aux autres. Gardez vos surfaces immacul\u00e9es tout en d\u00e9gustant vos boissons pr\u00e9f\u00e9r\u00e9es.","breadcrumb":{"@id":"https:\/\/911equipment.ca\/fr\/produit\/sous-verres-retraite\/#breadcrumb"},"inLanguage":"fr-CA","potentialAction":[{"@type":"ReadAction","target":["https:\/\/911equipment.ca\/fr\/produit\/sous-verres-retraite\/"]}]},{"@type":"ImageObject","inLanguage":"fr-CA","@id":"https:\/\/911equipment.ca\/fr\/produit\/sous-verres-retraite\/#primaryimage","url":"https:\/\/i0.wp.com\/911equipment.ca\/wp-content\/uploads\/2025\/01\/Retired-2.webp?fit=1000%2C750&ssl=1","contentUrl":"https:\/\/i0.wp.com\/911equipment.ca\/wp-content\/uploads\/2025\/01\/Retired-2.webp?fit=1000%2C750&ssl=1","width":1000,"height":750,"caption":"Sous-verres retrait\u00e9"},{"@type":"BreadcrumbList","@id":"https:\/\/911equipment.ca\/fr\/produit\/sous-verres-retraite\/#breadcrumb","itemListElement":[{"@type":"ListItem","position":1,"name":"Home","item":"https:\/\/911equipment.ca\/fr\/"},{"@type":"ListItem","position":2,"name":"Magasiner","item":"https:\/\/911equipment.ca\/fr\/magasiner\/"},{"@type":"ListItem","position":3,"name":"Sous-verres retrait\u00e9"}]},{"@type":"WebSite","@id":"https:\/\/911equipment.ca\/fr\/#website","url":"https:\/\/911equipment.ca\/fr\/","name":"Canadian Police Supplies","description":"Online retail of police, law enforcement and security supplies, gears and equipment.","publisher":{"@id":"https:\/\/911equipment.ca\/fr\/#organization"},"potentialAction":[{"@type":"SearchAction","target":{"@type":"EntryPoint","urlTemplate":"https:\/\/911equipment.ca\/fr\/?s={search_term_string}"},"query-input":{"@type":"PropertyValueSpecification","valueRequired":true,"valueName":"search_term_string"}}],"inLanguage":"fr-CA"},{"@type":"Organization","@id":"https:\/\/911equipment.ca\/fr\/#organization","name":"NatPat Lt\u00e9e","url":"https:\/\/911equipment.ca\/fr\/","logo":{"@type":"ImageObject","inLanguage":"fr-CA","@id":"https:\/\/911equipment.ca\/fr\/#\/schema\/logo\/image\/","url":"https:\/\/i2.wp.com\/911equipment.ca\/wp-content\/uploads\/2020\/05\/NatPat-Logo-Oct-2010.jpg?fit=560%2C560&ssl=1","contentUrl":"https:\/\/i2.wp.com\/911equipment.ca\/wp-content\/uploads\/2020\/05\/NatPat-Logo-Oct-2010.jpg?fit=560%2C560&ssl=1","width":560,"height":560,"caption":"NatPat Lt\u00e9e"},"image":{"@id":"https:\/\/911equipment.ca\/fr\/#\/schema\/logo\/image\/"}}]}},"jetpack_sharing_enabled":true,"brands":[],"_links":{"self":[{"href":"https:\/\/911equipment.ca\/fr\/wp-json\/wp\/v2\/product\/6151","targetHints":{"allow":["GET"]}}],"collection":[{"href":"https:\/\/911equipment.ca\/fr\/wp-json\/wp\/v2\/product"}],"about":[{"href":"https:\/\/911equipment.ca\/fr\/wp-json\/wp\/v2\/types\/product"}],"replies":[{"embeddable":true,"href":"https:\/\/911equipment.ca\/fr\/wp-json\/wp\/v2\/comments?post=6151"}],"wp:featuredmedia":[{"embeddable":true,"href":"https:\/\/911equipment.ca\/fr\/wp-json\/wp\/v2\/media\/5878"}],"wp:attachment":[{"href":"https:\/\/911equipment.ca\/fr\/wp-json\/wp\/v2\/media?parent=6151"}],"wp:term":[{"taxonomy":"pwb-brand","embeddable":true,"href":"https:\/\/911equipment.ca\/fr\/wp-json\/wp\/v2\/pwb-brand?post=6151"},{"taxonomy":"product_brand","embeddable":true,"href":"https:\/\/911equipment.ca\/fr\/wp-json\/wp\/v2\/product_brand?post=6151"},{"taxonomy":"product_cat","embeddable":true,"href":"https:\/\/911equipment.ca\/fr\/wp-json\/wp\/v2\/product_cat?post=6151"},{"taxonomy":"product_tag","embeddable":true,"href":"https:\/\/911equipment.ca\/fr\/wp-json\/wp\/v2\/product_tag?post=6151"}],"curies":[{"name":"wp","href":"https:\/\/api.w.org\/{rel}","templated":true}]}}