{"id":6084,"date":"2025-02-17T18:48:02","date_gmt":"2025-02-17T23:48:02","guid":{"rendered":"https:\/\/911equipment.ca\/product\/sous-verres-encastres-ford\/"},"modified":"2025-02-17T18:48:02","modified_gmt":"2025-02-17T23:48:02","slug":"sous-verres-encastres-ford","status":"publish","type":"product","link":"https:\/\/911equipment.ca\/fr\/produit\/sous-verres-encastres-ford\/","title":{"rendered":"Sous-verres encastr\u00e9s Ford"},"content":{"rendered":"<ul>\n<li>Ce sous-verre mesure 10 cm de large et 4 mm d&rsquo;\u00e9paisseur et peut contenir des boissons froides ou chaudes.<\/li>\n<li>Le texte \/ logo sur le sous-verre est encastr\u00e9 \u00e0 2 mm sous la surface, offrant un \u00e9l\u00e9ment de design \u00e9l\u00e9gant et tactile.<\/li>\n<li>Le sous-verre a une finition textur\u00e9e sur sa face.<\/li>\n<li>Le bas est bleu avec un dessus blanc. Le texte et le logo sont du bleu sur la partie inf\u00e9rieure du sous-verre.<\/li>\n<li>Fabriqu\u00e9 localement au Canada.<\/li>\n<li>Disponible en paquets de 4, 6 ou 8.<\/li>\n<\/ul>\n<p><strong>Remarque<\/strong> : Si vous souhaitez m\u00e9langer et assortir vos sous-verres, commandez l&rsquo;un des sous-verres sur le site Web et, dans la commande Remarque, indiquez les 4 sous-verres que vous voulez. Nous les m\u00e9langerons et les assortirons pour vous.<\/p>\n","protected":false},"excerpt":{"rendered":"<p><strong>Prot\u00e9gez votre surface, rehaussez votre style!<\/strong><\/p>\n<p>D\u00e9couvrez nos sous-verres \u00e9l\u00e9gants, parfaits pour ajouter une touche d&rsquo;\u00e9l\u00e9gance \u00e0 votre d\u00e9coration int\u00e9rieure ou en cadeau aux autres. Gardez vos surfaces immacul\u00e9es tout en d\u00e9gustant vos boissons pr\u00e9f\u00e9r\u00e9es. Explorez notre collection et trouvez les sous-verres parfaits pour votre espace d\u00e8s aujourd&rsquo;hui! Vive la belle vie.<\/p>\n","protected":false},"featured_media":6072,"comment_status":"closed","ping_status":"closed","template":"","meta":[],"pwb-brand":[],"product_brand":[],"product_cat":[428],"product_tag":[439,438],"class_list":{"0":"post-6084","1":"product","2":"type-product","3":"status-publish","4":"has-post-thumbnail","6":"product_cat-sous-verres","7":"product_tag-ford-fr","8":"product_tag-sous-verres","10":"first","11":"instock","12":"taxable","13":"shipping-taxable","14":"purchasable","15":"product-type-variable"},"yoast_head":"<!-- This site is optimized with the Yoast SEO plugin v27.4 - https:\/\/yoast.com\/product\/yoast-seo-wordpress\/ -->\n<title>Sous-verres encastr\u00e9s Ford - NatPat Ltd - Canadian Police Supplies<\/title>\n<meta name=\"description\" content=\"Sous-verres \u00e9l\u00e9gants, parfaits pour ajouter une touche d&#039;\u00e9l\u00e9gance \u00e0 votre d\u00e9coration int\u00e9rieure ou comme cadeau aux autres. Gardez vos surfaces immacul\u00e9es tout en d\u00e9gustant vos boissons pr\u00e9f\u00e9r\u00e9es.\" \/>\n<meta name=\"robots\" content=\"index, follow, max-snippet:-1, max-image-preview:large, max-video-preview:-1\" \/>\n<link rel=\"canonical\" href=\"https:\/\/911equipment.ca\/fr\/produit\/sous-verres-encastres-ford\/\" \/>\n<meta property=\"og:locale\" content=\"fr_CA\" \/>\n<meta property=\"og:type\" content=\"article\" \/>\n<meta property=\"og:title\" content=\"Sous-verres encastr\u00e9s Ford - NatPat Ltd - Canadian Police Supplies\" \/>\n<meta property=\"og:description\" content=\"Sous-verres \u00e9l\u00e9gants, parfaits pour ajouter une touche d&#039;\u00e9l\u00e9gance \u00e0 votre d\u00e9coration int\u00e9rieure ou comme cadeau aux autres. Gardez vos surfaces immacul\u00e9es tout en d\u00e9gustant vos boissons pr\u00e9f\u00e9r\u00e9es.\" \/>\n<meta property=\"og:url\" content=\"https:\/\/911equipment.ca\/fr\/produit\/sous-verres-encastres-ford\/\" \/>\n<meta property=\"og:site_name\" content=\"NatPat Ltd - Canadian Police Supplies\" \/>\n<meta property=\"og:image\" content=\"https:\/\/911equipment.ca\/wp-content\/uploads\/2025\/02\/Ford_Coaster.jpg\" \/>\n\t<meta property=\"og:image:width\" content=\"786\" \/>\n\t<meta property=\"og:image:height\" content=\"800\" \/>\n\t<meta property=\"og:image:type\" content=\"image\/jpeg\" \/>\n<meta name=\"twitter:card\" content=\"summary_large_image\" \/>\n<meta name=\"twitter:label1\" content=\"Estimation du temps de lecture\" \/>\n\t<meta name=\"twitter:data1\" content=\"1 minute\" \/>\n<script type=\"application\/ld+json\" class=\"yoast-schema-graph\">{\"@context\":\"https:\\\/\\\/schema.org\",\"@graph\":[{\"@type\":\"WebPage\",\"@id\":\"https:\\\/\\\/911equipment.ca\\\/fr\\\/produit\\\/sous-verres-encastres-ford\\\/\",\"url\":\"https:\\\/\\\/911equipment.ca\\\/fr\\\/produit\\\/sous-verres-encastres-ford\\\/\",\"name\":\"Sous-verres encastr\u00e9s Ford - NatPat Ltd - Canadian Police Supplies\",\"isPartOf\":{\"@id\":\"https:\\\/\\\/911equipment.ca\\\/fr\\\/#website\"},\"primaryImageOfPage\":{\"@id\":\"https:\\\/\\\/911equipment.ca\\\/fr\\\/produit\\\/sous-verres-encastres-ford\\\/#primaryimage\"},\"image\":{\"@id\":\"https:\\\/\\\/911equipment.ca\\\/fr\\\/produit\\\/sous-verres-encastres-ford\\\/#primaryimage\"},\"thumbnailUrl\":\"https:\\\/\\\/i0.wp.com\\\/911equipment.ca\\\/wp-content\\\/uploads\\\/2025\\\/02\\\/Ford_Coaster.jpg?fit=786%2C800&ssl=1\",\"datePublished\":\"2025-02-17T23:48:02+00:00\",\"description\":\"Sous-verres \u00e9l\u00e9gants, parfaits pour ajouter une touche d'\u00e9l\u00e9gance \u00e0 votre d\u00e9coration int\u00e9rieure ou comme cadeau aux autres. Gardez vos surfaces immacul\u00e9es tout en d\u00e9gustant vos boissons pr\u00e9f\u00e9r\u00e9es.\",\"breadcrumb\":{\"@id\":\"https:\\\/\\\/911equipment.ca\\\/fr\\\/produit\\\/sous-verres-encastres-ford\\\/#breadcrumb\"},\"inLanguage\":\"fr-CA\",\"potentialAction\":[{\"@type\":\"ReadAction\",\"target\":[\"https:\\\/\\\/911equipment.ca\\\/fr\\\/produit\\\/sous-verres-encastres-ford\\\/\"]}]},{\"@type\":\"ImageObject\",\"inLanguage\":\"fr-CA\",\"@id\":\"https:\\\/\\\/911equipment.ca\\\/fr\\\/produit\\\/sous-verres-encastres-ford\\\/#primaryimage\",\"url\":\"https:\\\/\\\/i0.wp.com\\\/911equipment.ca\\\/wp-content\\\/uploads\\\/2025\\\/02\\\/Ford_Coaster.jpg?fit=786%2C800&ssl=1\",\"contentUrl\":\"https:\\\/\\\/i0.wp.com\\\/911equipment.ca\\\/wp-content\\\/uploads\\\/2025\\\/02\\\/Ford_Coaster.jpg?fit=786%2C800&ssl=1\",\"width\":786,\"height\":800,\"caption\":\"Sous-verres Ford\"},{\"@type\":\"BreadcrumbList\",\"@id\":\"https:\\\/\\\/911equipment.ca\\\/fr\\\/produit\\\/sous-verres-encastres-ford\\\/#breadcrumb\",\"itemListElement\":[{\"@type\":\"ListItem\",\"position\":1,\"name\":\"Home\",\"item\":\"https:\\\/\\\/911equipment.ca\\\/fr\\\/\"},{\"@type\":\"ListItem\",\"position\":2,\"name\":\"Magasiner\",\"item\":\"https:\\\/\\\/911equipment.ca\\\/fr\\\/magasiner\\\/\"},{\"@type\":\"ListItem\",\"position\":3,\"name\":\"Sous-verres encastr\u00e9s Ford\"}]},{\"@type\":\"WebSite\",\"@id\":\"https:\\\/\\\/911equipment.ca\\\/fr\\\/#website\",\"url\":\"https:\\\/\\\/911equipment.ca\\\/fr\\\/\",\"name\":\"Canadian Police Supplies\",\"description\":\"Online retail of police, law enforcement and security supplies, gears and equipment.\",\"publisher\":{\"@id\":\"https:\\\/\\\/911equipment.ca\\\/fr\\\/#organization\"},\"potentialAction\":[{\"@type\":\"SearchAction\",\"target\":{\"@type\":\"EntryPoint\",\"urlTemplate\":\"https:\\\/\\\/911equipment.ca\\\/fr\\\/?s={search_term_string}\"},\"query-input\":{\"@type\":\"PropertyValueSpecification\",\"valueRequired\":true,\"valueName\":\"search_term_string\"}}],\"inLanguage\":\"fr-CA\"},{\"@type\":\"Organization\",\"@id\":\"https:\\\/\\\/911equipment.ca\\\/fr\\\/#organization\",\"name\":\"NatPat Lt\u00e9e\",\"url\":\"https:\\\/\\\/911equipment.ca\\\/fr\\\/\",\"logo\":{\"@type\":\"ImageObject\",\"inLanguage\":\"fr-CA\",\"@id\":\"https:\\\/\\\/911equipment.ca\\\/fr\\\/#\\\/schema\\\/logo\\\/image\\\/\",\"url\":\"https:\\\/\\\/i2.wp.com\\\/911equipment.ca\\\/wp-content\\\/uploads\\\/2020\\\/05\\\/NatPat-Logo-Oct-2010.jpg?fit=560%2C560&ssl=1\",\"contentUrl\":\"https:\\\/\\\/i2.wp.com\\\/911equipment.ca\\\/wp-content\\\/uploads\\\/2020\\\/05\\\/NatPat-Logo-Oct-2010.jpg?fit=560%2C560&ssl=1\",\"width\":560,\"height\":560,\"caption\":\"NatPat Lt\u00e9e\"},\"image\":{\"@id\":\"https:\\\/\\\/911equipment.ca\\\/fr\\\/#\\\/schema\\\/logo\\\/image\\\/\"}}]}<\/script>\n<!-- \/ Yoast SEO plugin. -->","yoast_head_json":{"title":"Sous-verres encastr\u00e9s Ford - NatPat Ltd - Canadian Police Supplies","description":"Sous-verres \u00e9l\u00e9gants, parfaits pour ajouter une touche d'\u00e9l\u00e9gance \u00e0 votre d\u00e9coration int\u00e9rieure ou comme cadeau aux autres. Gardez vos surfaces immacul\u00e9es tout en d\u00e9gustant vos boissons pr\u00e9f\u00e9r\u00e9es.","robots":{"index":"index","follow":"follow","max-snippet":"max-snippet:-1","max-image-preview":"max-image-preview:large","max-video-preview":"max-video-preview:-1"},"canonical":"https:\/\/911equipment.ca\/fr\/produit\/sous-verres-encastres-ford\/","og_locale":"fr_CA","og_type":"article","og_title":"Sous-verres encastr\u00e9s Ford - NatPat Ltd - Canadian Police Supplies","og_description":"Sous-verres \u00e9l\u00e9gants, parfaits pour ajouter une touche d'\u00e9l\u00e9gance \u00e0 votre d\u00e9coration int\u00e9rieure ou comme cadeau aux autres. Gardez vos surfaces immacul\u00e9es tout en d\u00e9gustant vos boissons pr\u00e9f\u00e9r\u00e9es.","og_url":"https:\/\/911equipment.ca\/fr\/produit\/sous-verres-encastres-ford\/","og_site_name":"NatPat Ltd - Canadian Police Supplies","og_image":[{"width":786,"height":800,"url":"https:\/\/911equipment.ca\/wp-content\/uploads\/2025\/02\/Ford_Coaster.jpg","type":"image\/jpeg"}],"twitter_card":"summary_large_image","twitter_misc":{"Estimation du temps de lecture":"1 minute"},"schema":{"@context":"https:\/\/schema.org","@graph":[{"@type":"WebPage","@id":"https:\/\/911equipment.ca\/fr\/produit\/sous-verres-encastres-ford\/","url":"https:\/\/911equipment.ca\/fr\/produit\/sous-verres-encastres-ford\/","name":"Sous-verres encastr\u00e9s Ford - NatPat Ltd - Canadian Police Supplies","isPartOf":{"@id":"https:\/\/911equipment.ca\/fr\/#website"},"primaryImageOfPage":{"@id":"https:\/\/911equipment.ca\/fr\/produit\/sous-verres-encastres-ford\/#primaryimage"},"image":{"@id":"https:\/\/911equipment.ca\/fr\/produit\/sous-verres-encastres-ford\/#primaryimage"},"thumbnailUrl":"https:\/\/i0.wp.com\/911equipment.ca\/wp-content\/uploads\/2025\/02\/Ford_Coaster.jpg?fit=786%2C800&ssl=1","datePublished":"2025-02-17T23:48:02+00:00","description":"Sous-verres \u00e9l\u00e9gants, parfaits pour ajouter une touche d'\u00e9l\u00e9gance \u00e0 votre d\u00e9coration int\u00e9rieure ou comme cadeau aux autres. Gardez vos surfaces immacul\u00e9es tout en d\u00e9gustant vos boissons pr\u00e9f\u00e9r\u00e9es.","breadcrumb":{"@id":"https:\/\/911equipment.ca\/fr\/produit\/sous-verres-encastres-ford\/#breadcrumb"},"inLanguage":"fr-CA","potentialAction":[{"@type":"ReadAction","target":["https:\/\/911equipment.ca\/fr\/produit\/sous-verres-encastres-ford\/"]}]},{"@type":"ImageObject","inLanguage":"fr-CA","@id":"https:\/\/911equipment.ca\/fr\/produit\/sous-verres-encastres-ford\/#primaryimage","url":"https:\/\/i0.wp.com\/911equipment.ca\/wp-content\/uploads\/2025\/02\/Ford_Coaster.jpg?fit=786%2C800&ssl=1","contentUrl":"https:\/\/i0.wp.com\/911equipment.ca\/wp-content\/uploads\/2025\/02\/Ford_Coaster.jpg?fit=786%2C800&ssl=1","width":786,"height":800,"caption":"Sous-verres Ford"},{"@type":"BreadcrumbList","@id":"https:\/\/911equipment.ca\/fr\/produit\/sous-verres-encastres-ford\/#breadcrumb","itemListElement":[{"@type":"ListItem","position":1,"name":"Home","item":"https:\/\/911equipment.ca\/fr\/"},{"@type":"ListItem","position":2,"name":"Magasiner","item":"https:\/\/911equipment.ca\/fr\/magasiner\/"},{"@type":"ListItem","position":3,"name":"Sous-verres encastr\u00e9s Ford"}]},{"@type":"WebSite","@id":"https:\/\/911equipment.ca\/fr\/#website","url":"https:\/\/911equipment.ca\/fr\/","name":"Canadian Police Supplies","description":"Online retail of police, law enforcement and security supplies, gears and equipment.","publisher":{"@id":"https:\/\/911equipment.ca\/fr\/#organization"},"potentialAction":[{"@type":"SearchAction","target":{"@type":"EntryPoint","urlTemplate":"https:\/\/911equipment.ca\/fr\/?s={search_term_string}"},"query-input":{"@type":"PropertyValueSpecification","valueRequired":true,"valueName":"search_term_string"}}],"inLanguage":"fr-CA"},{"@type":"Organization","@id":"https:\/\/911equipment.ca\/fr\/#organization","name":"NatPat Lt\u00e9e","url":"https:\/\/911equipment.ca\/fr\/","logo":{"@type":"ImageObject","inLanguage":"fr-CA","@id":"https:\/\/911equipment.ca\/fr\/#\/schema\/logo\/image\/","url":"https:\/\/i2.wp.com\/911equipment.ca\/wp-content\/uploads\/2020\/05\/NatPat-Logo-Oct-2010.jpg?fit=560%2C560&ssl=1","contentUrl":"https:\/\/i2.wp.com\/911equipment.ca\/wp-content\/uploads\/2020\/05\/NatPat-Logo-Oct-2010.jpg?fit=560%2C560&ssl=1","width":560,"height":560,"caption":"NatPat Lt\u00e9e"},"image":{"@id":"https:\/\/911equipment.ca\/fr\/#\/schema\/logo\/image\/"}}]}},"jetpack_sharing_enabled":true,"brands":[],"_links":{"self":[{"href":"https:\/\/911equipment.ca\/fr\/wp-json\/wp\/v2\/product\/6084","targetHints":{"allow":["GET"]}}],"collection":[{"href":"https:\/\/911equipment.ca\/fr\/wp-json\/wp\/v2\/product"}],"about":[{"href":"https:\/\/911equipment.ca\/fr\/wp-json\/wp\/v2\/types\/product"}],"replies":[{"embeddable":true,"href":"https:\/\/911equipment.ca\/fr\/wp-json\/wp\/v2\/comments?post=6084"}],"wp:featuredmedia":[{"embeddable":true,"href":"https:\/\/911equipment.ca\/fr\/wp-json\/wp\/v2\/media\/6072"}],"wp:attachment":[{"href":"https:\/\/911equipment.ca\/fr\/wp-json\/wp\/v2\/media?parent=6084"}],"wp:term":[{"taxonomy":"pwb-brand","embeddable":true,"href":"https:\/\/911equipment.ca\/fr\/wp-json\/wp\/v2\/pwb-brand?post=6084"},{"taxonomy":"product_brand","embeddable":true,"href":"https:\/\/911equipment.ca\/fr\/wp-json\/wp\/v2\/product_brand?post=6084"},{"taxonomy":"product_cat","embeddable":true,"href":"https:\/\/911equipment.ca\/fr\/wp-json\/wp\/v2\/product_cat?post=6084"},{"taxonomy":"product_tag","embeddable":true,"href":"https:\/\/911equipment.ca\/fr\/wp-json\/wp\/v2\/product_tag?post=6084"}],"curies":[{"name":"wp","href":"https:\/\/api.w.org\/{rel}","templated":true}]}}