{"id":6002,"date":"2025-01-30T17:22:53","date_gmt":"2025-01-30T22:22:53","guid":{"rendered":"https:\/\/911equipment.ca\/product\/support-de-pistolet-modulaire\/"},"modified":"2025-02-28T16:56:24","modified_gmt":"2025-02-28T21:56:24","slug":"support-de-pistolet-modulaire","status":"publish","type":"product","link":"https:\/\/911equipment.ca\/fr\/produit\/support-de-pistolet-modulaire\/","title":{"rendered":"Support de pistolet modulaire"},"content":{"rendered":"<ul>\n<li style=\"list-style-type: none;\">\n<ul>\n<li>Le Mod Rack utilise un module r\u00e9glable qui va d&rsquo;environ 18 mm \u00e0 37 mm de large. Cela lui permet d&rsquo;accueillir des sous-compacts minces jusqu&rsquo;\u00e0 la largeur d&rsquo;une lampe d&rsquo;arme X300.<\/li>\n<li>Utilisant une conception en forme de queue d&rsquo;aronde, la tour se d\u00e9place \u00e0 l&rsquo;int\u00e9rieur de la base, compl\u00e8tement captur\u00e9e, mais enti\u00e8rement r\u00e9glable par incr\u00e9ments d&rsquo;environ 9 mm. Il ne peut pas tomber et ne bougera pas tout seul.<\/li>\n<li>Plaques nominatives personnalisables pour l&rsquo;avant du rack qui vous permettent d&rsquo;identifier chaque pistolet.<\/li>\n<li>Il y a maintenant quelques millim\u00e8tres d&rsquo;espace suppl\u00e9mentaire entre le centre de chaque support, ce qui vous permet de passer un peu plus facilement la main entre les poign\u00e9es des armes de poing. C&rsquo;est vraiment bien si vous avez des mains plus grandes ou des pistolets plus grand et plus larges.<\/li>\n<li>Dispose de trous de montage pour vis \u00e0 bois n\u00b06 au cas o\u00f9 vous souhaiteriez le monter solidement sur une surface solide.<\/li>\n<li>Fi\u00e8rement fabriqu\u00e9 localement au Canada.<\/li>\n<\/ul>\n<\/li>\n<\/ul>\n<p>Sur la page de commande, indiquez la marque et le mod\u00e8le de votre pistolet et la plaque avant inclura ces informations. Attention, peu de caract\u00e8res peuvent \u00eatre mis sur la plaque, comme par exemple \u00ab\u00a0Sig P226\u00a0\u00bb. Si vous achetez plusieurs racks en m\u00eame temps, des \u00e9pingles seront fournies afin que vous puissiez fixer les racks ensemble. Le rack est de couleur bleu cobalt m\u00e9tallis\u00e9 et la plaque avant sera blanche avec des lettres\/chiffres m\u00e9talliques bleu cobalt. Le m\u00e9canisme permettant de r\u00e9gler la largeur pour saisir le canon du pistolet est actuellement rouge mais peut \u00eatre remplac\u00e9 par le m\u00eame bleu cobalt m\u00e9tallis\u00e9 si vous le souhaitez. Faites-nous savoir dans la note si vous souhaitez effectuer ce changement.<\/p>\n<p>NatPat Lt\u00e9 \u00ab\u00a0911equipment.ca\u00a0\u00bb est un membre actif du Patreon \u00ab\u00a0JB Custom Designs\u00a0\u00bb.<\/p>\n","protected":false},"excerpt":{"rendered":"<p>Mod Rack: la solution de rangement modulaire ultime pour pistolets. Parfait pour ranger une gamme de pistolets, qu&rsquo;ils soient r\u00e9els, airsoft ou des accessoires. Gardez vos armes \u00e0 feu bien organis\u00e9es dans votre coffre-fort, votre espace de rangement ou sur une \u00e9tag\u00e8re avec ce syst\u00e8me de rangement polyvalent.<\/p>\n","protected":false},"featured_media":6010,"comment_status":"closed","ping_status":"closed","template":"","meta":[],"pwb-brand":[],"product_brand":[],"product_cat":[430],"product_tag":[431],"class_list":{"0":"post-6002","1":"product","2":"type-product","3":"status-publish","4":"has-post-thumbnail","6":"product_cat-support-de-pistolet-modulaire","7":"product_tag-here-is-your-translation-rangement-pour-pistolets","9":"first","10":"instock","11":"taxable","12":"shipping-taxable","13":"purchasable","14":"product-type-variable"},"yoast_head":"<!-- This site is optimized with the Yoast SEO plugin v27.5 - https:\/\/yoast.com\/product\/yoast-seo-wordpress\/ -->\n<title>Support de pistolet modulaire - NatPat Ltd - Canadian Police Supplies<\/title>\n<meta name=\"description\" content=\"Mod Rack est la solution modulaire ultime pour pistolets. Parfait pour contenir une gamme de pistolets soigneusement organis\u00e9s dans votre coffre-fort.\" \/>\n<meta name=\"robots\" content=\"index, follow, max-snippet:-1, max-image-preview:large, max-video-preview:-1\" \/>\n<link rel=\"canonical\" href=\"https:\/\/911equipment.ca\/fr\/produit\/support-de-pistolet-modulaire\/\" \/>\n<meta property=\"og:locale\" content=\"fr_CA\" \/>\n<meta property=\"og:type\" content=\"article\" \/>\n<meta property=\"og:title\" content=\"Support de pistolet modulaire - NatPat Ltd - Canadian Police Supplies\" \/>\n<meta property=\"og:description\" content=\"Mod Rack est la solution modulaire ultime pour pistolets. Parfait pour contenir une gamme de pistolets soigneusement organis\u00e9s dans votre coffre-fort.\" \/>\n<meta property=\"og:url\" content=\"https:\/\/911equipment.ca\/fr\/produit\/support-de-pistolet-modulaire\/\" \/>\n<meta property=\"og:site_name\" content=\"NatPat Ltd - Canadian Police Supplies\" \/>\n<meta property=\"article:modified_time\" content=\"2025-02-28T21:56:24+00:00\" \/>\n<meta property=\"og:image\" content=\"https:\/\/911equipment.ca\/wp-content\/uploads\/2025\/01\/Modular-1-800-2.jpg\" \/>\n\t<meta property=\"og:image:width\" content=\"692\" \/>\n\t<meta property=\"og:image:height\" content=\"800\" \/>\n\t<meta property=\"og:image:type\" content=\"image\/jpeg\" \/>\n<meta name=\"twitter:card\" content=\"summary_large_image\" \/>\n<meta name=\"twitter:label1\" content=\"Estimation du temps de lecture\" \/>\n\t<meta name=\"twitter:data1\" content=\"2 minutes\" \/>\n<script type=\"application\/ld+json\" class=\"yoast-schema-graph\">{\"@context\":\"https:\\\/\\\/schema.org\",\"@graph\":[{\"@type\":\"WebPage\",\"@id\":\"https:\\\/\\\/911equipment.ca\\\/fr\\\/produit\\\/support-de-pistolet-modulaire\\\/\",\"url\":\"https:\\\/\\\/911equipment.ca\\\/fr\\\/produit\\\/support-de-pistolet-modulaire\\\/\",\"name\":\"Support de pistolet modulaire - NatPat Ltd - Canadian Police Supplies\",\"isPartOf\":{\"@id\":\"https:\\\/\\\/911equipment.ca\\\/fr\\\/#website\"},\"primaryImageOfPage\":{\"@id\":\"https:\\\/\\\/911equipment.ca\\\/fr\\\/produit\\\/support-de-pistolet-modulaire\\\/#primaryimage\"},\"image\":{\"@id\":\"https:\\\/\\\/911equipment.ca\\\/fr\\\/produit\\\/support-de-pistolet-modulaire\\\/#primaryimage\"},\"thumbnailUrl\":\"https:\\\/\\\/i0.wp.com\\\/911equipment.ca\\\/wp-content\\\/uploads\\\/2025\\\/01\\\/Modular-1-800-2.jpg?fit=692%2C800&ssl=1\",\"datePublished\":\"2025-01-30T22:22:53+00:00\",\"dateModified\":\"2025-02-28T21:56:24+00:00\",\"description\":\"Mod Rack est la solution modulaire ultime pour pistolets. Parfait pour contenir une gamme de pistolets soigneusement organis\u00e9s dans votre coffre-fort.\",\"breadcrumb\":{\"@id\":\"https:\\\/\\\/911equipment.ca\\\/fr\\\/produit\\\/support-de-pistolet-modulaire\\\/#breadcrumb\"},\"inLanguage\":\"fr-CA\",\"potentialAction\":[{\"@type\":\"ReadAction\",\"target\":[\"https:\\\/\\\/911equipment.ca\\\/fr\\\/produit\\\/support-de-pistolet-modulaire\\\/\"]}]},{\"@type\":\"ImageObject\",\"inLanguage\":\"fr-CA\",\"@id\":\"https:\\\/\\\/911equipment.ca\\\/fr\\\/produit\\\/support-de-pistolet-modulaire\\\/#primaryimage\",\"url\":\"https:\\\/\\\/i0.wp.com\\\/911equipment.ca\\\/wp-content\\\/uploads\\\/2025\\\/01\\\/Modular-1-800-2.jpg?fit=692%2C800&ssl=1\",\"contentUrl\":\"https:\\\/\\\/i0.wp.com\\\/911equipment.ca\\\/wp-content\\\/uploads\\\/2025\\\/01\\\/Modular-1-800-2.jpg?fit=692%2C800&ssl=1\",\"width\":692,\"height\":800,\"caption\":\"Support de pistolet modulaire\"},{\"@type\":\"BreadcrumbList\",\"@id\":\"https:\\\/\\\/911equipment.ca\\\/fr\\\/produit\\\/support-de-pistolet-modulaire\\\/#breadcrumb\",\"itemListElement\":[{\"@type\":\"ListItem\",\"position\":1,\"name\":\"Home\",\"item\":\"https:\\\/\\\/911equipment.ca\\\/fr\\\/\"},{\"@type\":\"ListItem\",\"position\":2,\"name\":\"Magasiner\",\"item\":\"https:\\\/\\\/911equipment.ca\\\/fr\\\/magasiner\\\/\"},{\"@type\":\"ListItem\",\"position\":3,\"name\":\"Support de pistolet modulaire\"}]},{\"@type\":\"WebSite\",\"@id\":\"https:\\\/\\\/911equipment.ca\\\/fr\\\/#website\",\"url\":\"https:\\\/\\\/911equipment.ca\\\/fr\\\/\",\"name\":\"Canadian Police Supplies\",\"description\":\"Online retail of police, law enforcement and security supplies, gears and equipment.\",\"publisher\":{\"@id\":\"https:\\\/\\\/911equipment.ca\\\/fr\\\/#organization\"},\"potentialAction\":[{\"@type\":\"SearchAction\",\"target\":{\"@type\":\"EntryPoint\",\"urlTemplate\":\"https:\\\/\\\/911equipment.ca\\\/fr\\\/?s={search_term_string}\"},\"query-input\":{\"@type\":\"PropertyValueSpecification\",\"valueRequired\":true,\"valueName\":\"search_term_string\"}}],\"inLanguage\":\"fr-CA\"},{\"@type\":\"Organization\",\"@id\":\"https:\\\/\\\/911equipment.ca\\\/fr\\\/#organization\",\"name\":\"NatPat Lt\u00e9e\",\"url\":\"https:\\\/\\\/911equipment.ca\\\/fr\\\/\",\"logo\":{\"@type\":\"ImageObject\",\"inLanguage\":\"fr-CA\",\"@id\":\"https:\\\/\\\/911equipment.ca\\\/fr\\\/#\\\/schema\\\/logo\\\/image\\\/\",\"url\":\"https:\\\/\\\/i2.wp.com\\\/911equipment.ca\\\/wp-content\\\/uploads\\\/2020\\\/05\\\/NatPat-Logo-Oct-2010.jpg?fit=560%2C560&ssl=1\",\"contentUrl\":\"https:\\\/\\\/i2.wp.com\\\/911equipment.ca\\\/wp-content\\\/uploads\\\/2020\\\/05\\\/NatPat-Logo-Oct-2010.jpg?fit=560%2C560&ssl=1\",\"width\":560,\"height\":560,\"caption\":\"NatPat Lt\u00e9e\"},\"image\":{\"@id\":\"https:\\\/\\\/911equipment.ca\\\/fr\\\/#\\\/schema\\\/logo\\\/image\\\/\"}}]}<\/script>\n<!-- \/ Yoast SEO plugin. -->","yoast_head_json":{"title":"Support de pistolet modulaire - NatPat Ltd - Canadian Police Supplies","description":"Mod Rack est la solution modulaire ultime pour pistolets. Parfait pour contenir une gamme de pistolets soigneusement organis\u00e9s dans votre coffre-fort.","robots":{"index":"index","follow":"follow","max-snippet":"max-snippet:-1","max-image-preview":"max-image-preview:large","max-video-preview":"max-video-preview:-1"},"canonical":"https:\/\/911equipment.ca\/fr\/produit\/support-de-pistolet-modulaire\/","og_locale":"fr_CA","og_type":"article","og_title":"Support de pistolet modulaire - NatPat Ltd - Canadian Police Supplies","og_description":"Mod Rack est la solution modulaire ultime pour pistolets. Parfait pour contenir une gamme de pistolets soigneusement organis\u00e9s dans votre coffre-fort.","og_url":"https:\/\/911equipment.ca\/fr\/produit\/support-de-pistolet-modulaire\/","og_site_name":"NatPat Ltd - Canadian Police Supplies","article_modified_time":"2025-02-28T21:56:24+00:00","og_image":[{"width":692,"height":800,"url":"https:\/\/911equipment.ca\/wp-content\/uploads\/2025\/01\/Modular-1-800-2.jpg","type":"image\/jpeg"}],"twitter_card":"summary_large_image","twitter_misc":{"Estimation du temps de lecture":"2 minutes"},"schema":{"@context":"https:\/\/schema.org","@graph":[{"@type":"WebPage","@id":"https:\/\/911equipment.ca\/fr\/produit\/support-de-pistolet-modulaire\/","url":"https:\/\/911equipment.ca\/fr\/produit\/support-de-pistolet-modulaire\/","name":"Support de pistolet modulaire - NatPat Ltd - Canadian Police Supplies","isPartOf":{"@id":"https:\/\/911equipment.ca\/fr\/#website"},"primaryImageOfPage":{"@id":"https:\/\/911equipment.ca\/fr\/produit\/support-de-pistolet-modulaire\/#primaryimage"},"image":{"@id":"https:\/\/911equipment.ca\/fr\/produit\/support-de-pistolet-modulaire\/#primaryimage"},"thumbnailUrl":"https:\/\/i0.wp.com\/911equipment.ca\/wp-content\/uploads\/2025\/01\/Modular-1-800-2.jpg?fit=692%2C800&ssl=1","datePublished":"2025-01-30T22:22:53+00:00","dateModified":"2025-02-28T21:56:24+00:00","description":"Mod Rack est la solution modulaire ultime pour pistolets. Parfait pour contenir une gamme de pistolets soigneusement organis\u00e9s dans votre coffre-fort.","breadcrumb":{"@id":"https:\/\/911equipment.ca\/fr\/produit\/support-de-pistolet-modulaire\/#breadcrumb"},"inLanguage":"fr-CA","potentialAction":[{"@type":"ReadAction","target":["https:\/\/911equipment.ca\/fr\/produit\/support-de-pistolet-modulaire\/"]}]},{"@type":"ImageObject","inLanguage":"fr-CA","@id":"https:\/\/911equipment.ca\/fr\/produit\/support-de-pistolet-modulaire\/#primaryimage","url":"https:\/\/i0.wp.com\/911equipment.ca\/wp-content\/uploads\/2025\/01\/Modular-1-800-2.jpg?fit=692%2C800&ssl=1","contentUrl":"https:\/\/i0.wp.com\/911equipment.ca\/wp-content\/uploads\/2025\/01\/Modular-1-800-2.jpg?fit=692%2C800&ssl=1","width":692,"height":800,"caption":"Support de pistolet modulaire"},{"@type":"BreadcrumbList","@id":"https:\/\/911equipment.ca\/fr\/produit\/support-de-pistolet-modulaire\/#breadcrumb","itemListElement":[{"@type":"ListItem","position":1,"name":"Home","item":"https:\/\/911equipment.ca\/fr\/"},{"@type":"ListItem","position":2,"name":"Magasiner","item":"https:\/\/911equipment.ca\/fr\/magasiner\/"},{"@type":"ListItem","position":3,"name":"Support de pistolet modulaire"}]},{"@type":"WebSite","@id":"https:\/\/911equipment.ca\/fr\/#website","url":"https:\/\/911equipment.ca\/fr\/","name":"Canadian Police Supplies","description":"Online retail of police, law enforcement and security supplies, gears and equipment.","publisher":{"@id":"https:\/\/911equipment.ca\/fr\/#organization"},"potentialAction":[{"@type":"SearchAction","target":{"@type":"EntryPoint","urlTemplate":"https:\/\/911equipment.ca\/fr\/?s={search_term_string}"},"query-input":{"@type":"PropertyValueSpecification","valueRequired":true,"valueName":"search_term_string"}}],"inLanguage":"fr-CA"},{"@type":"Organization","@id":"https:\/\/911equipment.ca\/fr\/#organization","name":"NatPat Lt\u00e9e","url":"https:\/\/911equipment.ca\/fr\/","logo":{"@type":"ImageObject","inLanguage":"fr-CA","@id":"https:\/\/911equipment.ca\/fr\/#\/schema\/logo\/image\/","url":"https:\/\/i2.wp.com\/911equipment.ca\/wp-content\/uploads\/2020\/05\/NatPat-Logo-Oct-2010.jpg?fit=560%2C560&ssl=1","contentUrl":"https:\/\/i2.wp.com\/911equipment.ca\/wp-content\/uploads\/2020\/05\/NatPat-Logo-Oct-2010.jpg?fit=560%2C560&ssl=1","width":560,"height":560,"caption":"NatPat Lt\u00e9e"},"image":{"@id":"https:\/\/911equipment.ca\/fr\/#\/schema\/logo\/image\/"}}]}},"jetpack_sharing_enabled":true,"brands":[],"_links":{"self":[{"href":"https:\/\/911equipment.ca\/fr\/wp-json\/wp\/v2\/product\/6002","targetHints":{"allow":["GET"]}}],"collection":[{"href":"https:\/\/911equipment.ca\/fr\/wp-json\/wp\/v2\/product"}],"about":[{"href":"https:\/\/911equipment.ca\/fr\/wp-json\/wp\/v2\/types\/product"}],"replies":[{"embeddable":true,"href":"https:\/\/911equipment.ca\/fr\/wp-json\/wp\/v2\/comments?post=6002"}],"wp:featuredmedia":[{"embeddable":true,"href":"https:\/\/911equipment.ca\/fr\/wp-json\/wp\/v2\/media\/6010"}],"wp:attachment":[{"href":"https:\/\/911equipment.ca\/fr\/wp-json\/wp\/v2\/media?parent=6002"}],"wp:term":[{"taxonomy":"pwb-brand","embeddable":true,"href":"https:\/\/911equipment.ca\/fr\/wp-json\/wp\/v2\/pwb-brand?post=6002"},{"taxonomy":"product_brand","embeddable":true,"href":"https:\/\/911equipment.ca\/fr\/wp-json\/wp\/v2\/product_brand?post=6002"},{"taxonomy":"product_cat","embeddable":true,"href":"https:\/\/911equipment.ca\/fr\/wp-json\/wp\/v2\/product_cat?post=6002"},{"taxonomy":"product_tag","embeddable":true,"href":"https:\/\/911equipment.ca\/fr\/wp-json\/wp\/v2\/product_tag?post=6002"}],"curies":[{"name":"wp","href":"https:\/\/api.w.org\/{rel}","templated":true}]}}