{"id":5623,"date":"2024-01-27T09:37:03","date_gmt":"2024-01-27T14:37:03","guid":{"rendered":"https:\/\/911equipment.ca\/?post_type=product&#038;p=5623"},"modified":"2024-05-28T20:04:18","modified_gmt":"2024-05-29T00:04:18","slug":"quiqlite-x2-tactique-rouge-blanc-copy-copy","status":"publish","type":"product","link":"https:\/\/911equipment.ca\/fr\/produit\/quiqlite-x2-tactique-rouge-blanc-copy-copy\/","title":{"rendered":"QuiqLite LiteStick Code 3"},"content":{"rendered":"<p>Le QuiqLite LiteStick Code 3 offre 3 LED programmables ind\u00e9pendantes avec m\u00e9moire vous permettant de choisir vos lumens d\u00e9sir\u00e9s et de vous en souvenir pour votre prochaine utilisation : LED en rouge \u00e0 45 degr\u00e9s, la deuxi\u00e8me en blanc \u00e0 90 degr\u00e9s, et la troisi\u00e8me en bleu \u00e0 140 degr\u00e9s, vous avez un contr\u00f4le complet sur vos options d&rsquo;\u00e9clairage. De plus, le Code 3 est \u00e9quip\u00e9 d&rsquo;un stroboscope de s\u00e9curit\u00e9, assurant une visibilit\u00e9 allant jusqu&rsquo;\u00e0 1,6 km (1 mile) pour les situations o\u00f9 vous avez besoin d&rsquo;\u00eatre vu. Avec une batterie interchangeable qui b\u00e9n\u00e9ficie d&rsquo;une dur\u00e9e de vie impressionnante de 15 heures sur une seule charge et d&rsquo;une construction robuste en aluminium d&rsquo;avion, le Code 3 est con\u00e7u pour vous servir toute votre vie. Am\u00e9liorez vos performances avec le QuiqLite LiteStick Code 3 &#8211; le compagnon ultime pour les professionnels de l&rsquo;application de la loi.<\/p>\n<p><strong>Caract\u00e9ristiques<\/strong><\/p>\n<ul>\n<li>Boitier en aluminium<\/li>\n<li>LED programmables<\/li>\n<li>LED rouge #1 \/ 45 \u00b0, LED blanche #2 \/ 90 \u00b0, LED bleu #3 \/ 145 \u00b0<\/li>\n<li>20 jusqu\u2019\u00e0 200 lumens de lumi\u00e8re<\/li>\n<li>USB Rechargeable<\/li>\n<li>Activation LED ind\u00e9pendante \u00e0 des angles de 45\u00b0, 90\u00b0 et 145\u00b0<\/li>\n<li>Batterie lithium-ion interchangeable amovible<\/li>\n<li>Stroboscope de s\u00e9curit\u00e9<\/li>\n<li>Bo\u00eetier r\u00e9sistant aux intemp\u00e9ries IPX4<\/li>\n<li>Garantie \u00e0 vie limit\u00e9e<\/li>\n<li>Certifi\u00e9 CE<\/li>\n<\/ul>\n<p><strong>Caract\u00e9ristiques techniques<\/strong><\/p>\n<ul>\n<li>Longueur 130mm \/ 5.11 pouces<\/li>\n<li>Diam\u00e8tre : 10mm \/ 0.41 pouce<\/li>\n<li>Batterie : Lithium USB rechargeable 360mAh<\/li>\n<li>Logement : Aluminium<\/li>\n<li>Lumens par LED : 20 jusqu\u2019\u00e0 200<\/li>\n<\/ul>\n<p><strong>Inclus dans la bo\u00eete<\/strong><\/p>\n<ul>\n<li>QuiqLite LiteStick Code 3<\/li>\n<li>Cordon de chargement USB<\/li>\n<li>Manuel de l\u2019utilisateur<\/li>\n<\/ul>\n","protected":false},"excerpt":{"rendered":"<p>Le QuiqLite LiteStick Code 3 est une source de lumi\u00e8re LED mains libres r\u00e9volutionnaire con\u00e7ue pour s&rsquo;int\u00e9grer parfaitement dans votre poche de chemise. Sp\u00e9cialement con\u00e7u pour les agents d&rsquo;application de la loi, le Code 3 est un outil puissant qui fournit non seulement un \u00e9clairage \u00e0 la demande allant de 20 \u00e0 200 lumens, mais il dispose \u00e9galement de trois LED programmables ind\u00e9pendantes avec fonction de m\u00e9moire. Cela vous permet de s\u00e9lectionner sans effort vos lumens pr\u00e9f\u00e9r\u00e9s en appuyant simplement sur un bouton.<\/p>\n","protected":false},"featured_media":5636,"comment_status":"open","ping_status":"closed","template":"","meta":[],"pwb-brand":[339],"product_brand":[],"product_cat":[200],"product_tag":[233,230,279],"class_list":{"0":"post-5623","1":"product","2":"type-product","3":"status-publish","4":"has-post-thumbnail","6":"pwb-brand-quiqlite-fr","7":"product_cat-quiqlites-fr","8":"product_tag-lampe-de-poche-fr","9":"product_tag-lampe-tactique","10":"product_tag-quiqlite-fr","12":"first","13":"instock","14":"sale","15":"taxable","16":"shipping-taxable","17":"purchasable","18":"product-type-simple"},"yoast_head":"<!-- This site is optimized with the Yoast SEO plugin v27.3 - https:\/\/yoast.com\/product\/yoast-seo-wordpress\/ -->\n<title>QuiqLite LiteStick Code 3<\/title>\n<meta name=\"description\" content=\"Le QuiqLite LiteStick Code 3 est un outil puissant qui fournit un \u00e9clairage \u00e0 la demande et dispose de trois LED programmables ind\u00e9pendantes avec fonction de m\u00e9moire.\" \/>\n<meta name=\"robots\" content=\"index, follow, max-snippet:-1, max-image-preview:large, max-video-preview:-1\" \/>\n<link rel=\"canonical\" href=\"https:\/\/911equipment.ca\/fr\/produit\/quiqlite-x2-tactique-rouge-blanc-copy-copy\/\" \/>\n<meta property=\"og:locale\" content=\"fr_CA\" \/>\n<meta property=\"og:type\" content=\"article\" \/>\n<meta property=\"og:title\" content=\"QuiqLite LiteStick Code 3\" \/>\n<meta property=\"og:description\" content=\"Le QuiqLite LiteStick Code 3 est un outil puissant qui fournit un \u00e9clairage \u00e0 la demande et dispose de trois LED programmables ind\u00e9pendantes avec fonction de m\u00e9moire.\" \/>\n<meta property=\"og:url\" content=\"https:\/\/911equipment.ca\/fr\/produit\/quiqlite-x2-tactique-rouge-blanc-copy-copy\/\" \/>\n<meta property=\"og:site_name\" content=\"NatPat Ltd - Canadian Police Supplies\" \/>\n<meta property=\"article:modified_time\" content=\"2024-05-29T00:04:18+00:00\" \/>\n<meta name=\"twitter:card\" content=\"summary_large_image\" \/>\n<meta name=\"twitter:label1\" content=\"Estimation du temps de lecture\" \/>\n\t<meta name=\"twitter:data1\" content=\"1 minute\" \/>\n<script type=\"application\/ld+json\" class=\"yoast-schema-graph\">{\"@context\":\"https:\\\/\\\/schema.org\",\"@graph\":[{\"@type\":\"WebPage\",\"@id\":\"https:\\\/\\\/911equipment.ca\\\/fr\\\/produit\\\/quiqlite-x2-tactique-rouge-blanc-copy-copy\\\/\",\"url\":\"https:\\\/\\\/911equipment.ca\\\/fr\\\/produit\\\/quiqlite-x2-tactique-rouge-blanc-copy-copy\\\/\",\"name\":\"QuiqLite LiteStick Code 3\",\"isPartOf\":{\"@id\":\"https:\\\/\\\/911equipment.ca\\\/fr\\\/#website\"},\"primaryImageOfPage\":{\"@id\":\"https:\\\/\\\/911equipment.ca\\\/fr\\\/produit\\\/quiqlite-x2-tactique-rouge-blanc-copy-copy\\\/#primaryimage\"},\"image\":{\"@id\":\"https:\\\/\\\/911equipment.ca\\\/fr\\\/produit\\\/quiqlite-x2-tactique-rouge-blanc-copy-copy\\\/#primaryimage\"},\"thumbnailUrl\":\"https:\\\/\\\/i0.wp.com\\\/911equipment.ca\\\/wp-content\\\/uploads\\\/2024\\\/01\\\/code3-main-800-W.jpg?fit=800%2C800&ssl=1\",\"datePublished\":\"2024-01-27T14:37:03+00:00\",\"dateModified\":\"2024-05-29T00:04:18+00:00\",\"description\":\"Le QuiqLite LiteStick Code 3 est un outil puissant qui fournit un \u00e9clairage \u00e0 la demande et dispose de trois LED programmables ind\u00e9pendantes avec fonction de m\u00e9moire.\",\"breadcrumb\":{\"@id\":\"https:\\\/\\\/911equipment.ca\\\/fr\\\/produit\\\/quiqlite-x2-tactique-rouge-blanc-copy-copy\\\/#breadcrumb\"},\"inLanguage\":\"fr-CA\",\"potentialAction\":[{\"@type\":\"ReadAction\",\"target\":[\"https:\\\/\\\/911equipment.ca\\\/fr\\\/produit\\\/quiqlite-x2-tactique-rouge-blanc-copy-copy\\\/\"]}]},{\"@type\":\"ImageObject\",\"inLanguage\":\"fr-CA\",\"@id\":\"https:\\\/\\\/911equipment.ca\\\/fr\\\/produit\\\/quiqlite-x2-tactique-rouge-blanc-copy-copy\\\/#primaryimage\",\"url\":\"https:\\\/\\\/i0.wp.com\\\/911equipment.ca\\\/wp-content\\\/uploads\\\/2024\\\/01\\\/code3-main-800-W.jpg?fit=800%2C800&ssl=1\",\"contentUrl\":\"https:\\\/\\\/i0.wp.com\\\/911equipment.ca\\\/wp-content\\\/uploads\\\/2024\\\/01\\\/code3-main-800-W.jpg?fit=800%2C800&ssl=1\",\"width\":800,\"height\":800,\"caption\":\"QuiqLite LiteStick Code 3\"},{\"@type\":\"BreadcrumbList\",\"@id\":\"https:\\\/\\\/911equipment.ca\\\/fr\\\/produit\\\/quiqlite-x2-tactique-rouge-blanc-copy-copy\\\/#breadcrumb\",\"itemListElement\":[{\"@type\":\"ListItem\",\"position\":1,\"name\":\"Home\",\"item\":\"https:\\\/\\\/911equipment.ca\\\/fr\\\/\"},{\"@type\":\"ListItem\",\"position\":2,\"name\":\"Magasiner\",\"item\":\"https:\\\/\\\/911equipment.ca\\\/fr\\\/magasiner\\\/\"},{\"@type\":\"ListItem\",\"position\":3,\"name\":\"QuiqLite LiteStick Code 3\"}]},{\"@type\":\"WebSite\",\"@id\":\"https:\\\/\\\/911equipment.ca\\\/fr\\\/#website\",\"url\":\"https:\\\/\\\/911equipment.ca\\\/fr\\\/\",\"name\":\"Canadian Police Supplies\",\"description\":\"Online retail of police, law enforcement and security supplies, gears and equipment.\",\"publisher\":{\"@id\":\"https:\\\/\\\/911equipment.ca\\\/fr\\\/#organization\"},\"potentialAction\":[{\"@type\":\"SearchAction\",\"target\":{\"@type\":\"EntryPoint\",\"urlTemplate\":\"https:\\\/\\\/911equipment.ca\\\/fr\\\/?s={search_term_string}\"},\"query-input\":{\"@type\":\"PropertyValueSpecification\",\"valueRequired\":true,\"valueName\":\"search_term_string\"}}],\"inLanguage\":\"fr-CA\"},{\"@type\":\"Organization\",\"@id\":\"https:\\\/\\\/911equipment.ca\\\/fr\\\/#organization\",\"name\":\"NatPat Lt\u00e9e\",\"url\":\"https:\\\/\\\/911equipment.ca\\\/fr\\\/\",\"logo\":{\"@type\":\"ImageObject\",\"inLanguage\":\"fr-CA\",\"@id\":\"https:\\\/\\\/911equipment.ca\\\/fr\\\/#\\\/schema\\\/logo\\\/image\\\/\",\"url\":\"https:\\\/\\\/i2.wp.com\\\/911equipment.ca\\\/wp-content\\\/uploads\\\/2020\\\/05\\\/NatPat-Logo-Oct-2010.jpg?fit=560%2C560&ssl=1\",\"contentUrl\":\"https:\\\/\\\/i2.wp.com\\\/911equipment.ca\\\/wp-content\\\/uploads\\\/2020\\\/05\\\/NatPat-Logo-Oct-2010.jpg?fit=560%2C560&ssl=1\",\"width\":560,\"height\":560,\"caption\":\"NatPat Lt\u00e9e\"},\"image\":{\"@id\":\"https:\\\/\\\/911equipment.ca\\\/fr\\\/#\\\/schema\\\/logo\\\/image\\\/\"}}]}<\/script>\n<!-- \/ Yoast SEO plugin. -->","yoast_head_json":{"title":"QuiqLite LiteStick Code 3","description":"Le QuiqLite LiteStick Code 3 est un outil puissant qui fournit un \u00e9clairage \u00e0 la demande et dispose de trois LED programmables ind\u00e9pendantes avec fonction de m\u00e9moire.","robots":{"index":"index","follow":"follow","max-snippet":"max-snippet:-1","max-image-preview":"max-image-preview:large","max-video-preview":"max-video-preview:-1"},"canonical":"https:\/\/911equipment.ca\/fr\/produit\/quiqlite-x2-tactique-rouge-blanc-copy-copy\/","og_locale":"fr_CA","og_type":"article","og_title":"QuiqLite LiteStick Code 3","og_description":"Le QuiqLite LiteStick Code 3 est un outil puissant qui fournit un \u00e9clairage \u00e0 la demande et dispose de trois LED programmables ind\u00e9pendantes avec fonction de m\u00e9moire.","og_url":"https:\/\/911equipment.ca\/fr\/produit\/quiqlite-x2-tactique-rouge-blanc-copy-copy\/","og_site_name":"NatPat Ltd - Canadian Police Supplies","article_modified_time":"2024-05-29T00:04:18+00:00","twitter_card":"summary_large_image","twitter_misc":{"Estimation du temps de lecture":"1 minute"},"schema":{"@context":"https:\/\/schema.org","@graph":[{"@type":"WebPage","@id":"https:\/\/911equipment.ca\/fr\/produit\/quiqlite-x2-tactique-rouge-blanc-copy-copy\/","url":"https:\/\/911equipment.ca\/fr\/produit\/quiqlite-x2-tactique-rouge-blanc-copy-copy\/","name":"QuiqLite LiteStick Code 3","isPartOf":{"@id":"https:\/\/911equipment.ca\/fr\/#website"},"primaryImageOfPage":{"@id":"https:\/\/911equipment.ca\/fr\/produit\/quiqlite-x2-tactique-rouge-blanc-copy-copy\/#primaryimage"},"image":{"@id":"https:\/\/911equipment.ca\/fr\/produit\/quiqlite-x2-tactique-rouge-blanc-copy-copy\/#primaryimage"},"thumbnailUrl":"https:\/\/i0.wp.com\/911equipment.ca\/wp-content\/uploads\/2024\/01\/code3-main-800-W.jpg?fit=800%2C800&ssl=1","datePublished":"2024-01-27T14:37:03+00:00","dateModified":"2024-05-29T00:04:18+00:00","description":"Le QuiqLite LiteStick Code 3 est un outil puissant qui fournit un \u00e9clairage \u00e0 la demande et dispose de trois LED programmables ind\u00e9pendantes avec fonction de m\u00e9moire.","breadcrumb":{"@id":"https:\/\/911equipment.ca\/fr\/produit\/quiqlite-x2-tactique-rouge-blanc-copy-copy\/#breadcrumb"},"inLanguage":"fr-CA","potentialAction":[{"@type":"ReadAction","target":["https:\/\/911equipment.ca\/fr\/produit\/quiqlite-x2-tactique-rouge-blanc-copy-copy\/"]}]},{"@type":"ImageObject","inLanguage":"fr-CA","@id":"https:\/\/911equipment.ca\/fr\/produit\/quiqlite-x2-tactique-rouge-blanc-copy-copy\/#primaryimage","url":"https:\/\/i0.wp.com\/911equipment.ca\/wp-content\/uploads\/2024\/01\/code3-main-800-W.jpg?fit=800%2C800&ssl=1","contentUrl":"https:\/\/i0.wp.com\/911equipment.ca\/wp-content\/uploads\/2024\/01\/code3-main-800-W.jpg?fit=800%2C800&ssl=1","width":800,"height":800,"caption":"QuiqLite LiteStick Code 3"},{"@type":"BreadcrumbList","@id":"https:\/\/911equipment.ca\/fr\/produit\/quiqlite-x2-tactique-rouge-blanc-copy-copy\/#breadcrumb","itemListElement":[{"@type":"ListItem","position":1,"name":"Home","item":"https:\/\/911equipment.ca\/fr\/"},{"@type":"ListItem","position":2,"name":"Magasiner","item":"https:\/\/911equipment.ca\/fr\/magasiner\/"},{"@type":"ListItem","position":3,"name":"QuiqLite LiteStick Code 3"}]},{"@type":"WebSite","@id":"https:\/\/911equipment.ca\/fr\/#website","url":"https:\/\/911equipment.ca\/fr\/","name":"Canadian Police Supplies","description":"Online retail of police, law enforcement and security supplies, gears and equipment.","publisher":{"@id":"https:\/\/911equipment.ca\/fr\/#organization"},"potentialAction":[{"@type":"SearchAction","target":{"@type":"EntryPoint","urlTemplate":"https:\/\/911equipment.ca\/fr\/?s={search_term_string}"},"query-input":{"@type":"PropertyValueSpecification","valueRequired":true,"valueName":"search_term_string"}}],"inLanguage":"fr-CA"},{"@type":"Organization","@id":"https:\/\/911equipment.ca\/fr\/#organization","name":"NatPat Lt\u00e9e","url":"https:\/\/911equipment.ca\/fr\/","logo":{"@type":"ImageObject","inLanguage":"fr-CA","@id":"https:\/\/911equipment.ca\/fr\/#\/schema\/logo\/image\/","url":"https:\/\/i2.wp.com\/911equipment.ca\/wp-content\/uploads\/2020\/05\/NatPat-Logo-Oct-2010.jpg?fit=560%2C560&ssl=1","contentUrl":"https:\/\/i2.wp.com\/911equipment.ca\/wp-content\/uploads\/2020\/05\/NatPat-Logo-Oct-2010.jpg?fit=560%2C560&ssl=1","width":560,"height":560,"caption":"NatPat Lt\u00e9e"},"image":{"@id":"https:\/\/911equipment.ca\/fr\/#\/schema\/logo\/image\/"}}]}},"jetpack_sharing_enabled":true,"brands":[{"id":339,"name":"QuiqLite","slug":"quiqlite-fr"}],"_links":{"self":[{"href":"https:\/\/911equipment.ca\/fr\/wp-json\/wp\/v2\/product\/5623","targetHints":{"allow":["GET"]}}],"collection":[{"href":"https:\/\/911equipment.ca\/fr\/wp-json\/wp\/v2\/product"}],"about":[{"href":"https:\/\/911equipment.ca\/fr\/wp-json\/wp\/v2\/types\/product"}],"replies":[{"embeddable":true,"href":"https:\/\/911equipment.ca\/fr\/wp-json\/wp\/v2\/comments?post=5623"}],"wp:featuredmedia":[{"embeddable":true,"href":"https:\/\/911equipment.ca\/fr\/wp-json\/wp\/v2\/media\/5636"}],"wp:attachment":[{"href":"https:\/\/911equipment.ca\/fr\/wp-json\/wp\/v2\/media?parent=5623"}],"wp:term":[{"taxonomy":"pwb-brand","embeddable":true,"href":"https:\/\/911equipment.ca\/fr\/wp-json\/wp\/v2\/pwb-brand?post=5623"},{"taxonomy":"product_brand","embeddable":true,"href":"https:\/\/911equipment.ca\/fr\/wp-json\/wp\/v2\/product_brand?post=5623"},{"taxonomy":"product_cat","embeddable":true,"href":"https:\/\/911equipment.ca\/fr\/wp-json\/wp\/v2\/product_cat?post=5623"},{"taxonomy":"product_tag","embeddable":true,"href":"https:\/\/911equipment.ca\/fr\/wp-json\/wp\/v2\/product_tag?post=5623"}],"curies":[{"name":"wp","href":"https:\/\/api.w.org\/{rel}","templated":true}]}}