{"id":5612,"date":"2024-01-26T21:01:32","date_gmt":"2024-01-27T02:01:32","guid":{"rendered":"https:\/\/911equipment.ca\/?post_type=product&#038;p=5612"},"modified":"2024-05-28T20:03:53","modified_gmt":"2024-05-29T00:03:53","slug":"quiqlite-x2-tactique-rouge-blanc-copy-copy-2","status":"publish","type":"product","link":"https:\/\/911equipment.ca\/fr\/produit\/quiqlite-x2-tactique-rouge-blanc-copy-copy-2\/","title":{"rendered":"QuiqLite LiteStick Lumi\u00e8re Blanche"},"content":{"rendered":"<p>Le QuiqLite LiteStick Lumi\u00e8re blanche offre 3 LED programmables ind\u00e9pendantes avec m\u00e9moire vous permettant de choisir vos lumens d\u00e9sir\u00e9s en appuyant sur un bouton et vous en souviendrez pour votre prochaine utilisation. LED #1 blanc @ 45 Degr\u00e9s, LED #2 blanc @ 90 Degr\u00e9s et LED #3 blanc @ 140 Degr\u00e9s. Il offre \u00e9galement un stroboscope de s\u00e9curit\u00e9, vous rendant visible jusqu&rsquo;\u00e0 un 1.6 km (1 mile) de distance lorsque vous voulez \u00eatre vu ou trouv\u00e9. La batterie interchangeable durera jusqu&rsquo;\u00e0 15 heures sur une seule charge. Fabriqu\u00e9 \u00e0 partir d&rsquo;aluminium d&rsquo;avion et con\u00e7u pour durer toute une vie. Plus besoin de tenir votre lampe de poche tenue \u00e0 la main sous votre bras, entre votre joue et votre \u00e9paule ou dans votre bouche !<\/p>\n<p><strong>Caract\u00e9ristiques<\/strong><\/p>\n<ul>\n<li>Boitier en aluminium<\/li>\n<li>LED programmables<\/li>\n<li>20 jusqu\u2019\u00e0 200 lumens de lumi\u00e8re<\/li>\n<li>USB Rechargeable<\/li>\n<li>Activation LED ind\u00e9pendante \u00e0 des angles de 45\u00b0, 90\u00b0 et 145\u00b0<\/li>\n<li>Batterie lithium-ion interchangeable amovible<\/li>\n<li>Stroboscope de s\u00e9curit\u00e9<\/li>\n<li>Bo\u00eetier r\u00e9sistant aux intemp\u00e9ries IPX4<\/li>\n<li>Garantie \u00e0 vie limit\u00e9e<\/li>\n<li>Certifi\u00e9 CE<\/li>\n<\/ul>\n<p><strong>Caract\u00e9ristiques techniques<\/strong><\/p>\n<ul>\n<li>Longueur 130mm \/ 5.11 pouces<\/li>\n<li>Diam\u00e8tre : 10mm \/ 0.41 pouce<\/li>\n<li>Batterie : Lithium USB rechargeable 360mAh<\/li>\n<li>Logement : Aluminium<\/li>\n<li>Lumens par LED : 20 jusqu\u2019\u00e0 200<\/li>\n<\/ul>\n<p><strong>Inclus dans la bo\u00eete<\/strong><\/p>\n<ul>\n<li>QuiqLite LiteStick Lumi\u00e8re blanche<br \/>\nCordon de chargement USB<br \/>\nManuel de l\u2019utilisateur<\/li>\n<\/ul>\n","protected":false},"excerpt":{"rendered":"<p>Le QuiqLite LiteStick Lumi\u00e8re blanche est la r\u00e9ponse \u00e0 l&rsquo;\u00e9clairage tactique mains libres. Il se clipse en toute s\u00e9curit\u00e9 dans votre poche de chemise uniforme. Rechargeable USB, le LiteStick Lumi\u00e8re blanche fournira 20 \u00e0 200 lumens de lumi\u00e8re \u00e0 la demande en appuyant sur un bouton. Il offre 3 LED programmables ind\u00e9pendantes avec m\u00e9moire vous permettant de choisir vos lumens d\u00e9sir\u00e9s et de vous en souvenir pour votre prochaine utilisation.<\/p>\n","protected":false},"featured_media":5638,"comment_status":"open","ping_status":"closed","template":"","meta":[],"pwb-brand":[339],"product_brand":[],"product_cat":[200],"product_tag":[233,230,279],"class_list":{"0":"post-5612","1":"product","2":"type-product","3":"status-publish","4":"has-post-thumbnail","6":"pwb-brand-quiqlite-fr","7":"product_cat-quiqlites-fr","8":"product_tag-lampe-de-poche-fr","9":"product_tag-lampe-tactique","10":"product_tag-quiqlite-fr","12":"first","13":"instock","14":"sale","15":"featured","16":"taxable","17":"shipping-taxable","18":"purchasable","19":"product-type-simple"},"yoast_head":"<!-- This site is optimized with the Yoast SEO plugin v27.3 - https:\/\/yoast.com\/product\/yoast-seo-wordpress\/ -->\n<title>QuiqLite LiteStick Lumi\u00e8re blanche<\/title>\n<meta name=\"description\" content=\"Le QuiqLite LiteStick Lumi\u00e8re blanche est votre r\u00e9ponse \u00e0 l&#039;\u00e9clairage tactique mains libres.\" \/>\n<meta name=\"robots\" content=\"index, follow, max-snippet:-1, max-image-preview:large, max-video-preview:-1\" \/>\n<link rel=\"canonical\" href=\"https:\/\/911equipment.ca\/fr\/produit\/quiqlite-x2-tactique-rouge-blanc-copy-copy-2\/\" \/>\n<meta property=\"og:locale\" content=\"fr_CA\" \/>\n<meta property=\"og:type\" content=\"article\" \/>\n<meta property=\"og:title\" content=\"QuiqLite LiteStick Lumi\u00e8re blanche\" \/>\n<meta property=\"og:description\" content=\"Le QuiqLite LiteStick Lumi\u00e8re blanche est votre r\u00e9ponse \u00e0 l&#039;\u00e9clairage tactique mains libres.\" \/>\n<meta property=\"og:url\" content=\"https:\/\/911equipment.ca\/fr\/produit\/quiqlite-x2-tactique-rouge-blanc-copy-copy-2\/\" \/>\n<meta property=\"og:site_name\" content=\"NatPat Ltd - Canadian Police Supplies\" \/>\n<meta property=\"article:modified_time\" content=\"2024-05-29T00:03:53+00:00\" \/>\n<meta name=\"twitter:card\" content=\"summary_large_image\" \/>\n<meta name=\"twitter:label1\" content=\"Estimation du temps de lecture\" \/>\n\t<meta name=\"twitter:data1\" content=\"1 minute\" \/>\n<script type=\"application\/ld+json\" class=\"yoast-schema-graph\">{\"@context\":\"https:\\\/\\\/schema.org\",\"@graph\":[{\"@type\":\"WebPage\",\"@id\":\"https:\\\/\\\/911equipment.ca\\\/fr\\\/produit\\\/quiqlite-x2-tactique-rouge-blanc-copy-copy-2\\\/\",\"url\":\"https:\\\/\\\/911equipment.ca\\\/fr\\\/produit\\\/quiqlite-x2-tactique-rouge-blanc-copy-copy-2\\\/\",\"name\":\"QuiqLite LiteStick Lumi\u00e8re blanche\",\"isPartOf\":{\"@id\":\"https:\\\/\\\/911equipment.ca\\\/fr\\\/#website\"},\"primaryImageOfPage\":{\"@id\":\"https:\\\/\\\/911equipment.ca\\\/fr\\\/produit\\\/quiqlite-x2-tactique-rouge-blanc-copy-copy-2\\\/#primaryimage\"},\"image\":{\"@id\":\"https:\\\/\\\/911equipment.ca\\\/fr\\\/produit\\\/quiqlite-x2-tactique-rouge-blanc-copy-copy-2\\\/#primaryimage\"},\"thumbnailUrl\":\"https:\\\/\\\/i0.wp.com\\\/911equipment.ca\\\/wp-content\\\/uploads\\\/2024\\\/01\\\/whitelite-main-800-W.jpg?fit=800%2C800&ssl=1\",\"datePublished\":\"2024-01-27T02:01:32+00:00\",\"dateModified\":\"2024-05-29T00:03:53+00:00\",\"description\":\"Le QuiqLite LiteStick Lumi\u00e8re blanche est votre r\u00e9ponse \u00e0 l'\u00e9clairage tactique mains libres.\",\"breadcrumb\":{\"@id\":\"https:\\\/\\\/911equipment.ca\\\/fr\\\/produit\\\/quiqlite-x2-tactique-rouge-blanc-copy-copy-2\\\/#breadcrumb\"},\"inLanguage\":\"fr-CA\",\"potentialAction\":[{\"@type\":\"ReadAction\",\"target\":[\"https:\\\/\\\/911equipment.ca\\\/fr\\\/produit\\\/quiqlite-x2-tactique-rouge-blanc-copy-copy-2\\\/\"]}]},{\"@type\":\"ImageObject\",\"inLanguage\":\"fr-CA\",\"@id\":\"https:\\\/\\\/911equipment.ca\\\/fr\\\/produit\\\/quiqlite-x2-tactique-rouge-blanc-copy-copy-2\\\/#primaryimage\",\"url\":\"https:\\\/\\\/i0.wp.com\\\/911equipment.ca\\\/wp-content\\\/uploads\\\/2024\\\/01\\\/whitelite-main-800-W.jpg?fit=800%2C800&ssl=1\",\"contentUrl\":\"https:\\\/\\\/i0.wp.com\\\/911equipment.ca\\\/wp-content\\\/uploads\\\/2024\\\/01\\\/whitelite-main-800-W.jpg?fit=800%2C800&ssl=1\",\"width\":800,\"height\":800,\"caption\":\"QuiqLite LiteStick Lumi\u00e8re blanche\"},{\"@type\":\"BreadcrumbList\",\"@id\":\"https:\\\/\\\/911equipment.ca\\\/fr\\\/produit\\\/quiqlite-x2-tactique-rouge-blanc-copy-copy-2\\\/#breadcrumb\",\"itemListElement\":[{\"@type\":\"ListItem\",\"position\":1,\"name\":\"Home\",\"item\":\"https:\\\/\\\/911equipment.ca\\\/fr\\\/\"},{\"@type\":\"ListItem\",\"position\":2,\"name\":\"Magasiner\",\"item\":\"https:\\\/\\\/911equipment.ca\\\/fr\\\/magasiner\\\/\"},{\"@type\":\"ListItem\",\"position\":3,\"name\":\"QuiqLite LiteStick Lumi\u00e8re Blanche\"}]},{\"@type\":\"WebSite\",\"@id\":\"https:\\\/\\\/911equipment.ca\\\/fr\\\/#website\",\"url\":\"https:\\\/\\\/911equipment.ca\\\/fr\\\/\",\"name\":\"Canadian Police Supplies\",\"description\":\"Online retail of police, law enforcement and security supplies, gears and equipment.\",\"publisher\":{\"@id\":\"https:\\\/\\\/911equipment.ca\\\/fr\\\/#organization\"},\"potentialAction\":[{\"@type\":\"SearchAction\",\"target\":{\"@type\":\"EntryPoint\",\"urlTemplate\":\"https:\\\/\\\/911equipment.ca\\\/fr\\\/?s={search_term_string}\"},\"query-input\":{\"@type\":\"PropertyValueSpecification\",\"valueRequired\":true,\"valueName\":\"search_term_string\"}}],\"inLanguage\":\"fr-CA\"},{\"@type\":\"Organization\",\"@id\":\"https:\\\/\\\/911equipment.ca\\\/fr\\\/#organization\",\"name\":\"NatPat Lt\u00e9e\",\"url\":\"https:\\\/\\\/911equipment.ca\\\/fr\\\/\",\"logo\":{\"@type\":\"ImageObject\",\"inLanguage\":\"fr-CA\",\"@id\":\"https:\\\/\\\/911equipment.ca\\\/fr\\\/#\\\/schema\\\/logo\\\/image\\\/\",\"url\":\"https:\\\/\\\/i2.wp.com\\\/911equipment.ca\\\/wp-content\\\/uploads\\\/2020\\\/05\\\/NatPat-Logo-Oct-2010.jpg?fit=560%2C560&ssl=1\",\"contentUrl\":\"https:\\\/\\\/i2.wp.com\\\/911equipment.ca\\\/wp-content\\\/uploads\\\/2020\\\/05\\\/NatPat-Logo-Oct-2010.jpg?fit=560%2C560&ssl=1\",\"width\":560,\"height\":560,\"caption\":\"NatPat Lt\u00e9e\"},\"image\":{\"@id\":\"https:\\\/\\\/911equipment.ca\\\/fr\\\/#\\\/schema\\\/logo\\\/image\\\/\"}}]}<\/script>\n<!-- \/ Yoast SEO plugin. -->","yoast_head_json":{"title":"QuiqLite LiteStick Lumi\u00e8re blanche","description":"Le QuiqLite LiteStick Lumi\u00e8re blanche est votre r\u00e9ponse \u00e0 l'\u00e9clairage tactique mains libres.","robots":{"index":"index","follow":"follow","max-snippet":"max-snippet:-1","max-image-preview":"max-image-preview:large","max-video-preview":"max-video-preview:-1"},"canonical":"https:\/\/911equipment.ca\/fr\/produit\/quiqlite-x2-tactique-rouge-blanc-copy-copy-2\/","og_locale":"fr_CA","og_type":"article","og_title":"QuiqLite LiteStick Lumi\u00e8re blanche","og_description":"Le QuiqLite LiteStick Lumi\u00e8re blanche est votre r\u00e9ponse \u00e0 l'\u00e9clairage tactique mains libres.","og_url":"https:\/\/911equipment.ca\/fr\/produit\/quiqlite-x2-tactique-rouge-blanc-copy-copy-2\/","og_site_name":"NatPat Ltd - Canadian Police Supplies","article_modified_time":"2024-05-29T00:03:53+00:00","twitter_card":"summary_large_image","twitter_misc":{"Estimation du temps de lecture":"1 minute"},"schema":{"@context":"https:\/\/schema.org","@graph":[{"@type":"WebPage","@id":"https:\/\/911equipment.ca\/fr\/produit\/quiqlite-x2-tactique-rouge-blanc-copy-copy-2\/","url":"https:\/\/911equipment.ca\/fr\/produit\/quiqlite-x2-tactique-rouge-blanc-copy-copy-2\/","name":"QuiqLite LiteStick Lumi\u00e8re blanche","isPartOf":{"@id":"https:\/\/911equipment.ca\/fr\/#website"},"primaryImageOfPage":{"@id":"https:\/\/911equipment.ca\/fr\/produit\/quiqlite-x2-tactique-rouge-blanc-copy-copy-2\/#primaryimage"},"image":{"@id":"https:\/\/911equipment.ca\/fr\/produit\/quiqlite-x2-tactique-rouge-blanc-copy-copy-2\/#primaryimage"},"thumbnailUrl":"https:\/\/i0.wp.com\/911equipment.ca\/wp-content\/uploads\/2024\/01\/whitelite-main-800-W.jpg?fit=800%2C800&ssl=1","datePublished":"2024-01-27T02:01:32+00:00","dateModified":"2024-05-29T00:03:53+00:00","description":"Le QuiqLite LiteStick Lumi\u00e8re blanche est votre r\u00e9ponse \u00e0 l'\u00e9clairage tactique mains libres.","breadcrumb":{"@id":"https:\/\/911equipment.ca\/fr\/produit\/quiqlite-x2-tactique-rouge-blanc-copy-copy-2\/#breadcrumb"},"inLanguage":"fr-CA","potentialAction":[{"@type":"ReadAction","target":["https:\/\/911equipment.ca\/fr\/produit\/quiqlite-x2-tactique-rouge-blanc-copy-copy-2\/"]}]},{"@type":"ImageObject","inLanguage":"fr-CA","@id":"https:\/\/911equipment.ca\/fr\/produit\/quiqlite-x2-tactique-rouge-blanc-copy-copy-2\/#primaryimage","url":"https:\/\/i0.wp.com\/911equipment.ca\/wp-content\/uploads\/2024\/01\/whitelite-main-800-W.jpg?fit=800%2C800&ssl=1","contentUrl":"https:\/\/i0.wp.com\/911equipment.ca\/wp-content\/uploads\/2024\/01\/whitelite-main-800-W.jpg?fit=800%2C800&ssl=1","width":800,"height":800,"caption":"QuiqLite LiteStick Lumi\u00e8re blanche"},{"@type":"BreadcrumbList","@id":"https:\/\/911equipment.ca\/fr\/produit\/quiqlite-x2-tactique-rouge-blanc-copy-copy-2\/#breadcrumb","itemListElement":[{"@type":"ListItem","position":1,"name":"Home","item":"https:\/\/911equipment.ca\/fr\/"},{"@type":"ListItem","position":2,"name":"Magasiner","item":"https:\/\/911equipment.ca\/fr\/magasiner\/"},{"@type":"ListItem","position":3,"name":"QuiqLite LiteStick Lumi\u00e8re Blanche"}]},{"@type":"WebSite","@id":"https:\/\/911equipment.ca\/fr\/#website","url":"https:\/\/911equipment.ca\/fr\/","name":"Canadian Police Supplies","description":"Online retail of police, law enforcement and security supplies, gears and equipment.","publisher":{"@id":"https:\/\/911equipment.ca\/fr\/#organization"},"potentialAction":[{"@type":"SearchAction","target":{"@type":"EntryPoint","urlTemplate":"https:\/\/911equipment.ca\/fr\/?s={search_term_string}"},"query-input":{"@type":"PropertyValueSpecification","valueRequired":true,"valueName":"search_term_string"}}],"inLanguage":"fr-CA"},{"@type":"Organization","@id":"https:\/\/911equipment.ca\/fr\/#organization","name":"NatPat Lt\u00e9e","url":"https:\/\/911equipment.ca\/fr\/","logo":{"@type":"ImageObject","inLanguage":"fr-CA","@id":"https:\/\/911equipment.ca\/fr\/#\/schema\/logo\/image\/","url":"https:\/\/i2.wp.com\/911equipment.ca\/wp-content\/uploads\/2020\/05\/NatPat-Logo-Oct-2010.jpg?fit=560%2C560&ssl=1","contentUrl":"https:\/\/i2.wp.com\/911equipment.ca\/wp-content\/uploads\/2020\/05\/NatPat-Logo-Oct-2010.jpg?fit=560%2C560&ssl=1","width":560,"height":560,"caption":"NatPat Lt\u00e9e"},"image":{"@id":"https:\/\/911equipment.ca\/fr\/#\/schema\/logo\/image\/"}}]}},"jetpack_sharing_enabled":true,"brands":[{"id":339,"name":"QuiqLite","slug":"quiqlite-fr"}],"_links":{"self":[{"href":"https:\/\/911equipment.ca\/fr\/wp-json\/wp\/v2\/product\/5612","targetHints":{"allow":["GET"]}}],"collection":[{"href":"https:\/\/911equipment.ca\/fr\/wp-json\/wp\/v2\/product"}],"about":[{"href":"https:\/\/911equipment.ca\/fr\/wp-json\/wp\/v2\/types\/product"}],"replies":[{"embeddable":true,"href":"https:\/\/911equipment.ca\/fr\/wp-json\/wp\/v2\/comments?post=5612"}],"wp:featuredmedia":[{"embeddable":true,"href":"https:\/\/911equipment.ca\/fr\/wp-json\/wp\/v2\/media\/5638"}],"wp:attachment":[{"href":"https:\/\/911equipment.ca\/fr\/wp-json\/wp\/v2\/media?parent=5612"}],"wp:term":[{"taxonomy":"pwb-brand","embeddable":true,"href":"https:\/\/911equipment.ca\/fr\/wp-json\/wp\/v2\/pwb-brand?post=5612"},{"taxonomy":"product_brand","embeddable":true,"href":"https:\/\/911equipment.ca\/fr\/wp-json\/wp\/v2\/product_brand?post=5612"},{"taxonomy":"product_cat","embeddable":true,"href":"https:\/\/911equipment.ca\/fr\/wp-json\/wp\/v2\/product_cat?post=5612"},{"taxonomy":"product_tag","embeddable":true,"href":"https:\/\/911equipment.ca\/fr\/wp-json\/wp\/v2\/product_tag?post=5612"}],"curies":[{"name":"wp","href":"https:\/\/api.w.org\/{rel}","templated":true}]}}