{"id":5130,"date":"2022-12-28T13:46:36","date_gmt":"2022-12-28T18:46:36","guid":{"rendered":"https:\/\/911equipment.ca\/?post_type=product&#038;p=5130"},"modified":"2024-10-16T22:18:31","modified_gmt":"2024-10-17T02:18:31","slug":"fenix-tk16-v2-0-edition-speciale","status":"publish","type":"product","link":"https:\/\/911equipment.ca\/fr\/produit\/fenix-tk16-v2-0-edition-speciale\/","title":{"rendered":"F\u00e9nix TK16 V2.0 \u00c9dition Sp\u00e9ciale"},"content":{"rendered":"<p>La lampe de poche F\u00e9nix TK16 V2.0 offre fonctionnalit\u00e9 et performance gr\u00e2ce \u00e0 sa conception \u00e0 double interrupteur arri\u00e8re, ce qui en fait la lumi\u00e8re parfaite pour les applications d&rsquo;urgence et tactiques. Dot\u00e9e d&rsquo;une LED Luminus SST70 et d&rsquo;une batterie ARB-L21-5000U (incluse), cette lampe tactique \u00e9met une puissance maximale jusqu&rsquo;\u00e0 3100 lumens et projette un faisceau jusqu&rsquo;\u00e0 380 m\u00e8tres. Avec l&rsquo;APF (Advanced Pulse-frequency Transmission System) unique de F\u00e9nix, cette innovation permet une structure plus compacte et une capacit\u00e9 tactique fiable dans cette plate-forme d&rsquo;\u00e9clairage. Le TK16 V2.0 dispose d&rsquo;un double interrupteur arri\u00e8re tactique pour une activation instantan\u00e9e et un stroboscope : utilisation facile d&rsquo;une seule main pour les situations tactiques. Dot\u00e9 d&rsquo;un corps compact avec lunette de frappe en acier inoxydable, le TK16 V2.0 est un design parfait pour les applications d&rsquo;application de la loi, de s\u00e9curit\u00e9 et de d\u00e9fense.<\/p>\n<p style=\"font-weight: 400;\">Utilise une LED Luminus SST70 avec une dur\u00e9e de vie de 50,000 heures.<\/p>\n<p style=\"font-weight: 400;\">Six niveaux de luminosit\u00e9:<br \/>\n1) Turbo: 3000 lumens (2 heure 40 minutes)<br \/>\n2) Haut: 1000 lumens (2 heures 50 minutes)<br \/>\n3) M\u00e9dium: 350 lumens (8 heures 20 minutes)<br \/>\n4) Faible: 150 lumens (19 heures 10 minutes)<br \/>\n5) Eco: 30 lumens (43 heures 20 minutes)<br \/>\n6) Strobe: 3000 lumens<\/p>\n<p style=\"font-weight: 400;\"><u><strong>Caract\u00e9ristiques<\/strong><\/u><\/p>\n<ul>\n<li style=\"font-weight: 400;\">Utilise 1 batterie rechargeable F\u00e9nix ARB-L21 5000 U <strong>(batterie est\u00a0 incluse)<\/strong><\/li>\n<li style=\"font-weight: 400;\">143 mm (longeur) x 25.4 mm (diam\u00e8tre) x 43 mm (t\u00eate)<\/li>\n<li style=\"font-weight: 400;\">Poids de 112 gram (sans la batterie)<\/li>\n<li style=\"font-weight: 400;\">Rendement r\u00e9gl\u00e9 digitalement &#8211; maintient une brillance constante<\/li>\n<li style=\"font-weight: 400;\">Commutateur tactique au bout avec fonction momentan\u00e9e<\/li>\n<li style=\"font-weight: 400;\">Fait en aluminium de qualit\u00e9 pour avion<\/li>\n<li style=\"font-weight: 400;\">Finition de qualit\u00e9 sup\u00e9rieure type III avec finit anti-abrasif dur<\/li>\n<\/ul>\n","protected":false},"excerpt":{"rendered":"<p>La lampe de poche F\u00e9nix TK16 V2.0 offre fonctionnalit\u00e9 et performance gr\u00e2ce \u00e0 sa conception \u00e0 double interrupteur arri\u00e8re, ce qui en fait la lumi\u00e8re parfaite pour les applications d&rsquo;urgence et tactiques. <strong>L&rsquo;\u00e9dition sp\u00e9ciale comprend une lampe mini rechargeable E02R pour porte-cl\u00e9s gratuite, une valeur de $34,95.<\/strong><\/p>\n","protected":false},"featured_media":5152,"comment_status":"open","ping_status":"closed","template":"","meta":[],"pwb-brand":[338],"product_brand":[],"product_cat":[383],"product_tag":[233,230],"class_list":{"0":"post-5130","1":"product","2":"type-product","3":"status-publish","4":"has-post-thumbnail","6":"pwb-brand-fenix-fr","7":"product_cat-lampes-de-poche-fenix","8":"product_tag-lampe-de-poche-fr","9":"product_tag-lampe-tactique","11":"first","12":"instock","13":"sale","14":"featured","15":"taxable","16":"shipping-taxable","17":"purchasable","18":"product-type-simple"},"yoast_head":"<!-- This site is optimized with the Yoast SEO plugin v27.4 - https:\/\/yoast.com\/product\/yoast-seo-wordpress\/ -->\n<title>F\u00e9nix TK16 V2.0 \u00c9dition Sp\u00e9ciale - NatPat Ltd - Canadian Police Supplies<\/title>\n<meta name=\"description\" content=\"La lampe de poche F\u00e9nix TK16 V2.0 a des fonctionnalit\u00e9s et performances qui en font un outil fiable et indispensable pour les services d&#039;urgences et tactiques.\" \/>\n<meta name=\"robots\" content=\"index, follow, max-snippet:-1, max-image-preview:large, max-video-preview:-1\" \/>\n<link rel=\"canonical\" href=\"https:\/\/911equipment.ca\/fr\/produit\/fenix-tk16-v2-0-edition-speciale\/\" \/>\n<meta property=\"og:locale\" content=\"fr_CA\" \/>\n<meta property=\"og:type\" content=\"article\" \/>\n<meta property=\"og:title\" content=\"F\u00e9nix TK16 V2.0 \u00c9dition Sp\u00e9ciale - NatPat Ltd - Canadian Police Supplies\" \/>\n<meta property=\"og:description\" content=\"La lampe de poche F\u00e9nix TK16 V2.0 a des fonctionnalit\u00e9s et performances qui en font un outil fiable et indispensable pour les services d&#039;urgences et tactiques.\" \/>\n<meta property=\"og:url\" content=\"https:\/\/911equipment.ca\/fr\/produit\/fenix-tk16-v2-0-edition-speciale\/\" \/>\n<meta property=\"og:site_name\" content=\"NatPat Ltd - Canadian Police Supplies\" \/>\n<meta property=\"article:modified_time\" content=\"2024-10-17T02:18:31+00:00\" \/>\n<meta property=\"og:image\" content=\"https:\/\/911equipment.ca\/wp-content\/uploads\/2022\/12\/Main_Image-1.jpg\" \/>\n\t<meta property=\"og:image:width\" content=\"544\" \/>\n\t<meta property=\"og:image:height\" content=\"600\" \/>\n\t<meta property=\"og:image:type\" content=\"image\/jpeg\" \/>\n<meta name=\"twitter:card\" content=\"summary_large_image\" \/>\n<meta name=\"twitter:label1\" content=\"Estimation du temps de lecture\" \/>\n\t<meta name=\"twitter:data1\" content=\"1 minute\" \/>\n<script type=\"application\/ld+json\" class=\"yoast-schema-graph\">{\"@context\":\"https:\\\/\\\/schema.org\",\"@graph\":[{\"@type\":\"WebPage\",\"@id\":\"https:\\\/\\\/911equipment.ca\\\/fr\\\/produit\\\/fenix-tk16-v2-0-edition-speciale\\\/\",\"url\":\"https:\\\/\\\/911equipment.ca\\\/fr\\\/produit\\\/fenix-tk16-v2-0-edition-speciale\\\/\",\"name\":\"F\u00e9nix TK16 V2.0 \u00c9dition Sp\u00e9ciale - NatPat Ltd - Canadian Police Supplies\",\"isPartOf\":{\"@id\":\"https:\\\/\\\/911equipment.ca\\\/fr\\\/#website\"},\"primaryImageOfPage\":{\"@id\":\"https:\\\/\\\/911equipment.ca\\\/fr\\\/produit\\\/fenix-tk16-v2-0-edition-speciale\\\/#primaryimage\"},\"image\":{\"@id\":\"https:\\\/\\\/911equipment.ca\\\/fr\\\/produit\\\/fenix-tk16-v2-0-edition-speciale\\\/#primaryimage\"},\"thumbnailUrl\":\"https:\\\/\\\/i0.wp.com\\\/911equipment.ca\\\/wp-content\\\/uploads\\\/2022\\\/12\\\/Main_Image-1.jpg?fit=544%2C600&ssl=1\",\"datePublished\":\"2022-12-28T18:46:36+00:00\",\"dateModified\":\"2024-10-17T02:18:31+00:00\",\"description\":\"La lampe de poche F\u00e9nix TK16 V2.0 a des fonctionnalit\u00e9s et performances qui en font un outil fiable et indispensable pour les services d'urgences et tactiques.\",\"breadcrumb\":{\"@id\":\"https:\\\/\\\/911equipment.ca\\\/fr\\\/produit\\\/fenix-tk16-v2-0-edition-speciale\\\/#breadcrumb\"},\"inLanguage\":\"fr-CA\",\"potentialAction\":[{\"@type\":\"ReadAction\",\"target\":[\"https:\\\/\\\/911equipment.ca\\\/fr\\\/produit\\\/fenix-tk16-v2-0-edition-speciale\\\/\"]}]},{\"@type\":\"ImageObject\",\"inLanguage\":\"fr-CA\",\"@id\":\"https:\\\/\\\/911equipment.ca\\\/fr\\\/produit\\\/fenix-tk16-v2-0-edition-speciale\\\/#primaryimage\",\"url\":\"https:\\\/\\\/i0.wp.com\\\/911equipment.ca\\\/wp-content\\\/uploads\\\/2022\\\/12\\\/Main_Image-1.jpg?fit=544%2C600&ssl=1\",\"contentUrl\":\"https:\\\/\\\/i0.wp.com\\\/911equipment.ca\\\/wp-content\\\/uploads\\\/2022\\\/12\\\/Main_Image-1.jpg?fit=544%2C600&ssl=1\",\"width\":544,\"height\":600,\"caption\":\"Fenix TK16 V2.0\"},{\"@type\":\"BreadcrumbList\",\"@id\":\"https:\\\/\\\/911equipment.ca\\\/fr\\\/produit\\\/fenix-tk16-v2-0-edition-speciale\\\/#breadcrumb\",\"itemListElement\":[{\"@type\":\"ListItem\",\"position\":1,\"name\":\"Home\",\"item\":\"https:\\\/\\\/911equipment.ca\\\/fr\\\/\"},{\"@type\":\"ListItem\",\"position\":2,\"name\":\"Magasiner\",\"item\":\"https:\\\/\\\/911equipment.ca\\\/fr\\\/magasiner\\\/\"},{\"@type\":\"ListItem\",\"position\":3,\"name\":\"F\u00e9nix TK16 V2.0 \u00c9dition Sp\u00e9ciale\"}]},{\"@type\":\"WebSite\",\"@id\":\"https:\\\/\\\/911equipment.ca\\\/fr\\\/#website\",\"url\":\"https:\\\/\\\/911equipment.ca\\\/fr\\\/\",\"name\":\"Canadian Police Supplies\",\"description\":\"Online retail of police, law enforcement and security supplies, gears and equipment.\",\"publisher\":{\"@id\":\"https:\\\/\\\/911equipment.ca\\\/fr\\\/#organization\"},\"potentialAction\":[{\"@type\":\"SearchAction\",\"target\":{\"@type\":\"EntryPoint\",\"urlTemplate\":\"https:\\\/\\\/911equipment.ca\\\/fr\\\/?s={search_term_string}\"},\"query-input\":{\"@type\":\"PropertyValueSpecification\",\"valueRequired\":true,\"valueName\":\"search_term_string\"}}],\"inLanguage\":\"fr-CA\"},{\"@type\":\"Organization\",\"@id\":\"https:\\\/\\\/911equipment.ca\\\/fr\\\/#organization\",\"name\":\"NatPat Lt\u00e9e\",\"url\":\"https:\\\/\\\/911equipment.ca\\\/fr\\\/\",\"logo\":{\"@type\":\"ImageObject\",\"inLanguage\":\"fr-CA\",\"@id\":\"https:\\\/\\\/911equipment.ca\\\/fr\\\/#\\\/schema\\\/logo\\\/image\\\/\",\"url\":\"https:\\\/\\\/i2.wp.com\\\/911equipment.ca\\\/wp-content\\\/uploads\\\/2020\\\/05\\\/NatPat-Logo-Oct-2010.jpg?fit=560%2C560&ssl=1\",\"contentUrl\":\"https:\\\/\\\/i2.wp.com\\\/911equipment.ca\\\/wp-content\\\/uploads\\\/2020\\\/05\\\/NatPat-Logo-Oct-2010.jpg?fit=560%2C560&ssl=1\",\"width\":560,\"height\":560,\"caption\":\"NatPat Lt\u00e9e\"},\"image\":{\"@id\":\"https:\\\/\\\/911equipment.ca\\\/fr\\\/#\\\/schema\\\/logo\\\/image\\\/\"}}]}<\/script>\n<!-- \/ Yoast SEO plugin. -->","yoast_head_json":{"title":"F\u00e9nix TK16 V2.0 \u00c9dition Sp\u00e9ciale - NatPat Ltd - Canadian Police Supplies","description":"La lampe de poche F\u00e9nix TK16 V2.0 a des fonctionnalit\u00e9s et performances qui en font un outil fiable et indispensable pour les services d'urgences et tactiques.","robots":{"index":"index","follow":"follow","max-snippet":"max-snippet:-1","max-image-preview":"max-image-preview:large","max-video-preview":"max-video-preview:-1"},"canonical":"https:\/\/911equipment.ca\/fr\/produit\/fenix-tk16-v2-0-edition-speciale\/","og_locale":"fr_CA","og_type":"article","og_title":"F\u00e9nix TK16 V2.0 \u00c9dition Sp\u00e9ciale - NatPat Ltd - Canadian Police Supplies","og_description":"La lampe de poche F\u00e9nix TK16 V2.0 a des fonctionnalit\u00e9s et performances qui en font un outil fiable et indispensable pour les services d'urgences et tactiques.","og_url":"https:\/\/911equipment.ca\/fr\/produit\/fenix-tk16-v2-0-edition-speciale\/","og_site_name":"NatPat Ltd - Canadian Police Supplies","article_modified_time":"2024-10-17T02:18:31+00:00","og_image":[{"width":544,"height":600,"url":"https:\/\/911equipment.ca\/wp-content\/uploads\/2022\/12\/Main_Image-1.jpg","type":"image\/jpeg"}],"twitter_card":"summary_large_image","twitter_misc":{"Estimation du temps de lecture":"1 minute"},"schema":{"@context":"https:\/\/schema.org","@graph":[{"@type":"WebPage","@id":"https:\/\/911equipment.ca\/fr\/produit\/fenix-tk16-v2-0-edition-speciale\/","url":"https:\/\/911equipment.ca\/fr\/produit\/fenix-tk16-v2-0-edition-speciale\/","name":"F\u00e9nix TK16 V2.0 \u00c9dition Sp\u00e9ciale - NatPat Ltd - Canadian Police Supplies","isPartOf":{"@id":"https:\/\/911equipment.ca\/fr\/#website"},"primaryImageOfPage":{"@id":"https:\/\/911equipment.ca\/fr\/produit\/fenix-tk16-v2-0-edition-speciale\/#primaryimage"},"image":{"@id":"https:\/\/911equipment.ca\/fr\/produit\/fenix-tk16-v2-0-edition-speciale\/#primaryimage"},"thumbnailUrl":"https:\/\/i0.wp.com\/911equipment.ca\/wp-content\/uploads\/2022\/12\/Main_Image-1.jpg?fit=544%2C600&ssl=1","datePublished":"2022-12-28T18:46:36+00:00","dateModified":"2024-10-17T02:18:31+00:00","description":"La lampe de poche F\u00e9nix TK16 V2.0 a des fonctionnalit\u00e9s et performances qui en font un outil fiable et indispensable pour les services d'urgences et tactiques.","breadcrumb":{"@id":"https:\/\/911equipment.ca\/fr\/produit\/fenix-tk16-v2-0-edition-speciale\/#breadcrumb"},"inLanguage":"fr-CA","potentialAction":[{"@type":"ReadAction","target":["https:\/\/911equipment.ca\/fr\/produit\/fenix-tk16-v2-0-edition-speciale\/"]}]},{"@type":"ImageObject","inLanguage":"fr-CA","@id":"https:\/\/911equipment.ca\/fr\/produit\/fenix-tk16-v2-0-edition-speciale\/#primaryimage","url":"https:\/\/i0.wp.com\/911equipment.ca\/wp-content\/uploads\/2022\/12\/Main_Image-1.jpg?fit=544%2C600&ssl=1","contentUrl":"https:\/\/i0.wp.com\/911equipment.ca\/wp-content\/uploads\/2022\/12\/Main_Image-1.jpg?fit=544%2C600&ssl=1","width":544,"height":600,"caption":"Fenix TK16 V2.0"},{"@type":"BreadcrumbList","@id":"https:\/\/911equipment.ca\/fr\/produit\/fenix-tk16-v2-0-edition-speciale\/#breadcrumb","itemListElement":[{"@type":"ListItem","position":1,"name":"Home","item":"https:\/\/911equipment.ca\/fr\/"},{"@type":"ListItem","position":2,"name":"Magasiner","item":"https:\/\/911equipment.ca\/fr\/magasiner\/"},{"@type":"ListItem","position":3,"name":"F\u00e9nix TK16 V2.0 \u00c9dition Sp\u00e9ciale"}]},{"@type":"WebSite","@id":"https:\/\/911equipment.ca\/fr\/#website","url":"https:\/\/911equipment.ca\/fr\/","name":"Canadian Police Supplies","description":"Online retail of police, law enforcement and security supplies, gears and equipment.","publisher":{"@id":"https:\/\/911equipment.ca\/fr\/#organization"},"potentialAction":[{"@type":"SearchAction","target":{"@type":"EntryPoint","urlTemplate":"https:\/\/911equipment.ca\/fr\/?s={search_term_string}"},"query-input":{"@type":"PropertyValueSpecification","valueRequired":true,"valueName":"search_term_string"}}],"inLanguage":"fr-CA"},{"@type":"Organization","@id":"https:\/\/911equipment.ca\/fr\/#organization","name":"NatPat Lt\u00e9e","url":"https:\/\/911equipment.ca\/fr\/","logo":{"@type":"ImageObject","inLanguage":"fr-CA","@id":"https:\/\/911equipment.ca\/fr\/#\/schema\/logo\/image\/","url":"https:\/\/i2.wp.com\/911equipment.ca\/wp-content\/uploads\/2020\/05\/NatPat-Logo-Oct-2010.jpg?fit=560%2C560&ssl=1","contentUrl":"https:\/\/i2.wp.com\/911equipment.ca\/wp-content\/uploads\/2020\/05\/NatPat-Logo-Oct-2010.jpg?fit=560%2C560&ssl=1","width":560,"height":560,"caption":"NatPat Lt\u00e9e"},"image":{"@id":"https:\/\/911equipment.ca\/fr\/#\/schema\/logo\/image\/"}}]}},"jetpack_sharing_enabled":true,"brands":[{"id":338,"name":"Fenix","slug":"fenix-fr"}],"_links":{"self":[{"href":"https:\/\/911equipment.ca\/fr\/wp-json\/wp\/v2\/product\/5130","targetHints":{"allow":["GET"]}}],"collection":[{"href":"https:\/\/911equipment.ca\/fr\/wp-json\/wp\/v2\/product"}],"about":[{"href":"https:\/\/911equipment.ca\/fr\/wp-json\/wp\/v2\/types\/product"}],"replies":[{"embeddable":true,"href":"https:\/\/911equipment.ca\/fr\/wp-json\/wp\/v2\/comments?post=5130"}],"wp:featuredmedia":[{"embeddable":true,"href":"https:\/\/911equipment.ca\/fr\/wp-json\/wp\/v2\/media\/5152"}],"wp:attachment":[{"href":"https:\/\/911equipment.ca\/fr\/wp-json\/wp\/v2\/media?parent=5130"}],"wp:term":[{"taxonomy":"pwb-brand","embeddable":true,"href":"https:\/\/911equipment.ca\/fr\/wp-json\/wp\/v2\/pwb-brand?post=5130"},{"taxonomy":"product_brand","embeddable":true,"href":"https:\/\/911equipment.ca\/fr\/wp-json\/wp\/v2\/product_brand?post=5130"},{"taxonomy":"product_cat","embeddable":true,"href":"https:\/\/911equipment.ca\/fr\/wp-json\/wp\/v2\/product_cat?post=5130"},{"taxonomy":"product_tag","embeddable":true,"href":"https:\/\/911equipment.ca\/fr\/wp-json\/wp\/v2\/product_tag?post=5130"}],"curies":[{"name":"wp","href":"https:\/\/api.w.org\/{rel}","templated":true}]}}