{"id":3164,"date":"2020-06-19T19:38:53","date_gmt":"2020-06-19T23:38:54","guid":{"rendered":"https:\/\/911equipment.ca\/?post_type=product&#038;p=3164"},"modified":"2024-07-09T17:38:06","modified_gmt":"2024-07-09T21:38:06","slug":"ceinture-de-service-interne-deluxe-uncle-mike-copy","status":"publish","type":"product","link":"https:\/\/911equipment.ca\/fr\/produit\/ceinture-de-service-interne-deluxe-uncle-mike-copy\/","title":{"rendered":"Ceinture de service interne deluxe Uncle Mike"},"content":{"rendered":"<p>La ceinture int\u00e9rieure deluxe se ferme et s&rsquo;ajuste pour la longueur et un ajustement parfait avec un crochet et une boucle pour plus de confort sous votre ceinture de travail. La ceinture int\u00e9rieure deluxe, combin\u00e9e avec des attaches-ceintures, aidera \u00e0 maintenir la ceinture de service plus stable et plus s\u00e9cure. La ceinture n&rsquo;a pas de velcro \u00e0 l&rsquo;ext\u00e9rieur pour correspondre \u00e0 la ceinture ext\u00e9rieure.<\/p>\n","protected":false},"excerpt":{"rendered":"<ul>\n<li>La ceinture int\u00e9rieure deluxe est en nylon de 1-1\/2&Prime; et est r\u00e9glable par crochet et boucle.<\/li>\n<li>Pour une utilisation l\u00e9g\u00e8re \u00e0 mod\u00e9r\u00e9e<\/li>\n<\/ul>\n","protected":false},"featured_media":3170,"comment_status":"open","ping_status":"closed","template":"","meta":[],"pwb-brand":[346],"product_brand":[],"product_cat":[221],"product_tag":[218,235,236],"class_list":{"0":"post-3164","1":"product","2":"type-product","3":"status-publish","4":"has-post-thumbnail","6":"pwb-brand-uncle-mikes-fr","7":"product_cat-ceintures-de-service","8":"product_tag-ceinture","9":"product_tag-ceinture-de-service","10":"product_tag-ceinture-en-nylon","12":"first","13":"instock","14":"taxable","15":"shipping-taxable","16":"purchasable","17":"product-type-variable"},"yoast_head":"<!-- This site is optimized with the Yoast SEO plugin v27.3 - https:\/\/yoast.com\/product\/yoast-seo-wordpress\/ -->\n<title>Ceinture de service interne deluxe Uncle Mike - NatPat Ltd - Canadian Police Supplies<\/title>\n<meta name=\"robots\" content=\"index, follow, max-snippet:-1, max-image-preview:large, max-video-preview:-1\" \/>\n<link rel=\"canonical\" href=\"https:\/\/911equipment.ca\/fr\/produit\/ceinture-de-service-interne-deluxe-uncle-mike-copy\/\" \/>\n<meta property=\"og:locale\" content=\"fr_CA\" \/>\n<meta property=\"og:type\" content=\"article\" \/>\n<meta property=\"og:title\" content=\"Ceinture de service interne deluxe Uncle Mike - NatPat Ltd - Canadian Police Supplies\" \/>\n<meta property=\"og:description\" content=\"La ceinture int\u00e9rieure deluxe est en nylon de 1-1\/2&quot; et est r\u00e9glable par crochet et boucle.  Pour une utilisation l\u00e9g\u00e8re \u00e0 mod\u00e9r\u00e9e\" \/>\n<meta property=\"og:url\" content=\"https:\/\/911equipment.ca\/fr\/produit\/ceinture-de-service-interne-deluxe-uncle-mike-copy\/\" \/>\n<meta property=\"og:site_name\" content=\"NatPat Ltd - Canadian Police Supplies\" \/>\n<meta property=\"article:modified_time\" content=\"2024-07-09T21:38:06+00:00\" \/>\n<meta property=\"og:image\" content=\"https:\/\/911equipment.ca\/wp-content\/uploads\/2020\/06\/UM-Deluxe_Inner_Belt-600.jpg\" \/>\n\t<meta property=\"og:image:width\" content=\"529\" \/>\n\t<meta property=\"og:image:height\" content=\"529\" \/>\n\t<meta property=\"og:image:type\" content=\"image\/jpeg\" \/>\n<meta name=\"twitter:card\" content=\"summary_large_image\" \/>\n<script type=\"application\/ld+json\" class=\"yoast-schema-graph\">{\"@context\":\"https:\\\/\\\/schema.org\",\"@graph\":[{\"@type\":\"WebPage\",\"@id\":\"https:\\\/\\\/911equipment.ca\\\/fr\\\/produit\\\/ceinture-de-service-interne-deluxe-uncle-mike-copy\\\/\",\"url\":\"https:\\\/\\\/911equipment.ca\\\/fr\\\/produit\\\/ceinture-de-service-interne-deluxe-uncle-mike-copy\\\/\",\"name\":\"Ceinture de service interne deluxe Uncle Mike - NatPat Ltd - Canadian Police Supplies\",\"isPartOf\":{\"@id\":\"https:\\\/\\\/911equipment.ca\\\/fr\\\/#website\"},\"primaryImageOfPage\":{\"@id\":\"https:\\\/\\\/911equipment.ca\\\/fr\\\/produit\\\/ceinture-de-service-interne-deluxe-uncle-mike-copy\\\/#primaryimage\"},\"image\":{\"@id\":\"https:\\\/\\\/911equipment.ca\\\/fr\\\/produit\\\/ceinture-de-service-interne-deluxe-uncle-mike-copy\\\/#primaryimage\"},\"thumbnailUrl\":\"https:\\\/\\\/i0.wp.com\\\/911equipment.ca\\\/wp-content\\\/uploads\\\/2020\\\/06\\\/UM-Deluxe_Inner_Belt-600.jpg?fit=529%2C529&ssl=1\",\"datePublished\":\"2020-06-19T23:38:54+00:00\",\"dateModified\":\"2024-07-09T21:38:06+00:00\",\"breadcrumb\":{\"@id\":\"https:\\\/\\\/911equipment.ca\\\/fr\\\/produit\\\/ceinture-de-service-interne-deluxe-uncle-mike-copy\\\/#breadcrumb\"},\"inLanguage\":\"fr-CA\",\"potentialAction\":[{\"@type\":\"ReadAction\",\"target\":[\"https:\\\/\\\/911equipment.ca\\\/fr\\\/produit\\\/ceinture-de-service-interne-deluxe-uncle-mike-copy\\\/\"]}]},{\"@type\":\"ImageObject\",\"inLanguage\":\"fr-CA\",\"@id\":\"https:\\\/\\\/911equipment.ca\\\/fr\\\/produit\\\/ceinture-de-service-interne-deluxe-uncle-mike-copy\\\/#primaryimage\",\"url\":\"https:\\\/\\\/i0.wp.com\\\/911equipment.ca\\\/wp-content\\\/uploads\\\/2020\\\/06\\\/UM-Deluxe_Inner_Belt-600.jpg?fit=529%2C529&ssl=1\",\"contentUrl\":\"https:\\\/\\\/i0.wp.com\\\/911equipment.ca\\\/wp-content\\\/uploads\\\/2020\\\/06\\\/UM-Deluxe_Inner_Belt-600.jpg?fit=529%2C529&ssl=1\",\"width\":529,\"height\":529,\"caption\":\"Ceinture interne deluxe Uncle Mike\"},{\"@type\":\"BreadcrumbList\",\"@id\":\"https:\\\/\\\/911equipment.ca\\\/fr\\\/produit\\\/ceinture-de-service-interne-deluxe-uncle-mike-copy\\\/#breadcrumb\",\"itemListElement\":[{\"@type\":\"ListItem\",\"position\":1,\"name\":\"Home\",\"item\":\"https:\\\/\\\/911equipment.ca\\\/fr\\\/\"},{\"@type\":\"ListItem\",\"position\":2,\"name\":\"Magasiner\",\"item\":\"https:\\\/\\\/911equipment.ca\\\/fr\\\/magasiner\\\/\"},{\"@type\":\"ListItem\",\"position\":3,\"name\":\"Ceinture de service interne deluxe Uncle Mike\"}]},{\"@type\":\"WebSite\",\"@id\":\"https:\\\/\\\/911equipment.ca\\\/fr\\\/#website\",\"url\":\"https:\\\/\\\/911equipment.ca\\\/fr\\\/\",\"name\":\"Canadian Police Supplies\",\"description\":\"Online retail of police, law enforcement and security supplies, gears and equipment.\",\"publisher\":{\"@id\":\"https:\\\/\\\/911equipment.ca\\\/fr\\\/#organization\"},\"potentialAction\":[{\"@type\":\"SearchAction\",\"target\":{\"@type\":\"EntryPoint\",\"urlTemplate\":\"https:\\\/\\\/911equipment.ca\\\/fr\\\/?s={search_term_string}\"},\"query-input\":{\"@type\":\"PropertyValueSpecification\",\"valueRequired\":true,\"valueName\":\"search_term_string\"}}],\"inLanguage\":\"fr-CA\"},{\"@type\":\"Organization\",\"@id\":\"https:\\\/\\\/911equipment.ca\\\/fr\\\/#organization\",\"name\":\"NatPat Lt\u00e9e\",\"url\":\"https:\\\/\\\/911equipment.ca\\\/fr\\\/\",\"logo\":{\"@type\":\"ImageObject\",\"inLanguage\":\"fr-CA\",\"@id\":\"https:\\\/\\\/911equipment.ca\\\/fr\\\/#\\\/schema\\\/logo\\\/image\\\/\",\"url\":\"https:\\\/\\\/i2.wp.com\\\/911equipment.ca\\\/wp-content\\\/uploads\\\/2020\\\/05\\\/NatPat-Logo-Oct-2010.jpg?fit=560%2C560&ssl=1\",\"contentUrl\":\"https:\\\/\\\/i2.wp.com\\\/911equipment.ca\\\/wp-content\\\/uploads\\\/2020\\\/05\\\/NatPat-Logo-Oct-2010.jpg?fit=560%2C560&ssl=1\",\"width\":560,\"height\":560,\"caption\":\"NatPat Lt\u00e9e\"},\"image\":{\"@id\":\"https:\\\/\\\/911equipment.ca\\\/fr\\\/#\\\/schema\\\/logo\\\/image\\\/\"}}]}<\/script>\n<!-- \/ Yoast SEO plugin. -->","yoast_head_json":{"title":"Ceinture de service interne deluxe Uncle Mike - NatPat Ltd - Canadian Police Supplies","robots":{"index":"index","follow":"follow","max-snippet":"max-snippet:-1","max-image-preview":"max-image-preview:large","max-video-preview":"max-video-preview:-1"},"canonical":"https:\/\/911equipment.ca\/fr\/produit\/ceinture-de-service-interne-deluxe-uncle-mike-copy\/","og_locale":"fr_CA","og_type":"article","og_title":"Ceinture de service interne deluxe Uncle Mike - NatPat Ltd - Canadian Police Supplies","og_description":"La ceinture int\u00e9rieure deluxe est en nylon de 1-1\/2\" et est r\u00e9glable par crochet et boucle.  Pour une utilisation l\u00e9g\u00e8re \u00e0 mod\u00e9r\u00e9e","og_url":"https:\/\/911equipment.ca\/fr\/produit\/ceinture-de-service-interne-deluxe-uncle-mike-copy\/","og_site_name":"NatPat Ltd - Canadian Police Supplies","article_modified_time":"2024-07-09T21:38:06+00:00","og_image":[{"width":529,"height":529,"url":"https:\/\/911equipment.ca\/wp-content\/uploads\/2020\/06\/UM-Deluxe_Inner_Belt-600.jpg","type":"image\/jpeg"}],"twitter_card":"summary_large_image","schema":{"@context":"https:\/\/schema.org","@graph":[{"@type":"WebPage","@id":"https:\/\/911equipment.ca\/fr\/produit\/ceinture-de-service-interne-deluxe-uncle-mike-copy\/","url":"https:\/\/911equipment.ca\/fr\/produit\/ceinture-de-service-interne-deluxe-uncle-mike-copy\/","name":"Ceinture de service interne deluxe Uncle Mike - NatPat Ltd - Canadian Police Supplies","isPartOf":{"@id":"https:\/\/911equipment.ca\/fr\/#website"},"primaryImageOfPage":{"@id":"https:\/\/911equipment.ca\/fr\/produit\/ceinture-de-service-interne-deluxe-uncle-mike-copy\/#primaryimage"},"image":{"@id":"https:\/\/911equipment.ca\/fr\/produit\/ceinture-de-service-interne-deluxe-uncle-mike-copy\/#primaryimage"},"thumbnailUrl":"https:\/\/i0.wp.com\/911equipment.ca\/wp-content\/uploads\/2020\/06\/UM-Deluxe_Inner_Belt-600.jpg?fit=529%2C529&ssl=1","datePublished":"2020-06-19T23:38:54+00:00","dateModified":"2024-07-09T21:38:06+00:00","breadcrumb":{"@id":"https:\/\/911equipment.ca\/fr\/produit\/ceinture-de-service-interne-deluxe-uncle-mike-copy\/#breadcrumb"},"inLanguage":"fr-CA","potentialAction":[{"@type":"ReadAction","target":["https:\/\/911equipment.ca\/fr\/produit\/ceinture-de-service-interne-deluxe-uncle-mike-copy\/"]}]},{"@type":"ImageObject","inLanguage":"fr-CA","@id":"https:\/\/911equipment.ca\/fr\/produit\/ceinture-de-service-interne-deluxe-uncle-mike-copy\/#primaryimage","url":"https:\/\/i0.wp.com\/911equipment.ca\/wp-content\/uploads\/2020\/06\/UM-Deluxe_Inner_Belt-600.jpg?fit=529%2C529&ssl=1","contentUrl":"https:\/\/i0.wp.com\/911equipment.ca\/wp-content\/uploads\/2020\/06\/UM-Deluxe_Inner_Belt-600.jpg?fit=529%2C529&ssl=1","width":529,"height":529,"caption":"Ceinture interne deluxe Uncle Mike"},{"@type":"BreadcrumbList","@id":"https:\/\/911equipment.ca\/fr\/produit\/ceinture-de-service-interne-deluxe-uncle-mike-copy\/#breadcrumb","itemListElement":[{"@type":"ListItem","position":1,"name":"Home","item":"https:\/\/911equipment.ca\/fr\/"},{"@type":"ListItem","position":2,"name":"Magasiner","item":"https:\/\/911equipment.ca\/fr\/magasiner\/"},{"@type":"ListItem","position":3,"name":"Ceinture de service interne deluxe Uncle Mike"}]},{"@type":"WebSite","@id":"https:\/\/911equipment.ca\/fr\/#website","url":"https:\/\/911equipment.ca\/fr\/","name":"Canadian Police Supplies","description":"Online retail of police, law enforcement and security supplies, gears and equipment.","publisher":{"@id":"https:\/\/911equipment.ca\/fr\/#organization"},"potentialAction":[{"@type":"SearchAction","target":{"@type":"EntryPoint","urlTemplate":"https:\/\/911equipment.ca\/fr\/?s={search_term_string}"},"query-input":{"@type":"PropertyValueSpecification","valueRequired":true,"valueName":"search_term_string"}}],"inLanguage":"fr-CA"},{"@type":"Organization","@id":"https:\/\/911equipment.ca\/fr\/#organization","name":"NatPat Lt\u00e9e","url":"https:\/\/911equipment.ca\/fr\/","logo":{"@type":"ImageObject","inLanguage":"fr-CA","@id":"https:\/\/911equipment.ca\/fr\/#\/schema\/logo\/image\/","url":"https:\/\/i2.wp.com\/911equipment.ca\/wp-content\/uploads\/2020\/05\/NatPat-Logo-Oct-2010.jpg?fit=560%2C560&ssl=1","contentUrl":"https:\/\/i2.wp.com\/911equipment.ca\/wp-content\/uploads\/2020\/05\/NatPat-Logo-Oct-2010.jpg?fit=560%2C560&ssl=1","width":560,"height":560,"caption":"NatPat Lt\u00e9e"},"image":{"@id":"https:\/\/911equipment.ca\/fr\/#\/schema\/logo\/image\/"}}]}},"jetpack_sharing_enabled":true,"brands":[{"id":346,"name":"Uncle Mike&#8217;s","slug":"uncle-mikes-fr"}],"_links":{"self":[{"href":"https:\/\/911equipment.ca\/fr\/wp-json\/wp\/v2\/product\/3164","targetHints":{"allow":["GET"]}}],"collection":[{"href":"https:\/\/911equipment.ca\/fr\/wp-json\/wp\/v2\/product"}],"about":[{"href":"https:\/\/911equipment.ca\/fr\/wp-json\/wp\/v2\/types\/product"}],"replies":[{"embeddable":true,"href":"https:\/\/911equipment.ca\/fr\/wp-json\/wp\/v2\/comments?post=3164"}],"wp:featuredmedia":[{"embeddable":true,"href":"https:\/\/911equipment.ca\/fr\/wp-json\/wp\/v2\/media\/3170"}],"wp:attachment":[{"href":"https:\/\/911equipment.ca\/fr\/wp-json\/wp\/v2\/media?parent=3164"}],"wp:term":[{"taxonomy":"pwb-brand","embeddable":true,"href":"https:\/\/911equipment.ca\/fr\/wp-json\/wp\/v2\/pwb-brand?post=3164"},{"taxonomy":"product_brand","embeddable":true,"href":"https:\/\/911equipment.ca\/fr\/wp-json\/wp\/v2\/product_brand?post=3164"},{"taxonomy":"product_cat","embeddable":true,"href":"https:\/\/911equipment.ca\/fr\/wp-json\/wp\/v2\/product_cat?post=3164"},{"taxonomy":"product_tag","embeddable":true,"href":"https:\/\/911equipment.ca\/fr\/wp-json\/wp\/v2\/product_tag?post=3164"}],"curies":[{"name":"wp","href":"https:\/\/api.w.org\/{rel}","templated":true}]}}