{"id":3057,"date":"2020-05-20T14:26:06","date_gmt":"2020-05-20T14:26:06","guid":{"rendered":"https:\/\/911equipment.ca\/product\/classique-9-sz-impermeable-securitaire\/"},"modified":"2024-05-28T20:03:18","modified_gmt":"2024-05-29T00:03:18","slug":"classique-9-sz-impermeable-securitaire","status":"publish","type":"product","link":"https:\/\/911equipment.ca\/fr\/produit\/classique-9-sz-impermeable-securitaire\/","title":{"rendered":"Classique 9&Prime; SZ imperm\u00e9able s\u00e9curitaire"},"content":{"rendered":"<h3>Caract\u00e9ristiques et avantages<\/h3>\n<div>\n<ul>\n<li>Tige en cuir \/ Cordura\u00ae 1000 deniers avec talon et pointe polissables<\/li>\n<li>Fermeture \u00e0 glissi\u00e8re lat\u00e9rale YKK\u00ae durable pour ajustement et retrait faciles avec une fermeture \u00e0 languette<\/li>\n<li>La pointe de s\u00e9curit\u00e9 en composite d\u00e9passe les normes CSA CAN \/ CSA Z195-02 et r\u00e9siste aux impacts jusqu&rsquo;\u00e0 200 Joules<\/li>\n<li>R\u00e9sistance aux chocs \u00e9lectriques certifi\u00e9e selon la norme CSA Omega<\/li>\n<li>Construction de chausson imperm\u00e9able HydroGuard<\/li>\n<li>R\u00e9sistant aux agents pathog\u00e8nes transmissibles par le sang<\/li>\n<li>Col et languette rembourr\u00e9s de mousse pour protection et respirabilit\u00e9 accrues<\/li>\n<li>Col en PU pour un nettoyage facile<\/li>\n<li>Languette \u00e0 soufflet pour emp\u00eacher la salet\u00e9 et les d\u00e9bris d&rsquo;entrer<\/li>\n<li>Alliage de laiton durable, mat\u00e9riel antirouille<\/li>\n<li>Doublure anti-humidit\u00e9 avec protection antimicrobienne AEGIS<\/li>\n<li>Semelle int\u00e9rieure amovible en EVA avec coussinets de performance Poron\u00ae<\/li>\n<li>Tige en nylon pour un soutien l\u00e9ger et contr\u00f4le de la fatigue<\/li>\n<li>Le panneau anti-p\u00e9n\u00e9tration L-Protection\u00ae non m\u00e9tallique LENZI\u00ae prot\u00e8ge vos pieds des dangers de perforation gr\u00e2ce \u00e0 la c\u00e9ramique pr\u00e9trait\u00e9e et aux fibres \u00e0 haute t\u00e9nacit\u00e9<\/li>\n<li>Contrefort et talon en thermoplastique moul\u00e9s sur mesure pour un confort instantan\u00e9 et un maintien lat\u00e9ral<\/li>\n<li>La formulation de la semelle ext\u00e9rieure Chase r\u00e9sistante au glissement et \u00e0 l&rsquo;huile, non marquante, offre traction et souplesse m\u00eame dans des conditions glaciales pour une r\u00e9sistance au glissement ultime<\/li>\n<\/ul>\n<p>54 Oz. (1520 g)<\/p>\n<\/div>\n","protected":false},"excerpt":{"rendered":"<p>\u00c9prouv\u00e9 et pl\u00e9biscit\u00e9 par ses utilisateurs, le mod\u00e8le Classique 9&Prime; s\u00e9curitaire imperm\u00e9able zipper garantit les niveaux de s\u00e9curit\u00e9 et de performances indispensables pour mener \u00e0 bien votre tavail. Gr\u00e2ce \u00e0 l&rsquo;insert LENZI non m\u00e9tallique contenu dans cette botte imperm\u00e9able, vous \u00eates prot\u00e9g\u00e9 contre les dangers de l&rsquo;environnement dans lequel vous \u00e9voluez.<\/p>\n<p><span style=\"color: #ff0000;\"><strong>Liquidation \u00e0 50% du prix r\u00e9gulier \u2013 Bottes en stock seulement<\/strong><\/span><\/p>\n<p><strong>Pointures disponibles<br \/>\n<\/strong>R\u00e9guli\u00e8re 6.5, 7.0, 8.0, 8.5, 11.5, 14.0, 15.0 \/ Large 7.0, 8.0, 8.5, 13.0<\/p>\n","protected":false},"featured_media":1831,"comment_status":"open","ping_status":"closed","template":"","meta":[],"pwb-brand":[336],"product_brand":[],"product_cat":[191,207],"product_tag":[239,242,240,243,267,244],"class_list":{"0":"post-3057","1":"product","2":"type-product","3":"status-publish","4":"has-post-thumbnail","6":"pwb-brand-original-swat-fr","7":"product_cat-liquidation","8":"product_cat-serie-securitaire","9":"product_tag-approbation-csa","10":"product_tag-bottes","11":"product_tag-bottes-de-police","12":"product_tag-impermeable","13":"product_tag-resistant-agents-pathogenes","14":"product_tag-zipper","16":"first","17":"instock","18":"sale","19":"taxable","20":"shipping-taxable","21":"purchasable","22":"product-type-variable"},"yoast_head":"<!-- This site is optimized with the Yoast SEO plugin v27.3 - https:\/\/yoast.com\/product\/yoast-seo-wordpress\/ -->\n<title>Classique 9&quot; SZ imperm\u00e9able s\u00e9curitaire - NatPat Ltd - Canadian Police Supplies<\/title>\n<meta name=\"description\" content=\"La botte Original SWAT 9 \u00bb composite imperm\u00e9able avec zipper offre les caract\u00e9ristiques de s\u00e9curit\u00e9 et de performance sur lesquelles vous comptez pour faire le travail.\" \/>\n<meta name=\"robots\" content=\"index, follow, max-snippet:-1, max-image-preview:large, max-video-preview:-1\" \/>\n<link rel=\"canonical\" href=\"https:\/\/911equipment.ca\/fr\/produit\/classique-9-sz-impermeable-securitaire\/\" \/>\n<meta property=\"og:locale\" content=\"fr_CA\" \/>\n<meta property=\"og:type\" content=\"article\" \/>\n<meta property=\"og:title\" content=\"Classique 9&quot; SZ imperm\u00e9able s\u00e9curitaire - NatPat Ltd - Canadian Police Supplies\" \/>\n<meta property=\"og:description\" content=\"La botte Original SWAT 9 \u00bb composite imperm\u00e9able avec zipper offre les caract\u00e9ristiques de s\u00e9curit\u00e9 et de performance sur lesquelles vous comptez pour faire le travail.\" \/>\n<meta property=\"og:url\" content=\"https:\/\/911equipment.ca\/fr\/produit\/classique-9-sz-impermeable-securitaire\/\" \/>\n<meta property=\"og:site_name\" content=\"NatPat Ltd - Canadian Police Supplies\" \/>\n<meta property=\"article:modified_time\" content=\"2024-05-29T00:03:18+00:00\" \/>\n<meta property=\"og:image\" content=\"https:\/\/911equipment.ca\/wp-content\/uploads\/2020\/05\/Picture-OS-227201.jpg\" \/>\n\t<meta property=\"og:image:width\" content=\"800\" \/>\n\t<meta property=\"og:image:height\" content=\"800\" \/>\n\t<meta property=\"og:image:type\" content=\"image\/jpeg\" \/>\n<meta name=\"twitter:card\" content=\"summary_large_image\" \/>\n<meta name=\"twitter:label1\" content=\"Estimation du temps de lecture\" \/>\n\t<meta name=\"twitter:data1\" content=\"1 minute\" \/>\n<script type=\"application\/ld+json\" class=\"yoast-schema-graph\">{\"@context\":\"https:\\\/\\\/schema.org\",\"@graph\":[{\"@type\":\"WebPage\",\"@id\":\"https:\\\/\\\/911equipment.ca\\\/fr\\\/produit\\\/classique-9-sz-impermeable-securitaire\\\/\",\"url\":\"https:\\\/\\\/911equipment.ca\\\/fr\\\/produit\\\/classique-9-sz-impermeable-securitaire\\\/\",\"name\":\"Classique 9\\\" SZ imperm\u00e9able s\u00e9curitaire - NatPat Ltd - Canadian Police Supplies\",\"isPartOf\":{\"@id\":\"https:\\\/\\\/911equipment.ca\\\/fr\\\/#website\"},\"primaryImageOfPage\":{\"@id\":\"https:\\\/\\\/911equipment.ca\\\/fr\\\/produit\\\/classique-9-sz-impermeable-securitaire\\\/#primaryimage\"},\"image\":{\"@id\":\"https:\\\/\\\/911equipment.ca\\\/fr\\\/produit\\\/classique-9-sz-impermeable-securitaire\\\/#primaryimage\"},\"thumbnailUrl\":\"https:\\\/\\\/i0.wp.com\\\/911equipment.ca\\\/wp-content\\\/uploads\\\/2020\\\/05\\\/Picture-OS-227201.jpg?fit=800%2C800&ssl=1\",\"datePublished\":\"2020-05-20T14:26:06+00:00\",\"dateModified\":\"2024-05-29T00:03:18+00:00\",\"description\":\"La botte Original SWAT 9 \u00bb composite imperm\u00e9able avec zipper offre les caract\u00e9ristiques de s\u00e9curit\u00e9 et de performance sur lesquelles vous comptez pour faire le travail.\",\"breadcrumb\":{\"@id\":\"https:\\\/\\\/911equipment.ca\\\/fr\\\/produit\\\/classique-9-sz-impermeable-securitaire\\\/#breadcrumb\"},\"inLanguage\":\"fr-CA\",\"potentialAction\":[{\"@type\":\"ReadAction\",\"target\":[\"https:\\\/\\\/911equipment.ca\\\/fr\\\/produit\\\/classique-9-sz-impermeable-securitaire\\\/\"]}]},{\"@type\":\"ImageObject\",\"inLanguage\":\"fr-CA\",\"@id\":\"https:\\\/\\\/911equipment.ca\\\/fr\\\/produit\\\/classique-9-sz-impermeable-securitaire\\\/#primaryimage\",\"url\":\"https:\\\/\\\/i0.wp.com\\\/911equipment.ca\\\/wp-content\\\/uploads\\\/2020\\\/05\\\/Picture-OS-227201.jpg?fit=800%2C800&ssl=1\",\"contentUrl\":\"https:\\\/\\\/i0.wp.com\\\/911equipment.ca\\\/wp-content\\\/uploads\\\/2020\\\/05\\\/Picture-OS-227201.jpg?fit=800%2C800&ssl=1\",\"width\":800,\"height\":800,\"caption\":\"Bottes SWAT mod\u00e8le 227201\"},{\"@type\":\"BreadcrumbList\",\"@id\":\"https:\\\/\\\/911equipment.ca\\\/fr\\\/produit\\\/classique-9-sz-impermeable-securitaire\\\/#breadcrumb\",\"itemListElement\":[{\"@type\":\"ListItem\",\"position\":1,\"name\":\"Home\",\"item\":\"https:\\\/\\\/911equipment.ca\\\/fr\\\/\"},{\"@type\":\"ListItem\",\"position\":2,\"name\":\"Magasiner\",\"item\":\"https:\\\/\\\/911equipment.ca\\\/fr\\\/magasiner\\\/\"},{\"@type\":\"ListItem\",\"position\":3,\"name\":\"Classique 9&#8243; SZ imperm\u00e9able s\u00e9curitaire\"}]},{\"@type\":\"WebSite\",\"@id\":\"https:\\\/\\\/911equipment.ca\\\/fr\\\/#website\",\"url\":\"https:\\\/\\\/911equipment.ca\\\/fr\\\/\",\"name\":\"Canadian Police Supplies\",\"description\":\"Online retail of police, law enforcement and security supplies, gears and equipment.\",\"publisher\":{\"@id\":\"https:\\\/\\\/911equipment.ca\\\/fr\\\/#organization\"},\"potentialAction\":[{\"@type\":\"SearchAction\",\"target\":{\"@type\":\"EntryPoint\",\"urlTemplate\":\"https:\\\/\\\/911equipment.ca\\\/fr\\\/?s={search_term_string}\"},\"query-input\":{\"@type\":\"PropertyValueSpecification\",\"valueRequired\":true,\"valueName\":\"search_term_string\"}}],\"inLanguage\":\"fr-CA\"},{\"@type\":\"Organization\",\"@id\":\"https:\\\/\\\/911equipment.ca\\\/fr\\\/#organization\",\"name\":\"NatPat Lt\u00e9e\",\"url\":\"https:\\\/\\\/911equipment.ca\\\/fr\\\/\",\"logo\":{\"@type\":\"ImageObject\",\"inLanguage\":\"fr-CA\",\"@id\":\"https:\\\/\\\/911equipment.ca\\\/fr\\\/#\\\/schema\\\/logo\\\/image\\\/\",\"url\":\"https:\\\/\\\/i2.wp.com\\\/911equipment.ca\\\/wp-content\\\/uploads\\\/2020\\\/05\\\/NatPat-Logo-Oct-2010.jpg?fit=560%2C560&ssl=1\",\"contentUrl\":\"https:\\\/\\\/i2.wp.com\\\/911equipment.ca\\\/wp-content\\\/uploads\\\/2020\\\/05\\\/NatPat-Logo-Oct-2010.jpg?fit=560%2C560&ssl=1\",\"width\":560,\"height\":560,\"caption\":\"NatPat Lt\u00e9e\"},\"image\":{\"@id\":\"https:\\\/\\\/911equipment.ca\\\/fr\\\/#\\\/schema\\\/logo\\\/image\\\/\"}}]}<\/script>\n<!-- \/ Yoast SEO plugin. -->","yoast_head_json":{"title":"Classique 9\" SZ imperm\u00e9able s\u00e9curitaire - NatPat Ltd - Canadian Police Supplies","description":"La botte Original SWAT 9 \u00bb composite imperm\u00e9able avec zipper offre les caract\u00e9ristiques de s\u00e9curit\u00e9 et de performance sur lesquelles vous comptez pour faire le travail.","robots":{"index":"index","follow":"follow","max-snippet":"max-snippet:-1","max-image-preview":"max-image-preview:large","max-video-preview":"max-video-preview:-1"},"canonical":"https:\/\/911equipment.ca\/fr\/produit\/classique-9-sz-impermeable-securitaire\/","og_locale":"fr_CA","og_type":"article","og_title":"Classique 9\" SZ imperm\u00e9able s\u00e9curitaire - NatPat Ltd - Canadian Police Supplies","og_description":"La botte Original SWAT 9 \u00bb composite imperm\u00e9able avec zipper offre les caract\u00e9ristiques de s\u00e9curit\u00e9 et de performance sur lesquelles vous comptez pour faire le travail.","og_url":"https:\/\/911equipment.ca\/fr\/produit\/classique-9-sz-impermeable-securitaire\/","og_site_name":"NatPat Ltd - Canadian Police Supplies","article_modified_time":"2024-05-29T00:03:18+00:00","og_image":[{"width":800,"height":800,"url":"https:\/\/911equipment.ca\/wp-content\/uploads\/2020\/05\/Picture-OS-227201.jpg","type":"image\/jpeg"}],"twitter_card":"summary_large_image","twitter_misc":{"Estimation du temps de lecture":"1 minute"},"schema":{"@context":"https:\/\/schema.org","@graph":[{"@type":"WebPage","@id":"https:\/\/911equipment.ca\/fr\/produit\/classique-9-sz-impermeable-securitaire\/","url":"https:\/\/911equipment.ca\/fr\/produit\/classique-9-sz-impermeable-securitaire\/","name":"Classique 9\" SZ imperm\u00e9able s\u00e9curitaire - NatPat Ltd - Canadian Police Supplies","isPartOf":{"@id":"https:\/\/911equipment.ca\/fr\/#website"},"primaryImageOfPage":{"@id":"https:\/\/911equipment.ca\/fr\/produit\/classique-9-sz-impermeable-securitaire\/#primaryimage"},"image":{"@id":"https:\/\/911equipment.ca\/fr\/produit\/classique-9-sz-impermeable-securitaire\/#primaryimage"},"thumbnailUrl":"https:\/\/i0.wp.com\/911equipment.ca\/wp-content\/uploads\/2020\/05\/Picture-OS-227201.jpg?fit=800%2C800&ssl=1","datePublished":"2020-05-20T14:26:06+00:00","dateModified":"2024-05-29T00:03:18+00:00","description":"La botte Original SWAT 9 \u00bb composite imperm\u00e9able avec zipper offre les caract\u00e9ristiques de s\u00e9curit\u00e9 et de performance sur lesquelles vous comptez pour faire le travail.","breadcrumb":{"@id":"https:\/\/911equipment.ca\/fr\/produit\/classique-9-sz-impermeable-securitaire\/#breadcrumb"},"inLanguage":"fr-CA","potentialAction":[{"@type":"ReadAction","target":["https:\/\/911equipment.ca\/fr\/produit\/classique-9-sz-impermeable-securitaire\/"]}]},{"@type":"ImageObject","inLanguage":"fr-CA","@id":"https:\/\/911equipment.ca\/fr\/produit\/classique-9-sz-impermeable-securitaire\/#primaryimage","url":"https:\/\/i0.wp.com\/911equipment.ca\/wp-content\/uploads\/2020\/05\/Picture-OS-227201.jpg?fit=800%2C800&ssl=1","contentUrl":"https:\/\/i0.wp.com\/911equipment.ca\/wp-content\/uploads\/2020\/05\/Picture-OS-227201.jpg?fit=800%2C800&ssl=1","width":800,"height":800,"caption":"Bottes SWAT mod\u00e8le 227201"},{"@type":"BreadcrumbList","@id":"https:\/\/911equipment.ca\/fr\/produit\/classique-9-sz-impermeable-securitaire\/#breadcrumb","itemListElement":[{"@type":"ListItem","position":1,"name":"Home","item":"https:\/\/911equipment.ca\/fr\/"},{"@type":"ListItem","position":2,"name":"Magasiner","item":"https:\/\/911equipment.ca\/fr\/magasiner\/"},{"@type":"ListItem","position":3,"name":"Classique 9&#8243; SZ imperm\u00e9able s\u00e9curitaire"}]},{"@type":"WebSite","@id":"https:\/\/911equipment.ca\/fr\/#website","url":"https:\/\/911equipment.ca\/fr\/","name":"Canadian Police Supplies","description":"Online retail of police, law enforcement and security supplies, gears and equipment.","publisher":{"@id":"https:\/\/911equipment.ca\/fr\/#organization"},"potentialAction":[{"@type":"SearchAction","target":{"@type":"EntryPoint","urlTemplate":"https:\/\/911equipment.ca\/fr\/?s={search_term_string}"},"query-input":{"@type":"PropertyValueSpecification","valueRequired":true,"valueName":"search_term_string"}}],"inLanguage":"fr-CA"},{"@type":"Organization","@id":"https:\/\/911equipment.ca\/fr\/#organization","name":"NatPat Lt\u00e9e","url":"https:\/\/911equipment.ca\/fr\/","logo":{"@type":"ImageObject","inLanguage":"fr-CA","@id":"https:\/\/911equipment.ca\/fr\/#\/schema\/logo\/image\/","url":"https:\/\/i2.wp.com\/911equipment.ca\/wp-content\/uploads\/2020\/05\/NatPat-Logo-Oct-2010.jpg?fit=560%2C560&ssl=1","contentUrl":"https:\/\/i2.wp.com\/911equipment.ca\/wp-content\/uploads\/2020\/05\/NatPat-Logo-Oct-2010.jpg?fit=560%2C560&ssl=1","width":560,"height":560,"caption":"NatPat Lt\u00e9e"},"image":{"@id":"https:\/\/911equipment.ca\/fr\/#\/schema\/logo\/image\/"}}]}},"jetpack_sharing_enabled":true,"brands":[{"id":336,"name":"Original SWAT","slug":"original-swat-fr"}],"_links":{"self":[{"href":"https:\/\/911equipment.ca\/fr\/wp-json\/wp\/v2\/product\/3057","targetHints":{"allow":["GET"]}}],"collection":[{"href":"https:\/\/911equipment.ca\/fr\/wp-json\/wp\/v2\/product"}],"about":[{"href":"https:\/\/911equipment.ca\/fr\/wp-json\/wp\/v2\/types\/product"}],"replies":[{"embeddable":true,"href":"https:\/\/911equipment.ca\/fr\/wp-json\/wp\/v2\/comments?post=3057"}],"wp:featuredmedia":[{"embeddable":true,"href":"https:\/\/911equipment.ca\/fr\/wp-json\/wp\/v2\/media\/1831"}],"wp:attachment":[{"href":"https:\/\/911equipment.ca\/fr\/wp-json\/wp\/v2\/media?parent=3057"}],"wp:term":[{"taxonomy":"pwb-brand","embeddable":true,"href":"https:\/\/911equipment.ca\/fr\/wp-json\/wp\/v2\/pwb-brand?post=3057"},{"taxonomy":"product_brand","embeddable":true,"href":"https:\/\/911equipment.ca\/fr\/wp-json\/wp\/v2\/product_brand?post=3057"},{"taxonomy":"product_cat","embeddable":true,"href":"https:\/\/911equipment.ca\/fr\/wp-json\/wp\/v2\/product_cat?post=3057"},{"taxonomy":"product_tag","embeddable":true,"href":"https:\/\/911equipment.ca\/fr\/wp-json\/wp\/v2\/product_tag?post=3057"}],"curies":[{"name":"wp","href":"https:\/\/api.w.org\/{rel}","templated":true}]}}