{"id":2876,"date":"2020-05-21T15:34:24","date_gmt":"2020-05-21T15:34:24","guid":{"rendered":"https:\/\/911equipment.ca\/product\/classique-6\/"},"modified":"2024-05-29T09:37:07","modified_gmt":"2024-05-29T13:37:07","slug":"classique-6","status":"publish","type":"product","link":"https:\/\/911equipment.ca\/fr\/produit\/classique-6\/","title":{"rendered":"Classique 6&Prime;"},"content":{"rendered":"<h3>Caract\u00e9ristiques et avantages<\/h3>\n<div>\n<ul>\n<li>Tige en cuir \/ Cordura\u00ae 1000 deniers pour durabilit\u00e9 et confort am\u00e9lior\u00e9s<\/li>\n<li>Col et languette rembourr\u00e9s de mousse pour une protection et une respirabilit\u00e9 accrues<\/li>\n<li>Col en PU pour un nettoyage facile<\/li>\n<li>Languette \u00e0 soufflet pour emp\u00eacher la salet\u00e9 et les d\u00e9bris d&rsquo;entrer<\/li>\n<li>Alliage de laiton durable, mat\u00e9riel antirouille<\/li>\n<li>Doublure anti-humidit\u00e9 avec protection antimicrobienne AEGIS<\/li>\n<li>Semelle int\u00e9rieure amovible en EVA<\/li>\n<li>Semelle intercalaire en Phylon EVA moul\u00e9 pour confort l\u00e9ger et support accrue<\/li>\n<li>Plateforme de stabilit\u00e9 Texon pour soutien lat\u00e9ral et rigidit\u00e9 en torsion<\/li>\n<li>Talon et pointe cousus pour plus de durabilit\u00e9 et une dur\u00e9e de vie accrue<\/li>\n<li>Tige en acier pour un soutien sup\u00e9rieur<\/li>\n<li>Contrefort et talon en thermoplastique moul\u00e9s pour confort instantan\u00e9 et maintien lat\u00e9ral<\/li>\n<li>Semelle ext\u00e9rieure classique: caoutchouc antid\u00e9rapant et r\u00e9sistant \u00e0 l&rsquo;huile, non marquant<\/li>\n<\/ul>\n<p>36 Oz. (1014 g)<\/p>\n<p>Garantie de confort de 60 jours | Garantie du fabricant de 1 an<\/p>\n<\/div>\n<div><\/div>\n","protected":false},"excerpt":{"rendered":"<p>Tout comme le mod\u00e8le de 9&Prime;, la botte Classique 6&Prime; garantit les niveaux de confort et de performance l\u00e9gendaires d&rsquo;Original SWAT. Ne vous laissez pas duper par son apparence modeste. Vous pouvez vous concentrer sur votre mission tout en ayant la garantie que ces chaussures sont con\u00e7ues pour faire face \u00e0 tous les types de situation.<\/p>\n<p><span style=\"color: #ff0000;\"><strong>Liquidation \u00e0 50% du prix r\u00e9gulier \u2013 Bottes EN STOCK seulement<\/strong><\/span><\/p>\n<p><strong>Seules Pointures disponibles<\/strong><br \/>\nR\u00e9guli\u00e8re: 9.5, 13.0, 14.0<\/p>\n","protected":false},"featured_media":2877,"comment_status":"open","ping_status":"closed","template":"","meta":[],"pwb-brand":[336],"product_brand":[],"product_cat":[191,205],"product_tag":[265,240],"class_list":{"0":"post-2876","1":"product","2":"type-product","3":"status-publish","4":"has-post-thumbnail","6":"pwb-brand-original-swat-fr","7":"product_cat-liquidation","8":"product_cat-serie-classique","9":"product_tag-antiderapant","10":"product_tag-bottes-de-police","12":"first","13":"instock","14":"sale","15":"taxable","16":"shipping-taxable","17":"purchasable","18":"product-type-variable"},"yoast_head":"<!-- This site is optimized with the Yoast SEO plugin v27.6 - https:\/\/yoast.com\/product\/yoast-seo-wordpress\/ -->\n<title>Bottes Original SWAT de 6&quot;<\/title>\n<meta name=\"description\" content=\"La botte SWAT Classic 6 &quot;est con\u00e7ue pour un confort et des performances toute la journ\u00e9e. La botte est con\u00e7ue pour r\u00e9pondre aux exigences de toutes les situations.\" \/>\n<meta name=\"robots\" content=\"index, follow, max-snippet:-1, max-image-preview:large, max-video-preview:-1\" \/>\n<link rel=\"canonical\" href=\"https:\/\/911equipment.ca\/fr\/produit\/classique-6\/\" \/>\n<meta property=\"og:locale\" content=\"fr_CA\" \/>\n<meta property=\"og:type\" content=\"article\" \/>\n<meta property=\"og:title\" content=\"Bottes Original SWAT de 6&quot;\" \/>\n<meta property=\"og:description\" content=\"La botte SWAT Classic 6 &quot;est con\u00e7ue pour un confort et des performances toute la journ\u00e9e. La botte est con\u00e7ue pour r\u00e9pondre aux exigences de toutes les situations.\" \/>\n<meta property=\"og:url\" content=\"https:\/\/911equipment.ca\/fr\/produit\/classique-6\/\" \/>\n<meta property=\"og:site_name\" content=\"NatPat Ltd - Canadian Police Supplies\" \/>\n<meta property=\"article:modified_time\" content=\"2024-05-29T13:37:07+00:00\" \/>\n<meta property=\"og:image\" content=\"https:\/\/911equipment.ca\/wp-content\/uploads\/2020\/05\/115101.jpg\" \/>\n\t<meta property=\"og:image:width\" content=\"1044\" \/>\n\t<meta property=\"og:image:height\" content=\"1045\" \/>\n\t<meta property=\"og:image:type\" content=\"image\/jpeg\" \/>\n<meta name=\"twitter:card\" content=\"summary_large_image\" \/>\n<meta name=\"twitter:label1\" content=\"Estimation du temps de lecture\" \/>\n\t<meta name=\"twitter:data1\" content=\"1 minute\" \/>\n<script type=\"application\/ld+json\" class=\"yoast-schema-graph\">{\"@context\":\"https:\\\/\\\/schema.org\",\"@graph\":[{\"@type\":\"WebPage\",\"@id\":\"https:\\\/\\\/911equipment.ca\\\/fr\\\/produit\\\/classique-6\\\/\",\"url\":\"https:\\\/\\\/911equipment.ca\\\/fr\\\/produit\\\/classique-6\\\/\",\"name\":\"Bottes Original SWAT de 6\\\"\",\"isPartOf\":{\"@id\":\"https:\\\/\\\/911equipment.ca\\\/fr\\\/#website\"},\"primaryImageOfPage\":{\"@id\":\"https:\\\/\\\/911equipment.ca\\\/fr\\\/produit\\\/classique-6\\\/#primaryimage\"},\"image\":{\"@id\":\"https:\\\/\\\/911equipment.ca\\\/fr\\\/produit\\\/classique-6\\\/#primaryimage\"},\"thumbnailUrl\":\"https:\\\/\\\/i0.wp.com\\\/911equipment.ca\\\/wp-content\\\/uploads\\\/2020\\\/05\\\/115101.jpg?fit=1044%2C1045&ssl=1\",\"datePublished\":\"2020-05-21T15:34:24+00:00\",\"dateModified\":\"2024-05-29T13:37:07+00:00\",\"description\":\"La botte SWAT Classic 6 \\\"est con\u00e7ue pour un confort et des performances toute la journ\u00e9e. La botte est con\u00e7ue pour r\u00e9pondre aux exigences de toutes les situations.\",\"breadcrumb\":{\"@id\":\"https:\\\/\\\/911equipment.ca\\\/fr\\\/produit\\\/classique-6\\\/#breadcrumb\"},\"inLanguage\":\"fr-CA\",\"potentialAction\":[{\"@type\":\"ReadAction\",\"target\":[\"https:\\\/\\\/911equipment.ca\\\/fr\\\/produit\\\/classique-6\\\/\"]}]},{\"@type\":\"ImageObject\",\"inLanguage\":\"fr-CA\",\"@id\":\"https:\\\/\\\/911equipment.ca\\\/fr\\\/produit\\\/classique-6\\\/#primaryimage\",\"url\":\"https:\\\/\\\/i0.wp.com\\\/911equipment.ca\\\/wp-content\\\/uploads\\\/2020\\\/05\\\/115101.jpg?fit=1044%2C1045&ssl=1\",\"contentUrl\":\"https:\\\/\\\/i0.wp.com\\\/911equipment.ca\\\/wp-content\\\/uploads\\\/2020\\\/05\\\/115101.jpg?fit=1044%2C1045&ssl=1\",\"width\":1044,\"height\":1045,\"caption\":\"Bottes SWAT mod\u00e8le 115101\"},{\"@type\":\"BreadcrumbList\",\"@id\":\"https:\\\/\\\/911equipment.ca\\\/fr\\\/produit\\\/classique-6\\\/#breadcrumb\",\"itemListElement\":[{\"@type\":\"ListItem\",\"position\":1,\"name\":\"Home\",\"item\":\"https:\\\/\\\/911equipment.ca\\\/fr\\\/\"},{\"@type\":\"ListItem\",\"position\":2,\"name\":\"Magasiner\",\"item\":\"https:\\\/\\\/911equipment.ca\\\/fr\\\/magasiner\\\/\"},{\"@type\":\"ListItem\",\"position\":3,\"name\":\"Classique 6&#8243;\"}]},{\"@type\":\"WebSite\",\"@id\":\"https:\\\/\\\/911equipment.ca\\\/fr\\\/#website\",\"url\":\"https:\\\/\\\/911equipment.ca\\\/fr\\\/\",\"name\":\"Canadian Police Supplies\",\"description\":\"Online retail of police, law enforcement and security supplies, gears and equipment.\",\"publisher\":{\"@id\":\"https:\\\/\\\/911equipment.ca\\\/fr\\\/#organization\"},\"potentialAction\":[{\"@type\":\"SearchAction\",\"target\":{\"@type\":\"EntryPoint\",\"urlTemplate\":\"https:\\\/\\\/911equipment.ca\\\/fr\\\/?s={search_term_string}\"},\"query-input\":{\"@type\":\"PropertyValueSpecification\",\"valueRequired\":true,\"valueName\":\"search_term_string\"}}],\"inLanguage\":\"fr-CA\"},{\"@type\":\"Organization\",\"@id\":\"https:\\\/\\\/911equipment.ca\\\/fr\\\/#organization\",\"name\":\"NatPat Lt\u00e9e\",\"url\":\"https:\\\/\\\/911equipment.ca\\\/fr\\\/\",\"logo\":{\"@type\":\"ImageObject\",\"inLanguage\":\"fr-CA\",\"@id\":\"https:\\\/\\\/911equipment.ca\\\/fr\\\/#\\\/schema\\\/logo\\\/image\\\/\",\"url\":\"https:\\\/\\\/i2.wp.com\\\/911equipment.ca\\\/wp-content\\\/uploads\\\/2020\\\/05\\\/NatPat-Logo-Oct-2010.jpg?fit=560%2C560&ssl=1\",\"contentUrl\":\"https:\\\/\\\/i2.wp.com\\\/911equipment.ca\\\/wp-content\\\/uploads\\\/2020\\\/05\\\/NatPat-Logo-Oct-2010.jpg?fit=560%2C560&ssl=1\",\"width\":560,\"height\":560,\"caption\":\"NatPat Lt\u00e9e\"},\"image\":{\"@id\":\"https:\\\/\\\/911equipment.ca\\\/fr\\\/#\\\/schema\\\/logo\\\/image\\\/\"}}]}<\/script>\n<!-- \/ Yoast SEO plugin. -->","yoast_head_json":{"title":"Bottes Original SWAT de 6\"","description":"La botte SWAT Classic 6 \"est con\u00e7ue pour un confort et des performances toute la journ\u00e9e. La botte est con\u00e7ue pour r\u00e9pondre aux exigences de toutes les situations.","robots":{"index":"index","follow":"follow","max-snippet":"max-snippet:-1","max-image-preview":"max-image-preview:large","max-video-preview":"max-video-preview:-1"},"canonical":"https:\/\/911equipment.ca\/fr\/produit\/classique-6\/","og_locale":"fr_CA","og_type":"article","og_title":"Bottes Original SWAT de 6\"","og_description":"La botte SWAT Classic 6 \"est con\u00e7ue pour un confort et des performances toute la journ\u00e9e. La botte est con\u00e7ue pour r\u00e9pondre aux exigences de toutes les situations.","og_url":"https:\/\/911equipment.ca\/fr\/produit\/classique-6\/","og_site_name":"NatPat Ltd - Canadian Police Supplies","article_modified_time":"2024-05-29T13:37:07+00:00","og_image":[{"width":1044,"height":1045,"url":"https:\/\/911equipment.ca\/wp-content\/uploads\/2020\/05\/115101.jpg","type":"image\/jpeg"}],"twitter_card":"summary_large_image","twitter_misc":{"Estimation du temps de lecture":"1 minute"},"schema":{"@context":"https:\/\/schema.org","@graph":[{"@type":"WebPage","@id":"https:\/\/911equipment.ca\/fr\/produit\/classique-6\/","url":"https:\/\/911equipment.ca\/fr\/produit\/classique-6\/","name":"Bottes Original SWAT de 6\"","isPartOf":{"@id":"https:\/\/911equipment.ca\/fr\/#website"},"primaryImageOfPage":{"@id":"https:\/\/911equipment.ca\/fr\/produit\/classique-6\/#primaryimage"},"image":{"@id":"https:\/\/911equipment.ca\/fr\/produit\/classique-6\/#primaryimage"},"thumbnailUrl":"https:\/\/i0.wp.com\/911equipment.ca\/wp-content\/uploads\/2020\/05\/115101.jpg?fit=1044%2C1045&ssl=1","datePublished":"2020-05-21T15:34:24+00:00","dateModified":"2024-05-29T13:37:07+00:00","description":"La botte SWAT Classic 6 \"est con\u00e7ue pour un confort et des performances toute la journ\u00e9e. La botte est con\u00e7ue pour r\u00e9pondre aux exigences de toutes les situations.","breadcrumb":{"@id":"https:\/\/911equipment.ca\/fr\/produit\/classique-6\/#breadcrumb"},"inLanguage":"fr-CA","potentialAction":[{"@type":"ReadAction","target":["https:\/\/911equipment.ca\/fr\/produit\/classique-6\/"]}]},{"@type":"ImageObject","inLanguage":"fr-CA","@id":"https:\/\/911equipment.ca\/fr\/produit\/classique-6\/#primaryimage","url":"https:\/\/i0.wp.com\/911equipment.ca\/wp-content\/uploads\/2020\/05\/115101.jpg?fit=1044%2C1045&ssl=1","contentUrl":"https:\/\/i0.wp.com\/911equipment.ca\/wp-content\/uploads\/2020\/05\/115101.jpg?fit=1044%2C1045&ssl=1","width":1044,"height":1045,"caption":"Bottes SWAT mod\u00e8le 115101"},{"@type":"BreadcrumbList","@id":"https:\/\/911equipment.ca\/fr\/produit\/classique-6\/#breadcrumb","itemListElement":[{"@type":"ListItem","position":1,"name":"Home","item":"https:\/\/911equipment.ca\/fr\/"},{"@type":"ListItem","position":2,"name":"Magasiner","item":"https:\/\/911equipment.ca\/fr\/magasiner\/"},{"@type":"ListItem","position":3,"name":"Classique 6&#8243;"}]},{"@type":"WebSite","@id":"https:\/\/911equipment.ca\/fr\/#website","url":"https:\/\/911equipment.ca\/fr\/","name":"Canadian Police Supplies","description":"Online retail of police, law enforcement and security supplies, gears and equipment.","publisher":{"@id":"https:\/\/911equipment.ca\/fr\/#organization"},"potentialAction":[{"@type":"SearchAction","target":{"@type":"EntryPoint","urlTemplate":"https:\/\/911equipment.ca\/fr\/?s={search_term_string}"},"query-input":{"@type":"PropertyValueSpecification","valueRequired":true,"valueName":"search_term_string"}}],"inLanguage":"fr-CA"},{"@type":"Organization","@id":"https:\/\/911equipment.ca\/fr\/#organization","name":"NatPat Lt\u00e9e","url":"https:\/\/911equipment.ca\/fr\/","logo":{"@type":"ImageObject","inLanguage":"fr-CA","@id":"https:\/\/911equipment.ca\/fr\/#\/schema\/logo\/image\/","url":"https:\/\/i2.wp.com\/911equipment.ca\/wp-content\/uploads\/2020\/05\/NatPat-Logo-Oct-2010.jpg?fit=560%2C560&ssl=1","contentUrl":"https:\/\/i2.wp.com\/911equipment.ca\/wp-content\/uploads\/2020\/05\/NatPat-Logo-Oct-2010.jpg?fit=560%2C560&ssl=1","width":560,"height":560,"caption":"NatPat Lt\u00e9e"},"image":{"@id":"https:\/\/911equipment.ca\/fr\/#\/schema\/logo\/image\/"}}]}},"jetpack_sharing_enabled":true,"brands":[{"id":336,"name":"Original SWAT","slug":"original-swat-fr"}],"_links":{"self":[{"href":"https:\/\/911equipment.ca\/fr\/wp-json\/wp\/v2\/product\/2876","targetHints":{"allow":["GET"]}}],"collection":[{"href":"https:\/\/911equipment.ca\/fr\/wp-json\/wp\/v2\/product"}],"about":[{"href":"https:\/\/911equipment.ca\/fr\/wp-json\/wp\/v2\/types\/product"}],"replies":[{"embeddable":true,"href":"https:\/\/911equipment.ca\/fr\/wp-json\/wp\/v2\/comments?post=2876"}],"wp:featuredmedia":[{"embeddable":true,"href":"https:\/\/911equipment.ca\/fr\/wp-json\/wp\/v2\/media\/2877"}],"wp:attachment":[{"href":"https:\/\/911equipment.ca\/fr\/wp-json\/wp\/v2\/media?parent=2876"}],"wp:term":[{"taxonomy":"pwb-brand","embeddable":true,"href":"https:\/\/911equipment.ca\/fr\/wp-json\/wp\/v2\/pwb-brand?post=2876"},{"taxonomy":"product_brand","embeddable":true,"href":"https:\/\/911equipment.ca\/fr\/wp-json\/wp\/v2\/product_brand?post=2876"},{"taxonomy":"product_cat","embeddable":true,"href":"https:\/\/911equipment.ca\/fr\/wp-json\/wp\/v2\/product_cat?post=2876"},{"taxonomy":"product_tag","embeddable":true,"href":"https:\/\/911equipment.ca\/fr\/wp-json\/wp\/v2\/product_tag?post=2876"}],"curies":[{"name":"wp","href":"https:\/\/api.w.org\/{rel}","templated":true}]}}