{"id":2669,"date":"2020-05-21T17:46:57","date_gmt":"2020-05-21T17:46:57","guid":{"rendered":"https:\/\/911equipment.ca\/product\/classique-9-sz-impermeable-securitaire-pour-femmes\/"},"modified":"2025-09-29T16:13:52","modified_gmt":"2025-09-29T20:13:52","slug":"classique-9-sz-impermeable-securitaire-pour-femmes","status":"publish","type":"product","link":"https:\/\/911equipment.ca\/fr\/produit\/classique-9-sz-impermeable-securitaire-pour-femmes\/","title":{"rendered":"Classique 9&Prime; SZ imperm\u00e9able s\u00e9curitaire pour femmes"},"content":{"rendered":"<div class=\"product-pop-main-container\">\n<div class=\"tabs\">\n<div class=\"product-pop-general cap-height\">\n<div class=\"row cap-height\">\n<div class=\"col-xs-12 col-sm-6\">\n<div class=\"text-container row\">\n<div class=\"features-and-benefits col-xs-12\">\n<h3>Caract\u00e9ristiques et avantages<\/h3>\n<div>\n<ul>\n<li>La pointe de s\u00e9curit\u00e9 en composite d\u00e9passe les normes CSA CAN \/ CSA Z195-02 et r\u00e9siste aux impacts jusqu&rsquo;\u00e0 200 Joules<\/li>\n<li>R\u00e9sistance aux chocs \u00e9lectriques certifi\u00e9e selon la norme CSA Omega<\/li>\n<li>Construction de chausson imperm\u00e9able HydroGuard<\/li>\n<li>R\u00e9sistant aux agents pathog\u00e8nes transmissibles par le sang<\/li>\n<li>Col et languette rembourr\u00e9s de mousse pour une protection et une respirabilit\u00e9 accrues<\/li>\n<li>Col en PU pour un nettoyage facile<\/li>\n<li>Languette \u00e0 soufflet pour emp\u00eacher la salet\u00e9 et les d\u00e9bris d&rsquo;entrer<\/li>\n<li>Alliage de laiton durable, mat\u00e9riel antirouille<\/li>\n<li>Fermeture \u00e0 glissi\u00e8re lat\u00e9rale YKK\u00ae pour un ajustement et un retrait faciles avec une fermeture \u00e0 languette<\/li>\n<li>Doublure anti-humidit\u00e9 avec protection antimicrobienne AEGIS<\/li>\n<li>Semelle int\u00e9rieure amovible en EVA sur mesure avec coussinets de performance Poron\u00ae<\/li>\n<li>Tige en nylon pour un soutien l\u00e9ger et un contr\u00f4le de la fatigue<\/li>\n<li>Le panneau anti-p\u00e9n\u00e9tration L-Protection\u00ae non m\u00e9tallique LENZI\u00ae prot\u00e8ge vos pieds des dangers de perforation gr\u00e2ce \u00e0 la c\u00e9ramique pr\u00e9trait\u00e9e et aux fibres \u00e0 haute t\u00e9nacit\u00e9<\/li>\n<li>Contrefort et talon en thermoplastique moul\u00e9s pour un confort instantan\u00e9 et un maintien lat\u00e9ral<\/li>\n<li>La formulation de la semelle ext\u00e9rieure Chase r\u00e9sistante au glissement et \u00e0 l&rsquo;huile, non marquante, offrant traction et souplesse m\u00eame dans des conditions glaciales pour une r\u00e9sistance au glissement ultime<\/li>\n<\/ul>\n<\/div>\n<\/div>\n<\/div>\n<\/div>\n<\/div>\n<\/div>\n<\/div>\n<\/div>\n","protected":false},"excerpt":{"rendered":"<p>\u00c9prouv\u00e9 et pl\u00e9biscit\u00e9 par ses utilisateurs, le mod\u00e8le Classique 9&Prime; s\u00e9curitaire imperm\u00e9able zipper garantit les niveaux de s\u00e9curit\u00e9 et de performances indispensables pour mener \u00e0 bien votre tavail. Gr\u00e2ce \u00e0 l&rsquo;insert LENZI non m\u00e9tallique contenu dans cette botte imperm\u00e9able, vous \u00eates prot\u00e9g\u00e9 contre les dangers de l&rsquo;environnement dans lequel vous \u00e9voluez.<\/p>\n<p><span style=\"color: #ff0000;\"><strong>Liquidation \u00e0 50% du prix r\u00e9gulier \u2013 Bottes EN STOCK seulement<\/strong><\/span><\/p>\n<p><strong>Seules Pointures disponibles<\/strong><\/p>\n<p>\u00c9troite 5.0, 5.5, 6.0, 6.5, 7.5, 9.0, 10.0, 10.5, 11.0<\/p>\n<p>Remarque: pointures de femmes \u00e9troite &#8211; NE PAS convertir des tailles hommes<\/p>\n","protected":false},"featured_media":1917,"comment_status":"open","ping_status":"closed","template":"","meta":[],"pwb-brand":[336],"product_brand":[],"product_cat":[191,208],"product_tag":[265,239,242,240,266,243,267,244],"class_list":{"0":"post-2669","1":"product","2":"type-product","3":"status-publish","4":"has-post-thumbnail","6":"pwb-brand-original-swat-fr","7":"product_cat-liquidation","8":"product_cat-serie-femmes","9":"product_tag-antiderapant","10":"product_tag-approbation-csa","11":"product_tag-bottes","12":"product_tag-bottes-de-police","13":"product_tag-bottes-femmes","14":"product_tag-impermeable","15":"product_tag-resistant-agents-pathogenes","16":"product_tag-zipper","18":"first","19":"instock","20":"sale","21":"taxable","22":"shipping-taxable","23":"purchasable","24":"product-type-variable"},"yoast_head":"<!-- This site is optimized with the Yoast SEO plugin v27.3 - https:\/\/yoast.com\/product\/yoast-seo-wordpress\/ -->\n<title>Classique 9&quot; SZ imperm\u00e9able s\u00e9curitaire pour femmes - NatPat Ltd - Canadian Police Supplies<\/title>\n<meta name=\"robots\" content=\"index, follow, max-snippet:-1, max-image-preview:large, max-video-preview:-1\" \/>\n<link rel=\"canonical\" href=\"https:\/\/911equipment.ca\/fr\/produit\/classique-9-sz-impermeable-securitaire-pour-femmes\/\" \/>\n<meta property=\"og:locale\" content=\"fr_CA\" \/>\n<meta property=\"og:type\" content=\"article\" \/>\n<meta property=\"og:title\" content=\"Classique 9&quot; SZ imperm\u00e9able s\u00e9curitaire pour femmes - NatPat Ltd - Canadian Police Supplies\" \/>\n<meta property=\"og:description\" content=\"\u00c9prouv\u00e9 et pl\u00e9biscit\u00e9 par ses utilisateurs, le mod\u00e8le Classique 9&quot; s\u00e9curitaire imperm\u00e9able zipper garantit les niveaux de s\u00e9curit\u00e9 et de performances indispensables pour mener \u00e0 bien votre tavail. Gr\u00e2ce \u00e0 l&#039;insert LENZI non m\u00e9tallique contenu dans cette botte imperm\u00e9able, vous \u00eates prot\u00e9g\u00e9 contre les dangers de l&#039;environnement dans lequel vous \u00e9voluez.  Liquidation \u00e0 50% du prix r\u00e9gulier \u2013 Bottes EN STOCK seulement  Seules Pointures disponibles  \u00c9troite 5.0, 5.5, 6.0, 6.5, 7.5, 9.0, 10.0, 10.5, 11.0  Remarque: pointures de femmes \u00e9troite - NE PAS convertir des tailles hommes\" \/>\n<meta property=\"og:url\" content=\"https:\/\/911equipment.ca\/fr\/produit\/classique-9-sz-impermeable-securitaire-pour-femmes\/\" \/>\n<meta property=\"og:site_name\" content=\"NatPat Ltd - Canadian Police Supplies\" \/>\n<meta property=\"article:modified_time\" content=\"2025-09-29T20:13:52+00:00\" \/>\n<meta property=\"og:image\" content=\"https:\/\/911equipment.ca\/wp-content\/uploads\/2020\/05\/227211.jpg\" \/>\n\t<meta property=\"og:image:width\" content=\"800\" \/>\n\t<meta property=\"og:image:height\" content=\"800\" \/>\n\t<meta property=\"og:image:type\" content=\"image\/jpeg\" \/>\n<meta name=\"twitter:card\" content=\"summary_large_image\" \/>\n<meta name=\"twitter:label1\" content=\"Estimation du temps de lecture\" \/>\n\t<meta name=\"twitter:data1\" content=\"1 minute\" \/>\n<script type=\"application\/ld+json\" class=\"yoast-schema-graph\">{\"@context\":\"https:\\\/\\\/schema.org\",\"@graph\":[{\"@type\":\"WebPage\",\"@id\":\"https:\\\/\\\/911equipment.ca\\\/fr\\\/produit\\\/classique-9-sz-impermeable-securitaire-pour-femmes\\\/\",\"url\":\"https:\\\/\\\/911equipment.ca\\\/fr\\\/produit\\\/classique-9-sz-impermeable-securitaire-pour-femmes\\\/\",\"name\":\"Classique 9\\\" SZ imperm\u00e9able s\u00e9curitaire pour femmes - NatPat Ltd - Canadian Police Supplies\",\"isPartOf\":{\"@id\":\"https:\\\/\\\/911equipment.ca\\\/fr\\\/#website\"},\"primaryImageOfPage\":{\"@id\":\"https:\\\/\\\/911equipment.ca\\\/fr\\\/produit\\\/classique-9-sz-impermeable-securitaire-pour-femmes\\\/#primaryimage\"},\"image\":{\"@id\":\"https:\\\/\\\/911equipment.ca\\\/fr\\\/produit\\\/classique-9-sz-impermeable-securitaire-pour-femmes\\\/#primaryimage\"},\"thumbnailUrl\":\"https:\\\/\\\/i0.wp.com\\\/911equipment.ca\\\/wp-content\\\/uploads\\\/2020\\\/05\\\/227211.jpg?fit=800%2C800&ssl=1\",\"datePublished\":\"2020-05-21T17:46:57+00:00\",\"dateModified\":\"2025-09-29T20:13:52+00:00\",\"breadcrumb\":{\"@id\":\"https:\\\/\\\/911equipment.ca\\\/fr\\\/produit\\\/classique-9-sz-impermeable-securitaire-pour-femmes\\\/#breadcrumb\"},\"inLanguage\":\"fr-CA\",\"potentialAction\":[{\"@type\":\"ReadAction\",\"target\":[\"https:\\\/\\\/911equipment.ca\\\/fr\\\/produit\\\/classique-9-sz-impermeable-securitaire-pour-femmes\\\/\"]}]},{\"@type\":\"ImageObject\",\"inLanguage\":\"fr-CA\",\"@id\":\"https:\\\/\\\/911equipment.ca\\\/fr\\\/produit\\\/classique-9-sz-impermeable-securitaire-pour-femmes\\\/#primaryimage\",\"url\":\"https:\\\/\\\/i0.wp.com\\\/911equipment.ca\\\/wp-content\\\/uploads\\\/2020\\\/05\\\/227211.jpg?fit=800%2C800&ssl=1\",\"contentUrl\":\"https:\\\/\\\/i0.wp.com\\\/911equipment.ca\\\/wp-content\\\/uploads\\\/2020\\\/05\\\/227211.jpg?fit=800%2C800&ssl=1\",\"width\":800,\"height\":800,\"caption\":\"Bottes SWAT pour femmes mod\u00e8le 227201\"},{\"@type\":\"BreadcrumbList\",\"@id\":\"https:\\\/\\\/911equipment.ca\\\/fr\\\/produit\\\/classique-9-sz-impermeable-securitaire-pour-femmes\\\/#breadcrumb\",\"itemListElement\":[{\"@type\":\"ListItem\",\"position\":1,\"name\":\"Home\",\"item\":\"https:\\\/\\\/911equipment.ca\\\/fr\\\/\"},{\"@type\":\"ListItem\",\"position\":2,\"name\":\"Magasiner\",\"item\":\"https:\\\/\\\/911equipment.ca\\\/fr\\\/magasiner\\\/\"},{\"@type\":\"ListItem\",\"position\":3,\"name\":\"Classique 9&#8243; SZ imperm\u00e9able s\u00e9curitaire pour femmes\"}]},{\"@type\":\"WebSite\",\"@id\":\"https:\\\/\\\/911equipment.ca\\\/fr\\\/#website\",\"url\":\"https:\\\/\\\/911equipment.ca\\\/fr\\\/\",\"name\":\"Canadian Police Supplies\",\"description\":\"Online retail of police, law enforcement and security supplies, gears and equipment.\",\"publisher\":{\"@id\":\"https:\\\/\\\/911equipment.ca\\\/fr\\\/#organization\"},\"potentialAction\":[{\"@type\":\"SearchAction\",\"target\":{\"@type\":\"EntryPoint\",\"urlTemplate\":\"https:\\\/\\\/911equipment.ca\\\/fr\\\/?s={search_term_string}\"},\"query-input\":{\"@type\":\"PropertyValueSpecification\",\"valueRequired\":true,\"valueName\":\"search_term_string\"}}],\"inLanguage\":\"fr-CA\"},{\"@type\":\"Organization\",\"@id\":\"https:\\\/\\\/911equipment.ca\\\/fr\\\/#organization\",\"name\":\"NatPat Lt\u00e9e\",\"url\":\"https:\\\/\\\/911equipment.ca\\\/fr\\\/\",\"logo\":{\"@type\":\"ImageObject\",\"inLanguage\":\"fr-CA\",\"@id\":\"https:\\\/\\\/911equipment.ca\\\/fr\\\/#\\\/schema\\\/logo\\\/image\\\/\",\"url\":\"https:\\\/\\\/i2.wp.com\\\/911equipment.ca\\\/wp-content\\\/uploads\\\/2020\\\/05\\\/NatPat-Logo-Oct-2010.jpg?fit=560%2C560&ssl=1\",\"contentUrl\":\"https:\\\/\\\/i2.wp.com\\\/911equipment.ca\\\/wp-content\\\/uploads\\\/2020\\\/05\\\/NatPat-Logo-Oct-2010.jpg?fit=560%2C560&ssl=1\",\"width\":560,\"height\":560,\"caption\":\"NatPat Lt\u00e9e\"},\"image\":{\"@id\":\"https:\\\/\\\/911equipment.ca\\\/fr\\\/#\\\/schema\\\/logo\\\/image\\\/\"}}]}<\/script>\n<!-- \/ Yoast SEO plugin. -->","yoast_head_json":{"title":"Classique 9\" SZ imperm\u00e9able s\u00e9curitaire pour femmes - NatPat Ltd - Canadian Police Supplies","robots":{"index":"index","follow":"follow","max-snippet":"max-snippet:-1","max-image-preview":"max-image-preview:large","max-video-preview":"max-video-preview:-1"},"canonical":"https:\/\/911equipment.ca\/fr\/produit\/classique-9-sz-impermeable-securitaire-pour-femmes\/","og_locale":"fr_CA","og_type":"article","og_title":"Classique 9\" SZ imperm\u00e9able s\u00e9curitaire pour femmes - NatPat Ltd - Canadian Police Supplies","og_description":"\u00c9prouv\u00e9 et pl\u00e9biscit\u00e9 par ses utilisateurs, le mod\u00e8le Classique 9\" s\u00e9curitaire imperm\u00e9able zipper garantit les niveaux de s\u00e9curit\u00e9 et de performances indispensables pour mener \u00e0 bien votre tavail. Gr\u00e2ce \u00e0 l'insert LENZI non m\u00e9tallique contenu dans cette botte imperm\u00e9able, vous \u00eates prot\u00e9g\u00e9 contre les dangers de l'environnement dans lequel vous \u00e9voluez.  Liquidation \u00e0 50% du prix r\u00e9gulier \u2013 Bottes EN STOCK seulement  Seules Pointures disponibles  \u00c9troite 5.0, 5.5, 6.0, 6.5, 7.5, 9.0, 10.0, 10.5, 11.0  Remarque: pointures de femmes \u00e9troite - NE PAS convertir des tailles hommes","og_url":"https:\/\/911equipment.ca\/fr\/produit\/classique-9-sz-impermeable-securitaire-pour-femmes\/","og_site_name":"NatPat Ltd - Canadian Police Supplies","article_modified_time":"2025-09-29T20:13:52+00:00","og_image":[{"width":800,"height":800,"url":"https:\/\/911equipment.ca\/wp-content\/uploads\/2020\/05\/227211.jpg","type":"image\/jpeg"}],"twitter_card":"summary_large_image","twitter_misc":{"Estimation du temps de lecture":"1 minute"},"schema":{"@context":"https:\/\/schema.org","@graph":[{"@type":"WebPage","@id":"https:\/\/911equipment.ca\/fr\/produit\/classique-9-sz-impermeable-securitaire-pour-femmes\/","url":"https:\/\/911equipment.ca\/fr\/produit\/classique-9-sz-impermeable-securitaire-pour-femmes\/","name":"Classique 9\" SZ imperm\u00e9able s\u00e9curitaire pour femmes - NatPat Ltd - Canadian Police Supplies","isPartOf":{"@id":"https:\/\/911equipment.ca\/fr\/#website"},"primaryImageOfPage":{"@id":"https:\/\/911equipment.ca\/fr\/produit\/classique-9-sz-impermeable-securitaire-pour-femmes\/#primaryimage"},"image":{"@id":"https:\/\/911equipment.ca\/fr\/produit\/classique-9-sz-impermeable-securitaire-pour-femmes\/#primaryimage"},"thumbnailUrl":"https:\/\/i0.wp.com\/911equipment.ca\/wp-content\/uploads\/2020\/05\/227211.jpg?fit=800%2C800&ssl=1","datePublished":"2020-05-21T17:46:57+00:00","dateModified":"2025-09-29T20:13:52+00:00","breadcrumb":{"@id":"https:\/\/911equipment.ca\/fr\/produit\/classique-9-sz-impermeable-securitaire-pour-femmes\/#breadcrumb"},"inLanguage":"fr-CA","potentialAction":[{"@type":"ReadAction","target":["https:\/\/911equipment.ca\/fr\/produit\/classique-9-sz-impermeable-securitaire-pour-femmes\/"]}]},{"@type":"ImageObject","inLanguage":"fr-CA","@id":"https:\/\/911equipment.ca\/fr\/produit\/classique-9-sz-impermeable-securitaire-pour-femmes\/#primaryimage","url":"https:\/\/i0.wp.com\/911equipment.ca\/wp-content\/uploads\/2020\/05\/227211.jpg?fit=800%2C800&ssl=1","contentUrl":"https:\/\/i0.wp.com\/911equipment.ca\/wp-content\/uploads\/2020\/05\/227211.jpg?fit=800%2C800&ssl=1","width":800,"height":800,"caption":"Bottes SWAT pour femmes mod\u00e8le 227201"},{"@type":"BreadcrumbList","@id":"https:\/\/911equipment.ca\/fr\/produit\/classique-9-sz-impermeable-securitaire-pour-femmes\/#breadcrumb","itemListElement":[{"@type":"ListItem","position":1,"name":"Home","item":"https:\/\/911equipment.ca\/fr\/"},{"@type":"ListItem","position":2,"name":"Magasiner","item":"https:\/\/911equipment.ca\/fr\/magasiner\/"},{"@type":"ListItem","position":3,"name":"Classique 9&#8243; SZ imperm\u00e9able s\u00e9curitaire pour femmes"}]},{"@type":"WebSite","@id":"https:\/\/911equipment.ca\/fr\/#website","url":"https:\/\/911equipment.ca\/fr\/","name":"Canadian Police Supplies","description":"Online retail of police, law enforcement and security supplies, gears and equipment.","publisher":{"@id":"https:\/\/911equipment.ca\/fr\/#organization"},"potentialAction":[{"@type":"SearchAction","target":{"@type":"EntryPoint","urlTemplate":"https:\/\/911equipment.ca\/fr\/?s={search_term_string}"},"query-input":{"@type":"PropertyValueSpecification","valueRequired":true,"valueName":"search_term_string"}}],"inLanguage":"fr-CA"},{"@type":"Organization","@id":"https:\/\/911equipment.ca\/fr\/#organization","name":"NatPat Lt\u00e9e","url":"https:\/\/911equipment.ca\/fr\/","logo":{"@type":"ImageObject","inLanguage":"fr-CA","@id":"https:\/\/911equipment.ca\/fr\/#\/schema\/logo\/image\/","url":"https:\/\/i2.wp.com\/911equipment.ca\/wp-content\/uploads\/2020\/05\/NatPat-Logo-Oct-2010.jpg?fit=560%2C560&ssl=1","contentUrl":"https:\/\/i2.wp.com\/911equipment.ca\/wp-content\/uploads\/2020\/05\/NatPat-Logo-Oct-2010.jpg?fit=560%2C560&ssl=1","width":560,"height":560,"caption":"NatPat Lt\u00e9e"},"image":{"@id":"https:\/\/911equipment.ca\/fr\/#\/schema\/logo\/image\/"}}]}},"jetpack_sharing_enabled":true,"brands":[{"id":336,"name":"Original SWAT","slug":"original-swat-fr"}],"_links":{"self":[{"href":"https:\/\/911equipment.ca\/fr\/wp-json\/wp\/v2\/product\/2669","targetHints":{"allow":["GET"]}}],"collection":[{"href":"https:\/\/911equipment.ca\/fr\/wp-json\/wp\/v2\/product"}],"about":[{"href":"https:\/\/911equipment.ca\/fr\/wp-json\/wp\/v2\/types\/product"}],"replies":[{"embeddable":true,"href":"https:\/\/911equipment.ca\/fr\/wp-json\/wp\/v2\/comments?post=2669"}],"wp:featuredmedia":[{"embeddable":true,"href":"https:\/\/911equipment.ca\/fr\/wp-json\/wp\/v2\/media\/1917"}],"wp:attachment":[{"href":"https:\/\/911equipment.ca\/fr\/wp-json\/wp\/v2\/media?parent=2669"}],"wp:term":[{"taxonomy":"pwb-brand","embeddable":true,"href":"https:\/\/911equipment.ca\/fr\/wp-json\/wp\/v2\/pwb-brand?post=2669"},{"taxonomy":"product_brand","embeddable":true,"href":"https:\/\/911equipment.ca\/fr\/wp-json\/wp\/v2\/product_brand?post=2669"},{"taxonomy":"product_cat","embeddable":true,"href":"https:\/\/911equipment.ca\/fr\/wp-json\/wp\/v2\/product_cat?post=2669"},{"taxonomy":"product_tag","embeddable":true,"href":"https:\/\/911equipment.ca\/fr\/wp-json\/wp\/v2\/product_tag?post=2669"}],"curies":[{"name":"wp","href":"https:\/\/api.w.org\/{rel}","templated":true}]}}