{"id":2653,"date":"2020-05-22T02:09:04","date_gmt":"2020-05-22T02:09:04","guid":{"rendered":"https:\/\/911equipment.ca\/product\/ib8800-composite-zipper\/"},"modified":"2025-12-20T15:37:37","modified_gmt":"2025-12-20T20:37:37","slug":"ib8800-composite-zipper","status":"publish","type":"product","link":"https:\/\/911equipment.ca\/fr\/produit\/ib8800-composite-zipper\/","title":{"rendered":"IB8800 Composite Zipper"},"content":{"rendered":"<div class=\"product-pop-main-container\">\n<div class=\"tabs\">\n<div class=\"product-pop-general cap-height\">\n<div class=\"row cap-height\">\n<div class=\"col-xs-12 col-sm-6\">\n<div class=\"text-container row\">\n<div class=\"features-and-benefits col-xs-12\">\n<h3>Caract\u00e9ristiques et avantages<\/h3>\n<div>\n<ul>\n<li>Botte imperm\u00e9able tactique de 8 pouces avec fermeture \u00e9clair lat\u00e9rale<\/li>\n<li>Bout en composite &#8211; approuv\u00e9 CSA<\/li>\n<li>Empeigne: cuir et nylon balistique<\/li>\n<li>Couleur: noir<\/li>\n<li>Doublure: maille en nylon \u00e9vacuant l&rsquo;humidit\u00e9<\/li>\n<li>Semelle int\u00e9rieure: Semelle int\u00e9rieure \u00e0 coussin amovible MemoryTech<\/li>\n<li>Semelle ext\u00e9rieure: Semelle intercalaire en Sublite EVA avec talon en caoutchouc et coussinets d&rsquo;avant-pied<\/li>\n<li>Caract\u00e9ristiques sp\u00e9ciales: Fermeture \u00e9clair YKK, extr\u00eamement l\u00e9g\u00e8re et flexible<\/li>\n<\/ul>\n<\/div>\n<\/div>\n<\/div>\n<\/div>\n<\/div>\n<\/div>\n<\/div>\n<\/div>\n","protected":false},"excerpt":{"rendered":"<p>Des rainures flexibles pour une meilleure mobilit\u00e9 et flexibilit\u00e9 \u00e0 chaque pas. Semelle de massage MemoryTech qui s&rsquo;adapte aux contours du pied et offre un amorti imm\u00e9diat. Semelle interm\u00e9diaire en mousse Sublite pour un amorti l\u00e9ger et un support doux. Largeur large seulement au Canada. Approbation CSA.<\/p>\n<p><strong>Pointures disponibles<br \/>\n<\/strong>Large 8.0, 8.5, 9.0, 12.0, 13.0, 14.0<\/p>\n<p><span style=\"color: #ff0000;\">Escompte de 25% pour les bottes en stock seulement<\/span><\/p>\n","protected":false},"featured_media":3288,"comment_status":"open","ping_status":"closed","template":"","meta":[],"pwb-brand":[335],"product_brand":[],"product_cat":[209],"product_tag":[239,242,240],"class_list":{"0":"post-2653","1":"product","2":"type-product","3":"status-publish","4":"has-post-thumbnail","6":"pwb-brand-reebok-fr","7":"product_cat-reebok-fr","8":"product_tag-approbation-csa","9":"product_tag-bottes","10":"product_tag-bottes-de-police","12":"first","13":"instock","14":"sale","15":"featured","16":"taxable","17":"shipping-taxable","18":"purchasable","19":"product-type-variable","20":"has-default-attributes"},"yoast_head":"<!-- This site is optimized with the Yoast SEO plugin v27.5 - https:\/\/yoast.com\/product\/yoast-seo-wordpress\/ -->\n<title>Bottes Reebok Composite avec zipper<\/title>\n<meta name=\"description\" content=\"Cette botte Reebok offre mobilit\u00e9 et confort et poss\u00e8de une semelle intercalaire en mousse sublite pour un amortissement l\u00e9ger et un maintien doux. La botte a l\u2019approbation CSA.\" \/>\n<meta name=\"robots\" content=\"index, follow, max-snippet:-1, max-image-preview:large, max-video-preview:-1\" \/>\n<link rel=\"canonical\" href=\"https:\/\/911equipment.ca\/fr\/produit\/ib8800-composite-zipper\/\" \/>\n<meta property=\"og:locale\" content=\"fr_CA\" \/>\n<meta property=\"og:type\" content=\"article\" \/>\n<meta property=\"og:title\" content=\"Bottes Reebok Composite avec zipper\" \/>\n<meta property=\"og:description\" content=\"Cette botte Reebok offre mobilit\u00e9 et confort et poss\u00e8de une semelle intercalaire en mousse sublite pour un amortissement l\u00e9ger et un maintien doux. La botte a l\u2019approbation CSA.\" \/>\n<meta property=\"og:url\" content=\"https:\/\/911equipment.ca\/fr\/produit\/ib8800-composite-zipper\/\" \/>\n<meta property=\"og:site_name\" content=\"NatPat Ltd - Canadian Police Supplies\" \/>\n<meta property=\"article:modified_time\" content=\"2025-12-20T20:37:37+00:00\" \/>\n<meta property=\"og:image\" content=\"https:\/\/911equipment.ca\/wp-content\/uploads\/2020\/05\/Main-600-1.jpg\" \/>\n\t<meta property=\"og:image:width\" content=\"600\" \/>\n\t<meta property=\"og:image:height\" content=\"600\" \/>\n\t<meta property=\"og:image:type\" content=\"image\/jpeg\" \/>\n<meta name=\"twitter:card\" content=\"summary_large_image\" \/>\n<meta name=\"twitter:label1\" content=\"Estimation du temps de lecture\" \/>\n\t<meta name=\"twitter:data1\" content=\"1 minute\" \/>\n<script type=\"application\/ld+json\" class=\"yoast-schema-graph\">{\"@context\":\"https:\\\/\\\/schema.org\",\"@graph\":[{\"@type\":\"WebPage\",\"@id\":\"https:\\\/\\\/911equipment.ca\\\/fr\\\/produit\\\/ib8800-composite-zipper\\\/\",\"url\":\"https:\\\/\\\/911equipment.ca\\\/fr\\\/produit\\\/ib8800-composite-zipper\\\/\",\"name\":\"Bottes Reebok Composite avec zipper\",\"isPartOf\":{\"@id\":\"https:\\\/\\\/911equipment.ca\\\/fr\\\/#website\"},\"primaryImageOfPage\":{\"@id\":\"https:\\\/\\\/911equipment.ca\\\/fr\\\/produit\\\/ib8800-composite-zipper\\\/#primaryimage\"},\"image\":{\"@id\":\"https:\\\/\\\/911equipment.ca\\\/fr\\\/produit\\\/ib8800-composite-zipper\\\/#primaryimage\"},\"thumbnailUrl\":\"https:\\\/\\\/i0.wp.com\\\/911equipment.ca\\\/wp-content\\\/uploads\\\/2020\\\/05\\\/Main-600-1.jpg?fit=600%2C600&ssl=1\",\"datePublished\":\"2020-05-22T02:09:04+00:00\",\"dateModified\":\"2025-12-20T20:37:37+00:00\",\"description\":\"Cette botte Reebok offre mobilit\u00e9 et confort et poss\u00e8de une semelle intercalaire en mousse sublite pour un amortissement l\u00e9ger et un maintien doux. La botte a l\u2019approbation CSA.\",\"breadcrumb\":{\"@id\":\"https:\\\/\\\/911equipment.ca\\\/fr\\\/produit\\\/ib8800-composite-zipper\\\/#breadcrumb\"},\"inLanguage\":\"fr-CA\",\"potentialAction\":[{\"@type\":\"ReadAction\",\"target\":[\"https:\\\/\\\/911equipment.ca\\\/fr\\\/produit\\\/ib8800-composite-zipper\\\/\"]}]},{\"@type\":\"ImageObject\",\"inLanguage\":\"fr-CA\",\"@id\":\"https:\\\/\\\/911equipment.ca\\\/fr\\\/produit\\\/ib8800-composite-zipper\\\/#primaryimage\",\"url\":\"https:\\\/\\\/i0.wp.com\\\/911equipment.ca\\\/wp-content\\\/uploads\\\/2020\\\/05\\\/Main-600-1.jpg?fit=600%2C600&ssl=1\",\"contentUrl\":\"https:\\\/\\\/i0.wp.com\\\/911equipment.ca\\\/wp-content\\\/uploads\\\/2020\\\/05\\\/Main-600-1.jpg?fit=600%2C600&ssl=1\",\"width\":600,\"height\":600,\"caption\":\"Bottes Reebok IB8800\"},{\"@type\":\"BreadcrumbList\",\"@id\":\"https:\\\/\\\/911equipment.ca\\\/fr\\\/produit\\\/ib8800-composite-zipper\\\/#breadcrumb\",\"itemListElement\":[{\"@type\":\"ListItem\",\"position\":1,\"name\":\"Home\",\"item\":\"https:\\\/\\\/911equipment.ca\\\/fr\\\/\"},{\"@type\":\"ListItem\",\"position\":2,\"name\":\"Magasiner\",\"item\":\"https:\\\/\\\/911equipment.ca\\\/fr\\\/magasiner\\\/\"},{\"@type\":\"ListItem\",\"position\":3,\"name\":\"IB8800 Composite Zipper\"}]},{\"@type\":\"WebSite\",\"@id\":\"https:\\\/\\\/911equipment.ca\\\/fr\\\/#website\",\"url\":\"https:\\\/\\\/911equipment.ca\\\/fr\\\/\",\"name\":\"Canadian Police Supplies\",\"description\":\"Online retail of police, law enforcement and security supplies, gears and equipment.\",\"publisher\":{\"@id\":\"https:\\\/\\\/911equipment.ca\\\/fr\\\/#organization\"},\"potentialAction\":[{\"@type\":\"SearchAction\",\"target\":{\"@type\":\"EntryPoint\",\"urlTemplate\":\"https:\\\/\\\/911equipment.ca\\\/fr\\\/?s={search_term_string}\"},\"query-input\":{\"@type\":\"PropertyValueSpecification\",\"valueRequired\":true,\"valueName\":\"search_term_string\"}}],\"inLanguage\":\"fr-CA\"},{\"@type\":\"Organization\",\"@id\":\"https:\\\/\\\/911equipment.ca\\\/fr\\\/#organization\",\"name\":\"NatPat Lt\u00e9e\",\"url\":\"https:\\\/\\\/911equipment.ca\\\/fr\\\/\",\"logo\":{\"@type\":\"ImageObject\",\"inLanguage\":\"fr-CA\",\"@id\":\"https:\\\/\\\/911equipment.ca\\\/fr\\\/#\\\/schema\\\/logo\\\/image\\\/\",\"url\":\"https:\\\/\\\/i2.wp.com\\\/911equipment.ca\\\/wp-content\\\/uploads\\\/2020\\\/05\\\/NatPat-Logo-Oct-2010.jpg?fit=560%2C560&ssl=1\",\"contentUrl\":\"https:\\\/\\\/i2.wp.com\\\/911equipment.ca\\\/wp-content\\\/uploads\\\/2020\\\/05\\\/NatPat-Logo-Oct-2010.jpg?fit=560%2C560&ssl=1\",\"width\":560,\"height\":560,\"caption\":\"NatPat Lt\u00e9e\"},\"image\":{\"@id\":\"https:\\\/\\\/911equipment.ca\\\/fr\\\/#\\\/schema\\\/logo\\\/image\\\/\"}}]}<\/script>\n<!-- \/ Yoast SEO plugin. -->","yoast_head_json":{"title":"Bottes Reebok Composite avec zipper","description":"Cette botte Reebok offre mobilit\u00e9 et confort et poss\u00e8de une semelle intercalaire en mousse sublite pour un amortissement l\u00e9ger et un maintien doux. La botte a l\u2019approbation CSA.","robots":{"index":"index","follow":"follow","max-snippet":"max-snippet:-1","max-image-preview":"max-image-preview:large","max-video-preview":"max-video-preview:-1"},"canonical":"https:\/\/911equipment.ca\/fr\/produit\/ib8800-composite-zipper\/","og_locale":"fr_CA","og_type":"article","og_title":"Bottes Reebok Composite avec zipper","og_description":"Cette botte Reebok offre mobilit\u00e9 et confort et poss\u00e8de une semelle intercalaire en mousse sublite pour un amortissement l\u00e9ger et un maintien doux. La botte a l\u2019approbation CSA.","og_url":"https:\/\/911equipment.ca\/fr\/produit\/ib8800-composite-zipper\/","og_site_name":"NatPat Ltd - Canadian Police Supplies","article_modified_time":"2025-12-20T20:37:37+00:00","og_image":[{"width":600,"height":600,"url":"https:\/\/911equipment.ca\/wp-content\/uploads\/2020\/05\/Main-600-1.jpg","type":"image\/jpeg"}],"twitter_card":"summary_large_image","twitter_misc":{"Estimation du temps de lecture":"1 minute"},"schema":{"@context":"https:\/\/schema.org","@graph":[{"@type":"WebPage","@id":"https:\/\/911equipment.ca\/fr\/produit\/ib8800-composite-zipper\/","url":"https:\/\/911equipment.ca\/fr\/produit\/ib8800-composite-zipper\/","name":"Bottes Reebok Composite avec zipper","isPartOf":{"@id":"https:\/\/911equipment.ca\/fr\/#website"},"primaryImageOfPage":{"@id":"https:\/\/911equipment.ca\/fr\/produit\/ib8800-composite-zipper\/#primaryimage"},"image":{"@id":"https:\/\/911equipment.ca\/fr\/produit\/ib8800-composite-zipper\/#primaryimage"},"thumbnailUrl":"https:\/\/i0.wp.com\/911equipment.ca\/wp-content\/uploads\/2020\/05\/Main-600-1.jpg?fit=600%2C600&ssl=1","datePublished":"2020-05-22T02:09:04+00:00","dateModified":"2025-12-20T20:37:37+00:00","description":"Cette botte Reebok offre mobilit\u00e9 et confort et poss\u00e8de une semelle intercalaire en mousse sublite pour un amortissement l\u00e9ger et un maintien doux. La botte a l\u2019approbation CSA.","breadcrumb":{"@id":"https:\/\/911equipment.ca\/fr\/produit\/ib8800-composite-zipper\/#breadcrumb"},"inLanguage":"fr-CA","potentialAction":[{"@type":"ReadAction","target":["https:\/\/911equipment.ca\/fr\/produit\/ib8800-composite-zipper\/"]}]},{"@type":"ImageObject","inLanguage":"fr-CA","@id":"https:\/\/911equipment.ca\/fr\/produit\/ib8800-composite-zipper\/#primaryimage","url":"https:\/\/i0.wp.com\/911equipment.ca\/wp-content\/uploads\/2020\/05\/Main-600-1.jpg?fit=600%2C600&ssl=1","contentUrl":"https:\/\/i0.wp.com\/911equipment.ca\/wp-content\/uploads\/2020\/05\/Main-600-1.jpg?fit=600%2C600&ssl=1","width":600,"height":600,"caption":"Bottes Reebok IB8800"},{"@type":"BreadcrumbList","@id":"https:\/\/911equipment.ca\/fr\/produit\/ib8800-composite-zipper\/#breadcrumb","itemListElement":[{"@type":"ListItem","position":1,"name":"Home","item":"https:\/\/911equipment.ca\/fr\/"},{"@type":"ListItem","position":2,"name":"Magasiner","item":"https:\/\/911equipment.ca\/fr\/magasiner\/"},{"@type":"ListItem","position":3,"name":"IB8800 Composite Zipper"}]},{"@type":"WebSite","@id":"https:\/\/911equipment.ca\/fr\/#website","url":"https:\/\/911equipment.ca\/fr\/","name":"Canadian Police Supplies","description":"Online retail of police, law enforcement and security supplies, gears and equipment.","publisher":{"@id":"https:\/\/911equipment.ca\/fr\/#organization"},"potentialAction":[{"@type":"SearchAction","target":{"@type":"EntryPoint","urlTemplate":"https:\/\/911equipment.ca\/fr\/?s={search_term_string}"},"query-input":{"@type":"PropertyValueSpecification","valueRequired":true,"valueName":"search_term_string"}}],"inLanguage":"fr-CA"},{"@type":"Organization","@id":"https:\/\/911equipment.ca\/fr\/#organization","name":"NatPat Lt\u00e9e","url":"https:\/\/911equipment.ca\/fr\/","logo":{"@type":"ImageObject","inLanguage":"fr-CA","@id":"https:\/\/911equipment.ca\/fr\/#\/schema\/logo\/image\/","url":"https:\/\/i2.wp.com\/911equipment.ca\/wp-content\/uploads\/2020\/05\/NatPat-Logo-Oct-2010.jpg?fit=560%2C560&ssl=1","contentUrl":"https:\/\/i2.wp.com\/911equipment.ca\/wp-content\/uploads\/2020\/05\/NatPat-Logo-Oct-2010.jpg?fit=560%2C560&ssl=1","width":560,"height":560,"caption":"NatPat Lt\u00e9e"},"image":{"@id":"https:\/\/911equipment.ca\/fr\/#\/schema\/logo\/image\/"}}]}},"jetpack_sharing_enabled":true,"brands":[{"id":335,"name":"Reebok","slug":"reebok-fr"}],"_links":{"self":[{"href":"https:\/\/911equipment.ca\/fr\/wp-json\/wp\/v2\/product\/2653","targetHints":{"allow":["GET"]}}],"collection":[{"href":"https:\/\/911equipment.ca\/fr\/wp-json\/wp\/v2\/product"}],"about":[{"href":"https:\/\/911equipment.ca\/fr\/wp-json\/wp\/v2\/types\/product"}],"replies":[{"embeddable":true,"href":"https:\/\/911equipment.ca\/fr\/wp-json\/wp\/v2\/comments?post=2653"}],"wp:featuredmedia":[{"embeddable":true,"href":"https:\/\/911equipment.ca\/fr\/wp-json\/wp\/v2\/media\/3288"}],"wp:attachment":[{"href":"https:\/\/911equipment.ca\/fr\/wp-json\/wp\/v2\/media?parent=2653"}],"wp:term":[{"taxonomy":"pwb-brand","embeddable":true,"href":"https:\/\/911equipment.ca\/fr\/wp-json\/wp\/v2\/pwb-brand?post=2653"},{"taxonomy":"product_brand","embeddable":true,"href":"https:\/\/911equipment.ca\/fr\/wp-json\/wp\/v2\/product_brand?post=2653"},{"taxonomy":"product_cat","embeddable":true,"href":"https:\/\/911equipment.ca\/fr\/wp-json\/wp\/v2\/product_cat?post=2653"},{"taxonomy":"product_tag","embeddable":true,"href":"https:\/\/911equipment.ca\/fr\/wp-json\/wp\/v2\/product_tag?post=2653"}],"curies":[{"name":"wp","href":"https:\/\/api.w.org\/{rel}","templated":true}]}}