{"id":2635,"date":"2020-05-22T14:18:59","date_gmt":"2020-05-22T18:18:59","guid":{"rendered":"https:\/\/911equipment.ca\/product\/quiqlite-x2-tactique-rouge-blanc\/"},"modified":"2026-03-30T09:56:13","modified_gmt":"2026-03-30T13:56:13","slug":"quiqlite-x2-tactique-rouge-blanc","status":"publish","type":"product","link":"https:\/\/911equipment.ca\/fr\/produit\/quiqlite-x2-tactique-rouge-blanc\/","title":{"rendered":"QuiqLite X2 Tactique Rouge\/Blanc"},"content":{"rendered":"<p><strong>Caract\u00e9ristiques<\/strong><\/p>\n<ul>\n<li>Nouveau boitier en aluminium &#8211; Rechargeable via USB<\/li>\n<li>Activation du rouge tactique ou du blanc ind\u00e9pendamment<\/li>\n<li>Fini anodis\u00e9 antireflet<\/li>\n<li>T\u00eate large de 30mm avec bras r\u00e9glable de 160\u00b0 &#8211; Bo\u00eetier magn\u00e9tique<\/li>\n<li>QuiqClip magn\u00e9tique amovible pivotant \u00e0 360 \u00b0<\/li>\n<li>Minuterie d&rsquo;extinction automatique de 20 minutes (avec avertissement de batterie faible)<\/li>\n<li>Fixation du diffuseur de lumi\u00e8re QuiqFlare &#8211; Indice de r\u00e9sistance \u00e0 l&rsquo;eau IPX4<\/li>\n<li>Garantie \u00e0 vie limit\u00e9e &#8211; Certifi\u00e9 CE<\/li>\n<\/ul>\n<p><strong>Inclus dans la bo\u00eete<\/strong><\/p>\n<ul>\n<li>QuiqLiteX2<\/li>\n<li>QuiqClip magn\u00e9tique amovible<\/li>\n<li>Fixation QuiqFlare<\/li>\n<li>Cordon de chargement USB<\/li>\n<li>Manuel de l&rsquo;Utilisateur<\/li>\n<\/ul>\n","protected":false},"excerpt":{"rendered":"<p>La QuiqLite X2 Tacticque Rouge \/ Blanc est une lampe de poche LED r\u00e9glable qui fournit de 20 \u00e0 200 lumens de lumi\u00e8re sur demande. Son nouveau bras d&rsquo;inondation r\u00e9glable extra large (30 mm) vous offre la libert\u00e9 de diriger la lumi\u00e8re l\u00e0 o\u00f9 vous en avez besoin sans avoir \u00e0 la tenir dans vos mains ou sous votre bras pendant la lecture, l&rsquo;\u00e9criture et la man\u0153uvre dans l&rsquo;obscurit\u00e9.<\/p>\n","protected":false},"featured_media":2636,"comment_status":"open","ping_status":"closed","template":"","meta":[],"pwb-brand":[339],"product_brand":[],"product_cat":[200],"product_tag":[233,230,279],"class_list":{"0":"post-2635","1":"product","2":"type-product","3":"status-publish","4":"has-post-thumbnail","6":"pwb-brand-quiqlite-fr","7":"product_cat-quiqlites-fr","8":"product_tag-lampe-de-poche-fr","9":"product_tag-lampe-tactique","10":"product_tag-quiqlite-fr","12":"first","13":"instock","14":"sale","15":"featured","16":"taxable","17":"shipping-taxable","18":"purchasable","19":"product-type-simple"},"yoast_head":"<!-- This site is optimized with the Yoast SEO plugin v27.5 - https:\/\/yoast.com\/product\/yoast-seo-wordpress\/ -->\n<title>QuiqLite X2 Tactique<\/title>\n<meta name=\"description\" content=\"La QuiqLite X2 tactique est une lampe de poche LED mains libres r\u00e9glable pour la police et le personnel de s\u00e9curit\u00e9.\" \/>\n<meta name=\"robots\" content=\"index, follow, max-snippet:-1, max-image-preview:large, max-video-preview:-1\" \/>\n<link rel=\"canonical\" href=\"https:\/\/911equipment.ca\/fr\/produit\/quiqlite-x2-tactique-rouge-blanc\/\" \/>\n<meta property=\"og:locale\" content=\"fr_CA\" \/>\n<meta property=\"og:type\" content=\"article\" \/>\n<meta property=\"og:title\" content=\"QuiqLite X2 Tactique\" \/>\n<meta property=\"og:description\" content=\"La QuiqLite X2 tactique est une lampe de poche LED mains libres r\u00e9glable pour la police et le personnel de s\u00e9curit\u00e9.\" \/>\n<meta property=\"og:url\" content=\"https:\/\/911equipment.ca\/fr\/produit\/quiqlite-x2-tactique-rouge-blanc\/\" \/>\n<meta property=\"og:site_name\" content=\"NatPat Ltd - Canadian Police Supplies\" \/>\n<meta property=\"article:modified_time\" content=\"2026-03-30T13:56:13+00:00\" \/>\n<meta name=\"twitter:card\" content=\"summary_large_image\" \/>\n<script type=\"application\/ld+json\" class=\"yoast-schema-graph\">{\"@context\":\"https:\\\/\\\/schema.org\",\"@graph\":[{\"@type\":\"WebPage\",\"@id\":\"https:\\\/\\\/911equipment.ca\\\/fr\\\/produit\\\/quiqlite-x2-tactique-rouge-blanc\\\/\",\"url\":\"https:\\\/\\\/911equipment.ca\\\/fr\\\/produit\\\/quiqlite-x2-tactique-rouge-blanc\\\/\",\"name\":\"QuiqLite X2 Tactique\",\"isPartOf\":{\"@id\":\"https:\\\/\\\/911equipment.ca\\\/fr\\\/#website\"},\"primaryImageOfPage\":{\"@id\":\"https:\\\/\\\/911equipment.ca\\\/fr\\\/produit\\\/quiqlite-x2-tactique-rouge-blanc\\\/#primaryimage\"},\"image\":{\"@id\":\"https:\\\/\\\/911equipment.ca\\\/fr\\\/produit\\\/quiqlite-x2-tactique-rouge-blanc\\\/#primaryimage\"},\"thumbnailUrl\":\"https:\\\/\\\/i0.wp.com\\\/911equipment.ca\\\/wp-content\\\/uploads\\\/2020\\\/05\\\/X2-red-wclip-600.jpg?fit=600%2C600&ssl=1\",\"datePublished\":\"2020-05-22T18:18:59+00:00\",\"dateModified\":\"2026-03-30T13:56:13+00:00\",\"description\":\"La QuiqLite X2 tactique est une lampe de poche LED mains libres r\u00e9glable pour la police et le personnel de s\u00e9curit\u00e9.\",\"breadcrumb\":{\"@id\":\"https:\\\/\\\/911equipment.ca\\\/fr\\\/produit\\\/quiqlite-x2-tactique-rouge-blanc\\\/#breadcrumb\"},\"inLanguage\":\"fr-CA\",\"potentialAction\":[{\"@type\":\"ReadAction\",\"target\":[\"https:\\\/\\\/911equipment.ca\\\/fr\\\/produit\\\/quiqlite-x2-tactique-rouge-blanc\\\/\"]}]},{\"@type\":\"ImageObject\",\"inLanguage\":\"fr-CA\",\"@id\":\"https:\\\/\\\/911equipment.ca\\\/fr\\\/produit\\\/quiqlite-x2-tactique-rouge-blanc\\\/#primaryimage\",\"url\":\"https:\\\/\\\/i0.wp.com\\\/911equipment.ca\\\/wp-content\\\/uploads\\\/2020\\\/05\\\/X2-red-wclip-600.jpg?fit=600%2C600&ssl=1\",\"contentUrl\":\"https:\\\/\\\/i0.wp.com\\\/911equipment.ca\\\/wp-content\\\/uploads\\\/2020\\\/05\\\/X2-red-wclip-600.jpg?fit=600%2C600&ssl=1\",\"width\":600,\"height\":600,\"caption\":\"QuiqLite X2 Tactique Rouge \\\/ Blanc\"},{\"@type\":\"BreadcrumbList\",\"@id\":\"https:\\\/\\\/911equipment.ca\\\/fr\\\/produit\\\/quiqlite-x2-tactique-rouge-blanc\\\/#breadcrumb\",\"itemListElement\":[{\"@type\":\"ListItem\",\"position\":1,\"name\":\"Home\",\"item\":\"https:\\\/\\\/911equipment.ca\\\/fr\\\/\"},{\"@type\":\"ListItem\",\"position\":2,\"name\":\"Magasiner\",\"item\":\"https:\\\/\\\/911equipment.ca\\\/fr\\\/magasiner\\\/\"},{\"@type\":\"ListItem\",\"position\":3,\"name\":\"QuiqLite X2 Tactique Rouge\\\/Blanc\"}]},{\"@type\":\"WebSite\",\"@id\":\"https:\\\/\\\/911equipment.ca\\\/fr\\\/#website\",\"url\":\"https:\\\/\\\/911equipment.ca\\\/fr\\\/\",\"name\":\"Canadian Police Supplies\",\"description\":\"Online retail of police, law enforcement and security supplies, gears and equipment.\",\"publisher\":{\"@id\":\"https:\\\/\\\/911equipment.ca\\\/fr\\\/#organization\"},\"potentialAction\":[{\"@type\":\"SearchAction\",\"target\":{\"@type\":\"EntryPoint\",\"urlTemplate\":\"https:\\\/\\\/911equipment.ca\\\/fr\\\/?s={search_term_string}\"},\"query-input\":{\"@type\":\"PropertyValueSpecification\",\"valueRequired\":true,\"valueName\":\"search_term_string\"}}],\"inLanguage\":\"fr-CA\"},{\"@type\":\"Organization\",\"@id\":\"https:\\\/\\\/911equipment.ca\\\/fr\\\/#organization\",\"name\":\"NatPat Lt\u00e9e\",\"url\":\"https:\\\/\\\/911equipment.ca\\\/fr\\\/\",\"logo\":{\"@type\":\"ImageObject\",\"inLanguage\":\"fr-CA\",\"@id\":\"https:\\\/\\\/911equipment.ca\\\/fr\\\/#\\\/schema\\\/logo\\\/image\\\/\",\"url\":\"https:\\\/\\\/i2.wp.com\\\/911equipment.ca\\\/wp-content\\\/uploads\\\/2020\\\/05\\\/NatPat-Logo-Oct-2010.jpg?fit=560%2C560&ssl=1\",\"contentUrl\":\"https:\\\/\\\/i2.wp.com\\\/911equipment.ca\\\/wp-content\\\/uploads\\\/2020\\\/05\\\/NatPat-Logo-Oct-2010.jpg?fit=560%2C560&ssl=1\",\"width\":560,\"height\":560,\"caption\":\"NatPat Lt\u00e9e\"},\"image\":{\"@id\":\"https:\\\/\\\/911equipment.ca\\\/fr\\\/#\\\/schema\\\/logo\\\/image\\\/\"}}]}<\/script>\n<!-- \/ Yoast SEO plugin. -->","yoast_head_json":{"title":"QuiqLite X2 Tactique","description":"La QuiqLite X2 tactique est une lampe de poche LED mains libres r\u00e9glable pour la police et le personnel de s\u00e9curit\u00e9.","robots":{"index":"index","follow":"follow","max-snippet":"max-snippet:-1","max-image-preview":"max-image-preview:large","max-video-preview":"max-video-preview:-1"},"canonical":"https:\/\/911equipment.ca\/fr\/produit\/quiqlite-x2-tactique-rouge-blanc\/","og_locale":"fr_CA","og_type":"article","og_title":"QuiqLite X2 Tactique","og_description":"La QuiqLite X2 tactique est une lampe de poche LED mains libres r\u00e9glable pour la police et le personnel de s\u00e9curit\u00e9.","og_url":"https:\/\/911equipment.ca\/fr\/produit\/quiqlite-x2-tactique-rouge-blanc\/","og_site_name":"NatPat Ltd - Canadian Police Supplies","article_modified_time":"2026-03-30T13:56:13+00:00","twitter_card":"summary_large_image","schema":{"@context":"https:\/\/schema.org","@graph":[{"@type":"WebPage","@id":"https:\/\/911equipment.ca\/fr\/produit\/quiqlite-x2-tactique-rouge-blanc\/","url":"https:\/\/911equipment.ca\/fr\/produit\/quiqlite-x2-tactique-rouge-blanc\/","name":"QuiqLite X2 Tactique","isPartOf":{"@id":"https:\/\/911equipment.ca\/fr\/#website"},"primaryImageOfPage":{"@id":"https:\/\/911equipment.ca\/fr\/produit\/quiqlite-x2-tactique-rouge-blanc\/#primaryimage"},"image":{"@id":"https:\/\/911equipment.ca\/fr\/produit\/quiqlite-x2-tactique-rouge-blanc\/#primaryimage"},"thumbnailUrl":"https:\/\/i0.wp.com\/911equipment.ca\/wp-content\/uploads\/2020\/05\/X2-red-wclip-600.jpg?fit=600%2C600&ssl=1","datePublished":"2020-05-22T18:18:59+00:00","dateModified":"2026-03-30T13:56:13+00:00","description":"La QuiqLite X2 tactique est une lampe de poche LED mains libres r\u00e9glable pour la police et le personnel de s\u00e9curit\u00e9.","breadcrumb":{"@id":"https:\/\/911equipment.ca\/fr\/produit\/quiqlite-x2-tactique-rouge-blanc\/#breadcrumb"},"inLanguage":"fr-CA","potentialAction":[{"@type":"ReadAction","target":["https:\/\/911equipment.ca\/fr\/produit\/quiqlite-x2-tactique-rouge-blanc\/"]}]},{"@type":"ImageObject","inLanguage":"fr-CA","@id":"https:\/\/911equipment.ca\/fr\/produit\/quiqlite-x2-tactique-rouge-blanc\/#primaryimage","url":"https:\/\/i0.wp.com\/911equipment.ca\/wp-content\/uploads\/2020\/05\/X2-red-wclip-600.jpg?fit=600%2C600&ssl=1","contentUrl":"https:\/\/i0.wp.com\/911equipment.ca\/wp-content\/uploads\/2020\/05\/X2-red-wclip-600.jpg?fit=600%2C600&ssl=1","width":600,"height":600,"caption":"QuiqLite X2 Tactique Rouge \/ Blanc"},{"@type":"BreadcrumbList","@id":"https:\/\/911equipment.ca\/fr\/produit\/quiqlite-x2-tactique-rouge-blanc\/#breadcrumb","itemListElement":[{"@type":"ListItem","position":1,"name":"Home","item":"https:\/\/911equipment.ca\/fr\/"},{"@type":"ListItem","position":2,"name":"Magasiner","item":"https:\/\/911equipment.ca\/fr\/magasiner\/"},{"@type":"ListItem","position":3,"name":"QuiqLite X2 Tactique Rouge\/Blanc"}]},{"@type":"WebSite","@id":"https:\/\/911equipment.ca\/fr\/#website","url":"https:\/\/911equipment.ca\/fr\/","name":"Canadian Police Supplies","description":"Online retail of police, law enforcement and security supplies, gears and equipment.","publisher":{"@id":"https:\/\/911equipment.ca\/fr\/#organization"},"potentialAction":[{"@type":"SearchAction","target":{"@type":"EntryPoint","urlTemplate":"https:\/\/911equipment.ca\/fr\/?s={search_term_string}"},"query-input":{"@type":"PropertyValueSpecification","valueRequired":true,"valueName":"search_term_string"}}],"inLanguage":"fr-CA"},{"@type":"Organization","@id":"https:\/\/911equipment.ca\/fr\/#organization","name":"NatPat Lt\u00e9e","url":"https:\/\/911equipment.ca\/fr\/","logo":{"@type":"ImageObject","inLanguage":"fr-CA","@id":"https:\/\/911equipment.ca\/fr\/#\/schema\/logo\/image\/","url":"https:\/\/i2.wp.com\/911equipment.ca\/wp-content\/uploads\/2020\/05\/NatPat-Logo-Oct-2010.jpg?fit=560%2C560&ssl=1","contentUrl":"https:\/\/i2.wp.com\/911equipment.ca\/wp-content\/uploads\/2020\/05\/NatPat-Logo-Oct-2010.jpg?fit=560%2C560&ssl=1","width":560,"height":560,"caption":"NatPat Lt\u00e9e"},"image":{"@id":"https:\/\/911equipment.ca\/fr\/#\/schema\/logo\/image\/"}}]}},"jetpack_sharing_enabled":true,"brands":[{"id":339,"name":"QuiqLite","slug":"quiqlite-fr"}],"_links":{"self":[{"href":"https:\/\/911equipment.ca\/fr\/wp-json\/wp\/v2\/product\/2635","targetHints":{"allow":["GET"]}}],"collection":[{"href":"https:\/\/911equipment.ca\/fr\/wp-json\/wp\/v2\/product"}],"about":[{"href":"https:\/\/911equipment.ca\/fr\/wp-json\/wp\/v2\/types\/product"}],"replies":[{"embeddable":true,"href":"https:\/\/911equipment.ca\/fr\/wp-json\/wp\/v2\/comments?post=2635"}],"wp:featuredmedia":[{"embeddable":true,"href":"https:\/\/911equipment.ca\/fr\/wp-json\/wp\/v2\/media\/2636"}],"wp:attachment":[{"href":"https:\/\/911equipment.ca\/fr\/wp-json\/wp\/v2\/media?parent=2635"}],"wp:term":[{"taxonomy":"pwb-brand","embeddable":true,"href":"https:\/\/911equipment.ca\/fr\/wp-json\/wp\/v2\/pwb-brand?post=2635"},{"taxonomy":"product_brand","embeddable":true,"href":"https:\/\/911equipment.ca\/fr\/wp-json\/wp\/v2\/product_brand?post=2635"},{"taxonomy":"product_cat","embeddable":true,"href":"https:\/\/911equipment.ca\/fr\/wp-json\/wp\/v2\/product_cat?post=2635"},{"taxonomy":"product_tag","embeddable":true,"href":"https:\/\/911equipment.ca\/fr\/wp-json\/wp\/v2\/product_tag?post=2635"}],"curies":[{"name":"wp","href":"https:\/\/api.w.org\/{rel}","templated":true}]}}