{"id":2633,"date":"2020-05-22T14:28:32","date_gmt":"2020-05-22T18:28:32","guid":{"rendered":"https:\/\/911equipment.ca\/product\/quiqlite-x-tactiquel-rouge-blanc\/"},"modified":"2024-05-29T10:44:35","modified_gmt":"2024-05-29T14:44:35","slug":"quiqlite-x-tactiquel-rouge-blanc","status":"publish","type":"product","link":"https:\/\/911equipment.ca\/fr\/produit\/quiqlite-x-tactiquel-rouge-blanc\/","title":{"rendered":"QuiqLite X Tactiquel Rouge\/Blanc"},"content":{"rendered":"<p>La premi\u00e8re pression sur le bouton Marche \/ Arr\u00eat activera la LED rouge \u00e0 20 lumens. La deuxi\u00e8me pression sur le bouton activera la LED blanche \u00e0 20 lumens, con\u00e7ue pour la lecture, l&rsquo;\u00e9criture et les man\u0153uvres normales dans l&rsquo;obscurit\u00e9 sans avoir \u00e0 tenir une lampe de poche dans vos mains. Si plus de lumi\u00e8re est requise, appuyez simplement sur le bouton X-BOOST pour augmenter jusqu&rsquo;\u00e0 75 lumens.<\/p>\n<p><strong>Caract\u00e9ristiques<\/strong><\/p>\n<ul>\n<li>Rechargeable via USB<\/li>\n<li>LED double super brillant &#8211; Bouton pour X-Boost<\/li>\n<li>Technologie avec int\u00e9rupteur double &#8211; LED avec activation ind\u00e9pendante<\/li>\n<li>Visi\u00e8re anti-reflet &#8211; Minuterie d&rsquo;arr\u00eat automatique apr\u00e8s 10 minutes<\/li>\n<li>Lampe r\u00e9glable de 180 degr\u00e9s &#8211; Rotation de 360 degr\u00e9s avec clip magn\u00e9tique amovible<\/li>\n<li>Bo\u00eetier r\u00e9sistant aux intemp\u00e9ries &#8211; Attachement \u00ab\u00a0QuiqFlare\u00a0\u00bb est inclu<\/li>\n<li>Nouvelle jauge pupille d&rsquo;oeil<\/li>\n<li>Certifi\u00e9 CE<\/li>\n<\/ul>\n<p><strong>Inclus dans la bo\u00eete<\/strong><\/p>\n<ul>\n<li>QuiqLiteX<\/li>\n<li>QuiqClip magn\u00e9tique amovible<\/li>\n<li>Attachement QuiqFlare<\/li>\n<li>Cordon de charge USB<\/li>\n<li>Manuel de l&rsquo;Utilisateur<\/li>\n<\/ul>\n","protected":false},"excerpt":{"rendered":"<p>La QuiqLiteX haute puissance rouge \/ blanc est rechargeable par USB et fournit de 20 \u00e0 75 lumens de lumi\u00e8re sur demande. Elle est \u00e9quip\u00e9 d&rsquo;une minuterie d&rsquo;\u00e9conomie de batterie \u00e0 arr\u00eat automatique de 10 minutes et d&rsquo;un mode stroboscopique de s\u00e9curit\u00e9 continu, plus QuiqFlare qui offre une visibilit\u00e9 \u00e0 plus de 1,6 km. Comprend d\u00e9sormais une nouvelle jauge pupille d&rsquo;oeil situ\u00e9e \u00e0 l&rsquo;arri\u00e8re du QuiqLiteX.<\/p>\n","protected":false},"featured_media":1771,"comment_status":"open","ping_status":"closed","template":"","meta":[],"pwb-brand":[339],"product_brand":[],"product_cat":[200],"product_tag":[233,230],"class_list":{"0":"post-2633","1":"product","2":"type-product","3":"status-publish","4":"has-post-thumbnail","6":"pwb-brand-quiqlite-fr","7":"product_cat-quiqlites-fr","8":"product_tag-lampe-de-poche-fr","9":"product_tag-lampe-tactique","11":"first","12":"instock","13":"sale","14":"featured","15":"taxable","16":"shipping-taxable","17":"purchasable","18":"product-type-simple"},"yoast_head":"<!-- This site is optimized with the Yoast SEO plugin v27.4 - https:\/\/yoast.com\/product\/yoast-seo-wordpress\/ -->\n<title>QuiqLite X Tactique<\/title>\n<meta name=\"description\" content=\"La QuiqLite X tactique est une lampe de poche LED mains libres r\u00e9glable pour la police, la s\u00e9curit\u00e9 et les premiers intervenants.\" \/>\n<meta name=\"robots\" content=\"index, follow, max-snippet:-1, max-image-preview:large, max-video-preview:-1\" \/>\n<link rel=\"canonical\" href=\"https:\/\/911equipment.ca\/fr\/produit\/quiqlite-x-tactiquel-rouge-blanc\/\" \/>\n<meta property=\"og:locale\" content=\"fr_CA\" \/>\n<meta property=\"og:type\" content=\"article\" \/>\n<meta property=\"og:title\" content=\"QuiqLite X Tactique\" \/>\n<meta property=\"og:description\" content=\"La QuiqLite X tactique est une lampe de poche LED mains libres r\u00e9glable pour la police, la s\u00e9curit\u00e9 et les premiers intervenants.\" \/>\n<meta property=\"og:url\" content=\"https:\/\/911equipment.ca\/fr\/produit\/quiqlite-x-tactiquel-rouge-blanc\/\" \/>\n<meta property=\"og:site_name\" content=\"NatPat Ltd - Canadian Police Supplies\" \/>\n<meta property=\"article:modified_time\" content=\"2024-05-29T14:44:35+00:00\" \/>\n<meta name=\"twitter:card\" content=\"summary_large_image\" \/>\n<meta name=\"twitter:label1\" content=\"Estimation du temps de lecture\" \/>\n\t<meta name=\"twitter:data1\" content=\"1 minute\" \/>\n<script type=\"application\/ld+json\" class=\"yoast-schema-graph\">{\"@context\":\"https:\\\/\\\/schema.org\",\"@graph\":[{\"@type\":\"WebPage\",\"@id\":\"https:\\\/\\\/911equipment.ca\\\/fr\\\/produit\\\/quiqlite-x-tactiquel-rouge-blanc\\\/\",\"url\":\"https:\\\/\\\/911equipment.ca\\\/fr\\\/produit\\\/quiqlite-x-tactiquel-rouge-blanc\\\/\",\"name\":\"QuiqLite X Tactique\",\"isPartOf\":{\"@id\":\"https:\\\/\\\/911equipment.ca\\\/fr\\\/#website\"},\"primaryImageOfPage\":{\"@id\":\"https:\\\/\\\/911equipment.ca\\\/fr\\\/produit\\\/quiqlite-x-tactiquel-rouge-blanc\\\/#primaryimage\"},\"image\":{\"@id\":\"https:\\\/\\\/911equipment.ca\\\/fr\\\/produit\\\/quiqlite-x-tactiquel-rouge-blanc\\\/#primaryimage\"},\"thumbnailUrl\":\"https:\\\/\\\/i0.wp.com\\\/911equipment.ca\\\/wp-content\\\/uploads\\\/2020\\\/05\\\/X-red-wclip-600.jpg?fit=600%2C600&ssl=1\",\"datePublished\":\"2020-05-22T18:28:32+00:00\",\"dateModified\":\"2024-05-29T14:44:35+00:00\",\"description\":\"La QuiqLite X tactique est une lampe de poche LED mains libres r\u00e9glable pour la police, la s\u00e9curit\u00e9 et les premiers intervenants.\",\"breadcrumb\":{\"@id\":\"https:\\\/\\\/911equipment.ca\\\/fr\\\/produit\\\/quiqlite-x-tactiquel-rouge-blanc\\\/#breadcrumb\"},\"inLanguage\":\"fr-CA\",\"potentialAction\":[{\"@type\":\"ReadAction\",\"target\":[\"https:\\\/\\\/911equipment.ca\\\/fr\\\/produit\\\/quiqlite-x-tactiquel-rouge-blanc\\\/\"]}]},{\"@type\":\"ImageObject\",\"inLanguage\":\"fr-CA\",\"@id\":\"https:\\\/\\\/911equipment.ca\\\/fr\\\/produit\\\/quiqlite-x-tactiquel-rouge-blanc\\\/#primaryimage\",\"url\":\"https:\\\/\\\/i0.wp.com\\\/911equipment.ca\\\/wp-content\\\/uploads\\\/2020\\\/05\\\/X-red-wclip-600.jpg?fit=600%2C600&ssl=1\",\"contentUrl\":\"https:\\\/\\\/i0.wp.com\\\/911equipment.ca\\\/wp-content\\\/uploads\\\/2020\\\/05\\\/X-red-wclip-600.jpg?fit=600%2C600&ssl=1\",\"width\":600,\"height\":600,\"caption\":\"QuiqLite X Tactique Rouge \\\/ Blanc\"},{\"@type\":\"BreadcrumbList\",\"@id\":\"https:\\\/\\\/911equipment.ca\\\/fr\\\/produit\\\/quiqlite-x-tactiquel-rouge-blanc\\\/#breadcrumb\",\"itemListElement\":[{\"@type\":\"ListItem\",\"position\":1,\"name\":\"Home\",\"item\":\"https:\\\/\\\/911equipment.ca\\\/fr\\\/\"},{\"@type\":\"ListItem\",\"position\":2,\"name\":\"Magasiner\",\"item\":\"https:\\\/\\\/911equipment.ca\\\/fr\\\/magasiner\\\/\"},{\"@type\":\"ListItem\",\"position\":3,\"name\":\"QuiqLite X Tactiquel Rouge\\\/Blanc\"}]},{\"@type\":\"WebSite\",\"@id\":\"https:\\\/\\\/911equipment.ca\\\/fr\\\/#website\",\"url\":\"https:\\\/\\\/911equipment.ca\\\/fr\\\/\",\"name\":\"Canadian Police Supplies\",\"description\":\"Online retail of police, law enforcement and security supplies, gears and equipment.\",\"publisher\":{\"@id\":\"https:\\\/\\\/911equipment.ca\\\/fr\\\/#organization\"},\"potentialAction\":[{\"@type\":\"SearchAction\",\"target\":{\"@type\":\"EntryPoint\",\"urlTemplate\":\"https:\\\/\\\/911equipment.ca\\\/fr\\\/?s={search_term_string}\"},\"query-input\":{\"@type\":\"PropertyValueSpecification\",\"valueRequired\":true,\"valueName\":\"search_term_string\"}}],\"inLanguage\":\"fr-CA\"},{\"@type\":\"Organization\",\"@id\":\"https:\\\/\\\/911equipment.ca\\\/fr\\\/#organization\",\"name\":\"NatPat Lt\u00e9e\",\"url\":\"https:\\\/\\\/911equipment.ca\\\/fr\\\/\",\"logo\":{\"@type\":\"ImageObject\",\"inLanguage\":\"fr-CA\",\"@id\":\"https:\\\/\\\/911equipment.ca\\\/fr\\\/#\\\/schema\\\/logo\\\/image\\\/\",\"url\":\"https:\\\/\\\/i2.wp.com\\\/911equipment.ca\\\/wp-content\\\/uploads\\\/2020\\\/05\\\/NatPat-Logo-Oct-2010.jpg?fit=560%2C560&ssl=1\",\"contentUrl\":\"https:\\\/\\\/i2.wp.com\\\/911equipment.ca\\\/wp-content\\\/uploads\\\/2020\\\/05\\\/NatPat-Logo-Oct-2010.jpg?fit=560%2C560&ssl=1\",\"width\":560,\"height\":560,\"caption\":\"NatPat Lt\u00e9e\"},\"image\":{\"@id\":\"https:\\\/\\\/911equipment.ca\\\/fr\\\/#\\\/schema\\\/logo\\\/image\\\/\"}}]}<\/script>\n<!-- \/ Yoast SEO plugin. -->","yoast_head_json":{"title":"QuiqLite X Tactique","description":"La QuiqLite X tactique est une lampe de poche LED mains libres r\u00e9glable pour la police, la s\u00e9curit\u00e9 et les premiers intervenants.","robots":{"index":"index","follow":"follow","max-snippet":"max-snippet:-1","max-image-preview":"max-image-preview:large","max-video-preview":"max-video-preview:-1"},"canonical":"https:\/\/911equipment.ca\/fr\/produit\/quiqlite-x-tactiquel-rouge-blanc\/","og_locale":"fr_CA","og_type":"article","og_title":"QuiqLite X Tactique","og_description":"La QuiqLite X tactique est une lampe de poche LED mains libres r\u00e9glable pour la police, la s\u00e9curit\u00e9 et les premiers intervenants.","og_url":"https:\/\/911equipment.ca\/fr\/produit\/quiqlite-x-tactiquel-rouge-blanc\/","og_site_name":"NatPat Ltd - Canadian Police Supplies","article_modified_time":"2024-05-29T14:44:35+00:00","twitter_card":"summary_large_image","twitter_misc":{"Estimation du temps de lecture":"1 minute"},"schema":{"@context":"https:\/\/schema.org","@graph":[{"@type":"WebPage","@id":"https:\/\/911equipment.ca\/fr\/produit\/quiqlite-x-tactiquel-rouge-blanc\/","url":"https:\/\/911equipment.ca\/fr\/produit\/quiqlite-x-tactiquel-rouge-blanc\/","name":"QuiqLite X Tactique","isPartOf":{"@id":"https:\/\/911equipment.ca\/fr\/#website"},"primaryImageOfPage":{"@id":"https:\/\/911equipment.ca\/fr\/produit\/quiqlite-x-tactiquel-rouge-blanc\/#primaryimage"},"image":{"@id":"https:\/\/911equipment.ca\/fr\/produit\/quiqlite-x-tactiquel-rouge-blanc\/#primaryimage"},"thumbnailUrl":"https:\/\/i0.wp.com\/911equipment.ca\/wp-content\/uploads\/2020\/05\/X-red-wclip-600.jpg?fit=600%2C600&ssl=1","datePublished":"2020-05-22T18:28:32+00:00","dateModified":"2024-05-29T14:44:35+00:00","description":"La QuiqLite X tactique est une lampe de poche LED mains libres r\u00e9glable pour la police, la s\u00e9curit\u00e9 et les premiers intervenants.","breadcrumb":{"@id":"https:\/\/911equipment.ca\/fr\/produit\/quiqlite-x-tactiquel-rouge-blanc\/#breadcrumb"},"inLanguage":"fr-CA","potentialAction":[{"@type":"ReadAction","target":["https:\/\/911equipment.ca\/fr\/produit\/quiqlite-x-tactiquel-rouge-blanc\/"]}]},{"@type":"ImageObject","inLanguage":"fr-CA","@id":"https:\/\/911equipment.ca\/fr\/produit\/quiqlite-x-tactiquel-rouge-blanc\/#primaryimage","url":"https:\/\/i0.wp.com\/911equipment.ca\/wp-content\/uploads\/2020\/05\/X-red-wclip-600.jpg?fit=600%2C600&ssl=1","contentUrl":"https:\/\/i0.wp.com\/911equipment.ca\/wp-content\/uploads\/2020\/05\/X-red-wclip-600.jpg?fit=600%2C600&ssl=1","width":600,"height":600,"caption":"QuiqLite X Tactique Rouge \/ Blanc"},{"@type":"BreadcrumbList","@id":"https:\/\/911equipment.ca\/fr\/produit\/quiqlite-x-tactiquel-rouge-blanc\/#breadcrumb","itemListElement":[{"@type":"ListItem","position":1,"name":"Home","item":"https:\/\/911equipment.ca\/fr\/"},{"@type":"ListItem","position":2,"name":"Magasiner","item":"https:\/\/911equipment.ca\/fr\/magasiner\/"},{"@type":"ListItem","position":3,"name":"QuiqLite X Tactiquel Rouge\/Blanc"}]},{"@type":"WebSite","@id":"https:\/\/911equipment.ca\/fr\/#website","url":"https:\/\/911equipment.ca\/fr\/","name":"Canadian Police Supplies","description":"Online retail of police, law enforcement and security supplies, gears and equipment.","publisher":{"@id":"https:\/\/911equipment.ca\/fr\/#organization"},"potentialAction":[{"@type":"SearchAction","target":{"@type":"EntryPoint","urlTemplate":"https:\/\/911equipment.ca\/fr\/?s={search_term_string}"},"query-input":{"@type":"PropertyValueSpecification","valueRequired":true,"valueName":"search_term_string"}}],"inLanguage":"fr-CA"},{"@type":"Organization","@id":"https:\/\/911equipment.ca\/fr\/#organization","name":"NatPat Lt\u00e9e","url":"https:\/\/911equipment.ca\/fr\/","logo":{"@type":"ImageObject","inLanguage":"fr-CA","@id":"https:\/\/911equipment.ca\/fr\/#\/schema\/logo\/image\/","url":"https:\/\/i2.wp.com\/911equipment.ca\/wp-content\/uploads\/2020\/05\/NatPat-Logo-Oct-2010.jpg?fit=560%2C560&ssl=1","contentUrl":"https:\/\/i2.wp.com\/911equipment.ca\/wp-content\/uploads\/2020\/05\/NatPat-Logo-Oct-2010.jpg?fit=560%2C560&ssl=1","width":560,"height":560,"caption":"NatPat Lt\u00e9e"},"image":{"@id":"https:\/\/911equipment.ca\/fr\/#\/schema\/logo\/image\/"}}]}},"jetpack_sharing_enabled":true,"brands":[{"id":339,"name":"QuiqLite","slug":"quiqlite-fr"}],"_links":{"self":[{"href":"https:\/\/911equipment.ca\/fr\/wp-json\/wp\/v2\/product\/2633","targetHints":{"allow":["GET"]}}],"collection":[{"href":"https:\/\/911equipment.ca\/fr\/wp-json\/wp\/v2\/product"}],"about":[{"href":"https:\/\/911equipment.ca\/fr\/wp-json\/wp\/v2\/types\/product"}],"replies":[{"embeddable":true,"href":"https:\/\/911equipment.ca\/fr\/wp-json\/wp\/v2\/comments?post=2633"}],"wp:featuredmedia":[{"embeddable":true,"href":"https:\/\/911equipment.ca\/fr\/wp-json\/wp\/v2\/media\/1771"}],"wp:attachment":[{"href":"https:\/\/911equipment.ca\/fr\/wp-json\/wp\/v2\/media?parent=2633"}],"wp:term":[{"taxonomy":"pwb-brand","embeddable":true,"href":"https:\/\/911equipment.ca\/fr\/wp-json\/wp\/v2\/pwb-brand?post=2633"},{"taxonomy":"product_brand","embeddable":true,"href":"https:\/\/911equipment.ca\/fr\/wp-json\/wp\/v2\/product_brand?post=2633"},{"taxonomy":"product_cat","embeddable":true,"href":"https:\/\/911equipment.ca\/fr\/wp-json\/wp\/v2\/product_cat?post=2633"},{"taxonomy":"product_tag","embeddable":true,"href":"https:\/\/911equipment.ca\/fr\/wp-json\/wp\/v2\/product_tag?post=2633"}],"curies":[{"name":"wp","href":"https:\/\/api.w.org\/{rel}","templated":true}]}}