{"id":2627,"date":"2020-05-22T16:35:48","date_gmt":"2020-05-22T20:35:48","guid":{"rendered":"https:\/\/911equipment.ca\/product\/quiqlite-pro-rouge-blanc\/"},"modified":"2024-05-29T10:34:29","modified_gmt":"2024-05-29T14:34:29","slug":"quiqlite-pro-rouge-blanc","status":"publish","type":"product","link":"https:\/\/911equipment.ca\/fr\/produit\/quiqlite-pro-rouge-blanc\/","title":{"rendered":"QuiqLite Pro Rouge\/Blanc"},"content":{"rendered":"<p>La premi\u00e8re pression sur le bouton Marche \/ Arr\u00eat activera la LED rouge \u00e0 10 lumens pour aider \u00e0 pr\u00e9server votre vision nocturne et garder votre position cach\u00e9e. La deuxi\u00e8me pression sur le bouton activera la LED blanche \u00e0 10 lumens, con\u00e7ue pour la lecture, l&rsquo;\u00e9criture et les man\u0153uvres normales dans l&rsquo;obscurit\u00e9 sans avoir \u00e0 tenir une lampe de poche dans vos mains.<\/p>\n<p><strong>Caract\u00e9ristiques<\/strong><\/p>\n<ul>\n<li>3 modes: LED rouge: 10 lumens, LED blanche: 10 lumens, stroboscope de s\u00e9curit\u00e9: 10 lumens<\/li>\n<li>Deux LED super brillantes<\/li>\n<li>Activation LED ind\u00e9pendante<\/li>\n<li>Visi\u00e8re antireflet<\/li>\n<li>Minuterie d&rsquo;arr\u00eat automatique de 10 minutes<\/li>\n<li>Bras de lumi\u00e8re r\u00e9glable \u00e0 180 degr\u00e9s<\/li>\n<li>Clip magn\u00e9tique amovible rotatif \u00e0 360 degr\u00e9s<\/li>\n<li>Bo\u00eetier en nylon r\u00e9sistant aux intemp\u00e9ries<\/li>\n<li>Fixation du diffuseur de lumi\u00e8re QuiqFlare<\/li>\n<li>Nouvelle jauge pupille d&rsquo;oeil<\/li>\n<\/ul>\n<p><strong>Inclus dans la bo\u00eete<\/strong><\/p>\n<ul>\n<li>QuiqLitePro<\/li>\n<li>QuiqClip magn\u00e9tique amovible<\/li>\n<li>Attachement QuiqFlare<\/li>\n<li>(2) piles au lithium CR2032 (rempla\u00e7ables)<\/li>\n<li>Manuel de l&rsquo;Utilisateur<\/li>\n<\/ul>\n","protected":false},"excerpt":{"rendered":"<p>La LED QuiqLite Pro Tactical Red \/ White est con\u00e7ue pour les applications d&rsquo;\u00e9clairage tactique. Il est \u00e9quip\u00e9 d&rsquo;une minuterie d&rsquo;\u00e9conomie de batterie \u00e0 arr\u00eat automatique de 10 minutes et d&rsquo;un mode stroboscopique de s\u00e9curit\u00e9 continu, plus QuiqFlare qui offre une visibilit\u00e9 \u00e0 plus de 1,6 km. Comprend d\u00e9sormais une nouvelle jauge pupille d&rsquo;oeil situ\u00e9e \u00e0 l&rsquo;arri\u00e8re du QuiqLite Pro.<\/p>\n","protected":false},"featured_media":1761,"comment_status":"open","ping_status":"closed","template":"","meta":[],"pwb-brand":[339],"product_brand":[],"product_cat":[200],"product_tag":[233,230],"class_list":{"0":"post-2627","1":"product","2":"type-product","3":"status-publish","4":"has-post-thumbnail","6":"pwb-brand-quiqlite-fr","7":"product_cat-quiqlites-fr","8":"product_tag-lampe-de-poche-fr","9":"product_tag-lampe-tactique","11":"first","12":"outofstock","13":"taxable","14":"shipping-taxable","15":"purchasable","16":"product-type-simple"},"yoast_head":"<!-- This site is optimized with the Yoast SEO plugin v27.4 - https:\/\/yoast.com\/product\/yoast-seo-wordpress\/ -->\n<title>QuiqLite Pro Rouge\/Blanc - NatPat Ltd - Canadian Police Supplies<\/title>\n<meta name=\"description\" content=\"Le QuiqLite Pro avec LED rouge-blanc est con\u00e7ue pour les applications d&#039;\u00e9clairage tactique et pour aider \u00e0 pr\u00e9server la vision nocturne de la police et des forces de l&#039;ordre.\" \/>\n<meta name=\"robots\" content=\"index, follow, max-snippet:-1, max-image-preview:large, max-video-preview:-1\" \/>\n<link rel=\"canonical\" href=\"https:\/\/911equipment.ca\/fr\/produit\/quiqlite-pro-rouge-blanc\/\" \/>\n<meta property=\"og:locale\" content=\"fr_CA\" \/>\n<meta property=\"og:type\" content=\"article\" \/>\n<meta property=\"og:title\" content=\"QuiqLite Pro Rouge\/Blanc - NatPat Ltd - Canadian Police Supplies\" \/>\n<meta property=\"og:description\" content=\"Le QuiqLite Pro avec LED rouge-blanc est con\u00e7ue pour les applications d&#039;\u00e9clairage tactique et pour aider \u00e0 pr\u00e9server la vision nocturne de la police et des forces de l&#039;ordre.\" \/>\n<meta property=\"og:url\" content=\"https:\/\/911equipment.ca\/fr\/produit\/quiqlite-pro-rouge-blanc\/\" \/>\n<meta property=\"og:site_name\" content=\"NatPat Ltd - Canadian Police Supplies\" \/>\n<meta property=\"article:modified_time\" content=\"2024-05-29T14:34:29+00:00\" \/>\n<meta name=\"twitter:card\" content=\"summary_large_image\" \/>\n<meta name=\"twitter:label1\" content=\"Estimation du temps de lecture\" \/>\n\t<meta name=\"twitter:data1\" content=\"1 minute\" \/>\n<script type=\"application\/ld+json\" class=\"yoast-schema-graph\">{\"@context\":\"https:\\\/\\\/schema.org\",\"@graph\":[{\"@type\":\"WebPage\",\"@id\":\"https:\\\/\\\/911equipment.ca\\\/fr\\\/produit\\\/quiqlite-pro-rouge-blanc\\\/\",\"url\":\"https:\\\/\\\/911equipment.ca\\\/fr\\\/produit\\\/quiqlite-pro-rouge-blanc\\\/\",\"name\":\"QuiqLite Pro Rouge\\\/Blanc - NatPat Ltd - Canadian Police Supplies\",\"isPartOf\":{\"@id\":\"https:\\\/\\\/911equipment.ca\\\/fr\\\/#website\"},\"primaryImageOfPage\":{\"@id\":\"https:\\\/\\\/911equipment.ca\\\/fr\\\/produit\\\/quiqlite-pro-rouge-blanc\\\/#primaryimage\"},\"image\":{\"@id\":\"https:\\\/\\\/911equipment.ca\\\/fr\\\/produit\\\/quiqlite-pro-rouge-blanc\\\/#primaryimage\"},\"thumbnailUrl\":\"https:\\\/\\\/i0.wp.com\\\/911equipment.ca\\\/wp-content\\\/uploads\\\/2020\\\/05\\\/Pro_Red-600.jpg?fit=600%2C600&ssl=1\",\"datePublished\":\"2020-05-22T20:35:48+00:00\",\"dateModified\":\"2024-05-29T14:34:29+00:00\",\"description\":\"Le QuiqLite Pro avec LED rouge-blanc est con\u00e7ue pour les applications d'\u00e9clairage tactique et pour aider \u00e0 pr\u00e9server la vision nocturne de la police et des forces de l'ordre.\",\"breadcrumb\":{\"@id\":\"https:\\\/\\\/911equipment.ca\\\/fr\\\/produit\\\/quiqlite-pro-rouge-blanc\\\/#breadcrumb\"},\"inLanguage\":\"fr-CA\",\"potentialAction\":[{\"@type\":\"ReadAction\",\"target\":[\"https:\\\/\\\/911equipment.ca\\\/fr\\\/produit\\\/quiqlite-pro-rouge-blanc\\\/\"]}]},{\"@type\":\"ImageObject\",\"inLanguage\":\"fr-CA\",\"@id\":\"https:\\\/\\\/911equipment.ca\\\/fr\\\/produit\\\/quiqlite-pro-rouge-blanc\\\/#primaryimage\",\"url\":\"https:\\\/\\\/i0.wp.com\\\/911equipment.ca\\\/wp-content\\\/uploads\\\/2020\\\/05\\\/Pro_Red-600.jpg?fit=600%2C600&ssl=1\",\"contentUrl\":\"https:\\\/\\\/i0.wp.com\\\/911equipment.ca\\\/wp-content\\\/uploads\\\/2020\\\/05\\\/Pro_Red-600.jpg?fit=600%2C600&ssl=1\",\"width\":600,\"height\":600,\"caption\":\"QuiqLite Pro Red-White\"},{\"@type\":\"BreadcrumbList\",\"@id\":\"https:\\\/\\\/911equipment.ca\\\/fr\\\/produit\\\/quiqlite-pro-rouge-blanc\\\/#breadcrumb\",\"itemListElement\":[{\"@type\":\"ListItem\",\"position\":1,\"name\":\"Home\",\"item\":\"https:\\\/\\\/911equipment.ca\\\/fr\\\/\"},{\"@type\":\"ListItem\",\"position\":2,\"name\":\"Magasiner\",\"item\":\"https:\\\/\\\/911equipment.ca\\\/fr\\\/magasiner\\\/\"},{\"@type\":\"ListItem\",\"position\":3,\"name\":\"QuiqLite Pro Rouge\\\/Blanc\"}]},{\"@type\":\"WebSite\",\"@id\":\"https:\\\/\\\/911equipment.ca\\\/fr\\\/#website\",\"url\":\"https:\\\/\\\/911equipment.ca\\\/fr\\\/\",\"name\":\"Canadian Police Supplies\",\"description\":\"Online retail of police, law enforcement and security supplies, gears and equipment.\",\"publisher\":{\"@id\":\"https:\\\/\\\/911equipment.ca\\\/fr\\\/#organization\"},\"potentialAction\":[{\"@type\":\"SearchAction\",\"target\":{\"@type\":\"EntryPoint\",\"urlTemplate\":\"https:\\\/\\\/911equipment.ca\\\/fr\\\/?s={search_term_string}\"},\"query-input\":{\"@type\":\"PropertyValueSpecification\",\"valueRequired\":true,\"valueName\":\"search_term_string\"}}],\"inLanguage\":\"fr-CA\"},{\"@type\":\"Organization\",\"@id\":\"https:\\\/\\\/911equipment.ca\\\/fr\\\/#organization\",\"name\":\"NatPat Lt\u00e9e\",\"url\":\"https:\\\/\\\/911equipment.ca\\\/fr\\\/\",\"logo\":{\"@type\":\"ImageObject\",\"inLanguage\":\"fr-CA\",\"@id\":\"https:\\\/\\\/911equipment.ca\\\/fr\\\/#\\\/schema\\\/logo\\\/image\\\/\",\"url\":\"https:\\\/\\\/i2.wp.com\\\/911equipment.ca\\\/wp-content\\\/uploads\\\/2020\\\/05\\\/NatPat-Logo-Oct-2010.jpg?fit=560%2C560&ssl=1\",\"contentUrl\":\"https:\\\/\\\/i2.wp.com\\\/911equipment.ca\\\/wp-content\\\/uploads\\\/2020\\\/05\\\/NatPat-Logo-Oct-2010.jpg?fit=560%2C560&ssl=1\",\"width\":560,\"height\":560,\"caption\":\"NatPat Lt\u00e9e\"},\"image\":{\"@id\":\"https:\\\/\\\/911equipment.ca\\\/fr\\\/#\\\/schema\\\/logo\\\/image\\\/\"}}]}<\/script>\n<!-- \/ Yoast SEO plugin. -->","yoast_head_json":{"title":"QuiqLite Pro Rouge\/Blanc - NatPat Ltd - Canadian Police Supplies","description":"Le QuiqLite Pro avec LED rouge-blanc est con\u00e7ue pour les applications d'\u00e9clairage tactique et pour aider \u00e0 pr\u00e9server la vision nocturne de la police et des forces de l'ordre.","robots":{"index":"index","follow":"follow","max-snippet":"max-snippet:-1","max-image-preview":"max-image-preview:large","max-video-preview":"max-video-preview:-1"},"canonical":"https:\/\/911equipment.ca\/fr\/produit\/quiqlite-pro-rouge-blanc\/","og_locale":"fr_CA","og_type":"article","og_title":"QuiqLite Pro Rouge\/Blanc - NatPat Ltd - Canadian Police Supplies","og_description":"Le QuiqLite Pro avec LED rouge-blanc est con\u00e7ue pour les applications d'\u00e9clairage tactique et pour aider \u00e0 pr\u00e9server la vision nocturne de la police et des forces de l'ordre.","og_url":"https:\/\/911equipment.ca\/fr\/produit\/quiqlite-pro-rouge-blanc\/","og_site_name":"NatPat Ltd - Canadian Police Supplies","article_modified_time":"2024-05-29T14:34:29+00:00","twitter_card":"summary_large_image","twitter_misc":{"Estimation du temps de lecture":"1 minute"},"schema":{"@context":"https:\/\/schema.org","@graph":[{"@type":"WebPage","@id":"https:\/\/911equipment.ca\/fr\/produit\/quiqlite-pro-rouge-blanc\/","url":"https:\/\/911equipment.ca\/fr\/produit\/quiqlite-pro-rouge-blanc\/","name":"QuiqLite Pro Rouge\/Blanc - NatPat Ltd - Canadian Police Supplies","isPartOf":{"@id":"https:\/\/911equipment.ca\/fr\/#website"},"primaryImageOfPage":{"@id":"https:\/\/911equipment.ca\/fr\/produit\/quiqlite-pro-rouge-blanc\/#primaryimage"},"image":{"@id":"https:\/\/911equipment.ca\/fr\/produit\/quiqlite-pro-rouge-blanc\/#primaryimage"},"thumbnailUrl":"https:\/\/i0.wp.com\/911equipment.ca\/wp-content\/uploads\/2020\/05\/Pro_Red-600.jpg?fit=600%2C600&ssl=1","datePublished":"2020-05-22T20:35:48+00:00","dateModified":"2024-05-29T14:34:29+00:00","description":"Le QuiqLite Pro avec LED rouge-blanc est con\u00e7ue pour les applications d'\u00e9clairage tactique et pour aider \u00e0 pr\u00e9server la vision nocturne de la police et des forces de l'ordre.","breadcrumb":{"@id":"https:\/\/911equipment.ca\/fr\/produit\/quiqlite-pro-rouge-blanc\/#breadcrumb"},"inLanguage":"fr-CA","potentialAction":[{"@type":"ReadAction","target":["https:\/\/911equipment.ca\/fr\/produit\/quiqlite-pro-rouge-blanc\/"]}]},{"@type":"ImageObject","inLanguage":"fr-CA","@id":"https:\/\/911equipment.ca\/fr\/produit\/quiqlite-pro-rouge-blanc\/#primaryimage","url":"https:\/\/i0.wp.com\/911equipment.ca\/wp-content\/uploads\/2020\/05\/Pro_Red-600.jpg?fit=600%2C600&ssl=1","contentUrl":"https:\/\/i0.wp.com\/911equipment.ca\/wp-content\/uploads\/2020\/05\/Pro_Red-600.jpg?fit=600%2C600&ssl=1","width":600,"height":600,"caption":"QuiqLite Pro Red-White"},{"@type":"BreadcrumbList","@id":"https:\/\/911equipment.ca\/fr\/produit\/quiqlite-pro-rouge-blanc\/#breadcrumb","itemListElement":[{"@type":"ListItem","position":1,"name":"Home","item":"https:\/\/911equipment.ca\/fr\/"},{"@type":"ListItem","position":2,"name":"Magasiner","item":"https:\/\/911equipment.ca\/fr\/magasiner\/"},{"@type":"ListItem","position":3,"name":"QuiqLite Pro Rouge\/Blanc"}]},{"@type":"WebSite","@id":"https:\/\/911equipment.ca\/fr\/#website","url":"https:\/\/911equipment.ca\/fr\/","name":"Canadian Police Supplies","description":"Online retail of police, law enforcement and security supplies, gears and equipment.","publisher":{"@id":"https:\/\/911equipment.ca\/fr\/#organization"},"potentialAction":[{"@type":"SearchAction","target":{"@type":"EntryPoint","urlTemplate":"https:\/\/911equipment.ca\/fr\/?s={search_term_string}"},"query-input":{"@type":"PropertyValueSpecification","valueRequired":true,"valueName":"search_term_string"}}],"inLanguage":"fr-CA"},{"@type":"Organization","@id":"https:\/\/911equipment.ca\/fr\/#organization","name":"NatPat Lt\u00e9e","url":"https:\/\/911equipment.ca\/fr\/","logo":{"@type":"ImageObject","inLanguage":"fr-CA","@id":"https:\/\/911equipment.ca\/fr\/#\/schema\/logo\/image\/","url":"https:\/\/i2.wp.com\/911equipment.ca\/wp-content\/uploads\/2020\/05\/NatPat-Logo-Oct-2010.jpg?fit=560%2C560&ssl=1","contentUrl":"https:\/\/i2.wp.com\/911equipment.ca\/wp-content\/uploads\/2020\/05\/NatPat-Logo-Oct-2010.jpg?fit=560%2C560&ssl=1","width":560,"height":560,"caption":"NatPat Lt\u00e9e"},"image":{"@id":"https:\/\/911equipment.ca\/fr\/#\/schema\/logo\/image\/"}}]}},"jetpack_sharing_enabled":true,"brands":[{"id":339,"name":"QuiqLite","slug":"quiqlite-fr"}],"_links":{"self":[{"href":"https:\/\/911equipment.ca\/fr\/wp-json\/wp\/v2\/product\/2627","targetHints":{"allow":["GET"]}}],"collection":[{"href":"https:\/\/911equipment.ca\/fr\/wp-json\/wp\/v2\/product"}],"about":[{"href":"https:\/\/911equipment.ca\/fr\/wp-json\/wp\/v2\/types\/product"}],"replies":[{"embeddable":true,"href":"https:\/\/911equipment.ca\/fr\/wp-json\/wp\/v2\/comments?post=2627"}],"wp:featuredmedia":[{"embeddable":true,"href":"https:\/\/911equipment.ca\/fr\/wp-json\/wp\/v2\/media\/1761"}],"wp:attachment":[{"href":"https:\/\/911equipment.ca\/fr\/wp-json\/wp\/v2\/media?parent=2627"}],"wp:term":[{"taxonomy":"pwb-brand","embeddable":true,"href":"https:\/\/911equipment.ca\/fr\/wp-json\/wp\/v2\/pwb-brand?post=2627"},{"taxonomy":"product_brand","embeddable":true,"href":"https:\/\/911equipment.ca\/fr\/wp-json\/wp\/v2\/product_brand?post=2627"},{"taxonomy":"product_cat","embeddable":true,"href":"https:\/\/911equipment.ca\/fr\/wp-json\/wp\/v2\/product_cat?post=2627"},{"taxonomy":"product_tag","embeddable":true,"href":"https:\/\/911equipment.ca\/fr\/wp-json\/wp\/v2\/product_tag?post=2627"}],"curies":[{"name":"wp","href":"https:\/\/api.w.org\/{rel}","templated":true}]}}