{"id":2595,"date":"2020-05-21T19:59:53","date_gmt":"2020-05-21T19:59:53","guid":{"rendered":"https:\/\/911equipment.ca\/product\/sgx11-street-guard\/"},"modified":"2024-05-29T10:41:41","modified_gmt":"2024-05-29T14:41:41","slug":"sgx11-street-guard","status":"publish","type":"product","link":"https:\/\/911equipment.ca\/fr\/produit\/sgx11-street-guard\/","title":{"rendered":"SGX11 Street Guard"},"content":{"rendered":"<p>Le SGX11 est un gant pour la r\u00e9sistance aux coupures avec une doublure Dyneema\u00ae pour un confort et dext\u00e9rit\u00e9 ultime, prot\u00e9geant la main enti\u00e8re contre les objets pointus. Ils ont une paume en cuir synth\u00e9tique avec une \u00ab\u00a0extr\u00eame-Grip\u2122\u00a0\u00bb antid\u00e9rapante pour une adh\u00e9rence excellente et le contr\u00f4le des armes. Le dos du gant est fait de n\u00e9opr\u00e8ne et nylon spandex lamin\u00e9 qui permet la circulation d&rsquo;air pour le confort tout en offrant un bon ajustement. Le gants a aussi une boucle crochet pour la fermeture.<\/p>\n","protected":false},"excerpt":{"rendered":"<p>Le gant de fouille et de recherche SGX11 Street Guard \u2122 est dot\u00e9 d&rsquo;une paume en cuir synth\u00e9tique gaufr\u00e9 num\u00e9rique avec notre berceau antid\u00e9rapant Extreme-Grip \u2122 pour une excellente adh\u00e9rence et un contr\u00f4le positif des armes. Le dos en n\u00e9opr\u00e8ne et spandex offre un ajustement parfait.<\/p>\n<p><strong>Grandeurs disponibles<br \/><\/strong>XS &#8211; 2XL<\/p>\n","protected":false},"featured_media":2598,"comment_status":"open","ping_status":"closed","template":"","meta":[],"pwb-brand":[342],"product_brand":[],"product_cat":[194],"product_tag":[331,326,327,328],"class_list":{"0":"post-2595","1":"product","2":"type-product","3":"status-publish","4":"has-post-thumbnail","6":"pwb-brand-hatch-fr","7":"product_cat-gants-hatch","8":"product_tag-doublure-dyneema","9":"product_tag-gants","10":"product_tag-gants-anti-coupures","11":"product_tag-gants-de-police","13":"first","14":"instock","15":"sale","16":"featured","17":"taxable","18":"shipping-taxable","19":"purchasable","20":"product-type-variable"},"yoast_head":"<!-- This site is optimized with the Yoast SEO plugin v27.3 - https:\/\/yoast.com\/product\/yoast-seo-wordpress\/ -->\n<title>Gants Hatch SGX11<\/title>\n<meta name=\"description\" content=\"Les gants Hatch SGX11 Street Guard offre une protection contre les objets tranchant pour le personnel de police, de la loi et de s\u00e9curit\u00e9.\" \/>\n<meta name=\"robots\" content=\"index, follow, max-snippet:-1, max-image-preview:large, max-video-preview:-1\" \/>\n<link rel=\"canonical\" href=\"https:\/\/911equipment.ca\/fr\/produit\/sgx11-street-guard\/\" \/>\n<meta property=\"og:locale\" content=\"fr_CA\" \/>\n<meta property=\"og:type\" content=\"article\" \/>\n<meta property=\"og:title\" content=\"Gants Hatch SGX11\" \/>\n<meta property=\"og:description\" content=\"Les gants Hatch SGX11 Street Guard offre une protection contre les objets tranchant pour le personnel de police, de la loi et de s\u00e9curit\u00e9.\" \/>\n<meta property=\"og:url\" content=\"https:\/\/911equipment.ca\/fr\/produit\/sgx11-street-guard\/\" \/>\n<meta property=\"og:site_name\" content=\"NatPat Ltd - Canadian Police Supplies\" \/>\n<meta property=\"article:modified_time\" content=\"2024-05-29T14:41:41+00:00\" \/>\n<meta property=\"og:image\" content=\"https:\/\/911equipment.ca\/wp-content\/uploads\/2020\/05\/SGX11_600.jpg\" \/>\n\t<meta property=\"og:image:width\" content=\"567\" \/>\n\t<meta property=\"og:image:height\" content=\"567\" \/>\n\t<meta property=\"og:image:type\" content=\"image\/jpeg\" \/>\n<meta name=\"twitter:card\" content=\"summary_large_image\" \/>\n<script type=\"application\/ld+json\" class=\"yoast-schema-graph\">{\"@context\":\"https:\\\/\\\/schema.org\",\"@graph\":[{\"@type\":\"WebPage\",\"@id\":\"https:\\\/\\\/911equipment.ca\\\/fr\\\/produit\\\/sgx11-street-guard\\\/\",\"url\":\"https:\\\/\\\/911equipment.ca\\\/fr\\\/produit\\\/sgx11-street-guard\\\/\",\"name\":\"Gants Hatch SGX11\",\"isPartOf\":{\"@id\":\"https:\\\/\\\/911equipment.ca\\\/fr\\\/#website\"},\"primaryImageOfPage\":{\"@id\":\"https:\\\/\\\/911equipment.ca\\\/fr\\\/produit\\\/sgx11-street-guard\\\/#primaryimage\"},\"image\":{\"@id\":\"https:\\\/\\\/911equipment.ca\\\/fr\\\/produit\\\/sgx11-street-guard\\\/#primaryimage\"},\"thumbnailUrl\":\"https:\\\/\\\/i0.wp.com\\\/911equipment.ca\\\/wp-content\\\/uploads\\\/2020\\\/05\\\/SGX11_600.jpg?fit=567%2C567&ssl=1\",\"datePublished\":\"2020-05-21T19:59:53+00:00\",\"dateModified\":\"2024-05-29T14:41:41+00:00\",\"description\":\"Les gants Hatch SGX11 Street Guard offre une protection contre les objets tranchant pour le personnel de police, de la loi et de s\u00e9curit\u00e9.\",\"breadcrumb\":{\"@id\":\"https:\\\/\\\/911equipment.ca\\\/fr\\\/produit\\\/sgx11-street-guard\\\/#breadcrumb\"},\"inLanguage\":\"fr-CA\",\"potentialAction\":[{\"@type\":\"ReadAction\",\"target\":[\"https:\\\/\\\/911equipment.ca\\\/fr\\\/produit\\\/sgx11-street-guard\\\/\"]}]},{\"@type\":\"ImageObject\",\"inLanguage\":\"fr-CA\",\"@id\":\"https:\\\/\\\/911equipment.ca\\\/fr\\\/produit\\\/sgx11-street-guard\\\/#primaryimage\",\"url\":\"https:\\\/\\\/i0.wp.com\\\/911equipment.ca\\\/wp-content\\\/uploads\\\/2020\\\/05\\\/SGX11_600.jpg?fit=567%2C567&ssl=1\",\"contentUrl\":\"https:\\\/\\\/i0.wp.com\\\/911equipment.ca\\\/wp-content\\\/uploads\\\/2020\\\/05\\\/SGX11_600.jpg?fit=567%2C567&ssl=1\",\"width\":567,\"height\":567,\"caption\":\"Gants Hatch SGX11\"},{\"@type\":\"BreadcrumbList\",\"@id\":\"https:\\\/\\\/911equipment.ca\\\/fr\\\/produit\\\/sgx11-street-guard\\\/#breadcrumb\",\"itemListElement\":[{\"@type\":\"ListItem\",\"position\":1,\"name\":\"Home\",\"item\":\"https:\\\/\\\/911equipment.ca\\\/fr\\\/\"},{\"@type\":\"ListItem\",\"position\":2,\"name\":\"Magasiner\",\"item\":\"https:\\\/\\\/911equipment.ca\\\/fr\\\/magasiner\\\/\"},{\"@type\":\"ListItem\",\"position\":3,\"name\":\"SGX11 Street Guard\"}]},{\"@type\":\"WebSite\",\"@id\":\"https:\\\/\\\/911equipment.ca\\\/fr\\\/#website\",\"url\":\"https:\\\/\\\/911equipment.ca\\\/fr\\\/\",\"name\":\"Canadian Police Supplies\",\"description\":\"Online retail of police, law enforcement and security supplies, gears and equipment.\",\"publisher\":{\"@id\":\"https:\\\/\\\/911equipment.ca\\\/fr\\\/#organization\"},\"potentialAction\":[{\"@type\":\"SearchAction\",\"target\":{\"@type\":\"EntryPoint\",\"urlTemplate\":\"https:\\\/\\\/911equipment.ca\\\/fr\\\/?s={search_term_string}\"},\"query-input\":{\"@type\":\"PropertyValueSpecification\",\"valueRequired\":true,\"valueName\":\"search_term_string\"}}],\"inLanguage\":\"fr-CA\"},{\"@type\":\"Organization\",\"@id\":\"https:\\\/\\\/911equipment.ca\\\/fr\\\/#organization\",\"name\":\"NatPat Lt\u00e9e\",\"url\":\"https:\\\/\\\/911equipment.ca\\\/fr\\\/\",\"logo\":{\"@type\":\"ImageObject\",\"inLanguage\":\"fr-CA\",\"@id\":\"https:\\\/\\\/911equipment.ca\\\/fr\\\/#\\\/schema\\\/logo\\\/image\\\/\",\"url\":\"https:\\\/\\\/i2.wp.com\\\/911equipment.ca\\\/wp-content\\\/uploads\\\/2020\\\/05\\\/NatPat-Logo-Oct-2010.jpg?fit=560%2C560&ssl=1\",\"contentUrl\":\"https:\\\/\\\/i2.wp.com\\\/911equipment.ca\\\/wp-content\\\/uploads\\\/2020\\\/05\\\/NatPat-Logo-Oct-2010.jpg?fit=560%2C560&ssl=1\",\"width\":560,\"height\":560,\"caption\":\"NatPat Lt\u00e9e\"},\"image\":{\"@id\":\"https:\\\/\\\/911equipment.ca\\\/fr\\\/#\\\/schema\\\/logo\\\/image\\\/\"}}]}<\/script>\n<!-- \/ Yoast SEO plugin. -->","yoast_head_json":{"title":"Gants Hatch SGX11","description":"Les gants Hatch SGX11 Street Guard offre une protection contre les objets tranchant pour le personnel de police, de la loi et de s\u00e9curit\u00e9.","robots":{"index":"index","follow":"follow","max-snippet":"max-snippet:-1","max-image-preview":"max-image-preview:large","max-video-preview":"max-video-preview:-1"},"canonical":"https:\/\/911equipment.ca\/fr\/produit\/sgx11-street-guard\/","og_locale":"fr_CA","og_type":"article","og_title":"Gants Hatch SGX11","og_description":"Les gants Hatch SGX11 Street Guard offre une protection contre les objets tranchant pour le personnel de police, de la loi et de s\u00e9curit\u00e9.","og_url":"https:\/\/911equipment.ca\/fr\/produit\/sgx11-street-guard\/","og_site_name":"NatPat Ltd - Canadian Police Supplies","article_modified_time":"2024-05-29T14:41:41+00:00","og_image":[{"width":567,"height":567,"url":"https:\/\/911equipment.ca\/wp-content\/uploads\/2020\/05\/SGX11_600.jpg","type":"image\/jpeg"}],"twitter_card":"summary_large_image","schema":{"@context":"https:\/\/schema.org","@graph":[{"@type":"WebPage","@id":"https:\/\/911equipment.ca\/fr\/produit\/sgx11-street-guard\/","url":"https:\/\/911equipment.ca\/fr\/produit\/sgx11-street-guard\/","name":"Gants Hatch SGX11","isPartOf":{"@id":"https:\/\/911equipment.ca\/fr\/#website"},"primaryImageOfPage":{"@id":"https:\/\/911equipment.ca\/fr\/produit\/sgx11-street-guard\/#primaryimage"},"image":{"@id":"https:\/\/911equipment.ca\/fr\/produit\/sgx11-street-guard\/#primaryimage"},"thumbnailUrl":"https:\/\/i0.wp.com\/911equipment.ca\/wp-content\/uploads\/2020\/05\/SGX11_600.jpg?fit=567%2C567&ssl=1","datePublished":"2020-05-21T19:59:53+00:00","dateModified":"2024-05-29T14:41:41+00:00","description":"Les gants Hatch SGX11 Street Guard offre une protection contre les objets tranchant pour le personnel de police, de la loi et de s\u00e9curit\u00e9.","breadcrumb":{"@id":"https:\/\/911equipment.ca\/fr\/produit\/sgx11-street-guard\/#breadcrumb"},"inLanguage":"fr-CA","potentialAction":[{"@type":"ReadAction","target":["https:\/\/911equipment.ca\/fr\/produit\/sgx11-street-guard\/"]}]},{"@type":"ImageObject","inLanguage":"fr-CA","@id":"https:\/\/911equipment.ca\/fr\/produit\/sgx11-street-guard\/#primaryimage","url":"https:\/\/i0.wp.com\/911equipment.ca\/wp-content\/uploads\/2020\/05\/SGX11_600.jpg?fit=567%2C567&ssl=1","contentUrl":"https:\/\/i0.wp.com\/911equipment.ca\/wp-content\/uploads\/2020\/05\/SGX11_600.jpg?fit=567%2C567&ssl=1","width":567,"height":567,"caption":"Gants Hatch SGX11"},{"@type":"BreadcrumbList","@id":"https:\/\/911equipment.ca\/fr\/produit\/sgx11-street-guard\/#breadcrumb","itemListElement":[{"@type":"ListItem","position":1,"name":"Home","item":"https:\/\/911equipment.ca\/fr\/"},{"@type":"ListItem","position":2,"name":"Magasiner","item":"https:\/\/911equipment.ca\/fr\/magasiner\/"},{"@type":"ListItem","position":3,"name":"SGX11 Street Guard"}]},{"@type":"WebSite","@id":"https:\/\/911equipment.ca\/fr\/#website","url":"https:\/\/911equipment.ca\/fr\/","name":"Canadian Police Supplies","description":"Online retail of police, law enforcement and security supplies, gears and equipment.","publisher":{"@id":"https:\/\/911equipment.ca\/fr\/#organization"},"potentialAction":[{"@type":"SearchAction","target":{"@type":"EntryPoint","urlTemplate":"https:\/\/911equipment.ca\/fr\/?s={search_term_string}"},"query-input":{"@type":"PropertyValueSpecification","valueRequired":true,"valueName":"search_term_string"}}],"inLanguage":"fr-CA"},{"@type":"Organization","@id":"https:\/\/911equipment.ca\/fr\/#organization","name":"NatPat Lt\u00e9e","url":"https:\/\/911equipment.ca\/fr\/","logo":{"@type":"ImageObject","inLanguage":"fr-CA","@id":"https:\/\/911equipment.ca\/fr\/#\/schema\/logo\/image\/","url":"https:\/\/i2.wp.com\/911equipment.ca\/wp-content\/uploads\/2020\/05\/NatPat-Logo-Oct-2010.jpg?fit=560%2C560&ssl=1","contentUrl":"https:\/\/i2.wp.com\/911equipment.ca\/wp-content\/uploads\/2020\/05\/NatPat-Logo-Oct-2010.jpg?fit=560%2C560&ssl=1","width":560,"height":560,"caption":"NatPat Lt\u00e9e"},"image":{"@id":"https:\/\/911equipment.ca\/fr\/#\/schema\/logo\/image\/"}}]}},"jetpack_sharing_enabled":true,"brands":[{"id":342,"name":"Hatch","slug":"hatch-fr"}],"_links":{"self":[{"href":"https:\/\/911equipment.ca\/fr\/wp-json\/wp\/v2\/product\/2595","targetHints":{"allow":["GET"]}}],"collection":[{"href":"https:\/\/911equipment.ca\/fr\/wp-json\/wp\/v2\/product"}],"about":[{"href":"https:\/\/911equipment.ca\/fr\/wp-json\/wp\/v2\/types\/product"}],"replies":[{"embeddable":true,"href":"https:\/\/911equipment.ca\/fr\/wp-json\/wp\/v2\/comments?post=2595"}],"wp:featuredmedia":[{"embeddable":true,"href":"https:\/\/911equipment.ca\/fr\/wp-json\/wp\/v2\/media\/2598"}],"wp:attachment":[{"href":"https:\/\/911equipment.ca\/fr\/wp-json\/wp\/v2\/media?parent=2595"}],"wp:term":[{"taxonomy":"pwb-brand","embeddable":true,"href":"https:\/\/911equipment.ca\/fr\/wp-json\/wp\/v2\/pwb-brand?post=2595"},{"taxonomy":"product_brand","embeddable":true,"href":"https:\/\/911equipment.ca\/fr\/wp-json\/wp\/v2\/product_brand?post=2595"},{"taxonomy":"product_cat","embeddable":true,"href":"https:\/\/911equipment.ca\/fr\/wp-json\/wp\/v2\/product_cat?post=2595"},{"taxonomy":"product_tag","embeddable":true,"href":"https:\/\/911equipment.ca\/fr\/wp-json\/wp\/v2\/product_tag?post=2595"}],"curies":[{"name":"wp","href":"https:\/\/api.w.org\/{rel}","templated":true}]}}