{"id":2586,"date":"2020-05-21T20:08:42","date_gmt":"2020-05-22T00:08:42","guid":{"rendered":"https:\/\/911equipment.ca\/product\/sgk100-street-guard\/"},"modified":"2024-05-29T10:41:21","modified_gmt":"2024-05-29T14:41:21","slug":"sgk100-street-guard","status":"publish","type":"product","link":"https:\/\/911equipment.ca\/fr\/produit\/sgk100-street-guard\/","title":{"rendered":"SGK100 Street Guard"},"content":{"rendered":"<ul>\n<li>La conception des gants SGK100 offre une protection excellente contre les coupures et les objets tranchants<\/li>\n<li>La paume en cuir synth\u00e9tique et l&rsquo;Extreme-Grip\u2122 antid\u00e9rapante offrent une adh\u00e9rence parfaite et un bon contr\u00f4le du pistolet<\/li>\n<li>Doublure en Kevlar\u00ae \u00e0 l&rsquo;int\u00e9rieur de la main et des doigts<\/li>\n<li>Le n\u00e9opr\u00e8ne et nylon\/spandex permettent la circulation d&rsquo;air<\/li>\n<li>Crochet et fermeture avec boucle<\/li>\n<\/ul>\n","protected":false},"excerpt":{"rendered":"<p>La conception des gants SGK100 offre une protection excellente contre les coupures et les objets tranchants. Le gant offre une protection de coupe mod\u00e9r\u00e9e avec sa doublure en Kevlar\u00ae \u00e0 l&rsquo;int\u00e9rieur de la main et des doigts. La paume en cuir synth\u00e9tique et l&rsquo;Extreme-Grip\u2122 antid\u00e9rapante offrent une adh\u00e9rence parfaite et un bon contr\u00f4le du pistolet. Le n\u00e9opr\u00e8ne et nylon\/spandex permettent la circulation d&rsquo;air, le confort et offre un ajustement parfait. Crochet et fermeture avec boucle.<\/p>\n<p><strong>Grandeurs disponibles<br \/><\/strong>XS &#8211; 2XL<\/p>\n","protected":false},"featured_media":2587,"comment_status":"open","ping_status":"closed","template":"","meta":[],"pwb-brand":[342],"product_brand":[],"product_cat":[194],"product_tag":[326,327,328,330],"class_list":{"0":"post-2586","1":"product","2":"type-product","3":"status-publish","4":"has-post-thumbnail","6":"pwb-brand-hatch-fr","7":"product_cat-gants-hatch","8":"product_tag-gants","9":"product_tag-gants-anti-coupures","10":"product_tag-gants-de-police","11":"product_tag-gants-kevlar","13":"first","14":"instock","15":"sale","16":"taxable","17":"shipping-taxable","18":"purchasable","19":"product-type-variable"},"yoast_head":"<!-- This site is optimized with the Yoast SEO plugin v27.3 - https:\/\/yoast.com\/product\/yoast-seo-wordpress\/ -->\n<title>SGK100 Street Guard - NatPat Ltd - Canadian Police Supplies<\/title>\n<meta name=\"robots\" content=\"index, follow, max-snippet:-1, max-image-preview:large, max-video-preview:-1\" \/>\n<link rel=\"canonical\" href=\"https:\/\/911equipment.ca\/fr\/produit\/sgk100-street-guard\/\" \/>\n<meta property=\"og:locale\" content=\"fr_CA\" \/>\n<meta property=\"og:type\" content=\"article\" \/>\n<meta property=\"og:title\" content=\"SGK100 Street Guard - NatPat Ltd - Canadian Police Supplies\" \/>\n<meta property=\"og:description\" content=\"La conception des gants SGK100 offre une protection excellente contre les coupures et les objets tranchants. Le gant offre une protection de coupe mod\u00e9r\u00e9e avec sa doublure en Kevlar\u00ae \u00e0 l&#039;int\u00e9rieur de la main et des doigts. La paume en cuir synth\u00e9tique et l&#039;Extreme-Grip\u2122 antid\u00e9rapante offrent une adh\u00e9rence parfaite et un bon contr\u00f4le du pistolet. Le n\u00e9opr\u00e8ne et nylon\/spandex permettent la circulation d&#039;air, le confort et offre un ajustement parfait. Crochet et fermeture avec boucle. Grandeurs disponiblesXS - 2XL\" \/>\n<meta property=\"og:url\" content=\"https:\/\/911equipment.ca\/fr\/produit\/sgk100-street-guard\/\" \/>\n<meta property=\"og:site_name\" content=\"NatPat Ltd - Canadian Police Supplies\" \/>\n<meta property=\"article:modified_time\" content=\"2024-05-29T14:41:21+00:00\" \/>\n<meta property=\"og:image\" content=\"https:\/\/911equipment.ca\/wp-content\/uploads\/2020\/05\/HAT_SGK100.jpg\" \/>\n\t<meta property=\"og:image:width\" content=\"600\" \/>\n\t<meta property=\"og:image:height\" content=\"600\" \/>\n\t<meta property=\"og:image:type\" content=\"image\/jpeg\" \/>\n<meta name=\"twitter:card\" content=\"summary_large_image\" \/>\n<script type=\"application\/ld+json\" class=\"yoast-schema-graph\">{\"@context\":\"https:\\\/\\\/schema.org\",\"@graph\":[{\"@type\":\"WebPage\",\"@id\":\"https:\\\/\\\/911equipment.ca\\\/fr\\\/produit\\\/sgk100-street-guard\\\/\",\"url\":\"https:\\\/\\\/911equipment.ca\\\/fr\\\/produit\\\/sgk100-street-guard\\\/\",\"name\":\"SGK100 Street Guard - NatPat Ltd - Canadian Police Supplies\",\"isPartOf\":{\"@id\":\"https:\\\/\\\/911equipment.ca\\\/fr\\\/#website\"},\"primaryImageOfPage\":{\"@id\":\"https:\\\/\\\/911equipment.ca\\\/fr\\\/produit\\\/sgk100-street-guard\\\/#primaryimage\"},\"image\":{\"@id\":\"https:\\\/\\\/911equipment.ca\\\/fr\\\/produit\\\/sgk100-street-guard\\\/#primaryimage\"},\"thumbnailUrl\":\"https:\\\/\\\/i0.wp.com\\\/911equipment.ca\\\/wp-content\\\/uploads\\\/2020\\\/05\\\/HAT_SGK100.jpg?fit=600%2C600&ssl=1\",\"datePublished\":\"2020-05-22T00:08:42+00:00\",\"dateModified\":\"2024-05-29T14:41:21+00:00\",\"breadcrumb\":{\"@id\":\"https:\\\/\\\/911equipment.ca\\\/fr\\\/produit\\\/sgk100-street-guard\\\/#breadcrumb\"},\"inLanguage\":\"fr-CA\",\"potentialAction\":[{\"@type\":\"ReadAction\",\"target\":[\"https:\\\/\\\/911equipment.ca\\\/fr\\\/produit\\\/sgk100-street-guard\\\/\"]}]},{\"@type\":\"ImageObject\",\"inLanguage\":\"fr-CA\",\"@id\":\"https:\\\/\\\/911equipment.ca\\\/fr\\\/produit\\\/sgk100-street-guard\\\/#primaryimage\",\"url\":\"https:\\\/\\\/i0.wp.com\\\/911equipment.ca\\\/wp-content\\\/uploads\\\/2020\\\/05\\\/HAT_SGK100.jpg?fit=600%2C600&ssl=1\",\"contentUrl\":\"https:\\\/\\\/i0.wp.com\\\/911equipment.ca\\\/wp-content\\\/uploads\\\/2020\\\/05\\\/HAT_SGK100.jpg?fit=600%2C600&ssl=1\",\"width\":600,\"height\":600,\"caption\":\"Gants Hatch SGK100 avec Kevlar\"},{\"@type\":\"BreadcrumbList\",\"@id\":\"https:\\\/\\\/911equipment.ca\\\/fr\\\/produit\\\/sgk100-street-guard\\\/#breadcrumb\",\"itemListElement\":[{\"@type\":\"ListItem\",\"position\":1,\"name\":\"Home\",\"item\":\"https:\\\/\\\/911equipment.ca\\\/fr\\\/\"},{\"@type\":\"ListItem\",\"position\":2,\"name\":\"Magasiner\",\"item\":\"https:\\\/\\\/911equipment.ca\\\/fr\\\/magasiner\\\/\"},{\"@type\":\"ListItem\",\"position\":3,\"name\":\"SGK100 Street Guard\"}]},{\"@type\":\"WebSite\",\"@id\":\"https:\\\/\\\/911equipment.ca\\\/fr\\\/#website\",\"url\":\"https:\\\/\\\/911equipment.ca\\\/fr\\\/\",\"name\":\"Canadian Police Supplies\",\"description\":\"Online retail of police, law enforcement and security supplies, gears and equipment.\",\"publisher\":{\"@id\":\"https:\\\/\\\/911equipment.ca\\\/fr\\\/#organization\"},\"potentialAction\":[{\"@type\":\"SearchAction\",\"target\":{\"@type\":\"EntryPoint\",\"urlTemplate\":\"https:\\\/\\\/911equipment.ca\\\/fr\\\/?s={search_term_string}\"},\"query-input\":{\"@type\":\"PropertyValueSpecification\",\"valueRequired\":true,\"valueName\":\"search_term_string\"}}],\"inLanguage\":\"fr-CA\"},{\"@type\":\"Organization\",\"@id\":\"https:\\\/\\\/911equipment.ca\\\/fr\\\/#organization\",\"name\":\"NatPat Lt\u00e9e\",\"url\":\"https:\\\/\\\/911equipment.ca\\\/fr\\\/\",\"logo\":{\"@type\":\"ImageObject\",\"inLanguage\":\"fr-CA\",\"@id\":\"https:\\\/\\\/911equipment.ca\\\/fr\\\/#\\\/schema\\\/logo\\\/image\\\/\",\"url\":\"https:\\\/\\\/i2.wp.com\\\/911equipment.ca\\\/wp-content\\\/uploads\\\/2020\\\/05\\\/NatPat-Logo-Oct-2010.jpg?fit=560%2C560&ssl=1\",\"contentUrl\":\"https:\\\/\\\/i2.wp.com\\\/911equipment.ca\\\/wp-content\\\/uploads\\\/2020\\\/05\\\/NatPat-Logo-Oct-2010.jpg?fit=560%2C560&ssl=1\",\"width\":560,\"height\":560,\"caption\":\"NatPat Lt\u00e9e\"},\"image\":{\"@id\":\"https:\\\/\\\/911equipment.ca\\\/fr\\\/#\\\/schema\\\/logo\\\/image\\\/\"}}]}<\/script>\n<!-- \/ Yoast SEO plugin. -->","yoast_head_json":{"title":"SGK100 Street Guard - NatPat Ltd - Canadian Police Supplies","robots":{"index":"index","follow":"follow","max-snippet":"max-snippet:-1","max-image-preview":"max-image-preview:large","max-video-preview":"max-video-preview:-1"},"canonical":"https:\/\/911equipment.ca\/fr\/produit\/sgk100-street-guard\/","og_locale":"fr_CA","og_type":"article","og_title":"SGK100 Street Guard - NatPat Ltd - Canadian Police Supplies","og_description":"La conception des gants SGK100 offre une protection excellente contre les coupures et les objets tranchants. Le gant offre une protection de coupe mod\u00e9r\u00e9e avec sa doublure en Kevlar\u00ae \u00e0 l'int\u00e9rieur de la main et des doigts. La paume en cuir synth\u00e9tique et l'Extreme-Grip\u2122 antid\u00e9rapante offrent une adh\u00e9rence parfaite et un bon contr\u00f4le du pistolet. Le n\u00e9opr\u00e8ne et nylon\/spandex permettent la circulation d'air, le confort et offre un ajustement parfait. Crochet et fermeture avec boucle. Grandeurs disponiblesXS - 2XL","og_url":"https:\/\/911equipment.ca\/fr\/produit\/sgk100-street-guard\/","og_site_name":"NatPat Ltd - Canadian Police Supplies","article_modified_time":"2024-05-29T14:41:21+00:00","og_image":[{"width":600,"height":600,"url":"https:\/\/911equipment.ca\/wp-content\/uploads\/2020\/05\/HAT_SGK100.jpg","type":"image\/jpeg"}],"twitter_card":"summary_large_image","schema":{"@context":"https:\/\/schema.org","@graph":[{"@type":"WebPage","@id":"https:\/\/911equipment.ca\/fr\/produit\/sgk100-street-guard\/","url":"https:\/\/911equipment.ca\/fr\/produit\/sgk100-street-guard\/","name":"SGK100 Street Guard - NatPat Ltd - Canadian Police Supplies","isPartOf":{"@id":"https:\/\/911equipment.ca\/fr\/#website"},"primaryImageOfPage":{"@id":"https:\/\/911equipment.ca\/fr\/produit\/sgk100-street-guard\/#primaryimage"},"image":{"@id":"https:\/\/911equipment.ca\/fr\/produit\/sgk100-street-guard\/#primaryimage"},"thumbnailUrl":"https:\/\/i0.wp.com\/911equipment.ca\/wp-content\/uploads\/2020\/05\/HAT_SGK100.jpg?fit=600%2C600&ssl=1","datePublished":"2020-05-22T00:08:42+00:00","dateModified":"2024-05-29T14:41:21+00:00","breadcrumb":{"@id":"https:\/\/911equipment.ca\/fr\/produit\/sgk100-street-guard\/#breadcrumb"},"inLanguage":"fr-CA","potentialAction":[{"@type":"ReadAction","target":["https:\/\/911equipment.ca\/fr\/produit\/sgk100-street-guard\/"]}]},{"@type":"ImageObject","inLanguage":"fr-CA","@id":"https:\/\/911equipment.ca\/fr\/produit\/sgk100-street-guard\/#primaryimage","url":"https:\/\/i0.wp.com\/911equipment.ca\/wp-content\/uploads\/2020\/05\/HAT_SGK100.jpg?fit=600%2C600&ssl=1","contentUrl":"https:\/\/i0.wp.com\/911equipment.ca\/wp-content\/uploads\/2020\/05\/HAT_SGK100.jpg?fit=600%2C600&ssl=1","width":600,"height":600,"caption":"Gants Hatch SGK100 avec Kevlar"},{"@type":"BreadcrumbList","@id":"https:\/\/911equipment.ca\/fr\/produit\/sgk100-street-guard\/#breadcrumb","itemListElement":[{"@type":"ListItem","position":1,"name":"Home","item":"https:\/\/911equipment.ca\/fr\/"},{"@type":"ListItem","position":2,"name":"Magasiner","item":"https:\/\/911equipment.ca\/fr\/magasiner\/"},{"@type":"ListItem","position":3,"name":"SGK100 Street Guard"}]},{"@type":"WebSite","@id":"https:\/\/911equipment.ca\/fr\/#website","url":"https:\/\/911equipment.ca\/fr\/","name":"Canadian Police Supplies","description":"Online retail of police, law enforcement and security supplies, gears and equipment.","publisher":{"@id":"https:\/\/911equipment.ca\/fr\/#organization"},"potentialAction":[{"@type":"SearchAction","target":{"@type":"EntryPoint","urlTemplate":"https:\/\/911equipment.ca\/fr\/?s={search_term_string}"},"query-input":{"@type":"PropertyValueSpecification","valueRequired":true,"valueName":"search_term_string"}}],"inLanguage":"fr-CA"},{"@type":"Organization","@id":"https:\/\/911equipment.ca\/fr\/#organization","name":"NatPat Lt\u00e9e","url":"https:\/\/911equipment.ca\/fr\/","logo":{"@type":"ImageObject","inLanguage":"fr-CA","@id":"https:\/\/911equipment.ca\/fr\/#\/schema\/logo\/image\/","url":"https:\/\/i2.wp.com\/911equipment.ca\/wp-content\/uploads\/2020\/05\/NatPat-Logo-Oct-2010.jpg?fit=560%2C560&ssl=1","contentUrl":"https:\/\/i2.wp.com\/911equipment.ca\/wp-content\/uploads\/2020\/05\/NatPat-Logo-Oct-2010.jpg?fit=560%2C560&ssl=1","width":560,"height":560,"caption":"NatPat Lt\u00e9e"},"image":{"@id":"https:\/\/911equipment.ca\/fr\/#\/schema\/logo\/image\/"}}]}},"jetpack_sharing_enabled":true,"brands":[{"id":342,"name":"Hatch","slug":"hatch-fr"}],"_links":{"self":[{"href":"https:\/\/911equipment.ca\/fr\/wp-json\/wp\/v2\/product\/2586","targetHints":{"allow":["GET"]}}],"collection":[{"href":"https:\/\/911equipment.ca\/fr\/wp-json\/wp\/v2\/product"}],"about":[{"href":"https:\/\/911equipment.ca\/fr\/wp-json\/wp\/v2\/types\/product"}],"replies":[{"embeddable":true,"href":"https:\/\/911equipment.ca\/fr\/wp-json\/wp\/v2\/comments?post=2586"}],"wp:featuredmedia":[{"embeddable":true,"href":"https:\/\/911equipment.ca\/fr\/wp-json\/wp\/v2\/media\/2587"}],"wp:attachment":[{"href":"https:\/\/911equipment.ca\/fr\/wp-json\/wp\/v2\/media?parent=2586"}],"wp:term":[{"taxonomy":"pwb-brand","embeddable":true,"href":"https:\/\/911equipment.ca\/fr\/wp-json\/wp\/v2\/pwb-brand?post=2586"},{"taxonomy":"product_brand","embeddable":true,"href":"https:\/\/911equipment.ca\/fr\/wp-json\/wp\/v2\/product_brand?post=2586"},{"taxonomy":"product_cat","embeddable":true,"href":"https:\/\/911equipment.ca\/fr\/wp-json\/wp\/v2\/product_cat?post=2586"},{"taxonomy":"product_tag","embeddable":true,"href":"https:\/\/911equipment.ca\/fr\/wp-json\/wp\/v2\/product_tag?post=2586"}],"curies":[{"name":"wp","href":"https:\/\/api.w.org\/{rel}","templated":true}]}}