{"id":2575,"date":"2020-05-21T19:50:56","date_gmt":"2020-05-21T23:50:56","guid":{"rendered":"https:\/\/911equipment.ca\/product\/resister-rfk300-kevlar\/"},"modified":"2024-02-13T15:42:12","modified_gmt":"2024-02-13T20:42:12","slug":"resister-rfk300-kevlar","status":"publish","type":"product","link":"https:\/\/911equipment.ca\/fr\/produit\/resister-rfk300-kevlar\/","title":{"rendered":"Resister RFK300 Kevlar"},"content":{"rendered":"<ul>\n<li>Cuir de ch\u00e8vre de premi\u00e8re qualit\u00e9<\/li>\n<li>Doublure int\u00e9rieure au Kevlar\u00ae pour une protection accrue contre les coupures sans compromettre la dext\u00e9rit\u00e9<\/li>\n<li>Con\u00e7u pour \u00eatre facile \u00e0 essuyer et \u00e0 d\u00e9sinfecter<\/li>\n<li>Poignet raccourcie et \u00e9lastique qui n&rsquo;interf\u00e8re pas avec le revers de la veste ou la montre<\/li>\n<\/ul>\n","protected":false},"excerpt":{"rendered":"<p>Le gant RFK300 Resister\u2122 en cuir de ch\u00e8vre est un favori pour son design et sa qualit\u00e9 simple. Le cuir de premi\u00e8re qualit\u00e9 dispose d&rsquo;un traitement pour la r\u00e9sistance contre l&rsquo;eau et la d\u00e9coloration pour une longue dur\u00e9e. R\u00e9sistance mod\u00e9r\u00e9e anti-coupures qui est fourni par une doublure de 100% KEVLAR. Le poignet cour \u00e9lastique permet un meilleur ajustement durant la saison froide.<\/p>\n<p><strong>Grandeurs disponibles<br \/>\n<\/strong>XS &#8211; 3XL<\/p>\n","protected":false},"featured_media":2578,"comment_status":"open","ping_status":"closed","template":"","meta":[],"pwb-brand":[342],"product_brand":[],"product_cat":[194],"product_tag":[326,327,328,330],"class_list":{"0":"post-2575","1":"product","2":"type-product","3":"status-publish","4":"has-post-thumbnail","6":"pwb-brand-hatch-fr","7":"product_cat-gants-hatch","8":"product_tag-gants","9":"product_tag-gants-anti-coupures","10":"product_tag-gants-de-police","11":"product_tag-gants-kevlar","13":"first","14":"outofstock","15":"sale","16":"taxable","17":"shipping-taxable","18":"purchasable","19":"product-type-variable"},"yoast_head":"<!-- This site is optimized with the Yoast SEO plugin v27.3 - https:\/\/yoast.com\/product\/yoast-seo-wordpress\/ -->\n<title>Gants Hatch RFK300 avec Kevlar<\/title>\n<meta name=\"description\" content=\"Le gant Hatch R\u00e9sister RFK300 r\u00e9siste aux coupures et est parfait pour la police, les forces de l&#039;ordre et le personnel de s\u00e9curit\u00e9.\" \/>\n<meta name=\"robots\" content=\"index, follow, max-snippet:-1, max-image-preview:large, max-video-preview:-1\" \/>\n<link rel=\"canonical\" href=\"https:\/\/911equipment.ca\/fr\/produit\/resister-rfk300-kevlar\/\" \/>\n<meta property=\"og:locale\" content=\"fr_CA\" \/>\n<meta property=\"og:type\" content=\"article\" \/>\n<meta property=\"og:title\" content=\"Gants Hatch RFK300 avec Kevlar\" \/>\n<meta property=\"og:description\" content=\"Le gant Hatch R\u00e9sister RFK300 r\u00e9siste aux coupures et est parfait pour la police, les forces de l&#039;ordre et le personnel de s\u00e9curit\u00e9.\" \/>\n<meta property=\"og:url\" content=\"https:\/\/911equipment.ca\/fr\/produit\/resister-rfk300-kevlar\/\" \/>\n<meta property=\"og:site_name\" content=\"NatPat Ltd - Canadian Police Supplies\" \/>\n<meta property=\"article:modified_time\" content=\"2024-02-13T20:42:12+00:00\" \/>\n<meta property=\"og:image\" content=\"https:\/\/911equipment.ca\/wp-content\/uploads\/2020\/05\/rfk300-600.jpg\" \/>\n\t<meta property=\"og:image:width\" content=\"567\" \/>\n\t<meta property=\"og:image:height\" content=\"567\" \/>\n\t<meta property=\"og:image:type\" content=\"image\/jpeg\" \/>\n<meta name=\"twitter:card\" content=\"summary_large_image\" \/>\n<meta name=\"twitter:label1\" content=\"Estimation du temps de lecture\" \/>\n\t<meta name=\"twitter:data1\" content=\"1 minute\" \/>\n<script type=\"application\/ld+json\" class=\"yoast-schema-graph\">{\"@context\":\"https:\\\/\\\/schema.org\",\"@graph\":[{\"@type\":\"WebPage\",\"@id\":\"https:\\\/\\\/911equipment.ca\\\/fr\\\/produit\\\/resister-rfk300-kevlar\\\/\",\"url\":\"https:\\\/\\\/911equipment.ca\\\/fr\\\/produit\\\/resister-rfk300-kevlar\\\/\",\"name\":\"Gants Hatch RFK300 avec Kevlar\",\"isPartOf\":{\"@id\":\"https:\\\/\\\/911equipment.ca\\\/fr\\\/#website\"},\"primaryImageOfPage\":{\"@id\":\"https:\\\/\\\/911equipment.ca\\\/fr\\\/produit\\\/resister-rfk300-kevlar\\\/#primaryimage\"},\"image\":{\"@id\":\"https:\\\/\\\/911equipment.ca\\\/fr\\\/produit\\\/resister-rfk300-kevlar\\\/#primaryimage\"},\"thumbnailUrl\":\"https:\\\/\\\/i0.wp.com\\\/911equipment.ca\\\/wp-content\\\/uploads\\\/2020\\\/05\\\/rfk300-600.jpg?fit=567%2C567&ssl=1\",\"datePublished\":\"2020-05-21T23:50:56+00:00\",\"dateModified\":\"2024-02-13T20:42:12+00:00\",\"description\":\"Le gant Hatch R\u00e9sister RFK300 r\u00e9siste aux coupures et est parfait pour la police, les forces de l'ordre et le personnel de s\u00e9curit\u00e9.\",\"breadcrumb\":{\"@id\":\"https:\\\/\\\/911equipment.ca\\\/fr\\\/produit\\\/resister-rfk300-kevlar\\\/#breadcrumb\"},\"inLanguage\":\"fr-CA\",\"potentialAction\":[{\"@type\":\"ReadAction\",\"target\":[\"https:\\\/\\\/911equipment.ca\\\/fr\\\/produit\\\/resister-rfk300-kevlar\\\/\"]}]},{\"@type\":\"ImageObject\",\"inLanguage\":\"fr-CA\",\"@id\":\"https:\\\/\\\/911equipment.ca\\\/fr\\\/produit\\\/resister-rfk300-kevlar\\\/#primaryimage\",\"url\":\"https:\\\/\\\/i0.wp.com\\\/911equipment.ca\\\/wp-content\\\/uploads\\\/2020\\\/05\\\/rfk300-600.jpg?fit=567%2C567&ssl=1\",\"contentUrl\":\"https:\\\/\\\/i0.wp.com\\\/911equipment.ca\\\/wp-content\\\/uploads\\\/2020\\\/05\\\/rfk300-600.jpg?fit=567%2C567&ssl=1\",\"width\":567,\"height\":567,\"caption\":\"Gants Hatch RFK300 avec Kevlar\"},{\"@type\":\"BreadcrumbList\",\"@id\":\"https:\\\/\\\/911equipment.ca\\\/fr\\\/produit\\\/resister-rfk300-kevlar\\\/#breadcrumb\",\"itemListElement\":[{\"@type\":\"ListItem\",\"position\":1,\"name\":\"Home\",\"item\":\"https:\\\/\\\/911equipment.ca\\\/fr\\\/\"},{\"@type\":\"ListItem\",\"position\":2,\"name\":\"Magasiner\",\"item\":\"https:\\\/\\\/911equipment.ca\\\/fr\\\/magasiner\\\/\"},{\"@type\":\"ListItem\",\"position\":3,\"name\":\"Resister RFK300 Kevlar\"}]},{\"@type\":\"WebSite\",\"@id\":\"https:\\\/\\\/911equipment.ca\\\/fr\\\/#website\",\"url\":\"https:\\\/\\\/911equipment.ca\\\/fr\\\/\",\"name\":\"Canadian Police Supplies\",\"description\":\"Online retail of police, law enforcement and security supplies, gears and equipment.\",\"publisher\":{\"@id\":\"https:\\\/\\\/911equipment.ca\\\/fr\\\/#organization\"},\"potentialAction\":[{\"@type\":\"SearchAction\",\"target\":{\"@type\":\"EntryPoint\",\"urlTemplate\":\"https:\\\/\\\/911equipment.ca\\\/fr\\\/?s={search_term_string}\"},\"query-input\":{\"@type\":\"PropertyValueSpecification\",\"valueRequired\":true,\"valueName\":\"search_term_string\"}}],\"inLanguage\":\"fr-CA\"},{\"@type\":\"Organization\",\"@id\":\"https:\\\/\\\/911equipment.ca\\\/fr\\\/#organization\",\"name\":\"NatPat Lt\u00e9e\",\"url\":\"https:\\\/\\\/911equipment.ca\\\/fr\\\/\",\"logo\":{\"@type\":\"ImageObject\",\"inLanguage\":\"fr-CA\",\"@id\":\"https:\\\/\\\/911equipment.ca\\\/fr\\\/#\\\/schema\\\/logo\\\/image\\\/\",\"url\":\"https:\\\/\\\/i2.wp.com\\\/911equipment.ca\\\/wp-content\\\/uploads\\\/2020\\\/05\\\/NatPat-Logo-Oct-2010.jpg?fit=560%2C560&ssl=1\",\"contentUrl\":\"https:\\\/\\\/i2.wp.com\\\/911equipment.ca\\\/wp-content\\\/uploads\\\/2020\\\/05\\\/NatPat-Logo-Oct-2010.jpg?fit=560%2C560&ssl=1\",\"width\":560,\"height\":560,\"caption\":\"NatPat Lt\u00e9e\"},\"image\":{\"@id\":\"https:\\\/\\\/911equipment.ca\\\/fr\\\/#\\\/schema\\\/logo\\\/image\\\/\"}}]}<\/script>\n<!-- \/ Yoast SEO plugin. -->","yoast_head_json":{"title":"Gants Hatch RFK300 avec Kevlar","description":"Le gant Hatch R\u00e9sister RFK300 r\u00e9siste aux coupures et est parfait pour la police, les forces de l'ordre et le personnel de s\u00e9curit\u00e9.","robots":{"index":"index","follow":"follow","max-snippet":"max-snippet:-1","max-image-preview":"max-image-preview:large","max-video-preview":"max-video-preview:-1"},"canonical":"https:\/\/911equipment.ca\/fr\/produit\/resister-rfk300-kevlar\/","og_locale":"fr_CA","og_type":"article","og_title":"Gants Hatch RFK300 avec Kevlar","og_description":"Le gant Hatch R\u00e9sister RFK300 r\u00e9siste aux coupures et est parfait pour la police, les forces de l'ordre et le personnel de s\u00e9curit\u00e9.","og_url":"https:\/\/911equipment.ca\/fr\/produit\/resister-rfk300-kevlar\/","og_site_name":"NatPat Ltd - Canadian Police Supplies","article_modified_time":"2024-02-13T20:42:12+00:00","og_image":[{"width":567,"height":567,"url":"https:\/\/911equipment.ca\/wp-content\/uploads\/2020\/05\/rfk300-600.jpg","type":"image\/jpeg"}],"twitter_card":"summary_large_image","twitter_misc":{"Estimation du temps de lecture":"1 minute"},"schema":{"@context":"https:\/\/schema.org","@graph":[{"@type":"WebPage","@id":"https:\/\/911equipment.ca\/fr\/produit\/resister-rfk300-kevlar\/","url":"https:\/\/911equipment.ca\/fr\/produit\/resister-rfk300-kevlar\/","name":"Gants Hatch RFK300 avec Kevlar","isPartOf":{"@id":"https:\/\/911equipment.ca\/fr\/#website"},"primaryImageOfPage":{"@id":"https:\/\/911equipment.ca\/fr\/produit\/resister-rfk300-kevlar\/#primaryimage"},"image":{"@id":"https:\/\/911equipment.ca\/fr\/produit\/resister-rfk300-kevlar\/#primaryimage"},"thumbnailUrl":"https:\/\/i0.wp.com\/911equipment.ca\/wp-content\/uploads\/2020\/05\/rfk300-600.jpg?fit=567%2C567&ssl=1","datePublished":"2020-05-21T23:50:56+00:00","dateModified":"2024-02-13T20:42:12+00:00","description":"Le gant Hatch R\u00e9sister RFK300 r\u00e9siste aux coupures et est parfait pour la police, les forces de l'ordre et le personnel de s\u00e9curit\u00e9.","breadcrumb":{"@id":"https:\/\/911equipment.ca\/fr\/produit\/resister-rfk300-kevlar\/#breadcrumb"},"inLanguage":"fr-CA","potentialAction":[{"@type":"ReadAction","target":["https:\/\/911equipment.ca\/fr\/produit\/resister-rfk300-kevlar\/"]}]},{"@type":"ImageObject","inLanguage":"fr-CA","@id":"https:\/\/911equipment.ca\/fr\/produit\/resister-rfk300-kevlar\/#primaryimage","url":"https:\/\/i0.wp.com\/911equipment.ca\/wp-content\/uploads\/2020\/05\/rfk300-600.jpg?fit=567%2C567&ssl=1","contentUrl":"https:\/\/i0.wp.com\/911equipment.ca\/wp-content\/uploads\/2020\/05\/rfk300-600.jpg?fit=567%2C567&ssl=1","width":567,"height":567,"caption":"Gants Hatch RFK300 avec Kevlar"},{"@type":"BreadcrumbList","@id":"https:\/\/911equipment.ca\/fr\/produit\/resister-rfk300-kevlar\/#breadcrumb","itemListElement":[{"@type":"ListItem","position":1,"name":"Home","item":"https:\/\/911equipment.ca\/fr\/"},{"@type":"ListItem","position":2,"name":"Magasiner","item":"https:\/\/911equipment.ca\/fr\/magasiner\/"},{"@type":"ListItem","position":3,"name":"Resister RFK300 Kevlar"}]},{"@type":"WebSite","@id":"https:\/\/911equipment.ca\/fr\/#website","url":"https:\/\/911equipment.ca\/fr\/","name":"Canadian Police Supplies","description":"Online retail of police, law enforcement and security supplies, gears and equipment.","publisher":{"@id":"https:\/\/911equipment.ca\/fr\/#organization"},"potentialAction":[{"@type":"SearchAction","target":{"@type":"EntryPoint","urlTemplate":"https:\/\/911equipment.ca\/fr\/?s={search_term_string}"},"query-input":{"@type":"PropertyValueSpecification","valueRequired":true,"valueName":"search_term_string"}}],"inLanguage":"fr-CA"},{"@type":"Organization","@id":"https:\/\/911equipment.ca\/fr\/#organization","name":"NatPat Lt\u00e9e","url":"https:\/\/911equipment.ca\/fr\/","logo":{"@type":"ImageObject","inLanguage":"fr-CA","@id":"https:\/\/911equipment.ca\/fr\/#\/schema\/logo\/image\/","url":"https:\/\/i2.wp.com\/911equipment.ca\/wp-content\/uploads\/2020\/05\/NatPat-Logo-Oct-2010.jpg?fit=560%2C560&ssl=1","contentUrl":"https:\/\/i2.wp.com\/911equipment.ca\/wp-content\/uploads\/2020\/05\/NatPat-Logo-Oct-2010.jpg?fit=560%2C560&ssl=1","width":560,"height":560,"caption":"NatPat Lt\u00e9e"},"image":{"@id":"https:\/\/911equipment.ca\/fr\/#\/schema\/logo\/image\/"}}]}},"jetpack_sharing_enabled":true,"brands":[{"id":342,"name":"Hatch","slug":"hatch-fr"}],"_links":{"self":[{"href":"https:\/\/911equipment.ca\/fr\/wp-json\/wp\/v2\/product\/2575","targetHints":{"allow":["GET"]}}],"collection":[{"href":"https:\/\/911equipment.ca\/fr\/wp-json\/wp\/v2\/product"}],"about":[{"href":"https:\/\/911equipment.ca\/fr\/wp-json\/wp\/v2\/types\/product"}],"replies":[{"embeddable":true,"href":"https:\/\/911equipment.ca\/fr\/wp-json\/wp\/v2\/comments?post=2575"}],"wp:featuredmedia":[{"embeddable":true,"href":"https:\/\/911equipment.ca\/fr\/wp-json\/wp\/v2\/media\/2578"}],"wp:attachment":[{"href":"https:\/\/911equipment.ca\/fr\/wp-json\/wp\/v2\/media?parent=2575"}],"wp:term":[{"taxonomy":"pwb-brand","embeddable":true,"href":"https:\/\/911equipment.ca\/fr\/wp-json\/wp\/v2\/pwb-brand?post=2575"},{"taxonomy":"product_brand","embeddable":true,"href":"https:\/\/911equipment.ca\/fr\/wp-json\/wp\/v2\/product_brand?post=2575"},{"taxonomy":"product_cat","embeddable":true,"href":"https:\/\/911equipment.ca\/fr\/wp-json\/wp\/v2\/product_cat?post=2575"},{"taxonomy":"product_tag","embeddable":true,"href":"https:\/\/911equipment.ca\/fr\/wp-json\/wp\/v2\/product_tag?post=2575"}],"curies":[{"name":"wp","href":"https:\/\/api.w.org\/{rel}","templated":true}]}}