{"id":2566,"date":"2020-05-21T20:36:51","date_gmt":"2020-05-22T00:36:51","guid":{"rendered":"https:\/\/911equipment.ca\/product\/fm2000-spectra\/"},"modified":"2024-02-08T09:55:51","modified_gmt":"2024-02-08T14:55:51","slug":"fm2000-spectra","status":"publish","type":"product","link":"https:\/\/911equipment.ca\/fr\/produit\/fm2000-spectra\/","title":{"rendered":"FM2000 Spectra"},"content":{"rendered":"<p>Le FM2000 Friskmaster\u2122 est un gant r\u00e9sistant aux coupures avec un rev\u00eatement Honeywell Spectra pour protection contre les objets tranchants. Le Spectra est une des fibres synth\u00e9tiques les plus solides et l\u00e9g\u00e8res pr\u00e9sentement disponible. Construit en cuir de premi\u00e8re qualit\u00e9, ils ont un poignet \u00e9lastique cour pour un ajustement parfait.<\/p>\n","protected":false},"excerpt":{"rendered":"<p>Le gant en cuir de haute qualit\u00e9 FM2000 est dot\u00e9 d&rsquo;une doublure 100% Honeywell Spectra\u00ae qui prot\u00e8ge contre les objets tranchants. Fabriqu\u00e9s en cuir de premi\u00e8re qualit\u00e9, ils ont des poignets courts \u00e9lastiqu\u00e9s pour un ajustement parfait.<\/p>\n<p><strong>Grandeurs disponibles<br \/>\n<\/strong>XS &#8211; 2XL<\/p>\n","protected":false},"featured_media":2568,"comment_status":"open","ping_status":"closed","template":"","meta":[],"pwb-brand":[342],"product_brand":[],"product_cat":[194],"product_tag":[326,327,328,329],"class_list":{"0":"post-2566","1":"product","2":"type-product","3":"status-publish","4":"has-post-thumbnail","6":"pwb-brand-hatch-fr","7":"product_cat-gants-hatch","8":"product_tag-gants","9":"product_tag-gants-anti-coupures","10":"product_tag-gants-de-police","11":"product_tag-gants-spectra","13":"first","14":"instock","15":"taxable","16":"shipping-taxable","17":"purchasable","18":"product-type-variable"},"yoast_head":"<!-- This site is optimized with the Yoast SEO plugin v27.5 - https:\/\/yoast.com\/product\/yoast-seo-wordpress\/ -->\n<title>Gants Hatch de police<\/title>\n<meta name=\"description\" content=\"Les gants de service de police Hatch FM2000 sont parfaits pour prot\u00e9ger vos mains lors d&#039;une recherche contre des objets tranchants avec sa doublure Spectra.\" \/>\n<meta name=\"robots\" content=\"index, follow, max-snippet:-1, max-image-preview:large, max-video-preview:-1\" \/>\n<link rel=\"canonical\" href=\"https:\/\/911equipment.ca\/fr\/produit\/fm2000-spectra\/\" \/>\n<meta property=\"og:locale\" content=\"fr_CA\" \/>\n<meta property=\"og:type\" content=\"article\" \/>\n<meta property=\"og:title\" content=\"Gants Hatch de police\" \/>\n<meta property=\"og:description\" content=\"Les gants de service de police Hatch FM2000 sont parfaits pour prot\u00e9ger vos mains lors d&#039;une recherche contre des objets tranchants avec sa doublure Spectra.\" \/>\n<meta property=\"og:url\" content=\"https:\/\/911equipment.ca\/fr\/produit\/fm2000-spectra\/\" \/>\n<meta property=\"og:site_name\" content=\"NatPat Ltd - Canadian Police Supplies\" \/>\n<meta property=\"article:modified_time\" content=\"2024-02-08T14:55:51+00:00\" \/>\n<meta property=\"og:image\" content=\"https:\/\/911equipment.ca\/wp-content\/uploads\/2020\/05\/fm2000-600.jpg\" \/>\n\t<meta property=\"og:image:width\" content=\"567\" \/>\n\t<meta property=\"og:image:height\" content=\"567\" \/>\n\t<meta property=\"og:image:type\" content=\"image\/jpeg\" \/>\n<meta name=\"twitter:card\" content=\"summary_large_image\" \/>\n<script type=\"application\/ld+json\" class=\"yoast-schema-graph\">{\"@context\":\"https:\\\/\\\/schema.org\",\"@graph\":[{\"@type\":\"WebPage\",\"@id\":\"https:\\\/\\\/911equipment.ca\\\/fr\\\/produit\\\/fm2000-spectra\\\/\",\"url\":\"https:\\\/\\\/911equipment.ca\\\/fr\\\/produit\\\/fm2000-spectra\\\/\",\"name\":\"Gants Hatch de police\",\"isPartOf\":{\"@id\":\"https:\\\/\\\/911equipment.ca\\\/fr\\\/#website\"},\"primaryImageOfPage\":{\"@id\":\"https:\\\/\\\/911equipment.ca\\\/fr\\\/produit\\\/fm2000-spectra\\\/#primaryimage\"},\"image\":{\"@id\":\"https:\\\/\\\/911equipment.ca\\\/fr\\\/produit\\\/fm2000-spectra\\\/#primaryimage\"},\"thumbnailUrl\":\"https:\\\/\\\/i0.wp.com\\\/911equipment.ca\\\/wp-content\\\/uploads\\\/2020\\\/05\\\/fm2000-600.jpg?fit=567%2C567&ssl=1\",\"datePublished\":\"2020-05-22T00:36:51+00:00\",\"dateModified\":\"2024-02-08T14:55:51+00:00\",\"description\":\"Les gants de service de police Hatch FM2000 sont parfaits pour prot\u00e9ger vos mains lors d'une recherche contre des objets tranchants avec sa doublure Spectra.\",\"breadcrumb\":{\"@id\":\"https:\\\/\\\/911equipment.ca\\\/fr\\\/produit\\\/fm2000-spectra\\\/#breadcrumb\"},\"inLanguage\":\"fr-CA\",\"potentialAction\":[{\"@type\":\"ReadAction\",\"target\":[\"https:\\\/\\\/911equipment.ca\\\/fr\\\/produit\\\/fm2000-spectra\\\/\"]}]},{\"@type\":\"ImageObject\",\"inLanguage\":\"fr-CA\",\"@id\":\"https:\\\/\\\/911equipment.ca\\\/fr\\\/produit\\\/fm2000-spectra\\\/#primaryimage\",\"url\":\"https:\\\/\\\/i0.wp.com\\\/911equipment.ca\\\/wp-content\\\/uploads\\\/2020\\\/05\\\/fm2000-600.jpg?fit=567%2C567&ssl=1\",\"contentUrl\":\"https:\\\/\\\/i0.wp.com\\\/911equipment.ca\\\/wp-content\\\/uploads\\\/2020\\\/05\\\/fm2000-600.jpg?fit=567%2C567&ssl=1\",\"width\":567,\"height\":567,\"caption\":\"Gants Hatch FM2000 avec Spectra\"},{\"@type\":\"BreadcrumbList\",\"@id\":\"https:\\\/\\\/911equipment.ca\\\/fr\\\/produit\\\/fm2000-spectra\\\/#breadcrumb\",\"itemListElement\":[{\"@type\":\"ListItem\",\"position\":1,\"name\":\"Home\",\"item\":\"https:\\\/\\\/911equipment.ca\\\/fr\\\/\"},{\"@type\":\"ListItem\",\"position\":2,\"name\":\"Magasiner\",\"item\":\"https:\\\/\\\/911equipment.ca\\\/fr\\\/magasiner\\\/\"},{\"@type\":\"ListItem\",\"position\":3,\"name\":\"FM2000 Spectra\"}]},{\"@type\":\"WebSite\",\"@id\":\"https:\\\/\\\/911equipment.ca\\\/fr\\\/#website\",\"url\":\"https:\\\/\\\/911equipment.ca\\\/fr\\\/\",\"name\":\"Canadian Police Supplies\",\"description\":\"Online retail of police, law enforcement and security supplies, gears and equipment.\",\"publisher\":{\"@id\":\"https:\\\/\\\/911equipment.ca\\\/fr\\\/#organization\"},\"potentialAction\":[{\"@type\":\"SearchAction\",\"target\":{\"@type\":\"EntryPoint\",\"urlTemplate\":\"https:\\\/\\\/911equipment.ca\\\/fr\\\/?s={search_term_string}\"},\"query-input\":{\"@type\":\"PropertyValueSpecification\",\"valueRequired\":true,\"valueName\":\"search_term_string\"}}],\"inLanguage\":\"fr-CA\"},{\"@type\":\"Organization\",\"@id\":\"https:\\\/\\\/911equipment.ca\\\/fr\\\/#organization\",\"name\":\"NatPat Lt\u00e9e\",\"url\":\"https:\\\/\\\/911equipment.ca\\\/fr\\\/\",\"logo\":{\"@type\":\"ImageObject\",\"inLanguage\":\"fr-CA\",\"@id\":\"https:\\\/\\\/911equipment.ca\\\/fr\\\/#\\\/schema\\\/logo\\\/image\\\/\",\"url\":\"https:\\\/\\\/i2.wp.com\\\/911equipment.ca\\\/wp-content\\\/uploads\\\/2020\\\/05\\\/NatPat-Logo-Oct-2010.jpg?fit=560%2C560&ssl=1\",\"contentUrl\":\"https:\\\/\\\/i2.wp.com\\\/911equipment.ca\\\/wp-content\\\/uploads\\\/2020\\\/05\\\/NatPat-Logo-Oct-2010.jpg?fit=560%2C560&ssl=1\",\"width\":560,\"height\":560,\"caption\":\"NatPat Lt\u00e9e\"},\"image\":{\"@id\":\"https:\\\/\\\/911equipment.ca\\\/fr\\\/#\\\/schema\\\/logo\\\/image\\\/\"}}]}<\/script>\n<!-- \/ Yoast SEO plugin. -->","yoast_head_json":{"title":"Gants Hatch de police","description":"Les gants de service de police Hatch FM2000 sont parfaits pour prot\u00e9ger vos mains lors d'une recherche contre des objets tranchants avec sa doublure Spectra.","robots":{"index":"index","follow":"follow","max-snippet":"max-snippet:-1","max-image-preview":"max-image-preview:large","max-video-preview":"max-video-preview:-1"},"canonical":"https:\/\/911equipment.ca\/fr\/produit\/fm2000-spectra\/","og_locale":"fr_CA","og_type":"article","og_title":"Gants Hatch de police","og_description":"Les gants de service de police Hatch FM2000 sont parfaits pour prot\u00e9ger vos mains lors d'une recherche contre des objets tranchants avec sa doublure Spectra.","og_url":"https:\/\/911equipment.ca\/fr\/produit\/fm2000-spectra\/","og_site_name":"NatPat Ltd - Canadian Police Supplies","article_modified_time":"2024-02-08T14:55:51+00:00","og_image":[{"width":567,"height":567,"url":"https:\/\/911equipment.ca\/wp-content\/uploads\/2020\/05\/fm2000-600.jpg","type":"image\/jpeg"}],"twitter_card":"summary_large_image","schema":{"@context":"https:\/\/schema.org","@graph":[{"@type":"WebPage","@id":"https:\/\/911equipment.ca\/fr\/produit\/fm2000-spectra\/","url":"https:\/\/911equipment.ca\/fr\/produit\/fm2000-spectra\/","name":"Gants Hatch de police","isPartOf":{"@id":"https:\/\/911equipment.ca\/fr\/#website"},"primaryImageOfPage":{"@id":"https:\/\/911equipment.ca\/fr\/produit\/fm2000-spectra\/#primaryimage"},"image":{"@id":"https:\/\/911equipment.ca\/fr\/produit\/fm2000-spectra\/#primaryimage"},"thumbnailUrl":"https:\/\/i0.wp.com\/911equipment.ca\/wp-content\/uploads\/2020\/05\/fm2000-600.jpg?fit=567%2C567&ssl=1","datePublished":"2020-05-22T00:36:51+00:00","dateModified":"2024-02-08T14:55:51+00:00","description":"Les gants de service de police Hatch FM2000 sont parfaits pour prot\u00e9ger vos mains lors d'une recherche contre des objets tranchants avec sa doublure Spectra.","breadcrumb":{"@id":"https:\/\/911equipment.ca\/fr\/produit\/fm2000-spectra\/#breadcrumb"},"inLanguage":"fr-CA","potentialAction":[{"@type":"ReadAction","target":["https:\/\/911equipment.ca\/fr\/produit\/fm2000-spectra\/"]}]},{"@type":"ImageObject","inLanguage":"fr-CA","@id":"https:\/\/911equipment.ca\/fr\/produit\/fm2000-spectra\/#primaryimage","url":"https:\/\/i0.wp.com\/911equipment.ca\/wp-content\/uploads\/2020\/05\/fm2000-600.jpg?fit=567%2C567&ssl=1","contentUrl":"https:\/\/i0.wp.com\/911equipment.ca\/wp-content\/uploads\/2020\/05\/fm2000-600.jpg?fit=567%2C567&ssl=1","width":567,"height":567,"caption":"Gants Hatch FM2000 avec Spectra"},{"@type":"BreadcrumbList","@id":"https:\/\/911equipment.ca\/fr\/produit\/fm2000-spectra\/#breadcrumb","itemListElement":[{"@type":"ListItem","position":1,"name":"Home","item":"https:\/\/911equipment.ca\/fr\/"},{"@type":"ListItem","position":2,"name":"Magasiner","item":"https:\/\/911equipment.ca\/fr\/magasiner\/"},{"@type":"ListItem","position":3,"name":"FM2000 Spectra"}]},{"@type":"WebSite","@id":"https:\/\/911equipment.ca\/fr\/#website","url":"https:\/\/911equipment.ca\/fr\/","name":"Canadian Police Supplies","description":"Online retail of police, law enforcement and security supplies, gears and equipment.","publisher":{"@id":"https:\/\/911equipment.ca\/fr\/#organization"},"potentialAction":[{"@type":"SearchAction","target":{"@type":"EntryPoint","urlTemplate":"https:\/\/911equipment.ca\/fr\/?s={search_term_string}"},"query-input":{"@type":"PropertyValueSpecification","valueRequired":true,"valueName":"search_term_string"}}],"inLanguage":"fr-CA"},{"@type":"Organization","@id":"https:\/\/911equipment.ca\/fr\/#organization","name":"NatPat Lt\u00e9e","url":"https:\/\/911equipment.ca\/fr\/","logo":{"@type":"ImageObject","inLanguage":"fr-CA","@id":"https:\/\/911equipment.ca\/fr\/#\/schema\/logo\/image\/","url":"https:\/\/i2.wp.com\/911equipment.ca\/wp-content\/uploads\/2020\/05\/NatPat-Logo-Oct-2010.jpg?fit=560%2C560&ssl=1","contentUrl":"https:\/\/i2.wp.com\/911equipment.ca\/wp-content\/uploads\/2020\/05\/NatPat-Logo-Oct-2010.jpg?fit=560%2C560&ssl=1","width":560,"height":560,"caption":"NatPat Lt\u00e9e"},"image":{"@id":"https:\/\/911equipment.ca\/fr\/#\/schema\/logo\/image\/"}}]}},"jetpack_sharing_enabled":true,"brands":[{"id":342,"name":"Hatch","slug":"hatch-fr"}],"_links":{"self":[{"href":"https:\/\/911equipment.ca\/fr\/wp-json\/wp\/v2\/product\/2566","targetHints":{"allow":["GET"]}}],"collection":[{"href":"https:\/\/911equipment.ca\/fr\/wp-json\/wp\/v2\/product"}],"about":[{"href":"https:\/\/911equipment.ca\/fr\/wp-json\/wp\/v2\/types\/product"}],"replies":[{"embeddable":true,"href":"https:\/\/911equipment.ca\/fr\/wp-json\/wp\/v2\/comments?post=2566"}],"wp:featuredmedia":[{"embeddable":true,"href":"https:\/\/911equipment.ca\/fr\/wp-json\/wp\/v2\/media\/2568"}],"wp:attachment":[{"href":"https:\/\/911equipment.ca\/fr\/wp-json\/wp\/v2\/media?parent=2566"}],"wp:term":[{"taxonomy":"pwb-brand","embeddable":true,"href":"https:\/\/911equipment.ca\/fr\/wp-json\/wp\/v2\/pwb-brand?post=2566"},{"taxonomy":"product_brand","embeddable":true,"href":"https:\/\/911equipment.ca\/fr\/wp-json\/wp\/v2\/product_brand?post=2566"},{"taxonomy":"product_cat","embeddable":true,"href":"https:\/\/911equipment.ca\/fr\/wp-json\/wp\/v2\/product_cat?post=2566"},{"taxonomy":"product_tag","embeddable":true,"href":"https:\/\/911equipment.ca\/fr\/wp-json\/wp\/v2\/product_tag?post=2566"}],"curies":[{"name":"wp","href":"https:\/\/api.w.org\/{rel}","templated":true}]}}