{"id":2559,"date":"2020-05-21T21:46:11","date_gmt":"2020-05-22T01:46:11","guid":{"rendered":"https:\/\/911equipment.ca\/product\/ns430-specialiste\/"},"modified":"2024-05-29T09:47:42","modified_gmt":"2024-05-29T13:47:42","slug":"ns430-specialiste","status":"publish","type":"product","link":"https:\/\/911equipment.ca\/fr\/produit\/ns430-specialiste\/","title":{"rendered":"NS430 Sp\u00e9cialiste"},"content":{"rendered":"<p><strong>Gants \u00e0 profil bas pour une dext\u00e9rit\u00e9 maximale<\/strong><\/p>\n<p>Con\u00e7us pour une dext\u00e9rit\u00e9 et une adh\u00e9rence maximales dans un large \u00e9ventail de conditions, les gants Hatch\u00ae mod\u00e8le NS430 Specialist\u00ae offrent une sensation pr\u00e9cise et une manipulation s\u00fbre des armes en service ou champ de tir. Les paumes en cuir synth\u00e9tique Synsi-feel \u2122 sont dot\u00e9es de renforts Extreme-Grip \u2122 sur les paumes et le bout des doigts pour une meilleure traction dans les zones cl\u00e9s. La construction en n\u00e9opr\u00e8ne offre un ajustement parfait avec une r\u00e9sistance aux intemp\u00e9ries pour les temp\u00e9ratures plus froides et une capacit\u00e9 respiratoire pour emp\u00eacher vos mains de surchauffer par temps plus doux. Ces gants ne r\u00e9sistent pas aux coupures.<\/p>\n","protected":false},"excerpt":{"rendered":"<ul>\n<li>Excellent gants pour le tir et le travail<\/li>\n<li>Paume en cuir synth\u00e9tique Synsi-feel pour prise excellente et sensation pr\u00e9cise<\/li>\n<li>Construction en n\u00e9opr\u00e8ne<\/li>\n<li>Fermeture auto-agrippante<\/li>\n<li><strong>Grandeurs disponibles<br \/>\n<\/strong>P &#8211; 2XL<\/li>\n<\/ul>\n","protected":false},"featured_media":3191,"comment_status":"open","ping_status":"closed","template":"","meta":[],"pwb-brand":[342],"product_brand":[],"product_cat":[194],"product_tag":[326,328,332],"class_list":{"0":"post-2559","1":"product","2":"type-product","3":"status-publish","4":"has-post-thumbnail","6":"pwb-brand-hatch-fr","7":"product_cat-gants-hatch","8":"product_tag-gants","9":"product_tag-gants-de-police","10":"product_tag-gants-de-tir","12":"first","13":"instock","14":"taxable","15":"shipping-taxable","16":"purchasable","17":"product-type-variable"},"yoast_head":"<!-- This site is optimized with the Yoast SEO plugin v27.3 - https:\/\/yoast.com\/product\/yoast-seo-wordpress\/ -->\n<title>Gants Hatch NS430<\/title>\n<meta name=\"description\" content=\"Les gants de sp\u00e9cialiste Hatch NS430 offrent une sensation pr\u00e9cise et une manipulation s\u00e9curis\u00e9e des armes en service ou au champ de tir.\" \/>\n<meta name=\"robots\" content=\"index, follow, max-snippet:-1, max-image-preview:large, max-video-preview:-1\" \/>\n<link rel=\"canonical\" href=\"https:\/\/911equipment.ca\/fr\/produit\/ns430-specialiste\/\" \/>\n<meta property=\"og:locale\" content=\"fr_CA\" \/>\n<meta property=\"og:type\" content=\"article\" \/>\n<meta property=\"og:title\" content=\"Gants Hatch NS430\" \/>\n<meta property=\"og:description\" content=\"Les gants de sp\u00e9cialiste Hatch NS430 offrent une sensation pr\u00e9cise et une manipulation s\u00e9curis\u00e9e des armes en service ou au champ de tir.\" \/>\n<meta property=\"og:url\" content=\"https:\/\/911equipment.ca\/fr\/produit\/ns430-specialiste\/\" \/>\n<meta property=\"og:site_name\" content=\"NatPat Ltd - Canadian Police Supplies\" \/>\n<meta property=\"article:modified_time\" content=\"2024-05-29T13:47:42+00:00\" \/>\n<meta property=\"og:image\" content=\"https:\/\/911equipment.ca\/wp-content\/uploads\/2020\/05\/NS430-600.jpg\" \/>\n\t<meta property=\"og:image:width\" content=\"600\" \/>\n\t<meta property=\"og:image:height\" content=\"600\" \/>\n\t<meta property=\"og:image:type\" content=\"image\/jpeg\" \/>\n<meta name=\"twitter:card\" content=\"summary_large_image\" \/>\n<meta name=\"twitter:label1\" content=\"Estimation du temps de lecture\" \/>\n\t<meta name=\"twitter:data1\" content=\"1 minute\" \/>\n<script type=\"application\/ld+json\" class=\"yoast-schema-graph\">{\"@context\":\"https:\\\/\\\/schema.org\",\"@graph\":[{\"@type\":\"WebPage\",\"@id\":\"https:\\\/\\\/911equipment.ca\\\/fr\\\/produit\\\/ns430-specialiste\\\/\",\"url\":\"https:\\\/\\\/911equipment.ca\\\/fr\\\/produit\\\/ns430-specialiste\\\/\",\"name\":\"Gants Hatch NS430\",\"isPartOf\":{\"@id\":\"https:\\\/\\\/911equipment.ca\\\/fr\\\/#website\"},\"primaryImageOfPage\":{\"@id\":\"https:\\\/\\\/911equipment.ca\\\/fr\\\/produit\\\/ns430-specialiste\\\/#primaryimage\"},\"image\":{\"@id\":\"https:\\\/\\\/911equipment.ca\\\/fr\\\/produit\\\/ns430-specialiste\\\/#primaryimage\"},\"thumbnailUrl\":\"https:\\\/\\\/i0.wp.com\\\/911equipment.ca\\\/wp-content\\\/uploads\\\/2020\\\/05\\\/NS430-600.jpg?fit=600%2C600&ssl=1\",\"datePublished\":\"2020-05-22T01:46:11+00:00\",\"dateModified\":\"2024-05-29T13:47:42+00:00\",\"description\":\"Les gants de sp\u00e9cialiste Hatch NS430 offrent une sensation pr\u00e9cise et une manipulation s\u00e9curis\u00e9e des armes en service ou au champ de tir.\",\"breadcrumb\":{\"@id\":\"https:\\\/\\\/911equipment.ca\\\/fr\\\/produit\\\/ns430-specialiste\\\/#breadcrumb\"},\"inLanguage\":\"fr-CA\",\"potentialAction\":[{\"@type\":\"ReadAction\",\"target\":[\"https:\\\/\\\/911equipment.ca\\\/fr\\\/produit\\\/ns430-specialiste\\\/\"]}]},{\"@type\":\"ImageObject\",\"inLanguage\":\"fr-CA\",\"@id\":\"https:\\\/\\\/911equipment.ca\\\/fr\\\/produit\\\/ns430-specialiste\\\/#primaryimage\",\"url\":\"https:\\\/\\\/i0.wp.com\\\/911equipment.ca\\\/wp-content\\\/uploads\\\/2020\\\/05\\\/NS430-600.jpg?fit=600%2C600&ssl=1\",\"contentUrl\":\"https:\\\/\\\/i0.wp.com\\\/911equipment.ca\\\/wp-content\\\/uploads\\\/2020\\\/05\\\/NS430-600.jpg?fit=600%2C600&ssl=1\",\"width\":600,\"height\":600,\"caption\":\"Gants Hatch NS430\"},{\"@type\":\"BreadcrumbList\",\"@id\":\"https:\\\/\\\/911equipment.ca\\\/fr\\\/produit\\\/ns430-specialiste\\\/#breadcrumb\",\"itemListElement\":[{\"@type\":\"ListItem\",\"position\":1,\"name\":\"Home\",\"item\":\"https:\\\/\\\/911equipment.ca\\\/fr\\\/\"},{\"@type\":\"ListItem\",\"position\":2,\"name\":\"Magasiner\",\"item\":\"https:\\\/\\\/911equipment.ca\\\/fr\\\/magasiner\\\/\"},{\"@type\":\"ListItem\",\"position\":3,\"name\":\"NS430 Sp\u00e9cialiste\"}]},{\"@type\":\"WebSite\",\"@id\":\"https:\\\/\\\/911equipment.ca\\\/fr\\\/#website\",\"url\":\"https:\\\/\\\/911equipment.ca\\\/fr\\\/\",\"name\":\"Canadian Police Supplies\",\"description\":\"Online retail of police, law enforcement and security supplies, gears and equipment.\",\"publisher\":{\"@id\":\"https:\\\/\\\/911equipment.ca\\\/fr\\\/#organization\"},\"potentialAction\":[{\"@type\":\"SearchAction\",\"target\":{\"@type\":\"EntryPoint\",\"urlTemplate\":\"https:\\\/\\\/911equipment.ca\\\/fr\\\/?s={search_term_string}\"},\"query-input\":{\"@type\":\"PropertyValueSpecification\",\"valueRequired\":true,\"valueName\":\"search_term_string\"}}],\"inLanguage\":\"fr-CA\"},{\"@type\":\"Organization\",\"@id\":\"https:\\\/\\\/911equipment.ca\\\/fr\\\/#organization\",\"name\":\"NatPat Lt\u00e9e\",\"url\":\"https:\\\/\\\/911equipment.ca\\\/fr\\\/\",\"logo\":{\"@type\":\"ImageObject\",\"inLanguage\":\"fr-CA\",\"@id\":\"https:\\\/\\\/911equipment.ca\\\/fr\\\/#\\\/schema\\\/logo\\\/image\\\/\",\"url\":\"https:\\\/\\\/i2.wp.com\\\/911equipment.ca\\\/wp-content\\\/uploads\\\/2020\\\/05\\\/NatPat-Logo-Oct-2010.jpg?fit=560%2C560&ssl=1\",\"contentUrl\":\"https:\\\/\\\/i2.wp.com\\\/911equipment.ca\\\/wp-content\\\/uploads\\\/2020\\\/05\\\/NatPat-Logo-Oct-2010.jpg?fit=560%2C560&ssl=1\",\"width\":560,\"height\":560,\"caption\":\"NatPat Lt\u00e9e\"},\"image\":{\"@id\":\"https:\\\/\\\/911equipment.ca\\\/fr\\\/#\\\/schema\\\/logo\\\/image\\\/\"}}]}<\/script>\n<!-- \/ Yoast SEO plugin. -->","yoast_head_json":{"title":"Gants Hatch NS430","description":"Les gants de sp\u00e9cialiste Hatch NS430 offrent une sensation pr\u00e9cise et une manipulation s\u00e9curis\u00e9e des armes en service ou au champ de tir.","robots":{"index":"index","follow":"follow","max-snippet":"max-snippet:-1","max-image-preview":"max-image-preview:large","max-video-preview":"max-video-preview:-1"},"canonical":"https:\/\/911equipment.ca\/fr\/produit\/ns430-specialiste\/","og_locale":"fr_CA","og_type":"article","og_title":"Gants Hatch NS430","og_description":"Les gants de sp\u00e9cialiste Hatch NS430 offrent une sensation pr\u00e9cise et une manipulation s\u00e9curis\u00e9e des armes en service ou au champ de tir.","og_url":"https:\/\/911equipment.ca\/fr\/produit\/ns430-specialiste\/","og_site_name":"NatPat Ltd - Canadian Police Supplies","article_modified_time":"2024-05-29T13:47:42+00:00","og_image":[{"width":600,"height":600,"url":"https:\/\/911equipment.ca\/wp-content\/uploads\/2020\/05\/NS430-600.jpg","type":"image\/jpeg"}],"twitter_card":"summary_large_image","twitter_misc":{"Estimation du temps de lecture":"1 minute"},"schema":{"@context":"https:\/\/schema.org","@graph":[{"@type":"WebPage","@id":"https:\/\/911equipment.ca\/fr\/produit\/ns430-specialiste\/","url":"https:\/\/911equipment.ca\/fr\/produit\/ns430-specialiste\/","name":"Gants Hatch NS430","isPartOf":{"@id":"https:\/\/911equipment.ca\/fr\/#website"},"primaryImageOfPage":{"@id":"https:\/\/911equipment.ca\/fr\/produit\/ns430-specialiste\/#primaryimage"},"image":{"@id":"https:\/\/911equipment.ca\/fr\/produit\/ns430-specialiste\/#primaryimage"},"thumbnailUrl":"https:\/\/i0.wp.com\/911equipment.ca\/wp-content\/uploads\/2020\/05\/NS430-600.jpg?fit=600%2C600&ssl=1","datePublished":"2020-05-22T01:46:11+00:00","dateModified":"2024-05-29T13:47:42+00:00","description":"Les gants de sp\u00e9cialiste Hatch NS430 offrent une sensation pr\u00e9cise et une manipulation s\u00e9curis\u00e9e des armes en service ou au champ de tir.","breadcrumb":{"@id":"https:\/\/911equipment.ca\/fr\/produit\/ns430-specialiste\/#breadcrumb"},"inLanguage":"fr-CA","potentialAction":[{"@type":"ReadAction","target":["https:\/\/911equipment.ca\/fr\/produit\/ns430-specialiste\/"]}]},{"@type":"ImageObject","inLanguage":"fr-CA","@id":"https:\/\/911equipment.ca\/fr\/produit\/ns430-specialiste\/#primaryimage","url":"https:\/\/i0.wp.com\/911equipment.ca\/wp-content\/uploads\/2020\/05\/NS430-600.jpg?fit=600%2C600&ssl=1","contentUrl":"https:\/\/i0.wp.com\/911equipment.ca\/wp-content\/uploads\/2020\/05\/NS430-600.jpg?fit=600%2C600&ssl=1","width":600,"height":600,"caption":"Gants Hatch NS430"},{"@type":"BreadcrumbList","@id":"https:\/\/911equipment.ca\/fr\/produit\/ns430-specialiste\/#breadcrumb","itemListElement":[{"@type":"ListItem","position":1,"name":"Home","item":"https:\/\/911equipment.ca\/fr\/"},{"@type":"ListItem","position":2,"name":"Magasiner","item":"https:\/\/911equipment.ca\/fr\/magasiner\/"},{"@type":"ListItem","position":3,"name":"NS430 Sp\u00e9cialiste"}]},{"@type":"WebSite","@id":"https:\/\/911equipment.ca\/fr\/#website","url":"https:\/\/911equipment.ca\/fr\/","name":"Canadian Police Supplies","description":"Online retail of police, law enforcement and security supplies, gears and equipment.","publisher":{"@id":"https:\/\/911equipment.ca\/fr\/#organization"},"potentialAction":[{"@type":"SearchAction","target":{"@type":"EntryPoint","urlTemplate":"https:\/\/911equipment.ca\/fr\/?s={search_term_string}"},"query-input":{"@type":"PropertyValueSpecification","valueRequired":true,"valueName":"search_term_string"}}],"inLanguage":"fr-CA"},{"@type":"Organization","@id":"https:\/\/911equipment.ca\/fr\/#organization","name":"NatPat Lt\u00e9e","url":"https:\/\/911equipment.ca\/fr\/","logo":{"@type":"ImageObject","inLanguage":"fr-CA","@id":"https:\/\/911equipment.ca\/fr\/#\/schema\/logo\/image\/","url":"https:\/\/i2.wp.com\/911equipment.ca\/wp-content\/uploads\/2020\/05\/NatPat-Logo-Oct-2010.jpg?fit=560%2C560&ssl=1","contentUrl":"https:\/\/i2.wp.com\/911equipment.ca\/wp-content\/uploads\/2020\/05\/NatPat-Logo-Oct-2010.jpg?fit=560%2C560&ssl=1","width":560,"height":560,"caption":"NatPat Lt\u00e9e"},"image":{"@id":"https:\/\/911equipment.ca\/fr\/#\/schema\/logo\/image\/"}}]}},"jetpack_sharing_enabled":true,"brands":[{"id":342,"name":"Hatch","slug":"hatch-fr"}],"_links":{"self":[{"href":"https:\/\/911equipment.ca\/fr\/wp-json\/wp\/v2\/product\/2559","targetHints":{"allow":["GET"]}}],"collection":[{"href":"https:\/\/911equipment.ca\/fr\/wp-json\/wp\/v2\/product"}],"about":[{"href":"https:\/\/911equipment.ca\/fr\/wp-json\/wp\/v2\/types\/product"}],"replies":[{"embeddable":true,"href":"https:\/\/911equipment.ca\/fr\/wp-json\/wp\/v2\/comments?post=2559"}],"wp:featuredmedia":[{"embeddable":true,"href":"https:\/\/911equipment.ca\/fr\/wp-json\/wp\/v2\/media\/3191"}],"wp:attachment":[{"href":"https:\/\/911equipment.ca\/fr\/wp-json\/wp\/v2\/media?parent=2559"}],"wp:term":[{"taxonomy":"pwb-brand","embeddable":true,"href":"https:\/\/911equipment.ca\/fr\/wp-json\/wp\/v2\/pwb-brand?post=2559"},{"taxonomy":"product_brand","embeddable":true,"href":"https:\/\/911equipment.ca\/fr\/wp-json\/wp\/v2\/product_brand?post=2559"},{"taxonomy":"product_cat","embeddable":true,"href":"https:\/\/911equipment.ca\/fr\/wp-json\/wp\/v2\/product_cat?post=2559"},{"taxonomy":"product_tag","embeddable":true,"href":"https:\/\/911equipment.ca\/fr\/wp-json\/wp\/v2\/product_tag?post=2559"}],"curies":[{"name":"wp","href":"https:\/\/api.w.org\/{rel}","templated":true}]}}