{"id":2494,"date":"2020-05-22T02:44:03","date_gmt":"2020-05-22T06:44:03","guid":{"rendered":"https:\/\/911equipment.ca\/product\/sum300ls-spectra\/"},"modified":"2024-05-29T11:08:08","modified_gmt":"2024-05-29T15:08:08","slug":"sum300ls-spectra","status":"publish","type":"product","link":"https:\/\/911equipment.ca\/fr\/produit\/sum300ls-spectra\/","title":{"rendered":"SUM300LS Spectra"},"content":{"rendered":"<ul>\n<li>Cuir de vache de qualit\u00e9 sup\u00e9rieure<\/li>\n<li>Doublure int\u00e9rieure de 100% Spectra\u00ae<\/li>\n<li>Le gant va jusqu&rsquo;au poignet qui est \u00e9lastique<\/li>\n<li>Bonne protection pour l&rsquo;usage journalier sur la rue<\/li>\n<\/ul>\n","protected":false},"excerpt":{"rendered":"<p>Le gant SUM300LS est de la m\u00eame qualit\u00e9 de cuir et de la m\u00eame protection de r\u00e9sistance aux coupures Spectra que les autres gants r\u00e9sistants aux coupures, mais \u00e0 un prix plus abordable.<\/p>\n<p><strong>Grandeurs disponibles<br \/>\n<\/strong>2XS &#8211; 3XL<\/p>\n","protected":false},"featured_media":2495,"comment_status":"open","ping_status":"closed","template":"","meta":[],"pwb-brand":[343],"product_brand":[],"product_cat":[195],"product_tag":[326,327,328,329],"class_list":{"0":"post-2494","1":"product","2":"type-product","3":"status-publish","4":"has-post-thumbnail","6":"pwb-brand-summit-gloves-fr","7":"product_cat-gants-summit","8":"product_tag-gants","9":"product_tag-gants-anti-coupures","10":"product_tag-gants-de-police","11":"product_tag-gants-spectra","13":"first","14":"instock","15":"sale","16":"taxable","17":"shipping-taxable","18":"purchasable","19":"product-type-variable"},"yoast_head":"<!-- This site is optimized with the Yoast SEO plugin v27.5 - https:\/\/yoast.com\/product\/yoast-seo-wordpress\/ -->\n<title>Gants SUM300LS avec Spectra<\/title>\n<meta name=\"description\" content=\"Gants de recherche abordables et r\u00e9sistants aux coupures pour le personnel de police, d&#039;agents de loi et de s\u00e9curit\u00e9. Les gants ont une doublure Spectra et un poignet court.\" \/>\n<meta name=\"robots\" content=\"index, follow, max-snippet:-1, max-image-preview:large, max-video-preview:-1\" \/>\n<link rel=\"canonical\" href=\"https:\/\/911equipment.ca\/fr\/produit\/sum300ls-spectra\/\" \/>\n<meta property=\"og:locale\" content=\"fr_CA\" \/>\n<meta property=\"og:type\" content=\"article\" \/>\n<meta property=\"og:title\" content=\"Gants SUM300LS avec Spectra\" \/>\n<meta property=\"og:description\" content=\"Gants de recherche abordables et r\u00e9sistants aux coupures pour le personnel de police, d&#039;agents de loi et de s\u00e9curit\u00e9. Les gants ont une doublure Spectra et un poignet court.\" \/>\n<meta property=\"og:url\" content=\"https:\/\/911equipment.ca\/fr\/produit\/sum300ls-spectra\/\" \/>\n<meta property=\"og:site_name\" content=\"NatPat Ltd - Canadian Police Supplies\" \/>\n<meta property=\"article:modified_time\" content=\"2024-05-29T15:08:08+00:00\" \/>\n<meta property=\"og:image\" content=\"https:\/\/911equipment.ca\/wp-content\/uploads\/2020\/05\/SUM300-600.jpg\" \/>\n\t<meta property=\"og:image:width\" content=\"449\" \/>\n\t<meta property=\"og:image:height\" content=\"449\" \/>\n\t<meta property=\"og:image:type\" content=\"image\/jpeg\" \/>\n<meta name=\"twitter:card\" content=\"summary_large_image\" \/>\n<script type=\"application\/ld+json\" class=\"yoast-schema-graph\">{\"@context\":\"https:\\\/\\\/schema.org\",\"@graph\":[{\"@type\":\"WebPage\",\"@id\":\"https:\\\/\\\/911equipment.ca\\\/fr\\\/produit\\\/sum300ls-spectra\\\/\",\"url\":\"https:\\\/\\\/911equipment.ca\\\/fr\\\/produit\\\/sum300ls-spectra\\\/\",\"name\":\"Gants SUM300LS avec Spectra\",\"isPartOf\":{\"@id\":\"https:\\\/\\\/911equipment.ca\\\/fr\\\/#website\"},\"primaryImageOfPage\":{\"@id\":\"https:\\\/\\\/911equipment.ca\\\/fr\\\/produit\\\/sum300ls-spectra\\\/#primaryimage\"},\"image\":{\"@id\":\"https:\\\/\\\/911equipment.ca\\\/fr\\\/produit\\\/sum300ls-spectra\\\/#primaryimage\"},\"thumbnailUrl\":\"https:\\\/\\\/i0.wp.com\\\/911equipment.ca\\\/wp-content\\\/uploads\\\/2020\\\/05\\\/SUM300-600.jpg?fit=449%2C449&ssl=1\",\"datePublished\":\"2020-05-22T06:44:03+00:00\",\"dateModified\":\"2024-05-29T15:08:08+00:00\",\"description\":\"Gants de recherche abordables et r\u00e9sistants aux coupures pour le personnel de police, d'agents de loi et de s\u00e9curit\u00e9. Les gants ont une doublure Spectra et un poignet court.\",\"breadcrumb\":{\"@id\":\"https:\\\/\\\/911equipment.ca\\\/fr\\\/produit\\\/sum300ls-spectra\\\/#breadcrumb\"},\"inLanguage\":\"fr-CA\",\"potentialAction\":[{\"@type\":\"ReadAction\",\"target\":[\"https:\\\/\\\/911equipment.ca\\\/fr\\\/produit\\\/sum300ls-spectra\\\/\"]}]},{\"@type\":\"ImageObject\",\"inLanguage\":\"fr-CA\",\"@id\":\"https:\\\/\\\/911equipment.ca\\\/fr\\\/produit\\\/sum300ls-spectra\\\/#primaryimage\",\"url\":\"https:\\\/\\\/i0.wp.com\\\/911equipment.ca\\\/wp-content\\\/uploads\\\/2020\\\/05\\\/SUM300-600.jpg?fit=449%2C449&ssl=1\",\"contentUrl\":\"https:\\\/\\\/i0.wp.com\\\/911equipment.ca\\\/wp-content\\\/uploads\\\/2020\\\/05\\\/SUM300-600.jpg?fit=449%2C449&ssl=1\",\"width\":449,\"height\":449,\"caption\":\"Gants SUM300LS Kevlar\"},{\"@type\":\"BreadcrumbList\",\"@id\":\"https:\\\/\\\/911equipment.ca\\\/fr\\\/produit\\\/sum300ls-spectra\\\/#breadcrumb\",\"itemListElement\":[{\"@type\":\"ListItem\",\"position\":1,\"name\":\"Home\",\"item\":\"https:\\\/\\\/911equipment.ca\\\/fr\\\/\"},{\"@type\":\"ListItem\",\"position\":2,\"name\":\"Magasiner\",\"item\":\"https:\\\/\\\/911equipment.ca\\\/fr\\\/magasiner\\\/\"},{\"@type\":\"ListItem\",\"position\":3,\"name\":\"SUM300LS Spectra\"}]},{\"@type\":\"WebSite\",\"@id\":\"https:\\\/\\\/911equipment.ca\\\/fr\\\/#website\",\"url\":\"https:\\\/\\\/911equipment.ca\\\/fr\\\/\",\"name\":\"Canadian Police Supplies\",\"description\":\"Online retail of police, law enforcement and security supplies, gears and equipment.\",\"publisher\":{\"@id\":\"https:\\\/\\\/911equipment.ca\\\/fr\\\/#organization\"},\"potentialAction\":[{\"@type\":\"SearchAction\",\"target\":{\"@type\":\"EntryPoint\",\"urlTemplate\":\"https:\\\/\\\/911equipment.ca\\\/fr\\\/?s={search_term_string}\"},\"query-input\":{\"@type\":\"PropertyValueSpecification\",\"valueRequired\":true,\"valueName\":\"search_term_string\"}}],\"inLanguage\":\"fr-CA\"},{\"@type\":\"Organization\",\"@id\":\"https:\\\/\\\/911equipment.ca\\\/fr\\\/#organization\",\"name\":\"NatPat Lt\u00e9e\",\"url\":\"https:\\\/\\\/911equipment.ca\\\/fr\\\/\",\"logo\":{\"@type\":\"ImageObject\",\"inLanguage\":\"fr-CA\",\"@id\":\"https:\\\/\\\/911equipment.ca\\\/fr\\\/#\\\/schema\\\/logo\\\/image\\\/\",\"url\":\"https:\\\/\\\/i2.wp.com\\\/911equipment.ca\\\/wp-content\\\/uploads\\\/2020\\\/05\\\/NatPat-Logo-Oct-2010.jpg?fit=560%2C560&ssl=1\",\"contentUrl\":\"https:\\\/\\\/i2.wp.com\\\/911equipment.ca\\\/wp-content\\\/uploads\\\/2020\\\/05\\\/NatPat-Logo-Oct-2010.jpg?fit=560%2C560&ssl=1\",\"width\":560,\"height\":560,\"caption\":\"NatPat Lt\u00e9e\"},\"image\":{\"@id\":\"https:\\\/\\\/911equipment.ca\\\/fr\\\/#\\\/schema\\\/logo\\\/image\\\/\"}}]}<\/script>\n<!-- \/ Yoast SEO plugin. -->","yoast_head_json":{"title":"Gants SUM300LS avec Spectra","description":"Gants de recherche abordables et r\u00e9sistants aux coupures pour le personnel de police, d'agents de loi et de s\u00e9curit\u00e9. Les gants ont une doublure Spectra et un poignet court.","robots":{"index":"index","follow":"follow","max-snippet":"max-snippet:-1","max-image-preview":"max-image-preview:large","max-video-preview":"max-video-preview:-1"},"canonical":"https:\/\/911equipment.ca\/fr\/produit\/sum300ls-spectra\/","og_locale":"fr_CA","og_type":"article","og_title":"Gants SUM300LS avec Spectra","og_description":"Gants de recherche abordables et r\u00e9sistants aux coupures pour le personnel de police, d'agents de loi et de s\u00e9curit\u00e9. Les gants ont une doublure Spectra et un poignet court.","og_url":"https:\/\/911equipment.ca\/fr\/produit\/sum300ls-spectra\/","og_site_name":"NatPat Ltd - Canadian Police Supplies","article_modified_time":"2024-05-29T15:08:08+00:00","og_image":[{"width":449,"height":449,"url":"https:\/\/911equipment.ca\/wp-content\/uploads\/2020\/05\/SUM300-600.jpg","type":"image\/jpeg"}],"twitter_card":"summary_large_image","schema":{"@context":"https:\/\/schema.org","@graph":[{"@type":"WebPage","@id":"https:\/\/911equipment.ca\/fr\/produit\/sum300ls-spectra\/","url":"https:\/\/911equipment.ca\/fr\/produit\/sum300ls-spectra\/","name":"Gants SUM300LS avec Spectra","isPartOf":{"@id":"https:\/\/911equipment.ca\/fr\/#website"},"primaryImageOfPage":{"@id":"https:\/\/911equipment.ca\/fr\/produit\/sum300ls-spectra\/#primaryimage"},"image":{"@id":"https:\/\/911equipment.ca\/fr\/produit\/sum300ls-spectra\/#primaryimage"},"thumbnailUrl":"https:\/\/i0.wp.com\/911equipment.ca\/wp-content\/uploads\/2020\/05\/SUM300-600.jpg?fit=449%2C449&ssl=1","datePublished":"2020-05-22T06:44:03+00:00","dateModified":"2024-05-29T15:08:08+00:00","description":"Gants de recherche abordables et r\u00e9sistants aux coupures pour le personnel de police, d'agents de loi et de s\u00e9curit\u00e9. Les gants ont une doublure Spectra et un poignet court.","breadcrumb":{"@id":"https:\/\/911equipment.ca\/fr\/produit\/sum300ls-spectra\/#breadcrumb"},"inLanguage":"fr-CA","potentialAction":[{"@type":"ReadAction","target":["https:\/\/911equipment.ca\/fr\/produit\/sum300ls-spectra\/"]}]},{"@type":"ImageObject","inLanguage":"fr-CA","@id":"https:\/\/911equipment.ca\/fr\/produit\/sum300ls-spectra\/#primaryimage","url":"https:\/\/i0.wp.com\/911equipment.ca\/wp-content\/uploads\/2020\/05\/SUM300-600.jpg?fit=449%2C449&ssl=1","contentUrl":"https:\/\/i0.wp.com\/911equipment.ca\/wp-content\/uploads\/2020\/05\/SUM300-600.jpg?fit=449%2C449&ssl=1","width":449,"height":449,"caption":"Gants SUM300LS Kevlar"},{"@type":"BreadcrumbList","@id":"https:\/\/911equipment.ca\/fr\/produit\/sum300ls-spectra\/#breadcrumb","itemListElement":[{"@type":"ListItem","position":1,"name":"Home","item":"https:\/\/911equipment.ca\/fr\/"},{"@type":"ListItem","position":2,"name":"Magasiner","item":"https:\/\/911equipment.ca\/fr\/magasiner\/"},{"@type":"ListItem","position":3,"name":"SUM300LS Spectra"}]},{"@type":"WebSite","@id":"https:\/\/911equipment.ca\/fr\/#website","url":"https:\/\/911equipment.ca\/fr\/","name":"Canadian Police Supplies","description":"Online retail of police, law enforcement and security supplies, gears and equipment.","publisher":{"@id":"https:\/\/911equipment.ca\/fr\/#organization"},"potentialAction":[{"@type":"SearchAction","target":{"@type":"EntryPoint","urlTemplate":"https:\/\/911equipment.ca\/fr\/?s={search_term_string}"},"query-input":{"@type":"PropertyValueSpecification","valueRequired":true,"valueName":"search_term_string"}}],"inLanguage":"fr-CA"},{"@type":"Organization","@id":"https:\/\/911equipment.ca\/fr\/#organization","name":"NatPat Lt\u00e9e","url":"https:\/\/911equipment.ca\/fr\/","logo":{"@type":"ImageObject","inLanguage":"fr-CA","@id":"https:\/\/911equipment.ca\/fr\/#\/schema\/logo\/image\/","url":"https:\/\/i2.wp.com\/911equipment.ca\/wp-content\/uploads\/2020\/05\/NatPat-Logo-Oct-2010.jpg?fit=560%2C560&ssl=1","contentUrl":"https:\/\/i2.wp.com\/911equipment.ca\/wp-content\/uploads\/2020\/05\/NatPat-Logo-Oct-2010.jpg?fit=560%2C560&ssl=1","width":560,"height":560,"caption":"NatPat Lt\u00e9e"},"image":{"@id":"https:\/\/911equipment.ca\/fr\/#\/schema\/logo\/image\/"}}]}},"jetpack_sharing_enabled":true,"brands":[{"id":343,"name":"Summit Gloves","slug":"summit-gloves-fr"}],"_links":{"self":[{"href":"https:\/\/911equipment.ca\/fr\/wp-json\/wp\/v2\/product\/2494","targetHints":{"allow":["GET"]}}],"collection":[{"href":"https:\/\/911equipment.ca\/fr\/wp-json\/wp\/v2\/product"}],"about":[{"href":"https:\/\/911equipment.ca\/fr\/wp-json\/wp\/v2\/types\/product"}],"replies":[{"embeddable":true,"href":"https:\/\/911equipment.ca\/fr\/wp-json\/wp\/v2\/comments?post=2494"}],"wp:featuredmedia":[{"embeddable":true,"href":"https:\/\/911equipment.ca\/fr\/wp-json\/wp\/v2\/media\/2495"}],"wp:attachment":[{"href":"https:\/\/911equipment.ca\/fr\/wp-json\/wp\/v2\/media?parent=2494"}],"wp:term":[{"taxonomy":"pwb-brand","embeddable":true,"href":"https:\/\/911equipment.ca\/fr\/wp-json\/wp\/v2\/pwb-brand?post=2494"},{"taxonomy":"product_brand","embeddable":true,"href":"https:\/\/911equipment.ca\/fr\/wp-json\/wp\/v2\/product_brand?post=2494"},{"taxonomy":"product_cat","embeddable":true,"href":"https:\/\/911equipment.ca\/fr\/wp-json\/wp\/v2\/product_cat?post=2494"},{"taxonomy":"product_tag","embeddable":true,"href":"https:\/\/911equipment.ca\/fr\/wp-json\/wp\/v2\/product_tag?post=2494"}],"curies":[{"name":"wp","href":"https:\/\/api.w.org\/{rel}","templated":true}]}}