{"id":2484,"date":"2020-05-22T02:48:52","date_gmt":"2020-05-22T06:48:52","guid":{"rendered":"https:\/\/911equipment.ca\/product\/sum2000ls-spectra\/"},"modified":"2024-05-29T11:08:26","modified_gmt":"2024-05-29T15:08:26","slug":"sum2000ls-spectra","status":"publish","type":"product","link":"https:\/\/911equipment.ca\/fr\/produit\/sum2000ls-spectra\/","title":{"rendered":"SUM2000LS Spectra"},"content":{"rendered":"<ul>\n<li>Cuir de vache de qualit\u00e9 sup\u00e9rieure<\/li>\n<li>Doublure int\u00e9rieure de 100% Spectra\u00ae<\/li>\n<li>Le gant va jusqu&rsquo;au poignet qui est \u00e9lastique<\/li>\n<li>Bonne protection pour l&rsquo;usage journalier sur la rue<\/li>\n<\/ul>\n","protected":false},"excerpt":{"rendered":"<p>Le gant SUM2000LS est de la m\u00eame qualit\u00e9 de cuir et de la m\u00eame protection de r\u00e9sistance aux coupures Spectra que les autres gants r\u00e9sistants aux coupures, mais \u00e0 un prix plus abordable.<\/p>\n<p><strong>Grandeurs disponibles<br \/>\n<\/strong>3XS &#8211; 2XL<\/p>\n","protected":false},"featured_media":2485,"comment_status":"open","ping_status":"closed","template":"","meta":[],"pwb-brand":[343],"product_brand":[],"product_cat":[195],"product_tag":[326,327,328,329],"class_list":{"0":"post-2484","1":"product","2":"type-product","3":"status-publish","4":"has-post-thumbnail","6":"pwb-brand-summit-gloves-fr","7":"product_cat-gants-summit","8":"product_tag-gants","9":"product_tag-gants-anti-coupures","10":"product_tag-gants-de-police","11":"product_tag-gants-spectra","13":"first","14":"instock","15":"sale","16":"taxable","17":"shipping-taxable","18":"purchasable","19":"product-type-variable"},"yoast_head":"<!-- This site is optimized with the Yoast SEO plugin v27.5 - https:\/\/yoast.com\/product\/yoast-seo-wordpress\/ -->\n<title>SUM2000LS Spectra Leather Gloves<\/title>\n<meta name=\"description\" content=\"Gants de qualit\u00e9 sup\u00e9rieure r\u00e9sistants aux coupures avec doublure Spectra niveau de coupe 5 et niveau de r\u00e9sistance aux aiguilles 2. Id\u00e9al pour les gants de police.\" \/>\n<meta name=\"robots\" content=\"index, follow, max-snippet:-1, max-image-preview:large, max-video-preview:-1\" \/>\n<link rel=\"canonical\" href=\"https:\/\/911equipment.ca\/fr\/produit\/sum2000ls-spectra\/\" \/>\n<meta property=\"og:locale\" content=\"fr_CA\" \/>\n<meta property=\"og:type\" content=\"article\" \/>\n<meta property=\"og:title\" content=\"SUM2000LS Spectra Leather Gloves\" \/>\n<meta property=\"og:description\" content=\"Gants de qualit\u00e9 sup\u00e9rieure r\u00e9sistants aux coupures avec doublure Spectra niveau de coupe 5 et niveau de r\u00e9sistance aux aiguilles 2. Id\u00e9al pour les gants de police.\" \/>\n<meta property=\"og:url\" content=\"https:\/\/911equipment.ca\/fr\/produit\/sum2000ls-spectra\/\" \/>\n<meta property=\"og:site_name\" content=\"NatPat Ltd - Canadian Police Supplies\" \/>\n<meta property=\"article:modified_time\" content=\"2024-05-29T15:08:26+00:00\" \/>\n<meta property=\"og:image\" content=\"https:\/\/911equipment.ca\/wp-content\/uploads\/2020\/05\/SUM2000LS-Glove-rotated.jpg\" \/>\n\t<meta property=\"og:image:width\" content=\"250\" \/>\n\t<meta property=\"og:image:height\" content=\"250\" \/>\n\t<meta property=\"og:image:type\" content=\"image\/jpeg\" \/>\n<meta name=\"twitter:card\" content=\"summary_large_image\" \/>\n<script type=\"application\/ld+json\" class=\"yoast-schema-graph\">{\"@context\":\"https:\\\/\\\/schema.org\",\"@graph\":[{\"@type\":\"WebPage\",\"@id\":\"https:\\\/\\\/911equipment.ca\\\/fr\\\/produit\\\/sum2000ls-spectra\\\/\",\"url\":\"https:\\\/\\\/911equipment.ca\\\/fr\\\/produit\\\/sum2000ls-spectra\\\/\",\"name\":\"SUM2000LS Spectra Leather Gloves\",\"isPartOf\":{\"@id\":\"https:\\\/\\\/911equipment.ca\\\/fr\\\/#website\"},\"primaryImageOfPage\":{\"@id\":\"https:\\\/\\\/911equipment.ca\\\/fr\\\/produit\\\/sum2000ls-spectra\\\/#primaryimage\"},\"image\":{\"@id\":\"https:\\\/\\\/911equipment.ca\\\/fr\\\/produit\\\/sum2000ls-spectra\\\/#primaryimage\"},\"thumbnailUrl\":\"https:\\\/\\\/i0.wp.com\\\/911equipment.ca\\\/wp-content\\\/uploads\\\/2020\\\/05\\\/SUM2000LS-Glove-rotated.jpg?fit=250%2C250&ssl=1\",\"datePublished\":\"2020-05-22T06:48:52+00:00\",\"dateModified\":\"2024-05-29T15:08:26+00:00\",\"description\":\"Gants de qualit\u00e9 sup\u00e9rieure r\u00e9sistants aux coupures avec doublure Spectra niveau de coupe 5 et niveau de r\u00e9sistance aux aiguilles 2. Id\u00e9al pour les gants de police.\",\"breadcrumb\":{\"@id\":\"https:\\\/\\\/911equipment.ca\\\/fr\\\/produit\\\/sum2000ls-spectra\\\/#breadcrumb\"},\"inLanguage\":\"fr-CA\",\"potentialAction\":[{\"@type\":\"ReadAction\",\"target\":[\"https:\\\/\\\/911equipment.ca\\\/fr\\\/produit\\\/sum2000ls-spectra\\\/\"]}]},{\"@type\":\"ImageObject\",\"inLanguage\":\"fr-CA\",\"@id\":\"https:\\\/\\\/911equipment.ca\\\/fr\\\/produit\\\/sum2000ls-spectra\\\/#primaryimage\",\"url\":\"https:\\\/\\\/i0.wp.com\\\/911equipment.ca\\\/wp-content\\\/uploads\\\/2020\\\/05\\\/SUM2000LS-Glove-rotated.jpg?fit=250%2C250&ssl=1\",\"contentUrl\":\"https:\\\/\\\/i0.wp.com\\\/911equipment.ca\\\/wp-content\\\/uploads\\\/2020\\\/05\\\/SUM2000LS-Glove-rotated.jpg?fit=250%2C250&ssl=1\",\"width\":250,\"height\":250,\"caption\":\"Gants SUM2000LS avec Spectra\"},{\"@type\":\"BreadcrumbList\",\"@id\":\"https:\\\/\\\/911equipment.ca\\\/fr\\\/produit\\\/sum2000ls-spectra\\\/#breadcrumb\",\"itemListElement\":[{\"@type\":\"ListItem\",\"position\":1,\"name\":\"Home\",\"item\":\"https:\\\/\\\/911equipment.ca\\\/fr\\\/\"},{\"@type\":\"ListItem\",\"position\":2,\"name\":\"Magasiner\",\"item\":\"https:\\\/\\\/911equipment.ca\\\/fr\\\/magasiner\\\/\"},{\"@type\":\"ListItem\",\"position\":3,\"name\":\"SUM2000LS Spectra\"}]},{\"@type\":\"WebSite\",\"@id\":\"https:\\\/\\\/911equipment.ca\\\/fr\\\/#website\",\"url\":\"https:\\\/\\\/911equipment.ca\\\/fr\\\/\",\"name\":\"Canadian Police Supplies\",\"description\":\"Online retail of police, law enforcement and security supplies, gears and equipment.\",\"publisher\":{\"@id\":\"https:\\\/\\\/911equipment.ca\\\/fr\\\/#organization\"},\"potentialAction\":[{\"@type\":\"SearchAction\",\"target\":{\"@type\":\"EntryPoint\",\"urlTemplate\":\"https:\\\/\\\/911equipment.ca\\\/fr\\\/?s={search_term_string}\"},\"query-input\":{\"@type\":\"PropertyValueSpecification\",\"valueRequired\":true,\"valueName\":\"search_term_string\"}}],\"inLanguage\":\"fr-CA\"},{\"@type\":\"Organization\",\"@id\":\"https:\\\/\\\/911equipment.ca\\\/fr\\\/#organization\",\"name\":\"NatPat Lt\u00e9e\",\"url\":\"https:\\\/\\\/911equipment.ca\\\/fr\\\/\",\"logo\":{\"@type\":\"ImageObject\",\"inLanguage\":\"fr-CA\",\"@id\":\"https:\\\/\\\/911equipment.ca\\\/fr\\\/#\\\/schema\\\/logo\\\/image\\\/\",\"url\":\"https:\\\/\\\/i2.wp.com\\\/911equipment.ca\\\/wp-content\\\/uploads\\\/2020\\\/05\\\/NatPat-Logo-Oct-2010.jpg?fit=560%2C560&ssl=1\",\"contentUrl\":\"https:\\\/\\\/i2.wp.com\\\/911equipment.ca\\\/wp-content\\\/uploads\\\/2020\\\/05\\\/NatPat-Logo-Oct-2010.jpg?fit=560%2C560&ssl=1\",\"width\":560,\"height\":560,\"caption\":\"NatPat Lt\u00e9e\"},\"image\":{\"@id\":\"https:\\\/\\\/911equipment.ca\\\/fr\\\/#\\\/schema\\\/logo\\\/image\\\/\"}}]}<\/script>\n<!-- \/ Yoast SEO plugin. -->","yoast_head_json":{"title":"SUM2000LS Spectra Leather Gloves","description":"Gants de qualit\u00e9 sup\u00e9rieure r\u00e9sistants aux coupures avec doublure Spectra niveau de coupe 5 et niveau de r\u00e9sistance aux aiguilles 2. Id\u00e9al pour les gants de police.","robots":{"index":"index","follow":"follow","max-snippet":"max-snippet:-1","max-image-preview":"max-image-preview:large","max-video-preview":"max-video-preview:-1"},"canonical":"https:\/\/911equipment.ca\/fr\/produit\/sum2000ls-spectra\/","og_locale":"fr_CA","og_type":"article","og_title":"SUM2000LS Spectra Leather Gloves","og_description":"Gants de qualit\u00e9 sup\u00e9rieure r\u00e9sistants aux coupures avec doublure Spectra niveau de coupe 5 et niveau de r\u00e9sistance aux aiguilles 2. Id\u00e9al pour les gants de police.","og_url":"https:\/\/911equipment.ca\/fr\/produit\/sum2000ls-spectra\/","og_site_name":"NatPat Ltd - Canadian Police Supplies","article_modified_time":"2024-05-29T15:08:26+00:00","og_image":[{"width":250,"height":250,"url":"https:\/\/911equipment.ca\/wp-content\/uploads\/2020\/05\/SUM2000LS-Glove-rotated.jpg","type":"image\/jpeg"}],"twitter_card":"summary_large_image","schema":{"@context":"https:\/\/schema.org","@graph":[{"@type":"WebPage","@id":"https:\/\/911equipment.ca\/fr\/produit\/sum2000ls-spectra\/","url":"https:\/\/911equipment.ca\/fr\/produit\/sum2000ls-spectra\/","name":"SUM2000LS Spectra Leather Gloves","isPartOf":{"@id":"https:\/\/911equipment.ca\/fr\/#website"},"primaryImageOfPage":{"@id":"https:\/\/911equipment.ca\/fr\/produit\/sum2000ls-spectra\/#primaryimage"},"image":{"@id":"https:\/\/911equipment.ca\/fr\/produit\/sum2000ls-spectra\/#primaryimage"},"thumbnailUrl":"https:\/\/i0.wp.com\/911equipment.ca\/wp-content\/uploads\/2020\/05\/SUM2000LS-Glove-rotated.jpg?fit=250%2C250&ssl=1","datePublished":"2020-05-22T06:48:52+00:00","dateModified":"2024-05-29T15:08:26+00:00","description":"Gants de qualit\u00e9 sup\u00e9rieure r\u00e9sistants aux coupures avec doublure Spectra niveau de coupe 5 et niveau de r\u00e9sistance aux aiguilles 2. Id\u00e9al pour les gants de police.","breadcrumb":{"@id":"https:\/\/911equipment.ca\/fr\/produit\/sum2000ls-spectra\/#breadcrumb"},"inLanguage":"fr-CA","potentialAction":[{"@type":"ReadAction","target":["https:\/\/911equipment.ca\/fr\/produit\/sum2000ls-spectra\/"]}]},{"@type":"ImageObject","inLanguage":"fr-CA","@id":"https:\/\/911equipment.ca\/fr\/produit\/sum2000ls-spectra\/#primaryimage","url":"https:\/\/i0.wp.com\/911equipment.ca\/wp-content\/uploads\/2020\/05\/SUM2000LS-Glove-rotated.jpg?fit=250%2C250&ssl=1","contentUrl":"https:\/\/i0.wp.com\/911equipment.ca\/wp-content\/uploads\/2020\/05\/SUM2000LS-Glove-rotated.jpg?fit=250%2C250&ssl=1","width":250,"height":250,"caption":"Gants SUM2000LS avec Spectra"},{"@type":"BreadcrumbList","@id":"https:\/\/911equipment.ca\/fr\/produit\/sum2000ls-spectra\/#breadcrumb","itemListElement":[{"@type":"ListItem","position":1,"name":"Home","item":"https:\/\/911equipment.ca\/fr\/"},{"@type":"ListItem","position":2,"name":"Magasiner","item":"https:\/\/911equipment.ca\/fr\/magasiner\/"},{"@type":"ListItem","position":3,"name":"SUM2000LS Spectra"}]},{"@type":"WebSite","@id":"https:\/\/911equipment.ca\/fr\/#website","url":"https:\/\/911equipment.ca\/fr\/","name":"Canadian Police Supplies","description":"Online retail of police, law enforcement and security supplies, gears and equipment.","publisher":{"@id":"https:\/\/911equipment.ca\/fr\/#organization"},"potentialAction":[{"@type":"SearchAction","target":{"@type":"EntryPoint","urlTemplate":"https:\/\/911equipment.ca\/fr\/?s={search_term_string}"},"query-input":{"@type":"PropertyValueSpecification","valueRequired":true,"valueName":"search_term_string"}}],"inLanguage":"fr-CA"},{"@type":"Organization","@id":"https:\/\/911equipment.ca\/fr\/#organization","name":"NatPat Lt\u00e9e","url":"https:\/\/911equipment.ca\/fr\/","logo":{"@type":"ImageObject","inLanguage":"fr-CA","@id":"https:\/\/911equipment.ca\/fr\/#\/schema\/logo\/image\/","url":"https:\/\/i2.wp.com\/911equipment.ca\/wp-content\/uploads\/2020\/05\/NatPat-Logo-Oct-2010.jpg?fit=560%2C560&ssl=1","contentUrl":"https:\/\/i2.wp.com\/911equipment.ca\/wp-content\/uploads\/2020\/05\/NatPat-Logo-Oct-2010.jpg?fit=560%2C560&ssl=1","width":560,"height":560,"caption":"NatPat Lt\u00e9e"},"image":{"@id":"https:\/\/911equipment.ca\/fr\/#\/schema\/logo\/image\/"}}]}},"jetpack_sharing_enabled":true,"brands":[{"id":343,"name":"Summit Gloves","slug":"summit-gloves-fr"}],"_links":{"self":[{"href":"https:\/\/911equipment.ca\/fr\/wp-json\/wp\/v2\/product\/2484","targetHints":{"allow":["GET"]}}],"collection":[{"href":"https:\/\/911equipment.ca\/fr\/wp-json\/wp\/v2\/product"}],"about":[{"href":"https:\/\/911equipment.ca\/fr\/wp-json\/wp\/v2\/types\/product"}],"replies":[{"embeddable":true,"href":"https:\/\/911equipment.ca\/fr\/wp-json\/wp\/v2\/comments?post=2484"}],"wp:featuredmedia":[{"embeddable":true,"href":"https:\/\/911equipment.ca\/fr\/wp-json\/wp\/v2\/media\/2485"}],"wp:attachment":[{"href":"https:\/\/911equipment.ca\/fr\/wp-json\/wp\/v2\/media?parent=2484"}],"wp:term":[{"taxonomy":"pwb-brand","embeddable":true,"href":"https:\/\/911equipment.ca\/fr\/wp-json\/wp\/v2\/pwb-brand?post=2484"},{"taxonomy":"product_brand","embeddable":true,"href":"https:\/\/911equipment.ca\/fr\/wp-json\/wp\/v2\/product_brand?post=2484"},{"taxonomy":"product_cat","embeddable":true,"href":"https:\/\/911equipment.ca\/fr\/wp-json\/wp\/v2\/product_cat?post=2484"},{"taxonomy":"product_tag","embeddable":true,"href":"https:\/\/911equipment.ca\/fr\/wp-json\/wp\/v2\/product_tag?post=2484"}],"curies":[{"name":"wp","href":"https:\/\/api.w.org\/{rel}","templated":true}]}}