{"id":2463,"date":"2020-05-22T21:08:03","date_gmt":"2020-05-23T01:08:03","guid":{"rendered":"https:\/\/911equipment.ca\/product\/fenix-ld02-penlight-uv-light\/"},"modified":"2020-06-21T13:44:09","modified_gmt":"2020-06-21T17:44:09","slug":"fenix-ld02-penlight-uv-light","status":"publish","type":"product","link":"https:\/\/911equipment.ca\/fr\/produit\/fenix-ld02-penlight-uv-light\/","title":{"rendered":"F\u00e9nix LD02 Penlight-UV Light"},"content":{"rendered":"<p>Elle est \u00e9quip\u00e9e d&rsquo;un blanc chaud 90 CRI Cree XQ-E HI et d&rsquo;un rayonnement UV 365 nm. Un interrupteur de queue contr\u00f4le trois niveaux de luminosit\u00e9 et la lumi\u00e8re UV. Aliment\u00e9e par une pile AAA, la lumi\u00e8re fournit une puissance maximale de 70 lumens. Interrupteur de queue en acier inoxydable pour activation et s\u00e9lection de luminosit\u00e9 \u00e0 une main, et une t\u00eate de lampe \u00e9galement en acier inoxydable. La lampe-stylo utilise la lumi\u00e8re UV 365nM pour inspecter les objets contenant des agents fluorescents ou pour rechercher des filigranes clairs anti-contrefa\u00e7on.<\/p>\n<p>Utilise une LED Cree XQ-E HI pour une lumi\u00e8re blanche chaude avec une dur\u00e9e de vie de 50000 heures et une lumi\u00e8re UV de 365 nm \/ 200 mW.<\/p>\n<p><strong>Niveaux de luminosit\u00e9:<\/strong><\/p>\n<p><em>Lumi\u00e8re blanche<\/em><br \/>\n1) Faible: 1 Lumen (75 heures)<br \/>\n2) M\u00e9dium: 25 Lumens (2 heures 40 minutes)<br \/>\n3) Haut: 70 Lumens (40 minutes)<br \/>\n<em>Lumi\u00e8re UV<\/em><br \/>\n1) 200mW (4 heures)<\/p>\n<p><strong>Caract\u00e9ristiques<\/strong><\/p>\n<ul>\n<li>Utilise 1 batterie AAA (incluse)<\/li>\n<li>Rendement r\u00e9gl\u00e9 digitalement pour maintenir une brillance constante<\/li>\n<li>Protection contre l&rsquo;inversion de polarit\u00e9 pour \u00e9viter une insertion incorrecte de la batterie<\/li>\n<li>Queue et t\u00eate en acier inoxydable<\/li>\n<li>Fait en aluminium \u00e0 haute r\u00e9sistance avec r\u00e9sistance \u00e0 l&rsquo;oxydation<\/li>\n<li>Finition de qualit\u00e9 sup\u00e9rieure type HAIII avec finit anti-abrasif dur<\/li>\n<\/ul>\n","protected":false},"excerpt":{"rendered":"<p>La F\u00e9nix LD02 v2.0 est une lampe de poche EDC super compacte dot\u00e9e de lumi\u00e8res blanche et UV.<\/p>\n","protected":false},"featured_media":2464,"comment_status":"open","ping_status":"closed","template":"","meta":[],"pwb-brand":[338],"product_brand":[],"product_cat":[383],"product_tag":[233,230,231],"class_list":{"0":"post-2463","1":"product","2":"type-product","3":"status-publish","4":"has-post-thumbnail","6":"pwb-brand-fenix-fr","7":"product_cat-lampes-de-poche-fenix","8":"product_tag-lampe-de-poche-fr","9":"product_tag-lampe-tactique","10":"product_tag-lampe-uv","12":"first","13":"instock","14":"sale","15":"featured","16":"taxable","17":"shipping-taxable","18":"purchasable","19":"product-type-simple"},"yoast_head":"<!-- This site is optimized with the Yoast SEO plugin v27.3 - https:\/\/yoast.com\/product\/yoast-seo-wordpress\/ -->\n<title>F\u00e9nix LD02 Penlight-UV Light - NatPat Ltd - Canadian Police Supplies<\/title>\n<meta name=\"robots\" content=\"index, follow, max-snippet:-1, max-image-preview:large, max-video-preview:-1\" \/>\n<link rel=\"canonical\" href=\"https:\/\/911equipment.ca\/fr\/produit\/fenix-ld02-penlight-uv-light\/\" \/>\n<meta property=\"og:locale\" content=\"fr_CA\" \/>\n<meta property=\"og:type\" content=\"article\" \/>\n<meta property=\"og:title\" content=\"F\u00e9nix LD02 Penlight-UV Light - NatPat Ltd - Canadian Police Supplies\" \/>\n<meta property=\"og:description\" content=\"La F\u00e9nix LD02 v2.0 est une lampe de poche EDC super compacte dot\u00e9e de lumi\u00e8res blanche et UV.\" \/>\n<meta property=\"og:url\" content=\"https:\/\/911equipment.ca\/fr\/produit\/fenix-ld02-penlight-uv-light\/\" \/>\n<meta property=\"og:site_name\" content=\"NatPat Ltd - Canadian Police Supplies\" \/>\n<meta property=\"article:modified_time\" content=\"2020-06-21T17:44:09+00:00\" \/>\n<meta property=\"og:image\" content=\"https:\/\/911equipment.ca\/wp-content\/uploads\/2020\/05\/LD02-Main-600.jpg\" \/>\n\t<meta property=\"og:image:width\" content=\"600\" \/>\n\t<meta property=\"og:image:height\" content=\"600\" \/>\n\t<meta property=\"og:image:type\" content=\"image\/jpeg\" \/>\n<meta name=\"twitter:card\" content=\"summary_large_image\" \/>\n<meta name=\"twitter:label1\" content=\"Estimation du temps de lecture\" \/>\n\t<meta name=\"twitter:data1\" content=\"1 minute\" \/>\n<script type=\"application\/ld+json\" class=\"yoast-schema-graph\">{\"@context\":\"https:\\\/\\\/schema.org\",\"@graph\":[{\"@type\":\"WebPage\",\"@id\":\"https:\\\/\\\/911equipment.ca\\\/fr\\\/produit\\\/fenix-ld02-penlight-uv-light\\\/\",\"url\":\"https:\\\/\\\/911equipment.ca\\\/fr\\\/produit\\\/fenix-ld02-penlight-uv-light\\\/\",\"name\":\"F\u00e9nix LD02 Penlight-UV Light - NatPat Ltd - Canadian Police Supplies\",\"isPartOf\":{\"@id\":\"https:\\\/\\\/911equipment.ca\\\/fr\\\/#website\"},\"primaryImageOfPage\":{\"@id\":\"https:\\\/\\\/911equipment.ca\\\/fr\\\/produit\\\/fenix-ld02-penlight-uv-light\\\/#primaryimage\"},\"image\":{\"@id\":\"https:\\\/\\\/911equipment.ca\\\/fr\\\/produit\\\/fenix-ld02-penlight-uv-light\\\/#primaryimage\"},\"thumbnailUrl\":\"https:\\\/\\\/i0.wp.com\\\/911equipment.ca\\\/wp-content\\\/uploads\\\/2020\\\/05\\\/LD02-Main-600.jpg?fit=600%2C600&ssl=1\",\"datePublished\":\"2020-05-23T01:08:03+00:00\",\"dateModified\":\"2020-06-21T17:44:09+00:00\",\"breadcrumb\":{\"@id\":\"https:\\\/\\\/911equipment.ca\\\/fr\\\/produit\\\/fenix-ld02-penlight-uv-light\\\/#breadcrumb\"},\"inLanguage\":\"fr-CA\",\"potentialAction\":[{\"@type\":\"ReadAction\",\"target\":[\"https:\\\/\\\/911equipment.ca\\\/fr\\\/produit\\\/fenix-ld02-penlight-uv-light\\\/\"]}]},{\"@type\":\"ImageObject\",\"inLanguage\":\"fr-CA\",\"@id\":\"https:\\\/\\\/911equipment.ca\\\/fr\\\/produit\\\/fenix-ld02-penlight-uv-light\\\/#primaryimage\",\"url\":\"https:\\\/\\\/i0.wp.com\\\/911equipment.ca\\\/wp-content\\\/uploads\\\/2020\\\/05\\\/LD02-Main-600.jpg?fit=600%2C600&ssl=1\",\"contentUrl\":\"https:\\\/\\\/i0.wp.com\\\/911equipment.ca\\\/wp-content\\\/uploads\\\/2020\\\/05\\\/LD02-Main-600.jpg?fit=600%2C600&ssl=1\",\"width\":600,\"height\":600,\"caption\":\"Lampe de poche F\u00e9nix LD02\"},{\"@type\":\"BreadcrumbList\",\"@id\":\"https:\\\/\\\/911equipment.ca\\\/fr\\\/produit\\\/fenix-ld02-penlight-uv-light\\\/#breadcrumb\",\"itemListElement\":[{\"@type\":\"ListItem\",\"position\":1,\"name\":\"Home\",\"item\":\"https:\\\/\\\/911equipment.ca\\\/fr\\\/\"},{\"@type\":\"ListItem\",\"position\":2,\"name\":\"Magasiner\",\"item\":\"https:\\\/\\\/911equipment.ca\\\/fr\\\/magasiner\\\/\"},{\"@type\":\"ListItem\",\"position\":3,\"name\":\"F\u00e9nix LD02 Penlight-UV Light\"}]},{\"@type\":\"WebSite\",\"@id\":\"https:\\\/\\\/911equipment.ca\\\/fr\\\/#website\",\"url\":\"https:\\\/\\\/911equipment.ca\\\/fr\\\/\",\"name\":\"Canadian Police Supplies\",\"description\":\"Online retail of police, law enforcement and security supplies, gears and equipment.\",\"publisher\":{\"@id\":\"https:\\\/\\\/911equipment.ca\\\/fr\\\/#organization\"},\"potentialAction\":[{\"@type\":\"SearchAction\",\"target\":{\"@type\":\"EntryPoint\",\"urlTemplate\":\"https:\\\/\\\/911equipment.ca\\\/fr\\\/?s={search_term_string}\"},\"query-input\":{\"@type\":\"PropertyValueSpecification\",\"valueRequired\":true,\"valueName\":\"search_term_string\"}}],\"inLanguage\":\"fr-CA\"},{\"@type\":\"Organization\",\"@id\":\"https:\\\/\\\/911equipment.ca\\\/fr\\\/#organization\",\"name\":\"NatPat Lt\u00e9e\",\"url\":\"https:\\\/\\\/911equipment.ca\\\/fr\\\/\",\"logo\":{\"@type\":\"ImageObject\",\"inLanguage\":\"fr-CA\",\"@id\":\"https:\\\/\\\/911equipment.ca\\\/fr\\\/#\\\/schema\\\/logo\\\/image\\\/\",\"url\":\"https:\\\/\\\/i2.wp.com\\\/911equipment.ca\\\/wp-content\\\/uploads\\\/2020\\\/05\\\/NatPat-Logo-Oct-2010.jpg?fit=560%2C560&ssl=1\",\"contentUrl\":\"https:\\\/\\\/i2.wp.com\\\/911equipment.ca\\\/wp-content\\\/uploads\\\/2020\\\/05\\\/NatPat-Logo-Oct-2010.jpg?fit=560%2C560&ssl=1\",\"width\":560,\"height\":560,\"caption\":\"NatPat Lt\u00e9e\"},\"image\":{\"@id\":\"https:\\\/\\\/911equipment.ca\\\/fr\\\/#\\\/schema\\\/logo\\\/image\\\/\"}}]}<\/script>\n<!-- \/ Yoast SEO plugin. -->","yoast_head_json":{"title":"F\u00e9nix LD02 Penlight-UV Light - NatPat Ltd - Canadian Police Supplies","robots":{"index":"index","follow":"follow","max-snippet":"max-snippet:-1","max-image-preview":"max-image-preview:large","max-video-preview":"max-video-preview:-1"},"canonical":"https:\/\/911equipment.ca\/fr\/produit\/fenix-ld02-penlight-uv-light\/","og_locale":"fr_CA","og_type":"article","og_title":"F\u00e9nix LD02 Penlight-UV Light - NatPat Ltd - Canadian Police Supplies","og_description":"La F\u00e9nix LD02 v2.0 est une lampe de poche EDC super compacte dot\u00e9e de lumi\u00e8res blanche et UV.","og_url":"https:\/\/911equipment.ca\/fr\/produit\/fenix-ld02-penlight-uv-light\/","og_site_name":"NatPat Ltd - Canadian Police Supplies","article_modified_time":"2020-06-21T17:44:09+00:00","og_image":[{"width":600,"height":600,"url":"https:\/\/911equipment.ca\/wp-content\/uploads\/2020\/05\/LD02-Main-600.jpg","type":"image\/jpeg"}],"twitter_card":"summary_large_image","twitter_misc":{"Estimation du temps de lecture":"1 minute"},"schema":{"@context":"https:\/\/schema.org","@graph":[{"@type":"WebPage","@id":"https:\/\/911equipment.ca\/fr\/produit\/fenix-ld02-penlight-uv-light\/","url":"https:\/\/911equipment.ca\/fr\/produit\/fenix-ld02-penlight-uv-light\/","name":"F\u00e9nix LD02 Penlight-UV Light - NatPat Ltd - Canadian Police Supplies","isPartOf":{"@id":"https:\/\/911equipment.ca\/fr\/#website"},"primaryImageOfPage":{"@id":"https:\/\/911equipment.ca\/fr\/produit\/fenix-ld02-penlight-uv-light\/#primaryimage"},"image":{"@id":"https:\/\/911equipment.ca\/fr\/produit\/fenix-ld02-penlight-uv-light\/#primaryimage"},"thumbnailUrl":"https:\/\/i0.wp.com\/911equipment.ca\/wp-content\/uploads\/2020\/05\/LD02-Main-600.jpg?fit=600%2C600&ssl=1","datePublished":"2020-05-23T01:08:03+00:00","dateModified":"2020-06-21T17:44:09+00:00","breadcrumb":{"@id":"https:\/\/911equipment.ca\/fr\/produit\/fenix-ld02-penlight-uv-light\/#breadcrumb"},"inLanguage":"fr-CA","potentialAction":[{"@type":"ReadAction","target":["https:\/\/911equipment.ca\/fr\/produit\/fenix-ld02-penlight-uv-light\/"]}]},{"@type":"ImageObject","inLanguage":"fr-CA","@id":"https:\/\/911equipment.ca\/fr\/produit\/fenix-ld02-penlight-uv-light\/#primaryimage","url":"https:\/\/i0.wp.com\/911equipment.ca\/wp-content\/uploads\/2020\/05\/LD02-Main-600.jpg?fit=600%2C600&ssl=1","contentUrl":"https:\/\/i0.wp.com\/911equipment.ca\/wp-content\/uploads\/2020\/05\/LD02-Main-600.jpg?fit=600%2C600&ssl=1","width":600,"height":600,"caption":"Lampe de poche F\u00e9nix LD02"},{"@type":"BreadcrumbList","@id":"https:\/\/911equipment.ca\/fr\/produit\/fenix-ld02-penlight-uv-light\/#breadcrumb","itemListElement":[{"@type":"ListItem","position":1,"name":"Home","item":"https:\/\/911equipment.ca\/fr\/"},{"@type":"ListItem","position":2,"name":"Magasiner","item":"https:\/\/911equipment.ca\/fr\/magasiner\/"},{"@type":"ListItem","position":3,"name":"F\u00e9nix LD02 Penlight-UV Light"}]},{"@type":"WebSite","@id":"https:\/\/911equipment.ca\/fr\/#website","url":"https:\/\/911equipment.ca\/fr\/","name":"Canadian Police Supplies","description":"Online retail of police, law enforcement and security supplies, gears and equipment.","publisher":{"@id":"https:\/\/911equipment.ca\/fr\/#organization"},"potentialAction":[{"@type":"SearchAction","target":{"@type":"EntryPoint","urlTemplate":"https:\/\/911equipment.ca\/fr\/?s={search_term_string}"},"query-input":{"@type":"PropertyValueSpecification","valueRequired":true,"valueName":"search_term_string"}}],"inLanguage":"fr-CA"},{"@type":"Organization","@id":"https:\/\/911equipment.ca\/fr\/#organization","name":"NatPat Lt\u00e9e","url":"https:\/\/911equipment.ca\/fr\/","logo":{"@type":"ImageObject","inLanguage":"fr-CA","@id":"https:\/\/911equipment.ca\/fr\/#\/schema\/logo\/image\/","url":"https:\/\/i2.wp.com\/911equipment.ca\/wp-content\/uploads\/2020\/05\/NatPat-Logo-Oct-2010.jpg?fit=560%2C560&ssl=1","contentUrl":"https:\/\/i2.wp.com\/911equipment.ca\/wp-content\/uploads\/2020\/05\/NatPat-Logo-Oct-2010.jpg?fit=560%2C560&ssl=1","width":560,"height":560,"caption":"NatPat Lt\u00e9e"},"image":{"@id":"https:\/\/911equipment.ca\/fr\/#\/schema\/logo\/image\/"}}]}},"jetpack_sharing_enabled":true,"brands":[{"id":338,"name":"Fenix","slug":"fenix-fr"}],"_links":{"self":[{"href":"https:\/\/911equipment.ca\/fr\/wp-json\/wp\/v2\/product\/2463","targetHints":{"allow":["GET"]}}],"collection":[{"href":"https:\/\/911equipment.ca\/fr\/wp-json\/wp\/v2\/product"}],"about":[{"href":"https:\/\/911equipment.ca\/fr\/wp-json\/wp\/v2\/types\/product"}],"replies":[{"embeddable":true,"href":"https:\/\/911equipment.ca\/fr\/wp-json\/wp\/v2\/comments?post=2463"}],"wp:featuredmedia":[{"embeddable":true,"href":"https:\/\/911equipment.ca\/fr\/wp-json\/wp\/v2\/media\/2464"}],"wp:attachment":[{"href":"https:\/\/911equipment.ca\/fr\/wp-json\/wp\/v2\/media?parent=2463"}],"wp:term":[{"taxonomy":"pwb-brand","embeddable":true,"href":"https:\/\/911equipment.ca\/fr\/wp-json\/wp\/v2\/pwb-brand?post=2463"},{"taxonomy":"product_brand","embeddable":true,"href":"https:\/\/911equipment.ca\/fr\/wp-json\/wp\/v2\/product_brand?post=2463"},{"taxonomy":"product_cat","embeddable":true,"href":"https:\/\/911equipment.ca\/fr\/wp-json\/wp\/v2\/product_cat?post=2463"},{"taxonomy":"product_tag","embeddable":true,"href":"https:\/\/911equipment.ca\/fr\/wp-json\/wp\/v2\/product_tag?post=2463"}],"curies":[{"name":"wp","href":"https:\/\/api.w.org\/{rel}","templated":true}]}}