{"id":2457,"date":"2020-05-22T20:37:52","date_gmt":"2020-05-23T00:37:52","guid":{"rendered":"https:\/\/911equipment.ca\/product\/fenix-tk20r\/"},"modified":"2025-01-28T23:38:19","modified_gmt":"2025-01-29T04:38:19","slug":"fenix-tk20r","status":"publish","type":"product","link":"https:\/\/911equipment.ca\/fr\/produit\/fenix-tk20r\/","title":{"rendered":"F\u00e9nix TK20R"},"content":{"rendered":"<p>La TK20R offre une distance de faisceau maximale de 310 m\u00e8tres en utilisant une LED CREE XPL HI V3 avec une puissance maximale de 1000 lumens. Elle est aliment\u00e9 par une batterie Li-ion rechargeable 18650. Les caract\u00e9ristiques incluent un corps \u00e0 double couche, un traitement d&rsquo;imperm\u00e9abilisation interne; et un interrupteur de queue tactique et un interrupteur lat\u00e9ral qui permettent d&rsquo;acc\u00e9der facilement \u00e0 quatre niveaux de luminosit\u00e9s et de stroboscope. Cette lampe de poche est compacte mais robuste et id\u00e9ale pour une application tactique.<\/p>\n<p>Utilise une LED Cree XP-L Hi V3 avec une dur\u00e9e de vie de 50000 heures.<\/p>\n<p>Quatre niveaux de luminosit\u00e9 + mode stroboscopique:<br \/>\n1) Faible: 10 lumens (135 heures)<br \/>\n2) Milieu: 150 lumens (10,5 heures)<br \/>\n3) \u00c9lev\u00e9: 350 lumens (4,0 heures)<br \/>\n4) Turbo: 1000 lumens (1,5 heure)<br \/>\nStroboscope: 1000 lumens<\/p>\n<p><strong>Caract\u00e9ristiques<\/strong><\/p>\n<ul>\n<li>Utilise 1 batterie rechargeable Li-ion 18650 (inclus), Rechargeable avec cable micro-USB<\/li>\n<li>Meilleur effet de dissipation de chaleur avec le refroidissement des ailettes<\/li>\n<li>Fait en aluminium de qualit\u00e9 pour avion<\/li>\n<li>Finition de qualit\u00e9 sup\u00e9rieure type III avec finit anti-abrasif dur<\/li>\n<li>Lentille en verre ultra-claire, dur et avec enduit anti-r\u00e9fl\u00e9chissant<\/li>\n<li>Protection contre la surchauffe pour \u00e9viter la temp\u00e9rature \u00e9lev\u00e9e sur la surface<br \/>\nInterrupteur de queue tactique pour une activation momentan\u00e9e et constante<\/li>\n<li>Commutateur lat\u00e9ral fonctionnel pour la s\u00e9lection<\/li>\n<li>Longeur de 151.5mm x diam\u00e8tre de 25mm x t\u00eate de 34mm<\/li>\n<li>Poids de 141 gram (sans la batterie)<\/li>\n<li>Rendement r\u00e9gl\u00e9 digitalement &#8211; maintient une brillance constante<\/li>\n<li>Fonction d&rsquo;avertissement de basse tension, pour indiquer le rechargement de la batterie<\/li>\n<li>Protection anti-renvers\u00e9e pour les batteries<\/li>\n<li>5 ans de r\u00e9parations gratuites &#8211; Garantie limit\u00e9e \u00e0 vie<\/li>\n<\/ul>\n<p><strong>Inclus dans la bo\u00eete<\/strong><\/p>\n<p>Lampe de poche TK20R, batterie rechargeable Fenix 3.6v \/ 2900mAh, c\u00e2ble de chargement USB, Holster,<br \/>\nrondelle \u00ab\u00a0O\u00a0\u00bb, manuel de l&rsquo;utilisateur, carte de garantie<\/p>\n","protected":false},"excerpt":{"rendered":"<p>La F\u00e9nix TK20R est une lampe de poche rechargeable (micro-USB) con\u00e7ue pour les applications tactiques.<\/p>\n","protected":false},"featured_media":2458,"comment_status":"open","ping_status":"closed","template":"","meta":[],"pwb-brand":[338],"product_brand":[],"product_cat":[383],"product_tag":[233,230],"class_list":{"0":"post-2457","1":"product","2":"type-product","3":"status-publish","4":"has-post-thumbnail","6":"pwb-brand-fenix-fr","7":"product_cat-lampes-de-poche-fenix","8":"product_tag-lampe-de-poche-fr","9":"product_tag-lampe-tactique","11":"first","12":"instock","13":"sale","14":"taxable","15":"shipping-taxable","16":"purchasable","17":"product-type-simple"},"yoast_head":"<!-- This site is optimized with the Yoast SEO plugin v27.4 - https:\/\/yoast.com\/product\/yoast-seo-wordpress\/ -->\n<title>F\u00e9nix TK20R - NatPat Ltd - Canadian Police Supplies<\/title>\n<meta name=\"robots\" content=\"index, follow, max-snippet:-1, max-image-preview:large, max-video-preview:-1\" \/>\n<link rel=\"canonical\" href=\"https:\/\/911equipment.ca\/fr\/produit\/fenix-tk20r\/\" \/>\n<meta property=\"og:locale\" content=\"fr_CA\" \/>\n<meta property=\"og:type\" content=\"article\" \/>\n<meta property=\"og:title\" content=\"F\u00e9nix TK20R - NatPat Ltd - Canadian Police Supplies\" \/>\n<meta property=\"og:description\" content=\"La F\u00e9nix TK20R est une lampe de poche rechargeable (micro-USB) con\u00e7ue pour les applications tactiques.\" \/>\n<meta property=\"og:url\" content=\"https:\/\/911equipment.ca\/fr\/produit\/fenix-tk20r\/\" \/>\n<meta property=\"og:site_name\" content=\"NatPat Ltd - Canadian Police Supplies\" \/>\n<meta property=\"article:modified_time\" content=\"2025-01-29T04:38:19+00:00\" \/>\n<meta name=\"twitter:card\" content=\"summary_large_image\" \/>\n<meta name=\"twitter:label1\" content=\"Estimation du temps de lecture\" \/>\n\t<meta name=\"twitter:data1\" content=\"1 minute\" \/>\n<script type=\"application\/ld+json\" class=\"yoast-schema-graph\">{\"@context\":\"https:\\\/\\\/schema.org\",\"@graph\":[{\"@type\":\"WebPage\",\"@id\":\"https:\\\/\\\/911equipment.ca\\\/fr\\\/produit\\\/fenix-tk20r\\\/\",\"url\":\"https:\\\/\\\/911equipment.ca\\\/fr\\\/produit\\\/fenix-tk20r\\\/\",\"name\":\"F\u00e9nix TK20R - NatPat Ltd - Canadian Police Supplies\",\"isPartOf\":{\"@id\":\"https:\\\/\\\/911equipment.ca\\\/fr\\\/#website\"},\"primaryImageOfPage\":{\"@id\":\"https:\\\/\\\/911equipment.ca\\\/fr\\\/produit\\\/fenix-tk20r\\\/#primaryimage\"},\"image\":{\"@id\":\"https:\\\/\\\/911equipment.ca\\\/fr\\\/produit\\\/fenix-tk20r\\\/#primaryimage\"},\"thumbnailUrl\":\"https:\\\/\\\/i0.wp.com\\\/911equipment.ca\\\/wp-content\\\/uploads\\\/2020\\\/05\\\/TK20R-Main-600.jpg?fit=600%2C600&ssl=1\",\"datePublished\":\"2020-05-23T00:37:52+00:00\",\"dateModified\":\"2025-01-29T04:38:19+00:00\",\"breadcrumb\":{\"@id\":\"https:\\\/\\\/911equipment.ca\\\/fr\\\/produit\\\/fenix-tk20r\\\/#breadcrumb\"},\"inLanguage\":\"fr-CA\",\"potentialAction\":[{\"@type\":\"ReadAction\",\"target\":[\"https:\\\/\\\/911equipment.ca\\\/fr\\\/produit\\\/fenix-tk20r\\\/\"]}]},{\"@type\":\"ImageObject\",\"inLanguage\":\"fr-CA\",\"@id\":\"https:\\\/\\\/911equipment.ca\\\/fr\\\/produit\\\/fenix-tk20r\\\/#primaryimage\",\"url\":\"https:\\\/\\\/i0.wp.com\\\/911equipment.ca\\\/wp-content\\\/uploads\\\/2020\\\/05\\\/TK20R-Main-600.jpg?fit=600%2C600&ssl=1\",\"contentUrl\":\"https:\\\/\\\/i0.wp.com\\\/911equipment.ca\\\/wp-content\\\/uploads\\\/2020\\\/05\\\/TK20R-Main-600.jpg?fit=600%2C600&ssl=1\",\"width\":600,\"height\":600,\"caption\":\"Lampe de poche F\u00e9nix TK20R\"},{\"@type\":\"BreadcrumbList\",\"@id\":\"https:\\\/\\\/911equipment.ca\\\/fr\\\/produit\\\/fenix-tk20r\\\/#breadcrumb\",\"itemListElement\":[{\"@type\":\"ListItem\",\"position\":1,\"name\":\"Home\",\"item\":\"https:\\\/\\\/911equipment.ca\\\/fr\\\/\"},{\"@type\":\"ListItem\",\"position\":2,\"name\":\"Magasiner\",\"item\":\"https:\\\/\\\/911equipment.ca\\\/fr\\\/magasiner\\\/\"},{\"@type\":\"ListItem\",\"position\":3,\"name\":\"F\u00e9nix TK20R\"}]},{\"@type\":\"WebSite\",\"@id\":\"https:\\\/\\\/911equipment.ca\\\/fr\\\/#website\",\"url\":\"https:\\\/\\\/911equipment.ca\\\/fr\\\/\",\"name\":\"Canadian Police Supplies\",\"description\":\"Online retail of police, law enforcement and security supplies, gears and equipment.\",\"publisher\":{\"@id\":\"https:\\\/\\\/911equipment.ca\\\/fr\\\/#organization\"},\"potentialAction\":[{\"@type\":\"SearchAction\",\"target\":{\"@type\":\"EntryPoint\",\"urlTemplate\":\"https:\\\/\\\/911equipment.ca\\\/fr\\\/?s={search_term_string}\"},\"query-input\":{\"@type\":\"PropertyValueSpecification\",\"valueRequired\":true,\"valueName\":\"search_term_string\"}}],\"inLanguage\":\"fr-CA\"},{\"@type\":\"Organization\",\"@id\":\"https:\\\/\\\/911equipment.ca\\\/fr\\\/#organization\",\"name\":\"NatPat Lt\u00e9e\",\"url\":\"https:\\\/\\\/911equipment.ca\\\/fr\\\/\",\"logo\":{\"@type\":\"ImageObject\",\"inLanguage\":\"fr-CA\",\"@id\":\"https:\\\/\\\/911equipment.ca\\\/fr\\\/#\\\/schema\\\/logo\\\/image\\\/\",\"url\":\"https:\\\/\\\/i2.wp.com\\\/911equipment.ca\\\/wp-content\\\/uploads\\\/2020\\\/05\\\/NatPat-Logo-Oct-2010.jpg?fit=560%2C560&ssl=1\",\"contentUrl\":\"https:\\\/\\\/i2.wp.com\\\/911equipment.ca\\\/wp-content\\\/uploads\\\/2020\\\/05\\\/NatPat-Logo-Oct-2010.jpg?fit=560%2C560&ssl=1\",\"width\":560,\"height\":560,\"caption\":\"NatPat Lt\u00e9e\"},\"image\":{\"@id\":\"https:\\\/\\\/911equipment.ca\\\/fr\\\/#\\\/schema\\\/logo\\\/image\\\/\"}}]}<\/script>\n<!-- \/ Yoast SEO plugin. -->","yoast_head_json":{"title":"F\u00e9nix TK20R - NatPat Ltd - Canadian Police Supplies","robots":{"index":"index","follow":"follow","max-snippet":"max-snippet:-1","max-image-preview":"max-image-preview:large","max-video-preview":"max-video-preview:-1"},"canonical":"https:\/\/911equipment.ca\/fr\/produit\/fenix-tk20r\/","og_locale":"fr_CA","og_type":"article","og_title":"F\u00e9nix TK20R - NatPat Ltd - Canadian Police Supplies","og_description":"La F\u00e9nix TK20R est une lampe de poche rechargeable (micro-USB) con\u00e7ue pour les applications tactiques.","og_url":"https:\/\/911equipment.ca\/fr\/produit\/fenix-tk20r\/","og_site_name":"NatPat Ltd - Canadian Police Supplies","article_modified_time":"2025-01-29T04:38:19+00:00","twitter_card":"summary_large_image","twitter_misc":{"Estimation du temps de lecture":"1 minute"},"schema":{"@context":"https:\/\/schema.org","@graph":[{"@type":"WebPage","@id":"https:\/\/911equipment.ca\/fr\/produit\/fenix-tk20r\/","url":"https:\/\/911equipment.ca\/fr\/produit\/fenix-tk20r\/","name":"F\u00e9nix TK20R - NatPat Ltd - Canadian Police Supplies","isPartOf":{"@id":"https:\/\/911equipment.ca\/fr\/#website"},"primaryImageOfPage":{"@id":"https:\/\/911equipment.ca\/fr\/produit\/fenix-tk20r\/#primaryimage"},"image":{"@id":"https:\/\/911equipment.ca\/fr\/produit\/fenix-tk20r\/#primaryimage"},"thumbnailUrl":"https:\/\/i0.wp.com\/911equipment.ca\/wp-content\/uploads\/2020\/05\/TK20R-Main-600.jpg?fit=600%2C600&ssl=1","datePublished":"2020-05-23T00:37:52+00:00","dateModified":"2025-01-29T04:38:19+00:00","breadcrumb":{"@id":"https:\/\/911equipment.ca\/fr\/produit\/fenix-tk20r\/#breadcrumb"},"inLanguage":"fr-CA","potentialAction":[{"@type":"ReadAction","target":["https:\/\/911equipment.ca\/fr\/produit\/fenix-tk20r\/"]}]},{"@type":"ImageObject","inLanguage":"fr-CA","@id":"https:\/\/911equipment.ca\/fr\/produit\/fenix-tk20r\/#primaryimage","url":"https:\/\/i0.wp.com\/911equipment.ca\/wp-content\/uploads\/2020\/05\/TK20R-Main-600.jpg?fit=600%2C600&ssl=1","contentUrl":"https:\/\/i0.wp.com\/911equipment.ca\/wp-content\/uploads\/2020\/05\/TK20R-Main-600.jpg?fit=600%2C600&ssl=1","width":600,"height":600,"caption":"Lampe de poche F\u00e9nix TK20R"},{"@type":"BreadcrumbList","@id":"https:\/\/911equipment.ca\/fr\/produit\/fenix-tk20r\/#breadcrumb","itemListElement":[{"@type":"ListItem","position":1,"name":"Home","item":"https:\/\/911equipment.ca\/fr\/"},{"@type":"ListItem","position":2,"name":"Magasiner","item":"https:\/\/911equipment.ca\/fr\/magasiner\/"},{"@type":"ListItem","position":3,"name":"F\u00e9nix TK20R"}]},{"@type":"WebSite","@id":"https:\/\/911equipment.ca\/fr\/#website","url":"https:\/\/911equipment.ca\/fr\/","name":"Canadian Police Supplies","description":"Online retail of police, law enforcement and security supplies, gears and equipment.","publisher":{"@id":"https:\/\/911equipment.ca\/fr\/#organization"},"potentialAction":[{"@type":"SearchAction","target":{"@type":"EntryPoint","urlTemplate":"https:\/\/911equipment.ca\/fr\/?s={search_term_string}"},"query-input":{"@type":"PropertyValueSpecification","valueRequired":true,"valueName":"search_term_string"}}],"inLanguage":"fr-CA"},{"@type":"Organization","@id":"https:\/\/911equipment.ca\/fr\/#organization","name":"NatPat Lt\u00e9e","url":"https:\/\/911equipment.ca\/fr\/","logo":{"@type":"ImageObject","inLanguage":"fr-CA","@id":"https:\/\/911equipment.ca\/fr\/#\/schema\/logo\/image\/","url":"https:\/\/i2.wp.com\/911equipment.ca\/wp-content\/uploads\/2020\/05\/NatPat-Logo-Oct-2010.jpg?fit=560%2C560&ssl=1","contentUrl":"https:\/\/i2.wp.com\/911equipment.ca\/wp-content\/uploads\/2020\/05\/NatPat-Logo-Oct-2010.jpg?fit=560%2C560&ssl=1","width":560,"height":560,"caption":"NatPat Lt\u00e9e"},"image":{"@id":"https:\/\/911equipment.ca\/fr\/#\/schema\/logo\/image\/"}}]}},"jetpack_sharing_enabled":true,"brands":[{"id":338,"name":"Fenix","slug":"fenix-fr"}],"_links":{"self":[{"href":"https:\/\/911equipment.ca\/fr\/wp-json\/wp\/v2\/product\/2457","targetHints":{"allow":["GET"]}}],"collection":[{"href":"https:\/\/911equipment.ca\/fr\/wp-json\/wp\/v2\/product"}],"about":[{"href":"https:\/\/911equipment.ca\/fr\/wp-json\/wp\/v2\/types\/product"}],"replies":[{"embeddable":true,"href":"https:\/\/911equipment.ca\/fr\/wp-json\/wp\/v2\/comments?post=2457"}],"wp:featuredmedia":[{"embeddable":true,"href":"https:\/\/911equipment.ca\/fr\/wp-json\/wp\/v2\/media\/2458"}],"wp:attachment":[{"href":"https:\/\/911equipment.ca\/fr\/wp-json\/wp\/v2\/media?parent=2457"}],"wp:term":[{"taxonomy":"pwb-brand","embeddable":true,"href":"https:\/\/911equipment.ca\/fr\/wp-json\/wp\/v2\/pwb-brand?post=2457"},{"taxonomy":"product_brand","embeddable":true,"href":"https:\/\/911equipment.ca\/fr\/wp-json\/wp\/v2\/product_brand?post=2457"},{"taxonomy":"product_cat","embeddable":true,"href":"https:\/\/911equipment.ca\/fr\/wp-json\/wp\/v2\/product_cat?post=2457"},{"taxonomy":"product_tag","embeddable":true,"href":"https:\/\/911equipment.ca\/fr\/wp-json\/wp\/v2\/product_tag?post=2457"}],"curies":[{"name":"wp","href":"https:\/\/api.w.org\/{rel}","templated":true}]}}