{"id":2451,"date":"2020-05-22T16:52:47","date_gmt":"2020-05-22T20:52:47","guid":{"rendered":"https:\/\/911equipment.ca\/product\/fenix-tk15ue\/"},"modified":"2024-05-29T10:44:14","modified_gmt":"2024-05-29T14:44:14","slug":"fenix-tk15ue","status":"publish","type":"product","link":"https:\/\/911equipment.ca\/fr\/produit\/fenix-tk15ue\/","title":{"rendered":"F\u00e9nix TK15UE"},"content":{"rendered":"<p style=\"font-weight: 400;\">Utilise une LED Cree XP-L HI V3 avec une dur\u00e9e de vie de 50000 heures<\/p>\n<p style=\"font-weight: 400;\">Cinq modes de sortie: 1) Turbo: 1000 lumens (2 heures) 2) \u00c9lev\u00e9: 350 lumens (4 heures 20 minutes) 3) Milieu: 150 lumens (11 heures 30 minutes) 4) Faible: 10 lumens (135 heures) 5) Stroboscope: 1000 lumens<\/p>\n<ul>\n<li style=\"font-weight: 400;\">Utilise 1 batterie rechargeable Li-ion 18650 ou 2 batteries CR123A 3v au lithium (pas incluses)<\/li>\n<li style=\"font-weight: 400;\">142.5 mm (longeur) x 25.4 mm (diam\u00e8tre) x 34 mm (t\u00eate)<\/li>\n<li style=\"font-weight: 400;\">Poids de 141 gram (sans les batteries)<\/li>\n<li style=\"font-weight: 400;\">Rendement r\u00e9gl\u00e9 digitalement &#8211; maintient une brillance constante<\/li>\n<li style=\"font-weight: 400;\">Fonction renvers\u00e9e de protection de polarit\u00e9 de batterie<\/li>\n<li style=\"font-weight: 400;\">Commutateur tactique au bout avec fonction momentan\u00e9e<\/li>\n<li style=\"font-weight: 400;\">Conception anti-roulement et anti-glissant (pour demeurer dans votre main)<\/li>\n<li style=\"font-weight: 400;\">Fait en aluminium de qualit\u00e9 pour avion<\/li>\n<li style=\"font-weight: 400;\">Finition de qualit\u00e9 sup\u00e9rieure type III avec finit anti-abrasif dur<\/li>\n<li style=\"font-weight: 400;\">Lentille en verre ultra-claire, dur et avec enduit anti-r\u00e9fl\u00e9chissant<\/li>\n<\/ul>\n","protected":false},"excerpt":{"rendered":"<p>La lampe de poche F\u00e9nix TK15UE utilise la nouvelle technologie LED CREE XP-L HI V3 qui peut projeter 1000 lumens de puissance maximale avec une distance maximale jusqu&rsquo;\u00e0 325 m\u00e8tres. Un int\u00e9rupteur tactique pour l&rsquo;op\u00e9ration d&rsquo;un doigt et un int\u00e9rupteur sur le c\u00f4t\u00e9 pour 4 niveaux de brillance et acc\u00e8s instantan\u00e9 au stroboscope.<\/p>\n","protected":false},"featured_media":2456,"comment_status":"open","ping_status":"closed","template":"","meta":[],"pwb-brand":[338],"product_brand":[],"product_cat":[383],"product_tag":[233,230],"class_list":{"0":"post-2451","1":"product","2":"type-product","3":"status-publish","4":"has-post-thumbnail","6":"pwb-brand-fenix-fr","7":"product_cat-lampes-de-poche-fenix","8":"product_tag-lampe-de-poche-fr","9":"product_tag-lampe-tactique","11":"first","12":"instock","13":"sale","14":"taxable","15":"shipping-taxable","16":"purchasable","17":"product-type-simple"},"yoast_head":"<!-- This site is optimized with the Yoast SEO plugin v27.4 - https:\/\/yoast.com\/product\/yoast-seo-wordpress\/ -->\n<title>Lampe de poche F\u00e9nix TK15UE<\/title>\n<meta name=\"description\" content=\"La lampe de poche tactique Fenix TK15UE est con\u00e7ue pour aider les policiers, les forces de l&#039;ordre et les premiers intervenants avec quatre niveaux de luminosit\u00e9.\" \/>\n<meta name=\"robots\" content=\"index, follow, max-snippet:-1, max-image-preview:large, max-video-preview:-1\" \/>\n<link rel=\"canonical\" href=\"https:\/\/911equipment.ca\/fr\/produit\/fenix-tk15ue\/\" \/>\n<meta property=\"og:locale\" content=\"fr_CA\" \/>\n<meta property=\"og:type\" content=\"article\" \/>\n<meta property=\"og:title\" content=\"Lampe de poche F\u00e9nix TK15UE\" \/>\n<meta property=\"og:description\" content=\"La lampe de poche tactique Fenix TK15UE est con\u00e7ue pour aider les policiers, les forces de l&#039;ordre et les premiers intervenants avec quatre niveaux de luminosit\u00e9.\" \/>\n<meta property=\"og:url\" content=\"https:\/\/911equipment.ca\/fr\/produit\/fenix-tk15ue\/\" \/>\n<meta property=\"og:site_name\" content=\"NatPat Ltd - Canadian Police Supplies\" \/>\n<meta property=\"article:modified_time\" content=\"2024-05-29T14:44:14+00:00\" \/>\n<meta property=\"og:image\" content=\"https:\/\/911equipment.ca\/wp-content\/uploads\/2020\/05\/TK15UE-Main-600.jpg\" \/>\n\t<meta property=\"og:image:width\" content=\"600\" \/>\n\t<meta property=\"og:image:height\" content=\"600\" \/>\n\t<meta property=\"og:image:type\" content=\"image\/jpeg\" \/>\n<meta name=\"twitter:card\" content=\"summary_large_image\" \/>\n<meta name=\"twitter:label1\" content=\"Estimation du temps de lecture\" \/>\n\t<meta name=\"twitter:data1\" content=\"1 minute\" \/>\n<script type=\"application\/ld+json\" class=\"yoast-schema-graph\">{\"@context\":\"https:\\\/\\\/schema.org\",\"@graph\":[{\"@type\":\"WebPage\",\"@id\":\"https:\\\/\\\/911equipment.ca\\\/fr\\\/produit\\\/fenix-tk15ue\\\/\",\"url\":\"https:\\\/\\\/911equipment.ca\\\/fr\\\/produit\\\/fenix-tk15ue\\\/\",\"name\":\"Lampe de poche F\u00e9nix TK15UE\",\"isPartOf\":{\"@id\":\"https:\\\/\\\/911equipment.ca\\\/fr\\\/#website\"},\"primaryImageOfPage\":{\"@id\":\"https:\\\/\\\/911equipment.ca\\\/fr\\\/produit\\\/fenix-tk15ue\\\/#primaryimage\"},\"image\":{\"@id\":\"https:\\\/\\\/911equipment.ca\\\/fr\\\/produit\\\/fenix-tk15ue\\\/#primaryimage\"},\"thumbnailUrl\":\"https:\\\/\\\/i0.wp.com\\\/911equipment.ca\\\/wp-content\\\/uploads\\\/2020\\\/05\\\/TK15UE-Main-600.jpg?fit=600%2C600&ssl=1\",\"datePublished\":\"2020-05-22T20:52:47+00:00\",\"dateModified\":\"2024-05-29T14:44:14+00:00\",\"description\":\"La lampe de poche tactique Fenix TK15UE est con\u00e7ue pour aider les policiers, les forces de l'ordre et les premiers intervenants avec quatre niveaux de luminosit\u00e9.\",\"breadcrumb\":{\"@id\":\"https:\\\/\\\/911equipment.ca\\\/fr\\\/produit\\\/fenix-tk15ue\\\/#breadcrumb\"},\"inLanguage\":\"fr-CA\",\"potentialAction\":[{\"@type\":\"ReadAction\",\"target\":[\"https:\\\/\\\/911equipment.ca\\\/fr\\\/produit\\\/fenix-tk15ue\\\/\"]}]},{\"@type\":\"ImageObject\",\"inLanguage\":\"fr-CA\",\"@id\":\"https:\\\/\\\/911equipment.ca\\\/fr\\\/produit\\\/fenix-tk15ue\\\/#primaryimage\",\"url\":\"https:\\\/\\\/i0.wp.com\\\/911equipment.ca\\\/wp-content\\\/uploads\\\/2020\\\/05\\\/TK15UE-Main-600.jpg?fit=600%2C600&ssl=1\",\"contentUrl\":\"https:\\\/\\\/i0.wp.com\\\/911equipment.ca\\\/wp-content\\\/uploads\\\/2020\\\/05\\\/TK15UE-Main-600.jpg?fit=600%2C600&ssl=1\",\"width\":600,\"height\":600,\"caption\":\"Lampe de poche F\u00e9nix TK15UE\"},{\"@type\":\"BreadcrumbList\",\"@id\":\"https:\\\/\\\/911equipment.ca\\\/fr\\\/produit\\\/fenix-tk15ue\\\/#breadcrumb\",\"itemListElement\":[{\"@type\":\"ListItem\",\"position\":1,\"name\":\"Home\",\"item\":\"https:\\\/\\\/911equipment.ca\\\/fr\\\/\"},{\"@type\":\"ListItem\",\"position\":2,\"name\":\"Magasiner\",\"item\":\"https:\\\/\\\/911equipment.ca\\\/fr\\\/magasiner\\\/\"},{\"@type\":\"ListItem\",\"position\":3,\"name\":\"F\u00e9nix TK15UE\"}]},{\"@type\":\"WebSite\",\"@id\":\"https:\\\/\\\/911equipment.ca\\\/fr\\\/#website\",\"url\":\"https:\\\/\\\/911equipment.ca\\\/fr\\\/\",\"name\":\"Canadian Police Supplies\",\"description\":\"Online retail of police, law enforcement and security supplies, gears and equipment.\",\"publisher\":{\"@id\":\"https:\\\/\\\/911equipment.ca\\\/fr\\\/#organization\"},\"potentialAction\":[{\"@type\":\"SearchAction\",\"target\":{\"@type\":\"EntryPoint\",\"urlTemplate\":\"https:\\\/\\\/911equipment.ca\\\/fr\\\/?s={search_term_string}\"},\"query-input\":{\"@type\":\"PropertyValueSpecification\",\"valueRequired\":true,\"valueName\":\"search_term_string\"}}],\"inLanguage\":\"fr-CA\"},{\"@type\":\"Organization\",\"@id\":\"https:\\\/\\\/911equipment.ca\\\/fr\\\/#organization\",\"name\":\"NatPat Lt\u00e9e\",\"url\":\"https:\\\/\\\/911equipment.ca\\\/fr\\\/\",\"logo\":{\"@type\":\"ImageObject\",\"inLanguage\":\"fr-CA\",\"@id\":\"https:\\\/\\\/911equipment.ca\\\/fr\\\/#\\\/schema\\\/logo\\\/image\\\/\",\"url\":\"https:\\\/\\\/i2.wp.com\\\/911equipment.ca\\\/wp-content\\\/uploads\\\/2020\\\/05\\\/NatPat-Logo-Oct-2010.jpg?fit=560%2C560&ssl=1\",\"contentUrl\":\"https:\\\/\\\/i2.wp.com\\\/911equipment.ca\\\/wp-content\\\/uploads\\\/2020\\\/05\\\/NatPat-Logo-Oct-2010.jpg?fit=560%2C560&ssl=1\",\"width\":560,\"height\":560,\"caption\":\"NatPat Lt\u00e9e\"},\"image\":{\"@id\":\"https:\\\/\\\/911equipment.ca\\\/fr\\\/#\\\/schema\\\/logo\\\/image\\\/\"}}]}<\/script>\n<!-- \/ Yoast SEO plugin. -->","yoast_head_json":{"title":"Lampe de poche F\u00e9nix TK15UE","description":"La lampe de poche tactique Fenix TK15UE est con\u00e7ue pour aider les policiers, les forces de l'ordre et les premiers intervenants avec quatre niveaux de luminosit\u00e9.","robots":{"index":"index","follow":"follow","max-snippet":"max-snippet:-1","max-image-preview":"max-image-preview:large","max-video-preview":"max-video-preview:-1"},"canonical":"https:\/\/911equipment.ca\/fr\/produit\/fenix-tk15ue\/","og_locale":"fr_CA","og_type":"article","og_title":"Lampe de poche F\u00e9nix TK15UE","og_description":"La lampe de poche tactique Fenix TK15UE est con\u00e7ue pour aider les policiers, les forces de l'ordre et les premiers intervenants avec quatre niveaux de luminosit\u00e9.","og_url":"https:\/\/911equipment.ca\/fr\/produit\/fenix-tk15ue\/","og_site_name":"NatPat Ltd - Canadian Police Supplies","article_modified_time":"2024-05-29T14:44:14+00:00","og_image":[{"width":600,"height":600,"url":"https:\/\/911equipment.ca\/wp-content\/uploads\/2020\/05\/TK15UE-Main-600.jpg","type":"image\/jpeg"}],"twitter_card":"summary_large_image","twitter_misc":{"Estimation du temps de lecture":"1 minute"},"schema":{"@context":"https:\/\/schema.org","@graph":[{"@type":"WebPage","@id":"https:\/\/911equipment.ca\/fr\/produit\/fenix-tk15ue\/","url":"https:\/\/911equipment.ca\/fr\/produit\/fenix-tk15ue\/","name":"Lampe de poche F\u00e9nix TK15UE","isPartOf":{"@id":"https:\/\/911equipment.ca\/fr\/#website"},"primaryImageOfPage":{"@id":"https:\/\/911equipment.ca\/fr\/produit\/fenix-tk15ue\/#primaryimage"},"image":{"@id":"https:\/\/911equipment.ca\/fr\/produit\/fenix-tk15ue\/#primaryimage"},"thumbnailUrl":"https:\/\/i0.wp.com\/911equipment.ca\/wp-content\/uploads\/2020\/05\/TK15UE-Main-600.jpg?fit=600%2C600&ssl=1","datePublished":"2020-05-22T20:52:47+00:00","dateModified":"2024-05-29T14:44:14+00:00","description":"La lampe de poche tactique Fenix TK15UE est con\u00e7ue pour aider les policiers, les forces de l'ordre et les premiers intervenants avec quatre niveaux de luminosit\u00e9.","breadcrumb":{"@id":"https:\/\/911equipment.ca\/fr\/produit\/fenix-tk15ue\/#breadcrumb"},"inLanguage":"fr-CA","potentialAction":[{"@type":"ReadAction","target":["https:\/\/911equipment.ca\/fr\/produit\/fenix-tk15ue\/"]}]},{"@type":"ImageObject","inLanguage":"fr-CA","@id":"https:\/\/911equipment.ca\/fr\/produit\/fenix-tk15ue\/#primaryimage","url":"https:\/\/i0.wp.com\/911equipment.ca\/wp-content\/uploads\/2020\/05\/TK15UE-Main-600.jpg?fit=600%2C600&ssl=1","contentUrl":"https:\/\/i0.wp.com\/911equipment.ca\/wp-content\/uploads\/2020\/05\/TK15UE-Main-600.jpg?fit=600%2C600&ssl=1","width":600,"height":600,"caption":"Lampe de poche F\u00e9nix TK15UE"},{"@type":"BreadcrumbList","@id":"https:\/\/911equipment.ca\/fr\/produit\/fenix-tk15ue\/#breadcrumb","itemListElement":[{"@type":"ListItem","position":1,"name":"Home","item":"https:\/\/911equipment.ca\/fr\/"},{"@type":"ListItem","position":2,"name":"Magasiner","item":"https:\/\/911equipment.ca\/fr\/magasiner\/"},{"@type":"ListItem","position":3,"name":"F\u00e9nix TK15UE"}]},{"@type":"WebSite","@id":"https:\/\/911equipment.ca\/fr\/#website","url":"https:\/\/911equipment.ca\/fr\/","name":"Canadian Police Supplies","description":"Online retail of police, law enforcement and security supplies, gears and equipment.","publisher":{"@id":"https:\/\/911equipment.ca\/fr\/#organization"},"potentialAction":[{"@type":"SearchAction","target":{"@type":"EntryPoint","urlTemplate":"https:\/\/911equipment.ca\/fr\/?s={search_term_string}"},"query-input":{"@type":"PropertyValueSpecification","valueRequired":true,"valueName":"search_term_string"}}],"inLanguage":"fr-CA"},{"@type":"Organization","@id":"https:\/\/911equipment.ca\/fr\/#organization","name":"NatPat Lt\u00e9e","url":"https:\/\/911equipment.ca\/fr\/","logo":{"@type":"ImageObject","inLanguage":"fr-CA","@id":"https:\/\/911equipment.ca\/fr\/#\/schema\/logo\/image\/","url":"https:\/\/i2.wp.com\/911equipment.ca\/wp-content\/uploads\/2020\/05\/NatPat-Logo-Oct-2010.jpg?fit=560%2C560&ssl=1","contentUrl":"https:\/\/i2.wp.com\/911equipment.ca\/wp-content\/uploads\/2020\/05\/NatPat-Logo-Oct-2010.jpg?fit=560%2C560&ssl=1","width":560,"height":560,"caption":"NatPat Lt\u00e9e"},"image":{"@id":"https:\/\/911equipment.ca\/fr\/#\/schema\/logo\/image\/"}}]}},"jetpack_sharing_enabled":true,"brands":[{"id":338,"name":"Fenix","slug":"fenix-fr"}],"_links":{"self":[{"href":"https:\/\/911equipment.ca\/fr\/wp-json\/wp\/v2\/product\/2451","targetHints":{"allow":["GET"]}}],"collection":[{"href":"https:\/\/911equipment.ca\/fr\/wp-json\/wp\/v2\/product"}],"about":[{"href":"https:\/\/911equipment.ca\/fr\/wp-json\/wp\/v2\/types\/product"}],"replies":[{"embeddable":true,"href":"https:\/\/911equipment.ca\/fr\/wp-json\/wp\/v2\/comments?post=2451"}],"wp:featuredmedia":[{"embeddable":true,"href":"https:\/\/911equipment.ca\/fr\/wp-json\/wp\/v2\/media\/2456"}],"wp:attachment":[{"href":"https:\/\/911equipment.ca\/fr\/wp-json\/wp\/v2\/media?parent=2451"}],"wp:term":[{"taxonomy":"pwb-brand","embeddable":true,"href":"https:\/\/911equipment.ca\/fr\/wp-json\/wp\/v2\/pwb-brand?post=2451"},{"taxonomy":"product_brand","embeddable":true,"href":"https:\/\/911equipment.ca\/fr\/wp-json\/wp\/v2\/product_brand?post=2451"},{"taxonomy":"product_cat","embeddable":true,"href":"https:\/\/911equipment.ca\/fr\/wp-json\/wp\/v2\/product_cat?post=2451"},{"taxonomy":"product_tag","embeddable":true,"href":"https:\/\/911equipment.ca\/fr\/wp-json\/wp\/v2\/product_tag?post=2451"}],"curies":[{"name":"wp","href":"https:\/\/api.w.org\/{rel}","templated":true}]}}