{"id":2426,"date":"2020-05-23T22:01:05","date_gmt":"2020-05-24T02:01:05","guid":{"rendered":"https:\/\/911equipment.ca\/product\/fenix-%e2%80%8b%e2%80%8be18r\/"},"modified":"2020-06-21T13:41:37","modified_gmt":"2020-06-21T17:41:37","slug":"fenix-%e2%80%8b%e2%80%8be18r","status":"publish","type":"product","link":"https:\/\/911equipment.ca\/fr\/produit\/fenix-%e2%80%8b%e2%80%8be18r\/","title":{"rendered":"F\u00e9nix \u200b\u200bE18R"},"content":{"rendered":"<p>Cette lampe de poche exquise est fabriqu\u00e9e en aluminium durable \u00e0 haute r\u00e9sistance \u00e0 l&rsquo;oxydation, \u00e9quip\u00e9e d&rsquo;une lentille optique ultra mince. Avec 4 niveaux de sortie, stroboscope, indicateur de niveau de batterie et queue magn\u00e9tique.<\/p>\n<p>Utilise une LED Cree XP-L Hi avec une dur\u00e9e de vie de 50000 heures.<\/p>\n<p><strong>Sortie<\/strong> (lors de l&rsquo;utilisation avec batterie rechargeable 16340):<br \/>\n1) Faible: 5 lumens (70 heures)<br \/>\n2) Moyen: 30 lumens (13 h 50 min)<br \/>\n3) \u00c9lev\u00e9: 150 lumens (2 h 35 min)<br \/>\n4) Turbo: 750 lumens (45 min)<br \/>\nStroboscope: 750 lumens<\/p>\n<p><strong>Caract\u00e9ristiques<\/strong><\/p>\n<ul>\n<li>Aliment\u00e9 par une batterie Li-ion rechargeable ARB-L16-700P (incluse)<\/li>\n<li>Charge magn\u00e9tique dans le cou: c\u00e2ble de charge magn\u00e9tique sp\u00e9cialis\u00e9 inclus<\/li>\n<li>Indicateur de niveau de batterie<\/li>\n<li>60 mm de longueur x 20 mm de diam\u00e8tre de corps x 21 mm de diam\u00e8tre de t\u00eate<\/li>\n<li>33,3 grammes (sans batterie)<\/li>\n<li>La sortie \u00e0 r\u00e9gulation num\u00e9rique maintient une luminosit\u00e9 constante<\/li>\n<li>L&rsquo;avertissement de basse tension rappelle quand la charge de la batterie est n\u00e9cessaire<\/li>\n<li>Protection contre l&rsquo;inversion de polarit\u00e9, pour prot\u00e9ger contre l&rsquo;insertion incorrecte de la batterie<\/li>\n<li>Protection intelligente contre la surchauffe<\/li>\n<li>Interrupteur lat\u00e9ral pour la commande \u00e0 un interrupteur<\/li>\n<li>Fabriqu\u00e9 en aluminium durable \u00e0 haute r\u00e9sistance et r\u00e9sistant \u00e0 l&rsquo;oxydation<\/li>\n<li>Queue magn\u00e9tique<\/li>\n<li>Finition anti-abrasive anodis\u00e9e dure de type premium HAIII<\/li>\n<li>Proc\u00e9d\u00e9 de rev\u00eatement de lentilles optiques de type automobile<\/li>\n<li>Comprend une fonction de verrouillage et plusieurs fa\u00e7ons d&rsquo;\u00e9viter une activation accidentelle<\/li>\n<\/ul>\n","protected":false},"excerpt":{"rendered":"<p>La F\u00e9nix E18R est une lampe de poche EDC de hautes performances qui est rechargeable et ultra-compacte. Aliment\u00e9 par une batterie Li-ion 16340, elle \u00e9met un maximum de 750 lumens, mais peut \u00e9galement fonctionner sur une batterie au lithium CR123A en option de secours.<\/p>\n","protected":false},"featured_media":2433,"comment_status":"open","ping_status":"closed","template":"","meta":[],"pwb-brand":[338],"product_brand":[],"product_cat":[383],"product_tag":[233,230],"class_list":{"0":"post-2426","1":"product","2":"type-product","3":"status-publish","4":"has-post-thumbnail","6":"pwb-brand-fenix-fr","7":"product_cat-lampes-de-poche-fenix","8":"product_tag-lampe-de-poche-fr","9":"product_tag-lampe-tactique","11":"first","12":"instock","13":"sale","14":"taxable","15":"shipping-taxable","16":"purchasable","17":"product-type-simple"},"yoast_head":"<!-- This site is optimized with the Yoast SEO plugin v27.4 - https:\/\/yoast.com\/product\/yoast-seo-wordpress\/ -->\n<title>F\u00e9nix \u200b\u200bE18R - NatPat Ltd - Canadian Police Supplies<\/title>\n<meta name=\"robots\" content=\"index, follow, max-snippet:-1, max-image-preview:large, max-video-preview:-1\" \/>\n<link rel=\"canonical\" href=\"https:\/\/911equipment.ca\/fr\/produit\/fenix-%e2%80%8b%e2%80%8be18r\/\" \/>\n<meta property=\"og:locale\" content=\"fr_CA\" \/>\n<meta property=\"og:type\" content=\"article\" \/>\n<meta property=\"og:title\" content=\"F\u00e9nix \u200b\u200bE18R - NatPat Ltd - Canadian Police Supplies\" \/>\n<meta property=\"og:description\" content=\"La F\u00e9nix E18R est une lampe de poche EDC de hautes performances qui est rechargeable et ultra-compacte. Aliment\u00e9 par une batterie Li-ion 16340, elle \u00e9met un maximum de 750 lumens, mais peut \u00e9galement fonctionner sur une batterie au lithium CR123A en option de secours.\" \/>\n<meta property=\"og:url\" content=\"https:\/\/911equipment.ca\/fr\/produit\/fenix-%e2%80%8b%e2%80%8be18r\/\" \/>\n<meta property=\"og:site_name\" content=\"NatPat Ltd - Canadian Police Supplies\" \/>\n<meta property=\"article:modified_time\" content=\"2020-06-21T17:41:37+00:00\" \/>\n<meta property=\"og:image\" content=\"https:\/\/911equipment.ca\/wp-content\/uploads\/2020\/05\/E18R-Main-600.jpg\" \/>\n\t<meta property=\"og:image:width\" content=\"600\" \/>\n\t<meta property=\"og:image:height\" content=\"600\" \/>\n\t<meta property=\"og:image:type\" content=\"image\/jpeg\" \/>\n<meta name=\"twitter:card\" content=\"summary_large_image\" \/>\n<meta name=\"twitter:label1\" content=\"Estimation du temps de lecture\" \/>\n\t<meta name=\"twitter:data1\" content=\"1 minute\" \/>\n<script type=\"application\/ld+json\" class=\"yoast-schema-graph\">{\"@context\":\"https:\\\/\\\/schema.org\",\"@graph\":[{\"@type\":\"WebPage\",\"@id\":\"https:\\\/\\\/911equipment.ca\\\/fr\\\/produit\\\/fenix-%e2%80%8b%e2%80%8be18r\\\/\",\"url\":\"https:\\\/\\\/911equipment.ca\\\/fr\\\/produit\\\/fenix-%e2%80%8b%e2%80%8be18r\\\/\",\"name\":\"F\u00e9nix \u200b\u200bE18R - NatPat Ltd - Canadian Police Supplies\",\"isPartOf\":{\"@id\":\"https:\\\/\\\/911equipment.ca\\\/fr\\\/#website\"},\"primaryImageOfPage\":{\"@id\":\"https:\\\/\\\/911equipment.ca\\\/fr\\\/produit\\\/fenix-%e2%80%8b%e2%80%8be18r\\\/#primaryimage\"},\"image\":{\"@id\":\"https:\\\/\\\/911equipment.ca\\\/fr\\\/produit\\\/fenix-%e2%80%8b%e2%80%8be18r\\\/#primaryimage\"},\"thumbnailUrl\":\"https:\\\/\\\/i0.wp.com\\\/911equipment.ca\\\/wp-content\\\/uploads\\\/2020\\\/05\\\/E18R-Main-600.jpg?fit=600%2C600&ssl=1\",\"datePublished\":\"2020-05-24T02:01:05+00:00\",\"dateModified\":\"2020-06-21T17:41:37+00:00\",\"breadcrumb\":{\"@id\":\"https:\\\/\\\/911equipment.ca\\\/fr\\\/produit\\\/fenix-%e2%80%8b%e2%80%8be18r\\\/#breadcrumb\"},\"inLanguage\":\"fr-CA\",\"potentialAction\":[{\"@type\":\"ReadAction\",\"target\":[\"https:\\\/\\\/911equipment.ca\\\/fr\\\/produit\\\/fenix-%e2%80%8b%e2%80%8be18r\\\/\"]}]},{\"@type\":\"ImageObject\",\"inLanguage\":\"fr-CA\",\"@id\":\"https:\\\/\\\/911equipment.ca\\\/fr\\\/produit\\\/fenix-%e2%80%8b%e2%80%8be18r\\\/#primaryimage\",\"url\":\"https:\\\/\\\/i0.wp.com\\\/911equipment.ca\\\/wp-content\\\/uploads\\\/2020\\\/05\\\/E18R-Main-600.jpg?fit=600%2C600&ssl=1\",\"contentUrl\":\"https:\\\/\\\/i0.wp.com\\\/911equipment.ca\\\/wp-content\\\/uploads\\\/2020\\\/05\\\/E18R-Main-600.jpg?fit=600%2C600&ssl=1\",\"width\":600,\"height\":600,\"caption\":\"F\u00e9nix \u200b\u200bE18R\"},{\"@type\":\"BreadcrumbList\",\"@id\":\"https:\\\/\\\/911equipment.ca\\\/fr\\\/produit\\\/fenix-%e2%80%8b%e2%80%8be18r\\\/#breadcrumb\",\"itemListElement\":[{\"@type\":\"ListItem\",\"position\":1,\"name\":\"Home\",\"item\":\"https:\\\/\\\/911equipment.ca\\\/fr\\\/\"},{\"@type\":\"ListItem\",\"position\":2,\"name\":\"Magasiner\",\"item\":\"https:\\\/\\\/911equipment.ca\\\/fr\\\/magasiner\\\/\"},{\"@type\":\"ListItem\",\"position\":3,\"name\":\"F\u00e9nix \u200b\u200bE18R\"}]},{\"@type\":\"WebSite\",\"@id\":\"https:\\\/\\\/911equipment.ca\\\/fr\\\/#website\",\"url\":\"https:\\\/\\\/911equipment.ca\\\/fr\\\/\",\"name\":\"Canadian Police Supplies\",\"description\":\"Online retail of police, law enforcement and security supplies, gears and equipment.\",\"publisher\":{\"@id\":\"https:\\\/\\\/911equipment.ca\\\/fr\\\/#organization\"},\"potentialAction\":[{\"@type\":\"SearchAction\",\"target\":{\"@type\":\"EntryPoint\",\"urlTemplate\":\"https:\\\/\\\/911equipment.ca\\\/fr\\\/?s={search_term_string}\"},\"query-input\":{\"@type\":\"PropertyValueSpecification\",\"valueRequired\":true,\"valueName\":\"search_term_string\"}}],\"inLanguage\":\"fr-CA\"},{\"@type\":\"Organization\",\"@id\":\"https:\\\/\\\/911equipment.ca\\\/fr\\\/#organization\",\"name\":\"NatPat Lt\u00e9e\",\"url\":\"https:\\\/\\\/911equipment.ca\\\/fr\\\/\",\"logo\":{\"@type\":\"ImageObject\",\"inLanguage\":\"fr-CA\",\"@id\":\"https:\\\/\\\/911equipment.ca\\\/fr\\\/#\\\/schema\\\/logo\\\/image\\\/\",\"url\":\"https:\\\/\\\/i2.wp.com\\\/911equipment.ca\\\/wp-content\\\/uploads\\\/2020\\\/05\\\/NatPat-Logo-Oct-2010.jpg?fit=560%2C560&ssl=1\",\"contentUrl\":\"https:\\\/\\\/i2.wp.com\\\/911equipment.ca\\\/wp-content\\\/uploads\\\/2020\\\/05\\\/NatPat-Logo-Oct-2010.jpg?fit=560%2C560&ssl=1\",\"width\":560,\"height\":560,\"caption\":\"NatPat Lt\u00e9e\"},\"image\":{\"@id\":\"https:\\\/\\\/911equipment.ca\\\/fr\\\/#\\\/schema\\\/logo\\\/image\\\/\"}}]}<\/script>\n<!-- \/ Yoast SEO plugin. -->","yoast_head_json":{"title":"F\u00e9nix \u200b\u200bE18R - NatPat Ltd - Canadian Police Supplies","robots":{"index":"index","follow":"follow","max-snippet":"max-snippet:-1","max-image-preview":"max-image-preview:large","max-video-preview":"max-video-preview:-1"},"canonical":"https:\/\/911equipment.ca\/fr\/produit\/fenix-%e2%80%8b%e2%80%8be18r\/","og_locale":"fr_CA","og_type":"article","og_title":"F\u00e9nix \u200b\u200bE18R - NatPat Ltd - Canadian Police Supplies","og_description":"La F\u00e9nix E18R est une lampe de poche EDC de hautes performances qui est rechargeable et ultra-compacte. Aliment\u00e9 par une batterie Li-ion 16340, elle \u00e9met un maximum de 750 lumens, mais peut \u00e9galement fonctionner sur une batterie au lithium CR123A en option de secours.","og_url":"https:\/\/911equipment.ca\/fr\/produit\/fenix-%e2%80%8b%e2%80%8be18r\/","og_site_name":"NatPat Ltd - Canadian Police Supplies","article_modified_time":"2020-06-21T17:41:37+00:00","og_image":[{"width":600,"height":600,"url":"https:\/\/911equipment.ca\/wp-content\/uploads\/2020\/05\/E18R-Main-600.jpg","type":"image\/jpeg"}],"twitter_card":"summary_large_image","twitter_misc":{"Estimation du temps de lecture":"1 minute"},"schema":{"@context":"https:\/\/schema.org","@graph":[{"@type":"WebPage","@id":"https:\/\/911equipment.ca\/fr\/produit\/fenix-%e2%80%8b%e2%80%8be18r\/","url":"https:\/\/911equipment.ca\/fr\/produit\/fenix-%e2%80%8b%e2%80%8be18r\/","name":"F\u00e9nix \u200b\u200bE18R - NatPat Ltd - Canadian Police Supplies","isPartOf":{"@id":"https:\/\/911equipment.ca\/fr\/#website"},"primaryImageOfPage":{"@id":"https:\/\/911equipment.ca\/fr\/produit\/fenix-%e2%80%8b%e2%80%8be18r\/#primaryimage"},"image":{"@id":"https:\/\/911equipment.ca\/fr\/produit\/fenix-%e2%80%8b%e2%80%8be18r\/#primaryimage"},"thumbnailUrl":"https:\/\/i0.wp.com\/911equipment.ca\/wp-content\/uploads\/2020\/05\/E18R-Main-600.jpg?fit=600%2C600&ssl=1","datePublished":"2020-05-24T02:01:05+00:00","dateModified":"2020-06-21T17:41:37+00:00","breadcrumb":{"@id":"https:\/\/911equipment.ca\/fr\/produit\/fenix-%e2%80%8b%e2%80%8be18r\/#breadcrumb"},"inLanguage":"fr-CA","potentialAction":[{"@type":"ReadAction","target":["https:\/\/911equipment.ca\/fr\/produit\/fenix-%e2%80%8b%e2%80%8be18r\/"]}]},{"@type":"ImageObject","inLanguage":"fr-CA","@id":"https:\/\/911equipment.ca\/fr\/produit\/fenix-%e2%80%8b%e2%80%8be18r\/#primaryimage","url":"https:\/\/i0.wp.com\/911equipment.ca\/wp-content\/uploads\/2020\/05\/E18R-Main-600.jpg?fit=600%2C600&ssl=1","contentUrl":"https:\/\/i0.wp.com\/911equipment.ca\/wp-content\/uploads\/2020\/05\/E18R-Main-600.jpg?fit=600%2C600&ssl=1","width":600,"height":600,"caption":"F\u00e9nix \u200b\u200bE18R"},{"@type":"BreadcrumbList","@id":"https:\/\/911equipment.ca\/fr\/produit\/fenix-%e2%80%8b%e2%80%8be18r\/#breadcrumb","itemListElement":[{"@type":"ListItem","position":1,"name":"Home","item":"https:\/\/911equipment.ca\/fr\/"},{"@type":"ListItem","position":2,"name":"Magasiner","item":"https:\/\/911equipment.ca\/fr\/magasiner\/"},{"@type":"ListItem","position":3,"name":"F\u00e9nix \u200b\u200bE18R"}]},{"@type":"WebSite","@id":"https:\/\/911equipment.ca\/fr\/#website","url":"https:\/\/911equipment.ca\/fr\/","name":"Canadian Police Supplies","description":"Online retail of police, law enforcement and security supplies, gears and equipment.","publisher":{"@id":"https:\/\/911equipment.ca\/fr\/#organization"},"potentialAction":[{"@type":"SearchAction","target":{"@type":"EntryPoint","urlTemplate":"https:\/\/911equipment.ca\/fr\/?s={search_term_string}"},"query-input":{"@type":"PropertyValueSpecification","valueRequired":true,"valueName":"search_term_string"}}],"inLanguage":"fr-CA"},{"@type":"Organization","@id":"https:\/\/911equipment.ca\/fr\/#organization","name":"NatPat Lt\u00e9e","url":"https:\/\/911equipment.ca\/fr\/","logo":{"@type":"ImageObject","inLanguage":"fr-CA","@id":"https:\/\/911equipment.ca\/fr\/#\/schema\/logo\/image\/","url":"https:\/\/i2.wp.com\/911equipment.ca\/wp-content\/uploads\/2020\/05\/NatPat-Logo-Oct-2010.jpg?fit=560%2C560&ssl=1","contentUrl":"https:\/\/i2.wp.com\/911equipment.ca\/wp-content\/uploads\/2020\/05\/NatPat-Logo-Oct-2010.jpg?fit=560%2C560&ssl=1","width":560,"height":560,"caption":"NatPat Lt\u00e9e"},"image":{"@id":"https:\/\/911equipment.ca\/fr\/#\/schema\/logo\/image\/"}}]}},"jetpack_sharing_enabled":true,"brands":[{"id":338,"name":"Fenix","slug":"fenix-fr"}],"_links":{"self":[{"href":"https:\/\/911equipment.ca\/fr\/wp-json\/wp\/v2\/product\/2426","targetHints":{"allow":["GET"]}}],"collection":[{"href":"https:\/\/911equipment.ca\/fr\/wp-json\/wp\/v2\/product"}],"about":[{"href":"https:\/\/911equipment.ca\/fr\/wp-json\/wp\/v2\/types\/product"}],"replies":[{"embeddable":true,"href":"https:\/\/911equipment.ca\/fr\/wp-json\/wp\/v2\/comments?post=2426"}],"wp:featuredmedia":[{"embeddable":true,"href":"https:\/\/911equipment.ca\/fr\/wp-json\/wp\/v2\/media\/2433"}],"wp:attachment":[{"href":"https:\/\/911equipment.ca\/fr\/wp-json\/wp\/v2\/media?parent=2426"}],"wp:term":[{"taxonomy":"pwb-brand","embeddable":true,"href":"https:\/\/911equipment.ca\/fr\/wp-json\/wp\/v2\/pwb-brand?post=2426"},{"taxonomy":"product_brand","embeddable":true,"href":"https:\/\/911equipment.ca\/fr\/wp-json\/wp\/v2\/product_brand?post=2426"},{"taxonomy":"product_cat","embeddable":true,"href":"https:\/\/911equipment.ca\/fr\/wp-json\/wp\/v2\/product_cat?post=2426"},{"taxonomy":"product_tag","embeddable":true,"href":"https:\/\/911equipment.ca\/fr\/wp-json\/wp\/v2\/product_tag?post=2426"}],"curies":[{"name":"wp","href":"https:\/\/api.w.org\/{rel}","templated":true}]}}