{"id":2420,"date":"2020-05-23T22:45:30","date_gmt":"2020-05-24T02:45:30","guid":{"rendered":"https:\/\/911equipment.ca\/product\/batterie-fenix-arb-l18-2600\/"},"modified":"2024-05-29T10:46:04","modified_gmt":"2024-05-29T14:46:04","slug":"batterie-fenix-arb-l18-2600","status":"publish","type":"product","link":"https:\/\/911equipment.ca\/fr\/produit\/batterie-fenix-arb-l18-2600\/","title":{"rendered":"Batterie F\u00e9nix ARB L18 2600"},"content":{"rendered":"<ul>\n<li>Batterie rechargeable 18650 au Li-ion<\/li>\n<li>2600 mAh<\/li>\n<li>Sp\u00e9cialement con\u00e7u pour les lampes de poche haute intensit\u00e9 F\u00e9nix<\/li>\n<li>Remplace 2 batteries CR123A<\/li>\n<li>Peut \u00eatre utilis\u00e9 avec les mod\u00e8les: TK09, TK15UE, TK16, TK20R et PD35 Tactique<\/li>\n<\/ul>\n","protected":false},"excerpt":{"rendered":"<p>Sp\u00e9cialement con\u00e7u pour les lampes Fenix \u00e0 haute intensit\u00e9.<\/p>\n","protected":false},"featured_media":2425,"comment_status":"open","ping_status":"closed","template":"","meta":[],"pwb-brand":[338],"product_brand":[],"product_cat":[382,197],"product_tag":[325,233,230],"class_list":{"0":"post-2420","1":"product","2":"type-product","3":"status-publish","4":"has-post-thumbnail","6":"pwb-brand-fenix-fr","7":"product_cat-accessoires-fenix","8":"product_cat-batteries-fr","9":"product_tag-batterie-rechargeable","10":"product_tag-lampe-de-poche-fr","11":"product_tag-lampe-tactique","13":"first","14":"instock","15":"sale","16":"taxable","17":"shipping-taxable","18":"purchasable","19":"product-type-simple"},"yoast_head":"<!-- This site is optimized with the Yoast SEO plugin v27.3 - https:\/\/yoast.com\/product\/yoast-seo-wordpress\/ -->\n<title>Batterie F\u00e9nix ARB L18 2600 - NatPat Ltd - Canadian Police Supplies<\/title>\n<meta name=\"description\" content=\"La batterie rechargeable F\u00e9nix ARB L18 2600 est sp\u00e9cialement con\u00e7ue pour les lampes de poche F\u00e9nix \u00e0 haute intensit\u00e9 et fournira la puissance requise.\" \/>\n<meta name=\"robots\" content=\"index, follow, max-snippet:-1, max-image-preview:large, max-video-preview:-1\" \/>\n<link rel=\"canonical\" href=\"https:\/\/911equipment.ca\/fr\/produit\/batterie-fenix-arb-l18-2600\/\" \/>\n<meta property=\"og:locale\" content=\"fr_CA\" \/>\n<meta property=\"og:type\" content=\"article\" \/>\n<meta property=\"og:title\" content=\"Batterie F\u00e9nix ARB L18 2600 - NatPat Ltd - Canadian Police Supplies\" \/>\n<meta property=\"og:description\" content=\"La batterie rechargeable F\u00e9nix ARB L18 2600 est sp\u00e9cialement con\u00e7ue pour les lampes de poche F\u00e9nix \u00e0 haute intensit\u00e9 et fournira la puissance requise.\" \/>\n<meta property=\"og:url\" content=\"https:\/\/911equipment.ca\/fr\/produit\/batterie-fenix-arb-l18-2600\/\" \/>\n<meta property=\"og:site_name\" content=\"NatPat Ltd - Canadian Police Supplies\" \/>\n<meta property=\"article:modified_time\" content=\"2024-05-29T14:46:04+00:00\" \/>\n<meta property=\"og:image\" content=\"https:\/\/911equipment.ca\/wp-content\/uploads\/2020\/05\/ARB2600-Main-600.jpg\" \/>\n\t<meta property=\"og:image:width\" content=\"600\" \/>\n\t<meta property=\"og:image:height\" content=\"600\" \/>\n\t<meta property=\"og:image:type\" content=\"image\/jpeg\" \/>\n<meta name=\"twitter:card\" content=\"summary_large_image\" \/>\n<script type=\"application\/ld+json\" class=\"yoast-schema-graph\">{\"@context\":\"https:\\\/\\\/schema.org\",\"@graph\":[{\"@type\":\"WebPage\",\"@id\":\"https:\\\/\\\/911equipment.ca\\\/fr\\\/produit\\\/batterie-fenix-arb-l18-2600\\\/\",\"url\":\"https:\\\/\\\/911equipment.ca\\\/fr\\\/produit\\\/batterie-fenix-arb-l18-2600\\\/\",\"name\":\"Batterie F\u00e9nix ARB L18 2600 - NatPat Ltd - Canadian Police Supplies\",\"isPartOf\":{\"@id\":\"https:\\\/\\\/911equipment.ca\\\/fr\\\/#website\"},\"primaryImageOfPage\":{\"@id\":\"https:\\\/\\\/911equipment.ca\\\/fr\\\/produit\\\/batterie-fenix-arb-l18-2600\\\/#primaryimage\"},\"image\":{\"@id\":\"https:\\\/\\\/911equipment.ca\\\/fr\\\/produit\\\/batterie-fenix-arb-l18-2600\\\/#primaryimage\"},\"thumbnailUrl\":\"https:\\\/\\\/i0.wp.com\\\/911equipment.ca\\\/wp-content\\\/uploads\\\/2020\\\/05\\\/ARB2600-Main-600.jpg?fit=600%2C600&ssl=1\",\"datePublished\":\"2020-05-24T02:45:30+00:00\",\"dateModified\":\"2024-05-29T14:46:04+00:00\",\"description\":\"La batterie rechargeable F\u00e9nix ARB L18 2600 est sp\u00e9cialement con\u00e7ue pour les lampes de poche F\u00e9nix \u00e0 haute intensit\u00e9 et fournira la puissance requise.\",\"breadcrumb\":{\"@id\":\"https:\\\/\\\/911equipment.ca\\\/fr\\\/produit\\\/batterie-fenix-arb-l18-2600\\\/#breadcrumb\"},\"inLanguage\":\"fr-CA\",\"potentialAction\":[{\"@type\":\"ReadAction\",\"target\":[\"https:\\\/\\\/911equipment.ca\\\/fr\\\/produit\\\/batterie-fenix-arb-l18-2600\\\/\"]}]},{\"@type\":\"ImageObject\",\"inLanguage\":\"fr-CA\",\"@id\":\"https:\\\/\\\/911equipment.ca\\\/fr\\\/produit\\\/batterie-fenix-arb-l18-2600\\\/#primaryimage\",\"url\":\"https:\\\/\\\/i0.wp.com\\\/911equipment.ca\\\/wp-content\\\/uploads\\\/2020\\\/05\\\/ARB2600-Main-600.jpg?fit=600%2C600&ssl=1\",\"contentUrl\":\"https:\\\/\\\/i0.wp.com\\\/911equipment.ca\\\/wp-content\\\/uploads\\\/2020\\\/05\\\/ARB2600-Main-600.jpg?fit=600%2C600&ssl=1\",\"width\":600,\"height\":600,\"caption\":\"Batterie F\u00e9nix ARB L18 2600\"},{\"@type\":\"BreadcrumbList\",\"@id\":\"https:\\\/\\\/911equipment.ca\\\/fr\\\/produit\\\/batterie-fenix-arb-l18-2600\\\/#breadcrumb\",\"itemListElement\":[{\"@type\":\"ListItem\",\"position\":1,\"name\":\"Home\",\"item\":\"https:\\\/\\\/911equipment.ca\\\/fr\\\/\"},{\"@type\":\"ListItem\",\"position\":2,\"name\":\"Magasiner\",\"item\":\"https:\\\/\\\/911equipment.ca\\\/fr\\\/magasiner\\\/\"},{\"@type\":\"ListItem\",\"position\":3,\"name\":\"Batterie F\u00e9nix ARB L18 2600\"}]},{\"@type\":\"WebSite\",\"@id\":\"https:\\\/\\\/911equipment.ca\\\/fr\\\/#website\",\"url\":\"https:\\\/\\\/911equipment.ca\\\/fr\\\/\",\"name\":\"Canadian Police Supplies\",\"description\":\"Online retail of police, law enforcement and security supplies, gears and equipment.\",\"publisher\":{\"@id\":\"https:\\\/\\\/911equipment.ca\\\/fr\\\/#organization\"},\"potentialAction\":[{\"@type\":\"SearchAction\",\"target\":{\"@type\":\"EntryPoint\",\"urlTemplate\":\"https:\\\/\\\/911equipment.ca\\\/fr\\\/?s={search_term_string}\"},\"query-input\":{\"@type\":\"PropertyValueSpecification\",\"valueRequired\":true,\"valueName\":\"search_term_string\"}}],\"inLanguage\":\"fr-CA\"},{\"@type\":\"Organization\",\"@id\":\"https:\\\/\\\/911equipment.ca\\\/fr\\\/#organization\",\"name\":\"NatPat Lt\u00e9e\",\"url\":\"https:\\\/\\\/911equipment.ca\\\/fr\\\/\",\"logo\":{\"@type\":\"ImageObject\",\"inLanguage\":\"fr-CA\",\"@id\":\"https:\\\/\\\/911equipment.ca\\\/fr\\\/#\\\/schema\\\/logo\\\/image\\\/\",\"url\":\"https:\\\/\\\/i2.wp.com\\\/911equipment.ca\\\/wp-content\\\/uploads\\\/2020\\\/05\\\/NatPat-Logo-Oct-2010.jpg?fit=560%2C560&ssl=1\",\"contentUrl\":\"https:\\\/\\\/i2.wp.com\\\/911equipment.ca\\\/wp-content\\\/uploads\\\/2020\\\/05\\\/NatPat-Logo-Oct-2010.jpg?fit=560%2C560&ssl=1\",\"width\":560,\"height\":560,\"caption\":\"NatPat Lt\u00e9e\"},\"image\":{\"@id\":\"https:\\\/\\\/911equipment.ca\\\/fr\\\/#\\\/schema\\\/logo\\\/image\\\/\"}}]}<\/script>\n<!-- \/ Yoast SEO plugin. -->","yoast_head_json":{"title":"Batterie F\u00e9nix ARB L18 2600 - NatPat Ltd - Canadian Police Supplies","description":"La batterie rechargeable F\u00e9nix ARB L18 2600 est sp\u00e9cialement con\u00e7ue pour les lampes de poche F\u00e9nix \u00e0 haute intensit\u00e9 et fournira la puissance requise.","robots":{"index":"index","follow":"follow","max-snippet":"max-snippet:-1","max-image-preview":"max-image-preview:large","max-video-preview":"max-video-preview:-1"},"canonical":"https:\/\/911equipment.ca\/fr\/produit\/batterie-fenix-arb-l18-2600\/","og_locale":"fr_CA","og_type":"article","og_title":"Batterie F\u00e9nix ARB L18 2600 - NatPat Ltd - Canadian Police Supplies","og_description":"La batterie rechargeable F\u00e9nix ARB L18 2600 est sp\u00e9cialement con\u00e7ue pour les lampes de poche F\u00e9nix \u00e0 haute intensit\u00e9 et fournira la puissance requise.","og_url":"https:\/\/911equipment.ca\/fr\/produit\/batterie-fenix-arb-l18-2600\/","og_site_name":"NatPat Ltd - Canadian Police Supplies","article_modified_time":"2024-05-29T14:46:04+00:00","og_image":[{"width":600,"height":600,"url":"https:\/\/911equipment.ca\/wp-content\/uploads\/2020\/05\/ARB2600-Main-600.jpg","type":"image\/jpeg"}],"twitter_card":"summary_large_image","schema":{"@context":"https:\/\/schema.org","@graph":[{"@type":"WebPage","@id":"https:\/\/911equipment.ca\/fr\/produit\/batterie-fenix-arb-l18-2600\/","url":"https:\/\/911equipment.ca\/fr\/produit\/batterie-fenix-arb-l18-2600\/","name":"Batterie F\u00e9nix ARB L18 2600 - NatPat Ltd - Canadian Police Supplies","isPartOf":{"@id":"https:\/\/911equipment.ca\/fr\/#website"},"primaryImageOfPage":{"@id":"https:\/\/911equipment.ca\/fr\/produit\/batterie-fenix-arb-l18-2600\/#primaryimage"},"image":{"@id":"https:\/\/911equipment.ca\/fr\/produit\/batterie-fenix-arb-l18-2600\/#primaryimage"},"thumbnailUrl":"https:\/\/i0.wp.com\/911equipment.ca\/wp-content\/uploads\/2020\/05\/ARB2600-Main-600.jpg?fit=600%2C600&ssl=1","datePublished":"2020-05-24T02:45:30+00:00","dateModified":"2024-05-29T14:46:04+00:00","description":"La batterie rechargeable F\u00e9nix ARB L18 2600 est sp\u00e9cialement con\u00e7ue pour les lampes de poche F\u00e9nix \u00e0 haute intensit\u00e9 et fournira la puissance requise.","breadcrumb":{"@id":"https:\/\/911equipment.ca\/fr\/produit\/batterie-fenix-arb-l18-2600\/#breadcrumb"},"inLanguage":"fr-CA","potentialAction":[{"@type":"ReadAction","target":["https:\/\/911equipment.ca\/fr\/produit\/batterie-fenix-arb-l18-2600\/"]}]},{"@type":"ImageObject","inLanguage":"fr-CA","@id":"https:\/\/911equipment.ca\/fr\/produit\/batterie-fenix-arb-l18-2600\/#primaryimage","url":"https:\/\/i0.wp.com\/911equipment.ca\/wp-content\/uploads\/2020\/05\/ARB2600-Main-600.jpg?fit=600%2C600&ssl=1","contentUrl":"https:\/\/i0.wp.com\/911equipment.ca\/wp-content\/uploads\/2020\/05\/ARB2600-Main-600.jpg?fit=600%2C600&ssl=1","width":600,"height":600,"caption":"Batterie F\u00e9nix ARB L18 2600"},{"@type":"BreadcrumbList","@id":"https:\/\/911equipment.ca\/fr\/produit\/batterie-fenix-arb-l18-2600\/#breadcrumb","itemListElement":[{"@type":"ListItem","position":1,"name":"Home","item":"https:\/\/911equipment.ca\/fr\/"},{"@type":"ListItem","position":2,"name":"Magasiner","item":"https:\/\/911equipment.ca\/fr\/magasiner\/"},{"@type":"ListItem","position":3,"name":"Batterie F\u00e9nix ARB L18 2600"}]},{"@type":"WebSite","@id":"https:\/\/911equipment.ca\/fr\/#website","url":"https:\/\/911equipment.ca\/fr\/","name":"Canadian Police Supplies","description":"Online retail of police, law enforcement and security supplies, gears and equipment.","publisher":{"@id":"https:\/\/911equipment.ca\/fr\/#organization"},"potentialAction":[{"@type":"SearchAction","target":{"@type":"EntryPoint","urlTemplate":"https:\/\/911equipment.ca\/fr\/?s={search_term_string}"},"query-input":{"@type":"PropertyValueSpecification","valueRequired":true,"valueName":"search_term_string"}}],"inLanguage":"fr-CA"},{"@type":"Organization","@id":"https:\/\/911equipment.ca\/fr\/#organization","name":"NatPat Lt\u00e9e","url":"https:\/\/911equipment.ca\/fr\/","logo":{"@type":"ImageObject","inLanguage":"fr-CA","@id":"https:\/\/911equipment.ca\/fr\/#\/schema\/logo\/image\/","url":"https:\/\/i2.wp.com\/911equipment.ca\/wp-content\/uploads\/2020\/05\/NatPat-Logo-Oct-2010.jpg?fit=560%2C560&ssl=1","contentUrl":"https:\/\/i2.wp.com\/911equipment.ca\/wp-content\/uploads\/2020\/05\/NatPat-Logo-Oct-2010.jpg?fit=560%2C560&ssl=1","width":560,"height":560,"caption":"NatPat Lt\u00e9e"},"image":{"@id":"https:\/\/911equipment.ca\/fr\/#\/schema\/logo\/image\/"}}]}},"jetpack_sharing_enabled":true,"brands":[{"id":338,"name":"Fenix","slug":"fenix-fr"}],"_links":{"self":[{"href":"https:\/\/911equipment.ca\/fr\/wp-json\/wp\/v2\/product\/2420","targetHints":{"allow":["GET"]}}],"collection":[{"href":"https:\/\/911equipment.ca\/fr\/wp-json\/wp\/v2\/product"}],"about":[{"href":"https:\/\/911equipment.ca\/fr\/wp-json\/wp\/v2\/types\/product"}],"replies":[{"embeddable":true,"href":"https:\/\/911equipment.ca\/fr\/wp-json\/wp\/v2\/comments?post=2420"}],"wp:featuredmedia":[{"embeddable":true,"href":"https:\/\/911equipment.ca\/fr\/wp-json\/wp\/v2\/media\/2425"}],"wp:attachment":[{"href":"https:\/\/911equipment.ca\/fr\/wp-json\/wp\/v2\/media?parent=2420"}],"wp:term":[{"taxonomy":"pwb-brand","embeddable":true,"href":"https:\/\/911equipment.ca\/fr\/wp-json\/wp\/v2\/pwb-brand?post=2420"},{"taxonomy":"product_brand","embeddable":true,"href":"https:\/\/911equipment.ca\/fr\/wp-json\/wp\/v2\/product_brand?post=2420"},{"taxonomy":"product_cat","embeddable":true,"href":"https:\/\/911equipment.ca\/fr\/wp-json\/wp\/v2\/product_cat?post=2420"},{"taxonomy":"product_tag","embeddable":true,"href":"https:\/\/911equipment.ca\/fr\/wp-json\/wp\/v2\/product_tag?post=2420"}],"curies":[{"name":"wp","href":"https:\/\/api.w.org\/{rel}","templated":true}]}}