{"id":2388,"date":"2020-05-24T20:59:34","date_gmt":"2020-05-25T00:59:34","guid":{"rendered":"https:\/\/911equipment.ca\/product\/chargeur-de-batterie-intelligent-fenix-are-c1\/"},"modified":"2020-07-09T16:28:18","modified_gmt":"2020-07-09T20:28:18","slug":"chargeur-de-batterie-intelligent-fenix-are-c1","status":"publish","type":"product","link":"https:\/\/911equipment.ca\/fr\/produit\/chargeur-de-batterie-intelligent-fenix-are-c1\/","title":{"rendered":"Chargeur de batterie intelligent F\u00e9nix ARE-C1"},"content":{"rendered":"<p>L&rsquo;\u00e9cran LCD haute d\u00e9finition affiche l&rsquo;\u00e9tat de charge et le niveau de batterie clairement. En outre, un mode de chargement de voiture offre une grande commodit\u00e9 pour les utilisateurs (adaptateur de voiture vendu s\u00e9par\u00e9ment).<\/p>\n<p><strong>Charges<\/strong>: Li-ion 26650, 18650, 16340, 14500, 10440, Ni-MH\/Ni-Cd: AA, AAA<\/p>\n<ul>\n<li>\u00c9cran LCD pour charger l&rsquo;affichage<\/li>\n<li>Affiche les types de batterie et les tensions ins\u00e9r\u00e9s<\/li>\n<li>Affiche le niveau de la batterie via la barre d&rsquo;\u00e9tat<\/li>\n<li>Supporte le chargement AC et DC<\/li>\n<li>Deux canaux sont contr\u00f4l\u00e9s s\u00e9par\u00e9ment par les deux boutons (A et B)<\/li>\n<li>Circuit multi-protection int\u00e9gr\u00e9<\/li>\n<li>Entr\u00e9e: AC100-240V \/ 50-60Hz \/ 0,35A (max) ou DC12-24V \/ 1A (max)<\/li>\n<\/ul>\n<p><strong>Sortie<\/strong>:<\/p>\n<ul>\n<li>4.2V, 1.0A; 18650, 26650, 16340, 14500, 10440 Li-ion<\/li>\n<li>1.5V, 1.0A; AA, AAA, C Ni-MH\/Ni-Cd<\/li>\n<li>Puissance de sortie nominale: 3W (Ni-MH \/ Ni-Cd), 8.4W (Li-ion)<\/li>\n<li>5,7 pouces \/ 145 mm (longueur) X 2,9 pouces \/ 75 mm (largeur) X 1,5 pouces \/ 38,5 mm (hauteur)<\/li>\n<li>Poids: 178 g (\u00e0 l&rsquo;exclusion du c\u00e2ble de chargement)<\/li>\n<li>Temp\u00e9rature de fonctionnement: -20 degr\u00e9s C &#8211; 50 degr\u00e9s C<\/li>\n<li>Humidit\u00e9 de fonctionnement: 5% \u00e0 90%<\/li>\n<li>Temp\u00e9rature de stockage: -20 degr\u00e9s C &#8211; 85 degr\u00e9s C<\/li>\n<\/ul>\n","protected":false},"excerpt":{"rendered":"<p>Le chargeur F\u00e9nix ARE-C1 + est un chargeur intelligent \u00e0 double canal, compatible avec diff\u00e9rents<br \/>\ntypes de de batteries Li-ion et Ni-MH \/ Ni-Cd.<\/p>\n","protected":false},"featured_media":2393,"comment_status":"open","ping_status":"closed","template":"","meta":[],"pwb-brand":[338],"product_brand":[],"product_cat":[382],"product_tag":[232,233,230],"class_list":{"0":"post-2388","1":"product","2":"type-product","3":"status-publish","4":"has-post-thumbnail","6":"pwb-brand-fenix-fr","7":"product_cat-accessoires-fenix","8":"product_tag-lampe-de-poche","9":"product_tag-lampe-de-poche-fr","10":"product_tag-lampe-tactique","12":"first","13":"instock","14":"sale","15":"taxable","16":"shipping-taxable","17":"purchasable","18":"product-type-simple"},"yoast_head":"<!-- This site is optimized with the Yoast SEO plugin v27.5 - https:\/\/yoast.com\/product\/yoast-seo-wordpress\/ -->\n<title>Chargeur de batterie intelligent F\u00e9nix ARE-C1 - NatPat Ltd - Canadian Police Supplies<\/title>\n<meta name=\"robots\" content=\"index, follow, max-snippet:-1, max-image-preview:large, max-video-preview:-1\" \/>\n<link rel=\"canonical\" href=\"https:\/\/911equipment.ca\/fr\/produit\/chargeur-de-batterie-intelligent-fenix-are-c1\/\" \/>\n<meta property=\"og:locale\" content=\"fr_CA\" \/>\n<meta property=\"og:type\" content=\"article\" \/>\n<meta property=\"og:title\" content=\"Chargeur de batterie intelligent F\u00e9nix ARE-C1 - NatPat Ltd - Canadian Police Supplies\" \/>\n<meta property=\"og:description\" content=\"Le chargeur F\u00e9nix ARE-C1 + est un chargeur intelligent \u00e0 double canal, compatible avec diff\u00e9rents types de de batteries Li-ion et Ni-MH \/ Ni-Cd.\" \/>\n<meta property=\"og:url\" content=\"https:\/\/911equipment.ca\/fr\/produit\/chargeur-de-batterie-intelligent-fenix-are-c1\/\" \/>\n<meta property=\"og:site_name\" content=\"NatPat Ltd - Canadian Police Supplies\" \/>\n<meta property=\"article:modified_time\" content=\"2020-07-09T20:28:18+00:00\" \/>\n<meta property=\"og:image\" content=\"https:\/\/911equipment.ca\/wp-content\/uploads\/2020\/05\/ARE-C1-Main-600.jpg\" \/>\n\t<meta property=\"og:image:width\" content=\"600\" \/>\n\t<meta property=\"og:image:height\" content=\"600\" \/>\n\t<meta property=\"og:image:type\" content=\"image\/jpeg\" \/>\n<meta name=\"twitter:card\" content=\"summary_large_image\" \/>\n<meta name=\"twitter:label1\" content=\"Estimation du temps de lecture\" \/>\n\t<meta name=\"twitter:data1\" content=\"1 minute\" \/>\n<script type=\"application\/ld+json\" class=\"yoast-schema-graph\">{\"@context\":\"https:\\\/\\\/schema.org\",\"@graph\":[{\"@type\":\"WebPage\",\"@id\":\"https:\\\/\\\/911equipment.ca\\\/fr\\\/produit\\\/chargeur-de-batterie-intelligent-fenix-are-c1\\\/\",\"url\":\"https:\\\/\\\/911equipment.ca\\\/fr\\\/produit\\\/chargeur-de-batterie-intelligent-fenix-are-c1\\\/\",\"name\":\"Chargeur de batterie intelligent F\u00e9nix ARE-C1 - NatPat Ltd - Canadian Police Supplies\",\"isPartOf\":{\"@id\":\"https:\\\/\\\/911equipment.ca\\\/fr\\\/#website\"},\"primaryImageOfPage\":{\"@id\":\"https:\\\/\\\/911equipment.ca\\\/fr\\\/produit\\\/chargeur-de-batterie-intelligent-fenix-are-c1\\\/#primaryimage\"},\"image\":{\"@id\":\"https:\\\/\\\/911equipment.ca\\\/fr\\\/produit\\\/chargeur-de-batterie-intelligent-fenix-are-c1\\\/#primaryimage\"},\"thumbnailUrl\":\"https:\\\/\\\/i0.wp.com\\\/911equipment.ca\\\/wp-content\\\/uploads\\\/2020\\\/05\\\/ARE-C1-Main-600.jpg?fit=600%2C600&ssl=1\",\"datePublished\":\"2020-05-25T00:59:34+00:00\",\"dateModified\":\"2020-07-09T20:28:18+00:00\",\"breadcrumb\":{\"@id\":\"https:\\\/\\\/911equipment.ca\\\/fr\\\/produit\\\/chargeur-de-batterie-intelligent-fenix-are-c1\\\/#breadcrumb\"},\"inLanguage\":\"fr-CA\",\"potentialAction\":[{\"@type\":\"ReadAction\",\"target\":[\"https:\\\/\\\/911equipment.ca\\\/fr\\\/produit\\\/chargeur-de-batterie-intelligent-fenix-are-c1\\\/\"]}]},{\"@type\":\"ImageObject\",\"inLanguage\":\"fr-CA\",\"@id\":\"https:\\\/\\\/911equipment.ca\\\/fr\\\/produit\\\/chargeur-de-batterie-intelligent-fenix-are-c1\\\/#primaryimage\",\"url\":\"https:\\\/\\\/i0.wp.com\\\/911equipment.ca\\\/wp-content\\\/uploads\\\/2020\\\/05\\\/ARE-C1-Main-600.jpg?fit=600%2C600&ssl=1\",\"contentUrl\":\"https:\\\/\\\/i0.wp.com\\\/911equipment.ca\\\/wp-content\\\/uploads\\\/2020\\\/05\\\/ARE-C1-Main-600.jpg?fit=600%2C600&ssl=1\",\"width\":600,\"height\":600,\"caption\":\"Chargeur de batterie intelligent F\u00e9nix ARE-C1\"},{\"@type\":\"BreadcrumbList\",\"@id\":\"https:\\\/\\\/911equipment.ca\\\/fr\\\/produit\\\/chargeur-de-batterie-intelligent-fenix-are-c1\\\/#breadcrumb\",\"itemListElement\":[{\"@type\":\"ListItem\",\"position\":1,\"name\":\"Home\",\"item\":\"https:\\\/\\\/911equipment.ca\\\/fr\\\/\"},{\"@type\":\"ListItem\",\"position\":2,\"name\":\"Magasiner\",\"item\":\"https:\\\/\\\/911equipment.ca\\\/fr\\\/magasiner\\\/\"},{\"@type\":\"ListItem\",\"position\":3,\"name\":\"Chargeur de batterie intelligent F\u00e9nix ARE-C1\"}]},{\"@type\":\"WebSite\",\"@id\":\"https:\\\/\\\/911equipment.ca\\\/fr\\\/#website\",\"url\":\"https:\\\/\\\/911equipment.ca\\\/fr\\\/\",\"name\":\"Canadian Police Supplies\",\"description\":\"Online retail of police, law enforcement and security supplies, gears and equipment.\",\"publisher\":{\"@id\":\"https:\\\/\\\/911equipment.ca\\\/fr\\\/#organization\"},\"potentialAction\":[{\"@type\":\"SearchAction\",\"target\":{\"@type\":\"EntryPoint\",\"urlTemplate\":\"https:\\\/\\\/911equipment.ca\\\/fr\\\/?s={search_term_string}\"},\"query-input\":{\"@type\":\"PropertyValueSpecification\",\"valueRequired\":true,\"valueName\":\"search_term_string\"}}],\"inLanguage\":\"fr-CA\"},{\"@type\":\"Organization\",\"@id\":\"https:\\\/\\\/911equipment.ca\\\/fr\\\/#organization\",\"name\":\"NatPat Lt\u00e9e\",\"url\":\"https:\\\/\\\/911equipment.ca\\\/fr\\\/\",\"logo\":{\"@type\":\"ImageObject\",\"inLanguage\":\"fr-CA\",\"@id\":\"https:\\\/\\\/911equipment.ca\\\/fr\\\/#\\\/schema\\\/logo\\\/image\\\/\",\"url\":\"https:\\\/\\\/i2.wp.com\\\/911equipment.ca\\\/wp-content\\\/uploads\\\/2020\\\/05\\\/NatPat-Logo-Oct-2010.jpg?fit=560%2C560&ssl=1\",\"contentUrl\":\"https:\\\/\\\/i2.wp.com\\\/911equipment.ca\\\/wp-content\\\/uploads\\\/2020\\\/05\\\/NatPat-Logo-Oct-2010.jpg?fit=560%2C560&ssl=1\",\"width\":560,\"height\":560,\"caption\":\"NatPat Lt\u00e9e\"},\"image\":{\"@id\":\"https:\\\/\\\/911equipment.ca\\\/fr\\\/#\\\/schema\\\/logo\\\/image\\\/\"}}]}<\/script>\n<!-- \/ Yoast SEO plugin. -->","yoast_head_json":{"title":"Chargeur de batterie intelligent F\u00e9nix ARE-C1 - NatPat Ltd - Canadian Police Supplies","robots":{"index":"index","follow":"follow","max-snippet":"max-snippet:-1","max-image-preview":"max-image-preview:large","max-video-preview":"max-video-preview:-1"},"canonical":"https:\/\/911equipment.ca\/fr\/produit\/chargeur-de-batterie-intelligent-fenix-are-c1\/","og_locale":"fr_CA","og_type":"article","og_title":"Chargeur de batterie intelligent F\u00e9nix ARE-C1 - NatPat Ltd - Canadian Police Supplies","og_description":"Le chargeur F\u00e9nix ARE-C1 + est un chargeur intelligent \u00e0 double canal, compatible avec diff\u00e9rents types de de batteries Li-ion et Ni-MH \/ Ni-Cd.","og_url":"https:\/\/911equipment.ca\/fr\/produit\/chargeur-de-batterie-intelligent-fenix-are-c1\/","og_site_name":"NatPat Ltd - Canadian Police Supplies","article_modified_time":"2020-07-09T20:28:18+00:00","og_image":[{"width":600,"height":600,"url":"https:\/\/911equipment.ca\/wp-content\/uploads\/2020\/05\/ARE-C1-Main-600.jpg","type":"image\/jpeg"}],"twitter_card":"summary_large_image","twitter_misc":{"Estimation du temps de lecture":"1 minute"},"schema":{"@context":"https:\/\/schema.org","@graph":[{"@type":"WebPage","@id":"https:\/\/911equipment.ca\/fr\/produit\/chargeur-de-batterie-intelligent-fenix-are-c1\/","url":"https:\/\/911equipment.ca\/fr\/produit\/chargeur-de-batterie-intelligent-fenix-are-c1\/","name":"Chargeur de batterie intelligent F\u00e9nix ARE-C1 - NatPat Ltd - Canadian Police Supplies","isPartOf":{"@id":"https:\/\/911equipment.ca\/fr\/#website"},"primaryImageOfPage":{"@id":"https:\/\/911equipment.ca\/fr\/produit\/chargeur-de-batterie-intelligent-fenix-are-c1\/#primaryimage"},"image":{"@id":"https:\/\/911equipment.ca\/fr\/produit\/chargeur-de-batterie-intelligent-fenix-are-c1\/#primaryimage"},"thumbnailUrl":"https:\/\/i0.wp.com\/911equipment.ca\/wp-content\/uploads\/2020\/05\/ARE-C1-Main-600.jpg?fit=600%2C600&ssl=1","datePublished":"2020-05-25T00:59:34+00:00","dateModified":"2020-07-09T20:28:18+00:00","breadcrumb":{"@id":"https:\/\/911equipment.ca\/fr\/produit\/chargeur-de-batterie-intelligent-fenix-are-c1\/#breadcrumb"},"inLanguage":"fr-CA","potentialAction":[{"@type":"ReadAction","target":["https:\/\/911equipment.ca\/fr\/produit\/chargeur-de-batterie-intelligent-fenix-are-c1\/"]}]},{"@type":"ImageObject","inLanguage":"fr-CA","@id":"https:\/\/911equipment.ca\/fr\/produit\/chargeur-de-batterie-intelligent-fenix-are-c1\/#primaryimage","url":"https:\/\/i0.wp.com\/911equipment.ca\/wp-content\/uploads\/2020\/05\/ARE-C1-Main-600.jpg?fit=600%2C600&ssl=1","contentUrl":"https:\/\/i0.wp.com\/911equipment.ca\/wp-content\/uploads\/2020\/05\/ARE-C1-Main-600.jpg?fit=600%2C600&ssl=1","width":600,"height":600,"caption":"Chargeur de batterie intelligent F\u00e9nix ARE-C1"},{"@type":"BreadcrumbList","@id":"https:\/\/911equipment.ca\/fr\/produit\/chargeur-de-batterie-intelligent-fenix-are-c1\/#breadcrumb","itemListElement":[{"@type":"ListItem","position":1,"name":"Home","item":"https:\/\/911equipment.ca\/fr\/"},{"@type":"ListItem","position":2,"name":"Magasiner","item":"https:\/\/911equipment.ca\/fr\/magasiner\/"},{"@type":"ListItem","position":3,"name":"Chargeur de batterie intelligent F\u00e9nix ARE-C1"}]},{"@type":"WebSite","@id":"https:\/\/911equipment.ca\/fr\/#website","url":"https:\/\/911equipment.ca\/fr\/","name":"Canadian Police Supplies","description":"Online retail of police, law enforcement and security supplies, gears and equipment.","publisher":{"@id":"https:\/\/911equipment.ca\/fr\/#organization"},"potentialAction":[{"@type":"SearchAction","target":{"@type":"EntryPoint","urlTemplate":"https:\/\/911equipment.ca\/fr\/?s={search_term_string}"},"query-input":{"@type":"PropertyValueSpecification","valueRequired":true,"valueName":"search_term_string"}}],"inLanguage":"fr-CA"},{"@type":"Organization","@id":"https:\/\/911equipment.ca\/fr\/#organization","name":"NatPat Lt\u00e9e","url":"https:\/\/911equipment.ca\/fr\/","logo":{"@type":"ImageObject","inLanguage":"fr-CA","@id":"https:\/\/911equipment.ca\/fr\/#\/schema\/logo\/image\/","url":"https:\/\/i2.wp.com\/911equipment.ca\/wp-content\/uploads\/2020\/05\/NatPat-Logo-Oct-2010.jpg?fit=560%2C560&ssl=1","contentUrl":"https:\/\/i2.wp.com\/911equipment.ca\/wp-content\/uploads\/2020\/05\/NatPat-Logo-Oct-2010.jpg?fit=560%2C560&ssl=1","width":560,"height":560,"caption":"NatPat Lt\u00e9e"},"image":{"@id":"https:\/\/911equipment.ca\/fr\/#\/schema\/logo\/image\/"}}]}},"jetpack_sharing_enabled":true,"brands":[{"id":338,"name":"Fenix","slug":"fenix-fr"}],"_links":{"self":[{"href":"https:\/\/911equipment.ca\/fr\/wp-json\/wp\/v2\/product\/2388","targetHints":{"allow":["GET"]}}],"collection":[{"href":"https:\/\/911equipment.ca\/fr\/wp-json\/wp\/v2\/product"}],"about":[{"href":"https:\/\/911equipment.ca\/fr\/wp-json\/wp\/v2\/types\/product"}],"replies":[{"embeddable":true,"href":"https:\/\/911equipment.ca\/fr\/wp-json\/wp\/v2\/comments?post=2388"}],"wp:featuredmedia":[{"embeddable":true,"href":"https:\/\/911equipment.ca\/fr\/wp-json\/wp\/v2\/media\/2393"}],"wp:attachment":[{"href":"https:\/\/911equipment.ca\/fr\/wp-json\/wp\/v2\/media?parent=2388"}],"wp:term":[{"taxonomy":"pwb-brand","embeddable":true,"href":"https:\/\/911equipment.ca\/fr\/wp-json\/wp\/v2\/pwb-brand?post=2388"},{"taxonomy":"product_brand","embeddable":true,"href":"https:\/\/911equipment.ca\/fr\/wp-json\/wp\/v2\/product_brand?post=2388"},{"taxonomy":"product_cat","embeddable":true,"href":"https:\/\/911equipment.ca\/fr\/wp-json\/wp\/v2\/product_cat?post=2388"},{"taxonomy":"product_tag","embeddable":true,"href":"https:\/\/911equipment.ca\/fr\/wp-json\/wp\/v2\/product_tag?post=2388"}],"curies":[{"name":"wp","href":"https:\/\/api.w.org\/{rel}","templated":true}]}}