{"id":2373,"date":"2020-05-24T22:51:08","date_gmt":"2020-05-25T02:51:08","guid":{"rendered":"https:\/\/911equipment.ca\/product\/carnets-de-note-triform\/"},"modified":"2026-02-25T16:02:35","modified_gmt":"2026-02-25T21:02:35","slug":"carnets-de-note-triform","status":"publish","type":"product","link":"https:\/\/911equipment.ca\/fr\/produit\/carnets-de-note-triform\/","title":{"rendered":"Carnets de note Triform"},"content":{"rendered":"<p><strong>Caract\u00e9ristiques<\/strong><\/p>\n<ul>\n<li>200 pages d&rsquo;\u00e9criture, avec chaque page num\u00e9rot\u00e9e, 1 \u00e0 200, offrant un contr\u00f4le plus serr\u00e9 et un r\u00e9f\u00e9rencement de page exact<\/li>\n<li>Toutes les pages ont des lignes horizontales avec une colonne verticale pour jour \/ heure \/ mot-cl\u00e9<\/li>\n<li>Les pages ne tomberont pas et resteront \u00e0 plat pour une \u00e9criture plus facile en raison de la reliure de construction cousue<\/li>\n<li>Vos notes \u00e9crites se distinguent en raison de la faible couleur d&rsquo;encre bleue des lignes r\u00e9gl\u00e9es<\/li>\n<li>Le contenu des pages de texte est mis \u00e0 jour<\/li>\n<li>Les carnets mesurent 3-1\/2 \u00ab\u00a0de large par 5\u00a0\u00bb de long<\/li>\n<\/ul>\n","protected":false},"excerpt":{"rendered":"<ul>\n<li>Les carnets de police \/ s\u00e9curit\u00e9 sont partiellement bilingues (principalement en anglais) et peuvent \u00eatre utilis\u00e9s dans tout le Canada<\/li>\n<li>Le carnet fran\u00e7ais est enti\u00e8rement en fran\u00e7ais et destin\u00e9 \u00e0 \u00eatre utilis\u00e9 au Qu\u00e9bec<\/li>\n<\/ul>\n","protected":false},"featured_media":2377,"comment_status":"open","ping_status":"closed","template":"","meta":[],"pwb-brand":[347],"product_brand":[],"product_cat":[228],"product_tag":[324,323,294],"class_list":{"0":"post-2373","1":"product","2":"type-product","3":"status-publish","4":"has-post-thumbnail","6":"pwb-brand-triform-fr","7":"product_cat-carnets-et-couvertures","8":"product_tag-carnet-de-securite","9":"product_tag-livret-de-police","10":"product_tag-livret-note","12":"first","13":"instock","14":"sale","15":"featured","16":"taxable","17":"shipping-taxable","18":"purchasable","19":"product-type-variable"},"yoast_head":"<!-- This site is optimized with the Yoast SEO plugin v27.4 - https:\/\/yoast.com\/product\/yoast-seo-wordpress\/ -->\n<title>Carnet de notes pour police et s\u00e9curit\u00e9<\/title>\n<meta name=\"description\" content=\"Carnet pour la police, s\u00e9curit\u00e9 et en fran\u00e7ais pour vous aider \u00e0 accomplir vos t\u00e2ches et enregistrer vos activit\u00e9s quotidiennes.\" \/>\n<meta name=\"robots\" content=\"index, follow, max-snippet:-1, max-image-preview:large, max-video-preview:-1\" \/>\n<link rel=\"canonical\" href=\"https:\/\/911equipment.ca\/fr\/produit\/carnets-de-note-triform\/\" \/>\n<meta property=\"og:locale\" content=\"fr_CA\" \/>\n<meta property=\"og:type\" content=\"article\" \/>\n<meta property=\"og:title\" content=\"Carnet de notes pour police et s\u00e9curit\u00e9\" \/>\n<meta property=\"og:description\" content=\"Carnet pour la police, s\u00e9curit\u00e9 et en fran\u00e7ais pour vous aider \u00e0 accomplir vos t\u00e2ches et enregistrer vos activit\u00e9s quotidiennes.\" \/>\n<meta property=\"og:url\" content=\"https:\/\/911equipment.ca\/fr\/produit\/carnets-de-note-triform\/\" \/>\n<meta property=\"og:site_name\" content=\"NatPat Ltd - Canadian Police Supplies\" \/>\n<meta property=\"article:modified_time\" content=\"2026-02-25T21:02:35+00:00\" \/>\n<meta name=\"twitter:card\" content=\"summary_large_image\" \/>\n<script type=\"application\/ld+json\" class=\"yoast-schema-graph\">{\"@context\":\"https:\\\/\\\/schema.org\",\"@graph\":[{\"@type\":\"WebPage\",\"@id\":\"https:\\\/\\\/911equipment.ca\\\/fr\\\/produit\\\/carnets-de-note-triform\\\/\",\"url\":\"https:\\\/\\\/911equipment.ca\\\/fr\\\/produit\\\/carnets-de-note-triform\\\/\",\"name\":\"Carnet de notes pour police et s\u00e9curit\u00e9\",\"isPartOf\":{\"@id\":\"https:\\\/\\\/911equipment.ca\\\/fr\\\/#website\"},\"primaryImageOfPage\":{\"@id\":\"https:\\\/\\\/911equipment.ca\\\/fr\\\/produit\\\/carnets-de-note-triform\\\/#primaryimage\"},\"image\":{\"@id\":\"https:\\\/\\\/911equipment.ca\\\/fr\\\/produit\\\/carnets-de-note-triform\\\/#primaryimage\"},\"thumbnailUrl\":\"https:\\\/\\\/i0.wp.com\\\/911equipment.ca\\\/wp-content\\\/uploads\\\/2020\\\/05\\\/Notebook-All-1.jpg?fit=500%2C500&ssl=1\",\"datePublished\":\"2020-05-25T02:51:08+00:00\",\"dateModified\":\"2026-02-25T21:02:35+00:00\",\"description\":\"Carnet pour la police, s\u00e9curit\u00e9 et en fran\u00e7ais pour vous aider \u00e0 accomplir vos t\u00e2ches et enregistrer vos activit\u00e9s quotidiennes.\",\"breadcrumb\":{\"@id\":\"https:\\\/\\\/911equipment.ca\\\/fr\\\/produit\\\/carnets-de-note-triform\\\/#breadcrumb\"},\"inLanguage\":\"fr-CA\",\"potentialAction\":[{\"@type\":\"ReadAction\",\"target\":[\"https:\\\/\\\/911equipment.ca\\\/fr\\\/produit\\\/carnets-de-note-triform\\\/\"]}]},{\"@type\":\"ImageObject\",\"inLanguage\":\"fr-CA\",\"@id\":\"https:\\\/\\\/911equipment.ca\\\/fr\\\/produit\\\/carnets-de-note-triform\\\/#primaryimage\",\"url\":\"https:\\\/\\\/i0.wp.com\\\/911equipment.ca\\\/wp-content\\\/uploads\\\/2020\\\/05\\\/Notebook-All-1.jpg?fit=500%2C500&ssl=1\",\"contentUrl\":\"https:\\\/\\\/i0.wp.com\\\/911equipment.ca\\\/wp-content\\\/uploads\\\/2020\\\/05\\\/Notebook-All-1.jpg?fit=500%2C500&ssl=1\",\"width\":500,\"height\":500,\"caption\":\"Carnets de note Triform\"},{\"@type\":\"BreadcrumbList\",\"@id\":\"https:\\\/\\\/911equipment.ca\\\/fr\\\/produit\\\/carnets-de-note-triform\\\/#breadcrumb\",\"itemListElement\":[{\"@type\":\"ListItem\",\"position\":1,\"name\":\"Home\",\"item\":\"https:\\\/\\\/911equipment.ca\\\/fr\\\/\"},{\"@type\":\"ListItem\",\"position\":2,\"name\":\"Magasiner\",\"item\":\"https:\\\/\\\/911equipment.ca\\\/fr\\\/magasiner\\\/\"},{\"@type\":\"ListItem\",\"position\":3,\"name\":\"Carnets de note Triform\"}]},{\"@type\":\"WebSite\",\"@id\":\"https:\\\/\\\/911equipment.ca\\\/fr\\\/#website\",\"url\":\"https:\\\/\\\/911equipment.ca\\\/fr\\\/\",\"name\":\"Canadian Police Supplies\",\"description\":\"Online retail of police, law enforcement and security supplies, gears and equipment.\",\"publisher\":{\"@id\":\"https:\\\/\\\/911equipment.ca\\\/fr\\\/#organization\"},\"potentialAction\":[{\"@type\":\"SearchAction\",\"target\":{\"@type\":\"EntryPoint\",\"urlTemplate\":\"https:\\\/\\\/911equipment.ca\\\/fr\\\/?s={search_term_string}\"},\"query-input\":{\"@type\":\"PropertyValueSpecification\",\"valueRequired\":true,\"valueName\":\"search_term_string\"}}],\"inLanguage\":\"fr-CA\"},{\"@type\":\"Organization\",\"@id\":\"https:\\\/\\\/911equipment.ca\\\/fr\\\/#organization\",\"name\":\"NatPat Lt\u00e9e\",\"url\":\"https:\\\/\\\/911equipment.ca\\\/fr\\\/\",\"logo\":{\"@type\":\"ImageObject\",\"inLanguage\":\"fr-CA\",\"@id\":\"https:\\\/\\\/911equipment.ca\\\/fr\\\/#\\\/schema\\\/logo\\\/image\\\/\",\"url\":\"https:\\\/\\\/i2.wp.com\\\/911equipment.ca\\\/wp-content\\\/uploads\\\/2020\\\/05\\\/NatPat-Logo-Oct-2010.jpg?fit=560%2C560&ssl=1\",\"contentUrl\":\"https:\\\/\\\/i2.wp.com\\\/911equipment.ca\\\/wp-content\\\/uploads\\\/2020\\\/05\\\/NatPat-Logo-Oct-2010.jpg?fit=560%2C560&ssl=1\",\"width\":560,\"height\":560,\"caption\":\"NatPat Lt\u00e9e\"},\"image\":{\"@id\":\"https:\\\/\\\/911equipment.ca\\\/fr\\\/#\\\/schema\\\/logo\\\/image\\\/\"}}]}<\/script>\n<!-- \/ Yoast SEO plugin. -->","yoast_head_json":{"title":"Carnet de notes pour police et s\u00e9curit\u00e9","description":"Carnet pour la police, s\u00e9curit\u00e9 et en fran\u00e7ais pour vous aider \u00e0 accomplir vos t\u00e2ches et enregistrer vos activit\u00e9s quotidiennes.","robots":{"index":"index","follow":"follow","max-snippet":"max-snippet:-1","max-image-preview":"max-image-preview:large","max-video-preview":"max-video-preview:-1"},"canonical":"https:\/\/911equipment.ca\/fr\/produit\/carnets-de-note-triform\/","og_locale":"fr_CA","og_type":"article","og_title":"Carnet de notes pour police et s\u00e9curit\u00e9","og_description":"Carnet pour la police, s\u00e9curit\u00e9 et en fran\u00e7ais pour vous aider \u00e0 accomplir vos t\u00e2ches et enregistrer vos activit\u00e9s quotidiennes.","og_url":"https:\/\/911equipment.ca\/fr\/produit\/carnets-de-note-triform\/","og_site_name":"NatPat Ltd - Canadian Police Supplies","article_modified_time":"2026-02-25T21:02:35+00:00","twitter_card":"summary_large_image","schema":{"@context":"https:\/\/schema.org","@graph":[{"@type":"WebPage","@id":"https:\/\/911equipment.ca\/fr\/produit\/carnets-de-note-triform\/","url":"https:\/\/911equipment.ca\/fr\/produit\/carnets-de-note-triform\/","name":"Carnet de notes pour police et s\u00e9curit\u00e9","isPartOf":{"@id":"https:\/\/911equipment.ca\/fr\/#website"},"primaryImageOfPage":{"@id":"https:\/\/911equipment.ca\/fr\/produit\/carnets-de-note-triform\/#primaryimage"},"image":{"@id":"https:\/\/911equipment.ca\/fr\/produit\/carnets-de-note-triform\/#primaryimage"},"thumbnailUrl":"https:\/\/i0.wp.com\/911equipment.ca\/wp-content\/uploads\/2020\/05\/Notebook-All-1.jpg?fit=500%2C500&ssl=1","datePublished":"2020-05-25T02:51:08+00:00","dateModified":"2026-02-25T21:02:35+00:00","description":"Carnet pour la police, s\u00e9curit\u00e9 et en fran\u00e7ais pour vous aider \u00e0 accomplir vos t\u00e2ches et enregistrer vos activit\u00e9s quotidiennes.","breadcrumb":{"@id":"https:\/\/911equipment.ca\/fr\/produit\/carnets-de-note-triform\/#breadcrumb"},"inLanguage":"fr-CA","potentialAction":[{"@type":"ReadAction","target":["https:\/\/911equipment.ca\/fr\/produit\/carnets-de-note-triform\/"]}]},{"@type":"ImageObject","inLanguage":"fr-CA","@id":"https:\/\/911equipment.ca\/fr\/produit\/carnets-de-note-triform\/#primaryimage","url":"https:\/\/i0.wp.com\/911equipment.ca\/wp-content\/uploads\/2020\/05\/Notebook-All-1.jpg?fit=500%2C500&ssl=1","contentUrl":"https:\/\/i0.wp.com\/911equipment.ca\/wp-content\/uploads\/2020\/05\/Notebook-All-1.jpg?fit=500%2C500&ssl=1","width":500,"height":500,"caption":"Carnets de note Triform"},{"@type":"BreadcrumbList","@id":"https:\/\/911equipment.ca\/fr\/produit\/carnets-de-note-triform\/#breadcrumb","itemListElement":[{"@type":"ListItem","position":1,"name":"Home","item":"https:\/\/911equipment.ca\/fr\/"},{"@type":"ListItem","position":2,"name":"Magasiner","item":"https:\/\/911equipment.ca\/fr\/magasiner\/"},{"@type":"ListItem","position":3,"name":"Carnets de note Triform"}]},{"@type":"WebSite","@id":"https:\/\/911equipment.ca\/fr\/#website","url":"https:\/\/911equipment.ca\/fr\/","name":"Canadian Police Supplies","description":"Online retail of police, law enforcement and security supplies, gears and equipment.","publisher":{"@id":"https:\/\/911equipment.ca\/fr\/#organization"},"potentialAction":[{"@type":"SearchAction","target":{"@type":"EntryPoint","urlTemplate":"https:\/\/911equipment.ca\/fr\/?s={search_term_string}"},"query-input":{"@type":"PropertyValueSpecification","valueRequired":true,"valueName":"search_term_string"}}],"inLanguage":"fr-CA"},{"@type":"Organization","@id":"https:\/\/911equipment.ca\/fr\/#organization","name":"NatPat Lt\u00e9e","url":"https:\/\/911equipment.ca\/fr\/","logo":{"@type":"ImageObject","inLanguage":"fr-CA","@id":"https:\/\/911equipment.ca\/fr\/#\/schema\/logo\/image\/","url":"https:\/\/i2.wp.com\/911equipment.ca\/wp-content\/uploads\/2020\/05\/NatPat-Logo-Oct-2010.jpg?fit=560%2C560&ssl=1","contentUrl":"https:\/\/i2.wp.com\/911equipment.ca\/wp-content\/uploads\/2020\/05\/NatPat-Logo-Oct-2010.jpg?fit=560%2C560&ssl=1","width":560,"height":560,"caption":"NatPat Lt\u00e9e"},"image":{"@id":"https:\/\/911equipment.ca\/fr\/#\/schema\/logo\/image\/"}}]}},"jetpack_sharing_enabled":true,"brands":[{"id":347,"name":"Triform","slug":"triform-fr"}],"_links":{"self":[{"href":"https:\/\/911equipment.ca\/fr\/wp-json\/wp\/v2\/product\/2373","targetHints":{"allow":["GET"]}}],"collection":[{"href":"https:\/\/911equipment.ca\/fr\/wp-json\/wp\/v2\/product"}],"about":[{"href":"https:\/\/911equipment.ca\/fr\/wp-json\/wp\/v2\/types\/product"}],"replies":[{"embeddable":true,"href":"https:\/\/911equipment.ca\/fr\/wp-json\/wp\/v2\/comments?post=2373"}],"wp:featuredmedia":[{"embeddable":true,"href":"https:\/\/911equipment.ca\/fr\/wp-json\/wp\/v2\/media\/2377"}],"wp:attachment":[{"href":"https:\/\/911equipment.ca\/fr\/wp-json\/wp\/v2\/media?parent=2373"}],"wp:term":[{"taxonomy":"pwb-brand","embeddable":true,"href":"https:\/\/911equipment.ca\/fr\/wp-json\/wp\/v2\/pwb-brand?post=2373"},{"taxonomy":"product_brand","embeddable":true,"href":"https:\/\/911equipment.ca\/fr\/wp-json\/wp\/v2\/product_brand?post=2373"},{"taxonomy":"product_cat","embeddable":true,"href":"https:\/\/911equipment.ca\/fr\/wp-json\/wp\/v2\/product_cat?post=2373"},{"taxonomy":"product_tag","embeddable":true,"href":"https:\/\/911equipment.ca\/fr\/wp-json\/wp\/v2\/product_tag?post=2373"}],"curies":[{"name":"wp","href":"https:\/\/api.w.org\/{rel}","templated":true}]}}