{"id":2353,"date":"2020-05-24T02:33:41","date_gmt":"2020-05-24T06:33:41","guid":{"rendered":"https:\/\/911equipment.ca\/product\/peerless-a-maillons\/"},"modified":"2025-01-31T02:15:43","modified_gmt":"2025-01-31T07:15:43","slug":"peerless-a-maillons","status":"publish","type":"product","link":"https:\/\/911equipment.ca\/fr\/produit\/peerless-a-maillons\/","title":{"rendered":"Peerless \u00e0 maillons"},"content":{"rendered":"<p>Les bords profil\u00e9s minimisent le risque de l\u00e9sion tissulaire et nerveuse. Le mod\u00e8le 700 a \u00e9t\u00e9 approuv\u00e9 par l&rsquo;Institut national de la justice. Il est livr\u00e9 avec une garantie \u00e0 vie pour les d\u00e9fauts de fabrication.<\/p>\n<ul>\n<li>Fabriqu\u00e9 en acier au carbone et nickel ou en acier au carbone pentrate<\/li>\n<li>Disponible en finition nickel ou noir<\/li>\n<li>Inclu 2 petites cl\u00e9s<\/li>\n<li>Poids: 10 oz<\/li>\n<li>Ouverture minimale: 51 mm \/ 2 pouces<\/li>\n<li>P\u00e9rim\u00e8tre int\u00e9rieur minimum: 150 mm \/ 5,9 pouces<\/li>\n<li>P\u00e9rim\u00e8tre int\u00e9rieur maximum: 211 mm \/ 8,3 pouces<\/li>\n<li>Longueur totale maximale: 236 mm \/ 9,3 pouces<\/li>\n<\/ul>\n","protected":false},"excerpt":{"rendered":"<p>Le mod\u00e8le 700 int\u00e8gre d\u00e9sormais une construction de rivet fil\u00e9 pour une r\u00e9sistance et une durabilit\u00e9 accrues. L&rsquo;action simple unique permet un utilisation rapide et efficace.<\/p>\n","protected":false},"featured_media":2354,"comment_status":"open","ping_status":"closed","template":"","meta":[],"pwb-brand":[344],"product_brand":[],"product_cat":[212],"product_tag":[319,316,317],"class_list":{"0":"post-2353","1":"product","2":"type-product","3":"status-publish","4":"has-post-thumbnail","6":"pwb-brand-peerless-fr","7":"product_cat-menottes","8":"product_tag-a-maillons","9":"product_tag-menottes","10":"product_tag-peerless-fr","12":"first","13":"outofstock","14":"sale","15":"taxable","16":"shipping-taxable","17":"purchasable","18":"product-type-variable"},"yoast_head":"<!-- This site is optimized with the Yoast SEO plugin v27.3 - https:\/\/yoast.com\/product\/yoast-seo-wordpress\/ -->\n<title>Menottes \u00e0 maillons Peerless<\/title>\n<meta name=\"description\" content=\"Les menottes Peerless offrent une action simple et efficace tout en minimisant le risque de l\u00e9sion tissulaire et nerveuse.\" \/>\n<meta name=\"robots\" content=\"index, follow, max-snippet:-1, max-image-preview:large, max-video-preview:-1\" \/>\n<link rel=\"canonical\" href=\"https:\/\/911equipment.ca\/fr\/produit\/peerless-a-maillons\/\" \/>\n<meta property=\"og:locale\" content=\"fr_CA\" \/>\n<meta property=\"og:type\" content=\"article\" \/>\n<meta property=\"og:title\" content=\"Menottes \u00e0 maillons Peerless\" \/>\n<meta property=\"og:description\" content=\"Les menottes Peerless offrent une action simple et efficace tout en minimisant le risque de l\u00e9sion tissulaire et nerveuse.\" \/>\n<meta property=\"og:url\" content=\"https:\/\/911equipment.ca\/fr\/produit\/peerless-a-maillons\/\" \/>\n<meta property=\"og:site_name\" content=\"NatPat Ltd - Canadian Police Supplies\" \/>\n<meta property=\"article:modified_time\" content=\"2025-01-31T07:15:43+00:00\" \/>\n<meta property=\"og:image\" content=\"https:\/\/911equipment.ca\/wp-content\/uploads\/2020\/05\/m700-1.jpg\" \/>\n\t<meta property=\"og:image:width\" content=\"315\" \/>\n\t<meta property=\"og:image:height\" content=\"315\" \/>\n\t<meta property=\"og:image:type\" content=\"image\/jpeg\" \/>\n<meta name=\"twitter:card\" content=\"summary_large_image\" \/>\n<script type=\"application\/ld+json\" class=\"yoast-schema-graph\">{\"@context\":\"https:\\\/\\\/schema.org\",\"@graph\":[{\"@type\":\"WebPage\",\"@id\":\"https:\\\/\\\/911equipment.ca\\\/fr\\\/produit\\\/peerless-a-maillons\\\/\",\"url\":\"https:\\\/\\\/911equipment.ca\\\/fr\\\/produit\\\/peerless-a-maillons\\\/\",\"name\":\"Menottes \u00e0 maillons Peerless\",\"isPartOf\":{\"@id\":\"https:\\\/\\\/911equipment.ca\\\/fr\\\/#website\"},\"primaryImageOfPage\":{\"@id\":\"https:\\\/\\\/911equipment.ca\\\/fr\\\/produit\\\/peerless-a-maillons\\\/#primaryimage\"},\"image\":{\"@id\":\"https:\\\/\\\/911equipment.ca\\\/fr\\\/produit\\\/peerless-a-maillons\\\/#primaryimage\"},\"thumbnailUrl\":\"https:\\\/\\\/i0.wp.com\\\/911equipment.ca\\\/wp-content\\\/uploads\\\/2020\\\/05\\\/m700-1.jpg?fit=315%2C315&ssl=1\",\"datePublished\":\"2020-05-24T06:33:41+00:00\",\"dateModified\":\"2025-01-31T07:15:43+00:00\",\"description\":\"Les menottes Peerless offrent une action simple et efficace tout en minimisant le risque de l\u00e9sion tissulaire et nerveuse.\",\"breadcrumb\":{\"@id\":\"https:\\\/\\\/911equipment.ca\\\/fr\\\/produit\\\/peerless-a-maillons\\\/#breadcrumb\"},\"inLanguage\":\"fr-CA\",\"potentialAction\":[{\"@type\":\"ReadAction\",\"target\":[\"https:\\\/\\\/911equipment.ca\\\/fr\\\/produit\\\/peerless-a-maillons\\\/\"]}]},{\"@type\":\"ImageObject\",\"inLanguage\":\"fr-CA\",\"@id\":\"https:\\\/\\\/911equipment.ca\\\/fr\\\/produit\\\/peerless-a-maillons\\\/#primaryimage\",\"url\":\"https:\\\/\\\/i0.wp.com\\\/911equipment.ca\\\/wp-content\\\/uploads\\\/2020\\\/05\\\/m700-1.jpg?fit=315%2C315&ssl=1\",\"contentUrl\":\"https:\\\/\\\/i0.wp.com\\\/911equipment.ca\\\/wp-content\\\/uploads\\\/2020\\\/05\\\/m700-1.jpg?fit=315%2C315&ssl=1\",\"width\":315,\"height\":315,\"caption\":\"Menottes Peerless \u00e0 maillons fini nickel\"},{\"@type\":\"BreadcrumbList\",\"@id\":\"https:\\\/\\\/911equipment.ca\\\/fr\\\/produit\\\/peerless-a-maillons\\\/#breadcrumb\",\"itemListElement\":[{\"@type\":\"ListItem\",\"position\":1,\"name\":\"Home\",\"item\":\"https:\\\/\\\/911equipment.ca\\\/fr\\\/\"},{\"@type\":\"ListItem\",\"position\":2,\"name\":\"Magasiner\",\"item\":\"https:\\\/\\\/911equipment.ca\\\/fr\\\/magasiner\\\/\"},{\"@type\":\"ListItem\",\"position\":3,\"name\":\"Peerless \u00e0 maillons\"}]},{\"@type\":\"WebSite\",\"@id\":\"https:\\\/\\\/911equipment.ca\\\/fr\\\/#website\",\"url\":\"https:\\\/\\\/911equipment.ca\\\/fr\\\/\",\"name\":\"Canadian Police Supplies\",\"description\":\"Online retail of police, law enforcement and security supplies, gears and equipment.\",\"publisher\":{\"@id\":\"https:\\\/\\\/911equipment.ca\\\/fr\\\/#organization\"},\"potentialAction\":[{\"@type\":\"SearchAction\",\"target\":{\"@type\":\"EntryPoint\",\"urlTemplate\":\"https:\\\/\\\/911equipment.ca\\\/fr\\\/?s={search_term_string}\"},\"query-input\":{\"@type\":\"PropertyValueSpecification\",\"valueRequired\":true,\"valueName\":\"search_term_string\"}}],\"inLanguage\":\"fr-CA\"},{\"@type\":\"Organization\",\"@id\":\"https:\\\/\\\/911equipment.ca\\\/fr\\\/#organization\",\"name\":\"NatPat Lt\u00e9e\",\"url\":\"https:\\\/\\\/911equipment.ca\\\/fr\\\/\",\"logo\":{\"@type\":\"ImageObject\",\"inLanguage\":\"fr-CA\",\"@id\":\"https:\\\/\\\/911equipment.ca\\\/fr\\\/#\\\/schema\\\/logo\\\/image\\\/\",\"url\":\"https:\\\/\\\/i2.wp.com\\\/911equipment.ca\\\/wp-content\\\/uploads\\\/2020\\\/05\\\/NatPat-Logo-Oct-2010.jpg?fit=560%2C560&ssl=1\",\"contentUrl\":\"https:\\\/\\\/i2.wp.com\\\/911equipment.ca\\\/wp-content\\\/uploads\\\/2020\\\/05\\\/NatPat-Logo-Oct-2010.jpg?fit=560%2C560&ssl=1\",\"width\":560,\"height\":560,\"caption\":\"NatPat Lt\u00e9e\"},\"image\":{\"@id\":\"https:\\\/\\\/911equipment.ca\\\/fr\\\/#\\\/schema\\\/logo\\\/image\\\/\"}}]}<\/script>\n<!-- \/ Yoast SEO plugin. -->","yoast_head_json":{"title":"Menottes \u00e0 maillons Peerless","description":"Les menottes Peerless offrent une action simple et efficace tout en minimisant le risque de l\u00e9sion tissulaire et nerveuse.","robots":{"index":"index","follow":"follow","max-snippet":"max-snippet:-1","max-image-preview":"max-image-preview:large","max-video-preview":"max-video-preview:-1"},"canonical":"https:\/\/911equipment.ca\/fr\/produit\/peerless-a-maillons\/","og_locale":"fr_CA","og_type":"article","og_title":"Menottes \u00e0 maillons Peerless","og_description":"Les menottes Peerless offrent une action simple et efficace tout en minimisant le risque de l\u00e9sion tissulaire et nerveuse.","og_url":"https:\/\/911equipment.ca\/fr\/produit\/peerless-a-maillons\/","og_site_name":"NatPat Ltd - Canadian Police Supplies","article_modified_time":"2025-01-31T07:15:43+00:00","og_image":[{"width":315,"height":315,"url":"https:\/\/911equipment.ca\/wp-content\/uploads\/2020\/05\/m700-1.jpg","type":"image\/jpeg"}],"twitter_card":"summary_large_image","schema":{"@context":"https:\/\/schema.org","@graph":[{"@type":"WebPage","@id":"https:\/\/911equipment.ca\/fr\/produit\/peerless-a-maillons\/","url":"https:\/\/911equipment.ca\/fr\/produit\/peerless-a-maillons\/","name":"Menottes \u00e0 maillons Peerless","isPartOf":{"@id":"https:\/\/911equipment.ca\/fr\/#website"},"primaryImageOfPage":{"@id":"https:\/\/911equipment.ca\/fr\/produit\/peerless-a-maillons\/#primaryimage"},"image":{"@id":"https:\/\/911equipment.ca\/fr\/produit\/peerless-a-maillons\/#primaryimage"},"thumbnailUrl":"https:\/\/i0.wp.com\/911equipment.ca\/wp-content\/uploads\/2020\/05\/m700-1.jpg?fit=315%2C315&ssl=1","datePublished":"2020-05-24T06:33:41+00:00","dateModified":"2025-01-31T07:15:43+00:00","description":"Les menottes Peerless offrent une action simple et efficace tout en minimisant le risque de l\u00e9sion tissulaire et nerveuse.","breadcrumb":{"@id":"https:\/\/911equipment.ca\/fr\/produit\/peerless-a-maillons\/#breadcrumb"},"inLanguage":"fr-CA","potentialAction":[{"@type":"ReadAction","target":["https:\/\/911equipment.ca\/fr\/produit\/peerless-a-maillons\/"]}]},{"@type":"ImageObject","inLanguage":"fr-CA","@id":"https:\/\/911equipment.ca\/fr\/produit\/peerless-a-maillons\/#primaryimage","url":"https:\/\/i0.wp.com\/911equipment.ca\/wp-content\/uploads\/2020\/05\/m700-1.jpg?fit=315%2C315&ssl=1","contentUrl":"https:\/\/i0.wp.com\/911equipment.ca\/wp-content\/uploads\/2020\/05\/m700-1.jpg?fit=315%2C315&ssl=1","width":315,"height":315,"caption":"Menottes Peerless \u00e0 maillons fini nickel"},{"@type":"BreadcrumbList","@id":"https:\/\/911equipment.ca\/fr\/produit\/peerless-a-maillons\/#breadcrumb","itemListElement":[{"@type":"ListItem","position":1,"name":"Home","item":"https:\/\/911equipment.ca\/fr\/"},{"@type":"ListItem","position":2,"name":"Magasiner","item":"https:\/\/911equipment.ca\/fr\/magasiner\/"},{"@type":"ListItem","position":3,"name":"Peerless \u00e0 maillons"}]},{"@type":"WebSite","@id":"https:\/\/911equipment.ca\/fr\/#website","url":"https:\/\/911equipment.ca\/fr\/","name":"Canadian Police Supplies","description":"Online retail of police, law enforcement and security supplies, gears and equipment.","publisher":{"@id":"https:\/\/911equipment.ca\/fr\/#organization"},"potentialAction":[{"@type":"SearchAction","target":{"@type":"EntryPoint","urlTemplate":"https:\/\/911equipment.ca\/fr\/?s={search_term_string}"},"query-input":{"@type":"PropertyValueSpecification","valueRequired":true,"valueName":"search_term_string"}}],"inLanguage":"fr-CA"},{"@type":"Organization","@id":"https:\/\/911equipment.ca\/fr\/#organization","name":"NatPat Lt\u00e9e","url":"https:\/\/911equipment.ca\/fr\/","logo":{"@type":"ImageObject","inLanguage":"fr-CA","@id":"https:\/\/911equipment.ca\/fr\/#\/schema\/logo\/image\/","url":"https:\/\/i2.wp.com\/911equipment.ca\/wp-content\/uploads\/2020\/05\/NatPat-Logo-Oct-2010.jpg?fit=560%2C560&ssl=1","contentUrl":"https:\/\/i2.wp.com\/911equipment.ca\/wp-content\/uploads\/2020\/05\/NatPat-Logo-Oct-2010.jpg?fit=560%2C560&ssl=1","width":560,"height":560,"caption":"NatPat Lt\u00e9e"},"image":{"@id":"https:\/\/911equipment.ca\/fr\/#\/schema\/logo\/image\/"}}]}},"jetpack_sharing_enabled":true,"brands":[{"id":344,"name":"Peerless","slug":"peerless-fr"}],"_links":{"self":[{"href":"https:\/\/911equipment.ca\/fr\/wp-json\/wp\/v2\/product\/2353","targetHints":{"allow":["GET"]}}],"collection":[{"href":"https:\/\/911equipment.ca\/fr\/wp-json\/wp\/v2\/product"}],"about":[{"href":"https:\/\/911equipment.ca\/fr\/wp-json\/wp\/v2\/types\/product"}],"replies":[{"embeddable":true,"href":"https:\/\/911equipment.ca\/fr\/wp-json\/wp\/v2\/comments?post=2353"}],"wp:featuredmedia":[{"embeddable":true,"href":"https:\/\/911equipment.ca\/fr\/wp-json\/wp\/v2\/media\/2354"}],"wp:attachment":[{"href":"https:\/\/911equipment.ca\/fr\/wp-json\/wp\/v2\/media?parent=2353"}],"wp:term":[{"taxonomy":"pwb-brand","embeddable":true,"href":"https:\/\/911equipment.ca\/fr\/wp-json\/wp\/v2\/pwb-brand?post=2353"},{"taxonomy":"product_brand","embeddable":true,"href":"https:\/\/911equipment.ca\/fr\/wp-json\/wp\/v2\/product_brand?post=2353"},{"taxonomy":"product_cat","embeddable":true,"href":"https:\/\/911equipment.ca\/fr\/wp-json\/wp\/v2\/product_cat?post=2353"},{"taxonomy":"product_tag","embeddable":true,"href":"https:\/\/911equipment.ca\/fr\/wp-json\/wp\/v2\/product_tag?post=2353"}],"curies":[{"name":"wp","href":"https:\/\/api.w.org\/{rel}","templated":true}]}}