{"id":2348,"date":"2020-05-24T02:34:52","date_gmt":"2020-05-24T06:34:52","guid":{"rendered":"https:\/\/911equipment.ca\/product\/peerless-a-charnieres\/"},"modified":"2024-05-29T10:47:12","modified_gmt":"2024-05-29T14:47:12","slug":"peerless-a-charnieres","status":"publish","type":"product","link":"https:\/\/911equipment.ca\/fr\/produit\/peerless-a-charnieres\/","title":{"rendered":"Peerless \u00e0 charni\u00e8res"},"content":{"rendered":"<p>Ce mod\u00e8le a la capacit\u00e9 de se plier \u00e0 plat pour un rangement compact. Il a un p\u00e9rim\u00e8tre int\u00e9rieur 10% plus grand que le mod\u00e8le 700. Approuv\u00e9 par l&rsquo;Institut Nationale de Justice. Garantie \u00e0 vie pour les d\u00e9fauts de fabrication.<\/p>\n<ul>\n<li>Fabriqu\u00e9 en acier au carbone et nickel ou en acier au carbone et pentrate<\/li>\n<li>Disponible en finition nickel ou noir<\/li>\n<li>Inclu 2 petites cl\u00e9s<\/li>\n<li>Poids: 12 oz<\/li>\n<li>Ouverture minimale: 56 mm \/ 2,2 pouces<\/li>\n<li>P\u00e9rim\u00e8tre int\u00e9rieur minimum: 163 mm \/ 6,4 pouces<\/li>\n<li>P\u00e9rim\u00e8tre int\u00e9rieur maximum: 231 mm \/ 9,1 pouces<\/li>\n<li>Longueur totale maximale: 216 mm \/ 8,5 pouces<\/li>\n<\/ul>\n","protected":false},"excerpt":{"rendered":"<p>Le mod\u00e8le 801 offre une retenue suppl\u00e9mentaire en limitant plus efficacement les mouvements des mains et des bras. Ils pr\u00e9sentent une construction enti\u00e8rement en acier, des rivets fil\u00e9s, des bords usin\u00e9s et une action simple lisse.<\/p>\n","protected":false},"featured_media":2351,"comment_status":"open","ping_status":"closed","template":"","meta":[],"pwb-brand":[344],"product_brand":[],"product_cat":[212],"product_tag":[316,318,317],"class_list":{"0":"post-2348","1":"product","2":"type-product","3":"status-publish","4":"has-post-thumbnail","6":"pwb-brand-peerless-fr","7":"product_cat-menottes","8":"product_tag-menottes","9":"product_tag-menottes-a-charnieres","10":"product_tag-peerless-fr","12":"first","13":"instock","14":"sale","15":"taxable","16":"shipping-taxable","17":"purchasable","18":"product-type-variable"},"yoast_head":"<!-- This site is optimized with the Yoast SEO plugin v27.3 - https:\/\/yoast.com\/product\/yoast-seo-wordpress\/ -->\n<title>Peerless \u00e0 charni\u00e8res - NatPat Ltd - Canadian Police Supplies<\/title>\n<meta name=\"description\" content=\"Les menottes \u00e0 charni\u00e8res Peerless sont construites en acier avec action simple. Elles offrent un resserrement plus efficace pour utilisation de police.\" \/>\n<meta name=\"robots\" content=\"index, follow, max-snippet:-1, max-image-preview:large, max-video-preview:-1\" \/>\n<link rel=\"canonical\" href=\"https:\/\/911equipment.ca\/fr\/produit\/peerless-a-charnieres\/\" \/>\n<meta property=\"og:locale\" content=\"fr_CA\" \/>\n<meta property=\"og:type\" content=\"article\" \/>\n<meta property=\"og:title\" content=\"Peerless \u00e0 charni\u00e8res - NatPat Ltd - Canadian Police Supplies\" \/>\n<meta property=\"og:description\" content=\"Les menottes \u00e0 charni\u00e8res Peerless sont construites en acier avec action simple. Elles offrent un resserrement plus efficace pour utilisation de police.\" \/>\n<meta property=\"og:url\" content=\"https:\/\/911equipment.ca\/fr\/produit\/peerless-a-charnieres\/\" \/>\n<meta property=\"og:site_name\" content=\"NatPat Ltd - Canadian Police Supplies\" \/>\n<meta property=\"article:modified_time\" content=\"2024-05-29T14:47:12+00:00\" \/>\n<meta name=\"twitter:card\" content=\"summary_large_image\" \/>\n<script type=\"application\/ld+json\" class=\"yoast-schema-graph\">{\"@context\":\"https:\\\/\\\/schema.org\",\"@graph\":[{\"@type\":\"WebPage\",\"@id\":\"https:\\\/\\\/911equipment.ca\\\/fr\\\/produit\\\/peerless-a-charnieres\\\/\",\"url\":\"https:\\\/\\\/911equipment.ca\\\/fr\\\/produit\\\/peerless-a-charnieres\\\/\",\"name\":\"Peerless \u00e0 charni\u00e8res - NatPat Ltd - Canadian Police Supplies\",\"isPartOf\":{\"@id\":\"https:\\\/\\\/911equipment.ca\\\/fr\\\/#website\"},\"primaryImageOfPage\":{\"@id\":\"https:\\\/\\\/911equipment.ca\\\/fr\\\/produit\\\/peerless-a-charnieres\\\/#primaryimage\"},\"image\":{\"@id\":\"https:\\\/\\\/911equipment.ca\\\/fr\\\/produit\\\/peerless-a-charnieres\\\/#primaryimage\"},\"thumbnailUrl\":\"https:\\\/\\\/i0.wp.com\\\/911equipment.ca\\\/wp-content\\\/uploads\\\/2020\\\/05\\\/m801-1.jpg?fit=315%2C315&ssl=1\",\"datePublished\":\"2020-05-24T06:34:52+00:00\",\"dateModified\":\"2024-05-29T14:47:12+00:00\",\"description\":\"Les menottes \u00e0 charni\u00e8res Peerless sont construites en acier avec action simple. Elles offrent un resserrement plus efficace pour utilisation de police.\",\"breadcrumb\":{\"@id\":\"https:\\\/\\\/911equipment.ca\\\/fr\\\/produit\\\/peerless-a-charnieres\\\/#breadcrumb\"},\"inLanguage\":\"fr-CA\",\"potentialAction\":[{\"@type\":\"ReadAction\",\"target\":[\"https:\\\/\\\/911equipment.ca\\\/fr\\\/produit\\\/peerless-a-charnieres\\\/\"]}]},{\"@type\":\"ImageObject\",\"inLanguage\":\"fr-CA\",\"@id\":\"https:\\\/\\\/911equipment.ca\\\/fr\\\/produit\\\/peerless-a-charnieres\\\/#primaryimage\",\"url\":\"https:\\\/\\\/i0.wp.com\\\/911equipment.ca\\\/wp-content\\\/uploads\\\/2020\\\/05\\\/m801-1.jpg?fit=315%2C315&ssl=1\",\"contentUrl\":\"https:\\\/\\\/i0.wp.com\\\/911equipment.ca\\\/wp-content\\\/uploads\\\/2020\\\/05\\\/m801-1.jpg?fit=315%2C315&ssl=1\",\"width\":315,\"height\":315,\"caption\":\"Menottes Peerless \u00e0 charni\u00e8res fini nickel\"},{\"@type\":\"BreadcrumbList\",\"@id\":\"https:\\\/\\\/911equipment.ca\\\/fr\\\/produit\\\/peerless-a-charnieres\\\/#breadcrumb\",\"itemListElement\":[{\"@type\":\"ListItem\",\"position\":1,\"name\":\"Home\",\"item\":\"https:\\\/\\\/911equipment.ca\\\/fr\\\/\"},{\"@type\":\"ListItem\",\"position\":2,\"name\":\"Magasiner\",\"item\":\"https:\\\/\\\/911equipment.ca\\\/fr\\\/magasiner\\\/\"},{\"@type\":\"ListItem\",\"position\":3,\"name\":\"Peerless \u00e0 charni\u00e8res\"}]},{\"@type\":\"WebSite\",\"@id\":\"https:\\\/\\\/911equipment.ca\\\/fr\\\/#website\",\"url\":\"https:\\\/\\\/911equipment.ca\\\/fr\\\/\",\"name\":\"Canadian Police Supplies\",\"description\":\"Online retail of police, law enforcement and security supplies, gears and equipment.\",\"publisher\":{\"@id\":\"https:\\\/\\\/911equipment.ca\\\/fr\\\/#organization\"},\"potentialAction\":[{\"@type\":\"SearchAction\",\"target\":{\"@type\":\"EntryPoint\",\"urlTemplate\":\"https:\\\/\\\/911equipment.ca\\\/fr\\\/?s={search_term_string}\"},\"query-input\":{\"@type\":\"PropertyValueSpecification\",\"valueRequired\":true,\"valueName\":\"search_term_string\"}}],\"inLanguage\":\"fr-CA\"},{\"@type\":\"Organization\",\"@id\":\"https:\\\/\\\/911equipment.ca\\\/fr\\\/#organization\",\"name\":\"NatPat Lt\u00e9e\",\"url\":\"https:\\\/\\\/911equipment.ca\\\/fr\\\/\",\"logo\":{\"@type\":\"ImageObject\",\"inLanguage\":\"fr-CA\",\"@id\":\"https:\\\/\\\/911equipment.ca\\\/fr\\\/#\\\/schema\\\/logo\\\/image\\\/\",\"url\":\"https:\\\/\\\/i2.wp.com\\\/911equipment.ca\\\/wp-content\\\/uploads\\\/2020\\\/05\\\/NatPat-Logo-Oct-2010.jpg?fit=560%2C560&ssl=1\",\"contentUrl\":\"https:\\\/\\\/i2.wp.com\\\/911equipment.ca\\\/wp-content\\\/uploads\\\/2020\\\/05\\\/NatPat-Logo-Oct-2010.jpg?fit=560%2C560&ssl=1\",\"width\":560,\"height\":560,\"caption\":\"NatPat Lt\u00e9e\"},\"image\":{\"@id\":\"https:\\\/\\\/911equipment.ca\\\/fr\\\/#\\\/schema\\\/logo\\\/image\\\/\"}}]}<\/script>\n<!-- \/ Yoast SEO plugin. -->","yoast_head_json":{"title":"Peerless \u00e0 charni\u00e8res - NatPat Ltd - Canadian Police Supplies","description":"Les menottes \u00e0 charni\u00e8res Peerless sont construites en acier avec action simple. Elles offrent un resserrement plus efficace pour utilisation de police.","robots":{"index":"index","follow":"follow","max-snippet":"max-snippet:-1","max-image-preview":"max-image-preview:large","max-video-preview":"max-video-preview:-1"},"canonical":"https:\/\/911equipment.ca\/fr\/produit\/peerless-a-charnieres\/","og_locale":"fr_CA","og_type":"article","og_title":"Peerless \u00e0 charni\u00e8res - NatPat Ltd - Canadian Police Supplies","og_description":"Les menottes \u00e0 charni\u00e8res Peerless sont construites en acier avec action simple. Elles offrent un resserrement plus efficace pour utilisation de police.","og_url":"https:\/\/911equipment.ca\/fr\/produit\/peerless-a-charnieres\/","og_site_name":"NatPat Ltd - Canadian Police Supplies","article_modified_time":"2024-05-29T14:47:12+00:00","twitter_card":"summary_large_image","schema":{"@context":"https:\/\/schema.org","@graph":[{"@type":"WebPage","@id":"https:\/\/911equipment.ca\/fr\/produit\/peerless-a-charnieres\/","url":"https:\/\/911equipment.ca\/fr\/produit\/peerless-a-charnieres\/","name":"Peerless \u00e0 charni\u00e8res - NatPat Ltd - Canadian Police Supplies","isPartOf":{"@id":"https:\/\/911equipment.ca\/fr\/#website"},"primaryImageOfPage":{"@id":"https:\/\/911equipment.ca\/fr\/produit\/peerless-a-charnieres\/#primaryimage"},"image":{"@id":"https:\/\/911equipment.ca\/fr\/produit\/peerless-a-charnieres\/#primaryimage"},"thumbnailUrl":"https:\/\/i0.wp.com\/911equipment.ca\/wp-content\/uploads\/2020\/05\/m801-1.jpg?fit=315%2C315&ssl=1","datePublished":"2020-05-24T06:34:52+00:00","dateModified":"2024-05-29T14:47:12+00:00","description":"Les menottes \u00e0 charni\u00e8res Peerless sont construites en acier avec action simple. Elles offrent un resserrement plus efficace pour utilisation de police.","breadcrumb":{"@id":"https:\/\/911equipment.ca\/fr\/produit\/peerless-a-charnieres\/#breadcrumb"},"inLanguage":"fr-CA","potentialAction":[{"@type":"ReadAction","target":["https:\/\/911equipment.ca\/fr\/produit\/peerless-a-charnieres\/"]}]},{"@type":"ImageObject","inLanguage":"fr-CA","@id":"https:\/\/911equipment.ca\/fr\/produit\/peerless-a-charnieres\/#primaryimage","url":"https:\/\/i0.wp.com\/911equipment.ca\/wp-content\/uploads\/2020\/05\/m801-1.jpg?fit=315%2C315&ssl=1","contentUrl":"https:\/\/i0.wp.com\/911equipment.ca\/wp-content\/uploads\/2020\/05\/m801-1.jpg?fit=315%2C315&ssl=1","width":315,"height":315,"caption":"Menottes Peerless \u00e0 charni\u00e8res fini nickel"},{"@type":"BreadcrumbList","@id":"https:\/\/911equipment.ca\/fr\/produit\/peerless-a-charnieres\/#breadcrumb","itemListElement":[{"@type":"ListItem","position":1,"name":"Home","item":"https:\/\/911equipment.ca\/fr\/"},{"@type":"ListItem","position":2,"name":"Magasiner","item":"https:\/\/911equipment.ca\/fr\/magasiner\/"},{"@type":"ListItem","position":3,"name":"Peerless \u00e0 charni\u00e8res"}]},{"@type":"WebSite","@id":"https:\/\/911equipment.ca\/fr\/#website","url":"https:\/\/911equipment.ca\/fr\/","name":"Canadian Police Supplies","description":"Online retail of police, law enforcement and security supplies, gears and equipment.","publisher":{"@id":"https:\/\/911equipment.ca\/fr\/#organization"},"potentialAction":[{"@type":"SearchAction","target":{"@type":"EntryPoint","urlTemplate":"https:\/\/911equipment.ca\/fr\/?s={search_term_string}"},"query-input":{"@type":"PropertyValueSpecification","valueRequired":true,"valueName":"search_term_string"}}],"inLanguage":"fr-CA"},{"@type":"Organization","@id":"https:\/\/911equipment.ca\/fr\/#organization","name":"NatPat Lt\u00e9e","url":"https:\/\/911equipment.ca\/fr\/","logo":{"@type":"ImageObject","inLanguage":"fr-CA","@id":"https:\/\/911equipment.ca\/fr\/#\/schema\/logo\/image\/","url":"https:\/\/i2.wp.com\/911equipment.ca\/wp-content\/uploads\/2020\/05\/NatPat-Logo-Oct-2010.jpg?fit=560%2C560&ssl=1","contentUrl":"https:\/\/i2.wp.com\/911equipment.ca\/wp-content\/uploads\/2020\/05\/NatPat-Logo-Oct-2010.jpg?fit=560%2C560&ssl=1","width":560,"height":560,"caption":"NatPat Lt\u00e9e"},"image":{"@id":"https:\/\/911equipment.ca\/fr\/#\/schema\/logo\/image\/"}}]}},"jetpack_sharing_enabled":true,"brands":[{"id":344,"name":"Peerless","slug":"peerless-fr"}],"_links":{"self":[{"href":"https:\/\/911equipment.ca\/fr\/wp-json\/wp\/v2\/product\/2348","targetHints":{"allow":["GET"]}}],"collection":[{"href":"https:\/\/911equipment.ca\/fr\/wp-json\/wp\/v2\/product"}],"about":[{"href":"https:\/\/911equipment.ca\/fr\/wp-json\/wp\/v2\/types\/product"}],"replies":[{"embeddable":true,"href":"https:\/\/911equipment.ca\/fr\/wp-json\/wp\/v2\/comments?post=2348"}],"wp:featuredmedia":[{"embeddable":true,"href":"https:\/\/911equipment.ca\/fr\/wp-json\/wp\/v2\/media\/2351"}],"wp:attachment":[{"href":"https:\/\/911equipment.ca\/fr\/wp-json\/wp\/v2\/media?parent=2348"}],"wp:term":[{"taxonomy":"pwb-brand","embeddable":true,"href":"https:\/\/911equipment.ca\/fr\/wp-json\/wp\/v2\/pwb-brand?post=2348"},{"taxonomy":"product_brand","embeddable":true,"href":"https:\/\/911equipment.ca\/fr\/wp-json\/wp\/v2\/product_brand?post=2348"},{"taxonomy":"product_cat","embeddable":true,"href":"https:\/\/911equipment.ca\/fr\/wp-json\/wp\/v2\/product_cat?post=2348"},{"taxonomy":"product_tag","embeddable":true,"href":"https:\/\/911equipment.ca\/fr\/wp-json\/wp\/v2\/product_tag?post=2348"}],"curies":[{"name":"wp","href":"https:\/\/api.w.org\/{rel}","templated":true}]}}