{"id":2295,"date":"2020-05-25T14:36:36","date_gmt":"2020-05-25T18:36:36","guid":{"rendered":"https:\/\/911equipment.ca\/product\/portefeuille-perfect-fit-modele-100\/"},"modified":"2024-05-29T10:39:44","modified_gmt":"2024-05-29T14:39:44","slug":"portefeuille-perfect-fit-modele-100","status":"publish","type":"product","link":"https:\/\/911equipment.ca\/fr\/produit\/portefeuille-perfect-fit-modele-100\/","title":{"rendered":"Portefeuille Perfect Fit mod\u00e8le 100"},"content":{"rendered":"<p>Perfect Fit fabrique les meilleurs portefeuilles de badges au monde. Ils sont fabriqu\u00e9s \u00e0 la main aux \u00c9tats-Unis et offrent qualit\u00e9 et durabilit\u00e9.<\/p>\n<ul>\n<li>Dimensions 17 cm largeur x 11.5 cm hauteur<\/li>\n<li>Carte d&rsquo;identification \u00e0 gauche &#8211; badge \u00e0 droite<\/li>\n<li>Diviseur en feutre entre les deux c\u00f4t\u00e9s<\/li>\n<li>Espace limit\u00e9e sous carte d&rsquo;identification et badge<\/li>\n<li>Pas de compartiment pour carte ou argent<\/li>\n<li>Grandeur maximale pour carte d&rsquo;identification est 6 cm largeur x 10 cm longeur<\/li>\n<li>Fait par Perfect Fit (USA)<\/li>\n<\/ul>\n","protected":false},"excerpt":{"rendered":"<p><strong>Disponible pour<\/strong>:<\/p>\n<ul>\n<li>Agence des services frontaliers du Canada<\/li>\n<li>Police militaire<\/li>\n<li>Police provincial de l&rsquo;Ontario<\/li>\n<li>Gendarmerie royale du Canada<\/li>\n<\/ul>\n","protected":false},"featured_media":2299,"comment_status":"open","ping_status":"closed","template":"","meta":[],"pwb-brand":[340],"product_brand":[],"product_cat":[227,215],"product_tag":[311,313,312],"class_list":{"0":"post-2295","1":"product","2":"type-product","3":"status-publish","4":"has-post-thumbnail","6":"pwb-brand-perfect-fit-fr","7":"product_cat-portefeuilles-et-porte-badge","8":"product_cat-produits-en-cuir","9":"product_tag-portefeuille","10":"product_tag-portefeuille-police","11":"product_tag-portefeuille-pour-badge","13":"first","14":"instock","15":"taxable","16":"shipping-taxable","17":"purchasable","18":"product-type-variable"},"yoast_head":"<!-- This site is optimized with the Yoast SEO plugin v27.5 - https:\/\/yoast.com\/product\/yoast-seo-wordpress\/ -->\n<title>Portefeuille Perfect Fit mod\u00e8le 100 - NatPat Ltd - Canadian Police Supplies<\/title>\n<meta name=\"description\" content=\"Portefeuille \u00e0 badge en cuir de premi\u00e8re qualit\u00e9 fabriqu\u00e9 \u00e0 la main aux \u00c9tats-Unis et offrant qualit\u00e9 et durabilit\u00e9. Ils sont faits pour s&#039;adapter \u00e0 la forme de badge de divers services.\" \/>\n<meta name=\"robots\" content=\"index, follow, max-snippet:-1, max-image-preview:large, max-video-preview:-1\" \/>\n<link rel=\"canonical\" href=\"https:\/\/911equipment.ca\/fr\/produit\/portefeuille-perfect-fit-modele-100\/\" \/>\n<meta property=\"og:locale\" content=\"fr_CA\" \/>\n<meta property=\"og:type\" content=\"article\" \/>\n<meta property=\"og:title\" content=\"Portefeuille Perfect Fit mod\u00e8le 100 - NatPat Ltd - Canadian Police Supplies\" \/>\n<meta property=\"og:description\" content=\"Portefeuille \u00e0 badge en cuir de premi\u00e8re qualit\u00e9 fabriqu\u00e9 \u00e0 la main aux \u00c9tats-Unis et offrant qualit\u00e9 et durabilit\u00e9. Ils sont faits pour s&#039;adapter \u00e0 la forme de badge de divers services.\" \/>\n<meta property=\"og:url\" content=\"https:\/\/911equipment.ca\/fr\/produit\/portefeuille-perfect-fit-modele-100\/\" \/>\n<meta property=\"og:site_name\" content=\"NatPat Ltd - Canadian Police Supplies\" \/>\n<meta property=\"article:modified_time\" content=\"2024-05-29T14:39:44+00:00\" \/>\n<meta property=\"og:image\" content=\"https:\/\/911equipment.ca\/wp-content\/uploads\/2020\/05\/100-Badge-600.jpg\" \/>\n\t<meta property=\"og:image:width\" content=\"600\" \/>\n\t<meta property=\"og:image:height\" content=\"600\" \/>\n\t<meta property=\"og:image:type\" content=\"image\/jpeg\" \/>\n<meta name=\"twitter:card\" content=\"summary_large_image\" \/>\n<script type=\"application\/ld+json\" class=\"yoast-schema-graph\">{\"@context\":\"https:\\\/\\\/schema.org\",\"@graph\":[{\"@type\":\"WebPage\",\"@id\":\"https:\\\/\\\/911equipment.ca\\\/fr\\\/produit\\\/portefeuille-perfect-fit-modele-100\\\/\",\"url\":\"https:\\\/\\\/911equipment.ca\\\/fr\\\/produit\\\/portefeuille-perfect-fit-modele-100\\\/\",\"name\":\"Portefeuille Perfect Fit mod\u00e8le 100 - NatPat Ltd - Canadian Police Supplies\",\"isPartOf\":{\"@id\":\"https:\\\/\\\/911equipment.ca\\\/fr\\\/#website\"},\"primaryImageOfPage\":{\"@id\":\"https:\\\/\\\/911equipment.ca\\\/fr\\\/produit\\\/portefeuille-perfect-fit-modele-100\\\/#primaryimage\"},\"image\":{\"@id\":\"https:\\\/\\\/911equipment.ca\\\/fr\\\/produit\\\/portefeuille-perfect-fit-modele-100\\\/#primaryimage\"},\"thumbnailUrl\":\"https:\\\/\\\/i0.wp.com\\\/911equipment.ca\\\/wp-content\\\/uploads\\\/2020\\\/05\\\/100-Badge-600.jpg?fit=600%2C600&ssl=1\",\"datePublished\":\"2020-05-25T18:36:36+00:00\",\"dateModified\":\"2024-05-29T14:39:44+00:00\",\"description\":\"Portefeuille \u00e0 badge en cuir de premi\u00e8re qualit\u00e9 fabriqu\u00e9 \u00e0 la main aux \u00c9tats-Unis et offrant qualit\u00e9 et durabilit\u00e9. Ils sont faits pour s'adapter \u00e0 la forme de badge de divers services.\",\"breadcrumb\":{\"@id\":\"https:\\\/\\\/911equipment.ca\\\/fr\\\/produit\\\/portefeuille-perfect-fit-modele-100\\\/#breadcrumb\"},\"inLanguage\":\"fr-CA\",\"potentialAction\":[{\"@type\":\"ReadAction\",\"target\":[\"https:\\\/\\\/911equipment.ca\\\/fr\\\/produit\\\/portefeuille-perfect-fit-modele-100\\\/\"]}]},{\"@type\":\"ImageObject\",\"inLanguage\":\"fr-CA\",\"@id\":\"https:\\\/\\\/911equipment.ca\\\/fr\\\/produit\\\/portefeuille-perfect-fit-modele-100\\\/#primaryimage\",\"url\":\"https:\\\/\\\/i0.wp.com\\\/911equipment.ca\\\/wp-content\\\/uploads\\\/2020\\\/05\\\/100-Badge-600.jpg?fit=600%2C600&ssl=1\",\"contentUrl\":\"https:\\\/\\\/i0.wp.com\\\/911equipment.ca\\\/wp-content\\\/uploads\\\/2020\\\/05\\\/100-Badge-600.jpg?fit=600%2C600&ssl=1\",\"width\":600,\"height\":600,\"caption\":\"Portefeuille Perfect Fit mod\u00e8le 100\"},{\"@type\":\"BreadcrumbList\",\"@id\":\"https:\\\/\\\/911equipment.ca\\\/fr\\\/produit\\\/portefeuille-perfect-fit-modele-100\\\/#breadcrumb\",\"itemListElement\":[{\"@type\":\"ListItem\",\"position\":1,\"name\":\"Home\",\"item\":\"https:\\\/\\\/911equipment.ca\\\/fr\\\/\"},{\"@type\":\"ListItem\",\"position\":2,\"name\":\"Magasiner\",\"item\":\"https:\\\/\\\/911equipment.ca\\\/fr\\\/magasiner\\\/\"},{\"@type\":\"ListItem\",\"position\":3,\"name\":\"Portefeuille Perfect Fit mod\u00e8le 100\"}]},{\"@type\":\"WebSite\",\"@id\":\"https:\\\/\\\/911equipment.ca\\\/fr\\\/#website\",\"url\":\"https:\\\/\\\/911equipment.ca\\\/fr\\\/\",\"name\":\"Canadian Police Supplies\",\"description\":\"Online retail of police, law enforcement and security supplies, gears and equipment.\",\"publisher\":{\"@id\":\"https:\\\/\\\/911equipment.ca\\\/fr\\\/#organization\"},\"potentialAction\":[{\"@type\":\"SearchAction\",\"target\":{\"@type\":\"EntryPoint\",\"urlTemplate\":\"https:\\\/\\\/911equipment.ca\\\/fr\\\/?s={search_term_string}\"},\"query-input\":{\"@type\":\"PropertyValueSpecification\",\"valueRequired\":true,\"valueName\":\"search_term_string\"}}],\"inLanguage\":\"fr-CA\"},{\"@type\":\"Organization\",\"@id\":\"https:\\\/\\\/911equipment.ca\\\/fr\\\/#organization\",\"name\":\"NatPat Lt\u00e9e\",\"url\":\"https:\\\/\\\/911equipment.ca\\\/fr\\\/\",\"logo\":{\"@type\":\"ImageObject\",\"inLanguage\":\"fr-CA\",\"@id\":\"https:\\\/\\\/911equipment.ca\\\/fr\\\/#\\\/schema\\\/logo\\\/image\\\/\",\"url\":\"https:\\\/\\\/i2.wp.com\\\/911equipment.ca\\\/wp-content\\\/uploads\\\/2020\\\/05\\\/NatPat-Logo-Oct-2010.jpg?fit=560%2C560&ssl=1\",\"contentUrl\":\"https:\\\/\\\/i2.wp.com\\\/911equipment.ca\\\/wp-content\\\/uploads\\\/2020\\\/05\\\/NatPat-Logo-Oct-2010.jpg?fit=560%2C560&ssl=1\",\"width\":560,\"height\":560,\"caption\":\"NatPat Lt\u00e9e\"},\"image\":{\"@id\":\"https:\\\/\\\/911equipment.ca\\\/fr\\\/#\\\/schema\\\/logo\\\/image\\\/\"}}]}<\/script>\n<!-- \/ Yoast SEO plugin. -->","yoast_head_json":{"title":"Portefeuille Perfect Fit mod\u00e8le 100 - NatPat Ltd - Canadian Police Supplies","description":"Portefeuille \u00e0 badge en cuir de premi\u00e8re qualit\u00e9 fabriqu\u00e9 \u00e0 la main aux \u00c9tats-Unis et offrant qualit\u00e9 et durabilit\u00e9. Ils sont faits pour s'adapter \u00e0 la forme de badge de divers services.","robots":{"index":"index","follow":"follow","max-snippet":"max-snippet:-1","max-image-preview":"max-image-preview:large","max-video-preview":"max-video-preview:-1"},"canonical":"https:\/\/911equipment.ca\/fr\/produit\/portefeuille-perfect-fit-modele-100\/","og_locale":"fr_CA","og_type":"article","og_title":"Portefeuille Perfect Fit mod\u00e8le 100 - NatPat Ltd - Canadian Police Supplies","og_description":"Portefeuille \u00e0 badge en cuir de premi\u00e8re qualit\u00e9 fabriqu\u00e9 \u00e0 la main aux \u00c9tats-Unis et offrant qualit\u00e9 et durabilit\u00e9. Ils sont faits pour s'adapter \u00e0 la forme de badge de divers services.","og_url":"https:\/\/911equipment.ca\/fr\/produit\/portefeuille-perfect-fit-modele-100\/","og_site_name":"NatPat Ltd - Canadian Police Supplies","article_modified_time":"2024-05-29T14:39:44+00:00","og_image":[{"width":600,"height":600,"url":"https:\/\/911equipment.ca\/wp-content\/uploads\/2020\/05\/100-Badge-600.jpg","type":"image\/jpeg"}],"twitter_card":"summary_large_image","schema":{"@context":"https:\/\/schema.org","@graph":[{"@type":"WebPage","@id":"https:\/\/911equipment.ca\/fr\/produit\/portefeuille-perfect-fit-modele-100\/","url":"https:\/\/911equipment.ca\/fr\/produit\/portefeuille-perfect-fit-modele-100\/","name":"Portefeuille Perfect Fit mod\u00e8le 100 - NatPat Ltd - Canadian Police Supplies","isPartOf":{"@id":"https:\/\/911equipment.ca\/fr\/#website"},"primaryImageOfPage":{"@id":"https:\/\/911equipment.ca\/fr\/produit\/portefeuille-perfect-fit-modele-100\/#primaryimage"},"image":{"@id":"https:\/\/911equipment.ca\/fr\/produit\/portefeuille-perfect-fit-modele-100\/#primaryimage"},"thumbnailUrl":"https:\/\/i0.wp.com\/911equipment.ca\/wp-content\/uploads\/2020\/05\/100-Badge-600.jpg?fit=600%2C600&ssl=1","datePublished":"2020-05-25T18:36:36+00:00","dateModified":"2024-05-29T14:39:44+00:00","description":"Portefeuille \u00e0 badge en cuir de premi\u00e8re qualit\u00e9 fabriqu\u00e9 \u00e0 la main aux \u00c9tats-Unis et offrant qualit\u00e9 et durabilit\u00e9. Ils sont faits pour s'adapter \u00e0 la forme de badge de divers services.","breadcrumb":{"@id":"https:\/\/911equipment.ca\/fr\/produit\/portefeuille-perfect-fit-modele-100\/#breadcrumb"},"inLanguage":"fr-CA","potentialAction":[{"@type":"ReadAction","target":["https:\/\/911equipment.ca\/fr\/produit\/portefeuille-perfect-fit-modele-100\/"]}]},{"@type":"ImageObject","inLanguage":"fr-CA","@id":"https:\/\/911equipment.ca\/fr\/produit\/portefeuille-perfect-fit-modele-100\/#primaryimage","url":"https:\/\/i0.wp.com\/911equipment.ca\/wp-content\/uploads\/2020\/05\/100-Badge-600.jpg?fit=600%2C600&ssl=1","contentUrl":"https:\/\/i0.wp.com\/911equipment.ca\/wp-content\/uploads\/2020\/05\/100-Badge-600.jpg?fit=600%2C600&ssl=1","width":600,"height":600,"caption":"Portefeuille Perfect Fit mod\u00e8le 100"},{"@type":"BreadcrumbList","@id":"https:\/\/911equipment.ca\/fr\/produit\/portefeuille-perfect-fit-modele-100\/#breadcrumb","itemListElement":[{"@type":"ListItem","position":1,"name":"Home","item":"https:\/\/911equipment.ca\/fr\/"},{"@type":"ListItem","position":2,"name":"Magasiner","item":"https:\/\/911equipment.ca\/fr\/magasiner\/"},{"@type":"ListItem","position":3,"name":"Portefeuille Perfect Fit mod\u00e8le 100"}]},{"@type":"WebSite","@id":"https:\/\/911equipment.ca\/fr\/#website","url":"https:\/\/911equipment.ca\/fr\/","name":"Canadian Police Supplies","description":"Online retail of police, law enforcement and security supplies, gears and equipment.","publisher":{"@id":"https:\/\/911equipment.ca\/fr\/#organization"},"potentialAction":[{"@type":"SearchAction","target":{"@type":"EntryPoint","urlTemplate":"https:\/\/911equipment.ca\/fr\/?s={search_term_string}"},"query-input":{"@type":"PropertyValueSpecification","valueRequired":true,"valueName":"search_term_string"}}],"inLanguage":"fr-CA"},{"@type":"Organization","@id":"https:\/\/911equipment.ca\/fr\/#organization","name":"NatPat Lt\u00e9e","url":"https:\/\/911equipment.ca\/fr\/","logo":{"@type":"ImageObject","inLanguage":"fr-CA","@id":"https:\/\/911equipment.ca\/fr\/#\/schema\/logo\/image\/","url":"https:\/\/i2.wp.com\/911equipment.ca\/wp-content\/uploads\/2020\/05\/NatPat-Logo-Oct-2010.jpg?fit=560%2C560&ssl=1","contentUrl":"https:\/\/i2.wp.com\/911equipment.ca\/wp-content\/uploads\/2020\/05\/NatPat-Logo-Oct-2010.jpg?fit=560%2C560&ssl=1","width":560,"height":560,"caption":"NatPat Lt\u00e9e"},"image":{"@id":"https:\/\/911equipment.ca\/fr\/#\/schema\/logo\/image\/"}}]}},"jetpack_sharing_enabled":true,"brands":[{"id":340,"name":"Perfect Fit","slug":"perfect-fit-fr"}],"_links":{"self":[{"href":"https:\/\/911equipment.ca\/fr\/wp-json\/wp\/v2\/product\/2295","targetHints":{"allow":["GET"]}}],"collection":[{"href":"https:\/\/911equipment.ca\/fr\/wp-json\/wp\/v2\/product"}],"about":[{"href":"https:\/\/911equipment.ca\/fr\/wp-json\/wp\/v2\/types\/product"}],"replies":[{"embeddable":true,"href":"https:\/\/911equipment.ca\/fr\/wp-json\/wp\/v2\/comments?post=2295"}],"wp:featuredmedia":[{"embeddable":true,"href":"https:\/\/911equipment.ca\/fr\/wp-json\/wp\/v2\/media\/2299"}],"wp:attachment":[{"href":"https:\/\/911equipment.ca\/fr\/wp-json\/wp\/v2\/media?parent=2295"}],"wp:term":[{"taxonomy":"pwb-brand","embeddable":true,"href":"https:\/\/911equipment.ca\/fr\/wp-json\/wp\/v2\/pwb-brand?post=2295"},{"taxonomy":"product_brand","embeddable":true,"href":"https:\/\/911equipment.ca\/fr\/wp-json\/wp\/v2\/product_brand?post=2295"},{"taxonomy":"product_cat","embeddable":true,"href":"https:\/\/911equipment.ca\/fr\/wp-json\/wp\/v2\/product_cat?post=2295"},{"taxonomy":"product_tag","embeddable":true,"href":"https:\/\/911equipment.ca\/fr\/wp-json\/wp\/v2\/product_tag?post=2295"}],"curies":[{"name":"wp","href":"https:\/\/api.w.org\/{rel}","templated":true}]}}