{"id":2259,"date":"2020-05-26T21:47:59","date_gmt":"2020-05-27T01:47:59","guid":{"rendered":"https:\/\/911equipment.ca\/product\/porte-badge-pour-ceinture-perfect-fit-716\/"},"modified":"2024-05-29T10:40:15","modified_gmt":"2024-05-29T14:40:15","slug":"porte-badge-perfect-fit-universel-pour-ceinture","status":"publish","type":"product","link":"https:\/\/911equipment.ca\/fr\/produit\/porte-badge-perfect-fit-universel-pour-ceinture\/","title":{"rendered":"Porte-badge Perfect Fit universel pour ceinture"},"content":{"rendered":"<p>Perfect Fit fait les meilleurs porte-badges du monde. Ils sont fabriqu\u00e9s \u00e0 la main aux \u00c9tats-Unis et offrent qualit\u00e9 et durabilit\u00e9.<\/p>\n<p><strong>Dimensions<\/strong><\/p>\n<ul>\n<li>largeur 6.5 cm x longeur 9.5 cm x \u00e9paisseur 2 cm (incluant l&rsquo;attache ceinture)<\/li>\n<\/ul>\n","protected":false},"excerpt":{"rendered":"<ul>\n<li>Universel (sans coupure de badge)<\/li>\n<li>Le badge peut \u00eatre attach\u00e9 via les trous fournis ou avec du Velcro<\/li>\n<li>Velcro au bas du porte-badge pour \u00eatre capable de l&rsquo;ouvrir<\/li>\n<\/ul>\n","protected":false},"featured_media":2265,"comment_status":"open","ping_status":"closed","template":"","meta":[],"pwb-brand":[340],"product_brand":[],"product_cat":[227,215],"product_tag":[307,309,308],"class_list":{"0":"post-2259","1":"product","2":"type-product","3":"status-publish","4":"has-post-thumbnail","6":"pwb-brand-perfect-fit-fr","7":"product_cat-portefeuilles-et-porte-badge","8":"product_cat-produits-en-cuir","9":"product_tag-etui-badge","10":"product_tag-etui-badge-ceinture","11":"product_tag-perfect-fit-fr","13":"first","14":"instock","15":"taxable","16":"shipping-taxable","17":"purchasable","18":"product-type-simple"},"yoast_head":"<!-- This site is optimized with the Yoast SEO plugin v27.3 - https:\/\/yoast.com\/product\/yoast-seo-wordpress\/ -->\n<title>Porte-badge Perfect Fit universel pour ceinture - NatPat Ltd - Canadian Police Supplies<\/title>\n<meta name=\"description\" content=\"Porte-badge de ceinture universel en cuir Perfect Fit. Le porte-badge s&#039;adaptera \u00e0 n&#039;importe quelle forme de badge via les trous fournis.\" \/>\n<meta name=\"robots\" content=\"index, follow, max-snippet:-1, max-image-preview:large, max-video-preview:-1\" \/>\n<link rel=\"canonical\" href=\"https:\/\/911equipment.ca\/fr\/produit\/porte-badge-perfect-fit-universel-pour-ceinture\/\" \/>\n<meta property=\"og:locale\" content=\"fr_CA\" \/>\n<meta property=\"og:type\" content=\"article\" \/>\n<meta property=\"og:title\" content=\"Porte-badge Perfect Fit universel pour ceinture - NatPat Ltd - Canadian Police Supplies\" \/>\n<meta property=\"og:description\" content=\"Porte-badge de ceinture universel en cuir Perfect Fit. Le porte-badge s&#039;adaptera \u00e0 n&#039;importe quelle forme de badge via les trous fournis.\" \/>\n<meta property=\"og:url\" content=\"https:\/\/911equipment.ca\/fr\/produit\/porte-badge-perfect-fit-universel-pour-ceinture\/\" \/>\n<meta property=\"og:site_name\" content=\"NatPat Ltd - Canadian Police Supplies\" \/>\n<meta property=\"article:modified_time\" content=\"2024-05-29T14:40:15+00:00\" \/>\n<meta property=\"og:image\" content=\"https:\/\/911equipment.ca\/wp-content\/uploads\/2020\/05\/715Front-600.jpg\" \/>\n\t<meta property=\"og:image:width\" content=\"600\" \/>\n\t<meta property=\"og:image:height\" content=\"600\" \/>\n\t<meta property=\"og:image:type\" content=\"image\/jpeg\" \/>\n<meta name=\"twitter:card\" content=\"summary_large_image\" \/>\n<script type=\"application\/ld+json\" class=\"yoast-schema-graph\">{\"@context\":\"https:\\\/\\\/schema.org\",\"@graph\":[{\"@type\":\"WebPage\",\"@id\":\"https:\\\/\\\/911equipment.ca\\\/fr\\\/produit\\\/porte-badge-perfect-fit-universel-pour-ceinture\\\/\",\"url\":\"https:\\\/\\\/911equipment.ca\\\/fr\\\/produit\\\/porte-badge-perfect-fit-universel-pour-ceinture\\\/\",\"name\":\"Porte-badge Perfect Fit universel pour ceinture - NatPat Ltd - Canadian Police Supplies\",\"isPartOf\":{\"@id\":\"https:\\\/\\\/911equipment.ca\\\/fr\\\/#website\"},\"primaryImageOfPage\":{\"@id\":\"https:\\\/\\\/911equipment.ca\\\/fr\\\/produit\\\/porte-badge-perfect-fit-universel-pour-ceinture\\\/#primaryimage\"},\"image\":{\"@id\":\"https:\\\/\\\/911equipment.ca\\\/fr\\\/produit\\\/porte-badge-perfect-fit-universel-pour-ceinture\\\/#primaryimage\"},\"thumbnailUrl\":\"https:\\\/\\\/i0.wp.com\\\/911equipment.ca\\\/wp-content\\\/uploads\\\/2020\\\/05\\\/715Front-600.jpg?fit=600%2C600&ssl=1\",\"datePublished\":\"2020-05-27T01:47:59+00:00\",\"dateModified\":\"2024-05-29T14:40:15+00:00\",\"description\":\"Porte-badge de ceinture universel en cuir Perfect Fit. Le porte-badge s'adaptera \u00e0 n'importe quelle forme de badge via les trous fournis.\",\"breadcrumb\":{\"@id\":\"https:\\\/\\\/911equipment.ca\\\/fr\\\/produit\\\/porte-badge-perfect-fit-universel-pour-ceinture\\\/#breadcrumb\"},\"inLanguage\":\"fr-CA\",\"potentialAction\":[{\"@type\":\"ReadAction\",\"target\":[\"https:\\\/\\\/911equipment.ca\\\/fr\\\/produit\\\/porte-badge-perfect-fit-universel-pour-ceinture\\\/\"]}]},{\"@type\":\"ImageObject\",\"inLanguage\":\"fr-CA\",\"@id\":\"https:\\\/\\\/911equipment.ca\\\/fr\\\/produit\\\/porte-badge-perfect-fit-universel-pour-ceinture\\\/#primaryimage\",\"url\":\"https:\\\/\\\/i0.wp.com\\\/911equipment.ca\\\/wp-content\\\/uploads\\\/2020\\\/05\\\/715Front-600.jpg?fit=600%2C600&ssl=1\",\"contentUrl\":\"https:\\\/\\\/i0.wp.com\\\/911equipment.ca\\\/wp-content\\\/uploads\\\/2020\\\/05\\\/715Front-600.jpg?fit=600%2C600&ssl=1\",\"width\":600,\"height\":600,\"caption\":\"Porte-badge Perfect Fit Universel\"},{\"@type\":\"BreadcrumbList\",\"@id\":\"https:\\\/\\\/911equipment.ca\\\/fr\\\/produit\\\/porte-badge-perfect-fit-universel-pour-ceinture\\\/#breadcrumb\",\"itemListElement\":[{\"@type\":\"ListItem\",\"position\":1,\"name\":\"Home\",\"item\":\"https:\\\/\\\/911equipment.ca\\\/fr\\\/\"},{\"@type\":\"ListItem\",\"position\":2,\"name\":\"Magasiner\",\"item\":\"https:\\\/\\\/911equipment.ca\\\/fr\\\/magasiner\\\/\"},{\"@type\":\"ListItem\",\"position\":3,\"name\":\"Porte-badge Perfect Fit universel pour ceinture\"}]},{\"@type\":\"WebSite\",\"@id\":\"https:\\\/\\\/911equipment.ca\\\/fr\\\/#website\",\"url\":\"https:\\\/\\\/911equipment.ca\\\/fr\\\/\",\"name\":\"Canadian Police Supplies\",\"description\":\"Online retail of police, law enforcement and security supplies, gears and equipment.\",\"publisher\":{\"@id\":\"https:\\\/\\\/911equipment.ca\\\/fr\\\/#organization\"},\"potentialAction\":[{\"@type\":\"SearchAction\",\"target\":{\"@type\":\"EntryPoint\",\"urlTemplate\":\"https:\\\/\\\/911equipment.ca\\\/fr\\\/?s={search_term_string}\"},\"query-input\":{\"@type\":\"PropertyValueSpecification\",\"valueRequired\":true,\"valueName\":\"search_term_string\"}}],\"inLanguage\":\"fr-CA\"},{\"@type\":\"Organization\",\"@id\":\"https:\\\/\\\/911equipment.ca\\\/fr\\\/#organization\",\"name\":\"NatPat Lt\u00e9e\",\"url\":\"https:\\\/\\\/911equipment.ca\\\/fr\\\/\",\"logo\":{\"@type\":\"ImageObject\",\"inLanguage\":\"fr-CA\",\"@id\":\"https:\\\/\\\/911equipment.ca\\\/fr\\\/#\\\/schema\\\/logo\\\/image\\\/\",\"url\":\"https:\\\/\\\/i2.wp.com\\\/911equipment.ca\\\/wp-content\\\/uploads\\\/2020\\\/05\\\/NatPat-Logo-Oct-2010.jpg?fit=560%2C560&ssl=1\",\"contentUrl\":\"https:\\\/\\\/i2.wp.com\\\/911equipment.ca\\\/wp-content\\\/uploads\\\/2020\\\/05\\\/NatPat-Logo-Oct-2010.jpg?fit=560%2C560&ssl=1\",\"width\":560,\"height\":560,\"caption\":\"NatPat Lt\u00e9e\"},\"image\":{\"@id\":\"https:\\\/\\\/911equipment.ca\\\/fr\\\/#\\\/schema\\\/logo\\\/image\\\/\"}}]}<\/script>\n<!-- \/ Yoast SEO plugin. -->","yoast_head_json":{"title":"Porte-badge Perfect Fit universel pour ceinture - NatPat Ltd - Canadian Police Supplies","description":"Porte-badge de ceinture universel en cuir Perfect Fit. Le porte-badge s'adaptera \u00e0 n'importe quelle forme de badge via les trous fournis.","robots":{"index":"index","follow":"follow","max-snippet":"max-snippet:-1","max-image-preview":"max-image-preview:large","max-video-preview":"max-video-preview:-1"},"canonical":"https:\/\/911equipment.ca\/fr\/produit\/porte-badge-perfect-fit-universel-pour-ceinture\/","og_locale":"fr_CA","og_type":"article","og_title":"Porte-badge Perfect Fit universel pour ceinture - NatPat Ltd - Canadian Police Supplies","og_description":"Porte-badge de ceinture universel en cuir Perfect Fit. Le porte-badge s'adaptera \u00e0 n'importe quelle forme de badge via les trous fournis.","og_url":"https:\/\/911equipment.ca\/fr\/produit\/porte-badge-perfect-fit-universel-pour-ceinture\/","og_site_name":"NatPat Ltd - Canadian Police Supplies","article_modified_time":"2024-05-29T14:40:15+00:00","og_image":[{"width":600,"height":600,"url":"https:\/\/911equipment.ca\/wp-content\/uploads\/2020\/05\/715Front-600.jpg","type":"image\/jpeg"}],"twitter_card":"summary_large_image","schema":{"@context":"https:\/\/schema.org","@graph":[{"@type":"WebPage","@id":"https:\/\/911equipment.ca\/fr\/produit\/porte-badge-perfect-fit-universel-pour-ceinture\/","url":"https:\/\/911equipment.ca\/fr\/produit\/porte-badge-perfect-fit-universel-pour-ceinture\/","name":"Porte-badge Perfect Fit universel pour ceinture - NatPat Ltd - Canadian Police Supplies","isPartOf":{"@id":"https:\/\/911equipment.ca\/fr\/#website"},"primaryImageOfPage":{"@id":"https:\/\/911equipment.ca\/fr\/produit\/porte-badge-perfect-fit-universel-pour-ceinture\/#primaryimage"},"image":{"@id":"https:\/\/911equipment.ca\/fr\/produit\/porte-badge-perfect-fit-universel-pour-ceinture\/#primaryimage"},"thumbnailUrl":"https:\/\/i0.wp.com\/911equipment.ca\/wp-content\/uploads\/2020\/05\/715Front-600.jpg?fit=600%2C600&ssl=1","datePublished":"2020-05-27T01:47:59+00:00","dateModified":"2024-05-29T14:40:15+00:00","description":"Porte-badge de ceinture universel en cuir Perfect Fit. Le porte-badge s'adaptera \u00e0 n'importe quelle forme de badge via les trous fournis.","breadcrumb":{"@id":"https:\/\/911equipment.ca\/fr\/produit\/porte-badge-perfect-fit-universel-pour-ceinture\/#breadcrumb"},"inLanguage":"fr-CA","potentialAction":[{"@type":"ReadAction","target":["https:\/\/911equipment.ca\/fr\/produit\/porte-badge-perfect-fit-universel-pour-ceinture\/"]}]},{"@type":"ImageObject","inLanguage":"fr-CA","@id":"https:\/\/911equipment.ca\/fr\/produit\/porte-badge-perfect-fit-universel-pour-ceinture\/#primaryimage","url":"https:\/\/i0.wp.com\/911equipment.ca\/wp-content\/uploads\/2020\/05\/715Front-600.jpg?fit=600%2C600&ssl=1","contentUrl":"https:\/\/i0.wp.com\/911equipment.ca\/wp-content\/uploads\/2020\/05\/715Front-600.jpg?fit=600%2C600&ssl=1","width":600,"height":600,"caption":"Porte-badge Perfect Fit Universel"},{"@type":"BreadcrumbList","@id":"https:\/\/911equipment.ca\/fr\/produit\/porte-badge-perfect-fit-universel-pour-ceinture\/#breadcrumb","itemListElement":[{"@type":"ListItem","position":1,"name":"Home","item":"https:\/\/911equipment.ca\/fr\/"},{"@type":"ListItem","position":2,"name":"Magasiner","item":"https:\/\/911equipment.ca\/fr\/magasiner\/"},{"@type":"ListItem","position":3,"name":"Porte-badge Perfect Fit universel pour ceinture"}]},{"@type":"WebSite","@id":"https:\/\/911equipment.ca\/fr\/#website","url":"https:\/\/911equipment.ca\/fr\/","name":"Canadian Police Supplies","description":"Online retail of police, law enforcement and security supplies, gears and equipment.","publisher":{"@id":"https:\/\/911equipment.ca\/fr\/#organization"},"potentialAction":[{"@type":"SearchAction","target":{"@type":"EntryPoint","urlTemplate":"https:\/\/911equipment.ca\/fr\/?s={search_term_string}"},"query-input":{"@type":"PropertyValueSpecification","valueRequired":true,"valueName":"search_term_string"}}],"inLanguage":"fr-CA"},{"@type":"Organization","@id":"https:\/\/911equipment.ca\/fr\/#organization","name":"NatPat Lt\u00e9e","url":"https:\/\/911equipment.ca\/fr\/","logo":{"@type":"ImageObject","inLanguage":"fr-CA","@id":"https:\/\/911equipment.ca\/fr\/#\/schema\/logo\/image\/","url":"https:\/\/i2.wp.com\/911equipment.ca\/wp-content\/uploads\/2020\/05\/NatPat-Logo-Oct-2010.jpg?fit=560%2C560&ssl=1","contentUrl":"https:\/\/i2.wp.com\/911equipment.ca\/wp-content\/uploads\/2020\/05\/NatPat-Logo-Oct-2010.jpg?fit=560%2C560&ssl=1","width":560,"height":560,"caption":"NatPat Lt\u00e9e"},"image":{"@id":"https:\/\/911equipment.ca\/fr\/#\/schema\/logo\/image\/"}}]}},"jetpack_sharing_enabled":true,"brands":[{"id":340,"name":"Perfect Fit","slug":"perfect-fit-fr"}],"_links":{"self":[{"href":"https:\/\/911equipment.ca\/fr\/wp-json\/wp\/v2\/product\/2259","targetHints":{"allow":["GET"]}}],"collection":[{"href":"https:\/\/911equipment.ca\/fr\/wp-json\/wp\/v2\/product"}],"about":[{"href":"https:\/\/911equipment.ca\/fr\/wp-json\/wp\/v2\/types\/product"}],"replies":[{"embeddable":true,"href":"https:\/\/911equipment.ca\/fr\/wp-json\/wp\/v2\/comments?post=2259"}],"wp:featuredmedia":[{"embeddable":true,"href":"https:\/\/911equipment.ca\/fr\/wp-json\/wp\/v2\/media\/2265"}],"wp:attachment":[{"href":"https:\/\/911equipment.ca\/fr\/wp-json\/wp\/v2\/media?parent=2259"}],"wp:term":[{"taxonomy":"pwb-brand","embeddable":true,"href":"https:\/\/911equipment.ca\/fr\/wp-json\/wp\/v2\/pwb-brand?post=2259"},{"taxonomy":"product_brand","embeddable":true,"href":"https:\/\/911equipment.ca\/fr\/wp-json\/wp\/v2\/product_brand?post=2259"},{"taxonomy":"product_cat","embeddable":true,"href":"https:\/\/911equipment.ca\/fr\/wp-json\/wp\/v2\/product_cat?post=2259"},{"taxonomy":"product_tag","embeddable":true,"href":"https:\/\/911equipment.ca\/fr\/wp-json\/wp\/v2\/product_tag?post=2259"}],"curies":[{"name":"wp","href":"https:\/\/api.w.org\/{rel}","templated":true}]}}