{"id":2232,"date":"2020-05-24T20:21:58","date_gmt":"2020-05-25T00:21:58","guid":{"rendered":"https:\/\/911equipment.ca\/product\/zt57-combinaison-cle-de-poche-poincon-fenetre\/"},"modified":"2020-05-24T20:21:58","modified_gmt":"2020-05-25T00:21:58","slug":"zt57-combinaison-cle-de-poche-poincon-fenetre","status":"publish","type":"product","link":"https:\/\/911equipment.ca\/fr\/produit\/zt57-combinaison-cle-de-poche-poincon-fenetre\/","title":{"rendered":"ZT57 Combinaison cl\u00e9 de poche-poin\u00e7on fen\u00eatre"},"content":{"rendered":"<p>Les produits ZAK Tool sont sp\u00e9cialement con\u00e7us pour les agences de police et de s\u00e9curit\u00e9. Fabriqu\u00e9s aux \u00c9tats-Unis avec des mat\u00e9riaux de la plus haute qualit\u00e9, leurs produits sont con\u00e7us pour durer.<\/p>\n","protected":false},"excerpt":{"rendered":"<ul>\n<li>Longueur : 11.5 cm \/ 4-1\/2&Prime;<\/li>\n<li>Poin\u00e7on peut \u00eatre utiliser pour briser une fen\u00eatre<\/li>\n<li>Tirez et rel\u00e2chez pour l&rsquo;op\u00e9rer<\/li>\n<li>Garantie \u00e0 vie<\/li>\n<\/ul>\n","protected":false},"featured_media":2233,"comment_status":"open","ping_status":"closed","template":"","meta":[],"pwb-brand":[345],"product_brand":[],"product_cat":[213],"product_tag":[301,302,305],"class_list":{"0":"post-2232","1":"product","2":"type-product","3":"status-publish","4":"has-post-thumbnail","6":"pwb-brand-zak-tool-fr","7":"product_cat-cles","8":"product_tag-cle","9":"product_tag-cle-de-menottes","10":"product_tag-poincon-fenetre","12":"first","13":"instock","14":"taxable","15":"shipping-taxable","16":"purchasable","17":"product-type-simple"},"yoast_head":"<!-- This site is optimized with the Yoast SEO plugin v27.3 - https:\/\/yoast.com\/product\/yoast-seo-wordpress\/ -->\n<title>ZT57 Combinaison cl\u00e9 de poche-poin\u00e7on fen\u00eatre - NatPat Ltd - Canadian Police Supplies<\/title>\n<meta name=\"robots\" content=\"index, follow, max-snippet:-1, max-image-preview:large, max-video-preview:-1\" \/>\n<link rel=\"canonical\" href=\"https:\/\/911equipment.ca\/fr\/produit\/zt57-combinaison-cle-de-poche-poincon-fenetre\/\" \/>\n<meta property=\"og:locale\" content=\"fr_CA\" \/>\n<meta property=\"og:type\" content=\"article\" \/>\n<meta property=\"og:title\" content=\"ZT57 Combinaison cl\u00e9 de poche-poin\u00e7on fen\u00eatre - NatPat Ltd - Canadian Police Supplies\" \/>\n<meta property=\"og:description\" content=\"Longueur : 11.5 cm \/ 4-1\/2&quot;  Poin\u00e7on peut \u00eatre utiliser pour briser une fen\u00eatre  Tirez et rel\u00e2chez pour l&#039;op\u00e9rer  Garantie \u00e0 vie\" \/>\n<meta property=\"og:url\" content=\"https:\/\/911equipment.ca\/fr\/produit\/zt57-combinaison-cle-de-poche-poincon-fenetre\/\" \/>\n<meta property=\"og:site_name\" content=\"NatPat Ltd - Canadian Police Supplies\" \/>\n<meta property=\"og:image\" content=\"https:\/\/i2.wp.com\/911equipment.ca\/wp-content\/uploads\/2020\/05\/zt57_600.jpg?fit=600%2C600&ssl=1\" \/>\n\t<meta property=\"og:image:width\" content=\"600\" \/>\n\t<meta property=\"og:image:height\" content=\"600\" \/>\n\t<meta property=\"og:image:type\" content=\"image\/jpeg\" \/>\n<meta name=\"twitter:card\" content=\"summary_large_image\" \/>\n<script type=\"application\/ld+json\" class=\"yoast-schema-graph\">{\"@context\":\"https:\\\/\\\/schema.org\",\"@graph\":[{\"@type\":\"WebPage\",\"@id\":\"https:\\\/\\\/911equipment.ca\\\/fr\\\/produit\\\/zt57-combinaison-cle-de-poche-poincon-fenetre\\\/\",\"url\":\"https:\\\/\\\/911equipment.ca\\\/fr\\\/produit\\\/zt57-combinaison-cle-de-poche-poincon-fenetre\\\/\",\"name\":\"ZT57 Combinaison cl\u00e9 de poche-poin\u00e7on fen\u00eatre - NatPat Ltd - Canadian Police Supplies\",\"isPartOf\":{\"@id\":\"https:\\\/\\\/911equipment.ca\\\/fr\\\/#website\"},\"primaryImageOfPage\":{\"@id\":\"https:\\\/\\\/911equipment.ca\\\/fr\\\/produit\\\/zt57-combinaison-cle-de-poche-poincon-fenetre\\\/#primaryimage\"},\"image\":{\"@id\":\"https:\\\/\\\/911equipment.ca\\\/fr\\\/produit\\\/zt57-combinaison-cle-de-poche-poincon-fenetre\\\/#primaryimage\"},\"thumbnailUrl\":\"https:\\\/\\\/i0.wp.com\\\/911equipment.ca\\\/wp-content\\\/uploads\\\/2020\\\/05\\\/zt57_600.jpg?fit=600%2C600&ssl=1\",\"datePublished\":\"2020-05-25T00:21:58+00:00\",\"breadcrumb\":{\"@id\":\"https:\\\/\\\/911equipment.ca\\\/fr\\\/produit\\\/zt57-combinaison-cle-de-poche-poincon-fenetre\\\/#breadcrumb\"},\"inLanguage\":\"fr-CA\",\"potentialAction\":[{\"@type\":\"ReadAction\",\"target\":[\"https:\\\/\\\/911equipment.ca\\\/fr\\\/produit\\\/zt57-combinaison-cle-de-poche-poincon-fenetre\\\/\"]}]},{\"@type\":\"ImageObject\",\"inLanguage\":\"fr-CA\",\"@id\":\"https:\\\/\\\/911equipment.ca\\\/fr\\\/produit\\\/zt57-combinaison-cle-de-poche-poincon-fenetre\\\/#primaryimage\",\"url\":\"https:\\\/\\\/i0.wp.com\\\/911equipment.ca\\\/wp-content\\\/uploads\\\/2020\\\/05\\\/zt57_600.jpg?fit=600%2C600&ssl=1\",\"contentUrl\":\"https:\\\/\\\/i0.wp.com\\\/911equipment.ca\\\/wp-content\\\/uploads\\\/2020\\\/05\\\/zt57_600.jpg?fit=600%2C600&ssl=1\",\"width\":600,\"height\":600,\"caption\":\"ZT57 Combinaison cl\u00e9 de poche-poin\u00e7on fen\u00eatre\"},{\"@type\":\"BreadcrumbList\",\"@id\":\"https:\\\/\\\/911equipment.ca\\\/fr\\\/produit\\\/zt57-combinaison-cle-de-poche-poincon-fenetre\\\/#breadcrumb\",\"itemListElement\":[{\"@type\":\"ListItem\",\"position\":1,\"name\":\"Home\",\"item\":\"https:\\\/\\\/911equipment.ca\\\/fr\\\/\"},{\"@type\":\"ListItem\",\"position\":2,\"name\":\"Magasiner\",\"item\":\"https:\\\/\\\/911equipment.ca\\\/fr\\\/magasiner\\\/\"},{\"@type\":\"ListItem\",\"position\":3,\"name\":\"ZT57 Combinaison cl\u00e9 de poche-poin\u00e7on fen\u00eatre\"}]},{\"@type\":\"WebSite\",\"@id\":\"https:\\\/\\\/911equipment.ca\\\/fr\\\/#website\",\"url\":\"https:\\\/\\\/911equipment.ca\\\/fr\\\/\",\"name\":\"Canadian Police Supplies\",\"description\":\"Online retail of police, law enforcement and security supplies, gears and equipment.\",\"publisher\":{\"@id\":\"https:\\\/\\\/911equipment.ca\\\/fr\\\/#organization\"},\"potentialAction\":[{\"@type\":\"SearchAction\",\"target\":{\"@type\":\"EntryPoint\",\"urlTemplate\":\"https:\\\/\\\/911equipment.ca\\\/fr\\\/?s={search_term_string}\"},\"query-input\":{\"@type\":\"PropertyValueSpecification\",\"valueRequired\":true,\"valueName\":\"search_term_string\"}}],\"inLanguage\":\"fr-CA\"},{\"@type\":\"Organization\",\"@id\":\"https:\\\/\\\/911equipment.ca\\\/fr\\\/#organization\",\"name\":\"NatPat Lt\u00e9e\",\"url\":\"https:\\\/\\\/911equipment.ca\\\/fr\\\/\",\"logo\":{\"@type\":\"ImageObject\",\"inLanguage\":\"fr-CA\",\"@id\":\"https:\\\/\\\/911equipment.ca\\\/fr\\\/#\\\/schema\\\/logo\\\/image\\\/\",\"url\":\"https:\\\/\\\/i2.wp.com\\\/911equipment.ca\\\/wp-content\\\/uploads\\\/2020\\\/05\\\/NatPat-Logo-Oct-2010.jpg?fit=560%2C560&ssl=1\",\"contentUrl\":\"https:\\\/\\\/i2.wp.com\\\/911equipment.ca\\\/wp-content\\\/uploads\\\/2020\\\/05\\\/NatPat-Logo-Oct-2010.jpg?fit=560%2C560&ssl=1\",\"width\":560,\"height\":560,\"caption\":\"NatPat Lt\u00e9e\"},\"image\":{\"@id\":\"https:\\\/\\\/911equipment.ca\\\/fr\\\/#\\\/schema\\\/logo\\\/image\\\/\"}}]}<\/script>\n<!-- \/ Yoast SEO plugin. -->","yoast_head_json":{"title":"ZT57 Combinaison cl\u00e9 de poche-poin\u00e7on fen\u00eatre - NatPat Ltd - Canadian Police Supplies","robots":{"index":"index","follow":"follow","max-snippet":"max-snippet:-1","max-image-preview":"max-image-preview:large","max-video-preview":"max-video-preview:-1"},"canonical":"https:\/\/911equipment.ca\/fr\/produit\/zt57-combinaison-cle-de-poche-poincon-fenetre\/","og_locale":"fr_CA","og_type":"article","og_title":"ZT57 Combinaison cl\u00e9 de poche-poin\u00e7on fen\u00eatre - NatPat Ltd - Canadian Police Supplies","og_description":"Longueur : 11.5 cm \/ 4-1\/2\"  Poin\u00e7on peut \u00eatre utiliser pour briser une fen\u00eatre  Tirez et rel\u00e2chez pour l'op\u00e9rer  Garantie \u00e0 vie","og_url":"https:\/\/911equipment.ca\/fr\/produit\/zt57-combinaison-cle-de-poche-poincon-fenetre\/","og_site_name":"NatPat Ltd - Canadian Police Supplies","og_image":[{"width":600,"height":600,"url":"https:\/\/i2.wp.com\/911equipment.ca\/wp-content\/uploads\/2020\/05\/zt57_600.jpg?fit=600%2C600&ssl=1","type":"image\/jpeg"}],"twitter_card":"summary_large_image","schema":{"@context":"https:\/\/schema.org","@graph":[{"@type":"WebPage","@id":"https:\/\/911equipment.ca\/fr\/produit\/zt57-combinaison-cle-de-poche-poincon-fenetre\/","url":"https:\/\/911equipment.ca\/fr\/produit\/zt57-combinaison-cle-de-poche-poincon-fenetre\/","name":"ZT57 Combinaison cl\u00e9 de poche-poin\u00e7on fen\u00eatre - NatPat Ltd - Canadian Police Supplies","isPartOf":{"@id":"https:\/\/911equipment.ca\/fr\/#website"},"primaryImageOfPage":{"@id":"https:\/\/911equipment.ca\/fr\/produit\/zt57-combinaison-cle-de-poche-poincon-fenetre\/#primaryimage"},"image":{"@id":"https:\/\/911equipment.ca\/fr\/produit\/zt57-combinaison-cle-de-poche-poincon-fenetre\/#primaryimage"},"thumbnailUrl":"https:\/\/i0.wp.com\/911equipment.ca\/wp-content\/uploads\/2020\/05\/zt57_600.jpg?fit=600%2C600&ssl=1","datePublished":"2020-05-25T00:21:58+00:00","breadcrumb":{"@id":"https:\/\/911equipment.ca\/fr\/produit\/zt57-combinaison-cle-de-poche-poincon-fenetre\/#breadcrumb"},"inLanguage":"fr-CA","potentialAction":[{"@type":"ReadAction","target":["https:\/\/911equipment.ca\/fr\/produit\/zt57-combinaison-cle-de-poche-poincon-fenetre\/"]}]},{"@type":"ImageObject","inLanguage":"fr-CA","@id":"https:\/\/911equipment.ca\/fr\/produit\/zt57-combinaison-cle-de-poche-poincon-fenetre\/#primaryimage","url":"https:\/\/i0.wp.com\/911equipment.ca\/wp-content\/uploads\/2020\/05\/zt57_600.jpg?fit=600%2C600&ssl=1","contentUrl":"https:\/\/i0.wp.com\/911equipment.ca\/wp-content\/uploads\/2020\/05\/zt57_600.jpg?fit=600%2C600&ssl=1","width":600,"height":600,"caption":"ZT57 Combinaison cl\u00e9 de poche-poin\u00e7on fen\u00eatre"},{"@type":"BreadcrumbList","@id":"https:\/\/911equipment.ca\/fr\/produit\/zt57-combinaison-cle-de-poche-poincon-fenetre\/#breadcrumb","itemListElement":[{"@type":"ListItem","position":1,"name":"Home","item":"https:\/\/911equipment.ca\/fr\/"},{"@type":"ListItem","position":2,"name":"Magasiner","item":"https:\/\/911equipment.ca\/fr\/magasiner\/"},{"@type":"ListItem","position":3,"name":"ZT57 Combinaison cl\u00e9 de poche-poin\u00e7on fen\u00eatre"}]},{"@type":"WebSite","@id":"https:\/\/911equipment.ca\/fr\/#website","url":"https:\/\/911equipment.ca\/fr\/","name":"Canadian Police Supplies","description":"Online retail of police, law enforcement and security supplies, gears and equipment.","publisher":{"@id":"https:\/\/911equipment.ca\/fr\/#organization"},"potentialAction":[{"@type":"SearchAction","target":{"@type":"EntryPoint","urlTemplate":"https:\/\/911equipment.ca\/fr\/?s={search_term_string}"},"query-input":{"@type":"PropertyValueSpecification","valueRequired":true,"valueName":"search_term_string"}}],"inLanguage":"fr-CA"},{"@type":"Organization","@id":"https:\/\/911equipment.ca\/fr\/#organization","name":"NatPat Lt\u00e9e","url":"https:\/\/911equipment.ca\/fr\/","logo":{"@type":"ImageObject","inLanguage":"fr-CA","@id":"https:\/\/911equipment.ca\/fr\/#\/schema\/logo\/image\/","url":"https:\/\/i2.wp.com\/911equipment.ca\/wp-content\/uploads\/2020\/05\/NatPat-Logo-Oct-2010.jpg?fit=560%2C560&ssl=1","contentUrl":"https:\/\/i2.wp.com\/911equipment.ca\/wp-content\/uploads\/2020\/05\/NatPat-Logo-Oct-2010.jpg?fit=560%2C560&ssl=1","width":560,"height":560,"caption":"NatPat Lt\u00e9e"},"image":{"@id":"https:\/\/911equipment.ca\/fr\/#\/schema\/logo\/image\/"}}]}},"jetpack_sharing_enabled":true,"brands":[{"id":345,"name":"Zak Tool","slug":"zak-tool-fr"}],"_links":{"self":[{"href":"https:\/\/911equipment.ca\/fr\/wp-json\/wp\/v2\/product\/2232","targetHints":{"allow":["GET"]}}],"collection":[{"href":"https:\/\/911equipment.ca\/fr\/wp-json\/wp\/v2\/product"}],"about":[{"href":"https:\/\/911equipment.ca\/fr\/wp-json\/wp\/v2\/types\/product"}],"replies":[{"embeddable":true,"href":"https:\/\/911equipment.ca\/fr\/wp-json\/wp\/v2\/comments?post=2232"}],"wp:featuredmedia":[{"embeddable":true,"href":"https:\/\/911equipment.ca\/fr\/wp-json\/wp\/v2\/media\/2233"}],"wp:attachment":[{"href":"https:\/\/911equipment.ca\/fr\/wp-json\/wp\/v2\/media?parent=2232"}],"wp:term":[{"taxonomy":"pwb-brand","embeddable":true,"href":"https:\/\/911equipment.ca\/fr\/wp-json\/wp\/v2\/pwb-brand?post=2232"},{"taxonomy":"product_brand","embeddable":true,"href":"https:\/\/911equipment.ca\/fr\/wp-json\/wp\/v2\/product_brand?post=2232"},{"taxonomy":"product_cat","embeddable":true,"href":"https:\/\/911equipment.ca\/fr\/wp-json\/wp\/v2\/product_cat?post=2232"},{"taxonomy":"product_tag","embeddable":true,"href":"https:\/\/911equipment.ca\/fr\/wp-json\/wp\/v2\/product_tag?post=2232"}],"curies":[{"name":"wp","href":"https:\/\/api.w.org\/{rel}","templated":true}]}}