{"id":2228,"date":"2020-05-24T20:29:14","date_gmt":"2020-05-25T00:29:14","guid":{"rendered":"https:\/\/911equipment.ca\/product\/cle-pivotante-en-aluminium-grande-poignee-zt11lg-noir\/"},"modified":"2024-05-29T11:17:23","modified_gmt":"2024-05-29T15:17:23","slug":"cle-pivotante-en-aluminium-grande-poignee-zt11lg-noir","status":"publish","type":"product","link":"https:\/\/911equipment.ca\/fr\/produit\/cle-pivotante-en-aluminium-grande-poignee-zt11lg-noir\/","title":{"rendered":"Cl\u00e9 pivotante en aluminium grande poign\u00e9e ZT11LG noir"},"content":{"rendered":"<p>Les cl\u00e9s des menottes sont de conception standard et sont compatibles avec toutes les menottes de la s\u00e9rie standard. Toutes les cl\u00e9s sont en acier inoxydable trait\u00e9 thermiquement et sont con\u00e7ues pour fournir une p\u00e9riode de service ind\u00e9finie. En raison du mat\u00e9riel de haute qualit\u00e9 et de l&rsquo;artisanat utilis\u00e9, Zak Tool offre une garantie \u00e0 vie illimit\u00e9e. Fabriqu\u00e9 par Zak Tool Inc. (fabriqu\u00e9 aux \u00c9tats-Unis).<\/p>\n","protected":false},"excerpt":{"rendered":"<ul>\n<li>Longueur:\u00a0 12 cm \/ 5 pouces<\/li>\n<li>Surface ronde pour faciliter la prise<\/li>\n<li>Cl\u00e9 plus large et plus longue<\/li>\n<li>Vient avec un porte-cl\u00e9s rond<\/li>\n<\/ul>\n","protected":false},"featured_media":2229,"comment_status":"open","ping_status":"closed","template":"","meta":[],"pwb-brand":[345],"product_brand":[],"product_cat":[213],"product_tag":[301,302,304],"class_list":{"0":"post-2228","1":"product","2":"type-product","3":"status-publish","4":"has-post-thumbnail","6":"pwb-brand-zak-tool-fr","7":"product_cat-cles","8":"product_tag-cle","9":"product_tag-cle-de-menottes","10":"product_tag-cle-pivotante","12":"first","13":"outofstock","14":"featured","15":"taxable","16":"shipping-taxable","17":"purchasable","18":"product-type-simple"},"yoast_head":"<!-- This site is optimized with the Yoast SEO plugin v27.5 - https:\/\/yoast.com\/product\/yoast-seo-wordpress\/ -->\n<title>Cl\u00e9 pivotante en aluminium grande poign\u00e9e ZT11LG noir - NatPat Ltd - Canadian Police Supplies<\/title>\n<meta name=\"robots\" content=\"index, follow, max-snippet:-1, max-image-preview:large, max-video-preview:-1\" \/>\n<link rel=\"canonical\" href=\"https:\/\/911equipment.ca\/fr\/produit\/cle-pivotante-en-aluminium-grande-poignee-zt11lg-noir\/\" \/>\n<meta property=\"og:locale\" content=\"fr_CA\" \/>\n<meta property=\"og:type\" content=\"article\" \/>\n<meta property=\"og:title\" content=\"Cl\u00e9 pivotante en aluminium grande poign\u00e9e ZT11LG noir - NatPat Ltd - Canadian Police Supplies\" \/>\n<meta property=\"og:description\" content=\"Longueur:\u00a0 12 cm \/ 5 pouces  Surface ronde pour faciliter la prise  Cl\u00e9 plus large et plus longue  Vient avec un porte-cl\u00e9s rond\" \/>\n<meta property=\"og:url\" content=\"https:\/\/911equipment.ca\/fr\/produit\/cle-pivotante-en-aluminium-grande-poignee-zt11lg-noir\/\" \/>\n<meta property=\"og:site_name\" content=\"NatPat Ltd - Canadian Police Supplies\" \/>\n<meta property=\"article:modified_time\" content=\"2024-05-29T15:17:23+00:00\" \/>\n<meta property=\"og:image\" content=\"https:\/\/911equipment.ca\/wp-content\/uploads\/2020\/05\/ZT11_LG_600.jpg\" \/>\n\t<meta property=\"og:image:width\" content=\"600\" \/>\n\t<meta property=\"og:image:height\" content=\"600\" \/>\n\t<meta property=\"og:image:type\" content=\"image\/jpeg\" \/>\n<meta name=\"twitter:card\" content=\"summary_large_image\" \/>\n<script type=\"application\/ld+json\" class=\"yoast-schema-graph\">{\"@context\":\"https:\\\/\\\/schema.org\",\"@graph\":[{\"@type\":\"WebPage\",\"@id\":\"https:\\\/\\\/911equipment.ca\\\/fr\\\/produit\\\/cle-pivotante-en-aluminium-grande-poignee-zt11lg-noir\\\/\",\"url\":\"https:\\\/\\\/911equipment.ca\\\/fr\\\/produit\\\/cle-pivotante-en-aluminium-grande-poignee-zt11lg-noir\\\/\",\"name\":\"Cl\u00e9 pivotante en aluminium grande poign\u00e9e ZT11LG noir - NatPat Ltd - Canadian Police Supplies\",\"isPartOf\":{\"@id\":\"https:\\\/\\\/911equipment.ca\\\/fr\\\/#website\"},\"primaryImageOfPage\":{\"@id\":\"https:\\\/\\\/911equipment.ca\\\/fr\\\/produit\\\/cle-pivotante-en-aluminium-grande-poignee-zt11lg-noir\\\/#primaryimage\"},\"image\":{\"@id\":\"https:\\\/\\\/911equipment.ca\\\/fr\\\/produit\\\/cle-pivotante-en-aluminium-grande-poignee-zt11lg-noir\\\/#primaryimage\"},\"thumbnailUrl\":\"https:\\\/\\\/i0.wp.com\\\/911equipment.ca\\\/wp-content\\\/uploads\\\/2020\\\/05\\\/ZT11_LG_600.jpg?fit=600%2C600&ssl=1\",\"datePublished\":\"2020-05-25T00:29:14+00:00\",\"dateModified\":\"2024-05-29T15:17:23+00:00\",\"breadcrumb\":{\"@id\":\"https:\\\/\\\/911equipment.ca\\\/fr\\\/produit\\\/cle-pivotante-en-aluminium-grande-poignee-zt11lg-noir\\\/#breadcrumb\"},\"inLanguage\":\"fr-CA\",\"potentialAction\":[{\"@type\":\"ReadAction\",\"target\":[\"https:\\\/\\\/911equipment.ca\\\/fr\\\/produit\\\/cle-pivotante-en-aluminium-grande-poignee-zt11lg-noir\\\/\"]}]},{\"@type\":\"ImageObject\",\"inLanguage\":\"fr-CA\",\"@id\":\"https:\\\/\\\/911equipment.ca\\\/fr\\\/produit\\\/cle-pivotante-en-aluminium-grande-poignee-zt11lg-noir\\\/#primaryimage\",\"url\":\"https:\\\/\\\/i0.wp.com\\\/911equipment.ca\\\/wp-content\\\/uploads\\\/2020\\\/05\\\/ZT11_LG_600.jpg?fit=600%2C600&ssl=1\",\"contentUrl\":\"https:\\\/\\\/i0.wp.com\\\/911equipment.ca\\\/wp-content\\\/uploads\\\/2020\\\/05\\\/ZT11_LG_600.jpg?fit=600%2C600&ssl=1\",\"width\":600,\"height\":600,\"caption\":\"Cl\u00e9 pivotante en aluminium grande poign\u00e9e ZT11LG noir\"},{\"@type\":\"BreadcrumbList\",\"@id\":\"https:\\\/\\\/911equipment.ca\\\/fr\\\/produit\\\/cle-pivotante-en-aluminium-grande-poignee-zt11lg-noir\\\/#breadcrumb\",\"itemListElement\":[{\"@type\":\"ListItem\",\"position\":1,\"name\":\"Home\",\"item\":\"https:\\\/\\\/911equipment.ca\\\/fr\\\/\"},{\"@type\":\"ListItem\",\"position\":2,\"name\":\"Magasiner\",\"item\":\"https:\\\/\\\/911equipment.ca\\\/fr\\\/magasiner\\\/\"},{\"@type\":\"ListItem\",\"position\":3,\"name\":\"Cl\u00e9 pivotante en aluminium grande poign\u00e9e ZT11LG noir\"}]},{\"@type\":\"WebSite\",\"@id\":\"https:\\\/\\\/911equipment.ca\\\/fr\\\/#website\",\"url\":\"https:\\\/\\\/911equipment.ca\\\/fr\\\/\",\"name\":\"Canadian Police Supplies\",\"description\":\"Online retail of police, law enforcement and security supplies, gears and equipment.\",\"publisher\":{\"@id\":\"https:\\\/\\\/911equipment.ca\\\/fr\\\/#organization\"},\"potentialAction\":[{\"@type\":\"SearchAction\",\"target\":{\"@type\":\"EntryPoint\",\"urlTemplate\":\"https:\\\/\\\/911equipment.ca\\\/fr\\\/?s={search_term_string}\"},\"query-input\":{\"@type\":\"PropertyValueSpecification\",\"valueRequired\":true,\"valueName\":\"search_term_string\"}}],\"inLanguage\":\"fr-CA\"},{\"@type\":\"Organization\",\"@id\":\"https:\\\/\\\/911equipment.ca\\\/fr\\\/#organization\",\"name\":\"NatPat Lt\u00e9e\",\"url\":\"https:\\\/\\\/911equipment.ca\\\/fr\\\/\",\"logo\":{\"@type\":\"ImageObject\",\"inLanguage\":\"fr-CA\",\"@id\":\"https:\\\/\\\/911equipment.ca\\\/fr\\\/#\\\/schema\\\/logo\\\/image\\\/\",\"url\":\"https:\\\/\\\/i2.wp.com\\\/911equipment.ca\\\/wp-content\\\/uploads\\\/2020\\\/05\\\/NatPat-Logo-Oct-2010.jpg?fit=560%2C560&ssl=1\",\"contentUrl\":\"https:\\\/\\\/i2.wp.com\\\/911equipment.ca\\\/wp-content\\\/uploads\\\/2020\\\/05\\\/NatPat-Logo-Oct-2010.jpg?fit=560%2C560&ssl=1\",\"width\":560,\"height\":560,\"caption\":\"NatPat Lt\u00e9e\"},\"image\":{\"@id\":\"https:\\\/\\\/911equipment.ca\\\/fr\\\/#\\\/schema\\\/logo\\\/image\\\/\"}}]}<\/script>\n<!-- \/ Yoast SEO plugin. -->","yoast_head_json":{"title":"Cl\u00e9 pivotante en aluminium grande poign\u00e9e ZT11LG noir - NatPat Ltd - Canadian Police Supplies","robots":{"index":"index","follow":"follow","max-snippet":"max-snippet:-1","max-image-preview":"max-image-preview:large","max-video-preview":"max-video-preview:-1"},"canonical":"https:\/\/911equipment.ca\/fr\/produit\/cle-pivotante-en-aluminium-grande-poignee-zt11lg-noir\/","og_locale":"fr_CA","og_type":"article","og_title":"Cl\u00e9 pivotante en aluminium grande poign\u00e9e ZT11LG noir - NatPat Ltd - Canadian Police Supplies","og_description":"Longueur:\u00a0 12 cm \/ 5 pouces  Surface ronde pour faciliter la prise  Cl\u00e9 plus large et plus longue  Vient avec un porte-cl\u00e9s rond","og_url":"https:\/\/911equipment.ca\/fr\/produit\/cle-pivotante-en-aluminium-grande-poignee-zt11lg-noir\/","og_site_name":"NatPat Ltd - Canadian Police Supplies","article_modified_time":"2024-05-29T15:17:23+00:00","og_image":[{"width":600,"height":600,"url":"https:\/\/911equipment.ca\/wp-content\/uploads\/2020\/05\/ZT11_LG_600.jpg","type":"image\/jpeg"}],"twitter_card":"summary_large_image","schema":{"@context":"https:\/\/schema.org","@graph":[{"@type":"WebPage","@id":"https:\/\/911equipment.ca\/fr\/produit\/cle-pivotante-en-aluminium-grande-poignee-zt11lg-noir\/","url":"https:\/\/911equipment.ca\/fr\/produit\/cle-pivotante-en-aluminium-grande-poignee-zt11lg-noir\/","name":"Cl\u00e9 pivotante en aluminium grande poign\u00e9e ZT11LG noir - NatPat Ltd - Canadian Police Supplies","isPartOf":{"@id":"https:\/\/911equipment.ca\/fr\/#website"},"primaryImageOfPage":{"@id":"https:\/\/911equipment.ca\/fr\/produit\/cle-pivotante-en-aluminium-grande-poignee-zt11lg-noir\/#primaryimage"},"image":{"@id":"https:\/\/911equipment.ca\/fr\/produit\/cle-pivotante-en-aluminium-grande-poignee-zt11lg-noir\/#primaryimage"},"thumbnailUrl":"https:\/\/i0.wp.com\/911equipment.ca\/wp-content\/uploads\/2020\/05\/ZT11_LG_600.jpg?fit=600%2C600&ssl=1","datePublished":"2020-05-25T00:29:14+00:00","dateModified":"2024-05-29T15:17:23+00:00","breadcrumb":{"@id":"https:\/\/911equipment.ca\/fr\/produit\/cle-pivotante-en-aluminium-grande-poignee-zt11lg-noir\/#breadcrumb"},"inLanguage":"fr-CA","potentialAction":[{"@type":"ReadAction","target":["https:\/\/911equipment.ca\/fr\/produit\/cle-pivotante-en-aluminium-grande-poignee-zt11lg-noir\/"]}]},{"@type":"ImageObject","inLanguage":"fr-CA","@id":"https:\/\/911equipment.ca\/fr\/produit\/cle-pivotante-en-aluminium-grande-poignee-zt11lg-noir\/#primaryimage","url":"https:\/\/i0.wp.com\/911equipment.ca\/wp-content\/uploads\/2020\/05\/ZT11_LG_600.jpg?fit=600%2C600&ssl=1","contentUrl":"https:\/\/i0.wp.com\/911equipment.ca\/wp-content\/uploads\/2020\/05\/ZT11_LG_600.jpg?fit=600%2C600&ssl=1","width":600,"height":600,"caption":"Cl\u00e9 pivotante en aluminium grande poign\u00e9e ZT11LG noir"},{"@type":"BreadcrumbList","@id":"https:\/\/911equipment.ca\/fr\/produit\/cle-pivotante-en-aluminium-grande-poignee-zt11lg-noir\/#breadcrumb","itemListElement":[{"@type":"ListItem","position":1,"name":"Home","item":"https:\/\/911equipment.ca\/fr\/"},{"@type":"ListItem","position":2,"name":"Magasiner","item":"https:\/\/911equipment.ca\/fr\/magasiner\/"},{"@type":"ListItem","position":3,"name":"Cl\u00e9 pivotante en aluminium grande poign\u00e9e ZT11LG noir"}]},{"@type":"WebSite","@id":"https:\/\/911equipment.ca\/fr\/#website","url":"https:\/\/911equipment.ca\/fr\/","name":"Canadian Police Supplies","description":"Online retail of police, law enforcement and security supplies, gears and equipment.","publisher":{"@id":"https:\/\/911equipment.ca\/fr\/#organization"},"potentialAction":[{"@type":"SearchAction","target":{"@type":"EntryPoint","urlTemplate":"https:\/\/911equipment.ca\/fr\/?s={search_term_string}"},"query-input":{"@type":"PropertyValueSpecification","valueRequired":true,"valueName":"search_term_string"}}],"inLanguage":"fr-CA"},{"@type":"Organization","@id":"https:\/\/911equipment.ca\/fr\/#organization","name":"NatPat Lt\u00e9e","url":"https:\/\/911equipment.ca\/fr\/","logo":{"@type":"ImageObject","inLanguage":"fr-CA","@id":"https:\/\/911equipment.ca\/fr\/#\/schema\/logo\/image\/","url":"https:\/\/i2.wp.com\/911equipment.ca\/wp-content\/uploads\/2020\/05\/NatPat-Logo-Oct-2010.jpg?fit=560%2C560&ssl=1","contentUrl":"https:\/\/i2.wp.com\/911equipment.ca\/wp-content\/uploads\/2020\/05\/NatPat-Logo-Oct-2010.jpg?fit=560%2C560&ssl=1","width":560,"height":560,"caption":"NatPat Lt\u00e9e"},"image":{"@id":"https:\/\/911equipment.ca\/fr\/#\/schema\/logo\/image\/"}}]}},"jetpack_sharing_enabled":true,"brands":[{"id":345,"name":"Zak Tool","slug":"zak-tool-fr"}],"_links":{"self":[{"href":"https:\/\/911equipment.ca\/fr\/wp-json\/wp\/v2\/product\/2228","targetHints":{"allow":["GET"]}}],"collection":[{"href":"https:\/\/911equipment.ca\/fr\/wp-json\/wp\/v2\/product"}],"about":[{"href":"https:\/\/911equipment.ca\/fr\/wp-json\/wp\/v2\/types\/product"}],"replies":[{"embeddable":true,"href":"https:\/\/911equipment.ca\/fr\/wp-json\/wp\/v2\/comments?post=2228"}],"wp:featuredmedia":[{"embeddable":true,"href":"https:\/\/911equipment.ca\/fr\/wp-json\/wp\/v2\/media\/2229"}],"wp:attachment":[{"href":"https:\/\/911equipment.ca\/fr\/wp-json\/wp\/v2\/media?parent=2228"}],"wp:term":[{"taxonomy":"pwb-brand","embeddable":true,"href":"https:\/\/911equipment.ca\/fr\/wp-json\/wp\/v2\/pwb-brand?post=2228"},{"taxonomy":"product_brand","embeddable":true,"href":"https:\/\/911equipment.ca\/fr\/wp-json\/wp\/v2\/product_brand?post=2228"},{"taxonomy":"product_cat","embeddable":true,"href":"https:\/\/911equipment.ca\/fr\/wp-json\/wp\/v2\/product_cat?post=2228"},{"taxonomy":"product_tag","embeddable":true,"href":"https:\/\/911equipment.ca\/fr\/wp-json\/wp\/v2\/product_tag?post=2228"}],"curies":[{"name":"wp","href":"https:\/\/api.w.org\/{rel}","templated":true}]}}