{"id":2193,"date":"2020-05-26T21:21:18","date_gmt":"2020-05-27T01:21:18","guid":{"rendered":"https:\/\/911equipment.ca\/product\/elastiques-pour-carnet-de-notes\/"},"modified":"2025-03-25T14:32:16","modified_gmt":"2025-03-25T18:32:16","slug":"elastiques-pour-carnet-de-notes","status":"publish","type":"product","link":"https:\/\/911equipment.ca\/fr\/produit\/elastiques-pour-carnet-de-notes\/","title":{"rendered":"\u00c9lastiques pour carnet de notes"},"content":{"rendered":"<ul>\n<li>Fait avec un \u00e9lastique tr\u00e8s durable<\/li>\n<li>Imprim\u00e9 sur du mat\u00e9riel r\u00e9fl\u00e9chissant de 3M<\/li>\n<li>Grandeur de 1&Prime; x 4&Prime; pour la plupart des carnets de notes standard<\/li>\n<li>Couture double pour r\u00e9sistance accrue<\/li>\n<li>Deux \u00e9lastiques par paquet<\/li>\n<\/ul>\n","protected":false},"excerpt":{"rendered":"<p>Avec les \u00e9lastiques pour carnet de notes, votre carnet demeure ouvert et s\u00e9curitaire, m\u00eame dans votre poche. Quand vous \u00eates pr\u00eat \u00e0 \u00e9crire, le carnet s&rsquo;ouvre \u00e0 la bonne page. L&rsquo;\u00e9lastique a aussi une apparence tr\u00e8s professionel.<\/p>\n<p>Disponible avec les logos suivants (anglais seulement)<\/p>\n","protected":false},"featured_media":1135,"comment_status":"open","ping_status":"closed","template":"","meta":[],"pwb-brand":[351],"product_brand":[],"product_cat":[228,216],"product_tag":[300],"class_list":{"0":"post-2193","1":"product","2":"type-product","3":"status-publish","4":"has-post-thumbnail","6":"pwb-brand-dutynotebooks-fr","7":"product_cat-carnets-et-couvertures","8":"product_cat-produits-divers","9":"product_tag-elastiques-pour-carnet-de-notes","11":"first","12":"instock","13":"taxable","14":"shipping-taxable","15":"purchasable","16":"product-type-variable"},"yoast_head":"<!-- This site is optimized with the Yoast SEO plugin v27.6 - https:\/\/yoast.com\/product\/yoast-seo-wordpress\/ -->\n<title>\u00c9lastiques pour carnet de notes - NatPat Ltd - Canadian Police Supplies<\/title>\n<meta name=\"description\" content=\"Les \u00e9lastiques permettent \u00e0 votre carnet de rester rang\u00e9, m\u00eame dans votre poche. Disponible avec divers logos tels que la police et la s\u00e9curit\u00e9.\" \/>\n<meta name=\"robots\" content=\"index, follow, max-snippet:-1, max-image-preview:large, max-video-preview:-1\" \/>\n<link rel=\"canonical\" href=\"https:\/\/911equipment.ca\/fr\/produit\/elastiques-pour-carnet-de-notes\/\" \/>\n<meta property=\"og:locale\" content=\"fr_CA\" \/>\n<meta property=\"og:type\" content=\"article\" \/>\n<meta property=\"og:title\" content=\"\u00c9lastiques pour carnet de notes - NatPat Ltd - Canadian Police Supplies\" \/>\n<meta property=\"og:description\" content=\"Les \u00e9lastiques permettent \u00e0 votre carnet de rester rang\u00e9, m\u00eame dans votre poche. Disponible avec divers logos tels que la police et la s\u00e9curit\u00e9.\" \/>\n<meta property=\"og:url\" content=\"https:\/\/911equipment.ca\/fr\/produit\/elastiques-pour-carnet-de-notes\/\" \/>\n<meta property=\"og:site_name\" content=\"NatPat Ltd - Canadian Police Supplies\" \/>\n<meta property=\"article:modified_time\" content=\"2025-03-25T18:32:16+00:00\" \/>\n<meta name=\"twitter:card\" content=\"summary_large_image\" \/>\n<script type=\"application\/ld+json\" class=\"yoast-schema-graph\">{\"@context\":\"https:\\\/\\\/schema.org\",\"@graph\":[{\"@type\":\"WebPage\",\"@id\":\"https:\\\/\\\/911equipment.ca\\\/fr\\\/produit\\\/elastiques-pour-carnet-de-notes\\\/\",\"url\":\"https:\\\/\\\/911equipment.ca\\\/fr\\\/produit\\\/elastiques-pour-carnet-de-notes\\\/\",\"name\":\"\u00c9lastiques pour carnet de notes - NatPat Ltd - Canadian Police Supplies\",\"isPartOf\":{\"@id\":\"https:\\\/\\\/911equipment.ca\\\/fr\\\/#website\"},\"primaryImageOfPage\":{\"@id\":\"https:\\\/\\\/911equipment.ca\\\/fr\\\/produit\\\/elastiques-pour-carnet-de-notes\\\/#primaryimage\"},\"image\":{\"@id\":\"https:\\\/\\\/911equipment.ca\\\/fr\\\/produit\\\/elastiques-pour-carnet-de-notes\\\/#primaryimage\"},\"thumbnailUrl\":\"https:\\\/\\\/i0.wp.com\\\/911equipment.ca\\\/wp-content\\\/uploads\\\/2020\\\/05\\\/Notebands-Closed.jpg?fit=322%2C350&ssl=1\",\"datePublished\":\"2020-05-27T01:21:18+00:00\",\"dateModified\":\"2025-03-25T18:32:16+00:00\",\"description\":\"Les \u00e9lastiques permettent \u00e0 votre carnet de rester rang\u00e9, m\u00eame dans votre poche. Disponible avec divers logos tels que la police et la s\u00e9curit\u00e9.\",\"breadcrumb\":{\"@id\":\"https:\\\/\\\/911equipment.ca\\\/fr\\\/produit\\\/elastiques-pour-carnet-de-notes\\\/#breadcrumb\"},\"inLanguage\":\"fr-CA\",\"potentialAction\":[{\"@type\":\"ReadAction\",\"target\":[\"https:\\\/\\\/911equipment.ca\\\/fr\\\/produit\\\/elastiques-pour-carnet-de-notes\\\/\"]}]},{\"@type\":\"ImageObject\",\"inLanguage\":\"fr-CA\",\"@id\":\"https:\\\/\\\/911equipment.ca\\\/fr\\\/produit\\\/elastiques-pour-carnet-de-notes\\\/#primaryimage\",\"url\":\"https:\\\/\\\/i0.wp.com\\\/911equipment.ca\\\/wp-content\\\/uploads\\\/2020\\\/05\\\/Notebands-Closed.jpg?fit=322%2C350&ssl=1\",\"contentUrl\":\"https:\\\/\\\/i0.wp.com\\\/911equipment.ca\\\/wp-content\\\/uploads\\\/2020\\\/05\\\/Notebands-Closed.jpg?fit=322%2C350&ssl=1\",\"width\":322,\"height\":350,\"caption\":\"Notebook Bands\"},{\"@type\":\"BreadcrumbList\",\"@id\":\"https:\\\/\\\/911equipment.ca\\\/fr\\\/produit\\\/elastiques-pour-carnet-de-notes\\\/#breadcrumb\",\"itemListElement\":[{\"@type\":\"ListItem\",\"position\":1,\"name\":\"Home\",\"item\":\"https:\\\/\\\/911equipment.ca\\\/fr\\\/\"},{\"@type\":\"ListItem\",\"position\":2,\"name\":\"Magasiner\",\"item\":\"https:\\\/\\\/911equipment.ca\\\/fr\\\/magasiner\\\/\"},{\"@type\":\"ListItem\",\"position\":3,\"name\":\"\u00c9lastiques pour carnet de notes\"}]},{\"@type\":\"WebSite\",\"@id\":\"https:\\\/\\\/911equipment.ca\\\/fr\\\/#website\",\"url\":\"https:\\\/\\\/911equipment.ca\\\/fr\\\/\",\"name\":\"Canadian Police Supplies\",\"description\":\"Online retail of police, law enforcement and security supplies, gears and equipment.\",\"publisher\":{\"@id\":\"https:\\\/\\\/911equipment.ca\\\/fr\\\/#organization\"},\"potentialAction\":[{\"@type\":\"SearchAction\",\"target\":{\"@type\":\"EntryPoint\",\"urlTemplate\":\"https:\\\/\\\/911equipment.ca\\\/fr\\\/?s={search_term_string}\"},\"query-input\":{\"@type\":\"PropertyValueSpecification\",\"valueRequired\":true,\"valueName\":\"search_term_string\"}}],\"inLanguage\":\"fr-CA\"},{\"@type\":\"Organization\",\"@id\":\"https:\\\/\\\/911equipment.ca\\\/fr\\\/#organization\",\"name\":\"NatPat Lt\u00e9e\",\"url\":\"https:\\\/\\\/911equipment.ca\\\/fr\\\/\",\"logo\":{\"@type\":\"ImageObject\",\"inLanguage\":\"fr-CA\",\"@id\":\"https:\\\/\\\/911equipment.ca\\\/fr\\\/#\\\/schema\\\/logo\\\/image\\\/\",\"url\":\"https:\\\/\\\/i2.wp.com\\\/911equipment.ca\\\/wp-content\\\/uploads\\\/2020\\\/05\\\/NatPat-Logo-Oct-2010.jpg?fit=560%2C560&ssl=1\",\"contentUrl\":\"https:\\\/\\\/i2.wp.com\\\/911equipment.ca\\\/wp-content\\\/uploads\\\/2020\\\/05\\\/NatPat-Logo-Oct-2010.jpg?fit=560%2C560&ssl=1\",\"width\":560,\"height\":560,\"caption\":\"NatPat Lt\u00e9e\"},\"image\":{\"@id\":\"https:\\\/\\\/911equipment.ca\\\/fr\\\/#\\\/schema\\\/logo\\\/image\\\/\"}}]}<\/script>\n<!-- \/ Yoast SEO plugin. -->","yoast_head_json":{"title":"\u00c9lastiques pour carnet de notes - NatPat Ltd - Canadian Police Supplies","description":"Les \u00e9lastiques permettent \u00e0 votre carnet de rester rang\u00e9, m\u00eame dans votre poche. Disponible avec divers logos tels que la police et la s\u00e9curit\u00e9.","robots":{"index":"index","follow":"follow","max-snippet":"max-snippet:-1","max-image-preview":"max-image-preview:large","max-video-preview":"max-video-preview:-1"},"canonical":"https:\/\/911equipment.ca\/fr\/produit\/elastiques-pour-carnet-de-notes\/","og_locale":"fr_CA","og_type":"article","og_title":"\u00c9lastiques pour carnet de notes - NatPat Ltd - Canadian Police Supplies","og_description":"Les \u00e9lastiques permettent \u00e0 votre carnet de rester rang\u00e9, m\u00eame dans votre poche. Disponible avec divers logos tels que la police et la s\u00e9curit\u00e9.","og_url":"https:\/\/911equipment.ca\/fr\/produit\/elastiques-pour-carnet-de-notes\/","og_site_name":"NatPat Ltd - Canadian Police Supplies","article_modified_time":"2025-03-25T18:32:16+00:00","twitter_card":"summary_large_image","schema":{"@context":"https:\/\/schema.org","@graph":[{"@type":"WebPage","@id":"https:\/\/911equipment.ca\/fr\/produit\/elastiques-pour-carnet-de-notes\/","url":"https:\/\/911equipment.ca\/fr\/produit\/elastiques-pour-carnet-de-notes\/","name":"\u00c9lastiques pour carnet de notes - NatPat Ltd - Canadian Police Supplies","isPartOf":{"@id":"https:\/\/911equipment.ca\/fr\/#website"},"primaryImageOfPage":{"@id":"https:\/\/911equipment.ca\/fr\/produit\/elastiques-pour-carnet-de-notes\/#primaryimage"},"image":{"@id":"https:\/\/911equipment.ca\/fr\/produit\/elastiques-pour-carnet-de-notes\/#primaryimage"},"thumbnailUrl":"https:\/\/i0.wp.com\/911equipment.ca\/wp-content\/uploads\/2020\/05\/Notebands-Closed.jpg?fit=322%2C350&ssl=1","datePublished":"2020-05-27T01:21:18+00:00","dateModified":"2025-03-25T18:32:16+00:00","description":"Les \u00e9lastiques permettent \u00e0 votre carnet de rester rang\u00e9, m\u00eame dans votre poche. Disponible avec divers logos tels que la police et la s\u00e9curit\u00e9.","breadcrumb":{"@id":"https:\/\/911equipment.ca\/fr\/produit\/elastiques-pour-carnet-de-notes\/#breadcrumb"},"inLanguage":"fr-CA","potentialAction":[{"@type":"ReadAction","target":["https:\/\/911equipment.ca\/fr\/produit\/elastiques-pour-carnet-de-notes\/"]}]},{"@type":"ImageObject","inLanguage":"fr-CA","@id":"https:\/\/911equipment.ca\/fr\/produit\/elastiques-pour-carnet-de-notes\/#primaryimage","url":"https:\/\/i0.wp.com\/911equipment.ca\/wp-content\/uploads\/2020\/05\/Notebands-Closed.jpg?fit=322%2C350&ssl=1","contentUrl":"https:\/\/i0.wp.com\/911equipment.ca\/wp-content\/uploads\/2020\/05\/Notebands-Closed.jpg?fit=322%2C350&ssl=1","width":322,"height":350,"caption":"Notebook Bands"},{"@type":"BreadcrumbList","@id":"https:\/\/911equipment.ca\/fr\/produit\/elastiques-pour-carnet-de-notes\/#breadcrumb","itemListElement":[{"@type":"ListItem","position":1,"name":"Home","item":"https:\/\/911equipment.ca\/fr\/"},{"@type":"ListItem","position":2,"name":"Magasiner","item":"https:\/\/911equipment.ca\/fr\/magasiner\/"},{"@type":"ListItem","position":3,"name":"\u00c9lastiques pour carnet de notes"}]},{"@type":"WebSite","@id":"https:\/\/911equipment.ca\/fr\/#website","url":"https:\/\/911equipment.ca\/fr\/","name":"Canadian Police Supplies","description":"Online retail of police, law enforcement and security supplies, gears and equipment.","publisher":{"@id":"https:\/\/911equipment.ca\/fr\/#organization"},"potentialAction":[{"@type":"SearchAction","target":{"@type":"EntryPoint","urlTemplate":"https:\/\/911equipment.ca\/fr\/?s={search_term_string}"},"query-input":{"@type":"PropertyValueSpecification","valueRequired":true,"valueName":"search_term_string"}}],"inLanguage":"fr-CA"},{"@type":"Organization","@id":"https:\/\/911equipment.ca\/fr\/#organization","name":"NatPat Lt\u00e9e","url":"https:\/\/911equipment.ca\/fr\/","logo":{"@type":"ImageObject","inLanguage":"fr-CA","@id":"https:\/\/911equipment.ca\/fr\/#\/schema\/logo\/image\/","url":"https:\/\/i2.wp.com\/911equipment.ca\/wp-content\/uploads\/2020\/05\/NatPat-Logo-Oct-2010.jpg?fit=560%2C560&ssl=1","contentUrl":"https:\/\/i2.wp.com\/911equipment.ca\/wp-content\/uploads\/2020\/05\/NatPat-Logo-Oct-2010.jpg?fit=560%2C560&ssl=1","width":560,"height":560,"caption":"NatPat Lt\u00e9e"},"image":{"@id":"https:\/\/911equipment.ca\/fr\/#\/schema\/logo\/image\/"}}]}},"jetpack_sharing_enabled":true,"brands":[{"id":351,"name":"DutyNotebooks","slug":"dutynotebooks-fr"}],"_links":{"self":[{"href":"https:\/\/911equipment.ca\/fr\/wp-json\/wp\/v2\/product\/2193","targetHints":{"allow":["GET"]}}],"collection":[{"href":"https:\/\/911equipment.ca\/fr\/wp-json\/wp\/v2\/product"}],"about":[{"href":"https:\/\/911equipment.ca\/fr\/wp-json\/wp\/v2\/types\/product"}],"replies":[{"embeddable":true,"href":"https:\/\/911equipment.ca\/fr\/wp-json\/wp\/v2\/comments?post=2193"}],"wp:featuredmedia":[{"embeddable":true,"href":"https:\/\/911equipment.ca\/fr\/wp-json\/wp\/v2\/media\/1135"}],"wp:attachment":[{"href":"https:\/\/911equipment.ca\/fr\/wp-json\/wp\/v2\/media?parent=2193"}],"wp:term":[{"taxonomy":"pwb-brand","embeddable":true,"href":"https:\/\/911equipment.ca\/fr\/wp-json\/wp\/v2\/pwb-brand?post=2193"},{"taxonomy":"product_brand","embeddable":true,"href":"https:\/\/911equipment.ca\/fr\/wp-json\/wp\/v2\/product_brand?post=2193"},{"taxonomy":"product_cat","embeddable":true,"href":"https:\/\/911equipment.ca\/fr\/wp-json\/wp\/v2\/product_cat?post=2193"},{"taxonomy":"product_tag","embeddable":true,"href":"https:\/\/911equipment.ca\/fr\/wp-json\/wp\/v2\/product_tag?post=2193"}],"curies":[{"name":"wp","href":"https:\/\/api.w.org\/{rel}","templated":true}]}}