{"id":2181,"date":"2020-05-26T23:04:52","date_gmt":"2020-05-27T03:04:52","guid":{"rendered":"https:\/\/911equipment.ca\/product\/ceinture-de-service-externe-ultra-uncle-mike\/"},"modified":"2024-05-29T10:38:13","modified_gmt":"2024-05-29T14:38:13","slug":"ceinture-de-service-externe-ultra-uncle-mike","status":"publish","type":"product","link":"https:\/\/911equipment.ca\/fr\/produit\/ceinture-de-service-externe-ultra-uncle-mike\/","title":{"rendered":"Ceinture de service externe Ultra Uncle Mike"},"content":{"rendered":"<ul>\n<li>Mat\u00e9riel en nylon r\u00e9sistant de 2&Prime; \u00e0 deux \u00e9paisseurs<\/li>\n<li>Support polym\u00e8re pour augmenter le support<\/li>\n<li>Assez rigide pour supporter l&rsquo;\u00e9quipement tout en demeurant flexible<\/li>\n<li>Rev\u00eatement de velcro \u00e0 l&rsquo;int\u00e9rieur pour accoupler avec la ceinture interne<\/li>\n<li>Couture de pr\u00e9cision tr\u00e8s r\u00e9sistante pour apparence professionelle et pour longue <span style=\"font-size: 14.4px;\">dur\u00e9e<\/span><\/li>\n<li><span style=\"font-size: 14.4px;\">Disponible dans les grandeurs suivantes: Petit (26-30), M\u00e9dium (32-36), Large (38-42), XLarge (44-48), XXLarge (50-54)<\/span><\/li>\n<\/ul>\n","protected":false},"excerpt":{"rendered":"<p>La ceinture de service externe Uncle Mike Ultra est suffisamment rigide pour supporter l&rsquo;\u00e9quipement de travail, mais reste flexible. Le velcro \u00e0 l&rsquo;int\u00e9rieur est con\u00e7u pour correspondre au velcro ext\u00e9rieur de la ceinture int\u00e9rieure.<\/p>\n","protected":false},"featured_media":2182,"comment_status":"open","ping_status":"closed","template":"","meta":[],"pwb-brand":[346],"product_brand":[],"product_cat":[221],"product_tag":[218,235,236],"class_list":{"0":"post-2181","1":"product","2":"type-product","3":"status-publish","4":"has-post-thumbnail","6":"pwb-brand-uncle-mikes-fr","7":"product_cat-ceintures-de-service","8":"product_tag-ceinture","9":"product_tag-ceinture-de-service","10":"product_tag-ceinture-en-nylon","12":"first","13":"instock","14":"taxable","15":"shipping-taxable","16":"purchasable","17":"product-type-variable"},"yoast_head":"<!-- This site is optimized with the Yoast SEO plugin v27.4 - https:\/\/yoast.com\/product\/yoast-seo-wordpress\/ -->\n<title>Ceinture de service externe Ultra Uncle Mike - NatPat Ltd - Canadian Police Supplies<\/title>\n<meta name=\"description\" content=\"La ceinture de service externe Uncle Mike Ultra en nylon est suffisamment rigide pour supporter votre \u00e9quipement de service pour la police et la s\u00e9curit\u00e9.\" \/>\n<meta name=\"robots\" content=\"index, follow, max-snippet:-1, max-image-preview:large, max-video-preview:-1\" \/>\n<link rel=\"canonical\" href=\"https:\/\/911equipment.ca\/fr\/produit\/ceinture-de-service-externe-ultra-uncle-mike\/\" \/>\n<meta property=\"og:locale\" content=\"fr_CA\" \/>\n<meta property=\"og:type\" content=\"article\" \/>\n<meta property=\"og:title\" content=\"Ceinture de service externe Ultra Uncle Mike - NatPat Ltd - Canadian Police Supplies\" \/>\n<meta property=\"og:description\" content=\"La ceinture de service externe Uncle Mike Ultra en nylon est suffisamment rigide pour supporter votre \u00e9quipement de service pour la police et la s\u00e9curit\u00e9.\" \/>\n<meta property=\"og:url\" content=\"https:\/\/911equipment.ca\/fr\/produit\/ceinture-de-service-externe-ultra-uncle-mike\/\" \/>\n<meta property=\"og:site_name\" content=\"NatPat Ltd - Canadian Police Supplies\" \/>\n<meta property=\"article:modified_time\" content=\"2024-05-29T14:38:13+00:00\" \/>\n<meta property=\"og:image\" content=\"https:\/\/911equipment.ca\/wp-content\/uploads\/2020\/05\/Outer_duty-1.jpg\" \/>\n\t<meta property=\"og:image:width\" content=\"482\" \/>\n\t<meta property=\"og:image:height\" content=\"482\" \/>\n\t<meta property=\"og:image:type\" content=\"image\/jpeg\" \/>\n<meta name=\"twitter:card\" content=\"summary_large_image\" \/>\n<script type=\"application\/ld+json\" class=\"yoast-schema-graph\">{\"@context\":\"https:\\\/\\\/schema.org\",\"@graph\":[{\"@type\":\"WebPage\",\"@id\":\"https:\\\/\\\/911equipment.ca\\\/fr\\\/produit\\\/ceinture-de-service-externe-ultra-uncle-mike\\\/\",\"url\":\"https:\\\/\\\/911equipment.ca\\\/fr\\\/produit\\\/ceinture-de-service-externe-ultra-uncle-mike\\\/\",\"name\":\"Ceinture de service externe Ultra Uncle Mike - NatPat Ltd - Canadian Police Supplies\",\"isPartOf\":{\"@id\":\"https:\\\/\\\/911equipment.ca\\\/fr\\\/#website\"},\"primaryImageOfPage\":{\"@id\":\"https:\\\/\\\/911equipment.ca\\\/fr\\\/produit\\\/ceinture-de-service-externe-ultra-uncle-mike\\\/#primaryimage\"},\"image\":{\"@id\":\"https:\\\/\\\/911equipment.ca\\\/fr\\\/produit\\\/ceinture-de-service-externe-ultra-uncle-mike\\\/#primaryimage\"},\"thumbnailUrl\":\"https:\\\/\\\/i0.wp.com\\\/911equipment.ca\\\/wp-content\\\/uploads\\\/2020\\\/05\\\/Outer_duty-1.jpg?fit=482%2C482&ssl=1\",\"datePublished\":\"2020-05-27T03:04:52+00:00\",\"dateModified\":\"2024-05-29T14:38:13+00:00\",\"description\":\"La ceinture de service externe Uncle Mike Ultra en nylon est suffisamment rigide pour supporter votre \u00e9quipement de service pour la police et la s\u00e9curit\u00e9.\",\"breadcrumb\":{\"@id\":\"https:\\\/\\\/911equipment.ca\\\/fr\\\/produit\\\/ceinture-de-service-externe-ultra-uncle-mike\\\/#breadcrumb\"},\"inLanguage\":\"fr-CA\",\"potentialAction\":[{\"@type\":\"ReadAction\",\"target\":[\"https:\\\/\\\/911equipment.ca\\\/fr\\\/produit\\\/ceinture-de-service-externe-ultra-uncle-mike\\\/\"]}]},{\"@type\":\"ImageObject\",\"inLanguage\":\"fr-CA\",\"@id\":\"https:\\\/\\\/911equipment.ca\\\/fr\\\/produit\\\/ceinture-de-service-externe-ultra-uncle-mike\\\/#primaryimage\",\"url\":\"https:\\\/\\\/i0.wp.com\\\/911equipment.ca\\\/wp-content\\\/uploads\\\/2020\\\/05\\\/Outer_duty-1.jpg?fit=482%2C482&ssl=1\",\"contentUrl\":\"https:\\\/\\\/i0.wp.com\\\/911equipment.ca\\\/wp-content\\\/uploads\\\/2020\\\/05\\\/Outer_duty-1.jpg?fit=482%2C482&ssl=1\",\"width\":482,\"height\":482,\"caption\":\"Ceinture de service externe Ultra Uncle Mike\"},{\"@type\":\"BreadcrumbList\",\"@id\":\"https:\\\/\\\/911equipment.ca\\\/fr\\\/produit\\\/ceinture-de-service-externe-ultra-uncle-mike\\\/#breadcrumb\",\"itemListElement\":[{\"@type\":\"ListItem\",\"position\":1,\"name\":\"Home\",\"item\":\"https:\\\/\\\/911equipment.ca\\\/fr\\\/\"},{\"@type\":\"ListItem\",\"position\":2,\"name\":\"Magasiner\",\"item\":\"https:\\\/\\\/911equipment.ca\\\/fr\\\/magasiner\\\/\"},{\"@type\":\"ListItem\",\"position\":3,\"name\":\"Ceinture de service externe Ultra Uncle Mike\"}]},{\"@type\":\"WebSite\",\"@id\":\"https:\\\/\\\/911equipment.ca\\\/fr\\\/#website\",\"url\":\"https:\\\/\\\/911equipment.ca\\\/fr\\\/\",\"name\":\"Canadian Police Supplies\",\"description\":\"Online retail of police, law enforcement and security supplies, gears and equipment.\",\"publisher\":{\"@id\":\"https:\\\/\\\/911equipment.ca\\\/fr\\\/#organization\"},\"potentialAction\":[{\"@type\":\"SearchAction\",\"target\":{\"@type\":\"EntryPoint\",\"urlTemplate\":\"https:\\\/\\\/911equipment.ca\\\/fr\\\/?s={search_term_string}\"},\"query-input\":{\"@type\":\"PropertyValueSpecification\",\"valueRequired\":true,\"valueName\":\"search_term_string\"}}],\"inLanguage\":\"fr-CA\"},{\"@type\":\"Organization\",\"@id\":\"https:\\\/\\\/911equipment.ca\\\/fr\\\/#organization\",\"name\":\"NatPat Lt\u00e9e\",\"url\":\"https:\\\/\\\/911equipment.ca\\\/fr\\\/\",\"logo\":{\"@type\":\"ImageObject\",\"inLanguage\":\"fr-CA\",\"@id\":\"https:\\\/\\\/911equipment.ca\\\/fr\\\/#\\\/schema\\\/logo\\\/image\\\/\",\"url\":\"https:\\\/\\\/i2.wp.com\\\/911equipment.ca\\\/wp-content\\\/uploads\\\/2020\\\/05\\\/NatPat-Logo-Oct-2010.jpg?fit=560%2C560&ssl=1\",\"contentUrl\":\"https:\\\/\\\/i2.wp.com\\\/911equipment.ca\\\/wp-content\\\/uploads\\\/2020\\\/05\\\/NatPat-Logo-Oct-2010.jpg?fit=560%2C560&ssl=1\",\"width\":560,\"height\":560,\"caption\":\"NatPat Lt\u00e9e\"},\"image\":{\"@id\":\"https:\\\/\\\/911equipment.ca\\\/fr\\\/#\\\/schema\\\/logo\\\/image\\\/\"}}]}<\/script>\n<!-- \/ Yoast SEO plugin. -->","yoast_head_json":{"title":"Ceinture de service externe Ultra Uncle Mike - NatPat Ltd - Canadian Police Supplies","description":"La ceinture de service externe Uncle Mike Ultra en nylon est suffisamment rigide pour supporter votre \u00e9quipement de service pour la police et la s\u00e9curit\u00e9.","robots":{"index":"index","follow":"follow","max-snippet":"max-snippet:-1","max-image-preview":"max-image-preview:large","max-video-preview":"max-video-preview:-1"},"canonical":"https:\/\/911equipment.ca\/fr\/produit\/ceinture-de-service-externe-ultra-uncle-mike\/","og_locale":"fr_CA","og_type":"article","og_title":"Ceinture de service externe Ultra Uncle Mike - NatPat Ltd - Canadian Police Supplies","og_description":"La ceinture de service externe Uncle Mike Ultra en nylon est suffisamment rigide pour supporter votre \u00e9quipement de service pour la police et la s\u00e9curit\u00e9.","og_url":"https:\/\/911equipment.ca\/fr\/produit\/ceinture-de-service-externe-ultra-uncle-mike\/","og_site_name":"NatPat Ltd - Canadian Police Supplies","article_modified_time":"2024-05-29T14:38:13+00:00","og_image":[{"width":482,"height":482,"url":"https:\/\/911equipment.ca\/wp-content\/uploads\/2020\/05\/Outer_duty-1.jpg","type":"image\/jpeg"}],"twitter_card":"summary_large_image","schema":{"@context":"https:\/\/schema.org","@graph":[{"@type":"WebPage","@id":"https:\/\/911equipment.ca\/fr\/produit\/ceinture-de-service-externe-ultra-uncle-mike\/","url":"https:\/\/911equipment.ca\/fr\/produit\/ceinture-de-service-externe-ultra-uncle-mike\/","name":"Ceinture de service externe Ultra Uncle Mike - NatPat Ltd - Canadian Police Supplies","isPartOf":{"@id":"https:\/\/911equipment.ca\/fr\/#website"},"primaryImageOfPage":{"@id":"https:\/\/911equipment.ca\/fr\/produit\/ceinture-de-service-externe-ultra-uncle-mike\/#primaryimage"},"image":{"@id":"https:\/\/911equipment.ca\/fr\/produit\/ceinture-de-service-externe-ultra-uncle-mike\/#primaryimage"},"thumbnailUrl":"https:\/\/i0.wp.com\/911equipment.ca\/wp-content\/uploads\/2020\/05\/Outer_duty-1.jpg?fit=482%2C482&ssl=1","datePublished":"2020-05-27T03:04:52+00:00","dateModified":"2024-05-29T14:38:13+00:00","description":"La ceinture de service externe Uncle Mike Ultra en nylon est suffisamment rigide pour supporter votre \u00e9quipement de service pour la police et la s\u00e9curit\u00e9.","breadcrumb":{"@id":"https:\/\/911equipment.ca\/fr\/produit\/ceinture-de-service-externe-ultra-uncle-mike\/#breadcrumb"},"inLanguage":"fr-CA","potentialAction":[{"@type":"ReadAction","target":["https:\/\/911equipment.ca\/fr\/produit\/ceinture-de-service-externe-ultra-uncle-mike\/"]}]},{"@type":"ImageObject","inLanguage":"fr-CA","@id":"https:\/\/911equipment.ca\/fr\/produit\/ceinture-de-service-externe-ultra-uncle-mike\/#primaryimage","url":"https:\/\/i0.wp.com\/911equipment.ca\/wp-content\/uploads\/2020\/05\/Outer_duty-1.jpg?fit=482%2C482&ssl=1","contentUrl":"https:\/\/i0.wp.com\/911equipment.ca\/wp-content\/uploads\/2020\/05\/Outer_duty-1.jpg?fit=482%2C482&ssl=1","width":482,"height":482,"caption":"Ceinture de service externe Ultra Uncle Mike"},{"@type":"BreadcrumbList","@id":"https:\/\/911equipment.ca\/fr\/produit\/ceinture-de-service-externe-ultra-uncle-mike\/#breadcrumb","itemListElement":[{"@type":"ListItem","position":1,"name":"Home","item":"https:\/\/911equipment.ca\/fr\/"},{"@type":"ListItem","position":2,"name":"Magasiner","item":"https:\/\/911equipment.ca\/fr\/magasiner\/"},{"@type":"ListItem","position":3,"name":"Ceinture de service externe Ultra Uncle Mike"}]},{"@type":"WebSite","@id":"https:\/\/911equipment.ca\/fr\/#website","url":"https:\/\/911equipment.ca\/fr\/","name":"Canadian Police Supplies","description":"Online retail of police, law enforcement and security supplies, gears and equipment.","publisher":{"@id":"https:\/\/911equipment.ca\/fr\/#organization"},"potentialAction":[{"@type":"SearchAction","target":{"@type":"EntryPoint","urlTemplate":"https:\/\/911equipment.ca\/fr\/?s={search_term_string}"},"query-input":{"@type":"PropertyValueSpecification","valueRequired":true,"valueName":"search_term_string"}}],"inLanguage":"fr-CA"},{"@type":"Organization","@id":"https:\/\/911equipment.ca\/fr\/#organization","name":"NatPat Lt\u00e9e","url":"https:\/\/911equipment.ca\/fr\/","logo":{"@type":"ImageObject","inLanguage":"fr-CA","@id":"https:\/\/911equipment.ca\/fr\/#\/schema\/logo\/image\/","url":"https:\/\/i2.wp.com\/911equipment.ca\/wp-content\/uploads\/2020\/05\/NatPat-Logo-Oct-2010.jpg?fit=560%2C560&ssl=1","contentUrl":"https:\/\/i2.wp.com\/911equipment.ca\/wp-content\/uploads\/2020\/05\/NatPat-Logo-Oct-2010.jpg?fit=560%2C560&ssl=1","width":560,"height":560,"caption":"NatPat Lt\u00e9e"},"image":{"@id":"https:\/\/911equipment.ca\/fr\/#\/schema\/logo\/image\/"}}]}},"jetpack_sharing_enabled":true,"brands":[{"id":346,"name":"Uncle Mike&#8217;s","slug":"uncle-mikes-fr"}],"_links":{"self":[{"href":"https:\/\/911equipment.ca\/fr\/wp-json\/wp\/v2\/product\/2181","targetHints":{"allow":["GET"]}}],"collection":[{"href":"https:\/\/911equipment.ca\/fr\/wp-json\/wp\/v2\/product"}],"about":[{"href":"https:\/\/911equipment.ca\/fr\/wp-json\/wp\/v2\/types\/product"}],"replies":[{"embeddable":true,"href":"https:\/\/911equipment.ca\/fr\/wp-json\/wp\/v2\/comments?post=2181"}],"wp:featuredmedia":[{"embeddable":true,"href":"https:\/\/911equipment.ca\/fr\/wp-json\/wp\/v2\/media\/2182"}],"wp:attachment":[{"href":"https:\/\/911equipment.ca\/fr\/wp-json\/wp\/v2\/media?parent=2181"}],"wp:term":[{"taxonomy":"pwb-brand","embeddable":true,"href":"https:\/\/911equipment.ca\/fr\/wp-json\/wp\/v2\/pwb-brand?post=2181"},{"taxonomy":"product_brand","embeddable":true,"href":"https:\/\/911equipment.ca\/fr\/wp-json\/wp\/v2\/product_brand?post=2181"},{"taxonomy":"product_cat","embeddable":true,"href":"https:\/\/911equipment.ca\/fr\/wp-json\/wp\/v2\/product_cat?post=2181"},{"taxonomy":"product_tag","embeddable":true,"href":"https:\/\/911equipment.ca\/fr\/wp-json\/wp\/v2\/product_tag?post=2181"}],"curies":[{"name":"wp","href":"https:\/\/api.w.org\/{rel}","templated":true}]}}