{"id":2168,"date":"2020-05-26T02:10:42","date_gmt":"2020-05-26T06:10:42","guid":{"rendered":"https:\/\/911equipment.ca\/product\/bretelles-tactiques-blackhawk\/"},"modified":"2025-09-30T20:11:48","modified_gmt":"2025-10-01T00:11:48","slug":"bretelles-tactiques-blackhawk","status":"publish","type":"product","link":"https:\/\/911equipment.ca\/fr\/produit\/bretelles-tactiques-blackhawk\/","title":{"rendered":"Bretelles tactiques Blackhawk"},"content":{"rendered":"<ul>\n<li>Syst\u00e8me de boucle de ceinture<\/li>\n<li>Poign\u00e9es de traction robustes et sangle de sternum<\/li>\n<li>Pas d&rsquo;attaches m\u00e9tallique (ceinture non incluse)<\/li>\n<li>Couleur &#8211; Noir<\/li>\n<\/ul>\n","protected":false},"excerpt":{"rendered":"<p>R\u00e9partissez le poids uniform\u00e9ment avec ce syst\u00e8me de bretelles tactiques.<\/p>\n","protected":false},"featured_media":2169,"comment_status":"open","ping_status":"closed","template":"","meta":[],"pwb-brand":[350],"product_brand":[],"product_cat":[226],"product_tag":[293],"class_list":{"0":"post-2168","1":"product","2":"type-product","3":"status-publish","4":"has-post-thumbnail","6":"pwb-brand-blackhawk-fr","7":"product_cat-bretelles","8":"product_tag-bretelles","10":"first","11":"instock","12":"sale","13":"featured","14":"taxable","15":"shipping-taxable","16":"purchasable","17":"product-type-simple"},"yoast_head":"<!-- This site is optimized with the Yoast SEO plugin v27.3 - https:\/\/yoast.com\/product\/yoast-seo-wordpress\/ -->\n<title>Bretelles tactiques Blackhawk - NatPat Ltd - Canadian Police Supplies<\/title>\n<meta name=\"description\" content=\"Les bretelles r\u00e9partissent le poids uniform\u00e9ment sur votre ceinture de service avec un syst\u00e8me de bretelles porteur confortable et durable utilisant des sangles robustes.\" \/>\n<meta name=\"robots\" content=\"index, follow, max-snippet:-1, max-image-preview:large, max-video-preview:-1\" \/>\n<link rel=\"canonical\" href=\"https:\/\/911equipment.ca\/fr\/produit\/bretelles-tactiques-blackhawk\/\" \/>\n<meta property=\"og:locale\" content=\"fr_CA\" \/>\n<meta property=\"og:type\" content=\"article\" \/>\n<meta property=\"og:title\" content=\"Bretelles tactiques Blackhawk - NatPat Ltd - Canadian Police Supplies\" \/>\n<meta property=\"og:description\" content=\"Les bretelles r\u00e9partissent le poids uniform\u00e9ment sur votre ceinture de service avec un syst\u00e8me de bretelles porteur confortable et durable utilisant des sangles robustes.\" \/>\n<meta property=\"og:url\" content=\"https:\/\/911equipment.ca\/fr\/produit\/bretelles-tactiques-blackhawk\/\" \/>\n<meta property=\"og:site_name\" content=\"NatPat Ltd - Canadian Police Supplies\" \/>\n<meta property=\"article:modified_time\" content=\"2025-10-01T00:11:48+00:00\" \/>\n<meta property=\"og:image\" content=\"https:\/\/911equipment.ca\/wp-content\/uploads\/2020\/05\/BH_35LBS1BK_loadbearing_front.jpg\" \/>\n\t<meta property=\"og:image:width\" content=\"700\" \/>\n\t<meta property=\"og:image:height\" content=\"700\" \/>\n\t<meta property=\"og:image:type\" content=\"image\/jpeg\" \/>\n<meta name=\"twitter:card\" content=\"summary_large_image\" \/>\n<script type=\"application\/ld+json\" class=\"yoast-schema-graph\">{\"@context\":\"https:\\\/\\\/schema.org\",\"@graph\":[{\"@type\":\"WebPage\",\"@id\":\"https:\\\/\\\/911equipment.ca\\\/fr\\\/produit\\\/bretelles-tactiques-blackhawk\\\/\",\"url\":\"https:\\\/\\\/911equipment.ca\\\/fr\\\/produit\\\/bretelles-tactiques-blackhawk\\\/\",\"name\":\"Bretelles tactiques Blackhawk - NatPat Ltd - Canadian Police Supplies\",\"isPartOf\":{\"@id\":\"https:\\\/\\\/911equipment.ca\\\/fr\\\/#website\"},\"primaryImageOfPage\":{\"@id\":\"https:\\\/\\\/911equipment.ca\\\/fr\\\/produit\\\/bretelles-tactiques-blackhawk\\\/#primaryimage\"},\"image\":{\"@id\":\"https:\\\/\\\/911equipment.ca\\\/fr\\\/produit\\\/bretelles-tactiques-blackhawk\\\/#primaryimage\"},\"thumbnailUrl\":\"https:\\\/\\\/i0.wp.com\\\/911equipment.ca\\\/wp-content\\\/uploads\\\/2020\\\/05\\\/BH_35LBS1BK_loadbearing_front.jpg?fit=700%2C700&ssl=1\",\"datePublished\":\"2020-05-26T06:10:42+00:00\",\"dateModified\":\"2025-10-01T00:11:48+00:00\",\"description\":\"Les bretelles r\u00e9partissent le poids uniform\u00e9ment sur votre ceinture de service avec un syst\u00e8me de bretelles porteur confortable et durable utilisant des sangles robustes.\",\"breadcrumb\":{\"@id\":\"https:\\\/\\\/911equipment.ca\\\/fr\\\/produit\\\/bretelles-tactiques-blackhawk\\\/#breadcrumb\"},\"inLanguage\":\"fr-CA\",\"potentialAction\":[{\"@type\":\"ReadAction\",\"target\":[\"https:\\\/\\\/911equipment.ca\\\/fr\\\/produit\\\/bretelles-tactiques-blackhawk\\\/\"]}]},{\"@type\":\"ImageObject\",\"inLanguage\":\"fr-CA\",\"@id\":\"https:\\\/\\\/911equipment.ca\\\/fr\\\/produit\\\/bretelles-tactiques-blackhawk\\\/#primaryimage\",\"url\":\"https:\\\/\\\/i0.wp.com\\\/911equipment.ca\\\/wp-content\\\/uploads\\\/2020\\\/05\\\/BH_35LBS1BK_loadbearing_front.jpg?fit=700%2C700&ssl=1\",\"contentUrl\":\"https:\\\/\\\/i0.wp.com\\\/911equipment.ca\\\/wp-content\\\/uploads\\\/2020\\\/05\\\/BH_35LBS1BK_loadbearing_front.jpg?fit=700%2C700&ssl=1\",\"width\":700,\"height\":700,\"caption\":\"Bretelles tactiques Blackhawk\"},{\"@type\":\"BreadcrumbList\",\"@id\":\"https:\\\/\\\/911equipment.ca\\\/fr\\\/produit\\\/bretelles-tactiques-blackhawk\\\/#breadcrumb\",\"itemListElement\":[{\"@type\":\"ListItem\",\"position\":1,\"name\":\"Home\",\"item\":\"https:\\\/\\\/911equipment.ca\\\/fr\\\/\"},{\"@type\":\"ListItem\",\"position\":2,\"name\":\"Magasiner\",\"item\":\"https:\\\/\\\/911equipment.ca\\\/fr\\\/magasiner\\\/\"},{\"@type\":\"ListItem\",\"position\":3,\"name\":\"Bretelles tactiques Blackhawk\"}]},{\"@type\":\"WebSite\",\"@id\":\"https:\\\/\\\/911equipment.ca\\\/fr\\\/#website\",\"url\":\"https:\\\/\\\/911equipment.ca\\\/fr\\\/\",\"name\":\"Canadian Police Supplies\",\"description\":\"Online retail of police, law enforcement and security supplies, gears and equipment.\",\"publisher\":{\"@id\":\"https:\\\/\\\/911equipment.ca\\\/fr\\\/#organization\"},\"potentialAction\":[{\"@type\":\"SearchAction\",\"target\":{\"@type\":\"EntryPoint\",\"urlTemplate\":\"https:\\\/\\\/911equipment.ca\\\/fr\\\/?s={search_term_string}\"},\"query-input\":{\"@type\":\"PropertyValueSpecification\",\"valueRequired\":true,\"valueName\":\"search_term_string\"}}],\"inLanguage\":\"fr-CA\"},{\"@type\":\"Organization\",\"@id\":\"https:\\\/\\\/911equipment.ca\\\/fr\\\/#organization\",\"name\":\"NatPat Lt\u00e9e\",\"url\":\"https:\\\/\\\/911equipment.ca\\\/fr\\\/\",\"logo\":{\"@type\":\"ImageObject\",\"inLanguage\":\"fr-CA\",\"@id\":\"https:\\\/\\\/911equipment.ca\\\/fr\\\/#\\\/schema\\\/logo\\\/image\\\/\",\"url\":\"https:\\\/\\\/i2.wp.com\\\/911equipment.ca\\\/wp-content\\\/uploads\\\/2020\\\/05\\\/NatPat-Logo-Oct-2010.jpg?fit=560%2C560&ssl=1\",\"contentUrl\":\"https:\\\/\\\/i2.wp.com\\\/911equipment.ca\\\/wp-content\\\/uploads\\\/2020\\\/05\\\/NatPat-Logo-Oct-2010.jpg?fit=560%2C560&ssl=1\",\"width\":560,\"height\":560,\"caption\":\"NatPat Lt\u00e9e\"},\"image\":{\"@id\":\"https:\\\/\\\/911equipment.ca\\\/fr\\\/#\\\/schema\\\/logo\\\/image\\\/\"}}]}<\/script>\n<!-- \/ Yoast SEO plugin. -->","yoast_head_json":{"title":"Bretelles tactiques Blackhawk - NatPat Ltd - Canadian Police Supplies","description":"Les bretelles r\u00e9partissent le poids uniform\u00e9ment sur votre ceinture de service avec un syst\u00e8me de bretelles porteur confortable et durable utilisant des sangles robustes.","robots":{"index":"index","follow":"follow","max-snippet":"max-snippet:-1","max-image-preview":"max-image-preview:large","max-video-preview":"max-video-preview:-1"},"canonical":"https:\/\/911equipment.ca\/fr\/produit\/bretelles-tactiques-blackhawk\/","og_locale":"fr_CA","og_type":"article","og_title":"Bretelles tactiques Blackhawk - NatPat Ltd - Canadian Police Supplies","og_description":"Les bretelles r\u00e9partissent le poids uniform\u00e9ment sur votre ceinture de service avec un syst\u00e8me de bretelles porteur confortable et durable utilisant des sangles robustes.","og_url":"https:\/\/911equipment.ca\/fr\/produit\/bretelles-tactiques-blackhawk\/","og_site_name":"NatPat Ltd - Canadian Police Supplies","article_modified_time":"2025-10-01T00:11:48+00:00","og_image":[{"width":700,"height":700,"url":"https:\/\/911equipment.ca\/wp-content\/uploads\/2020\/05\/BH_35LBS1BK_loadbearing_front.jpg","type":"image\/jpeg"}],"twitter_card":"summary_large_image","schema":{"@context":"https:\/\/schema.org","@graph":[{"@type":"WebPage","@id":"https:\/\/911equipment.ca\/fr\/produit\/bretelles-tactiques-blackhawk\/","url":"https:\/\/911equipment.ca\/fr\/produit\/bretelles-tactiques-blackhawk\/","name":"Bretelles tactiques Blackhawk - NatPat Ltd - Canadian Police Supplies","isPartOf":{"@id":"https:\/\/911equipment.ca\/fr\/#website"},"primaryImageOfPage":{"@id":"https:\/\/911equipment.ca\/fr\/produit\/bretelles-tactiques-blackhawk\/#primaryimage"},"image":{"@id":"https:\/\/911equipment.ca\/fr\/produit\/bretelles-tactiques-blackhawk\/#primaryimage"},"thumbnailUrl":"https:\/\/i0.wp.com\/911equipment.ca\/wp-content\/uploads\/2020\/05\/BH_35LBS1BK_loadbearing_front.jpg?fit=700%2C700&ssl=1","datePublished":"2020-05-26T06:10:42+00:00","dateModified":"2025-10-01T00:11:48+00:00","description":"Les bretelles r\u00e9partissent le poids uniform\u00e9ment sur votre ceinture de service avec un syst\u00e8me de bretelles porteur confortable et durable utilisant des sangles robustes.","breadcrumb":{"@id":"https:\/\/911equipment.ca\/fr\/produit\/bretelles-tactiques-blackhawk\/#breadcrumb"},"inLanguage":"fr-CA","potentialAction":[{"@type":"ReadAction","target":["https:\/\/911equipment.ca\/fr\/produit\/bretelles-tactiques-blackhawk\/"]}]},{"@type":"ImageObject","inLanguage":"fr-CA","@id":"https:\/\/911equipment.ca\/fr\/produit\/bretelles-tactiques-blackhawk\/#primaryimage","url":"https:\/\/i0.wp.com\/911equipment.ca\/wp-content\/uploads\/2020\/05\/BH_35LBS1BK_loadbearing_front.jpg?fit=700%2C700&ssl=1","contentUrl":"https:\/\/i0.wp.com\/911equipment.ca\/wp-content\/uploads\/2020\/05\/BH_35LBS1BK_loadbearing_front.jpg?fit=700%2C700&ssl=1","width":700,"height":700,"caption":"Bretelles tactiques Blackhawk"},{"@type":"BreadcrumbList","@id":"https:\/\/911equipment.ca\/fr\/produit\/bretelles-tactiques-blackhawk\/#breadcrumb","itemListElement":[{"@type":"ListItem","position":1,"name":"Home","item":"https:\/\/911equipment.ca\/fr\/"},{"@type":"ListItem","position":2,"name":"Magasiner","item":"https:\/\/911equipment.ca\/fr\/magasiner\/"},{"@type":"ListItem","position":3,"name":"Bretelles tactiques Blackhawk"}]},{"@type":"WebSite","@id":"https:\/\/911equipment.ca\/fr\/#website","url":"https:\/\/911equipment.ca\/fr\/","name":"Canadian Police Supplies","description":"Online retail of police, law enforcement and security supplies, gears and equipment.","publisher":{"@id":"https:\/\/911equipment.ca\/fr\/#organization"},"potentialAction":[{"@type":"SearchAction","target":{"@type":"EntryPoint","urlTemplate":"https:\/\/911equipment.ca\/fr\/?s={search_term_string}"},"query-input":{"@type":"PropertyValueSpecification","valueRequired":true,"valueName":"search_term_string"}}],"inLanguage":"fr-CA"},{"@type":"Organization","@id":"https:\/\/911equipment.ca\/fr\/#organization","name":"NatPat Lt\u00e9e","url":"https:\/\/911equipment.ca\/fr\/","logo":{"@type":"ImageObject","inLanguage":"fr-CA","@id":"https:\/\/911equipment.ca\/fr\/#\/schema\/logo\/image\/","url":"https:\/\/i2.wp.com\/911equipment.ca\/wp-content\/uploads\/2020\/05\/NatPat-Logo-Oct-2010.jpg?fit=560%2C560&ssl=1","contentUrl":"https:\/\/i2.wp.com\/911equipment.ca\/wp-content\/uploads\/2020\/05\/NatPat-Logo-Oct-2010.jpg?fit=560%2C560&ssl=1","width":560,"height":560,"caption":"NatPat Lt\u00e9e"},"image":{"@id":"https:\/\/911equipment.ca\/fr\/#\/schema\/logo\/image\/"}}]}},"jetpack_sharing_enabled":true,"brands":[{"id":350,"name":"Blackhawk","slug":"blackhawk-fr"}],"_links":{"self":[{"href":"https:\/\/911equipment.ca\/fr\/wp-json\/wp\/v2\/product\/2168","targetHints":{"allow":["GET"]}}],"collection":[{"href":"https:\/\/911equipment.ca\/fr\/wp-json\/wp\/v2\/product"}],"about":[{"href":"https:\/\/911equipment.ca\/fr\/wp-json\/wp\/v2\/types\/product"}],"replies":[{"embeddable":true,"href":"https:\/\/911equipment.ca\/fr\/wp-json\/wp\/v2\/comments?post=2168"}],"wp:featuredmedia":[{"embeddable":true,"href":"https:\/\/911equipment.ca\/fr\/wp-json\/wp\/v2\/media\/2169"}],"wp:attachment":[{"href":"https:\/\/911equipment.ca\/fr\/wp-json\/wp\/v2\/media?parent=2168"}],"wp:term":[{"taxonomy":"pwb-brand","embeddable":true,"href":"https:\/\/911equipment.ca\/fr\/wp-json\/wp\/v2\/pwb-brand?post=2168"},{"taxonomy":"product_brand","embeddable":true,"href":"https:\/\/911equipment.ca\/fr\/wp-json\/wp\/v2\/product_brand?post=2168"},{"taxonomy":"product_cat","embeddable":true,"href":"https:\/\/911equipment.ca\/fr\/wp-json\/wp\/v2\/product_cat?post=2168"},{"taxonomy":"product_tag","embeddable":true,"href":"https:\/\/911equipment.ca\/fr\/wp-json\/wp\/v2\/product_tag?post=2168"}],"curies":[{"name":"wp","href":"https:\/\/api.w.org\/{rel}","templated":true}]}}