{"id":2150,"date":"2020-05-31T20:29:27","date_gmt":"2020-06-01T00:29:27","guid":{"rendered":"https:\/\/911equipment.ca\/product\/etui-pour-agent-chimique-en-aerosol-uncle-mike\/"},"modified":"2020-12-02T00:13:15","modified_gmt":"2020-12-02T05:13:15","slug":"etui-pour-agent-chimique-en-aerosol-uncle-mike","status":"publish","type":"product","link":"https:\/\/911equipment.ca\/fr\/produit\/etui-pour-agent-chimique-en-aerosol-uncle-mike\/","title":{"rendered":"\u00c9tui pour agent chimique en a\u00e9rosol Uncle Mike"},"content":{"rendered":"<ul>\n<li>Boucle de ceinture &#8211; id\u00e9ale pour travail hors d&rsquo;uniforme<\/li>\n<li>Garnissage en mousse pour prot\u00e9ger la cannette<\/li>\n<li>Bouton-pression sans r\u00e9flection et sans usure<\/li>\n<li>Grandeur m\u00e9dium &#8211; pour contenant de 1-1\/2&Prime; de diam\u00e8tre par 4-1\/2&Prime; de profondeur<\/li>\n<li>Fait en nylon Cordura<\/li>\n<\/ul>\n","protected":false},"excerpt":{"rendered":"<p>Garder votre agent chimique personnel \u00e0 votre port\u00e9e<\/p>\n","protected":false},"featured_media":2151,"comment_status":"open","ping_status":"closed","template":"","meta":[],"pwb-brand":[346],"product_brand":[],"product_cat":[225],"product_tag":[290],"class_list":{"0":"post-2150","1":"product","2":"type-product","3":"status-publish","4":"has-post-thumbnail","6":"pwb-brand-uncle-mikes-fr","7":"product_cat-produits-nylon-divers","8":"product_tag-etui-pour-agent-chimique","10":"first","11":"instock","12":"taxable","13":"shipping-taxable","14":"purchasable","15":"product-type-simple"},"yoast_head":"<!-- This site is optimized with the Yoast SEO plugin v27.3 - https:\/\/yoast.com\/product\/yoast-seo-wordpress\/ -->\n<title>\u00c9tui pour agent chimique en a\u00e9rosol Uncle Mike - NatPat Ltd - Canadian Police Supplies<\/title>\n<meta name=\"robots\" content=\"index, follow, max-snippet:-1, max-image-preview:large, max-video-preview:-1\" \/>\n<link rel=\"canonical\" href=\"https:\/\/911equipment.ca\/fr\/produit\/etui-pour-agent-chimique-en-aerosol-uncle-mike\/\" \/>\n<meta property=\"og:locale\" content=\"fr_CA\" \/>\n<meta property=\"og:type\" content=\"article\" \/>\n<meta property=\"og:title\" content=\"\u00c9tui pour agent chimique en a\u00e9rosol Uncle Mike - NatPat Ltd - Canadian Police Supplies\" \/>\n<meta property=\"og:description\" content=\"Garder votre agent chimique personnel \u00e0 votre port\u00e9e\" \/>\n<meta property=\"og:url\" content=\"https:\/\/911equipment.ca\/fr\/produit\/etui-pour-agent-chimique-en-aerosol-uncle-mike\/\" \/>\n<meta property=\"og:site_name\" content=\"NatPat Ltd - Canadian Police Supplies\" \/>\n<meta property=\"article:modified_time\" content=\"2020-12-02T05:13:15+00:00\" \/>\n<meta property=\"og:image\" content=\"https:\/\/911equipment.ca\/wp-content\/uploads\/2020\/05\/Aerosol-Chemical-Agent-Case.jpg\" \/>\n\t<meta property=\"og:image:width\" content=\"500\" \/>\n\t<meta property=\"og:image:height\" content=\"500\" \/>\n\t<meta property=\"og:image:type\" content=\"image\/jpeg\" \/>\n<meta name=\"twitter:card\" content=\"summary_large_image\" \/>\n<script type=\"application\/ld+json\" class=\"yoast-schema-graph\">{\"@context\":\"https:\\\/\\\/schema.org\",\"@graph\":[{\"@type\":\"WebPage\",\"@id\":\"https:\\\/\\\/911equipment.ca\\\/fr\\\/produit\\\/etui-pour-agent-chimique-en-aerosol-uncle-mike\\\/\",\"url\":\"https:\\\/\\\/911equipment.ca\\\/fr\\\/produit\\\/etui-pour-agent-chimique-en-aerosol-uncle-mike\\\/\",\"name\":\"\u00c9tui pour agent chimique en a\u00e9rosol Uncle Mike - NatPat Ltd - Canadian Police Supplies\",\"isPartOf\":{\"@id\":\"https:\\\/\\\/911equipment.ca\\\/fr\\\/#website\"},\"primaryImageOfPage\":{\"@id\":\"https:\\\/\\\/911equipment.ca\\\/fr\\\/produit\\\/etui-pour-agent-chimique-en-aerosol-uncle-mike\\\/#primaryimage\"},\"image\":{\"@id\":\"https:\\\/\\\/911equipment.ca\\\/fr\\\/produit\\\/etui-pour-agent-chimique-en-aerosol-uncle-mike\\\/#primaryimage\"},\"thumbnailUrl\":\"https:\\\/\\\/i0.wp.com\\\/911equipment.ca\\\/wp-content\\\/uploads\\\/2020\\\/05\\\/Aerosol-Chemical-Agent-Case.jpg?fit=500%2C500&ssl=1\",\"datePublished\":\"2020-06-01T00:29:27+00:00\",\"dateModified\":\"2020-12-02T05:13:15+00:00\",\"breadcrumb\":{\"@id\":\"https:\\\/\\\/911equipment.ca\\\/fr\\\/produit\\\/etui-pour-agent-chimique-en-aerosol-uncle-mike\\\/#breadcrumb\"},\"inLanguage\":\"fr-CA\",\"potentialAction\":[{\"@type\":\"ReadAction\",\"target\":[\"https:\\\/\\\/911equipment.ca\\\/fr\\\/produit\\\/etui-pour-agent-chimique-en-aerosol-uncle-mike\\\/\"]}]},{\"@type\":\"ImageObject\",\"inLanguage\":\"fr-CA\",\"@id\":\"https:\\\/\\\/911equipment.ca\\\/fr\\\/produit\\\/etui-pour-agent-chimique-en-aerosol-uncle-mike\\\/#primaryimage\",\"url\":\"https:\\\/\\\/i0.wp.com\\\/911equipment.ca\\\/wp-content\\\/uploads\\\/2020\\\/05\\\/Aerosol-Chemical-Agent-Case.jpg?fit=500%2C500&ssl=1\",\"contentUrl\":\"https:\\\/\\\/i0.wp.com\\\/911equipment.ca\\\/wp-content\\\/uploads\\\/2020\\\/05\\\/Aerosol-Chemical-Agent-Case.jpg?fit=500%2C500&ssl=1\",\"width\":500,\"height\":500,\"caption\":\"\u00c9tui pour agent chimique en a\u00e9rosol Uncle Mike\"},{\"@type\":\"BreadcrumbList\",\"@id\":\"https:\\\/\\\/911equipment.ca\\\/fr\\\/produit\\\/etui-pour-agent-chimique-en-aerosol-uncle-mike\\\/#breadcrumb\",\"itemListElement\":[{\"@type\":\"ListItem\",\"position\":1,\"name\":\"Home\",\"item\":\"https:\\\/\\\/911equipment.ca\\\/fr\\\/\"},{\"@type\":\"ListItem\",\"position\":2,\"name\":\"Magasiner\",\"item\":\"https:\\\/\\\/911equipment.ca\\\/fr\\\/magasiner\\\/\"},{\"@type\":\"ListItem\",\"position\":3,\"name\":\"\u00c9tui pour agent chimique en a\u00e9rosol Uncle Mike\"}]},{\"@type\":\"WebSite\",\"@id\":\"https:\\\/\\\/911equipment.ca\\\/fr\\\/#website\",\"url\":\"https:\\\/\\\/911equipment.ca\\\/fr\\\/\",\"name\":\"Canadian Police Supplies\",\"description\":\"Online retail of police, law enforcement and security supplies, gears and equipment.\",\"publisher\":{\"@id\":\"https:\\\/\\\/911equipment.ca\\\/fr\\\/#organization\"},\"potentialAction\":[{\"@type\":\"SearchAction\",\"target\":{\"@type\":\"EntryPoint\",\"urlTemplate\":\"https:\\\/\\\/911equipment.ca\\\/fr\\\/?s={search_term_string}\"},\"query-input\":{\"@type\":\"PropertyValueSpecification\",\"valueRequired\":true,\"valueName\":\"search_term_string\"}}],\"inLanguage\":\"fr-CA\"},{\"@type\":\"Organization\",\"@id\":\"https:\\\/\\\/911equipment.ca\\\/fr\\\/#organization\",\"name\":\"NatPat Lt\u00e9e\",\"url\":\"https:\\\/\\\/911equipment.ca\\\/fr\\\/\",\"logo\":{\"@type\":\"ImageObject\",\"inLanguage\":\"fr-CA\",\"@id\":\"https:\\\/\\\/911equipment.ca\\\/fr\\\/#\\\/schema\\\/logo\\\/image\\\/\",\"url\":\"https:\\\/\\\/i2.wp.com\\\/911equipment.ca\\\/wp-content\\\/uploads\\\/2020\\\/05\\\/NatPat-Logo-Oct-2010.jpg?fit=560%2C560&ssl=1\",\"contentUrl\":\"https:\\\/\\\/i2.wp.com\\\/911equipment.ca\\\/wp-content\\\/uploads\\\/2020\\\/05\\\/NatPat-Logo-Oct-2010.jpg?fit=560%2C560&ssl=1\",\"width\":560,\"height\":560,\"caption\":\"NatPat Lt\u00e9e\"},\"image\":{\"@id\":\"https:\\\/\\\/911equipment.ca\\\/fr\\\/#\\\/schema\\\/logo\\\/image\\\/\"}}]}<\/script>\n<!-- \/ Yoast SEO plugin. -->","yoast_head_json":{"title":"\u00c9tui pour agent chimique en a\u00e9rosol Uncle Mike - NatPat Ltd - Canadian Police Supplies","robots":{"index":"index","follow":"follow","max-snippet":"max-snippet:-1","max-image-preview":"max-image-preview:large","max-video-preview":"max-video-preview:-1"},"canonical":"https:\/\/911equipment.ca\/fr\/produit\/etui-pour-agent-chimique-en-aerosol-uncle-mike\/","og_locale":"fr_CA","og_type":"article","og_title":"\u00c9tui pour agent chimique en a\u00e9rosol Uncle Mike - NatPat Ltd - Canadian Police Supplies","og_description":"Garder votre agent chimique personnel \u00e0 votre port\u00e9e","og_url":"https:\/\/911equipment.ca\/fr\/produit\/etui-pour-agent-chimique-en-aerosol-uncle-mike\/","og_site_name":"NatPat Ltd - Canadian Police Supplies","article_modified_time":"2020-12-02T05:13:15+00:00","og_image":[{"width":500,"height":500,"url":"https:\/\/911equipment.ca\/wp-content\/uploads\/2020\/05\/Aerosol-Chemical-Agent-Case.jpg","type":"image\/jpeg"}],"twitter_card":"summary_large_image","schema":{"@context":"https:\/\/schema.org","@graph":[{"@type":"WebPage","@id":"https:\/\/911equipment.ca\/fr\/produit\/etui-pour-agent-chimique-en-aerosol-uncle-mike\/","url":"https:\/\/911equipment.ca\/fr\/produit\/etui-pour-agent-chimique-en-aerosol-uncle-mike\/","name":"\u00c9tui pour agent chimique en a\u00e9rosol Uncle Mike - NatPat Ltd - Canadian Police Supplies","isPartOf":{"@id":"https:\/\/911equipment.ca\/fr\/#website"},"primaryImageOfPage":{"@id":"https:\/\/911equipment.ca\/fr\/produit\/etui-pour-agent-chimique-en-aerosol-uncle-mike\/#primaryimage"},"image":{"@id":"https:\/\/911equipment.ca\/fr\/produit\/etui-pour-agent-chimique-en-aerosol-uncle-mike\/#primaryimage"},"thumbnailUrl":"https:\/\/i0.wp.com\/911equipment.ca\/wp-content\/uploads\/2020\/05\/Aerosol-Chemical-Agent-Case.jpg?fit=500%2C500&ssl=1","datePublished":"2020-06-01T00:29:27+00:00","dateModified":"2020-12-02T05:13:15+00:00","breadcrumb":{"@id":"https:\/\/911equipment.ca\/fr\/produit\/etui-pour-agent-chimique-en-aerosol-uncle-mike\/#breadcrumb"},"inLanguage":"fr-CA","potentialAction":[{"@type":"ReadAction","target":["https:\/\/911equipment.ca\/fr\/produit\/etui-pour-agent-chimique-en-aerosol-uncle-mike\/"]}]},{"@type":"ImageObject","inLanguage":"fr-CA","@id":"https:\/\/911equipment.ca\/fr\/produit\/etui-pour-agent-chimique-en-aerosol-uncle-mike\/#primaryimage","url":"https:\/\/i0.wp.com\/911equipment.ca\/wp-content\/uploads\/2020\/05\/Aerosol-Chemical-Agent-Case.jpg?fit=500%2C500&ssl=1","contentUrl":"https:\/\/i0.wp.com\/911equipment.ca\/wp-content\/uploads\/2020\/05\/Aerosol-Chemical-Agent-Case.jpg?fit=500%2C500&ssl=1","width":500,"height":500,"caption":"\u00c9tui pour agent chimique en a\u00e9rosol Uncle Mike"},{"@type":"BreadcrumbList","@id":"https:\/\/911equipment.ca\/fr\/produit\/etui-pour-agent-chimique-en-aerosol-uncle-mike\/#breadcrumb","itemListElement":[{"@type":"ListItem","position":1,"name":"Home","item":"https:\/\/911equipment.ca\/fr\/"},{"@type":"ListItem","position":2,"name":"Magasiner","item":"https:\/\/911equipment.ca\/fr\/magasiner\/"},{"@type":"ListItem","position":3,"name":"\u00c9tui pour agent chimique en a\u00e9rosol Uncle Mike"}]},{"@type":"WebSite","@id":"https:\/\/911equipment.ca\/fr\/#website","url":"https:\/\/911equipment.ca\/fr\/","name":"Canadian Police Supplies","description":"Online retail of police, law enforcement and security supplies, gears and equipment.","publisher":{"@id":"https:\/\/911equipment.ca\/fr\/#organization"},"potentialAction":[{"@type":"SearchAction","target":{"@type":"EntryPoint","urlTemplate":"https:\/\/911equipment.ca\/fr\/?s={search_term_string}"},"query-input":{"@type":"PropertyValueSpecification","valueRequired":true,"valueName":"search_term_string"}}],"inLanguage":"fr-CA"},{"@type":"Organization","@id":"https:\/\/911equipment.ca\/fr\/#organization","name":"NatPat Lt\u00e9e","url":"https:\/\/911equipment.ca\/fr\/","logo":{"@type":"ImageObject","inLanguage":"fr-CA","@id":"https:\/\/911equipment.ca\/fr\/#\/schema\/logo\/image\/","url":"https:\/\/i2.wp.com\/911equipment.ca\/wp-content\/uploads\/2020\/05\/NatPat-Logo-Oct-2010.jpg?fit=560%2C560&ssl=1","contentUrl":"https:\/\/i2.wp.com\/911equipment.ca\/wp-content\/uploads\/2020\/05\/NatPat-Logo-Oct-2010.jpg?fit=560%2C560&ssl=1","width":560,"height":560,"caption":"NatPat Lt\u00e9e"},"image":{"@id":"https:\/\/911equipment.ca\/fr\/#\/schema\/logo\/image\/"}}]}},"jetpack_sharing_enabled":true,"brands":[{"id":346,"name":"Uncle Mike&#8217;s","slug":"uncle-mikes-fr"}],"_links":{"self":[{"href":"https:\/\/911equipment.ca\/fr\/wp-json\/wp\/v2\/product\/2150","targetHints":{"allow":["GET"]}}],"collection":[{"href":"https:\/\/911equipment.ca\/fr\/wp-json\/wp\/v2\/product"}],"about":[{"href":"https:\/\/911equipment.ca\/fr\/wp-json\/wp\/v2\/types\/product"}],"replies":[{"embeddable":true,"href":"https:\/\/911equipment.ca\/fr\/wp-json\/wp\/v2\/comments?post=2150"}],"wp:featuredmedia":[{"embeddable":true,"href":"https:\/\/911equipment.ca\/fr\/wp-json\/wp\/v2\/media\/2151"}],"wp:attachment":[{"href":"https:\/\/911equipment.ca\/fr\/wp-json\/wp\/v2\/media?parent=2150"}],"wp:term":[{"taxonomy":"pwb-brand","embeddable":true,"href":"https:\/\/911equipment.ca\/fr\/wp-json\/wp\/v2\/pwb-brand?post=2150"},{"taxonomy":"product_brand","embeddable":true,"href":"https:\/\/911equipment.ca\/fr\/wp-json\/wp\/v2\/product_brand?post=2150"},{"taxonomy":"product_cat","embeddable":true,"href":"https:\/\/911equipment.ca\/fr\/wp-json\/wp\/v2\/product_cat?post=2150"},{"taxonomy":"product_tag","embeddable":true,"href":"https:\/\/911equipment.ca\/fr\/wp-json\/wp\/v2\/product_tag?post=2150"}],"curies":[{"name":"wp","href":"https:\/\/api.w.org\/{rel}","templated":true}]}}