{"id":2009,"date":"2020-06-01T20:09:53","date_gmt":"2020-06-02T00:09:53","guid":{"rendered":"https:\/\/911equipment.ca\/product\/chase-9-impermeable-sz\/"},"modified":"2024-05-29T09:41:59","modified_gmt":"2024-05-29T13:41:59","slug":"chase-9-impermeable-sz","status":"publish","type":"product","link":"https:\/\/911equipment.ca\/fr\/produit\/chase-9-impermeable-sz\/","title":{"rendered":"Chase 9&Prime; imperm\u00e9able SZ"},"content":{"rendered":"<h3>Caract\u00e9ristiques et avantages<\/h3>\n<div>\n<ul>\n<li>Tige en cuir \/ nylon 1200 deniers pour durabilit\u00e9 et confort am\u00e9lior\u00e9s<\/li>\n<li>Construction de chausson imperm\u00e9able HydroGuard<\/li>\n<li>R\u00e9sistant aux agents pathog\u00e8nes transmissibles par le sang<\/li>\n<li>Fermeture \u00e0 glissi\u00e8re lat\u00e9rale YKK\u00ae durable pour ajustement et retrait faciles avec\u00a0 fermeture \u00e0 languette et boucle<\/li>\n<li>Languette \u00e0 soufflet pour emp\u00eacher la salet\u00e9 et les d\u00e9bris d&rsquo;entrer<\/li>\n<li>Col et languette rembourr\u00e9s de mousse pour protection et respirabilit\u00e9 accrues<\/li>\n<li>Alliage de laiton durable, mat\u00e9riel antirouille<\/li>\n<li>Doublure anti-humidit\u00e9 avec protection antimicrobienne AEGIS<\/li>\n<li>Semelle int\u00e9rieure amovible en EVA avec coussinets de performance Poron\u00ae<\/li>\n<li>Semelle intercalaire en Phylon EVA moul\u00e9 pour confort l\u00e9ger et support<\/li>\n<li>Plateforme de stabilit\u00e9 Texon pour soutien lat\u00e9ral et rigidit\u00e9 en torsion<\/li>\n<li>Tige en nylon pour soutien l\u00e9ger et contr\u00f4le de la fatigue<\/li>\n<li>Contrefort et talon en thermoplastique moul\u00e9s pour confort instantan\u00e9 et maintien lat\u00e9ral<\/li>\n<li>Encoche flexible au talon pour une mobilit\u00e9 accrue et un confort du tendon d&rsquo;Achille<\/li>\n<li>Semelle ext\u00e9rieure en caoutchouc antid\u00e9rapant et r\u00e9sistant \u00e0 l&rsquo;huile<\/li>\n<\/ul>\n<p>39 Oz. (1120 g)<\/p>\n<p>Garantie de confort de 60 jours | Garantie du fabricant de 1 an<\/p>\n<\/div>\n<div><\/div>\n","protected":false},"excerpt":{"rendered":"<p>La Chase 9 \u00ab\u00a0WP Side-Zip est con\u00e7ue pour r\u00e9sister \u00e0 toutes les conditions que vous pouvez lui imposer. Cette chaussure uniforme haut de gamme r\u00e9pond \u00e0 nos normes de haute performance avec sa fermeture \u00e0 glissi\u00e8re facile \u00e0 enfiler et \u00e0 enlever, sa doublure imperm\u00e9able, et semelle ext\u00e9rieure antid\u00e9rapante Chase.<\/p>\n<p><span style=\"color: #ff0000;\"><strong>Liquidation \u00e0 50% du prix r\u00e9gulier \u2013 Bottes EN STOCK seulement<\/strong><\/span><\/p>\n<p><strong>Seule Pointure disponible<br \/>\n<\/strong>R\u00e9guli\u00e8re 13.0<\/p>\n","protected":false},"featured_media":2010,"comment_status":"open","ping_status":"closed","template":"","meta":[],"pwb-brand":[336],"product_brand":[],"product_cat":[191,204],"product_tag":[242,240,244],"class_list":{"0":"post-2009","1":"product","2":"type-product","3":"status-publish","4":"has-post-thumbnail","6":"pwb-brand-original-swat-fr","7":"product_cat-liquidation","8":"product_cat-serie-chase","9":"product_tag-bottes","10":"product_tag-bottes-de-police","11":"product_tag-zipper","13":"first","14":"instock","15":"sale","16":"taxable","17":"shipping-taxable","18":"purchasable","19":"product-type-variable"},"yoast_head":"<!-- This site is optimized with the Yoast SEO plugin v27.5 - https:\/\/yoast.com\/product\/yoast-seo-wordpress\/ -->\n<title>Chase 9&quot; imperm\u00e9able SZ - NatPat Ltd - Canadian Police Supplies<\/title>\n<meta name=\"robots\" content=\"index, follow, max-snippet:-1, max-image-preview:large, max-video-preview:-1\" \/>\n<link rel=\"canonical\" href=\"https:\/\/911equipment.ca\/fr\/produit\/chase-9-impermeable-sz\/\" \/>\n<meta property=\"og:locale\" content=\"fr_CA\" \/>\n<meta property=\"og:type\" content=\"article\" \/>\n<meta property=\"og:title\" content=\"Chase 9&quot; imperm\u00e9able SZ - NatPat Ltd - Canadian Police Supplies\" \/>\n<meta property=\"og:description\" content=\"La Chase 9 &quot;WP Side-Zip est con\u00e7ue pour r\u00e9sister \u00e0 toutes les conditions que vous pouvez lui imposer. Cette chaussure uniforme haut de gamme r\u00e9pond \u00e0 nos normes de haute performance avec sa fermeture \u00e0 glissi\u00e8re facile \u00e0 enfiler et \u00e0 enlever, sa doublure imperm\u00e9able, et semelle ext\u00e9rieure antid\u00e9rapante Chase.  Liquidation \u00e0 50% du prix r\u00e9gulier \u2013 Bottes EN STOCK seulement  Seule Pointure disponible R\u00e9guli\u00e8re 13.0\" \/>\n<meta property=\"og:url\" content=\"https:\/\/911equipment.ca\/fr\/produit\/chase-9-impermeable-sz\/\" \/>\n<meta property=\"og:site_name\" content=\"NatPat Ltd - Canadian Police Supplies\" \/>\n<meta property=\"article:modified_time\" content=\"2024-05-29T13:41:59+00:00\" \/>\n<meta property=\"og:image\" content=\"https:\/\/911equipment.ca\/wp-content\/uploads\/2020\/06\/OS-139601-Chase-9-WP-SZ-600.jpg\" \/>\n\t<meta property=\"og:image:width\" content=\"600\" \/>\n\t<meta property=\"og:image:height\" content=\"600\" \/>\n\t<meta property=\"og:image:type\" content=\"image\/jpeg\" \/>\n<meta name=\"twitter:card\" content=\"summary_large_image\" \/>\n<meta name=\"twitter:label1\" content=\"Estimation du temps de lecture\" \/>\n\t<meta name=\"twitter:data1\" content=\"1 minute\" \/>\n<script type=\"application\/ld+json\" class=\"yoast-schema-graph\">{\"@context\":\"https:\\\/\\\/schema.org\",\"@graph\":[{\"@type\":\"WebPage\",\"@id\":\"https:\\\/\\\/911equipment.ca\\\/fr\\\/produit\\\/chase-9-impermeable-sz\\\/\",\"url\":\"https:\\\/\\\/911equipment.ca\\\/fr\\\/produit\\\/chase-9-impermeable-sz\\\/\",\"name\":\"Chase 9\\\" imperm\u00e9able SZ - NatPat Ltd - Canadian Police Supplies\",\"isPartOf\":{\"@id\":\"https:\\\/\\\/911equipment.ca\\\/fr\\\/#website\"},\"primaryImageOfPage\":{\"@id\":\"https:\\\/\\\/911equipment.ca\\\/fr\\\/produit\\\/chase-9-impermeable-sz\\\/#primaryimage\"},\"image\":{\"@id\":\"https:\\\/\\\/911equipment.ca\\\/fr\\\/produit\\\/chase-9-impermeable-sz\\\/#primaryimage\"},\"thumbnailUrl\":\"https:\\\/\\\/i0.wp.com\\\/911equipment.ca\\\/wp-content\\\/uploads\\\/2020\\\/06\\\/OS-139601-Chase-9-WP-SZ-600.jpg?fit=600%2C600&ssl=1\",\"datePublished\":\"2020-06-02T00:09:53+00:00\",\"dateModified\":\"2024-05-29T13:41:59+00:00\",\"breadcrumb\":{\"@id\":\"https:\\\/\\\/911equipment.ca\\\/fr\\\/produit\\\/chase-9-impermeable-sz\\\/#breadcrumb\"},\"inLanguage\":\"fr-CA\",\"potentialAction\":[{\"@type\":\"ReadAction\",\"target\":[\"https:\\\/\\\/911equipment.ca\\\/fr\\\/produit\\\/chase-9-impermeable-sz\\\/\"]}]},{\"@type\":\"ImageObject\",\"inLanguage\":\"fr-CA\",\"@id\":\"https:\\\/\\\/911equipment.ca\\\/fr\\\/produit\\\/chase-9-impermeable-sz\\\/#primaryimage\",\"url\":\"https:\\\/\\\/i0.wp.com\\\/911equipment.ca\\\/wp-content\\\/uploads\\\/2020\\\/06\\\/OS-139601-Chase-9-WP-SZ-600.jpg?fit=600%2C600&ssl=1\",\"contentUrl\":\"https:\\\/\\\/i0.wp.com\\\/911equipment.ca\\\/wp-content\\\/uploads\\\/2020\\\/06\\\/OS-139601-Chase-9-WP-SZ-600.jpg?fit=600%2C600&ssl=1\",\"width\":600,\"height\":600,\"caption\":\"Bottes Chase 9\\\" imperm\u00e9able avec zipper\"},{\"@type\":\"BreadcrumbList\",\"@id\":\"https:\\\/\\\/911equipment.ca\\\/fr\\\/produit\\\/chase-9-impermeable-sz\\\/#breadcrumb\",\"itemListElement\":[{\"@type\":\"ListItem\",\"position\":1,\"name\":\"Home\",\"item\":\"https:\\\/\\\/911equipment.ca\\\/fr\\\/\"},{\"@type\":\"ListItem\",\"position\":2,\"name\":\"Magasiner\",\"item\":\"https:\\\/\\\/911equipment.ca\\\/fr\\\/magasiner\\\/\"},{\"@type\":\"ListItem\",\"position\":3,\"name\":\"Chase 9&#8243; imperm\u00e9able SZ\"}]},{\"@type\":\"WebSite\",\"@id\":\"https:\\\/\\\/911equipment.ca\\\/fr\\\/#website\",\"url\":\"https:\\\/\\\/911equipment.ca\\\/fr\\\/\",\"name\":\"Canadian Police Supplies\",\"description\":\"Online retail of police, law enforcement and security supplies, gears and equipment.\",\"publisher\":{\"@id\":\"https:\\\/\\\/911equipment.ca\\\/fr\\\/#organization\"},\"potentialAction\":[{\"@type\":\"SearchAction\",\"target\":{\"@type\":\"EntryPoint\",\"urlTemplate\":\"https:\\\/\\\/911equipment.ca\\\/fr\\\/?s={search_term_string}\"},\"query-input\":{\"@type\":\"PropertyValueSpecification\",\"valueRequired\":true,\"valueName\":\"search_term_string\"}}],\"inLanguage\":\"fr-CA\"},{\"@type\":\"Organization\",\"@id\":\"https:\\\/\\\/911equipment.ca\\\/fr\\\/#organization\",\"name\":\"NatPat Lt\u00e9e\",\"url\":\"https:\\\/\\\/911equipment.ca\\\/fr\\\/\",\"logo\":{\"@type\":\"ImageObject\",\"inLanguage\":\"fr-CA\",\"@id\":\"https:\\\/\\\/911equipment.ca\\\/fr\\\/#\\\/schema\\\/logo\\\/image\\\/\",\"url\":\"https:\\\/\\\/i2.wp.com\\\/911equipment.ca\\\/wp-content\\\/uploads\\\/2020\\\/05\\\/NatPat-Logo-Oct-2010.jpg?fit=560%2C560&ssl=1\",\"contentUrl\":\"https:\\\/\\\/i2.wp.com\\\/911equipment.ca\\\/wp-content\\\/uploads\\\/2020\\\/05\\\/NatPat-Logo-Oct-2010.jpg?fit=560%2C560&ssl=1\",\"width\":560,\"height\":560,\"caption\":\"NatPat Lt\u00e9e\"},\"image\":{\"@id\":\"https:\\\/\\\/911equipment.ca\\\/fr\\\/#\\\/schema\\\/logo\\\/image\\\/\"}}]}<\/script>\n<!-- \/ Yoast SEO plugin. -->","yoast_head_json":{"title":"Chase 9\" imperm\u00e9able SZ - NatPat Ltd - Canadian Police Supplies","robots":{"index":"index","follow":"follow","max-snippet":"max-snippet:-1","max-image-preview":"max-image-preview:large","max-video-preview":"max-video-preview:-1"},"canonical":"https:\/\/911equipment.ca\/fr\/produit\/chase-9-impermeable-sz\/","og_locale":"fr_CA","og_type":"article","og_title":"Chase 9\" imperm\u00e9able SZ - NatPat Ltd - Canadian Police Supplies","og_description":"La Chase 9 \"WP Side-Zip est con\u00e7ue pour r\u00e9sister \u00e0 toutes les conditions que vous pouvez lui imposer. Cette chaussure uniforme haut de gamme r\u00e9pond \u00e0 nos normes de haute performance avec sa fermeture \u00e0 glissi\u00e8re facile \u00e0 enfiler et \u00e0 enlever, sa doublure imperm\u00e9able, et semelle ext\u00e9rieure antid\u00e9rapante Chase.  Liquidation \u00e0 50% du prix r\u00e9gulier \u2013 Bottes EN STOCK seulement  Seule Pointure disponible R\u00e9guli\u00e8re 13.0","og_url":"https:\/\/911equipment.ca\/fr\/produit\/chase-9-impermeable-sz\/","og_site_name":"NatPat Ltd - Canadian Police Supplies","article_modified_time":"2024-05-29T13:41:59+00:00","og_image":[{"width":600,"height":600,"url":"https:\/\/911equipment.ca\/wp-content\/uploads\/2020\/06\/OS-139601-Chase-9-WP-SZ-600.jpg","type":"image\/jpeg"}],"twitter_card":"summary_large_image","twitter_misc":{"Estimation du temps de lecture":"1 minute"},"schema":{"@context":"https:\/\/schema.org","@graph":[{"@type":"WebPage","@id":"https:\/\/911equipment.ca\/fr\/produit\/chase-9-impermeable-sz\/","url":"https:\/\/911equipment.ca\/fr\/produit\/chase-9-impermeable-sz\/","name":"Chase 9\" imperm\u00e9able SZ - NatPat Ltd - Canadian Police Supplies","isPartOf":{"@id":"https:\/\/911equipment.ca\/fr\/#website"},"primaryImageOfPage":{"@id":"https:\/\/911equipment.ca\/fr\/produit\/chase-9-impermeable-sz\/#primaryimage"},"image":{"@id":"https:\/\/911equipment.ca\/fr\/produit\/chase-9-impermeable-sz\/#primaryimage"},"thumbnailUrl":"https:\/\/i0.wp.com\/911equipment.ca\/wp-content\/uploads\/2020\/06\/OS-139601-Chase-9-WP-SZ-600.jpg?fit=600%2C600&ssl=1","datePublished":"2020-06-02T00:09:53+00:00","dateModified":"2024-05-29T13:41:59+00:00","breadcrumb":{"@id":"https:\/\/911equipment.ca\/fr\/produit\/chase-9-impermeable-sz\/#breadcrumb"},"inLanguage":"fr-CA","potentialAction":[{"@type":"ReadAction","target":["https:\/\/911equipment.ca\/fr\/produit\/chase-9-impermeable-sz\/"]}]},{"@type":"ImageObject","inLanguage":"fr-CA","@id":"https:\/\/911equipment.ca\/fr\/produit\/chase-9-impermeable-sz\/#primaryimage","url":"https:\/\/i0.wp.com\/911equipment.ca\/wp-content\/uploads\/2020\/06\/OS-139601-Chase-9-WP-SZ-600.jpg?fit=600%2C600&ssl=1","contentUrl":"https:\/\/i0.wp.com\/911equipment.ca\/wp-content\/uploads\/2020\/06\/OS-139601-Chase-9-WP-SZ-600.jpg?fit=600%2C600&ssl=1","width":600,"height":600,"caption":"Bottes Chase 9\" imperm\u00e9able avec zipper"},{"@type":"BreadcrumbList","@id":"https:\/\/911equipment.ca\/fr\/produit\/chase-9-impermeable-sz\/#breadcrumb","itemListElement":[{"@type":"ListItem","position":1,"name":"Home","item":"https:\/\/911equipment.ca\/fr\/"},{"@type":"ListItem","position":2,"name":"Magasiner","item":"https:\/\/911equipment.ca\/fr\/magasiner\/"},{"@type":"ListItem","position":3,"name":"Chase 9&#8243; imperm\u00e9able SZ"}]},{"@type":"WebSite","@id":"https:\/\/911equipment.ca\/fr\/#website","url":"https:\/\/911equipment.ca\/fr\/","name":"Canadian Police Supplies","description":"Online retail of police, law enforcement and security supplies, gears and equipment.","publisher":{"@id":"https:\/\/911equipment.ca\/fr\/#organization"},"potentialAction":[{"@type":"SearchAction","target":{"@type":"EntryPoint","urlTemplate":"https:\/\/911equipment.ca\/fr\/?s={search_term_string}"},"query-input":{"@type":"PropertyValueSpecification","valueRequired":true,"valueName":"search_term_string"}}],"inLanguage":"fr-CA"},{"@type":"Organization","@id":"https:\/\/911equipment.ca\/fr\/#organization","name":"NatPat Lt\u00e9e","url":"https:\/\/911equipment.ca\/fr\/","logo":{"@type":"ImageObject","inLanguage":"fr-CA","@id":"https:\/\/911equipment.ca\/fr\/#\/schema\/logo\/image\/","url":"https:\/\/i2.wp.com\/911equipment.ca\/wp-content\/uploads\/2020\/05\/NatPat-Logo-Oct-2010.jpg?fit=560%2C560&ssl=1","contentUrl":"https:\/\/i2.wp.com\/911equipment.ca\/wp-content\/uploads\/2020\/05\/NatPat-Logo-Oct-2010.jpg?fit=560%2C560&ssl=1","width":560,"height":560,"caption":"NatPat Lt\u00e9e"},"image":{"@id":"https:\/\/911equipment.ca\/fr\/#\/schema\/logo\/image\/"}}]}},"jetpack_sharing_enabled":true,"brands":[{"id":336,"name":"Original SWAT","slug":"original-swat-fr"}],"_links":{"self":[{"href":"https:\/\/911equipment.ca\/fr\/wp-json\/wp\/v2\/product\/2009","targetHints":{"allow":["GET"]}}],"collection":[{"href":"https:\/\/911equipment.ca\/fr\/wp-json\/wp\/v2\/product"}],"about":[{"href":"https:\/\/911equipment.ca\/fr\/wp-json\/wp\/v2\/types\/product"}],"replies":[{"embeddable":true,"href":"https:\/\/911equipment.ca\/fr\/wp-json\/wp\/v2\/comments?post=2009"}],"wp:featuredmedia":[{"embeddable":true,"href":"https:\/\/911equipment.ca\/fr\/wp-json\/wp\/v2\/media\/2010"}],"wp:attachment":[{"href":"https:\/\/911equipment.ca\/fr\/wp-json\/wp\/v2\/media?parent=2009"}],"wp:term":[{"taxonomy":"pwb-brand","embeddable":true,"href":"https:\/\/911equipment.ca\/fr\/wp-json\/wp\/v2\/pwb-brand?post=2009"},{"taxonomy":"product_brand","embeddable":true,"href":"https:\/\/911equipment.ca\/fr\/wp-json\/wp\/v2\/product_brand?post=2009"},{"taxonomy":"product_cat","embeddable":true,"href":"https:\/\/911equipment.ca\/fr\/wp-json\/wp\/v2\/product_cat?post=2009"},{"taxonomy":"product_tag","embeddable":true,"href":"https:\/\/911equipment.ca\/fr\/wp-json\/wp\/v2\/product_tag?post=2009"}],"curies":[{"name":"wp","href":"https:\/\/api.w.org\/{rel}","templated":true}]}}