{"id":1898,"date":"2020-05-28T01:39:14","date_gmt":"2020-05-28T05:39:14","guid":{"rendered":"https:\/\/911equipment.ca\/product\/etiquettes-tactiques-de-groupe-sanguin\/"},"modified":"2020-05-28T01:39:14","modified_gmt":"2020-05-28T05:39:14","slug":"etiquettes-tactiques-de-groupe-sanguin","status":"publish","type":"product","link":"https:\/\/911equipment.ca\/fr\/produit\/etiquettes-tactiques-de-groupe-sanguin\/","title":{"rendered":"\u00c9tiquettes tactiques de groupe sanguin"},"content":{"rendered":"<p>Sangle auto-agrippante facile \u00e0 utiliser et \u00e0 d\u00e9gagement rapide. Ils se fixent rapidement et en toute s\u00e9curit\u00e9 sur les v\u00eatements, les sacs ou les gilets et sont bien adapt\u00e9s pour une utilisation en service ou hors service. Leur taille l\u00e9g\u00e8re et discr\u00e8te les rend faciles \u00e0 emporter avec vous au quotidien.<\/p>\n<p><u>Disponible en noir avec lettrage blanc uniquement<\/u><\/p>\n<p>Dimensions 11.4 cm (4.5&Prime;) de long.<\/p>\n","protected":false},"excerpt":{"rendered":"<p>Dans une situation m\u00e9dicale d&rsquo;urgence, vous pourriez ne pas \u00eatre suffisamment conscient pour dire aux \u00e9quipes de secours votre groupe sanguin. Les \u00e9tiquettes de groupe sanguin pratiques de Voodoo Tactical le rendent imm\u00e9diatement \u00e9vident, \u00e9conomisant des secondes cruciales pour potentiellement sauver votre vie.<\/p>\n","protected":false},"featured_media":1899,"comment_status":"open","ping_status":"closed","template":"","meta":[],"pwb-brand":[354],"product_brand":[],"product_cat":[216],"product_tag":[258,259],"class_list":{"0":"post-1898","1":"product","2":"type-product","3":"status-publish","4":"has-post-thumbnail","6":"pwb-brand-voodoo-tactical-fr","7":"product_cat-produits-divers","8":"product_tag-etiquettes-groupe-sanguin","9":"product_tag-groupes-sanguin","11":"first","12":"instock","13":"taxable","14":"shipping-taxable","15":"purchasable","16":"product-type-variable"},"yoast_head":"<!-- This site is optimized with the Yoast SEO plugin v27.3 - https:\/\/yoast.com\/product\/yoast-seo-wordpress\/ -->\n<title>\u00c9tiquettes tactiques de groupe sanguin - NatPat Ltd - Canadian Police Supplies<\/title>\n<meta name=\"robots\" content=\"index, follow, max-snippet:-1, max-image-preview:large, max-video-preview:-1\" \/>\n<link rel=\"canonical\" href=\"https:\/\/911equipment.ca\/fr\/produit\/etiquettes-tactiques-de-groupe-sanguin\/\" \/>\n<meta property=\"og:locale\" content=\"fr_CA\" \/>\n<meta property=\"og:type\" content=\"article\" \/>\n<meta property=\"og:title\" content=\"\u00c9tiquettes tactiques de groupe sanguin - NatPat Ltd - Canadian Police Supplies\" \/>\n<meta property=\"og:description\" content=\"Dans une situation m\u00e9dicale d&#039;urgence, vous pourriez ne pas \u00eatre suffisamment conscient pour dire aux \u00e9quipes de secours votre groupe sanguin. Les \u00e9tiquettes de groupe sanguin pratiques de Voodoo Tactical le rendent imm\u00e9diatement \u00e9vident, \u00e9conomisant des secondes cruciales pour potentiellement sauver votre vie.\" \/>\n<meta property=\"og:url\" content=\"https:\/\/911equipment.ca\/fr\/produit\/etiquettes-tactiques-de-groupe-sanguin\/\" \/>\n<meta property=\"og:site_name\" content=\"NatPat Ltd - Canadian Police Supplies\" \/>\n<meta property=\"og:image\" content=\"https:\/\/911equipment.ca\/wp-content\/uploads\/2020\/05\/Blood_Tags.jpg\" \/>\n\t<meta property=\"og:image:width\" content=\"1200\" \/>\n\t<meta property=\"og:image:height\" content=\"1200\" \/>\n\t<meta property=\"og:image:type\" content=\"image\/jpeg\" \/>\n<meta name=\"twitter:card\" content=\"summary_large_image\" \/>\n<script type=\"application\/ld+json\" class=\"yoast-schema-graph\">{\"@context\":\"https:\\\/\\\/schema.org\",\"@graph\":[{\"@type\":\"WebPage\",\"@id\":\"https:\\\/\\\/911equipment.ca\\\/fr\\\/produit\\\/etiquettes-tactiques-de-groupe-sanguin\\\/\",\"url\":\"https:\\\/\\\/911equipment.ca\\\/fr\\\/produit\\\/etiquettes-tactiques-de-groupe-sanguin\\\/\",\"name\":\"\u00c9tiquettes tactiques de groupe sanguin - NatPat Ltd - Canadian Police Supplies\",\"isPartOf\":{\"@id\":\"https:\\\/\\\/911equipment.ca\\\/fr\\\/#website\"},\"primaryImageOfPage\":{\"@id\":\"https:\\\/\\\/911equipment.ca\\\/fr\\\/produit\\\/etiquettes-tactiques-de-groupe-sanguin\\\/#primaryimage\"},\"image\":{\"@id\":\"https:\\\/\\\/911equipment.ca\\\/fr\\\/produit\\\/etiquettes-tactiques-de-groupe-sanguin\\\/#primaryimage\"},\"thumbnailUrl\":\"https:\\\/\\\/i0.wp.com\\\/911equipment.ca\\\/wp-content\\\/uploads\\\/2020\\\/05\\\/Blood_Tags.jpg?fit=1200%2C1200&ssl=1\",\"datePublished\":\"2020-05-28T05:39:14+00:00\",\"breadcrumb\":{\"@id\":\"https:\\\/\\\/911equipment.ca\\\/fr\\\/produit\\\/etiquettes-tactiques-de-groupe-sanguin\\\/#breadcrumb\"},\"inLanguage\":\"fr-CA\",\"potentialAction\":[{\"@type\":\"ReadAction\",\"target\":[\"https:\\\/\\\/911equipment.ca\\\/fr\\\/produit\\\/etiquettes-tactiques-de-groupe-sanguin\\\/\"]}]},{\"@type\":\"ImageObject\",\"inLanguage\":\"fr-CA\",\"@id\":\"https:\\\/\\\/911equipment.ca\\\/fr\\\/produit\\\/etiquettes-tactiques-de-groupe-sanguin\\\/#primaryimage\",\"url\":\"https:\\\/\\\/i0.wp.com\\\/911equipment.ca\\\/wp-content\\\/uploads\\\/2020\\\/05\\\/Blood_Tags.jpg?fit=1200%2C1200&ssl=1\",\"contentUrl\":\"https:\\\/\\\/i0.wp.com\\\/911equipment.ca\\\/wp-content\\\/uploads\\\/2020\\\/05\\\/Blood_Tags.jpg?fit=1200%2C1200&ssl=1\",\"width\":1200,\"height\":1200,\"caption\":\"\u00c9tiquettes tactiques sur le groupe sanguin\"},{\"@type\":\"BreadcrumbList\",\"@id\":\"https:\\\/\\\/911equipment.ca\\\/fr\\\/produit\\\/etiquettes-tactiques-de-groupe-sanguin\\\/#breadcrumb\",\"itemListElement\":[{\"@type\":\"ListItem\",\"position\":1,\"name\":\"Home\",\"item\":\"https:\\\/\\\/911equipment.ca\\\/fr\\\/\"},{\"@type\":\"ListItem\",\"position\":2,\"name\":\"Magasiner\",\"item\":\"https:\\\/\\\/911equipment.ca\\\/fr\\\/magasiner\\\/\"},{\"@type\":\"ListItem\",\"position\":3,\"name\":\"\u00c9tiquettes tactiques de groupe sanguin\"}]},{\"@type\":\"WebSite\",\"@id\":\"https:\\\/\\\/911equipment.ca\\\/fr\\\/#website\",\"url\":\"https:\\\/\\\/911equipment.ca\\\/fr\\\/\",\"name\":\"Canadian Police Supplies\",\"description\":\"Online retail of police, law enforcement and security supplies, gears and equipment.\",\"publisher\":{\"@id\":\"https:\\\/\\\/911equipment.ca\\\/fr\\\/#organization\"},\"potentialAction\":[{\"@type\":\"SearchAction\",\"target\":{\"@type\":\"EntryPoint\",\"urlTemplate\":\"https:\\\/\\\/911equipment.ca\\\/fr\\\/?s={search_term_string}\"},\"query-input\":{\"@type\":\"PropertyValueSpecification\",\"valueRequired\":true,\"valueName\":\"search_term_string\"}}],\"inLanguage\":\"fr-CA\"},{\"@type\":\"Organization\",\"@id\":\"https:\\\/\\\/911equipment.ca\\\/fr\\\/#organization\",\"name\":\"NatPat Lt\u00e9e\",\"url\":\"https:\\\/\\\/911equipment.ca\\\/fr\\\/\",\"logo\":{\"@type\":\"ImageObject\",\"inLanguage\":\"fr-CA\",\"@id\":\"https:\\\/\\\/911equipment.ca\\\/fr\\\/#\\\/schema\\\/logo\\\/image\\\/\",\"url\":\"https:\\\/\\\/i2.wp.com\\\/911equipment.ca\\\/wp-content\\\/uploads\\\/2020\\\/05\\\/NatPat-Logo-Oct-2010.jpg?fit=560%2C560&ssl=1\",\"contentUrl\":\"https:\\\/\\\/i2.wp.com\\\/911equipment.ca\\\/wp-content\\\/uploads\\\/2020\\\/05\\\/NatPat-Logo-Oct-2010.jpg?fit=560%2C560&ssl=1\",\"width\":560,\"height\":560,\"caption\":\"NatPat Lt\u00e9e\"},\"image\":{\"@id\":\"https:\\\/\\\/911equipment.ca\\\/fr\\\/#\\\/schema\\\/logo\\\/image\\\/\"}}]}<\/script>\n<!-- \/ Yoast SEO plugin. -->","yoast_head_json":{"title":"\u00c9tiquettes tactiques de groupe sanguin - NatPat Ltd - Canadian Police Supplies","robots":{"index":"index","follow":"follow","max-snippet":"max-snippet:-1","max-image-preview":"max-image-preview:large","max-video-preview":"max-video-preview:-1"},"canonical":"https:\/\/911equipment.ca\/fr\/produit\/etiquettes-tactiques-de-groupe-sanguin\/","og_locale":"fr_CA","og_type":"article","og_title":"\u00c9tiquettes tactiques de groupe sanguin - NatPat Ltd - Canadian Police Supplies","og_description":"Dans une situation m\u00e9dicale d'urgence, vous pourriez ne pas \u00eatre suffisamment conscient pour dire aux \u00e9quipes de secours votre groupe sanguin. Les \u00e9tiquettes de groupe sanguin pratiques de Voodoo Tactical le rendent imm\u00e9diatement \u00e9vident, \u00e9conomisant des secondes cruciales pour potentiellement sauver votre vie.","og_url":"https:\/\/911equipment.ca\/fr\/produit\/etiquettes-tactiques-de-groupe-sanguin\/","og_site_name":"NatPat Ltd - Canadian Police Supplies","og_image":[{"width":1200,"height":1200,"url":"https:\/\/911equipment.ca\/wp-content\/uploads\/2020\/05\/Blood_Tags.jpg","type":"image\/jpeg"}],"twitter_card":"summary_large_image","schema":{"@context":"https:\/\/schema.org","@graph":[{"@type":"WebPage","@id":"https:\/\/911equipment.ca\/fr\/produit\/etiquettes-tactiques-de-groupe-sanguin\/","url":"https:\/\/911equipment.ca\/fr\/produit\/etiquettes-tactiques-de-groupe-sanguin\/","name":"\u00c9tiquettes tactiques de groupe sanguin - NatPat Ltd - Canadian Police Supplies","isPartOf":{"@id":"https:\/\/911equipment.ca\/fr\/#website"},"primaryImageOfPage":{"@id":"https:\/\/911equipment.ca\/fr\/produit\/etiquettes-tactiques-de-groupe-sanguin\/#primaryimage"},"image":{"@id":"https:\/\/911equipment.ca\/fr\/produit\/etiquettes-tactiques-de-groupe-sanguin\/#primaryimage"},"thumbnailUrl":"https:\/\/i0.wp.com\/911equipment.ca\/wp-content\/uploads\/2020\/05\/Blood_Tags.jpg?fit=1200%2C1200&ssl=1","datePublished":"2020-05-28T05:39:14+00:00","breadcrumb":{"@id":"https:\/\/911equipment.ca\/fr\/produit\/etiquettes-tactiques-de-groupe-sanguin\/#breadcrumb"},"inLanguage":"fr-CA","potentialAction":[{"@type":"ReadAction","target":["https:\/\/911equipment.ca\/fr\/produit\/etiquettes-tactiques-de-groupe-sanguin\/"]}]},{"@type":"ImageObject","inLanguage":"fr-CA","@id":"https:\/\/911equipment.ca\/fr\/produit\/etiquettes-tactiques-de-groupe-sanguin\/#primaryimage","url":"https:\/\/i0.wp.com\/911equipment.ca\/wp-content\/uploads\/2020\/05\/Blood_Tags.jpg?fit=1200%2C1200&ssl=1","contentUrl":"https:\/\/i0.wp.com\/911equipment.ca\/wp-content\/uploads\/2020\/05\/Blood_Tags.jpg?fit=1200%2C1200&ssl=1","width":1200,"height":1200,"caption":"\u00c9tiquettes tactiques sur le groupe sanguin"},{"@type":"BreadcrumbList","@id":"https:\/\/911equipment.ca\/fr\/produit\/etiquettes-tactiques-de-groupe-sanguin\/#breadcrumb","itemListElement":[{"@type":"ListItem","position":1,"name":"Home","item":"https:\/\/911equipment.ca\/fr\/"},{"@type":"ListItem","position":2,"name":"Magasiner","item":"https:\/\/911equipment.ca\/fr\/magasiner\/"},{"@type":"ListItem","position":3,"name":"\u00c9tiquettes tactiques de groupe sanguin"}]},{"@type":"WebSite","@id":"https:\/\/911equipment.ca\/fr\/#website","url":"https:\/\/911equipment.ca\/fr\/","name":"Canadian Police Supplies","description":"Online retail of police, law enforcement and security supplies, gears and equipment.","publisher":{"@id":"https:\/\/911equipment.ca\/fr\/#organization"},"potentialAction":[{"@type":"SearchAction","target":{"@type":"EntryPoint","urlTemplate":"https:\/\/911equipment.ca\/fr\/?s={search_term_string}"},"query-input":{"@type":"PropertyValueSpecification","valueRequired":true,"valueName":"search_term_string"}}],"inLanguage":"fr-CA"},{"@type":"Organization","@id":"https:\/\/911equipment.ca\/fr\/#organization","name":"NatPat Lt\u00e9e","url":"https:\/\/911equipment.ca\/fr\/","logo":{"@type":"ImageObject","inLanguage":"fr-CA","@id":"https:\/\/911equipment.ca\/fr\/#\/schema\/logo\/image\/","url":"https:\/\/i2.wp.com\/911equipment.ca\/wp-content\/uploads\/2020\/05\/NatPat-Logo-Oct-2010.jpg?fit=560%2C560&ssl=1","contentUrl":"https:\/\/i2.wp.com\/911equipment.ca\/wp-content\/uploads\/2020\/05\/NatPat-Logo-Oct-2010.jpg?fit=560%2C560&ssl=1","width":560,"height":560,"caption":"NatPat Lt\u00e9e"},"image":{"@id":"https:\/\/911equipment.ca\/fr\/#\/schema\/logo\/image\/"}}]}},"jetpack_sharing_enabled":true,"brands":[{"id":354,"name":"Voodoo Tactical","slug":"voodoo-tactical-fr"}],"_links":{"self":[{"href":"https:\/\/911equipment.ca\/fr\/wp-json\/wp\/v2\/product\/1898","targetHints":{"allow":["GET"]}}],"collection":[{"href":"https:\/\/911equipment.ca\/fr\/wp-json\/wp\/v2\/product"}],"about":[{"href":"https:\/\/911equipment.ca\/fr\/wp-json\/wp\/v2\/types\/product"}],"replies":[{"embeddable":true,"href":"https:\/\/911equipment.ca\/fr\/wp-json\/wp\/v2\/comments?post=1898"}],"wp:featuredmedia":[{"embeddable":true,"href":"https:\/\/911equipment.ca\/fr\/wp-json\/wp\/v2\/media\/1899"}],"wp:attachment":[{"href":"https:\/\/911equipment.ca\/fr\/wp-json\/wp\/v2\/media?parent=1898"}],"wp:term":[{"taxonomy":"pwb-brand","embeddable":true,"href":"https:\/\/911equipment.ca\/fr\/wp-json\/wp\/v2\/pwb-brand?post=1898"},{"taxonomy":"product_brand","embeddable":true,"href":"https:\/\/911equipment.ca\/fr\/wp-json\/wp\/v2\/product_brand?post=1898"},{"taxonomy":"product_cat","embeddable":true,"href":"https:\/\/911equipment.ca\/fr\/wp-json\/wp\/v2\/product_cat?post=1898"},{"taxonomy":"product_tag","embeddable":true,"href":"https:\/\/911equipment.ca\/fr\/wp-json\/wp\/v2\/product_tag?post=1898"}],"curies":[{"name":"wp","href":"https:\/\/api.w.org\/{rel}","templated":true}]}}