{"id":1826,"date":"2020-06-01T20:58:55","date_gmt":"2020-06-01T20:58:55","guid":{"rendered":"https:\/\/911equipment.ca\/product\/metro-air-5-impermeable-avec-zipper\/"},"modified":"2024-05-28T19:58:08","modified_gmt":"2024-05-28T23:58:08","slug":"metro-air-5-impermeable-avec-zipper","status":"publish","type":"product","link":"https:\/\/911equipment.ca\/fr\/produit\/metro-air-5-impermeable-avec-zipper\/","title":{"rendered":"M\u00e9tro Air 5&Prime; Imperm\u00e9able avec Zipper"},"content":{"rendered":"<h3>Caract\u00e9ristiques et avantages<\/h3>\n<div>\n<ul>\n<li>Cuir Action \/ nylon 1000 deniers avec talon et pointe polissables<\/li>\n<li>Construction avec chausson imperm\u00e9able<\/li>\n<li>R\u00e9sistant aux agents pathog\u00e8nes transmissibles par le sang<\/li>\n<li>Fermeture \u00e0 glissi\u00e8re lat\u00e9rale YKK\u00ae en motif Vislon\u00ae durable pour un ajustement et un retrait faciles avec une fermeture \u00e0 languette \u00e0 crochet et boucle<\/li>\n<li>Double couture avec fil de nylon \u00e0 3 plis pour une durabilit\u00e9 accrue<\/li>\n<li>Col et languette rembourr\u00e9s de mousse pour une protection et une respirabilit\u00e9 accrues<\/li>\n<li>Col en polyur\u00e9thane facile d&rsquo;entretien<\/li>\n<li>Languette \u00e0 soufflet pour une protection contre la poussi\u00e8re et les d\u00e9bris<\/li>\n<li>Composants antirouille non m\u00e9talliques<\/li>\n<li>Semelle int\u00e9rieure exclusive en EVA amovible<\/li>\n<li>Semelle intercalaire EVA phylon moul\u00e9e exclusive pour un confort tout en l\u00e9g\u00e8ret\u00e9<br \/>\net le soutien de la vo\u00fbte plataire<\/li>\n<li>Plateforme de stabilit\u00e9 Texon pour un soutien lat\u00e9ral et une rigidit\u00e9 en torsion<\/li>\n<li>Nylon adapt\u00e9e aux a\u00e9roports pour un soutien l\u00e9ger et un contr\u00f4le de la fatigue<\/li>\n<li>Contrefort et talon en thermoplastique moul\u00e9s sur mesure pour un confort instantan\u00e9 et un maintien lat\u00e9ral<\/li>\n<li>Coussin au talon non visible pour l&rsquo;absorption des chocs et le confort<\/li>\n<li>Semelle ext\u00e9rieure en caoutchouc non marquante durable, r\u00e9sistante au glissement et \u00e0 l&rsquo;huile, avec traction gaufr\u00e9e et contr\u00f4le de l&rsquo;adh\u00e9rence en \u00e9chelle pour la r\u00e9sistance au glissement<\/li>\n<\/ul>\n<p>22\u00a0Oz. (620g)<\/p>\n<\/div>\n","protected":false},"excerpt":{"rendered":"<p>La botte tactique M\u00e9tro Air 5&Prime; imperm\u00e9ables avec zipper est adapt\u00e9e aux besoins quotidiens des forces de l&rsquo;ordre, tout en garantissant s\u00e9curit\u00e9, confort et performances dans un format l\u00e9g\u00e8rement plus compact. Con\u00e7u pour \u00eatre utilis\u00e9 dans n&rsquo;importe quelles conditions, la botte conservera son aspect impeccable m\u00eame apr\u00e8s une dure journ\u00e9e de travail.<\/p>\n<p><strong>Liquidation \u00e0 50% du prix r\u00e9gulier<\/strong><\/p>\n<p><strong>La seul pointure disponible<br \/>\n<\/strong>R\u00e9guli\u00e8re 15.0<\/p>\n","protected":false},"featured_media":1827,"comment_status":"open","ping_status":"closed","template":"","meta":[],"pwb-brand":[336],"product_brand":[],"product_cat":[206],"product_tag":[242,240,243,244],"class_list":{"0":"post-1826","1":"product","2":"type-product","3":"status-publish","4":"has-post-thumbnail","6":"pwb-brand-original-swat-fr","7":"product_cat-serie-metro","8":"product_tag-bottes","9":"product_tag-bottes-de-police","10":"product_tag-impermeable","11":"product_tag-zipper","13":"first","14":"instock","15":"sale","16":"taxable","17":"shipping-taxable","18":"purchasable","19":"product-type-variable"},"yoast_head":"<!-- This site is optimized with the Yoast SEO plugin v27.3 - https:\/\/yoast.com\/product\/yoast-seo-wordpress\/ -->\n<title>M\u00e9tro Air 5&quot; Imperm\u00e9able avec Zipper - NatPat Ltd - Canadian Police Supplies<\/title>\n<meta name=\"robots\" content=\"index, follow, max-snippet:-1, max-image-preview:large, max-video-preview:-1\" \/>\n<link rel=\"canonical\" href=\"https:\/\/911equipment.ca\/fr\/produit\/metro-air-5-impermeable-avec-zipper\/\" \/>\n<meta property=\"og:locale\" content=\"fr_CA\" \/>\n<meta property=\"og:type\" content=\"article\" \/>\n<meta property=\"og:title\" content=\"M\u00e9tro Air 5&quot; Imperm\u00e9able avec Zipper - NatPat Ltd - Canadian Police Supplies\" \/>\n<meta property=\"og:description\" content=\"La botte tactique M\u00e9tro Air 5&quot; imperm\u00e9ables avec zipper est adapt\u00e9e aux besoins quotidiens des forces de l&#039;ordre, tout en garantissant s\u00e9curit\u00e9, confort et performances dans un format l\u00e9g\u00e8rement plus compact. Con\u00e7u pour \u00eatre utilis\u00e9 dans n&#039;importe quelles conditions, la botte conservera son aspect impeccable m\u00eame apr\u00e8s une dure journ\u00e9e de travail.  Liquidation \u00e0 50% du prix r\u00e9gulier  La seul pointure disponible R\u00e9guli\u00e8re 15.0\" \/>\n<meta property=\"og:url\" content=\"https:\/\/911equipment.ca\/fr\/produit\/metro-air-5-impermeable-avec-zipper\/\" \/>\n<meta property=\"og:site_name\" content=\"NatPat Ltd - Canadian Police Supplies\" \/>\n<meta property=\"article:modified_time\" content=\"2024-05-28T23:58:08+00:00\" \/>\n<meta property=\"og:image\" content=\"https:\/\/911equipment.ca\/wp-content\/uploads\/2020\/06\/OS-125401-Metro-Air-5-WP-SZ-600.jpg\" \/>\n\t<meta property=\"og:image:width\" content=\"600\" \/>\n\t<meta property=\"og:image:height\" content=\"600\" \/>\n\t<meta property=\"og:image:type\" content=\"image\/jpeg\" \/>\n<meta name=\"twitter:card\" content=\"summary_large_image\" \/>\n<meta name=\"twitter:label1\" content=\"Estimation du temps de lecture\" \/>\n\t<meta name=\"twitter:data1\" content=\"1 minute\" \/>\n<script type=\"application\/ld+json\" class=\"yoast-schema-graph\">{\"@context\":\"https:\\\/\\\/schema.org\",\"@graph\":[{\"@type\":\"WebPage\",\"@id\":\"https:\\\/\\\/911equipment.ca\\\/fr\\\/produit\\\/metro-air-5-impermeable-avec-zipper\\\/\",\"url\":\"https:\\\/\\\/911equipment.ca\\\/fr\\\/produit\\\/metro-air-5-impermeable-avec-zipper\\\/\",\"name\":\"M\u00e9tro Air 5\\\" Imperm\u00e9able avec Zipper - NatPat Ltd - Canadian Police Supplies\",\"isPartOf\":{\"@id\":\"https:\\\/\\\/911equipment.ca\\\/fr\\\/#website\"},\"primaryImageOfPage\":{\"@id\":\"https:\\\/\\\/911equipment.ca\\\/fr\\\/produit\\\/metro-air-5-impermeable-avec-zipper\\\/#primaryimage\"},\"image\":{\"@id\":\"https:\\\/\\\/911equipment.ca\\\/fr\\\/produit\\\/metro-air-5-impermeable-avec-zipper\\\/#primaryimage\"},\"thumbnailUrl\":\"https:\\\/\\\/i0.wp.com\\\/911equipment.ca\\\/wp-content\\\/uploads\\\/2020\\\/06\\\/OS-125401-Metro-Air-5-WP-SZ-600.jpg?fit=600%2C600&ssl=1\",\"datePublished\":\"2020-06-01T20:58:55+00:00\",\"dateModified\":\"2024-05-28T23:58:08+00:00\",\"breadcrumb\":{\"@id\":\"https:\\\/\\\/911equipment.ca\\\/fr\\\/produit\\\/metro-air-5-impermeable-avec-zipper\\\/#breadcrumb\"},\"inLanguage\":\"fr-CA\",\"potentialAction\":[{\"@type\":\"ReadAction\",\"target\":[\"https:\\\/\\\/911equipment.ca\\\/fr\\\/produit\\\/metro-air-5-impermeable-avec-zipper\\\/\"]}]},{\"@type\":\"ImageObject\",\"inLanguage\":\"fr-CA\",\"@id\":\"https:\\\/\\\/911equipment.ca\\\/fr\\\/produit\\\/metro-air-5-impermeable-avec-zipper\\\/#primaryimage\",\"url\":\"https:\\\/\\\/i0.wp.com\\\/911equipment.ca\\\/wp-content\\\/uploads\\\/2020\\\/06\\\/OS-125401-Metro-Air-5-WP-SZ-600.jpg?fit=600%2C600&ssl=1\",\"contentUrl\":\"https:\\\/\\\/i0.wp.com\\\/911equipment.ca\\\/wp-content\\\/uploads\\\/2020\\\/06\\\/OS-125401-Metro-Air-5-WP-SZ-600.jpg?fit=600%2C600&ssl=1\",\"width\":600,\"height\":600,\"caption\":\"Bottes SWAT M\u00e9tro Air 5\\\" Imperm\u00e9able avec zipper\"},{\"@type\":\"BreadcrumbList\",\"@id\":\"https:\\\/\\\/911equipment.ca\\\/fr\\\/produit\\\/metro-air-5-impermeable-avec-zipper\\\/#breadcrumb\",\"itemListElement\":[{\"@type\":\"ListItem\",\"position\":1,\"name\":\"Home\",\"item\":\"https:\\\/\\\/911equipment.ca\\\/fr\\\/\"},{\"@type\":\"ListItem\",\"position\":2,\"name\":\"Magasiner\",\"item\":\"https:\\\/\\\/911equipment.ca\\\/fr\\\/magasiner\\\/\"},{\"@type\":\"ListItem\",\"position\":3,\"name\":\"M\u00e9tro Air 5&#8243; Imperm\u00e9able avec Zipper\"}]},{\"@type\":\"WebSite\",\"@id\":\"https:\\\/\\\/911equipment.ca\\\/fr\\\/#website\",\"url\":\"https:\\\/\\\/911equipment.ca\\\/fr\\\/\",\"name\":\"Canadian Police Supplies\",\"description\":\"Online retail of police, law enforcement and security supplies, gears and equipment.\",\"publisher\":{\"@id\":\"https:\\\/\\\/911equipment.ca\\\/fr\\\/#organization\"},\"potentialAction\":[{\"@type\":\"SearchAction\",\"target\":{\"@type\":\"EntryPoint\",\"urlTemplate\":\"https:\\\/\\\/911equipment.ca\\\/fr\\\/?s={search_term_string}\"},\"query-input\":{\"@type\":\"PropertyValueSpecification\",\"valueRequired\":true,\"valueName\":\"search_term_string\"}}],\"inLanguage\":\"fr-CA\"},{\"@type\":\"Organization\",\"@id\":\"https:\\\/\\\/911equipment.ca\\\/fr\\\/#organization\",\"name\":\"NatPat Lt\u00e9e\",\"url\":\"https:\\\/\\\/911equipment.ca\\\/fr\\\/\",\"logo\":{\"@type\":\"ImageObject\",\"inLanguage\":\"fr-CA\",\"@id\":\"https:\\\/\\\/911equipment.ca\\\/fr\\\/#\\\/schema\\\/logo\\\/image\\\/\",\"url\":\"https:\\\/\\\/i2.wp.com\\\/911equipment.ca\\\/wp-content\\\/uploads\\\/2020\\\/05\\\/NatPat-Logo-Oct-2010.jpg?fit=560%2C560&ssl=1\",\"contentUrl\":\"https:\\\/\\\/i2.wp.com\\\/911equipment.ca\\\/wp-content\\\/uploads\\\/2020\\\/05\\\/NatPat-Logo-Oct-2010.jpg?fit=560%2C560&ssl=1\",\"width\":560,\"height\":560,\"caption\":\"NatPat Lt\u00e9e\"},\"image\":{\"@id\":\"https:\\\/\\\/911equipment.ca\\\/fr\\\/#\\\/schema\\\/logo\\\/image\\\/\"}}]}<\/script>\n<!-- \/ Yoast SEO plugin. -->","yoast_head_json":{"title":"M\u00e9tro Air 5\" Imperm\u00e9able avec Zipper - NatPat Ltd - Canadian Police Supplies","robots":{"index":"index","follow":"follow","max-snippet":"max-snippet:-1","max-image-preview":"max-image-preview:large","max-video-preview":"max-video-preview:-1"},"canonical":"https:\/\/911equipment.ca\/fr\/produit\/metro-air-5-impermeable-avec-zipper\/","og_locale":"fr_CA","og_type":"article","og_title":"M\u00e9tro Air 5\" Imperm\u00e9able avec Zipper - NatPat Ltd - Canadian Police Supplies","og_description":"La botte tactique M\u00e9tro Air 5\" imperm\u00e9ables avec zipper est adapt\u00e9e aux besoins quotidiens des forces de l'ordre, tout en garantissant s\u00e9curit\u00e9, confort et performances dans un format l\u00e9g\u00e8rement plus compact. Con\u00e7u pour \u00eatre utilis\u00e9 dans n'importe quelles conditions, la botte conservera son aspect impeccable m\u00eame apr\u00e8s une dure journ\u00e9e de travail.  Liquidation \u00e0 50% du prix r\u00e9gulier  La seul pointure disponible R\u00e9guli\u00e8re 15.0","og_url":"https:\/\/911equipment.ca\/fr\/produit\/metro-air-5-impermeable-avec-zipper\/","og_site_name":"NatPat Ltd - Canadian Police Supplies","article_modified_time":"2024-05-28T23:58:08+00:00","og_image":[{"width":600,"height":600,"url":"https:\/\/911equipment.ca\/wp-content\/uploads\/2020\/06\/OS-125401-Metro-Air-5-WP-SZ-600.jpg","type":"image\/jpeg"}],"twitter_card":"summary_large_image","twitter_misc":{"Estimation du temps de lecture":"1 minute"},"schema":{"@context":"https:\/\/schema.org","@graph":[{"@type":"WebPage","@id":"https:\/\/911equipment.ca\/fr\/produit\/metro-air-5-impermeable-avec-zipper\/","url":"https:\/\/911equipment.ca\/fr\/produit\/metro-air-5-impermeable-avec-zipper\/","name":"M\u00e9tro Air 5\" Imperm\u00e9able avec Zipper - NatPat Ltd - Canadian Police Supplies","isPartOf":{"@id":"https:\/\/911equipment.ca\/fr\/#website"},"primaryImageOfPage":{"@id":"https:\/\/911equipment.ca\/fr\/produit\/metro-air-5-impermeable-avec-zipper\/#primaryimage"},"image":{"@id":"https:\/\/911equipment.ca\/fr\/produit\/metro-air-5-impermeable-avec-zipper\/#primaryimage"},"thumbnailUrl":"https:\/\/i0.wp.com\/911equipment.ca\/wp-content\/uploads\/2020\/06\/OS-125401-Metro-Air-5-WP-SZ-600.jpg?fit=600%2C600&ssl=1","datePublished":"2020-06-01T20:58:55+00:00","dateModified":"2024-05-28T23:58:08+00:00","breadcrumb":{"@id":"https:\/\/911equipment.ca\/fr\/produit\/metro-air-5-impermeable-avec-zipper\/#breadcrumb"},"inLanguage":"fr-CA","potentialAction":[{"@type":"ReadAction","target":["https:\/\/911equipment.ca\/fr\/produit\/metro-air-5-impermeable-avec-zipper\/"]}]},{"@type":"ImageObject","inLanguage":"fr-CA","@id":"https:\/\/911equipment.ca\/fr\/produit\/metro-air-5-impermeable-avec-zipper\/#primaryimage","url":"https:\/\/i0.wp.com\/911equipment.ca\/wp-content\/uploads\/2020\/06\/OS-125401-Metro-Air-5-WP-SZ-600.jpg?fit=600%2C600&ssl=1","contentUrl":"https:\/\/i0.wp.com\/911equipment.ca\/wp-content\/uploads\/2020\/06\/OS-125401-Metro-Air-5-WP-SZ-600.jpg?fit=600%2C600&ssl=1","width":600,"height":600,"caption":"Bottes SWAT M\u00e9tro Air 5\" Imperm\u00e9able avec zipper"},{"@type":"BreadcrumbList","@id":"https:\/\/911equipment.ca\/fr\/produit\/metro-air-5-impermeable-avec-zipper\/#breadcrumb","itemListElement":[{"@type":"ListItem","position":1,"name":"Home","item":"https:\/\/911equipment.ca\/fr\/"},{"@type":"ListItem","position":2,"name":"Magasiner","item":"https:\/\/911equipment.ca\/fr\/magasiner\/"},{"@type":"ListItem","position":3,"name":"M\u00e9tro Air 5&#8243; Imperm\u00e9able avec Zipper"}]},{"@type":"WebSite","@id":"https:\/\/911equipment.ca\/fr\/#website","url":"https:\/\/911equipment.ca\/fr\/","name":"Canadian Police Supplies","description":"Online retail of police, law enforcement and security supplies, gears and equipment.","publisher":{"@id":"https:\/\/911equipment.ca\/fr\/#organization"},"potentialAction":[{"@type":"SearchAction","target":{"@type":"EntryPoint","urlTemplate":"https:\/\/911equipment.ca\/fr\/?s={search_term_string}"},"query-input":{"@type":"PropertyValueSpecification","valueRequired":true,"valueName":"search_term_string"}}],"inLanguage":"fr-CA"},{"@type":"Organization","@id":"https:\/\/911equipment.ca\/fr\/#organization","name":"NatPat Lt\u00e9e","url":"https:\/\/911equipment.ca\/fr\/","logo":{"@type":"ImageObject","inLanguage":"fr-CA","@id":"https:\/\/911equipment.ca\/fr\/#\/schema\/logo\/image\/","url":"https:\/\/i2.wp.com\/911equipment.ca\/wp-content\/uploads\/2020\/05\/NatPat-Logo-Oct-2010.jpg?fit=560%2C560&ssl=1","contentUrl":"https:\/\/i2.wp.com\/911equipment.ca\/wp-content\/uploads\/2020\/05\/NatPat-Logo-Oct-2010.jpg?fit=560%2C560&ssl=1","width":560,"height":560,"caption":"NatPat Lt\u00e9e"},"image":{"@id":"https:\/\/911equipment.ca\/fr\/#\/schema\/logo\/image\/"}}]}},"jetpack_sharing_enabled":true,"brands":[{"id":336,"name":"Original SWAT","slug":"original-swat-fr"}],"_links":{"self":[{"href":"https:\/\/911equipment.ca\/fr\/wp-json\/wp\/v2\/product\/1826","targetHints":{"allow":["GET"]}}],"collection":[{"href":"https:\/\/911equipment.ca\/fr\/wp-json\/wp\/v2\/product"}],"about":[{"href":"https:\/\/911equipment.ca\/fr\/wp-json\/wp\/v2\/types\/product"}],"replies":[{"embeddable":true,"href":"https:\/\/911equipment.ca\/fr\/wp-json\/wp\/v2\/comments?post=1826"}],"wp:featuredmedia":[{"embeddable":true,"href":"https:\/\/911equipment.ca\/fr\/wp-json\/wp\/v2\/media\/1827"}],"wp:attachment":[{"href":"https:\/\/911equipment.ca\/fr\/wp-json\/wp\/v2\/media?parent=1826"}],"wp:term":[{"taxonomy":"pwb-brand","embeddable":true,"href":"https:\/\/911equipment.ca\/fr\/wp-json\/wp\/v2\/pwb-brand?post=1826"},{"taxonomy":"product_brand","embeddable":true,"href":"https:\/\/911equipment.ca\/fr\/wp-json\/wp\/v2\/product_brand?post=1826"},{"taxonomy":"product_cat","embeddable":true,"href":"https:\/\/911equipment.ca\/fr\/wp-json\/wp\/v2\/product_cat?post=1826"},{"taxonomy":"product_tag","embeddable":true,"href":"https:\/\/911equipment.ca\/fr\/wp-json\/wp\/v2\/product_tag?post=1826"}],"curies":[{"name":"wp","href":"https:\/\/api.w.org\/{rel}","templated":true}]}}