{"id":1807,"date":"2020-06-09T20:06:02","date_gmt":"2020-06-10T00:06:02","guid":{"rendered":"https:\/\/911equipment.ca\/product\/streamlight-protac-hl-x\/"},"modified":"2025-11-13T15:17:55","modified_gmt":"2025-11-13T20:17:55","slug":"streamlight-protac-hl-x","status":"publish","type":"product","link":"https:\/\/911equipment.ca\/fr\/produit\/streamlight-protac-hl-x\/","title":{"rendered":"Streamlight ProTac HL-X"},"content":{"rendered":"<p>Dispose d&rsquo;une technologie double d\u2019alimentation, lui permettant d&rsquo;accepter soit deux piles au lithium CR123A ou une batterie au lithium-ion rechargeable 18650. Son LED C4 puissant \u00e9met un maximum de 1000 lumens et peut \u00eatre utilis\u00e9e dans l&rsquo;un des trois modes d&rsquo;alimentation, plus une fonction stroboscopique pour signaler ou d\u00e9sorienter les cibles. Le commutateur de programme TEN-TAP vous permet de choisir entre trois programmes pour un acc\u00e8s plus rapide aux modes dont vous avez besoin: faible \/ moyen \/ \u00e9lev\u00e9, \u00e9lev\u00e9 \/ stroboscopique \/ faible et \u00e9lev\u00e9 uniquement. Son syst\u00e8me de r\u00e9gulation de puissance \u00e0 semi-conducteurs d\u00e9livre une puissance constante lorsque la batterie se d\u00e9charge. Le corps est livr\u00e9 avec une t\u00eate anti-roulement et est fabriqu\u00e9 en aluminium anodis\u00e9 durable. Elle est \u00e9galement \u00e9tanche IPX7, capable de survivre jusqu\u2019\u00e0 30 minutes d&rsquo;immersion dans un m\u00e8tre d&rsquo;eau. Elle est livr\u00e9 avec un attache pour poche robuste pour la portabilit\u00e9.<\/p>\n<p><strong>Caract\u00e9ristiques<\/strong><\/p>\n<ul>\n<li>Lumens \u00e9lev\u00e9s: 1,000<\/li>\n<li>Dur\u00e9e sur mode \u00e9lev\u00e9e: 1.50 heure<\/li>\n<li>Dur\u00e9e sur mode bas: 23.00 heuress<\/li>\n<li>Distance du faisceau: 330 m<\/li>\n<li>Max Candela: 27,100<\/li>\n<li>Longueur: 13.79 cm<\/li>\n<li>Poids: 161.59 g (batteries CR123) &#8211; 175.77 g (batterie lithium)<\/li>\n<li>Couleur: noir<\/li>\n<\/ul>\n","protected":false},"excerpt":{"rendered":"<p>La lampe Streamlight ProTac HL-X est une lampe de poche tactique compacte de haute puissance qui se tient dans la paume de votre main.<\/p>\n","protected":false},"featured_media":1748,"comment_status":"open","ping_status":"closed","template":"","meta":[],"pwb-brand":[357],"product_brand":[],"product_cat":[201],"product_tag":[233,230,234],"class_list":{"0":"post-1807","1":"product","2":"type-product","3":"status-publish","4":"has-post-thumbnail","6":"pwb-brand-streamlight-fr","7":"product_cat-streamlight-fr","8":"product_tag-lampe-de-poche-fr","9":"product_tag-lampe-tactique","10":"product_tag-streamlight-fr","12":"first","13":"instock","14":"sale","15":"taxable","16":"shipping-taxable","17":"purchasable","18":"product-type-simple"},"yoast_head":"<!-- This site is optimized with the Yoast SEO plugin v27.3 - https:\/\/yoast.com\/product\/yoast-seo-wordpress\/ -->\n<title>Streamlight ProTac HL-X - NatPat Ltd - Canadian Police Supplies<\/title>\n<meta name=\"description\" content=\"La Streamlight ProTac HL-X est une lampe de poche tactique compacte de haute puissance qui tient dans la paume de votre main. Parfait pour l&#039;application de la loi et d&#039;autres fonctions.\" \/>\n<meta name=\"robots\" content=\"index, follow, max-snippet:-1, max-image-preview:large, max-video-preview:-1\" \/>\n<link rel=\"canonical\" href=\"https:\/\/911equipment.ca\/fr\/produit\/streamlight-protac-hl-x\/\" \/>\n<meta property=\"og:locale\" content=\"fr_CA\" \/>\n<meta property=\"og:type\" content=\"article\" \/>\n<meta property=\"og:title\" content=\"Streamlight ProTac HL-X - NatPat Ltd - Canadian Police Supplies\" \/>\n<meta property=\"og:description\" content=\"La Streamlight ProTac HL-X est une lampe de poche tactique compacte de haute puissance qui tient dans la paume de votre main. Parfait pour l&#039;application de la loi et d&#039;autres fonctions.\" \/>\n<meta property=\"og:url\" content=\"https:\/\/911equipment.ca\/fr\/produit\/streamlight-protac-hl-x\/\" \/>\n<meta property=\"og:site_name\" content=\"NatPat Ltd - Canadian Police Supplies\" \/>\n<meta property=\"article:modified_time\" content=\"2025-11-13T20:17:55+00:00\" \/>\n<meta property=\"og:image\" content=\"https:\/\/911equipment.ca\/wp-content\/uploads\/2020\/06\/Protachl-x.jpg\" \/>\n\t<meta property=\"og:image:width\" content=\"400\" \/>\n\t<meta property=\"og:image:height\" content=\"400\" \/>\n\t<meta property=\"og:image:type\" content=\"image\/jpeg\" \/>\n<meta name=\"twitter:card\" content=\"summary_large_image\" \/>\n<meta name=\"twitter:label1\" content=\"Estimation du temps de lecture\" \/>\n\t<meta name=\"twitter:data1\" content=\"1 minute\" \/>\n<script type=\"application\/ld+json\" class=\"yoast-schema-graph\">{\"@context\":\"https:\\\/\\\/schema.org\",\"@graph\":[{\"@type\":\"WebPage\",\"@id\":\"https:\\\/\\\/911equipment.ca\\\/fr\\\/produit\\\/streamlight-protac-hl-x\\\/\",\"url\":\"https:\\\/\\\/911equipment.ca\\\/fr\\\/produit\\\/streamlight-protac-hl-x\\\/\",\"name\":\"Streamlight ProTac HL-X - NatPat Ltd - Canadian Police Supplies\",\"isPartOf\":{\"@id\":\"https:\\\/\\\/911equipment.ca\\\/fr\\\/#website\"},\"primaryImageOfPage\":{\"@id\":\"https:\\\/\\\/911equipment.ca\\\/fr\\\/produit\\\/streamlight-protac-hl-x\\\/#primaryimage\"},\"image\":{\"@id\":\"https:\\\/\\\/911equipment.ca\\\/fr\\\/produit\\\/streamlight-protac-hl-x\\\/#primaryimage\"},\"thumbnailUrl\":\"https:\\\/\\\/i0.wp.com\\\/911equipment.ca\\\/wp-content\\\/uploads\\\/2020\\\/06\\\/Protachl-x.jpg?fit=400%2C400&ssl=1\",\"datePublished\":\"2020-06-10T00:06:02+00:00\",\"dateModified\":\"2025-11-13T20:17:55+00:00\",\"description\":\"La Streamlight ProTac HL-X est une lampe de poche tactique compacte de haute puissance qui tient dans la paume de votre main. Parfait pour l'application de la loi et d'autres fonctions.\",\"breadcrumb\":{\"@id\":\"https:\\\/\\\/911equipment.ca\\\/fr\\\/produit\\\/streamlight-protac-hl-x\\\/#breadcrumb\"},\"inLanguage\":\"fr-CA\",\"potentialAction\":[{\"@type\":\"ReadAction\",\"target\":[\"https:\\\/\\\/911equipment.ca\\\/fr\\\/produit\\\/streamlight-protac-hl-x\\\/\"]}]},{\"@type\":\"ImageObject\",\"inLanguage\":\"fr-CA\",\"@id\":\"https:\\\/\\\/911equipment.ca\\\/fr\\\/produit\\\/streamlight-protac-hl-x\\\/#primaryimage\",\"url\":\"https:\\\/\\\/i0.wp.com\\\/911equipment.ca\\\/wp-content\\\/uploads\\\/2020\\\/06\\\/Protachl-x.jpg?fit=400%2C400&ssl=1\",\"contentUrl\":\"https:\\\/\\\/i0.wp.com\\\/911equipment.ca\\\/wp-content\\\/uploads\\\/2020\\\/06\\\/Protachl-x.jpg?fit=400%2C400&ssl=1\",\"width\":400,\"height\":400,\"caption\":\"Lampe Streamlight Protac HL-X\"},{\"@type\":\"BreadcrumbList\",\"@id\":\"https:\\\/\\\/911equipment.ca\\\/fr\\\/produit\\\/streamlight-protac-hl-x\\\/#breadcrumb\",\"itemListElement\":[{\"@type\":\"ListItem\",\"position\":1,\"name\":\"Home\",\"item\":\"https:\\\/\\\/911equipment.ca\\\/fr\\\/\"},{\"@type\":\"ListItem\",\"position\":2,\"name\":\"Magasiner\",\"item\":\"https:\\\/\\\/911equipment.ca\\\/fr\\\/magasiner\\\/\"},{\"@type\":\"ListItem\",\"position\":3,\"name\":\"Streamlight ProTac HL-X\"}]},{\"@type\":\"WebSite\",\"@id\":\"https:\\\/\\\/911equipment.ca\\\/fr\\\/#website\",\"url\":\"https:\\\/\\\/911equipment.ca\\\/fr\\\/\",\"name\":\"Canadian Police Supplies\",\"description\":\"Online retail of police, law enforcement and security supplies, gears and equipment.\",\"publisher\":{\"@id\":\"https:\\\/\\\/911equipment.ca\\\/fr\\\/#organization\"},\"potentialAction\":[{\"@type\":\"SearchAction\",\"target\":{\"@type\":\"EntryPoint\",\"urlTemplate\":\"https:\\\/\\\/911equipment.ca\\\/fr\\\/?s={search_term_string}\"},\"query-input\":{\"@type\":\"PropertyValueSpecification\",\"valueRequired\":true,\"valueName\":\"search_term_string\"}}],\"inLanguage\":\"fr-CA\"},{\"@type\":\"Organization\",\"@id\":\"https:\\\/\\\/911equipment.ca\\\/fr\\\/#organization\",\"name\":\"NatPat Lt\u00e9e\",\"url\":\"https:\\\/\\\/911equipment.ca\\\/fr\\\/\",\"logo\":{\"@type\":\"ImageObject\",\"inLanguage\":\"fr-CA\",\"@id\":\"https:\\\/\\\/911equipment.ca\\\/fr\\\/#\\\/schema\\\/logo\\\/image\\\/\",\"url\":\"https:\\\/\\\/i2.wp.com\\\/911equipment.ca\\\/wp-content\\\/uploads\\\/2020\\\/05\\\/NatPat-Logo-Oct-2010.jpg?fit=560%2C560&ssl=1\",\"contentUrl\":\"https:\\\/\\\/i2.wp.com\\\/911equipment.ca\\\/wp-content\\\/uploads\\\/2020\\\/05\\\/NatPat-Logo-Oct-2010.jpg?fit=560%2C560&ssl=1\",\"width\":560,\"height\":560,\"caption\":\"NatPat Lt\u00e9e\"},\"image\":{\"@id\":\"https:\\\/\\\/911equipment.ca\\\/fr\\\/#\\\/schema\\\/logo\\\/image\\\/\"}}]}<\/script>\n<!-- \/ Yoast SEO plugin. -->","yoast_head_json":{"title":"Streamlight ProTac HL-X - NatPat Ltd - Canadian Police Supplies","description":"La Streamlight ProTac HL-X est une lampe de poche tactique compacte de haute puissance qui tient dans la paume de votre main. Parfait pour l'application de la loi et d'autres fonctions.","robots":{"index":"index","follow":"follow","max-snippet":"max-snippet:-1","max-image-preview":"max-image-preview:large","max-video-preview":"max-video-preview:-1"},"canonical":"https:\/\/911equipment.ca\/fr\/produit\/streamlight-protac-hl-x\/","og_locale":"fr_CA","og_type":"article","og_title":"Streamlight ProTac HL-X - NatPat Ltd - Canadian Police Supplies","og_description":"La Streamlight ProTac HL-X est une lampe de poche tactique compacte de haute puissance qui tient dans la paume de votre main. Parfait pour l'application de la loi et d'autres fonctions.","og_url":"https:\/\/911equipment.ca\/fr\/produit\/streamlight-protac-hl-x\/","og_site_name":"NatPat Ltd - Canadian Police Supplies","article_modified_time":"2025-11-13T20:17:55+00:00","og_image":[{"width":400,"height":400,"url":"https:\/\/911equipment.ca\/wp-content\/uploads\/2020\/06\/Protachl-x.jpg","type":"image\/jpeg"}],"twitter_card":"summary_large_image","twitter_misc":{"Estimation du temps de lecture":"1 minute"},"schema":{"@context":"https:\/\/schema.org","@graph":[{"@type":"WebPage","@id":"https:\/\/911equipment.ca\/fr\/produit\/streamlight-protac-hl-x\/","url":"https:\/\/911equipment.ca\/fr\/produit\/streamlight-protac-hl-x\/","name":"Streamlight ProTac HL-X - NatPat Ltd - Canadian Police Supplies","isPartOf":{"@id":"https:\/\/911equipment.ca\/fr\/#website"},"primaryImageOfPage":{"@id":"https:\/\/911equipment.ca\/fr\/produit\/streamlight-protac-hl-x\/#primaryimage"},"image":{"@id":"https:\/\/911equipment.ca\/fr\/produit\/streamlight-protac-hl-x\/#primaryimage"},"thumbnailUrl":"https:\/\/i0.wp.com\/911equipment.ca\/wp-content\/uploads\/2020\/06\/Protachl-x.jpg?fit=400%2C400&ssl=1","datePublished":"2020-06-10T00:06:02+00:00","dateModified":"2025-11-13T20:17:55+00:00","description":"La Streamlight ProTac HL-X est une lampe de poche tactique compacte de haute puissance qui tient dans la paume de votre main. Parfait pour l'application de la loi et d'autres fonctions.","breadcrumb":{"@id":"https:\/\/911equipment.ca\/fr\/produit\/streamlight-protac-hl-x\/#breadcrumb"},"inLanguage":"fr-CA","potentialAction":[{"@type":"ReadAction","target":["https:\/\/911equipment.ca\/fr\/produit\/streamlight-protac-hl-x\/"]}]},{"@type":"ImageObject","inLanguage":"fr-CA","@id":"https:\/\/911equipment.ca\/fr\/produit\/streamlight-protac-hl-x\/#primaryimage","url":"https:\/\/i0.wp.com\/911equipment.ca\/wp-content\/uploads\/2020\/06\/Protachl-x.jpg?fit=400%2C400&ssl=1","contentUrl":"https:\/\/i0.wp.com\/911equipment.ca\/wp-content\/uploads\/2020\/06\/Protachl-x.jpg?fit=400%2C400&ssl=1","width":400,"height":400,"caption":"Lampe Streamlight Protac HL-X"},{"@type":"BreadcrumbList","@id":"https:\/\/911equipment.ca\/fr\/produit\/streamlight-protac-hl-x\/#breadcrumb","itemListElement":[{"@type":"ListItem","position":1,"name":"Home","item":"https:\/\/911equipment.ca\/fr\/"},{"@type":"ListItem","position":2,"name":"Magasiner","item":"https:\/\/911equipment.ca\/fr\/magasiner\/"},{"@type":"ListItem","position":3,"name":"Streamlight ProTac HL-X"}]},{"@type":"WebSite","@id":"https:\/\/911equipment.ca\/fr\/#website","url":"https:\/\/911equipment.ca\/fr\/","name":"Canadian Police Supplies","description":"Online retail of police, law enforcement and security supplies, gears and equipment.","publisher":{"@id":"https:\/\/911equipment.ca\/fr\/#organization"},"potentialAction":[{"@type":"SearchAction","target":{"@type":"EntryPoint","urlTemplate":"https:\/\/911equipment.ca\/fr\/?s={search_term_string}"},"query-input":{"@type":"PropertyValueSpecification","valueRequired":true,"valueName":"search_term_string"}}],"inLanguage":"fr-CA"},{"@type":"Organization","@id":"https:\/\/911equipment.ca\/fr\/#organization","name":"NatPat Lt\u00e9e","url":"https:\/\/911equipment.ca\/fr\/","logo":{"@type":"ImageObject","inLanguage":"fr-CA","@id":"https:\/\/911equipment.ca\/fr\/#\/schema\/logo\/image\/","url":"https:\/\/i2.wp.com\/911equipment.ca\/wp-content\/uploads\/2020\/05\/NatPat-Logo-Oct-2010.jpg?fit=560%2C560&ssl=1","contentUrl":"https:\/\/i2.wp.com\/911equipment.ca\/wp-content\/uploads\/2020\/05\/NatPat-Logo-Oct-2010.jpg?fit=560%2C560&ssl=1","width":560,"height":560,"caption":"NatPat Lt\u00e9e"},"image":{"@id":"https:\/\/911equipment.ca\/fr\/#\/schema\/logo\/image\/"}}]}},"jetpack_sharing_enabled":true,"brands":[{"id":357,"name":"Streamlight","slug":"streamlight-fr"}],"_links":{"self":[{"href":"https:\/\/911equipment.ca\/fr\/wp-json\/wp\/v2\/product\/1807","targetHints":{"allow":["GET"]}}],"collection":[{"href":"https:\/\/911equipment.ca\/fr\/wp-json\/wp\/v2\/product"}],"about":[{"href":"https:\/\/911equipment.ca\/fr\/wp-json\/wp\/v2\/types\/product"}],"replies":[{"embeddable":true,"href":"https:\/\/911equipment.ca\/fr\/wp-json\/wp\/v2\/comments?post=1807"}],"wp:featuredmedia":[{"embeddable":true,"href":"https:\/\/911equipment.ca\/fr\/wp-json\/wp\/v2\/media\/1748"}],"wp:attachment":[{"href":"https:\/\/911equipment.ca\/fr\/wp-json\/wp\/v2\/media?parent=1807"}],"wp:term":[{"taxonomy":"pwb-brand","embeddable":true,"href":"https:\/\/911equipment.ca\/fr\/wp-json\/wp\/v2\/pwb-brand?post=1807"},{"taxonomy":"product_brand","embeddable":true,"href":"https:\/\/911equipment.ca\/fr\/wp-json\/wp\/v2\/product_brand?post=1807"},{"taxonomy":"product_cat","embeddable":true,"href":"https:\/\/911equipment.ca\/fr\/wp-json\/wp\/v2\/product_cat?post=1807"},{"taxonomy":"product_tag","embeddable":true,"href":"https:\/\/911equipment.ca\/fr\/wp-json\/wp\/v2\/product_tag?post=1807"}],"curies":[{"name":"wp","href":"https:\/\/api.w.org\/{rel}","templated":true}]}}