{"id":5474,"date":"2023-11-14T10:48:13","date_gmt":"2023-11-14T15:48:13","guid":{"rendered":"https:\/\/911equipment.ca\/politique-de-retour-et-dechange\/"},"modified":"2023-11-14T11:02:24","modified_gmt":"2023-11-14T16:02:24","slug":"politique-de-retour-et-dechange","status":"publish","type":"page","link":"https:\/\/911equipment.ca\/fr\/politique-de-retour-et-dechange\/","title":{"rendered":"Politique de retour et d&rsquo;\u00e9change"},"content":{"rendered":"&#13;\n<h1 style=\"text-align: center;\"><span style=\"font-size: 100%; color: #0000ff;\"><b>Return &amp; Exchange Policy \/ Politique de retour et d&rsquo;\u00e9change<\/b><\/span><\/h1>&#13;\n&#13;\n<h3><span style=\"font-size: 130%;\">Overview \/ Sommaire<\/span><\/h3>&#13;\n&#13;\n<p>Vous avez besoin d&rsquo;une autorisation pour retourner un produit. Envoyez-nous un courriel \u00e0 natpat@911equipment.ca pour obtenir l&rsquo;autorisation. La marchandise retourn\u00e9e doit \u00eatre neuve (jamais utilis\u00e9e) dans l&#8217;emballage d&rsquo;origine avec les \u00e9tiquettes d&rsquo;origine. Nous n&rsquo;accepterons pas \/ ne rembourserons pas les produits qui ont \u00e9t\u00e9 utilis\u00e9s \/ endommag\u00e9s. Assurez-vous d&rsquo;envelopper l&#8217;emballage \/ bo\u00eete de bottes et ne placez pas l&rsquo;\u00e9tiquette d&rsquo;adresse et l\u2019affranchissement postale directement sur la bo\u00eete (en particulier pour les chaussures). Vous \u00eates responsable des frais d&rsquo;exp\u00e9dition pour retourner le produit. Tous les retours sont soumis \u00e0 des frais de r\u00e9approvisionnement de 20%. Notre politique de remboursement et de retour dure 30 jours \u00e0 compter de la date de la facture. Si 30 jours se sont \u00e9coul\u00e9s depuis votre achat, nous ne pouvons pas vous offrir un remboursement ou un \u00e9change.&#13;\n&#13;\nVous \u00eates responsable des frais d&rsquo;exp\u00e9dition pour retourner l\u2019article. Nous ne remboursons pas les frais d&rsquo;exp\u00e9dition d&rsquo;origine puisque nous avons d\u00fb payer Postes Canada \/ courrier pour exp\u00e9dier la commande originale. Il est de votre responsabilit\u00e9 de vous assurer que le colis nous parvient pour recevoir un remboursement. Si vous n&rsquo;exp\u00e9diez pas avec une assurance et un num\u00e9ro de suivi, nous n&rsquo;avons aucun moyen de confirmer que le colis a \u00e9t\u00e9 re\u00e7u par nous. Nous ne pouvons pas vous rembourser si nous ne recevons pas le produit en retour. Si le colis est perdu sur le chemin du retour, vous \u00eates responsable de la perte. Si vous avez souscrit une assurance, Postes Canada vous remboursera le montant de la perte, jusqu&rsquo;\u00e0 un montant d&rsquo;assurance maximal, jusqu&rsquo;\u00e0 ce que vous ayez achet\u00e9.<\/p>&#13;\n<p>Veuillez prendre la valeur de l&rsquo;article en consid\u00e9ration avant de retourner le produit. Si vous voulez retourner un article de 10 $ et que l&rsquo;exp\u00e9dition est de 20 $ pour le retourner, cela n&rsquo;a pas beaucoup de sens, mais c&rsquo;est votre d\u00e9cision.<\/p>&#13;\n<p>Pour retourner votre produit, veuillez l&rsquo;exp\u00e9dier \u00e0 : NatPat Ltd, 3 &#8211; 200 Memorial Avenue, Suite 174, Orillia, Ontario, L3V 5X6.<\/p>&#13;\n&#13;\n<h2>Refunds \/ Remboursements<\/h2>&#13;\n&#13;\n<p>Une fois que votre retour est re\u00e7u et inspect\u00e9, nous vous enverrons un courriel pour vous informer que nous avons re\u00e7u votre article retourn\u00e9. Nous vous informerons \u00e9galement de l&rsquo;approbation ou du rejet de votre remboursement.<\/p>&#13;\n&#13;\n<p>Si vous \u00eates approuv\u00e9, votre remboursement sera trait\u00e9 et un cr\u00e9dit sera automatiquement appliqu\u00e9 \u00e0 votre carte de cr\u00e9dit ou \u00e0 votre mode de paiement d&rsquo;origine, d\u00e8s que possible. Veuillez noter que les remboursements par carte de cr\u00e9dit peuvent prendre plusieurs jours pour appara\u00eetre sur votre carte. Nous n&rsquo;avons aucun contr\u00f4le sur la rapidit\u00e9 avec laquelle votre banque traite le remboursement de votre compte.<\/p>&#13;\n<p><strong>R\u00e9trofacturations de carte de cr\u00e9dit<\/strong> : Avant d&rsquo;initier une r\u00e9trofacturation aupr\u00e8s de la soci\u00e9t\u00e9 \u00e9mettrice de votre carte de cr\u00e9dit, veuillez nous contacter afin que nous puissions r\u00e9soudre le probl\u00e8me directement avec vous. Si vous lancez une r\u00e9trofacturation et que l&rsquo;enqu\u00eate par la soci\u00e9t\u00e9 de carte de cr\u00e9dit r\u00e8gle en notre faveur, des frais administratifs de 30,00 $ vous seront factur\u00e9s, plus tous les autres frais factur\u00e9s par la soci\u00e9t\u00e9 de carte de cr\u00e9dit.<\/p>&#13;\n&#13;\n<p><strong>Remboursements en retard ou manquants<\/strong><\/p>&#13;\n&#13;\n<p>Si vous n&rsquo;avez pas encore re\u00e7u de remboursement, v\u00e9rifiez d&rsquo;abord votre compte bancaire \u00e0 nouveau.<\/p>&#13;\n&#13;\n<p>Ensuite, contactez la soci\u00e9t\u00e9 de votre carte de cr\u00e9dit, cela peut prendre un certain temps avant que votre remboursement ne soit officiellement affich\u00e9.<\/p>&#13;\n&#13;\n<p>Ensuite, contactez votre banque. Il y a souvent un certain temps de traitement avant qu&rsquo;un remboursement ne soit affich\u00e9.<\/p>&#13;\n&#13;\n<p>Si vous avez fait tout cela et que vous n&rsquo;avez toujours pas re\u00e7u votre remboursement, veuillez nous contacter \u00e0 natpat@911equipment.ca.<\/p>&#13;\n&#13;\n<p><strong>Articles de liquidation<\/strong><\/p>&#13;\n&#13;\n<p>Les articles en liquidation ne peuvent pas \u00eatre retourn\u00e9s \/ rembours\u00e9s \/ \u00e9chang\u00e9s, sauf avec indication contraire sur le site internet.<\/p>&#13;\n&#13;\n<h2>Exchanges \/ \u00c9changes<\/h2>&#13;\n&#13;\n<p>Nous ne rempla\u00e7ons les articles que s&rsquo;ils sont d\u00e9fectueux ou endommag\u00e9s. Si vous avez besoin d&rsquo;\u00e9changer pour le m\u00eame article d&rsquo;une taille diff\u00e9rente, envoyez-nous un courriel \u00e0 natpat@911equipment.ca pour demander un \u00e9change. Une fois l&rsquo;\u00e9change approuv\u00e9, nous vous enverrons l&rsquo;autorisation de retour par courriel. Veuillez noter que vous \u00eates responsable de l&rsquo;exp\u00e9dition de l&rsquo;article vers nous, ainsi que des nouveaux frais d&rsquo;exp\u00e9dition pour vous envoyer le nouvel article.<\/p>&#13;\n&#13;\n<h2>Shipping returns \/ Retours d&rsquo;exp\u00e9dition<\/h2>&#13;\n&#13;\n<p>Pour retourner votre produit, vous devez poster votre produit \u00e0 : NatPat Ltd, 3 &#8211; 200 Memorial Avenue, Suite 174, Orillia, Ontario, L3V 5X6.<\/p>&#13;\n&#13;\n<p>Vous serez responsable de payer vos propres frais d&rsquo;exp\u00e9dition pour le retour de votre article. Les frais d&rsquo;exp\u00e9dition ne sont pas remboursables. Si vous recevez un remboursement, le co\u00fbt de l&rsquo;exp\u00e9dition de retour sera d\u00e9duit de votre remboursement.<\/p>&#13;\n&#13;\n<p>Selon l&rsquo;endroit o\u00f9 vous vivez, le temps qu&rsquo;il peut prendre pour que votre produit \u00e9chang\u00e9 vous atteigne peut varier.<\/p>&#13;\n&#13;\n<p>Si vous retournez des articles plus chers, vous pouvez envisager d&rsquo;utiliser un service d&rsquo;exp\u00e9dition tra\u00e7able ou d&rsquo;acheter une assurance d&rsquo;exp\u00e9dition. Nous ne garantissons pas que nous recevrons votre article retourn\u00e9.<\/p>&#13;\n&#13;\n<h2>Need help? \/ Besoin d&rsquo;aide?<\/h2>&#13;\n&#13;\n<p>Contactez-nous \u00e0 natpat@911equipment.ca pour toute question li\u00e9e aux remboursements et aux retours.<\/p>&#13;\n<p>Vous pouvez \u00e9galement nous contacter \u00e0 : English Line &#8211; 705-558-4156 \/ Ligne fran\u00e7aise &#8211; 705-418-0930.<\/p>&#13;\n<p>Veuillez noter que le courrier \u00e9lectronique est la m\u00e9thode pr\u00e9f\u00e9r\u00e9e pour entrer en contact avec nous. Nous ne sommes pas toujours en mesure de r\u00e9pondre aux appels, mais nous recevrons votre e-mail, peu importe o\u00f9 nous nous trouvons.<\/p>&#13;\n","protected":false},"excerpt":{"rendered":"<p>&#13; Return &amp; Exchange Policy \/ Politique de retour et d&rsquo;\u00e9change &#13; &#13; Overview \/ Sommaire &#13; &#13; Vous avez besoin d&rsquo;une autorisation pour retourner un produit. Envoyez-nous un courriel \u00e0 natpat@911equipment.ca pour obtenir l&rsquo;autorisation. La marchandise retourn\u00e9e doit \u00eatre neuve (jamais utilis\u00e9e) dans l&#8217;emballage d&rsquo;origine avec les \u00e9tiquettes d&rsquo;origine. Nous n&rsquo;accepterons pas \/ ne [&#8230;]\n","protected":false},"author":1,"featured_media":0,"parent":0,"menu_order":0,"comment_status":"closed","ping_status":"closed","template":"","meta":{"footnotes":""},"class_list":["post-5474","page","type-page","status-publish","hentry"],"yoast_head":"<!-- This site is optimized with the Yoast SEO plugin v27.6 - https:\/\/yoast.com\/product\/yoast-seo-wordpress\/ -->\n<title>Politique de retour et d&#039;\u00e9change - NatPat Ltd - Canadian Police Supplies<\/title>\n<meta name=\"robots\" content=\"index, follow, max-snippet:-1, max-image-preview:large, max-video-preview:-1\" \/>\n<link rel=\"canonical\" href=\"https:\/\/911equipment.ca\/fr\/politique-de-retour-et-dechange\/\" \/>\n<meta property=\"og:locale\" content=\"fr_CA\" \/>\n<meta property=\"og:type\" content=\"article\" \/>\n<meta property=\"og:title\" content=\"Politique de retour et d&#039;\u00e9change - NatPat Ltd - Canadian Police Supplies\" \/>\n<meta property=\"og:description\" content=\"&#013; Return &amp; Exchange Policy \/ Politique de retour et d&rsquo;\u00e9change &#013; &#013; Overview \/ Sommaire &#013; &#013; Vous avez besoin d&rsquo;une autorisation pour retourner un produit. Envoyez-nous un courriel \u00e0 natpat@911equipment.ca pour obtenir l&rsquo;autorisation. La marchandise retourn\u00e9e doit \u00eatre neuve (jamais utilis\u00e9e) dans l&#8217;emballage d&rsquo;origine avec les \u00e9tiquettes d&rsquo;origine. Nous n&rsquo;accepterons pas \/ ne [...]\" \/>\n<meta property=\"og:url\" content=\"https:\/\/911equipment.ca\/fr\/politique-de-retour-et-dechange\/\" \/>\n<meta property=\"og:site_name\" content=\"NatPat Ltd - Canadian Police Supplies\" \/>\n<meta property=\"article:modified_time\" content=\"2023-11-14T16:02:24+00:00\" \/>\n<meta name=\"twitter:card\" content=\"summary_large_image\" \/>\n<meta name=\"twitter:label1\" content=\"Estimation du temps de lecture\" \/>\n\t<meta name=\"twitter:data1\" content=\"5 minutes\" \/>\n<script type=\"application\/ld+json\" class=\"yoast-schema-graph\">{\"@context\":\"https:\\\/\\\/schema.org\",\"@graph\":[{\"@type\":\"WebPage\",\"@id\":\"https:\\\/\\\/911equipment.ca\\\/fr\\\/politique-de-retour-et-dechange\\\/\",\"url\":\"https:\\\/\\\/911equipment.ca\\\/fr\\\/politique-de-retour-et-dechange\\\/\",\"name\":\"Politique de retour et d'\u00e9change - NatPat Ltd - Canadian Police Supplies\",\"isPartOf\":{\"@id\":\"https:\\\/\\\/911equipment.ca\\\/fr\\\/#website\"},\"datePublished\":\"2023-11-14T15:48:13+00:00\",\"dateModified\":\"2023-11-14T16:02:24+00:00\",\"breadcrumb\":{\"@id\":\"https:\\\/\\\/911equipment.ca\\\/fr\\\/politique-de-retour-et-dechange\\\/#breadcrumb\"},\"inLanguage\":\"fr-CA\",\"potentialAction\":[{\"@type\":\"ReadAction\",\"target\":[\"https:\\\/\\\/911equipment.ca\\\/fr\\\/politique-de-retour-et-dechange\\\/\"]}]},{\"@type\":\"BreadcrumbList\",\"@id\":\"https:\\\/\\\/911equipment.ca\\\/fr\\\/politique-de-retour-et-dechange\\\/#breadcrumb\",\"itemListElement\":[{\"@type\":\"ListItem\",\"position\":1,\"name\":\"Home\",\"item\":\"https:\\\/\\\/911equipment.ca\\\/fr\\\/\"},{\"@type\":\"ListItem\",\"position\":2,\"name\":\"Politique de retour et d&#8217;\u00e9change\"}]},{\"@type\":\"WebSite\",\"@id\":\"https:\\\/\\\/911equipment.ca\\\/fr\\\/#website\",\"url\":\"https:\\\/\\\/911equipment.ca\\\/fr\\\/\",\"name\":\"Canadian Police Supplies\",\"description\":\"Online retail of police, law enforcement and security supplies, gears and equipment.\",\"publisher\":{\"@id\":\"https:\\\/\\\/911equipment.ca\\\/fr\\\/#organization\"},\"potentialAction\":[{\"@type\":\"SearchAction\",\"target\":{\"@type\":\"EntryPoint\",\"urlTemplate\":\"https:\\\/\\\/911equipment.ca\\\/fr\\\/?s={search_term_string}\"},\"query-input\":{\"@type\":\"PropertyValueSpecification\",\"valueRequired\":true,\"valueName\":\"search_term_string\"}}],\"inLanguage\":\"fr-CA\"},{\"@type\":\"Organization\",\"@id\":\"https:\\\/\\\/911equipment.ca\\\/fr\\\/#organization\",\"name\":\"NatPat Lt\u00e9e\",\"url\":\"https:\\\/\\\/911equipment.ca\\\/fr\\\/\",\"logo\":{\"@type\":\"ImageObject\",\"inLanguage\":\"fr-CA\",\"@id\":\"https:\\\/\\\/911equipment.ca\\\/fr\\\/#\\\/schema\\\/logo\\\/image\\\/\",\"url\":\"https:\\\/\\\/i2.wp.com\\\/911equipment.ca\\\/wp-content\\\/uploads\\\/2020\\\/05\\\/NatPat-Logo-Oct-2010.jpg?fit=560%2C560&ssl=1\",\"contentUrl\":\"https:\\\/\\\/i2.wp.com\\\/911equipment.ca\\\/wp-content\\\/uploads\\\/2020\\\/05\\\/NatPat-Logo-Oct-2010.jpg?fit=560%2C560&ssl=1\",\"width\":560,\"height\":560,\"caption\":\"NatPat Lt\u00e9e\"},\"image\":{\"@id\":\"https:\\\/\\\/911equipment.ca\\\/fr\\\/#\\\/schema\\\/logo\\\/image\\\/\"}}]}<\/script>\n<!-- \/ Yoast SEO plugin. -->","yoast_head_json":{"title":"Politique de retour et d'\u00e9change - NatPat Ltd - Canadian Police Supplies","robots":{"index":"index","follow":"follow","max-snippet":"max-snippet:-1","max-image-preview":"max-image-preview:large","max-video-preview":"max-video-preview:-1"},"canonical":"https:\/\/911equipment.ca\/fr\/politique-de-retour-et-dechange\/","og_locale":"fr_CA","og_type":"article","og_title":"Politique de retour et d'\u00e9change - NatPat Ltd - Canadian Police Supplies","og_description":"&#13; Return &amp; Exchange Policy \/ Politique de retour et d&rsquo;\u00e9change &#13; &#13; Overview \/ Sommaire &#13; &#13; Vous avez besoin d&rsquo;une autorisation pour retourner un produit. Envoyez-nous un courriel \u00e0 natpat@911equipment.ca pour obtenir l&rsquo;autorisation. La marchandise retourn\u00e9e doit \u00eatre neuve (jamais utilis\u00e9e) dans l&#8217;emballage d&rsquo;origine avec les \u00e9tiquettes d&rsquo;origine. Nous n&rsquo;accepterons pas \/ ne [...]","og_url":"https:\/\/911equipment.ca\/fr\/politique-de-retour-et-dechange\/","og_site_name":"NatPat Ltd - Canadian Police Supplies","article_modified_time":"2023-11-14T16:02:24+00:00","twitter_card":"summary_large_image","twitter_misc":{"Estimation du temps de lecture":"5 minutes"},"schema":{"@context":"https:\/\/schema.org","@graph":[{"@type":"WebPage","@id":"https:\/\/911equipment.ca\/fr\/politique-de-retour-et-dechange\/","url":"https:\/\/911equipment.ca\/fr\/politique-de-retour-et-dechange\/","name":"Politique de retour et d'\u00e9change - NatPat Ltd - Canadian Police Supplies","isPartOf":{"@id":"https:\/\/911equipment.ca\/fr\/#website"},"datePublished":"2023-11-14T15:48:13+00:00","dateModified":"2023-11-14T16:02:24+00:00","breadcrumb":{"@id":"https:\/\/911equipment.ca\/fr\/politique-de-retour-et-dechange\/#breadcrumb"},"inLanguage":"fr-CA","potentialAction":[{"@type":"ReadAction","target":["https:\/\/911equipment.ca\/fr\/politique-de-retour-et-dechange\/"]}]},{"@type":"BreadcrumbList","@id":"https:\/\/911equipment.ca\/fr\/politique-de-retour-et-dechange\/#breadcrumb","itemListElement":[{"@type":"ListItem","position":1,"name":"Home","item":"https:\/\/911equipment.ca\/fr\/"},{"@type":"ListItem","position":2,"name":"Politique de retour et d&#8217;\u00e9change"}]},{"@type":"WebSite","@id":"https:\/\/911equipment.ca\/fr\/#website","url":"https:\/\/911equipment.ca\/fr\/","name":"Canadian Police Supplies","description":"Online retail of police, law enforcement and security supplies, gears and equipment.","publisher":{"@id":"https:\/\/911equipment.ca\/fr\/#organization"},"potentialAction":[{"@type":"SearchAction","target":{"@type":"EntryPoint","urlTemplate":"https:\/\/911equipment.ca\/fr\/?s={search_term_string}"},"query-input":{"@type":"PropertyValueSpecification","valueRequired":true,"valueName":"search_term_string"}}],"inLanguage":"fr-CA"},{"@type":"Organization","@id":"https:\/\/911equipment.ca\/fr\/#organization","name":"NatPat Lt\u00e9e","url":"https:\/\/911equipment.ca\/fr\/","logo":{"@type":"ImageObject","inLanguage":"fr-CA","@id":"https:\/\/911equipment.ca\/fr\/#\/schema\/logo\/image\/","url":"https:\/\/i2.wp.com\/911equipment.ca\/wp-content\/uploads\/2020\/05\/NatPat-Logo-Oct-2010.jpg?fit=560%2C560&ssl=1","contentUrl":"https:\/\/i2.wp.com\/911equipment.ca\/wp-content\/uploads\/2020\/05\/NatPat-Logo-Oct-2010.jpg?fit=560%2C560&ssl=1","width":560,"height":560,"caption":"NatPat Lt\u00e9e"},"image":{"@id":"https:\/\/911equipment.ca\/fr\/#\/schema\/logo\/image\/"}}]}},"jetpack_sharing_enabled":true,"_links":{"self":[{"href":"https:\/\/911equipment.ca\/fr\/wp-json\/wp\/v2\/pages\/5474","targetHints":{"allow":["GET"]}}],"collection":[{"href":"https:\/\/911equipment.ca\/fr\/wp-json\/wp\/v2\/pages"}],"about":[{"href":"https:\/\/911equipment.ca\/fr\/wp-json\/wp\/v2\/types\/page"}],"author":[{"embeddable":true,"href":"https:\/\/911equipment.ca\/fr\/wp-json\/wp\/v2\/users\/1"}],"replies":[{"embeddable":true,"href":"https:\/\/911equipment.ca\/fr\/wp-json\/wp\/v2\/comments?post=5474"}],"version-history":[{"count":4,"href":"https:\/\/911equipment.ca\/fr\/wp-json\/wp\/v2\/pages\/5474\/revisions"}],"predecessor-version":[{"id":5480,"href":"https:\/\/911equipment.ca\/fr\/wp-json\/wp\/v2\/pages\/5474\/revisions\/5480"}],"wp:attachment":[{"href":"https:\/\/911equipment.ca\/fr\/wp-json\/wp\/v2\/media?parent=5474"}],"curies":[{"name":"wp","href":"https:\/\/api.w.org\/{rel}","templated":true}]}}