{"id":3128,"date":"2020-06-17T20:33:18","date_gmt":"2020-06-18T00:33:18","guid":{"rendered":"https:\/\/911equipment.ca\/livraison-faq\/"},"modified":"2026-02-06T10:09:26","modified_gmt":"2026-02-06T15:09:26","slug":"livraison-faq","status":"publish","type":"page","link":"https:\/\/911equipment.ca\/fr\/livraison-faq\/","title":{"rendered":"Livraison &#8211; FAQ"},"content":{"rendered":"  <div id=\"page-header-454001978\" class=\"page-header-wrapper\">\n  <div class=\"page-title dark featured-title\">\n\n    \n    <div class=\"page-title-inner container align-center text-center flex-row-col medium-flex-wrap\" >\n              <div class=\"title-wrapper flex-col\">\n          <h1 class=\"entry-title mb-0\">\n            Livraison &#8211; FAQ          <\/h1>\n        <\/div>\n                    <div class=\"title-content flex-col\">\n        <div class=\"title-breadcrumbs pb-half pt-half\"><nav class=\"woocommerce-breadcrumb breadcrumbs uppercase\" aria-label=\"Breadcrumb\">Accueil<\/nav><\/div>      <\/div>\n    <\/div>\n\n       <\/div>\n    <\/div>\n  \n<div class=\"message-box relative\" style=\"padding-top:21px;padding-bottom:21px;\"><div class=\"message-box-bg-image bg-fill fill\" ><\/div><div class=\"message-box-bg-overlay bg-fill fill\" ><\/div><div class=\"container relative\"><div class=\"inner last-reset\">\n<div class=\"row align-middle align-center\"  id=\"row-1353613450\">\n\n\t<div id=\"col-1448254385\" class=\"col small-12 large-12\"  >\n\t\t\t\t<div class=\"col-inner\"  >\n\t\t\t\n\t\t\t\n<h1 style=\"text-align: center;\"><span style=\"font-size: 110%;\"><strong>Livraison<\/strong><\/span><\/h1>\n<p>Nous offrons des frais de livraison forfaitaires qui d\u00e9pendent de la province ou du territoire o\u00f9 la commande est exp\u00e9di\u00e9e. Nos tarifs sont les suivants:<\/p>\n<ol>\n<li>ON &#8211; $15.00<\/li>\n<li>QC &#8211; $17.00<\/li>\n<li>MB \/ SK &#8211; $18.00<\/li>\n<li>AB, NB, NS &#8211; $19.00<\/li>\n<li>NF-LB, BC, PEI &#8211; $21.00<\/li>\n<li>NT, NU, YT &#8211; $26.00<\/li>\n<\/ol>\n<p>Malheureusement, Postes Canada a de nouveau augment\u00e9 ses tarifs vers la fin de 2023. Nous n&rsquo;avons d&rsquo;autre choix que d&rsquo;augmenter nos tarifs \u00e9galement pour essayer de couvrir une partie de l&rsquo;augmentation de Postes Canada.<\/p>\n<p><span style=\"color: #ff0000;\">Une mise \u00e0 jour actuelle sur nos tarifs d&rsquo;exp\u00e9dition. Postes Canada continue d&rsquo;augmenter ses tarifs. R\u00e9cemment, ils ont encore <u>consid\u00e9rablement<\/u> augment\u00e9 leur suppl\u00e9ment carburant sur toutes les exp\u00e9ditions. Malheureusement, nous devons \u00e9galement augmenter nos tarifs d&rsquo;exp\u00e9dition pour essayer de couvrir certaines de ces augmentations de Postes Canada. Nous pouvons vous assurer que nous ne gagnons pas d&rsquo;argent sur l&rsquo;exp\u00e9dition. En fait, nous perdons de l&rsquo;argent sur chaque exp\u00e9dition que nous effectuons en subventionnant une partie du co\u00fbt. Un tarif d&rsquo;exp\u00e9dition local commence maintenant \u00e0 15,00 $ pour une petite enveloppe. Les tarifs augmentent \u00e0 mesure que la distance de notre emplacement augmente.<\/span><\/p>\n<p><span style=\"color: #ff0000;\">Nous comprenons \u00e0 quel point l&rsquo;exp\u00e9dition est devenue co\u00fbteuse au Canada. Nous faisons de notre mieux pour maintenir les prix de nos produits aussi bas que possible et ne pouvons donc pas subventionner les frais d&rsquo;exp\u00e9dition plus que nous ne le faisons actuellement. Merci de votre compr\u00e9hension.<\/span><\/p>\n<p>Les tarifs d\u2019exp\u00e9dition sont taxables. Si votre destination est une r\u00e9gion \u00e9loign\u00e9e, nos tarifs forfaitaires ne peuvent pas s\u2019appliquer et nous vous informerons avant d\u2019exp\u00e9dier le colis. Nous utilisons l\u2019exp\u00e9dition acc\u00e9l\u00e9r\u00e9e de Postes Canada qui fournit une assurance et un num\u00e9ro de suivi. Parce que nous utilisons Postes Canada, nous pouvons exp\u00e9dier n\u2019importe o\u00f9 au Canada, y compris les bo\u00eetes postales et les adresses rurales. Veuillez noter que nous vendons \/ exp\u00e9dions uniquement au Canada.<\/p>\n<p>Veuillez vous assurer que l&rsquo;adresse que vous fournissez est la bonne adresse de livraison. Postes Canada facture le retour \u00e0 l&rsquo;exp\u00e9diteur. Si la commande nous est renvoy\u00e9e parce que vous avez fourni une adresse incorrecte, vous \u00eates responsable de ces frais d&rsquo;exp\u00e9dition, ainsi que des frais suppl\u00e9mentaires \u00e0 renvoyer \u00e0 la bonne adresse. Ces frais d&rsquo;exp\u00e9dition suppl\u00e9mentaires seront les frais r\u00e9els, et non nos frais d&rsquo;exp\u00e9dition standard subventionn\u00e9s.<\/p>\n\t\t<\/div>\n\t\t\t\t\t<\/div>\n\n\t\n<\/div>\n<\/div><\/div><\/div>\n<div class=\"text-center\"><div class=\"is-divider divider clearfix\" style=\"max-width:800px;\"><\/div><\/div>\n\n\t<section class=\"section\" id=\"section_292571433\">\n\t\t<div class=\"section-bg fill\" >\n\t\t\t\t\t\t\t\t\t\n\t\t\t\n\n\t\t<\/div>\n\n\t\t\n\n\t\t<div class=\"section-content relative\">\n\t\t\t\n<h1 style=\"text-align: center;\"><strong>FAQ<\/strong><\/h1>\n\t\t<\/div>\n\n\t\t\n<style>\n#section_292571433 {\n  padding-top: 10px;\n  padding-bottom: 10px;\n}\n<\/style>\n\t<\/section>\n\t\n\n\t<section class=\"section\" id=\"section_757841821\">\n\t\t<div class=\"section-bg fill\" >\n\t\t\t\t\t\t\t\t\t\n\t\t\t\n\n\t\t<\/div>\n\n\t\t\n\n\t\t<div class=\"section-content relative\">\n\t\t\t\n<div class=\"row row-large steps-simple-headline\"  id=\"row-1826028013\">\n\n\t<div id=\"col-999201624\" class=\"col medium-8 small-12 large-11\"  >\n\t\t\t\t<div class=\"col-inner\"  >\n\t\t\t\n\t\t\t\n<div class=\"row row-collapse\"  id=\"row-2077691446\">\n\n\t<div id=\"col-201247208\" class=\"col medium-1 small-2 large-1\"  >\n\t\t\t\t<div class=\"col-inner\"  >\n\t\t\t\n\t\t\t\n<h2>01<\/h2>\n\t\t<\/div>\n\t\t\t\t\t<\/div>\n\n\t\n\n\t<div id=\"col-1260287515\" class=\"col medium-11 small-10 large-11\"  >\n\t\t\t\t<div class=\"col-inner\"  >\n\t\t\t\n\t\t\t\n<p><strong>Q: Comment retourner un produit?<\/strong><\/p>\n<p>A: Vous avez besoin d\u2019une autorisation de retour. Envoyez-nous un courriel \u00e0 natpat@policesupplies.ca ou natpat@911equipment.ca pour recevoir l\u2019autorisation. La marchandise retourn\u00e9e doit \u00eatre neuve (jamais utilis\u00e9e) dans son emballage d\u2019origine avec les \u00e9tiquettes d&rsquo;origine. Nous n\u2019accepterons \/ ne rembourserons pas les produits qui ont \u00e9t\u00e9 utilis\u00e9s \/ endommag\u00e9s. Assurez-vous d&#8217;emballer l&#8217;emballage \/ la bo\u00eete de bottes et ne placez pas l&rsquo;\u00e9tiquette d&rsquo;adresse et l&rsquo;\u00e9tiquette d&rsquo;affranchissement directement sur la bo\u00eete (en particulier pour les chaussures). Vous \u00eates responsable des frais d\u2019exp\u00e9dition pour retourner le produit. Tous les retours sont soumis \u00e0 des frais de restockage de 20%. Voir la question \/ r\u00e9ponse suivante.<\/p>\n\t\t<\/div>\n\t\t\t\t\t<\/div>\n\n\t\n<\/div>\n<div class=\"is-divider divider clearfix\" style=\"margin-top:10px;margin-bottom:10px;max-width:100%;height:1px;\"><\/div>\n<div class=\"row row-collapse\"  id=\"row-1624904196\">\n\n\t<div id=\"col-1068244502\" class=\"col medium-1 small-2 large-1\"  >\n\t\t\t\t<div class=\"col-inner\"  >\n\t\t\t\n\t\t\t\n<h2>02<\/h2>\n\t\t<\/div>\n\t\t\t\t\t<\/div>\n\n\t\n\n\t<div id=\"col-578622073\" class=\"col medium-11 small-10 large-11\"  >\n\t\t\t\t<div class=\"col-inner\"  >\n\t\t\t\n\t\t\t\n<p><strong>Q: Qui est responsable des frais de retour?<\/strong><\/p>\n<p>R: Vous \u00eates responsable. Nous ne remboursons pas les frais d\u2019exp\u00e9dition d\u2019origine, car nous avons d\u00fb payer Postes Canada pour exp\u00e9dier la commande d\u2019origine. C\u2019est votre responsabilit\u00e9 de vous assurer que le colis nous parvient pour recevoir un remboursement. Si vous n\u2019exp\u00e9diez pas avec assurance et num\u00e9ro de suivi, nous n\u2019avons aucun moyen de confirmer que le colis a \u00e9t\u00e9 re\u00e7u. Nous ne pouvons pas vous rembourser si nous ne recevons pas le produit en retour. Si le colis est perdu au retour, vous \u00eates responsable de la perte. Si vous avez souscrit une assurance, Postes Canada vous remboursera le montant de la perte, jusqu\u2019\u00e0 concurrence du montant d\u2019assurance que vous avez achet\u00e9.<\/p>\n<p>Veuillez prendre en consid\u00e9ration la valeur de l\u2019article avant de retourner le produit. Si vous souhaitez retourner un article de 10 $ et que les frais de livraison sont de 20 $ pour le retourner, cela n\u2019a pas beaucoup de sens, mais c\u2019est votre d\u00e9cision.<\/p>\n\t\t<\/div>\n\t\t\t\t\t<\/div>\n\n\t\n<\/div>\n<div class=\"is-divider divider clearfix\" style=\"margin-top:10px;margin-bottom:10px;max-width:100%;height:1px;\"><\/div>\n<div class=\"row row-collapse\"  id=\"row-1475892671\">\n\n\t<div id=\"col-240709314\" class=\"col medium-1 small-2 large-1\"  >\n\t\t\t\t<div class=\"col-inner\"  >\n\t\t\t\n\t\t\t\n<h2>03<\/h2>\n\t\t<\/div>\n\t\t\t\t\t<\/div>\n\n\t\n\n\t<div id=\"col-1692778984\" class=\"col medium-11 small-10 large-11\"  >\n\t\t\t\t<div class=\"col-inner\"  >\n\t\t\t\n\t\t\t\n<p><strong>Q: Quelles formes de paiement acceptez-vous?<\/strong><\/p>\n<p>R: Nous acceptons les cartes de cr\u00e9dit ainsi que les paiements PayPal. Vous pouvez \u00e9galement payer via Virement Interac dans notre panier achat. L\u2019adresse courriel et les autres informations n\u00e9cessaires au transfert vous seront fournies lors de votre commande.<\/p>\n\t\t<\/div>\n\t\t\t\t\t<\/div>\n\n\t\n<\/div>\n<div class=\"is-divider divider clearfix\" style=\"margin-top:10px;margin-bottom:10px;max-width:100%;height:1px;\"><\/div>\n<div class=\"row row-collapse\"  id=\"row-1303944790\">\n\n\t<div id=\"col-205241304\" class=\"col medium-1 small-2 large-1\"  >\n\t\t\t\t<div class=\"col-inner\"  >\n\t\t\t\n\t\t\t\n<h2>04<\/h2>\n\t\t<\/div>\n\t\t\t\t\t<\/div>\n\n\t\n\n\t<div id=\"col-62486467\" class=\"col medium-11 small-10 large-11\"  >\n\t\t\t\t<div class=\"col-inner\"  >\n\t\t\t\n\t\t\t\n<p><strong>Q: Qui est responsable des frais d&rsquo;exp\u00e9dition si une adresse incorrecte a \u00e9t\u00e9 fournie au moment de l&rsquo;achat?<\/strong><\/p>\n<p>A: Les colis qui nous sont retourn\u00e9s parce que vous avez fourni une adresse incorrecte sur le bon de commande nous sont factur\u00e9s pour le retour par Postes Canada. Vous serez responsable des frais d&rsquo;exp\u00e9dition de retour ainsi que des nouveaux frais d&rsquo;exp\u00e9dition pour vous r\u00e9ex exp\u00e9dier la commande \u00e0 l&rsquo;adresse corrig\u00e9e. Assurez-vous de v\u00e9rifier votre adresse de livraison avant de passer la commande. Les adresses incorrectes peuvent \u00eatre dues au d\u00e9faut d&rsquo;inclure un num\u00e9ro d&rsquo;appartement, une orthographe incorrecte de votre rue et \/ ou un code postal incorrect. Si l&rsquo;erreur d&rsquo;exp\u00e9dition est due \u00e0 notre faute, nous paierons pour l&rsquo;exp\u00e9dition de retour ainsi que le co\u00fbt de r\u00e9-exp\u00e9dier la commande.<\/p>\n\t\t<\/div>\n\t\t\t\t\t<\/div>\n\n\t\n<\/div>\n<div class=\"is-divider divider clearfix\" style=\"margin-top:10px;margin-bottom:10px;max-width:100%;height:1px;\"><\/div>\n<div class=\"row row-collapse\"  id=\"row-709138918\">\n\n\t<div id=\"col-1566327023\" class=\"col medium-1 small-2 large-1\"  >\n\t\t\t\t<div class=\"col-inner\"  >\n\t\t\t\n\t\t\t\n<h2>05<\/h2>\n\t\t<\/div>\n\t\t\t\t\t<\/div>\n\n\t\n\n\t<div id=\"col-643073381\" class=\"col medium-11 small-10 large-11\"  >\n\t\t\t\t<div class=\"col-inner\"  >\n\t\t\t\n\t\t\t\n<p><strong>Q: Quand la commande sera-t\u2019elle exp\u00e9di\u00e9e?<\/strong><\/p>\n<p>R: Nous essayons d\u2019exp\u00e9dier toutes les commandes le jour suivant la r\u00e9ception de la commande, en autant que les articles soient en stock (nous essayons de garder tous les articles en stock). Si les articles ne sont pas en stock, nous vous enverrons un courriel pour vous en informer et vous informer lorsque nous pr\u00e9voyons avoir l\u2019article en stock.<\/p>\n\t\t<\/div>\n\t\t\t\t\t<\/div>\n\n\t\n<\/div>\n<div class=\"is-divider divider clearfix\" style=\"margin-top:10px;margin-bottom:10px;max-width:100%;height:1px;\"><\/div>\n<div class=\"row row-collapse\"  id=\"row-813332217\">\n\n\t<div id=\"col-255511597\" class=\"col medium-1 small-2 large-1\"  >\n\t\t\t\t<div class=\"col-inner\"  >\n\t\t\t\n\t\t\t\n<h2>06<\/h2>\n\t\t<\/div>\n\t\t\t\t\t<\/div>\n\n\t\n\n\t<div id=\"col-1150156831\" class=\"col medium-11 small-10 large-11\"  >\n\t\t\t\t<div class=\"col-inner\"  >\n\t\t\t\n\t\t\t\n<p><strong>Q: Vendez-vous \u00e0 l\u2019ext\u00e9rieur du Canada?<\/strong><\/p>\n<p>R: Non, nous vendons \/ exp\u00e9dions uniquement au Canada.<\/p>\n\t\t<\/div>\n\t\t\t\t\t<\/div>\n\n\t\n<\/div>\n<div class=\"is-divider divider clearfix\" style=\"margin-top:10px;margin-bottom:10px;max-width:100%;height:1px;\"><\/div>\n<div class=\"row row-collapse\"  id=\"row-269496148\">\n\n\t<div id=\"col-834651175\" class=\"col medium-1 small-2 large-1\"  >\n\t\t\t\t<div class=\"col-inner\"  >\n\t\t\t\n\t\t\t\n<h2>07<\/h2>\n\t\t<\/div>\n\t\t\t\t\t<\/div>\n\n\t\n\n\t<div id=\"col-401277710\" class=\"col medium-11 small-10 large-11\"  >\n\t\t\t\t<div class=\"col-inner\"  >\n\t\t\t\n\t\t\t\n<p><strong>Q: Quels noms de domaine utilisez-vous?<\/strong><\/p>\n<p>A: Notre ancien site Web \u00e9tait www.policesupplies.ca. Nous sommes maintenant pass\u00e9s \u00e0 notre nouveau site Web www.911equipment.ca plus moderne qui utilise WordPress. NatPat Ltd est toujours la m\u00eame soci\u00e9t\u00e9. Si vous utilisez notre ancien site Web de www.policesupplies.ca, vous serez automatiquement redirig\u00e9 vers notre nouveau site Web.<\/p>\n\t\t<\/div>\n\t\t\t\t\t<\/div>\n\n\t\n<\/div>\n<div class=\"is-divider divider clearfix\" style=\"margin-top:10px;margin-bottom:10px;max-width:100%;height:1px;\"><\/div>\n<div class=\"row row-collapse\"  id=\"row-530602239\">\n\n\t<div id=\"col-1160725663\" class=\"col medium-1 small-2 large-1\"  >\n\t\t\t\t<div class=\"col-inner\"  >\n\t\t\t\n\t\t\t\n<h2>08<\/h2>\n\t\t<\/div>\n\t\t\t\t\t<\/div>\n\n\t\n\n\t<div id=\"col-1967879855\" class=\"col medium-11 small-10 large-11\"  >\n\t\t\t\t<div class=\"col-inner\"  >\n\t\t\t\n\t\t\t\n<p><strong>Q: Avez-vous un magasin physique?<\/strong><\/p>\n<p>R: Nous n\u2019avons pas de magasin. Nous sommes strictement une entreprise en ligne. La taille du march\u00e9 local ne justifie pas un emplacement de vente au d\u00e9tail et les co\u00fbts associ\u00e9s. Les \u00e9conomies sont r\u00e9percut\u00e9es sur vous, nos clients.<\/p>\n\t\t<\/div>\n\t\t\t\t\t<\/div>\n\n\t\n<\/div>\n<div class=\"is-divider divider clearfix\" style=\"margin-top:10px;margin-bottom:10px;max-width:100%;height:1px;\"><\/div>\n<div class=\"row row-collapse\"  id=\"row-91658465\">\n\n\t<div id=\"col-509286813\" class=\"col medium-1 small-2 large-1\"  >\n\t\t\t\t<div class=\"col-inner\"  >\n\t\t\t\n\t\t\t\n<h2>09<\/h2>\n\t\t<\/div>\n\t\t\t\t\t<\/div>\n\n\t\n\n\t<div id=\"col-1829682117\" class=\"col medium-11 small-10 large-11\"  >\n\t\t\t\t<div class=\"col-inner\"  >\n\t\t\t\n\t\t\t\n<p>Q: Pouvons-nous aller chercher notre commande directement chez vous?<\/p>\n<p>R: La r\u00e9ponse est non. Notre couverture d\u2019assurance ne permet pas le trafic de nos clients \u00e0 notre location.<\/p>\n\t\t<\/div>\n\t\t\t\t\t<\/div>\n\n\t\n<\/div>\n<div class=\"is-divider divider clearfix\" style=\"margin-top:10px;margin-bottom:10px;max-width:100%;height:1px;\"><\/div>\n<div class=\"row row-collapse\"  id=\"row-893332549\">\n\n\t<div id=\"col-1290690325\" class=\"col medium-1 small-2 large-1\"  >\n\t\t\t\t<div class=\"col-inner\"  >\n\t\t\t\n\t\t\t\n<h2>10<\/h2>\n\t\t<\/div>\n\t\t\t\t\t<\/div>\n\n\t\n\n\t<div id=\"col-46469291\" class=\"col medium-11 small-10 large-11\"  >\n\t\t\t\t<div class=\"col-inner\"  >\n\t\t\t\n\t\t\t\n<p><strong>Q: Comment obtenir un service de garantie sur un produit \/ article?<\/strong><\/p>\n<p>R: Les garanties sont fournies directement par les fabricants et couvrent uniquement les d\u00e9fauts de fabrication, elles ne couvrent pas les abus ou l&rsquo;usure normale. Dans la plupart des cas, les articles d\u00e9fectueux doivent \u00eatre retourn\u00e9s directement aux fabricants pour inspection \/ examen. Le co\u00fbt d&rsquo;exp\u00e9dition de l&rsquo;article au fabricant est \u00e0 votre charge. La d\u00e9cision finale est prise par le fabricant et nous n&rsquo;avons aucun mot \u00e0 dire dans sa d\u00e9cision finale. Tous les produits doivent avoir une description de la garantie du fabricant incluse avec le produit. Si vous n&rsquo;\u00eates pas s\u00fbr, contactez-nous par e-mail et nous vous aiderons.<\/p>\n\t\t<\/div>\n\t\t\t\t\t<\/div>\n\n\t\n<\/div>\n\t\t<\/div>\n\t\t\t\t\t<\/div>\n\n\t\n<\/div>\n\t\t<\/div>\n\n\t\t\n<style>\n#section_757841821 {\n  padding-top: 20px;\n  padding-bottom: 20px;\n}\n<\/style>\n\t<\/section>\n\t\n","protected":false},"excerpt":{"rendered":"","protected":false},"author":1,"featured_media":0,"parent":0,"menu_order":0,"comment_status":"closed","ping_status":"closed","template":"","meta":{"footnotes":""},"class_list":["post-3128","page","type-page","status-publish","hentry"],"yoast_head":"<!-- This site is optimized with the Yoast SEO plugin v27.4 - https:\/\/yoast.com\/product\/yoast-seo-wordpress\/ -->\n<title>Livraison - FAQ - NatPat Ltd - Canadian Police Supplies<\/title>\n<meta name=\"robots\" content=\"index, follow, max-snippet:-1, max-image-preview:large, max-video-preview:-1\" \/>\n<link rel=\"canonical\" href=\"https:\/\/911equipment.ca\/fr\/livraison-faq\/\" \/>\n<meta property=\"og:locale\" content=\"fr_CA\" \/>\n<meta property=\"og:type\" content=\"article\" \/>\n<meta property=\"og:title\" content=\"Livraison - FAQ - NatPat Ltd - Canadian Police Supplies\" \/>\n<meta property=\"og:url\" content=\"https:\/\/911equipment.ca\/fr\/livraison-faq\/\" \/>\n<meta property=\"og:site_name\" content=\"NatPat Ltd - Canadian Police Supplies\" \/>\n<meta property=\"article:modified_time\" content=\"2026-02-06T15:09:26+00:00\" \/>\n<meta name=\"twitter:card\" content=\"summary_large_image\" \/>\n<meta name=\"twitter:label1\" content=\"Estimation du temps de lecture\" \/>\n\t<meta name=\"twitter:data1\" content=\"8 minutes\" \/>\n<script type=\"application\/ld+json\" class=\"yoast-schema-graph\">{\"@context\":\"https:\\\/\\\/schema.org\",\"@graph\":[{\"@type\":\"WebPage\",\"@id\":\"https:\\\/\\\/911equipment.ca\\\/fr\\\/livraison-faq\\\/\",\"url\":\"https:\\\/\\\/911equipment.ca\\\/fr\\\/livraison-faq\\\/\",\"name\":\"Livraison - FAQ - NatPat Ltd - Canadian Police Supplies\",\"isPartOf\":{\"@id\":\"https:\\\/\\\/911equipment.ca\\\/fr\\\/#website\"},\"datePublished\":\"2020-06-18T00:33:18+00:00\",\"dateModified\":\"2026-02-06T15:09:26+00:00\",\"breadcrumb\":{\"@id\":\"https:\\\/\\\/911equipment.ca\\\/fr\\\/livraison-faq\\\/#breadcrumb\"},\"inLanguage\":\"fr-CA\",\"potentialAction\":[{\"@type\":\"ReadAction\",\"target\":[\"https:\\\/\\\/911equipment.ca\\\/fr\\\/livraison-faq\\\/\"]}]},{\"@type\":\"BreadcrumbList\",\"@id\":\"https:\\\/\\\/911equipment.ca\\\/fr\\\/livraison-faq\\\/#breadcrumb\",\"itemListElement\":[{\"@type\":\"ListItem\",\"position\":1,\"name\":\"Home\",\"item\":\"https:\\\/\\\/911equipment.ca\\\/fr\\\/\"},{\"@type\":\"ListItem\",\"position\":2,\"name\":\"Livraison &#8211; FAQ\"}]},{\"@type\":\"WebSite\",\"@id\":\"https:\\\/\\\/911equipment.ca\\\/fr\\\/#website\",\"url\":\"https:\\\/\\\/911equipment.ca\\\/fr\\\/\",\"name\":\"Canadian Police Supplies\",\"description\":\"Online retail of police, law enforcement and security supplies, gears and equipment.\",\"publisher\":{\"@id\":\"https:\\\/\\\/911equipment.ca\\\/fr\\\/#organization\"},\"potentialAction\":[{\"@type\":\"SearchAction\",\"target\":{\"@type\":\"EntryPoint\",\"urlTemplate\":\"https:\\\/\\\/911equipment.ca\\\/fr\\\/?s={search_term_string}\"},\"query-input\":{\"@type\":\"PropertyValueSpecification\",\"valueRequired\":true,\"valueName\":\"search_term_string\"}}],\"inLanguage\":\"fr-CA\"},{\"@type\":\"Organization\",\"@id\":\"https:\\\/\\\/911equipment.ca\\\/fr\\\/#organization\",\"name\":\"NatPat Lt\u00e9e\",\"url\":\"https:\\\/\\\/911equipment.ca\\\/fr\\\/\",\"logo\":{\"@type\":\"ImageObject\",\"inLanguage\":\"fr-CA\",\"@id\":\"https:\\\/\\\/911equipment.ca\\\/fr\\\/#\\\/schema\\\/logo\\\/image\\\/\",\"url\":\"https:\\\/\\\/i2.wp.com\\\/911equipment.ca\\\/wp-content\\\/uploads\\\/2020\\\/05\\\/NatPat-Logo-Oct-2010.jpg?fit=560%2C560&ssl=1\",\"contentUrl\":\"https:\\\/\\\/i2.wp.com\\\/911equipment.ca\\\/wp-content\\\/uploads\\\/2020\\\/05\\\/NatPat-Logo-Oct-2010.jpg?fit=560%2C560&ssl=1\",\"width\":560,\"height\":560,\"caption\":\"NatPat Lt\u00e9e\"},\"image\":{\"@id\":\"https:\\\/\\\/911equipment.ca\\\/fr\\\/#\\\/schema\\\/logo\\\/image\\\/\"}}]}<\/script>\n<!-- \/ Yoast SEO plugin. -->","yoast_head_json":{"title":"Livraison - FAQ - NatPat Ltd - Canadian Police Supplies","robots":{"index":"index","follow":"follow","max-snippet":"max-snippet:-1","max-image-preview":"max-image-preview:large","max-video-preview":"max-video-preview:-1"},"canonical":"https:\/\/911equipment.ca\/fr\/livraison-faq\/","og_locale":"fr_CA","og_type":"article","og_title":"Livraison - FAQ - NatPat Ltd - Canadian Police Supplies","og_url":"https:\/\/911equipment.ca\/fr\/livraison-faq\/","og_site_name":"NatPat Ltd - Canadian Police Supplies","article_modified_time":"2026-02-06T15:09:26+00:00","twitter_card":"summary_large_image","twitter_misc":{"Estimation du temps de lecture":"8 minutes"},"schema":{"@context":"https:\/\/schema.org","@graph":[{"@type":"WebPage","@id":"https:\/\/911equipment.ca\/fr\/livraison-faq\/","url":"https:\/\/911equipment.ca\/fr\/livraison-faq\/","name":"Livraison - FAQ - NatPat Ltd - Canadian Police Supplies","isPartOf":{"@id":"https:\/\/911equipment.ca\/fr\/#website"},"datePublished":"2020-06-18T00:33:18+00:00","dateModified":"2026-02-06T15:09:26+00:00","breadcrumb":{"@id":"https:\/\/911equipment.ca\/fr\/livraison-faq\/#breadcrumb"},"inLanguage":"fr-CA","potentialAction":[{"@type":"ReadAction","target":["https:\/\/911equipment.ca\/fr\/livraison-faq\/"]}]},{"@type":"BreadcrumbList","@id":"https:\/\/911equipment.ca\/fr\/livraison-faq\/#breadcrumb","itemListElement":[{"@type":"ListItem","position":1,"name":"Home","item":"https:\/\/911equipment.ca\/fr\/"},{"@type":"ListItem","position":2,"name":"Livraison &#8211; FAQ"}]},{"@type":"WebSite","@id":"https:\/\/911equipment.ca\/fr\/#website","url":"https:\/\/911equipment.ca\/fr\/","name":"Canadian Police Supplies","description":"Online retail of police, law enforcement and security supplies, gears and equipment.","publisher":{"@id":"https:\/\/911equipment.ca\/fr\/#organization"},"potentialAction":[{"@type":"SearchAction","target":{"@type":"EntryPoint","urlTemplate":"https:\/\/911equipment.ca\/fr\/?s={search_term_string}"},"query-input":{"@type":"PropertyValueSpecification","valueRequired":true,"valueName":"search_term_string"}}],"inLanguage":"fr-CA"},{"@type":"Organization","@id":"https:\/\/911equipment.ca\/fr\/#organization","name":"NatPat Lt\u00e9e","url":"https:\/\/911equipment.ca\/fr\/","logo":{"@type":"ImageObject","inLanguage":"fr-CA","@id":"https:\/\/911equipment.ca\/fr\/#\/schema\/logo\/image\/","url":"https:\/\/i2.wp.com\/911equipment.ca\/wp-content\/uploads\/2020\/05\/NatPat-Logo-Oct-2010.jpg?fit=560%2C560&ssl=1","contentUrl":"https:\/\/i2.wp.com\/911equipment.ca\/wp-content\/uploads\/2020\/05\/NatPat-Logo-Oct-2010.jpg?fit=560%2C560&ssl=1","width":560,"height":560,"caption":"NatPat Lt\u00e9e"},"image":{"@id":"https:\/\/911equipment.ca\/fr\/#\/schema\/logo\/image\/"}}]}},"jetpack_sharing_enabled":true,"_links":{"self":[{"href":"https:\/\/911equipment.ca\/fr\/wp-json\/wp\/v2\/pages\/3128","targetHints":{"allow":["GET"]}}],"collection":[{"href":"https:\/\/911equipment.ca\/fr\/wp-json\/wp\/v2\/pages"}],"about":[{"href":"https:\/\/911equipment.ca\/fr\/wp-json\/wp\/v2\/types\/page"}],"author":[{"embeddable":true,"href":"https:\/\/911equipment.ca\/fr\/wp-json\/wp\/v2\/users\/1"}],"replies":[{"embeddable":true,"href":"https:\/\/911equipment.ca\/fr\/wp-json\/wp\/v2\/comments?post=3128"}],"version-history":[{"count":31,"href":"https:\/\/911equipment.ca\/fr\/wp-json\/wp\/v2\/pages\/3128\/revisions"}],"predecessor-version":[{"id":6355,"href":"https:\/\/911equipment.ca\/fr\/wp-json\/wp\/v2\/pages\/3128\/revisions\/6355"}],"wp:attachment":[{"href":"https:\/\/911equipment.ca\/fr\/wp-json\/wp\/v2\/media?parent=3128"}],"curies":[{"name":"wp","href":"https:\/\/api.w.org\/{rel}","templated":true}]}}