{"id":1802,"date":"2020-06-10T20:08:13","date_gmt":"2020-06-11T00:08:13","guid":{"rendered":"https:\/\/911equipment.ca\/termes-et-conditions\/"},"modified":"2020-06-10T20:08:13","modified_gmt":"2020-06-11T00:08:13","slug":"termes-et-conditions","status":"publish","type":"page","link":"https:\/\/911equipment.ca\/fr\/termes-et-conditions\/","title":{"rendered":"Termes et conditions"},"content":{"rendered":"<div class=\"page\">\n<div class=\"container\">\n<div class=\"content download-wrapper\">\n<div class=\"row\">\n<div class=\"col-md-6 col-md-pull-6 col-sm-6 col-sm-pull-6\">\n<div class=\"main\">\n<div class=\"preview\">\n<h2><strong>Termes et conditions<\/strong><\/h2>\n<p>Bienvenue chez NatPat Lt\u00e9e &#8211; Votre source pour \u00e9quipement policier<\/p>\n<p>Ces termes et conditions d\u00e9crivent les r\u00e8gles et r\u00e8glements pour l&rsquo;utilisation du site Web de NatPat Lt\u00e9e, situ\u00e9 au 911equipment.ca et policesupplies.ca.<\/p>\n<p>En acc\u00e9dant \u00e0 ce site Web, nous supposons que vous acceptez ces termes et conditions. Ne continuez pas \u00e0 utiliser le site internet de NatPat Lt\u00e9e si vous n&rsquo;acceptez pas de respecter toutes les modalit\u00e9s et conditions \u00e9nonc\u00e9es sur cette page.<\/p>\n<p>La terminologie suivante s&rsquo;applique aux pr\u00e9sentes conditions g\u00e9n\u00e9rales, \u00e0 la d\u00e9claration de confidentialit\u00e9 et \u00e0 la clause de non-responsabilit\u00e9 et \u00e0 tous les accords: \u00ab\u00abClient\u00bb, \u00abVous\u00bb et \u00abVotre\u00bb font r\u00e9f\u00e9rence \u00e0 vous, la personne connect\u00e9e sur ce site Web et conforme aux conditions g\u00e9n\u00e9rales de la Soci\u00e9t\u00e9. \u00abLa soci\u00e9t\u00e9\u00bb, \u00abnous-m\u00eames\u00bb, \u00abnous\u00bb, \u00abnotre\u00bb et \u00abnous\u00bb fait r\u00e9f\u00e9rence \u00e0 notre soci\u00e9t\u00e9. \u00abPartie\u00bb, \u00abParties\u00bb ou \u00abNous\u00bb fait r\u00e9f\u00e9rence \u00e0 la fois au Client et \u00e0 nous-m\u00eames. Tous les termes se r\u00e9f\u00e8rent \u00e0 l&rsquo;offre, l&rsquo;acceptation et la consid\u00e9ration du paiement n\u00e9cessaires pour entreprendre le processus de notre assistance au Client de la mani\u00e8re la plus appropri\u00e9e dans le but expr\u00e8s de r\u00e9pondre aux besoins du Client en ce qui concerne la fourniture des services d\u00e9clar\u00e9s de la Soci\u00e9t\u00e9, conform\u00e9ment \u00e0 et sous r\u00e9serve des lois en vigueur au Canada. Toute utilisation de la terminologie ci-dessus ou d&rsquo;autres mots au singulier, au pluriel, en majuscules et \/ ou il ou elles, sont consid\u00e9r\u00e9s comme interchangeables et donc comme faisant r\u00e9f\u00e9rence \u00e0 ceux-ci.<\/p>\n<h3><strong>Cookies<\/strong><\/h3>\n<p>Nous utilisons des cookies. En acc\u00e9dant \u00e0 notre site internet, vous avez accept\u00e9 d&rsquo;utiliser des cookies en accord avec la politique de confidentialit\u00e9 de NatPat Lt\u00e9e.<\/p>\n<p>La plupart des sites Web interactifs utilisent des cookies pour nous permettre de r\u00e9cup\u00e9rer les d\u00e9tails de l&rsquo;utilisateur pour chaque visite. Les cookies sont utilis\u00e9s par notre site Web pour permettre la fonctionnalit\u00e9 de certaines zones afin de faciliter la navigation des personnes sur notre site Web. Certains de nos partenaires affili\u00e9s \/ publicitaires peuvent \u00e9galement utiliser des cookies.<\/p>\n<h3><strong>License<\/strong><\/h3>\n<p>Sauf indication contraire, NatPat Lt\u00e9e et \/ ou ses conc\u00e9dants de licence d\u00e9tiennent les droits de propri\u00e9t\u00e9 intellectuelle sur tout le mat\u00e9riel contenu dans notre site internet. Tous les droits de propri\u00e9t\u00e9 intellectuelle sont r\u00e9serv\u00e9s. Vous pouvez y acc\u00e9der pour votre usage personnel, sous r\u00e9serve des restrictions d\u00e9finies dans ces termes et conditions.<\/p>\n<p>Vous ne devez pas:<\/p>\n<ul>\n<li>Republier le mat\u00e9riel de notre site internet<\/li>\n<li>Vendre, louer ou sous-licencier du mat\u00e9riel de la police canadienne<\/li>\n<li>Reproduire, dupliquer ou copier du mat\u00e9riel provenant de notre site internet<\/li>\n<li>Redistribuer le contenu de notre site internet<\/li>\n<\/ul>\n<p>Le pr\u00e9sent accord prend effet \u00e0 la date des pr\u00e9sentes.<\/p>\n<p>Certaines parties de ce site Web offrent aux utilisateurs la possibilit\u00e9 de publier et d&rsquo;\u00e9changer des opinions et des informations dans certaines zones du site Web. NatPat Lt\u00e9e ne filtre pas, ne modifie pas, ne publie pas et ne r\u00e9vise pas les commentaires avant leur pr\u00e9sence sur le site Web. Les commentaires ne refl\u00e8tent pas les vues et opinions de NatPat Lt\u00e9e, de ses agents et \/ ou soci\u00e9t\u00e9s affili\u00e9es. Les commentaires refl\u00e8tent les points de vue et opinions de la personne qui publie ses points de vue et opinions. Dans la mesure permise par les lois applicables, NatPat Lt\u00e9e ne sera pas responsable des Commentaires ou de toute responsabilit\u00e9, dommages ou d\u00e9penses caus\u00e9s et \/ ou subis du fait de toute utilisation et \/ ou publication et \/ ou apparition des Commentaires sur ce site Web.<\/p>\n<p>NatPat Lt\u00e9e se r\u00e9serve le droit de surveiller tous les commentaires et de supprimer tout commentaire pouvant \u00eatre consid\u00e9r\u00e9 comme inappropri\u00e9, offensant ou entra\u00eenant une violation des pr\u00e9sentes conditions g\u00e9n\u00e9rales.<\/p>\n<p>Vous garantissez et d\u00e9clarez que:<\/p>\n<ul>\n<li>Vous \u00eates autoris\u00e9 \u00e0 publier les commentaires sur notre site Web et \u00e0 disposer de toutes les licences et autorisations n\u00e9cessaires pour le faire;<\/li>\n<li>Les Commentaires n&#8217;empi\u00e8tent sur aucun droit de propri\u00e9t\u00e9 intellectuelle, y compris, sans limitation, les droits d&rsquo;auteur, brevets ou marques de commerce de tiers;<\/li>\n<li>Les commentaires ne contiennent aucun \u00e9l\u00e9ment diffamatoire, calomnieux, offensant, ind\u00e9cent ou autrement ill\u00e9gal constituant une atteinte \u00e0 la vie priv\u00e9e;<\/li>\n<li>Les commentaires ne seront pas utilis\u00e9s pour solliciter ou promouvoir des activit\u00e9s commerciales ou personnalis\u00e9es ou pr\u00e9senter des activit\u00e9s commerciales ou des activit\u00e9s ill\u00e9gales.<\/li>\n<\/ul>\n<p>Par la pr\u00e9sente, vous accordez \u00e0 NatPat Lt\u00e9e une licence non exclusive pour utiliser, reproduire, modifier et autoriser d&rsquo;autres personnes \u00e0 utiliser, reproduire et modifier n&rsquo;importe lequel de vos commentaires sous toutes formes, formats ou supports.<\/p>\n<h3><strong>Hyperlien vers notre contenu<\/strong><\/h3>\n<p>Les organisations suivantes peuvent cr\u00e9er un lien vers notre site Web sans approbation \u00e9crite pr\u00e9alable:<\/p>\n<ul>\n<li>Organismes gouvernementaux;<\/li>\n<li>Portails de recherche;<\/li>\n<li>Organismes de presse;<\/li>\n<li>Les distributeurs d&rsquo;annuaires en ligne peuvent cr\u00e9er un lien vers notre site Web de la m\u00eame mani\u00e8re qu&rsquo;ils \u00e9tablissent un lien hypertexte vers les sites Web d&rsquo;autres entreprises r\u00e9pertori\u00e9es; et<\/li>\n<li>Entreprises accr\u00e9dit\u00e9es \u00e0 l&rsquo;\u00e9chelle du syst\u00e8me, sauf la sollicitation d&rsquo;organisations \u00e0 but non lucratif, de centres commerciaux de bienfaisance et de groupes de collecte de fonds caritatifs qui ne peuvent pas cr\u00e9er de lien hypertexte vers notre site Web.<\/li>\n<\/ul>\n<p>Ces organisations peuvent cr\u00e9er un lien vers notre page d&rsquo;accueil, des publications ou d&rsquo;autres informations sur le site Web tant que le lien: (a) n&rsquo;est en aucun cas trompeur; (b) n&rsquo;implique pas faussement le parrainage, l&rsquo;approbation ou l&rsquo;approbation de la partie de liaison et de ses produits et \/ ou services; et (c) s&rsquo;inscrit dans le contexte du site de la partie de liaison.<\/p>\n<p>Nous pouvons consid\u00e9rer et approuver d&rsquo;autres demandes de liens des types d&rsquo;organisations suivants:<\/p>\n<ul>\n<li>les sources d&rsquo;information sur les consommateurs et \/ ou les entreprises connues;<\/li>\n<li>sites communautaires dot.com;<\/li>\n<li>les associations ou autres groupes repr\u00e9sentant des \u0153uvres de bienfaisance;<\/li>\n<li>distributeurs d&rsquo;annuaires en ligne;<\/li>\n<li>portails Internet;<\/li>\n<li>cabinets comptables, juridiques et de conseil; et<\/li>\n<li>\u00e9tablissements d&rsquo;enseignement et associations professionnelles.<\/li>\n<\/ul>\n<p>Nous approuverons les demandes de lien de ces organisations si nous d\u00e9cidons que: (a) le lien ne nous ferait pas regarder d\u00e9favorablement nous-m\u00eames ou nos entreprises accr\u00e9dit\u00e9es; (b) l&rsquo;organisation n&rsquo;a aucun dossier n\u00e9gatif avec nous; (c) l&rsquo;avantage pour nous de la visibilit\u00e9 de l&rsquo;hyperlien compense l&rsquo;absence de NatPat Lt\u00e9e; et (d) le lien se situe dans le contexte des informations g\u00e9n\u00e9rales sur les ressources.<\/p>\n<p>Ces organisations peuvent cr\u00e9er un lien vers notre page d&rsquo;accueil tant que le lien: (a) n&rsquo;est en aucun cas trompeur; (b) n&rsquo;implique pas faussement le parrainage, l&rsquo;approbation ou l&rsquo;approbation de la partie de liaison et de ses produits ou services; et (c) s&rsquo;inscrit dans le contexte du site de la partie de liaison.<\/p>\n<p>Si vous \u00eates l&rsquo;une des organisations \u00e9num\u00e9r\u00e9es au paragraphe 2 ci-dessus et que vous souhaitez cr\u00e9er un lien vers notre site Web, vous devez nous en informer en envoyant un courriel \u00e0 NatPat Lt\u00e9e. Veuillez inclure votre nom, le nom de votre organisation, vos coordonn\u00e9es ainsi que URL de votre site, une liste de toutes les URL \u00e0 partir desquelles vous avez l&rsquo;intention de cr\u00e9er un lien vers notre site Web, et une liste des URL sur notre site vers lesquelles vous souhaitez cr\u00e9er un lien. Attendez 2-3 semaines pour une r\u00e9ponse.<\/p>\n<p>Les organisations approuv\u00e9es peuvent cr\u00e9er un lien hypertexte vers notre site Web comme suit:<\/p>\n<ul>\n<li>En utilisant notre raison sociale; ou<\/li>\n<li>En utilisant le localisateur de ressources uniforme li\u00e9 \u00e0; ou<\/li>\n<li>En utilisant toute autre description de notre site Web li\u00e9e \u00e0 qui a du sens dans le contexte et le format du contenu sur le site de la partie de liaison.<\/li>\n<\/ul>\n<p>Aucune utilisation du logo de NatPat Lt\u00e9e ou d&rsquo;autres illustrations ne sera autoris\u00e9e pour le lien en l&rsquo;absence d&rsquo;un accord de licence de marque.<\/p>\n<h3><strong>iFrames<\/strong><\/h3>\n<p>Sans autorisation pr\u00e9alable et autorisation \u00e9crite, vous ne pouvez pas cr\u00e9er de cadres autour de nos pages Web qui alt\u00e8rent de quelque mani\u00e8re que ce soit la pr\u00e9sentation visuelle ou l&rsquo;apparence de notre site Web.<\/p>\n<h3><strong>Responsabilit\u00e9 du contenu<\/strong><\/h3>\n<p>Nous ne serons pas tenus responsables de tout contenu qui appara\u00eet sur votre site Web. Vous acceptez de nous prot\u00e9ger et de nous d\u00e9fendre contre toutes les r\u00e9clamations qui augmentent sur votre site Web. Aucun lien ne doit appara\u00eetre sur un site Web pouvant \u00eatre interpr\u00e9t\u00e9 comme diffamatoire, obsc\u00e8ne ou criminel, ou qui enfreint, viole ou pr\u00e9conise l&rsquo;infraction ou toute autre violation des droits de tiers.<\/p>\n<h3><strong>Votre vie priv\u00e9e<\/strong><\/h3>\n<p>Veuillez lire notre politique de confidentialit\u00e9.<\/p>\n<h3><strong>R\u00e9serve des droits<\/strong><\/h3>\n<p>Nous nous r\u00e9servons le droit de vous demander de supprimer tous les liens ou tout lien particulier vers notre site Web. Vous acceptez de supprimer imm\u00e9diatement tous les liens vers notre site Web sur demande. Nous nous r\u00e9servons \u00e9galement le droit de modifier ces termes et conditions et sa politique de liens \u00e0 tout moment. En vous connectant en continu \u00e0 notre site Web, vous acceptez d&rsquo;\u00eatre li\u00e9 et de suivre ces conditions g\u00e9n\u00e9rales de liaison.<\/p>\n<h3><strong>Suppression des liens de notre site Web<\/strong><\/h3>\n<p>Si vous trouvez un lien sur notre site Web offensant pour quelque raison que ce soit, vous \u00eates libre de nous contacter et de nous informer \u00e0 tout moment. Nous prendrons en consid\u00e9ration les demandes de suppression de liens, mais nous ne sommes pas tenus de le faire ou de vous r\u00e9pondre directement.<\/p>\n<p>Nous ne garantissons pas que les informations sur ce site sont correctes, nous ne garantissons pas leur exhaustivit\u00e9 ou leur exactitude; nous ne promettons pas non plus de veiller \u00e0 ce que le site Web reste disponible ou que le mat\u00e9riel sur le site Web soit tenu \u00e0 jour.<\/p>\n<h3><strong>Avertissement<\/strong><\/h3>\n<p>Dans la mesure maximale permise par la loi applicable, nous excluons toutes les d\u00e9clarations, garanties et conditions relatives \u00e0 notre site Web et \u00e0 l&rsquo;utilisation de ce site Web. Rien dans cette clause de non-responsabilit\u00e9 ne:<\/p>\n<ul>\n<li>limite ou exclure notre ou votre responsabilit\u00e9 en cas de d\u00e9c\u00e8s ou de blessure;<\/li>\n<li>limite ou exclure notre ou votre responsabilit\u00e9 pour fraude ou fausse d\u00e9claration frauduleuse;<\/li>\n<li>limite nos ou vos responsabilit\u00e9s d&rsquo;une mani\u00e8re qui n&rsquo;est pas autoris\u00e9e par la loi applicable; ou<\/li>\n<li>exclure tout ou partie de nos responsabilit\u00e9s qui ne peuvent \u00eatre exclues en vertu de la loi applicable.<\/li>\n<\/ul>\n<p>Les limitations et interdictions de responsabilit\u00e9 d\u00e9finies dans cette section et ailleurs dans cette clause de non-responsabilit\u00e9: (a) sont soumises au paragraphe pr\u00e9c\u00e9dent; et (b) r\u00e9gissent toutes les responsabilit\u00e9s d\u00e9coulant de la clause de non-responsabilit\u00e9, y compris les responsabilit\u00e9s d\u00e9coulant du contrat, en responsabilit\u00e9 d\u00e9lictuelle et pour manquement \u00e0 une obligation l\u00e9gale.<\/p>\n<p>Tant que le site Web et les informations et services sur le site Web sont fournis gratuitement, nous ne serons pas responsables de toute perte ou dommage de quelque nature que ce soit.<\/p>\n<\/div>\n<\/div>\n<\/div>\n<\/div>\n<\/div>\n<\/div>\n<\/div>\n","protected":false},"excerpt":{"rendered":"<p>Termes et conditions Bienvenue chez NatPat Lt\u00e9e &#8211; Votre source pour \u00e9quipement policier Ces termes et conditions d\u00e9crivent les r\u00e8gles et r\u00e8glements pour l&rsquo;utilisation du site Web de NatPat Lt\u00e9e, situ\u00e9 au 911equipment.ca et policesupplies.ca. En acc\u00e9dant \u00e0 ce site Web, nous supposons que vous acceptez ces termes et conditions. Ne continuez pas \u00e0 utiliser [&#8230;]\n","protected":false},"author":1,"featured_media":0,"parent":0,"menu_order":0,"comment_status":"closed","ping_status":"closed","template":"","meta":{"footnotes":""},"class_list":["post-1802","page","type-page","status-publish","hentry"],"yoast_head":"<!-- This site is optimized with the Yoast SEO plugin v27.6 - https:\/\/yoast.com\/product\/yoast-seo-wordpress\/ -->\n<title>Termes et conditions - NatPat Ltd - Canadian Police Supplies<\/title>\n<meta name=\"robots\" content=\"index, follow, max-snippet:-1, max-image-preview:large, max-video-preview:-1\" \/>\n<link rel=\"canonical\" href=\"https:\/\/911equipment.ca\/fr\/termes-et-conditions\/\" \/>\n<meta property=\"og:locale\" content=\"fr_CA\" \/>\n<meta property=\"og:type\" content=\"article\" \/>\n<meta property=\"og:title\" content=\"Termes et conditions - NatPat Ltd - Canadian Police Supplies\" \/>\n<meta property=\"og:description\" content=\"Termes et conditions Bienvenue chez NatPat Lt\u00e9e &#8211; Votre source pour \u00e9quipement policier Ces termes et conditions d\u00e9crivent les r\u00e8gles et r\u00e8glements pour l&rsquo;utilisation du site Web de NatPat Lt\u00e9e, situ\u00e9 au 911equipment.ca et policesupplies.ca. En acc\u00e9dant \u00e0 ce site Web, nous supposons que vous acceptez ces termes et conditions. Ne continuez pas \u00e0 utiliser [...]\" \/>\n<meta property=\"og:url\" content=\"https:\/\/911equipment.ca\/fr\/termes-et-conditions\/\" \/>\n<meta property=\"og:site_name\" content=\"NatPat Ltd - Canadian Police Supplies\" \/>\n<meta name=\"twitter:card\" content=\"summary_large_image\" \/>\n<meta name=\"twitter:label1\" content=\"Estimation du temps de lecture\" \/>\n\t<meta name=\"twitter:data1\" content=\"9 minutes\" \/>\n<script type=\"application\/ld+json\" class=\"yoast-schema-graph\">{\"@context\":\"https:\\\/\\\/schema.org\",\"@graph\":[{\"@type\":\"WebPage\",\"@id\":\"https:\\\/\\\/911equipment.ca\\\/fr\\\/termes-et-conditions\\\/\",\"url\":\"https:\\\/\\\/911equipment.ca\\\/fr\\\/termes-et-conditions\\\/\",\"name\":\"Termes et conditions - NatPat Ltd - Canadian Police Supplies\",\"isPartOf\":{\"@id\":\"https:\\\/\\\/911equipment.ca\\\/fr\\\/#website\"},\"datePublished\":\"2020-06-11T00:08:13+00:00\",\"breadcrumb\":{\"@id\":\"https:\\\/\\\/911equipment.ca\\\/fr\\\/termes-et-conditions\\\/#breadcrumb\"},\"inLanguage\":\"fr-CA\",\"potentialAction\":[{\"@type\":\"ReadAction\",\"target\":[\"https:\\\/\\\/911equipment.ca\\\/fr\\\/termes-et-conditions\\\/\"]}]},{\"@type\":\"BreadcrumbList\",\"@id\":\"https:\\\/\\\/911equipment.ca\\\/fr\\\/termes-et-conditions\\\/#breadcrumb\",\"itemListElement\":[{\"@type\":\"ListItem\",\"position\":1,\"name\":\"Home\",\"item\":\"https:\\\/\\\/911equipment.ca\\\/fr\\\/\"},{\"@type\":\"ListItem\",\"position\":2,\"name\":\"Termes et conditions\"}]},{\"@type\":\"WebSite\",\"@id\":\"https:\\\/\\\/911equipment.ca\\\/fr\\\/#website\",\"url\":\"https:\\\/\\\/911equipment.ca\\\/fr\\\/\",\"name\":\"Canadian Police Supplies\",\"description\":\"Online retail of police, law enforcement and security supplies, gears and equipment.\",\"publisher\":{\"@id\":\"https:\\\/\\\/911equipment.ca\\\/fr\\\/#organization\"},\"potentialAction\":[{\"@type\":\"SearchAction\",\"target\":{\"@type\":\"EntryPoint\",\"urlTemplate\":\"https:\\\/\\\/911equipment.ca\\\/fr\\\/?s={search_term_string}\"},\"query-input\":{\"@type\":\"PropertyValueSpecification\",\"valueRequired\":true,\"valueName\":\"search_term_string\"}}],\"inLanguage\":\"fr-CA\"},{\"@type\":\"Organization\",\"@id\":\"https:\\\/\\\/911equipment.ca\\\/fr\\\/#organization\",\"name\":\"NatPat Lt\u00e9e\",\"url\":\"https:\\\/\\\/911equipment.ca\\\/fr\\\/\",\"logo\":{\"@type\":\"ImageObject\",\"inLanguage\":\"fr-CA\",\"@id\":\"https:\\\/\\\/911equipment.ca\\\/fr\\\/#\\\/schema\\\/logo\\\/image\\\/\",\"url\":\"https:\\\/\\\/i2.wp.com\\\/911equipment.ca\\\/wp-content\\\/uploads\\\/2020\\\/05\\\/NatPat-Logo-Oct-2010.jpg?fit=560%2C560&ssl=1\",\"contentUrl\":\"https:\\\/\\\/i2.wp.com\\\/911equipment.ca\\\/wp-content\\\/uploads\\\/2020\\\/05\\\/NatPat-Logo-Oct-2010.jpg?fit=560%2C560&ssl=1\",\"width\":560,\"height\":560,\"caption\":\"NatPat Lt\u00e9e\"},\"image\":{\"@id\":\"https:\\\/\\\/911equipment.ca\\\/fr\\\/#\\\/schema\\\/logo\\\/image\\\/\"}}]}<\/script>\n<!-- \/ Yoast SEO plugin. -->","yoast_head_json":{"title":"Termes et conditions - NatPat Ltd - Canadian Police Supplies","robots":{"index":"index","follow":"follow","max-snippet":"max-snippet:-1","max-image-preview":"max-image-preview:large","max-video-preview":"max-video-preview:-1"},"canonical":"https:\/\/911equipment.ca\/fr\/termes-et-conditions\/","og_locale":"fr_CA","og_type":"article","og_title":"Termes et conditions - NatPat Ltd - Canadian Police Supplies","og_description":"Termes et conditions Bienvenue chez NatPat Lt\u00e9e &#8211; Votre source pour \u00e9quipement policier Ces termes et conditions d\u00e9crivent les r\u00e8gles et r\u00e8glements pour l&rsquo;utilisation du site Web de NatPat Lt\u00e9e, situ\u00e9 au 911equipment.ca et policesupplies.ca. En acc\u00e9dant \u00e0 ce site Web, nous supposons que vous acceptez ces termes et conditions. Ne continuez pas \u00e0 utiliser [...]","og_url":"https:\/\/911equipment.ca\/fr\/termes-et-conditions\/","og_site_name":"NatPat Ltd - Canadian Police Supplies","twitter_card":"summary_large_image","twitter_misc":{"Estimation du temps de lecture":"9 minutes"},"schema":{"@context":"https:\/\/schema.org","@graph":[{"@type":"WebPage","@id":"https:\/\/911equipment.ca\/fr\/termes-et-conditions\/","url":"https:\/\/911equipment.ca\/fr\/termes-et-conditions\/","name":"Termes et conditions - NatPat Ltd - Canadian Police Supplies","isPartOf":{"@id":"https:\/\/911equipment.ca\/fr\/#website"},"datePublished":"2020-06-11T00:08:13+00:00","breadcrumb":{"@id":"https:\/\/911equipment.ca\/fr\/termes-et-conditions\/#breadcrumb"},"inLanguage":"fr-CA","potentialAction":[{"@type":"ReadAction","target":["https:\/\/911equipment.ca\/fr\/termes-et-conditions\/"]}]},{"@type":"BreadcrumbList","@id":"https:\/\/911equipment.ca\/fr\/termes-et-conditions\/#breadcrumb","itemListElement":[{"@type":"ListItem","position":1,"name":"Home","item":"https:\/\/911equipment.ca\/fr\/"},{"@type":"ListItem","position":2,"name":"Termes et conditions"}]},{"@type":"WebSite","@id":"https:\/\/911equipment.ca\/fr\/#website","url":"https:\/\/911equipment.ca\/fr\/","name":"Canadian Police Supplies","description":"Online retail of police, law enforcement and security supplies, gears and equipment.","publisher":{"@id":"https:\/\/911equipment.ca\/fr\/#organization"},"potentialAction":[{"@type":"SearchAction","target":{"@type":"EntryPoint","urlTemplate":"https:\/\/911equipment.ca\/fr\/?s={search_term_string}"},"query-input":{"@type":"PropertyValueSpecification","valueRequired":true,"valueName":"search_term_string"}}],"inLanguage":"fr-CA"},{"@type":"Organization","@id":"https:\/\/911equipment.ca\/fr\/#organization","name":"NatPat Lt\u00e9e","url":"https:\/\/911equipment.ca\/fr\/","logo":{"@type":"ImageObject","inLanguage":"fr-CA","@id":"https:\/\/911equipment.ca\/fr\/#\/schema\/logo\/image\/","url":"https:\/\/i2.wp.com\/911equipment.ca\/wp-content\/uploads\/2020\/05\/NatPat-Logo-Oct-2010.jpg?fit=560%2C560&ssl=1","contentUrl":"https:\/\/i2.wp.com\/911equipment.ca\/wp-content\/uploads\/2020\/05\/NatPat-Logo-Oct-2010.jpg?fit=560%2C560&ssl=1","width":560,"height":560,"caption":"NatPat Lt\u00e9e"},"image":{"@id":"https:\/\/911equipment.ca\/fr\/#\/schema\/logo\/image\/"}}]}},"jetpack_sharing_enabled":true,"_links":{"self":[{"href":"https:\/\/911equipment.ca\/fr\/wp-json\/wp\/v2\/pages\/1802","targetHints":{"allow":["GET"]}}],"collection":[{"href":"https:\/\/911equipment.ca\/fr\/wp-json\/wp\/v2\/pages"}],"about":[{"href":"https:\/\/911equipment.ca\/fr\/wp-json\/wp\/v2\/types\/page"}],"author":[{"embeddable":true,"href":"https:\/\/911equipment.ca\/fr\/wp-json\/wp\/v2\/users\/1"}],"replies":[{"embeddable":true,"href":"https:\/\/911equipment.ca\/fr\/wp-json\/wp\/v2\/comments?post=1802"}],"version-history":[{"count":0,"href":"https:\/\/911equipment.ca\/fr\/wp-json\/wp\/v2\/pages\/1802\/revisions"}],"wp:attachment":[{"href":"https:\/\/911equipment.ca\/fr\/wp-json\/wp\/v2\/media?parent=1802"}],"curies":[{"name":"wp","href":"https:\/\/api.w.org\/{rel}","templated":true}]}}