{"id":1785,"date":"2020-06-10T14:56:42","date_gmt":"2020-06-10T18:56:42","guid":{"rendered":"https:\/\/911equipment.ca\/a-propos-de-nous\/"},"modified":"2020-06-10T14:57:15","modified_gmt":"2020-06-10T18:57:15","slug":"a-propos-de-nous","status":"publish","type":"page","link":"https:\/\/911equipment.ca\/fr\/a-propos-de-nous\/","title":{"rendered":"A propos de nous"},"content":{"rendered":"<div class=\"container section-title-container\" ><h1 class=\"section-title section-title-center\"><b aria-hidden=\"true\"><\/b><span class=\"section-title-main\" style=\"font-size:145%;\">A propos de nous<\/span><b aria-hidden=\"true\"><\/b><\/h1><\/div>\n<p>Bienvenue chez NatPat Lt\u00e9e, votre source pour produits et \u00e9quipement pour les services policiers, d&rsquo;application de la loi et de s\u00e9curit\u00e9. Nous nous engageons \u00e0 vous offrir les meilleur produits, avec un accent sur le service rapide, rapport qualit\u00e9-prix et l&rsquo;excellence du service aux clients.<br \/>\nNous sommes une petite entreprise en ligne situ\u00e9e dans la r\u00e9gion d&rsquo;Orillia, en Ontario, et sommes en affaires depuis novembre 1999. Nous fournissons les produits que vous avez besoin pour votre travail au meilleur prix possible. Nous servons la client\u00e8le partout au Canada et sommes ravis de pouvoir vous aider \u00e0 aider les autres dans vos t\u00e2ches quotidiennes.<br \/>\nNous esp\u00e9rons que vous appr\u00e9cierez nos produits autant que nous aimons vous les offrir. Si vous avez des questions ou des commentaires, n&rsquo;h\u00e9sitez pas \u00e0 nous contacter.<br \/>\nVeuillez noter que nous n&rsquo;avons pas de magasin de vente au d\u00e9tail et que nous ne sommes donc pas en mesure de permettre la collecte de commande en magasin.<\/p>\n","protected":false},"excerpt":{"rendered":"<p>Bienvenue chez NatPat Lt\u00e9e, votre source pour produits et \u00e9quipement pour les services policiers, d&rsquo;application de la loi et de s\u00e9curit\u00e9. Nous nous engageons \u00e0 vous offrir les meilleur produits, avec un accent sur le service rapide, rapport qualit\u00e9-prix et l&rsquo;excellence du service aux clients. Nous sommes une petite entreprise en ligne situ\u00e9e dans la [&#8230;]\n","protected":false},"author":1,"featured_media":0,"parent":0,"menu_order":0,"comment_status":"closed","ping_status":"closed","template":"","meta":{"footnotes":""},"class_list":["post-1785","page","type-page","status-publish","hentry"],"yoast_head":"<!-- This site is optimized with the Yoast SEO plugin v27.3 - https:\/\/yoast.com\/product\/yoast-seo-wordpress\/ -->\n<title>A propos de nous - NatPat Ltd - Canadian Police Supplies<\/title>\n<meta name=\"robots\" content=\"index, follow, max-snippet:-1, max-image-preview:large, max-video-preview:-1\" \/>\n<link rel=\"canonical\" href=\"https:\/\/911equipment.ca\/fr\/a-propos-de-nous\/\" \/>\n<meta property=\"og:locale\" content=\"fr_CA\" \/>\n<meta property=\"og:type\" content=\"article\" \/>\n<meta property=\"og:title\" content=\"A propos de nous - NatPat Ltd - Canadian Police Supplies\" \/>\n<meta property=\"og:description\" content=\"Bienvenue chez NatPat Lt\u00e9e, votre source pour produits et \u00e9quipement pour les services policiers, d&rsquo;application de la loi et de s\u00e9curit\u00e9. Nous nous engageons \u00e0 vous offrir les meilleur produits, avec un accent sur le service rapide, rapport qualit\u00e9-prix et l&rsquo;excellence du service aux clients. Nous sommes une petite entreprise en ligne situ\u00e9e dans la [...]\" \/>\n<meta property=\"og:url\" content=\"https:\/\/911equipment.ca\/fr\/a-propos-de-nous\/\" \/>\n<meta property=\"og:site_name\" content=\"NatPat Ltd - Canadian Police Supplies\" \/>\n<meta property=\"article:modified_time\" content=\"2020-06-10T18:57:15+00:00\" \/>\n<meta name=\"twitter:card\" content=\"summary_large_image\" \/>\n<meta name=\"twitter:label1\" content=\"Estimation du temps de lecture\" \/>\n\t<meta name=\"twitter:data1\" content=\"1 minute\" \/>\n<script type=\"application\/ld+json\" class=\"yoast-schema-graph\">{\"@context\":\"https:\\\/\\\/schema.org\",\"@graph\":[{\"@type\":\"WebPage\",\"@id\":\"https:\\\/\\\/911equipment.ca\\\/fr\\\/a-propos-de-nous\\\/\",\"url\":\"https:\\\/\\\/911equipment.ca\\\/fr\\\/a-propos-de-nous\\\/\",\"name\":\"A propos de nous - NatPat Ltd - Canadian Police Supplies\",\"isPartOf\":{\"@id\":\"https:\\\/\\\/911equipment.ca\\\/fr\\\/#website\"},\"datePublished\":\"2020-06-10T18:56:42+00:00\",\"dateModified\":\"2020-06-10T18:57:15+00:00\",\"breadcrumb\":{\"@id\":\"https:\\\/\\\/911equipment.ca\\\/fr\\\/a-propos-de-nous\\\/#breadcrumb\"},\"inLanguage\":\"fr-CA\",\"potentialAction\":[{\"@type\":\"ReadAction\",\"target\":[\"https:\\\/\\\/911equipment.ca\\\/fr\\\/a-propos-de-nous\\\/\"]}]},{\"@type\":\"BreadcrumbList\",\"@id\":\"https:\\\/\\\/911equipment.ca\\\/fr\\\/a-propos-de-nous\\\/#breadcrumb\",\"itemListElement\":[{\"@type\":\"ListItem\",\"position\":1,\"name\":\"Home\",\"item\":\"https:\\\/\\\/911equipment.ca\\\/fr\\\/\"},{\"@type\":\"ListItem\",\"position\":2,\"name\":\"A propos de nous\"}]},{\"@type\":\"WebSite\",\"@id\":\"https:\\\/\\\/911equipment.ca\\\/fr\\\/#website\",\"url\":\"https:\\\/\\\/911equipment.ca\\\/fr\\\/\",\"name\":\"Canadian Police Supplies\",\"description\":\"Online retail of police, law enforcement and security supplies, gears and equipment.\",\"publisher\":{\"@id\":\"https:\\\/\\\/911equipment.ca\\\/fr\\\/#organization\"},\"potentialAction\":[{\"@type\":\"SearchAction\",\"target\":{\"@type\":\"EntryPoint\",\"urlTemplate\":\"https:\\\/\\\/911equipment.ca\\\/fr\\\/?s={search_term_string}\"},\"query-input\":{\"@type\":\"PropertyValueSpecification\",\"valueRequired\":true,\"valueName\":\"search_term_string\"}}],\"inLanguage\":\"fr-CA\"},{\"@type\":\"Organization\",\"@id\":\"https:\\\/\\\/911equipment.ca\\\/fr\\\/#organization\",\"name\":\"NatPat Lt\u00e9e\",\"url\":\"https:\\\/\\\/911equipment.ca\\\/fr\\\/\",\"logo\":{\"@type\":\"ImageObject\",\"inLanguage\":\"fr-CA\",\"@id\":\"https:\\\/\\\/911equipment.ca\\\/fr\\\/#\\\/schema\\\/logo\\\/image\\\/\",\"url\":\"https:\\\/\\\/i2.wp.com\\\/911equipment.ca\\\/wp-content\\\/uploads\\\/2020\\\/05\\\/NatPat-Logo-Oct-2010.jpg?fit=560%2C560&ssl=1\",\"contentUrl\":\"https:\\\/\\\/i2.wp.com\\\/911equipment.ca\\\/wp-content\\\/uploads\\\/2020\\\/05\\\/NatPat-Logo-Oct-2010.jpg?fit=560%2C560&ssl=1\",\"width\":560,\"height\":560,\"caption\":\"NatPat Lt\u00e9e\"},\"image\":{\"@id\":\"https:\\\/\\\/911equipment.ca\\\/fr\\\/#\\\/schema\\\/logo\\\/image\\\/\"}}]}<\/script>\n<!-- \/ Yoast SEO plugin. -->","yoast_head_json":{"title":"A propos de nous - NatPat Ltd - Canadian Police Supplies","robots":{"index":"index","follow":"follow","max-snippet":"max-snippet:-1","max-image-preview":"max-image-preview:large","max-video-preview":"max-video-preview:-1"},"canonical":"https:\/\/911equipment.ca\/fr\/a-propos-de-nous\/","og_locale":"fr_CA","og_type":"article","og_title":"A propos de nous - NatPat Ltd - Canadian Police Supplies","og_description":"Bienvenue chez NatPat Lt\u00e9e, votre source pour produits et \u00e9quipement pour les services policiers, d&rsquo;application de la loi et de s\u00e9curit\u00e9. Nous nous engageons \u00e0 vous offrir les meilleur produits, avec un accent sur le service rapide, rapport qualit\u00e9-prix et l&rsquo;excellence du service aux clients. Nous sommes une petite entreprise en ligne situ\u00e9e dans la [...]","og_url":"https:\/\/911equipment.ca\/fr\/a-propos-de-nous\/","og_site_name":"NatPat Ltd - Canadian Police Supplies","article_modified_time":"2020-06-10T18:57:15+00:00","twitter_card":"summary_large_image","twitter_misc":{"Estimation du temps de lecture":"1 minute"},"schema":{"@context":"https:\/\/schema.org","@graph":[{"@type":"WebPage","@id":"https:\/\/911equipment.ca\/fr\/a-propos-de-nous\/","url":"https:\/\/911equipment.ca\/fr\/a-propos-de-nous\/","name":"A propos de nous - NatPat Ltd - Canadian Police Supplies","isPartOf":{"@id":"https:\/\/911equipment.ca\/fr\/#website"},"datePublished":"2020-06-10T18:56:42+00:00","dateModified":"2020-06-10T18:57:15+00:00","breadcrumb":{"@id":"https:\/\/911equipment.ca\/fr\/a-propos-de-nous\/#breadcrumb"},"inLanguage":"fr-CA","potentialAction":[{"@type":"ReadAction","target":["https:\/\/911equipment.ca\/fr\/a-propos-de-nous\/"]}]},{"@type":"BreadcrumbList","@id":"https:\/\/911equipment.ca\/fr\/a-propos-de-nous\/#breadcrumb","itemListElement":[{"@type":"ListItem","position":1,"name":"Home","item":"https:\/\/911equipment.ca\/fr\/"},{"@type":"ListItem","position":2,"name":"A propos de nous"}]},{"@type":"WebSite","@id":"https:\/\/911equipment.ca\/fr\/#website","url":"https:\/\/911equipment.ca\/fr\/","name":"Canadian Police Supplies","description":"Online retail of police, law enforcement and security supplies, gears and equipment.","publisher":{"@id":"https:\/\/911equipment.ca\/fr\/#organization"},"potentialAction":[{"@type":"SearchAction","target":{"@type":"EntryPoint","urlTemplate":"https:\/\/911equipment.ca\/fr\/?s={search_term_string}"},"query-input":{"@type":"PropertyValueSpecification","valueRequired":true,"valueName":"search_term_string"}}],"inLanguage":"fr-CA"},{"@type":"Organization","@id":"https:\/\/911equipment.ca\/fr\/#organization","name":"NatPat Lt\u00e9e","url":"https:\/\/911equipment.ca\/fr\/","logo":{"@type":"ImageObject","inLanguage":"fr-CA","@id":"https:\/\/911equipment.ca\/fr\/#\/schema\/logo\/image\/","url":"https:\/\/i2.wp.com\/911equipment.ca\/wp-content\/uploads\/2020\/05\/NatPat-Logo-Oct-2010.jpg?fit=560%2C560&ssl=1","contentUrl":"https:\/\/i2.wp.com\/911equipment.ca\/wp-content\/uploads\/2020\/05\/NatPat-Logo-Oct-2010.jpg?fit=560%2C560&ssl=1","width":560,"height":560,"caption":"NatPat Lt\u00e9e"},"image":{"@id":"https:\/\/911equipment.ca\/fr\/#\/schema\/logo\/image\/"}}]}},"jetpack_sharing_enabled":true,"_links":{"self":[{"href":"https:\/\/911equipment.ca\/fr\/wp-json\/wp\/v2\/pages\/1785","targetHints":{"allow":["GET"]}}],"collection":[{"href":"https:\/\/911equipment.ca\/fr\/wp-json\/wp\/v2\/pages"}],"about":[{"href":"https:\/\/911equipment.ca\/fr\/wp-json\/wp\/v2\/types\/page"}],"author":[{"embeddable":true,"href":"https:\/\/911equipment.ca\/fr\/wp-json\/wp\/v2\/users\/1"}],"replies":[{"embeddable":true,"href":"https:\/\/911equipment.ca\/fr\/wp-json\/wp\/v2\/comments?post=1785"}],"version-history":[{"count":3,"href":"https:\/\/911equipment.ca\/fr\/wp-json\/wp\/v2\/pages\/1785\/revisions"}],"predecessor-version":[{"id":1788,"href":"https:\/\/911equipment.ca\/fr\/wp-json\/wp\/v2\/pages\/1785\/revisions\/1788"}],"wp:attachment":[{"href":"https:\/\/911equipment.ca\/fr\/wp-json\/wp\/v2\/media?parent=1785"}],"curies":[{"name":"wp","href":"https:\/\/api.w.org\/{rel}","templated":true}]}}